{"id":106,"date":"2020-10-26T09:38:28","date_gmt":"2020-10-26T09:38:28","guid":{"rendered":"https:\/\/matis.mareframe.eu\/?page_id=106"},"modified":"2022-10-11T15:20:00","modified_gmt":"2022-10-11T15:20:00","slug":"center-for-food-innovation","status":"publish","type":"page","link":"https:\/\/matis.is\/en\/center-for-food-innovation\/","title":{"rendered":"Food workshop"},"content":{"rendered":"<h4 class=\"wp-block-heading\">It is called a food factory when a facility for various food processing has been prepared and which has received a permit from the competent authorities for the operation. The facilities can vary from one workshop to another, but what they all have in common is that there is a wide range of food processing equipment and tools and other facilities that the processing requires.<\/h4>\n\n\n\n<h4 class=\"wp-block-heading\">Activities in food processing Mat\u00eds, V\u00ednlandslei\u00f0 12<\/h4>\n\n\n\n<p>The food processing areas are divided into a reception room, processing room, equipment room, drying room, heating room, packaging room and experimental kitchen, as well as the storage, refrigerators and freezers that belong to these rooms. When working in these spaces, appropriate work clothes must be worn and the handling and hygiene procedures required by conditions must be followed. Disposable fasteners, shoe covers and hair nets are stored in a coat hanger by the toilet at the entrance to the processing space.<\/p>\n\n\n\n<p><strong>Further information<\/strong>: <\/p>\n\n\n\n<p>More information about the Matarsmi\u00f0in can be found in the following <a href=\"https:\/\/www.youtube.com\/watch?v=pplnsUOYKFc\" target=\"_blank\" rel=\"noreferrer noopener\">video<\/a>. <\/p>\n\n\n\n<figure class=\"wp-block-embed is-type-video is-provider-youtube wp-block-embed-youtube wp-embed-aspect-16-9 wp-has-aspect-ratio\"><div class=\"wp-block-embed__wrapper\">\n<iframe loading=\"lazy\" title=\"Mat\u00eds - a leading party in service to business and industry (Industrial Leadership)\" width=\"500\" height=\"281\" src=\"https:\/\/www.youtube.com\/embed\/pplnsUOYKFc?feature=oembed\" frameborder=\"0\" allow=\"accelerometer; autoplay; clipboard-write; encrypted-media; gyroscope; picture-in-picture; web-share\" referrerpolicy=\"strict-origin-when-cross-origin\" allowfullscreen><\/iframe>\n<\/div><\/figure>\n\n\n\n<p>Those interested are also advised of the meeting <a href=\"https:\/\/www.youtube.com\/watch?v=GVfY9kn8oy0&amp;t=48s\" target=\"_blank\" rel=\"noreferrer noopener\">Startups and product development. How can Mat\u00eds help? <\/a><\/p>","protected":false},"excerpt":{"rendered":"<p>Matarsmi\u00f0ja er \u00fea\u00f0 kalla\u00f0 \u00feegar \u00fatb\u00fain hefur veri\u00f0 a\u00f0sta\u00f0a til fj\u00f6lbreyttrar matv\u00e6lavinnslu og sem hefur fengi\u00f0 leyfi \u00fear tilb\u00e6rra yfirvalda [&hellip;]<\/p>\n","protected":false},"author":1,"featured_media":47837,"parent":0,"menu_order":0,"comment_status":"closed","ping_status":"closed","template":"templates\/template-cover.php","meta":{"_acf_changed":false,"_uag_custom_page_level_css":"","site-sidebar-layout":"default","site-content-layout":"","ast-site-content-layout":"default","site-content-style":"default","site-sidebar-style":"default","ast-global-header-display":"","ast-banner-title-visibility":"","ast-main-header-display":"","ast-hfb-above-header-display":"","ast-hfb-below-header-display":"","ast-hfb-mobile-header-display":"","site-post-title":"","ast-breadcrumbs-content":"","ast-featured-img":"","footer-sml-layout":"","ast-disable-related-posts":"","theme-transparent-header-meta":"","adv-header-id-meta":"","stick-header-meta":"","header-above-stick-meta":"","header-main-stick-meta":"","header-below-stick-meta":"","astra-migrate-meta-layouts":"default","ast-page-background-enabled":"default","ast-page-background-meta":{"desktop":{"background-color":"var(--ast-global-color-5)","background-image":"","background-repeat":"repeat","background-position":"center center","background-size":"auto","background-attachment":"scroll","background-type":"","background-media":"","overlay-type":"","overlay-color":"","overlay-opacity":"","overlay-gradient":""},"tablet":{"background-color":"","background-image":"","background-repeat":"repeat","background-position":"center center","background-size":"auto","background-attachment":"scroll","background-type":"","background-media":"","overlay-type":"","overlay-color":"","overlay-opacity":"","overlay-gradient":""},"mobile":{"background-color":"","background-image":"","background-repeat":"repeat","background-position":"center center","background-size":"auto","background-attachment":"scroll","background-type":"","background-media":"","overlay-type":"","overlay-color":"","overlay-opacity":"","overlay-gradient":""}},"ast-content-background-meta":{"desktop":{"background-color":"var(--ast-global-color-4)","background-image":"","background-repeat":"repeat","background-position":"center center","background-size":"auto","background-attachment":"scroll","background-type":"","background-media":"","overlay-type":"","overlay-color":"","overlay-opacity":"","overlay-gradient":""},"tablet":{"background-color":"var(--ast-global-color-4)","background-image":"","background-repeat":"repeat","background-position":"center center","background-size":"auto","background-attachment":"scroll","background-type":"","background-media":"","overlay-type":"","overlay-color":"","overlay-opacity":"","overlay-gradient":""},"mobile":{"background-color":"var(--ast-global-color-4)","background-image":"","background-repeat":"repeat","background-position":"center center","background-size":"auto","background-attachment":"scroll","background-type":"","background-media":"","overlay-type":"","overlay-color":"","overlay-opacity":"","overlay-gradient":""}},"footnotes":""},"class_list":["post-106","page","type-page","status-publish","has-post-thumbnail","hentry"],"acf":[],"yoast_head":"<!-- This site is optimized with the Yoast SEO plugin v27.4 - https:\/\/yoast.com\/product\/yoast-seo-wordpress\/ -->\n<title>Matarsmi\u00f0ja - Mat\u00eds<\/title>\n<meta name=\"robots\" content=\"index, follow, max-snippet:-1, max-image-preview:large, max-video-preview:-1\" \/>\n<link rel=\"canonical\" href=\"https:\/\/matis.is\/en\/center-for-food-innovation\/\" \/>\n<meta property=\"og:locale\" content=\"en_GB\" \/>\n<meta property=\"og:type\" content=\"article\" \/>\n<meta property=\"og:title\" content=\"Matarsmi\u00f0ja - Mat\u00eds\" \/>\n<meta property=\"og:description\" content=\"Matarsmi\u00f0ja er \u00fea\u00f0 kalla\u00f0 \u00feegar \u00fatb\u00fain hefur veri\u00f0 a\u00f0sta\u00f0a til fj\u00f6lbreyttrar matv\u00e6lavinnslu og sem hefur fengi\u00f0 leyfi \u00fear tilb\u00e6rra yfirvalda [&hellip;]\" \/>\n<meta property=\"og:url\" content=\"https:\/\/matis.is\/en\/center-for-food-innovation\/\" \/>\n<meta property=\"og:site_name\" content=\"Mat\u00eds\" \/>\n<meta property=\"article:publisher\" content=\"https:\/\/www.facebook.com\/matisiceland\" \/>\n<meta property=\"article:modified_time\" content=\"2022-10-11T15:20:00+00:00\" \/>\n<meta property=\"og:image\" content=\"https:\/\/matis.is\/wp-content\/uploads\/foodday2.jpg\" \/>\n\t<meta property=\"og:image:width\" content=\"1362\" \/>\n\t<meta property=\"og:image:height\" content=\"733\" \/>\n\t<meta property=\"og:image:type\" content=\"image\/jpeg\" \/>\n<meta name=\"twitter:card\" content=\"summary_large_image\" \/>\n<meta name=\"twitter:site\" content=\"@matisiceland\" \/>\n<meta name=\"twitter:label1\" content=\"Estimated reading time\" \/>\n\t<meta name=\"twitter:data1\" content=\"1 minute\" \/>\n<script type=\"application\/ld+json\" class=\"yoast-schema-graph\">{\"@context\":\"https:\\\/\\\/schema.org\",\"@graph\":[{\"@type\":\"WebPage\",\"@id\":\"https:\\\/\\\/matis.is\\\/center-for-food-innovation\\\/\",\"url\":\"https:\\\/\\\/matis.is\\\/center-for-food-innovation\\\/\",\"name\":\"Matarsmi\u00f0ja - Mat\u00eds\",\"isPartOf\":{\"@id\":\"https:\\\/\\\/matis.is\\\/#website\"},\"primaryImageOfPage\":{\"@id\":\"https:\\\/\\\/matis.is\\\/center-for-food-innovation\\\/#primaryimage\"},\"image\":{\"@id\":\"https:\\\/\\\/matis.is\\\/center-for-food-innovation\\\/#primaryimage\"},\"thumbnailUrl\":\"https:\\\/\\\/matis.is\\\/wp-content\\\/uploads\\\/foodday2.jpg\",\"datePublished\":\"2020-10-26T09:38:28+00:00\",\"dateModified\":\"2022-10-11T15:20:00+00:00\",\"breadcrumb\":{\"@id\":\"https:\\\/\\\/matis.is\\\/center-for-food-innovation\\\/#breadcrumb\"},\"inLanguage\":\"en-GB\",\"potentialAction\":[{\"@type\":\"ReadAction\",\"target\":[\"https:\\\/\\\/matis.is\\\/center-for-food-innovation\\\/\"]}]},{\"@type\":\"ImageObject\",\"inLanguage\":\"en-GB\",\"@id\":\"https:\\\/\\\/matis.is\\\/center-for-food-innovation\\\/#primaryimage\",\"url\":\"https:\\\/\\\/matis.is\\\/wp-content\\\/uploads\\\/foodday2.jpg\",\"contentUrl\":\"https:\\\/\\\/matis.is\\\/wp-content\\\/uploads\\\/foodday2.jpg\",\"width\":1362,\"height\":733},{\"@type\":\"BreadcrumbList\",\"@id\":\"https:\\\/\\\/matis.is\\\/center-for-food-innovation\\\/#breadcrumb\",\"itemListElement\":[{\"@type\":\"ListItem\",\"position\":1,\"name\":\"Home\",\"item\":\"https:\\\/\\\/matis.is\\\/\"},{\"@type\":\"ListItem\",\"position\":2,\"name\":\"Matarsmi\u00f0ja\"}]},{\"@type\":\"WebSite\",\"@id\":\"https:\\\/\\\/matis.is\\\/#website\",\"url\":\"https:\\\/\\\/matis.is\\\/\",\"name\":\"Mat\u00eds\",\"description\":\"Ver\u00f0m\u00e6task\u00f6pun, matv\u00e6la\u00f6ryggi og l\u00fd\u00f0heilsa\",\"publisher\":{\"@id\":\"https:\\\/\\\/matis.is\\\/#organization\"},\"potentialAction\":[{\"@type\":\"SearchAction\",\"target\":{\"@type\":\"EntryPoint\",\"urlTemplate\":\"https:\\\/\\\/matis.is\\\/?s={search_term_string}\"},\"query-input\":{\"@type\":\"PropertyValueSpecification\",\"valueRequired\":true,\"valueName\":\"search_term_string\"}}],\"inLanguage\":\"en-GB\"},{\"@type\":\"Organization\",\"@id\":\"https:\\\/\\\/matis.is\\\/#organization\",\"name\":\"Mat\u00eds ohf.\",\"url\":\"https:\\\/\\\/matis.is\\\/\",\"logo\":{\"@type\":\"ImageObject\",\"inLanguage\":\"en-GB\",\"@id\":\"https:\\\/\\\/matis.is\\\/#\\\/schema\\\/logo\\\/image\\\/\",\"url\":\"https:\\\/\\\/matis.is\\\/wp-content\\\/uploads\\\/2021\\\/02\\\/matis_logo_blatthvitt.png\",\"contentUrl\":\"https:\\\/\\\/matis.is\\\/wp-content\\\/uploads\\\/2021\\\/02\\\/matis_logo_blatthvitt.png\",\"width\":1507,\"height\":1507,\"caption\":\"Mat\u00eds ohf.\"},\"image\":{\"@id\":\"https:\\\/\\\/matis.is\\\/#\\\/schema\\\/logo\\\/image\\\/\"},\"sameAs\":[\"https:\\\/\\\/www.facebook.com\\\/matisiceland\",\"https:\\\/\\\/x.com\\\/matisiceland\",\"https:\\\/\\\/www.instagram.com\\\/matisiceland\\\/\",\"https:\\\/\\\/www.linkedin.com\\\/matisiceland\\\/\",\"https:\\\/\\\/www.youtube.com\\\/channel\\\/UCY-frt3uTqgVZW-DLjoo5bA\"]}]}<\/script>\n<!-- \/ Yoast SEO plugin. -->","yoast_head_json":{"title":"Food workshop - Mat\u00eds","robots":{"index":"index","follow":"follow","max-snippet":"max-snippet:-1","max-image-preview":"max-image-preview:large","max-video-preview":"max-video-preview:-1"},"canonical":"https:\/\/matis.is\/en\/center-for-food-innovation\/","og_locale":"en_GB","og_type":"article","og_title":"Matarsmi\u00f0ja - Mat\u00eds","og_description":"Matarsmi\u00f0ja er \u00fea\u00f0 kalla\u00f0 \u00feegar \u00fatb\u00fain hefur veri\u00f0 a\u00f0sta\u00f0a til fj\u00f6lbreyttrar matv\u00e6lavinnslu og sem hefur fengi\u00f0 leyfi \u00fear tilb\u00e6rra yfirvalda [&hellip;]","og_url":"https:\/\/matis.is\/en\/center-for-food-innovation\/","og_site_name":"Mat\u00eds","article_publisher":"https:\/\/www.facebook.com\/matisiceland","article_modified_time":"2022-10-11T15:20:00+00:00","og_image":[{"width":1362,"height":733,"url":"https:\/\/matis.is\/wp-content\/uploads\/foodday2.jpg","type":"image\/jpeg"}],"twitter_card":"summary_large_image","twitter_site":"@matisiceland","twitter_misc":{"Estimated reading time":"1 minute"},"schema":{"@context":"https:\/\/schema.org","@graph":[{"@type":"WebPage","@id":"https:\/\/matis.is\/center-for-food-innovation\/","url":"https:\/\/matis.is\/center-for-food-innovation\/","name":"Food workshop - Mat\u00eds","isPartOf":{"@id":"https:\/\/matis.is\/#website"},"primaryImageOfPage":{"@id":"https:\/\/matis.is\/center-for-food-innovation\/#primaryimage"},"image":{"@id":"https:\/\/matis.is\/center-for-food-innovation\/#primaryimage"},"thumbnailUrl":"https:\/\/matis.is\/wp-content\/uploads\/foodday2.jpg","datePublished":"2020-10-26T09:38:28+00:00","dateModified":"2022-10-11T15:20:00+00:00","breadcrumb":{"@id":"https:\/\/matis.is\/center-for-food-innovation\/#breadcrumb"},"inLanguage":"en-GB","potentialAction":[{"@type":"ReadAction","target":["https:\/\/matis.is\/center-for-food-innovation\/"]}]},{"@type":"ImageObject","inLanguage":"en-GB","@id":"https:\/\/matis.is\/center-for-food-innovation\/#primaryimage","url":"https:\/\/matis.is\/wp-content\/uploads\/foodday2.jpg","contentUrl":"https:\/\/matis.is\/wp-content\/uploads\/foodday2.jpg","width":1362,"height":733},{"@type":"BreadcrumbList","@id":"https:\/\/matis.is\/center-for-food-innovation\/#breadcrumb","itemListElement":[{"@type":"ListItem","position":1,"name":"Home","item":"https:\/\/matis.is\/"},{"@type":"ListItem","position":2,"name":"Matarsmi\u00f0ja"}]},{"@type":"WebSite","@id":"https:\/\/matis.is\/#website","url":"https:\/\/matis.is\/","name":"Mat\u00eds","description":"Value creation, food security and public health","publisher":{"@id":"https:\/\/matis.is\/#organization"},"potentialAction":[{"@type":"SearchAction","target":{"@type":"EntryPoint","urlTemplate":"https:\/\/matis.is\/?s={search_term_string}"},"query-input":{"@type":"PropertyValueSpecification","valueRequired":true,"valueName":"search_term_string"}}],"inLanguage":"en-GB"},{"@type":"Organization","@id":"https:\/\/matis.is\/#organization","name":"Mat\u00eds ohf.","url":"https:\/\/matis.is\/","logo":{"@type":"ImageObject","inLanguage":"en-GB","@id":"https:\/\/matis.is\/#\/schema\/logo\/image\/","url":"https:\/\/matis.is\/wp-content\/uploads\/2021\/02\/matis_logo_blatthvitt.png","contentUrl":"https:\/\/matis.is\/wp-content\/uploads\/2021\/02\/matis_logo_blatthvitt.png","width":1507,"height":1507,"caption":"Mat\u00eds ohf."},"image":{"@id":"https:\/\/matis.is\/#\/schema\/logo\/image\/"},"sameAs":["https:\/\/www.facebook.com\/matisiceland","https:\/\/x.com\/matisiceland","https:\/\/www.instagram.com\/matisiceland\/","https:\/\/www.linkedin.com\/matisiceland\/","https:\/\/www.youtube.com\/channel\/UCY-frt3uTqgVZW-DLjoo5bA"]}]}},"spectra_custom_meta":{"_customize_changeset_uuid":["f5086d92-e840-4a82-9c71-253f2dcbdbeb"],"_edit_lock":["1665752720:7"],"_edit_last":["1"],"tengilidur":["28266"],"_tengilidur":["field_5ef905e0538b2"],"valmynd_a_undirsidu":["0"],"_valmynd_a_undirsidu":["field_5f9970348837c"],"undirvalmynd_a_parentsidu":["1"],"_undirvalmynd_a_parentsidu":["field_5f9addfe68a79"],"_thumbnail_id":["47837"],"_wp_page_template":["templates\/template-cover.php"],"_yoast_wpseo_content_score":["60"],"_yoast_wpseo_estimated-reading-time-minutes":["1"],"_yoast_wpseo_wordproof_timestamp":[""],"_oembed_83ea7251e9ffd68966a3cc18f067a173":["<iframe title=\"Mat\u00eds - lei\u00f0andi a\u00f0ili \u00ed \u00fej\u00f3nustu vi\u00f0 atvinnul\u00edfi\u00f0 og i\u00f0na\u00f0inn (Industrial Leadership)\" width=\"580\" height=\"326\" src=\"https:\/\/www.youtube.com\/embed\/pplnsUOYKFc?feature=oembed\" frameborder=\"0\" allow=\"accelerometer; autoplay; clipboard-write; encrypted-media; gyroscope; picture-in-picture\" allowfullscreen><\/iframe>"],"_oembed_time_83ea7251e9ffd68966a3cc18f067a173":["1665501599"],"_oembed_31a00aef1bd9ce3c5f23386d8ec8b828":["<iframe title=\"Mat\u00eds - lei\u00f0andi a\u00f0ili \u00ed \u00fej\u00f3nustu vi\u00f0 atvinnul\u00edfi\u00f0 og i\u00f0na\u00f0inn (Industrial Leadership)\" width=\"580\" height=\"326\" src=\"https:\/\/www.youtube.com\/embed\/pplnsUOYKFc?feature=oembed\" frameborder=\"0\" allow=\"accelerometer; autoplay; clipboard-write; encrypted-media; gyroscope; picture-in-picture; web-share\" referrerpolicy=\"strict-origin-when-cross-origin\" allowfullscreen><\/iframe>"],"_oembed_time_31a00aef1bd9ce3c5f23386d8ec8b828":["1714360379"],"_oembed_af7cfe022a1209b84da2d961312525fe":["<iframe title=\"Mat\u00eds - lei\u00f0andi a\u00f0ili \u00ed \u00fej\u00f3nustu vi\u00f0 atvinnul\u00edfi\u00f0 og i\u00f0na\u00f0inn (Industrial Leadership)\" width=\"500\" height=\"281\" src=\"https:\/\/www.youtube.com\/embed\/pplnsUOYKFc?feature=oembed\" frameborder=\"0\" allow=\"accelerometer; autoplay; clipboard-write; encrypted-media; gyroscope; picture-in-picture; web-share\" referrerpolicy=\"strict-origin-when-cross-origin\" allowfullscreen><\/iframe>"],"_oembed_time_af7cfe022a1209b84da2d961312525fe":["1741620325"],"_oembed_2ed092b3e45eea43fa5da73211c05364":["<iframe title=\"Mat\u00eds - lei\u00f0andi a\u00f0ili \u00ed \u00fej\u00f3nustu vi\u00f0 atvinnul\u00edfi\u00f0 og i\u00f0na\u00f0inn (Industrial Leadership)\" width=\"1200\" height=\"675\" src=\"https:\/\/www.youtube.com\/embed\/pplnsUOYKFc?feature=oembed\" frameborder=\"0\" allow=\"accelerometer; autoplay; clipboard-write; encrypted-media; gyroscope; picture-in-picture; web-share\" referrerpolicy=\"strict-origin-when-cross-origin\" allowfullscreen><\/iframe>"],"_oembed_time_2ed092b3e45eea43fa5da73211c05364":["1770064200"],"_uag_css_file_name":["uag-css-106.css"],"_uag_page_assets":["a:9:{s:3:\"css\";s:263:\".uag-blocks-common-selector{z-index:var(--z-index-desktop) !important}@media (max-width: 976px){.uag-blocks-common-selector{z-index:var(--z-index-tablet) !important}}@media (max-width: 767px){.uag-blocks-common-selector{z-index:var(--z-index-mobile) !important}}\n\";s:2:\"js\";s:0:\"\";s:18:\"current_block_list\";a:7:{i:0;s:12:\"core\/heading\";i:1;s:14:\"core\/paragraph\";i:2;s:10:\"core\/embed\";i:3;s:12:\"core\/buttons\";i:4;s:11:\"core\/button\";i:5;s:12:\"core\/columns\";i:6;s:11:\"core\/column\";}s:8:\"uag_flag\";b:0;s:11:\"uag_version\";s:10:\"1777040860\";s:6:\"gfonts\";a:0:{}s:10:\"gfonts_url\";s:0:\"\";s:12:\"gfonts_files\";a:0:{}s:14:\"uag_faq_layout\";b:0;}"]},"uagb_featured_image_src":{"full":["https:\/\/matis.is\/wp-content\/uploads\/foodday2.jpg",1362,733,false],"thumbnail":["https:\/\/matis.is\/wp-content\/uploads\/foodday2-150x150.jpg",150,150,true],"medium":["https:\/\/matis.is\/wp-content\/uploads\/foodday2-300x161.jpg",300,161,true],"medium_large":["https:\/\/matis.is\/wp-content\/uploads\/foodday2-768x413.jpg",768,413,true],"large":["https:\/\/matis.is\/wp-content\/uploads\/foodday2-1024x551.jpg",1024,551,true],"1536x1536":["https:\/\/matis.is\/wp-content\/uploads\/foodday2.jpg",1362,733,false],"2048x2048":["https:\/\/matis.is\/wp-content\/uploads\/foodday2.jpg",1362,733,false],"trp-custom-language-flag":["https:\/\/matis.is\/wp-content\/uploads\/foodday2-18x10.jpg",18,10,true]},"uagb_author_info":{"display_name":"admin","author_link":"https:\/\/matis.is\/en\/author\/thormodurmatis-is\/"},"uagb_comment_info":0,"uagb_excerpt":"Matarsmi\u00f0ja er \u00fea\u00f0 kalla\u00f0 \u00feegar \u00fatb\u00fain hefur veri\u00f0 a\u00f0sta\u00f0a til fj\u00f6lbreyttrar matv\u00e6lavinnslu og sem hefur fengi\u00f0 leyfi \u00fear tilb\u00e6rra yfirvalda [&hellip;]","_links":{"self":[{"href":"https:\/\/matis.is\/en\/wp-json\/wp\/v2\/pages\/106","targetHints":{"allow":["GET"]}}],"collection":[{"href":"https:\/\/matis.is\/en\/wp-json\/wp\/v2\/pages"}],"about":[{"href":"https:\/\/matis.is\/en\/wp-json\/wp\/v2\/types\/page"}],"author":[{"embeddable":true,"href":"https:\/\/matis.is\/en\/wp-json\/wp\/v2\/users\/1"}],"replies":[{"embeddable":true,"href":"https:\/\/matis.is\/en\/wp-json\/wp\/v2\/comments?post=106"}],"version-history":[{"count":8,"href":"https:\/\/matis.is\/en\/wp-json\/wp\/v2\/pages\/106\/revisions"}],"predecessor-version":[{"id":47969,"href":"https:\/\/matis.is\/en\/wp-json\/wp\/v2\/pages\/106\/revisions\/47969"}],"wp:featuredmedia":[{"embeddable":true,"href":"https:\/\/matis.is\/en\/wp-json\/wp\/v2\/media\/47837"}],"wp:attachment":[{"href":"https:\/\/matis.is\/en\/wp-json\/wp\/v2\/media?parent=106"}],"curies":[{"name":"wp","href":"https:\/\/api.w.org\/{rel}","templated":true}]}}