{"id":107,"date":"2020-10-26T09:38:28","date_gmt":"2020-10-26T09:38:28","guid":{"rendered":"https:\/\/matis.mareframe.eu\/?page_id=107"},"modified":"2022-10-11T10:42:33","modified_gmt":"2022-10-11T10:42:33","slug":"experimental-kitchen","status":"publish","type":"page","link":"https:\/\/matis.is\/en\/center-for-food-innovation\/experimental-kitchen\/","title":{"rendered":"Experimental kitchen | Success stories"},"content":{"rendered":"<p>Here you can find a list of some people who have used the food workshop at Mat\u00eds:<\/p>\n\n\n\n<ul class=\"wp-block-list\"><li><a href=\"https:\/\/matis.is\/en\/frettir\/matarsmidjan-11\/\" target=\"_blank\" rel=\"noreferrer noopener\">Eva R\u00fan Jensd\u00f3ttir at Cooking Harmony<\/a><\/li><li><a href=\"https:\/\/matis.is\/en\/frettir\/matarsmidjan-10\/\" target=\"_blank\" rel=\"noreferrer noopener\">Hr\u00f6nn Margr\u00e9t Magn\u00fasd\u00f3ttir and Krist\u00edn \u00ddr P\u00e9tursd\u00f3ttir at Feel Iceland<\/a><\/li><li><a href=\"https:\/\/matis.is\/en\/frettir\/matarsmidjan-9\/\" target=\"_blank\" rel=\"noreferrer noopener\">\u00c1sthildur Bj\u00f6rgvinsd\u00f3ttir at \u00c1str\u00edk Gourmet Popcorn<\/a><\/li><li><a href=\"https:\/\/matis.is\/en\/frettir\/matarsmidjan-2\/\" target=\"_blank\" rel=\"noreferrer noopener\">Gu\u00f0mundur P\u00e1ll L\u00edndal and J\u00f3hann M\u00e1r Helgason at Lava Cheese<\/a><\/li><li><a href=\"https:\/\/matis.is\/en\/frettir\/matarsmidjan\/\" target=\"_blank\" rel=\"noreferrer noopener\">Berglind Hasler and Svavar P\u00e9tur Eysteinsson with production at Bulsum<\/a><\/li><li><a href=\"https:\/\/matis.is\/en\/frettir\/matarsmidjan-3\/\" target=\"_blank\" rel=\"noreferrer noopener\">Eggert Sm\u00e1ri Sigur\u00f0sson with Sm\u00e1ri&#039;s Volcano Sauce<\/a><\/li><li><a href=\"https:\/\/matis.is\/en\/frettir\/matarsmidjan-4\/\" target=\"_blank\" rel=\"noreferrer noopener\">Dan\u00edel J\u00f3n J\u00f3nsson and Fannar Alexander Arason at Klakavarlausnni<\/a><\/li><li><a href=\"https:\/\/matis.is\/en\/frettir\/matarsmidjan-5\/\" target=\"_blank\" rel=\"noreferrer noopener\">Ragna Bj\u00f6rk Gu\u00f0brandsd\u00f3ttir and Manuel Plasenica Gutierrez at Kombucha Iceland<\/a><\/li><li><a href=\"https:\/\/matis.is\/en\/frettir\/matarsmidjan-6\/\" target=\"_blank\" rel=\"noreferrer noopener\">Svava at S\u00e6lkersinnepi Svava or SVAVA The Icelandic mustard lady<\/a><\/li><\/ul>","protected":false},"excerpt":{"rendered":"<p>H\u00e9r m\u00e1 finna lista yfir nokkra a\u00f0ila sem hafa n\u00fdtt s\u00e9r matarsmi\u00f0juna hj\u00e1 Mat\u00eds: Eva R\u00fan Jensd\u00f3ttir hj\u00e1 Cooking Harmony [&hellip;]<\/p>\n","protected":false},"author":1,"featured_media":28694,"parent":106,"menu_order":0,"comment_status":"closed","ping_status":"closed","template":"templates\/template-cover.php","meta":{"_acf_changed":false,"_uag_custom_page_level_css":"","site-sidebar-layout":"default","site-content-layout":"","ast-site-content-layout":"default","site-content-style":"default","site-sidebar-style":"default","ast-global-header-display":"","ast-banner-title-visibility":"","ast-main-header-display":"","ast-hfb-above-header-display":"","ast-hfb-below-header-display":"","ast-hfb-mobile-header-display":"","site-post-title":"","ast-breadcrumbs-content":"","ast-featured-img":"","footer-sml-layout":"","ast-disable-related-posts":"","theme-transparent-header-meta":"","adv-header-id-meta":"","stick-header-meta":"","header-above-stick-meta":"","header-main-stick-meta":"","header-below-stick-meta":"","astra-migrate-meta-layouts":"default","ast-page-background-enabled":"default","ast-page-background-meta":{"desktop":{"background-color":"var(--ast-global-color-5)","background-image":"","background-repeat":"repeat","background-position":"center center","background-size":"auto","background-attachment":"scroll","background-type":"","background-media":"","overlay-type":"","overlay-color":"","overlay-opacity":"","overlay-gradient":""},"tablet":{"background-color":"","background-image":"","background-repeat":"repeat","background-position":"center center","background-size":"auto","background-attachment":"scroll","background-type":"","background-media":"","overlay-type":"","overlay-color":"","overlay-opacity":"","overlay-gradient":""},"mobile":{"background-color":"","background-image":"","background-repeat":"repeat","background-position":"center center","background-size":"auto","background-attachment":"scroll","background-type":"","background-media":"","overlay-type":"","overlay-color":"","overlay-opacity":"","overlay-gradient":""}},"ast-content-background-meta":{"desktop":{"background-color":"var(--ast-global-color-4)","background-image":"","background-repeat":"repeat","background-position":"center center","background-size":"auto","background-attachment":"scroll","background-type":"","background-media":"","overlay-type":"","overlay-color":"","overlay-opacity":"","overlay-gradient":""},"tablet":{"background-color":"var(--ast-global-color-4)","background-image":"","background-repeat":"repeat","background-position":"center center","background-size":"auto","background-attachment":"scroll","background-type":"","background-media":"","overlay-type":"","overlay-color":"","overlay-opacity":"","overlay-gradient":""},"mobile":{"background-color":"var(--ast-global-color-4)","background-image":"","background-repeat":"repeat","background-position":"center center","background-size":"auto","background-attachment":"scroll","background-type":"","background-media":"","overlay-type":"","overlay-color":"","overlay-opacity":"","overlay-gradient":""}},"footnotes":""},"class_list":["post-107","page","type-page","status-publish","has-post-thumbnail","hentry"],"acf":[],"yoast_head":"<!-- This site is optimized with the Yoast SEO plugin v27.4 - https:\/\/yoast.com\/product\/yoast-seo-wordpress\/ -->\n<title>Tilraunaeldh\u00fas | \u00c1rangurss\u00f6gur - Mat\u00eds<\/title>\n<meta name=\"robots\" content=\"index, follow, max-snippet:-1, max-image-preview:large, max-video-preview:-1\" \/>\n<link rel=\"canonical\" href=\"https:\/\/matis.is\/en\/center-for-food-innovation\/experimental-kitchen\/\" \/>\n<meta property=\"og:locale\" content=\"en_GB\" \/>\n<meta property=\"og:type\" content=\"article\" \/>\n<meta property=\"og:title\" content=\"Tilraunaeldh\u00fas | \u00c1rangurss\u00f6gur - Mat\u00eds\" \/>\n<meta property=\"og:description\" content=\"H\u00e9r m\u00e1 finna lista yfir nokkra a\u00f0ila sem hafa n\u00fdtt s\u00e9r matarsmi\u00f0juna hj\u00e1 Mat\u00eds: Eva R\u00fan Jensd\u00f3ttir hj\u00e1 Cooking Harmony [&hellip;]\" \/>\n<meta property=\"og:url\" content=\"https:\/\/matis.is\/en\/center-for-food-innovation\/experimental-kitchen\/\" \/>\n<meta property=\"og:site_name\" content=\"Mat\u00eds\" \/>\n<meta property=\"article:publisher\" content=\"https:\/\/www.facebook.com\/matisiceland\" \/>\n<meta property=\"article:modified_time\" content=\"2022-10-11T10:42:33+00:00\" \/>\n<meta property=\"og:image\" content=\"https:\/\/matis.is\/wp-content\/uploads\/2020\/10\/foodday.jpg\" \/>\n\t<meta property=\"og:image:width\" content=\"1500\" \/>\n\t<meta property=\"og:image:height\" content=\"1001\" \/>\n\t<meta property=\"og:image:type\" content=\"image\/jpeg\" \/>\n<meta name=\"twitter:card\" content=\"summary_large_image\" \/>\n<meta name=\"twitter:site\" content=\"@matisiceland\" \/>\n<meta name=\"twitter:label1\" content=\"Estimated reading time\" \/>\n\t<meta name=\"twitter:data1\" content=\"1 minute\" \/>\n<script type=\"application\/ld+json\" class=\"yoast-schema-graph\">{\"@context\":\"https:\\\/\\\/schema.org\",\"@graph\":[{\"@type\":\"WebPage\",\"@id\":\"https:\\\/\\\/matis.is\\\/center-for-food-innovation\\\/experimental-kitchen\\\/\",\"url\":\"https:\\\/\\\/matis.is\\\/center-for-food-innovation\\\/experimental-kitchen\\\/\",\"name\":\"Tilraunaeldh\u00fas | \u00c1rangurss\u00f6gur - Mat\u00eds\",\"isPartOf\":{\"@id\":\"https:\\\/\\\/matis.is\\\/#website\"},\"primaryImageOfPage\":{\"@id\":\"https:\\\/\\\/matis.is\\\/center-for-food-innovation\\\/experimental-kitchen\\\/#primaryimage\"},\"image\":{\"@id\":\"https:\\\/\\\/matis.is\\\/center-for-food-innovation\\\/experimental-kitchen\\\/#primaryimage\"},\"thumbnailUrl\":\"https:\\\/\\\/matis.is\\\/wp-content\\\/uploads\\\/2020\\\/10\\\/foodday.jpg\",\"datePublished\":\"2020-10-26T09:38:28+00:00\",\"dateModified\":\"2022-10-11T10:42:33+00:00\",\"breadcrumb\":{\"@id\":\"https:\\\/\\\/matis.is\\\/center-for-food-innovation\\\/experimental-kitchen\\\/#breadcrumb\"},\"inLanguage\":\"en-GB\",\"potentialAction\":[{\"@type\":\"ReadAction\",\"target\":[\"https:\\\/\\\/matis.is\\\/center-for-food-innovation\\\/experimental-kitchen\\\/\"]}]},{\"@type\":\"ImageObject\",\"inLanguage\":\"en-GB\",\"@id\":\"https:\\\/\\\/matis.is\\\/center-for-food-innovation\\\/experimental-kitchen\\\/#primaryimage\",\"url\":\"https:\\\/\\\/matis.is\\\/wp-content\\\/uploads\\\/2020\\\/10\\\/foodday.jpg\",\"contentUrl\":\"https:\\\/\\\/matis.is\\\/wp-content\\\/uploads\\\/2020\\\/10\\\/foodday.jpg\",\"width\":1500,\"height\":1001},{\"@type\":\"BreadcrumbList\",\"@id\":\"https:\\\/\\\/matis.is\\\/center-for-food-innovation\\\/experimental-kitchen\\\/#breadcrumb\",\"itemListElement\":[{\"@type\":\"ListItem\",\"position\":1,\"name\":\"Home\",\"item\":\"https:\\\/\\\/matis.is\\\/\"},{\"@type\":\"ListItem\",\"position\":2,\"name\":\"Matarsmi\u00f0ja\",\"item\":\"https:\\\/\\\/matis.is\\\/center-for-food-innovation\\\/\"},{\"@type\":\"ListItem\",\"position\":3,\"name\":\"Tilraunaeldh\u00fas | \u00c1rangurss\u00f6gur\"}]},{\"@type\":\"WebSite\",\"@id\":\"https:\\\/\\\/matis.is\\\/#website\",\"url\":\"https:\\\/\\\/matis.is\\\/\",\"name\":\"Mat\u00eds\",\"description\":\"Ver\u00f0m\u00e6task\u00f6pun, matv\u00e6la\u00f6ryggi og l\u00fd\u00f0heilsa\",\"publisher\":{\"@id\":\"https:\\\/\\\/matis.is\\\/#organization\"},\"potentialAction\":[{\"@type\":\"SearchAction\",\"target\":{\"@type\":\"EntryPoint\",\"urlTemplate\":\"https:\\\/\\\/matis.is\\\/?s={search_term_string}\"},\"query-input\":{\"@type\":\"PropertyValueSpecification\",\"valueRequired\":true,\"valueName\":\"search_term_string\"}}],\"inLanguage\":\"en-GB\"},{\"@type\":\"Organization\",\"@id\":\"https:\\\/\\\/matis.is\\\/#organization\",\"name\":\"Mat\u00eds ohf.\",\"url\":\"https:\\\/\\\/matis.is\\\/\",\"logo\":{\"@type\":\"ImageObject\",\"inLanguage\":\"en-GB\",\"@id\":\"https:\\\/\\\/matis.is\\\/#\\\/schema\\\/logo\\\/image\\\/\",\"url\":\"https:\\\/\\\/matis.is\\\/wp-content\\\/uploads\\\/2021\\\/02\\\/matis_logo_blatthvitt.png\",\"contentUrl\":\"https:\\\/\\\/matis.is\\\/wp-content\\\/uploads\\\/2021\\\/02\\\/matis_logo_blatthvitt.png\",\"width\":1507,\"height\":1507,\"caption\":\"Mat\u00eds ohf.\"},\"image\":{\"@id\":\"https:\\\/\\\/matis.is\\\/#\\\/schema\\\/logo\\\/image\\\/\"},\"sameAs\":[\"https:\\\/\\\/www.facebook.com\\\/matisiceland\",\"https:\\\/\\\/x.com\\\/matisiceland\",\"https:\\\/\\\/www.instagram.com\\\/matisiceland\\\/\",\"https:\\\/\\\/www.linkedin.com\\\/matisiceland\\\/\",\"https:\\\/\\\/www.youtube.com\\\/channel\\\/UCY-frt3uTqgVZW-DLjoo5bA\"]}]}<\/script>\n<!-- \/ Yoast SEO plugin. -->","yoast_head_json":{"title":"Experimental kitchen | Success stories - Mat\u00eds","robots":{"index":"index","follow":"follow","max-snippet":"max-snippet:-1","max-image-preview":"max-image-preview:large","max-video-preview":"max-video-preview:-1"},"canonical":"https:\/\/matis.is\/en\/center-for-food-innovation\/experimental-kitchen\/","og_locale":"en_GB","og_type":"article","og_title":"Tilraunaeldh\u00fas | \u00c1rangurss\u00f6gur - Mat\u00eds","og_description":"H\u00e9r m\u00e1 finna lista yfir nokkra a\u00f0ila sem hafa n\u00fdtt s\u00e9r matarsmi\u00f0juna hj\u00e1 Mat\u00eds: Eva R\u00fan Jensd\u00f3ttir hj\u00e1 Cooking Harmony [&hellip;]","og_url":"https:\/\/matis.is\/en\/center-for-food-innovation\/experimental-kitchen\/","og_site_name":"Mat\u00eds","article_publisher":"https:\/\/www.facebook.com\/matisiceland","article_modified_time":"2022-10-11T10:42:33+00:00","og_image":[{"width":1500,"height":1001,"url":"https:\/\/matis.is\/wp-content\/uploads\/2020\/10\/foodday.jpg","type":"image\/jpeg"}],"twitter_card":"summary_large_image","twitter_site":"@matisiceland","twitter_misc":{"Estimated reading time":"1 minute"},"schema":{"@context":"https:\/\/schema.org","@graph":[{"@type":"WebPage","@id":"https:\/\/matis.is\/center-for-food-innovation\/experimental-kitchen\/","url":"https:\/\/matis.is\/center-for-food-innovation\/experimental-kitchen\/","name":"Experimental kitchen | Success stories - Mat\u00eds","isPartOf":{"@id":"https:\/\/matis.is\/#website"},"primaryImageOfPage":{"@id":"https:\/\/matis.is\/center-for-food-innovation\/experimental-kitchen\/#primaryimage"},"image":{"@id":"https:\/\/matis.is\/center-for-food-innovation\/experimental-kitchen\/#primaryimage"},"thumbnailUrl":"https:\/\/matis.is\/wp-content\/uploads\/2020\/10\/foodday.jpg","datePublished":"2020-10-26T09:38:28+00:00","dateModified":"2022-10-11T10:42:33+00:00","breadcrumb":{"@id":"https:\/\/matis.is\/center-for-food-innovation\/experimental-kitchen\/#breadcrumb"},"inLanguage":"en-GB","potentialAction":[{"@type":"ReadAction","target":["https:\/\/matis.is\/center-for-food-innovation\/experimental-kitchen\/"]}]},{"@type":"ImageObject","inLanguage":"en-GB","@id":"https:\/\/matis.is\/center-for-food-innovation\/experimental-kitchen\/#primaryimage","url":"https:\/\/matis.is\/wp-content\/uploads\/2020\/10\/foodday.jpg","contentUrl":"https:\/\/matis.is\/wp-content\/uploads\/2020\/10\/foodday.jpg","width":1500,"height":1001},{"@type":"BreadcrumbList","@id":"https:\/\/matis.is\/center-for-food-innovation\/experimental-kitchen\/#breadcrumb","itemListElement":[{"@type":"ListItem","position":1,"name":"Home","item":"https:\/\/matis.is\/"},{"@type":"ListItem","position":2,"name":"Matarsmi\u00f0ja","item":"https:\/\/matis.is\/center-for-food-innovation\/"},{"@type":"ListItem","position":3,"name":"Tilraunaeldh\u00fas | \u00c1rangurss\u00f6gur"}]},{"@type":"WebSite","@id":"https:\/\/matis.is\/#website","url":"https:\/\/matis.is\/","name":"Mat\u00eds","description":"Value creation, food security and public health","publisher":{"@id":"https:\/\/matis.is\/#organization"},"potentialAction":[{"@type":"SearchAction","target":{"@type":"EntryPoint","urlTemplate":"https:\/\/matis.is\/?s={search_term_string}"},"query-input":{"@type":"PropertyValueSpecification","valueRequired":true,"valueName":"search_term_string"}}],"inLanguage":"en-GB"},{"@type":"Organization","@id":"https:\/\/matis.is\/#organization","name":"Mat\u00eds ohf.","url":"https:\/\/matis.is\/","logo":{"@type":"ImageObject","inLanguage":"en-GB","@id":"https:\/\/matis.is\/#\/schema\/logo\/image\/","url":"https:\/\/matis.is\/wp-content\/uploads\/2021\/02\/matis_logo_blatthvitt.png","contentUrl":"https:\/\/matis.is\/wp-content\/uploads\/2021\/02\/matis_logo_blatthvitt.png","width":1507,"height":1507,"caption":"Mat\u00eds ohf."},"image":{"@id":"https:\/\/matis.is\/#\/schema\/logo\/image\/"},"sameAs":["https:\/\/www.facebook.com\/matisiceland","https:\/\/x.com\/matisiceland","https:\/\/www.instagram.com\/matisiceland\/","https:\/\/www.linkedin.com\/matisiceland\/","https:\/\/www.youtube.com\/channel\/UCY-frt3uTqgVZW-DLjoo5bA"]}]}},"spectra_custom_meta":{"_customize_changeset_uuid":["f5086d92-e840-4a82-9c71-253f2dcbdbeb"],"_edit_lock":["1665484954:7"],"_edit_last":["7"],"tengilidur":["28266"],"_tengilidur":["field_5ef905e0538b2"],"valmynd_a_undirsidu":["1"],"_valmynd_a_undirsidu":["field_5f9970348837c"],"undirvalmynd_a_parentsidu":["0"],"_undirvalmynd_a_parentsidu":["field_5f9addfe68a79"],"_thumbnail_id":["28694"],"_wp_page_template":["templates\/template-cover.php"],"_yoast_wpseo_content_score":["90"],"_yoast_wpseo_estimated-reading-time-minutes":["1"],"_yoast_wpseo_wordproof_timestamp":[""],"_uag_css_file_name":["uag-css-107.css"],"_uag_page_assets":["a:9:{s:3:\"css\";s:263:\".uag-blocks-common-selector{z-index:var(--z-index-desktop) !important}@media (max-width: 976px){.uag-blocks-common-selector{z-index:var(--z-index-tablet) !important}}@media (max-width: 767px){.uag-blocks-common-selector{z-index:var(--z-index-mobile) !important}}\n\";s:2:\"js\";s:0:\"\";s:18:\"current_block_list\";a:7:{i:0;s:14:\"core\/paragraph\";i:1;s:9:\"core\/list\";i:2;s:12:\"core\/buttons\";i:3;s:11:\"core\/button\";i:4;s:12:\"core\/heading\";i:5;s:12:\"core\/columns\";i:6;s:11:\"core\/column\";}s:8:\"uag_flag\";b:0;s:11:\"uag_version\";s:10:\"1777477098\";s:6:\"gfonts\";a:0:{}s:10:\"gfonts_url\";s:0:\"\";s:12:\"gfonts_files\";a:0:{}s:14:\"uag_faq_layout\";b:0;}"]},"uagb_featured_image_src":{"full":["https:\/\/matis.is\/wp-content\/uploads\/2020\/10\/foodday.jpg",1500,1001,false],"thumbnail":["https:\/\/matis.is\/wp-content\/uploads\/2020\/10\/foodday-150x150.jpg",150,150,true],"medium":["https:\/\/matis.is\/wp-content\/uploads\/2020\/10\/foodday-300x200.jpg",300,200,true],"medium_large":["https:\/\/matis.is\/wp-content\/uploads\/2020\/10\/foodday-768x513.jpg",768,513,true],"large":["https:\/\/matis.is\/wp-content\/uploads\/2020\/10\/foodday-1024x683.jpg",1024,683,true],"1536x1536":["https:\/\/matis.is\/wp-content\/uploads\/2020\/10\/foodday.jpg",1500,1001,false],"2048x2048":["https:\/\/matis.is\/wp-content\/uploads\/2020\/10\/foodday.jpg",1500,1001,false],"trp-custom-language-flag":["https:\/\/matis.is\/wp-content\/uploads\/2020\/10\/foodday.jpg",18,12,false]},"uagb_author_info":{"display_name":"admin","author_link":"https:\/\/matis.is\/en\/author\/thormodurmatis-is\/"},"uagb_comment_info":0,"uagb_excerpt":"H\u00e9r m\u00e1 finna lista yfir nokkra a\u00f0ila sem hafa n\u00fdtt s\u00e9r matarsmi\u00f0juna hj\u00e1 Mat\u00eds: Eva R\u00fan Jensd\u00f3ttir hj\u00e1 Cooking Harmony [&hellip;]","_links":{"self":[{"href":"https:\/\/matis.is\/en\/wp-json\/wp\/v2\/pages\/107","targetHints":{"allow":["GET"]}}],"collection":[{"href":"https:\/\/matis.is\/en\/wp-json\/wp\/v2\/pages"}],"about":[{"href":"https:\/\/matis.is\/en\/wp-json\/wp\/v2\/types\/page"}],"author":[{"embeddable":true,"href":"https:\/\/matis.is\/en\/wp-json\/wp\/v2\/users\/1"}],"replies":[{"embeddable":true,"href":"https:\/\/matis.is\/en\/wp-json\/wp\/v2\/comments?post=107"}],"version-history":[{"count":3,"href":"https:\/\/matis.is\/en\/wp-json\/wp\/v2\/pages\/107\/revisions"}],"predecessor-version":[{"id":47964,"href":"https:\/\/matis.is\/en\/wp-json\/wp\/v2\/pages\/107\/revisions\/47964"}],"up":[{"embeddable":true,"href":"https:\/\/matis.is\/en\/wp-json\/wp\/v2\/pages\/106"}],"wp:featuredmedia":[{"embeddable":true,"href":"https:\/\/matis.is\/en\/wp-json\/wp\/v2\/media\/28694"}],"wp:attachment":[{"href":"https:\/\/matis.is\/en\/wp-json\/wp\/v2\/media?parent=107"}],"curies":[{"name":"wp","href":"https:\/\/api.w.org\/{rel}","templated":true}]}}