{"id":112,"date":"2020-10-26T09:38:28","date_gmt":"2020-10-26T09:38:28","guid":{"rendered":"https:\/\/matis.mareframe.eu\/?page_id=112"},"modified":"2026-03-20T14:52:52","modified_gmt":"2026-03-20T14:52:52","slug":"rannsoknaaherslur","status":"publish","type":"page","link":"https:\/\/matis.is\/en\/rannsoknir-og-nyskopun\/rannsoknaaherslur\/","title":{"rendered":"Research Groups"},"content":{"rendered":"<h2 class=\"wp-block-heading\">Focus Groups<\/h2>\n\n\n\n<h4 class=\"wp-block-heading\">Mat\u00eds's field of expertise is divided into nine research groups, where experts form the knowledge base and core activities needed to solve the various research and innovation projects being carried out at any given time: Bioactive Compounds, Biotechnology, Genetics, Chemical Analysis, Biomass &amp; Analysis, Sustainability, Microbiological Analysis, Environment &amp; Air Quality, and Value Chain. The field also includes two groups of experts in measurements, one on microorganisms and the other on chemicals, but within these groups, special attention is paid to analyses of the safety, wholesomeness and nutritional value of food and related products. Both measurement groups support the solution of research projects as well as serving the business community with measurements, advice and information.<\/h4>\n\n\n\n<p>There is often a need for a diverse knowledge base for solving the diverse Mat\u00eds projects, and therefore experts within different professional groups are happy to work together to shape the projects and carry out the necessary research, measurement and innovation work; all for the benefit of the economy that Mat\u00eds serves. &nbsp; &nbsp;<\/p>\n\n\n\n<h3 class=\"wp-block-heading\">Mat\u00eds&#039; operations are divided into two focus areas<\/h3>\n\n\n\n<ul class=\"wp-block-list dashed\">\n<li>Research &amp; Innovation \u2013 Director:&nbsp;<a href=\"\/en\/matis_staff\/jonas-runar-vidarsson\/\" target=\"_blank\" rel=\"noreferrer noopener\">J\u00f3nas R. Vi\u00f0arsson<\/a><\/li>\n\n\n\n<li>Service \u2013 Director: <a href=\"https:\/\/matis.is\/en\/matis_staff\/gudmundur-stefansson\/\">Gu\u00f0mundur Stef\u00e1nsson<\/a><\/li>\n<\/ul>\n\n\n\n<h4 class=\"wp-block-heading\">Professional directors <\/h4>\n\n\n\n<ul class=\"wp-block-list dashed\">\n<li><a href=\"https:\/\/matis.is\/en\/frettir\/samstarfssamningur-matis-og-als-i-svithjod\/\">Chemical Analysis<\/a> - <a href=\"https:\/\/matis.is\/en\/matis_staff\/natasa-desnica\/\">Natasa Desnica<\/a><\/li>\n\n\n\n<li>Genetics \u2013 <a href=\"https:\/\/matis.is\/en\/matis_staff\/bjorn-thor-adalsteinsson\/\" target=\"_blank\" rel=\"noreferrer noopener\">Bj\u00f6rn \u00de\u00f3r A\u00f0alsteinsson<\/a><\/li>\n\n\n\n<li>Bioactive Compounds \u2013 <a href=\"\/en\/matis_staff\/rosa-jonsdottir\/\">R\u00f3sa J\u00f3nsd\u00f3ttir<\/a><\/li>\n\n\n\n<li>Biomass &amp; Analysis \u2013 <a href=\"https:\/\/matis.is\/en\/matis_staff\/stefan-thor-eysteinsson\/\">Stef\u00e1n \u00de\u00f3r Eysteinsson<\/a><\/li>\n\n\n\n<li>Biotechnology \u2013 <a href=\"https:\/\/matis.is\/en\/matis_staff\/olafur-h-fridjonsson\/\">\u00d3lafur H Fri\u00f0j\u00f3nsson<\/a><\/li>\n\n\n\n<li>Sustainability \u2013 <a href=\"https:\/\/matis.is\/en\/matis_staff\/birgir-orn-smarason\/\">Birgir \u00d6rn Sm\u00e1rason<\/a><\/li>\n\n\n\n<li>Value chain \u2013 <a href=\"https:\/\/matis.is\/en\/matis_staff\/valur-nordri-gunnlaugsson\/\">Valur N. Gunnlaugsson<\/a><\/li>\n\n\n\n<li>Microbiological Analysis \u2013 <a href=\"https:\/\/matis.is\/en\/matis_staff\/elisabet-eik-gudmundsdottir\/\">El\u00edsabet Eik Gu\u00f0mundsd\u00f3ttir<\/a><\/li>\n\n\n\n<li>Environment &amp; Air Quality \u2013 <a href=\"https:\/\/matis.is\/en\/matis_staff\/kristmann-gislason\/\">Kristmann G\u00edslason<\/a><\/li>\n<\/ul>\n\n\n\n<p><\/p>","protected":false},"excerpt":{"rendered":"<p>Fagh\u00f3par Mat\u00eds Fagsvi\u00f0i Mat\u00eds er skipt \u00ed n\u00edu ranns\u00f3knah\u00f3pa, \u00fear sem s\u00e9rfr\u00e6\u00f0ingar mynda \u00feann \u00feekkingargrunn og \u00fe\u00e1 kjarnastarfsemi, sem \u00fearf [&hellip;]<\/p>\n","protected":false},"author":1,"featured_media":28783,"parent":111,"menu_order":1,"comment_status":"closed","ping_status":"closed","template":"","meta":{"_acf_changed":false,"_uag_custom_page_level_css":"","site-sidebar-layout":"right-sidebar","site-content-layout":"","ast-site-content-layout":"normal-width-container","site-content-style":"default","site-sidebar-style":"default","ast-global-header-display":"","ast-banner-title-visibility":"disabled","ast-main-header-display":"","ast-hfb-above-header-display":"","ast-hfb-below-header-display":"","ast-hfb-mobile-header-display":"","site-post-title":"","ast-breadcrumbs-content":"","ast-featured-img":"","footer-sml-layout":"","ast-disable-related-posts":"","theme-transparent-header-meta":"","adv-header-id-meta":"","stick-header-meta":"","header-above-stick-meta":"","header-main-stick-meta":"","header-below-stick-meta":"","astra-migrate-meta-layouts":"default","ast-page-background-enabled":"default","ast-page-background-meta":{"desktop":{"background-color":"var(--ast-global-color-5)","background-image":"","background-repeat":"repeat","background-position":"center center","background-size":"auto","background-attachment":"scroll","background-type":"","background-media":"","overlay-type":"","overlay-color":"","overlay-opacity":"","overlay-gradient":""},"tablet":{"background-color":"","background-image":"","background-repeat":"repeat","background-position":"center center","background-size":"auto","background-attachment":"scroll","background-type":"","background-media":"","overlay-type":"","overlay-color":"","overlay-opacity":"","overlay-gradient":""},"mobile":{"background-color":"","background-image":"","background-repeat":"repeat","background-position":"center center","background-size":"auto","background-attachment":"scroll","background-type":"","background-media":"","overlay-type":"","overlay-color":"","overlay-opacity":"","overlay-gradient":""}},"ast-content-background-meta":{"desktop":{"background-color":"var(--ast-global-color-4)","background-image":"","background-repeat":"repeat","background-position":"center center","background-size":"auto","background-attachment":"scroll","background-type":"","background-media":"","overlay-type":"","overlay-color":"","overlay-opacity":"","overlay-gradient":""},"tablet":{"background-color":"var(--ast-global-color-4)","background-image":"","background-repeat":"repeat","background-position":"center center","background-size":"auto","background-attachment":"scroll","background-type":"","background-media":"","overlay-type":"","overlay-color":"","overlay-opacity":"","overlay-gradient":""},"mobile":{"background-color":"var(--ast-global-color-4)","background-image":"","background-repeat":"repeat","background-position":"center center","background-size":"auto","background-attachment":"scroll","background-type":"","background-media":"","overlay-type":"","overlay-color":"","overlay-opacity":"","overlay-gradient":""}},"footnotes":""},"class_list":["post-112","page","type-page","status-publish","has-post-thumbnail","hentry"],"acf":[],"yoast_head":"<!-- This site is optimized with the Yoast SEO plugin v27.4 - https:\/\/yoast.com\/product\/yoast-seo-wordpress\/ -->\n<title>Fagsvi\u00f0 - Mat\u00eds<\/title>\n<meta name=\"description\" content=\"Mat\u00eds er ekki a\u00f0eins \u00f6flugt ranns\u00f3kna- og \u00feekkingarfyrirt\u00e6ki \u00e1 \u00edslenskan m\u00e6likvar\u00f0a heldur stenst Mat\u00eds fyllilega samanbur\u00f0 vi\u00f0 samb\u00e6rileg erlend fyrirt\u00e6ki og stofnanir.\" \/>\n<meta name=\"robots\" content=\"index, follow, max-snippet:-1, max-image-preview:large, max-video-preview:-1\" \/>\n<link rel=\"canonical\" href=\"https:\/\/matis.is\/en\/rannsoknir-og-nyskopun\/rannsoknaaherslur\/\" \/>\n<meta property=\"og:locale\" content=\"en_GB\" \/>\n<meta property=\"og:type\" content=\"article\" \/>\n<meta property=\"og:title\" content=\"Fagsvi\u00f0 - Mat\u00eds\" \/>\n<meta property=\"og:description\" content=\"Mat\u00eds er ekki a\u00f0eins \u00f6flugt ranns\u00f3kna- og \u00feekkingarfyrirt\u00e6ki \u00e1 \u00edslenskan m\u00e6likvar\u00f0a heldur stenst Mat\u00eds fyllilega samanbur\u00f0 vi\u00f0 samb\u00e6rileg erlend fyrirt\u00e6ki og stofnanir.\" \/>\n<meta property=\"og:url\" content=\"https:\/\/matis.is\/en\/rannsoknir-og-nyskopun\/rannsoknaaherslur\/\" \/>\n<meta property=\"og:site_name\" content=\"Mat\u00eds\" \/>\n<meta property=\"article:publisher\" content=\"https:\/\/www.facebook.com\/matisiceland\" \/>\n<meta property=\"article:modified_time\" content=\"2026-03-20T14:52:52+00:00\" \/>\n<meta property=\"og:image\" content=\"https:\/\/matis.is\/wp-content\/uploads\/2020\/10\/Orveran_original_LoRes-1500x630-1.jpg\" \/>\n\t<meta property=\"og:image:width\" content=\"1500\" \/>\n\t<meta property=\"og:image:height\" content=\"630\" \/>\n\t<meta property=\"og:image:type\" content=\"image\/jpeg\" \/>\n<meta name=\"twitter:card\" content=\"summary_large_image\" \/>\n<meta name=\"twitter:site\" content=\"@matisiceland\" \/>\n<meta name=\"twitter:label1\" content=\"Estimated reading time\" \/>\n\t<meta name=\"twitter:data1\" content=\"2 minutes\" \/>\n<script type=\"application\/ld+json\" class=\"yoast-schema-graph\">{\"@context\":\"https:\\\/\\\/schema.org\",\"@graph\":[{\"@type\":\"WebPage\",\"@id\":\"https:\\\/\\\/matis.is\\\/rannsoknir-og-nyskopun\\\/rannsoknaaherslur\\\/\",\"url\":\"https:\\\/\\\/matis.is\\\/rannsoknir-og-nyskopun\\\/rannsoknaaherslur\\\/\",\"name\":\"Fagsvi\u00f0 - Mat\u00eds\",\"isPartOf\":{\"@id\":\"https:\\\/\\\/matis.is\\\/#website\"},\"primaryImageOfPage\":{\"@id\":\"https:\\\/\\\/matis.is\\\/rannsoknir-og-nyskopun\\\/rannsoknaaherslur\\\/#primaryimage\"},\"image\":{\"@id\":\"https:\\\/\\\/matis.is\\\/rannsoknir-og-nyskopun\\\/rannsoknaaherslur\\\/#primaryimage\"},\"thumbnailUrl\":\"https:\\\/\\\/matis.is\\\/wp-content\\\/uploads\\\/2020\\\/10\\\/Orveran_original_LoRes-1500x630-1.jpg\",\"datePublished\":\"2020-10-26T09:38:28+00:00\",\"dateModified\":\"2026-03-20T14:52:52+00:00\",\"description\":\"Mat\u00eds er ekki a\u00f0eins \u00f6flugt ranns\u00f3kna- og \u00feekkingarfyrirt\u00e6ki \u00e1 \u00edslenskan m\u00e6likvar\u00f0a heldur stenst Mat\u00eds fyllilega samanbur\u00f0 vi\u00f0 samb\u00e6rileg erlend fyrirt\u00e6ki og stofnanir.\",\"breadcrumb\":{\"@id\":\"https:\\\/\\\/matis.is\\\/rannsoknir-og-nyskopun\\\/rannsoknaaherslur\\\/#breadcrumb\"},\"inLanguage\":\"en-GB\",\"potentialAction\":[{\"@type\":\"ReadAction\",\"target\":[\"https:\\\/\\\/matis.is\\\/rannsoknir-og-nyskopun\\\/rannsoknaaherslur\\\/\"]}]},{\"@type\":\"ImageObject\",\"inLanguage\":\"en-GB\",\"@id\":\"https:\\\/\\\/matis.is\\\/rannsoknir-og-nyskopun\\\/rannsoknaaherslur\\\/#primaryimage\",\"url\":\"https:\\\/\\\/matis.is\\\/wp-content\\\/uploads\\\/2020\\\/10\\\/Orveran_original_LoRes-1500x630-1.jpg\",\"contentUrl\":\"https:\\\/\\\/matis.is\\\/wp-content\\\/uploads\\\/2020\\\/10\\\/Orveran_original_LoRes-1500x630-1.jpg\",\"width\":1500,\"height\":630},{\"@type\":\"BreadcrumbList\",\"@id\":\"https:\\\/\\\/matis.is\\\/rannsoknir-og-nyskopun\\\/rannsoknaaherslur\\\/#breadcrumb\",\"itemListElement\":[{\"@type\":\"ListItem\",\"position\":1,\"name\":\"Home\",\"item\":\"https:\\\/\\\/matis.is\\\/\"},{\"@type\":\"ListItem\",\"position\":2,\"name\":\"Ranns\u00f3knir og n\u00fdsk\u00f6pun\",\"item\":\"https:\\\/\\\/matis.is\\\/rannsoknir-og-nyskopun\\\/\"},{\"@type\":\"ListItem\",\"position\":3,\"name\":\"Fagsvi\u00f0\"}]},{\"@type\":\"WebSite\",\"@id\":\"https:\\\/\\\/matis.is\\\/#website\",\"url\":\"https:\\\/\\\/matis.is\\\/\",\"name\":\"Mat\u00eds\",\"description\":\"Ver\u00f0m\u00e6task\u00f6pun, matv\u00e6la\u00f6ryggi og l\u00fd\u00f0heilsa\",\"publisher\":{\"@id\":\"https:\\\/\\\/matis.is\\\/#organization\"},\"potentialAction\":[{\"@type\":\"SearchAction\",\"target\":{\"@type\":\"EntryPoint\",\"urlTemplate\":\"https:\\\/\\\/matis.is\\\/?s={search_term_string}\"},\"query-input\":{\"@type\":\"PropertyValueSpecification\",\"valueRequired\":true,\"valueName\":\"search_term_string\"}}],\"inLanguage\":\"en-GB\"},{\"@type\":\"Organization\",\"@id\":\"https:\\\/\\\/matis.is\\\/#organization\",\"name\":\"Mat\u00eds ohf.\",\"url\":\"https:\\\/\\\/matis.is\\\/\",\"logo\":{\"@type\":\"ImageObject\",\"inLanguage\":\"en-GB\",\"@id\":\"https:\\\/\\\/matis.is\\\/#\\\/schema\\\/logo\\\/image\\\/\",\"url\":\"https:\\\/\\\/matis.is\\\/wp-content\\\/uploads\\\/2021\\\/02\\\/matis_logo_blatthvitt.png\",\"contentUrl\":\"https:\\\/\\\/matis.is\\\/wp-content\\\/uploads\\\/2021\\\/02\\\/matis_logo_blatthvitt.png\",\"width\":1507,\"height\":1507,\"caption\":\"Mat\u00eds ohf.\"},\"image\":{\"@id\":\"https:\\\/\\\/matis.is\\\/#\\\/schema\\\/logo\\\/image\\\/\"},\"sameAs\":[\"https:\\\/\\\/www.facebook.com\\\/matisiceland\",\"https:\\\/\\\/x.com\\\/matisiceland\",\"https:\\\/\\\/www.instagram.com\\\/matisiceland\\\/\",\"https:\\\/\\\/www.linkedin.com\\\/matisiceland\\\/\",\"https:\\\/\\\/www.youtube.com\\\/channel\\\/UCY-frt3uTqgVZW-DLjoo5bA\"]}]}<\/script>\n<!-- \/ Yoast SEO plugin. -->","yoast_head_json":{"title":"Field of study - Mat\u00eds","description":"Mat\u00eds is not only a strong research and knowledge company on an Icelandic scale, but Mat\u00eds also fully compares with comparable foreign companies and institutions.","robots":{"index":"index","follow":"follow","max-snippet":"max-snippet:-1","max-image-preview":"max-image-preview:large","max-video-preview":"max-video-preview:-1"},"canonical":"https:\/\/matis.is\/en\/rannsoknir-og-nyskopun\/rannsoknaaherslur\/","og_locale":"en_GB","og_type":"article","og_title":"Fagsvi\u00f0 - Mat\u00eds","og_description":"Mat\u00eds er ekki a\u00f0eins \u00f6flugt ranns\u00f3kna- og \u00feekkingarfyrirt\u00e6ki \u00e1 \u00edslenskan m\u00e6likvar\u00f0a heldur stenst Mat\u00eds fyllilega samanbur\u00f0 vi\u00f0 samb\u00e6rileg erlend fyrirt\u00e6ki og stofnanir.","og_url":"https:\/\/matis.is\/en\/rannsoknir-og-nyskopun\/rannsoknaaherslur\/","og_site_name":"Mat\u00eds","article_publisher":"https:\/\/www.facebook.com\/matisiceland","article_modified_time":"2026-03-20T14:52:52+00:00","og_image":[{"width":1500,"height":630,"url":"https:\/\/matis.is\/wp-content\/uploads\/2020\/10\/Orveran_original_LoRes-1500x630-1.jpg","type":"image\/jpeg"}],"twitter_card":"summary_large_image","twitter_site":"@matisiceland","twitter_misc":{"Estimated reading time":"2 minutes"},"schema":{"@context":"https:\/\/schema.org","@graph":[{"@type":"WebPage","@id":"https:\/\/matis.is\/rannsoknir-og-nyskopun\/rannsoknaaherslur\/","url":"https:\/\/matis.is\/rannsoknir-og-nyskopun\/rannsoknaaherslur\/","name":"Field of study - Mat\u00eds","isPartOf":{"@id":"https:\/\/matis.is\/#website"},"primaryImageOfPage":{"@id":"https:\/\/matis.is\/rannsoknir-og-nyskopun\/rannsoknaaherslur\/#primaryimage"},"image":{"@id":"https:\/\/matis.is\/rannsoknir-og-nyskopun\/rannsoknaaherslur\/#primaryimage"},"thumbnailUrl":"https:\/\/matis.is\/wp-content\/uploads\/2020\/10\/Orveran_original_LoRes-1500x630-1.jpg","datePublished":"2020-10-26T09:38:28+00:00","dateModified":"2026-03-20T14:52:52+00:00","description":"Mat\u00eds is not only a strong research and knowledge company on an Icelandic scale, but Mat\u00eds also fully compares with comparable foreign companies and institutions.","breadcrumb":{"@id":"https:\/\/matis.is\/rannsoknir-og-nyskopun\/rannsoknaaherslur\/#breadcrumb"},"inLanguage":"en-GB","potentialAction":[{"@type":"ReadAction","target":["https:\/\/matis.is\/rannsoknir-og-nyskopun\/rannsoknaaherslur\/"]}]},{"@type":"ImageObject","inLanguage":"en-GB","@id":"https:\/\/matis.is\/rannsoknir-og-nyskopun\/rannsoknaaherslur\/#primaryimage","url":"https:\/\/matis.is\/wp-content\/uploads\/2020\/10\/Orveran_original_LoRes-1500x630-1.jpg","contentUrl":"https:\/\/matis.is\/wp-content\/uploads\/2020\/10\/Orveran_original_LoRes-1500x630-1.jpg","width":1500,"height":630},{"@type":"BreadcrumbList","@id":"https:\/\/matis.is\/rannsoknir-og-nyskopun\/rannsoknaaherslur\/#breadcrumb","itemListElement":[{"@type":"ListItem","position":1,"name":"Home","item":"https:\/\/matis.is\/"},{"@type":"ListItem","position":2,"name":"Ranns\u00f3knir og n\u00fdsk\u00f6pun","item":"https:\/\/matis.is\/rannsoknir-og-nyskopun\/"},{"@type":"ListItem","position":3,"name":"Fagsvi\u00f0"}]},{"@type":"WebSite","@id":"https:\/\/matis.is\/#website","url":"https:\/\/matis.is\/","name":"Mat\u00eds","description":"Value creation, food security and public health","publisher":{"@id":"https:\/\/matis.is\/#organization"},"potentialAction":[{"@type":"SearchAction","target":{"@type":"EntryPoint","urlTemplate":"https:\/\/matis.is\/?s={search_term_string}"},"query-input":{"@type":"PropertyValueSpecification","valueRequired":true,"valueName":"search_term_string"}}],"inLanguage":"en-GB"},{"@type":"Organization","@id":"https:\/\/matis.is\/#organization","name":"Mat\u00eds ohf.","url":"https:\/\/matis.is\/","logo":{"@type":"ImageObject","inLanguage":"en-GB","@id":"https:\/\/matis.is\/#\/schema\/logo\/image\/","url":"https:\/\/matis.is\/wp-content\/uploads\/2021\/02\/matis_logo_blatthvitt.png","contentUrl":"https:\/\/matis.is\/wp-content\/uploads\/2021\/02\/matis_logo_blatthvitt.png","width":1507,"height":1507,"caption":"Mat\u00eds ohf."},"image":{"@id":"https:\/\/matis.is\/#\/schema\/logo\/image\/"},"sameAs":["https:\/\/www.facebook.com\/matisiceland","https:\/\/x.com\/matisiceland","https:\/\/www.instagram.com\/matisiceland\/","https:\/\/www.linkedin.com\/matisiceland\/","https:\/\/www.youtube.com\/channel\/UCY-frt3uTqgVZW-DLjoo5bA"]}]}},"spectra_custom_meta":{"_customize_changeset_uuid":["f5086d92-e840-4a82-9c71-253f2dcbdbeb"],"_edit_lock":["1774018447:7"],"_edit_last":["7"],"tengilidur":[""],"_tengilidur":["field_5ef905e0538b2"],"valmynd_a_undirsidu":["0"],"_valmynd_a_undirsidu":["field_5f9970348837c"],"undirvalmynd_a_parentsidu":["1"],"_undirvalmynd_a_parentsidu":["field_5f9addfe68a79"],"_thumbnail_id":["28783"],"_wp_page_template":["default"],"_yoast_wpseo_content_score":["90"],"_yoast_wpseo_estimated-reading-time-minutes":["2"],"_yoast_wpseo_metadesc":["Mat\u00eds er ekki a\u00f0eins \u00f6flugt ranns\u00f3kna- og \u00feekkingarfyrirt\u00e6ki \u00e1 \u00edslenskan m\u00e6likvar\u00f0a heldur stenst Mat\u00eds fyllilega samanbur\u00f0 vi\u00f0 samb\u00e6rileg erlend fyrirt\u00e6ki og stofnanir."],"_yoast_wpseo_wordproof_timestamp":[""],"cmplz_hide_cookiebanner":[""],"_uag_custom_page_level_css":[""],"site-sidebar-layout":["right-sidebar"],"site-content-layout":[""],"ast-site-content-layout":["normal-width-container"],"site-content-style":["default"],"site-sidebar-style":["default"],"ast-global-header-display":[""],"ast-banner-title-visibility":["disabled"],"ast-main-header-display":[""],"ast-hfb-above-header-display":[""],"ast-hfb-below-header-display":[""],"ast-hfb-mobile-header-display":[""],"site-post-title":[""],"ast-breadcrumbs-content":[""],"ast-featured-img":[""],"footer-sml-layout":[""],"theme-transparent-header-meta":[""],"adv-header-id-meta":[""],"stick-header-meta":[""],"header-above-stick-meta":[""],"header-main-stick-meta":[""],"header-below-stick-meta":[""],"astra-migrate-meta-layouts":["default"],"ast-page-background-enabled":["default"],"ast-page-background-meta":["a:3:{s:7:\"desktop\";a:12:{s:16:\"background-color\";s:25:\"var(--ast-global-color-5)\";s:16:\"background-image\";s:0:\"\";s:17:\"background-repeat\";s:6:\"repeat\";s:19:\"background-position\";s:13:\"center center\";s:15:\"background-size\";s:4:\"auto\";s:21:\"background-attachment\";s:6:\"scroll\";s:15:\"background-type\";s:0:\"\";s:16:\"background-media\";s:0:\"\";s:12:\"overlay-type\";s:0:\"\";s:13:\"overlay-color\";s:0:\"\";s:15:\"overlay-opacity\";s:0:\"\";s:16:\"overlay-gradient\";s:0:\"\";}s:6:\"tablet\";a:12:{s:16:\"background-color\";s:0:\"\";s:16:\"background-image\";s:0:\"\";s:17:\"background-repeat\";s:6:\"repeat\";s:19:\"background-position\";s:13:\"center center\";s:15:\"background-size\";s:4:\"auto\";s:21:\"background-attachment\";s:6:\"scroll\";s:15:\"background-type\";s:0:\"\";s:16:\"background-media\";s:0:\"\";s:12:\"overlay-type\";s:0:\"\";s:13:\"overlay-color\";s:0:\"\";s:15:\"overlay-opacity\";s:0:\"\";s:16:\"overlay-gradient\";s:0:\"\";}s:6:\"mobile\";a:12:{s:16:\"background-color\";s:0:\"\";s:16:\"background-image\";s:0:\"\";s:17:\"background-repeat\";s:6:\"repeat\";s:19:\"background-position\";s:13:\"center center\";s:15:\"background-size\";s:4:\"auto\";s:21:\"background-attachment\";s:6:\"scroll\";s:15:\"background-type\";s:0:\"\";s:16:\"background-media\";s:0:\"\";s:12:\"overlay-type\";s:0:\"\";s:13:\"overlay-color\";s:0:\"\";s:15:\"overlay-opacity\";s:0:\"\";s:16:\"overlay-gradient\";s:0:\"\";}}"],"ast-content-background-meta":["a:3:{s:7:\"desktop\";a:12:{s:16:\"background-color\";s:25:\"var(--ast-global-color-4)\";s:16:\"background-image\";s:0:\"\";s:17:\"background-repeat\";s:6:\"repeat\";s:19:\"background-position\";s:13:\"center center\";s:15:\"background-size\";s:4:\"auto\";s:21:\"background-attachment\";s:6:\"scroll\";s:15:\"background-type\";s:0:\"\";s:16:\"background-media\";s:0:\"\";s:12:\"overlay-type\";s:0:\"\";s:13:\"overlay-color\";s:0:\"\";s:15:\"overlay-opacity\";s:0:\"\";s:16:\"overlay-gradient\";s:0:\"\";}s:6:\"tablet\";a:12:{s:16:\"background-color\";s:25:\"var(--ast-global-color-4)\";s:16:\"background-image\";s:0:\"\";s:17:\"background-repeat\";s:6:\"repeat\";s:19:\"background-position\";s:13:\"center center\";s:15:\"background-size\";s:4:\"auto\";s:21:\"background-attachment\";s:6:\"scroll\";s:15:\"background-type\";s:0:\"\";s:16:\"background-media\";s:0:\"\";s:12:\"overlay-type\";s:0:\"\";s:13:\"overlay-color\";s:0:\"\";s:15:\"overlay-opacity\";s:0:\"\";s:16:\"overlay-gradient\";s:0:\"\";}s:6:\"mobile\";a:12:{s:16:\"background-color\";s:25:\"var(--ast-global-color-4)\";s:16:\"background-image\";s:0:\"\";s:17:\"background-repeat\";s:6:\"repeat\";s:19:\"background-position\";s:13:\"center center\";s:15:\"background-size\";s:4:\"auto\";s:21:\"background-attachment\";s:6:\"scroll\";s:15:\"background-type\";s:0:\"\";s:16:\"background-media\";s:0:\"\";s:12:\"overlay-type\";s:0:\"\";s:13:\"overlay-color\";s:0:\"\";s:15:\"overlay-opacity\";s:0:\"\";s:16:\"overlay-gradient\";s:0:\"\";}}"],"footnotes":[""],"ilj_blacklistdefinition":["a:0:{}"],"ilj_linkdefinition":["a:0:{}"],"_uag_css_file_name":["uag-css-112.css"],"_uag_page_assets":["a:9:{s:3:\"css\";s:263:\".uag-blocks-common-selector{z-index:var(--z-index-desktop) !important}@media (max-width: 976px){.uag-blocks-common-selector{z-index:var(--z-index-tablet) !important}}@media (max-width: 767px){.uag-blocks-common-selector{z-index:var(--z-index-mobile) !important}}\n\";s:2:\"js\";s:0:\"\";s:18:\"current_block_list\";a:8:{i:0;s:12:\"core\/heading\";i:1;s:14:\"core\/paragraph\";i:2;s:9:\"core\/list\";i:3;s:14:\"core\/list-item\";i:4;s:12:\"core\/buttons\";i:5;s:11:\"core\/button\";i:6;s:12:\"core\/columns\";i:7;s:11:\"core\/column\";}s:8:\"uag_flag\";b:0;s:11:\"uag_version\";s:10:\"1777040860\";s:6:\"gfonts\";a:0:{}s:10:\"gfonts_url\";s:0:\"\";s:12:\"gfonts_files\";a:0:{}s:14:\"uag_faq_layout\";b:0;}"]},"uagb_featured_image_src":{"full":["https:\/\/matis.is\/wp-content\/uploads\/2020\/10\/Orveran_original_LoRes-1500x630-1.jpg",1500,630,false],"thumbnail":["https:\/\/matis.is\/wp-content\/uploads\/2020\/10\/Orveran_original_LoRes-1500x630-1-150x150.jpg",150,150,true],"medium":["https:\/\/matis.is\/wp-content\/uploads\/2020\/10\/Orveran_original_LoRes-1500x630-1-300x126.jpg",300,126,true],"medium_large":["https:\/\/matis.is\/wp-content\/uploads\/2020\/10\/Orveran_original_LoRes-1500x630-1-768x323.jpg",768,323,true],"large":["https:\/\/matis.is\/wp-content\/uploads\/2020\/10\/Orveran_original_LoRes-1500x630-1-1024x430.jpg",1024,430,true],"1536x1536":["https:\/\/matis.is\/wp-content\/uploads\/2020\/10\/Orveran_original_LoRes-1500x630-1.jpg",1500,630,false],"2048x2048":["https:\/\/matis.is\/wp-content\/uploads\/2020\/10\/Orveran_original_LoRes-1500x630-1.jpg",1500,630,false],"trp-custom-language-flag":["https:\/\/matis.is\/wp-content\/uploads\/2020\/10\/Orveran_original_LoRes-1500x630-1.jpg",18,8,false]},"uagb_author_info":{"display_name":"admin","author_link":"https:\/\/matis.is\/en\/author\/thormodurmatis-is\/"},"uagb_comment_info":0,"uagb_excerpt":"Fagh\u00f3par Mat\u00eds Fagsvi\u00f0i Mat\u00eds er skipt \u00ed n\u00edu ranns\u00f3knah\u00f3pa, \u00fear sem s\u00e9rfr\u00e6\u00f0ingar mynda \u00feann \u00feekkingargrunn og \u00fe\u00e1 kjarnastarfsemi, sem \u00fearf [&hellip;]","_links":{"self":[{"href":"https:\/\/matis.is\/en\/wp-json\/wp\/v2\/pages\/112","targetHints":{"allow":["GET"]}}],"collection":[{"href":"https:\/\/matis.is\/en\/wp-json\/wp\/v2\/pages"}],"about":[{"href":"https:\/\/matis.is\/en\/wp-json\/wp\/v2\/types\/page"}],"author":[{"embeddable":true,"href":"https:\/\/matis.is\/en\/wp-json\/wp\/v2\/users\/1"}],"replies":[{"embeddable":true,"href":"https:\/\/matis.is\/en\/wp-json\/wp\/v2\/comments?post=112"}],"version-history":[{"count":19,"href":"https:\/\/matis.is\/en\/wp-json\/wp\/v2\/pages\/112\/revisions"}],"predecessor-version":[{"id":57171,"href":"https:\/\/matis.is\/en\/wp-json\/wp\/v2\/pages\/112\/revisions\/57171"}],"up":[{"embeddable":true,"href":"https:\/\/matis.is\/en\/wp-json\/wp\/v2\/pages\/111"}],"wp:featuredmedia":[{"embeddable":true,"href":"https:\/\/matis.is\/en\/wp-json\/wp\/v2\/media\/28783"}],"wp:attachment":[{"href":"https:\/\/matis.is\/en\/wp-json\/wp\/v2\/media?parent=112"}],"curies":[{"name":"wp","href":"https:\/\/api.w.org\/{rel}","templated":true}]}}