{"id":116,"date":"2020-10-26T09:38:28","date_gmt":"2020-10-26T09:38:28","guid":{"rendered":"https:\/\/matis.mareframe.eu\/?page_id=116"},"modified":"2022-02-23T11:21:12","modified_gmt":"2022-02-23T11:21:12","slug":"efnarannsoknir","status":"publish","type":"page","link":"https:\/\/matis.is\/en\/rannsoknir-og-nyskopun\/rannsoknaaherslur\/efnarannsoknir\/","title":{"rendered":"Chemical Analysis"},"content":{"rendered":"<h4 class=\"wp-block-heading\">One of Mat\u00eds&#039; roles is to improve the safety, quality and wholesomeness of food through research and development work.<\/h4>\n\n\n\n<p>Research is being carried out on the effects of desirable and undesirable substances in food and feed at Mat\u00eds. Emphasis is placed on monitoring and collecting data on the state of Icelandic food with regard to nutrients and pollutants, among other things so that Icelandic food producers, exporters and consumers can assess the state and position of Icelandic production compared to other countries. The data is also used in risk assessment and in marketing presentations of Icelandic food.<\/p>\n\n\n\n<p>Research is also being carried out into the composition of raw materials and products in food processing and feed preparation and the changes in their quality and safety that occur during processing and storage, such as nutritional value, synthesis or uptake of undesirable substances.<\/p>\n\n\n\n<p>Mat\u00eds also monitors unwanted substances in seafood and is working on a collaborative project on monitoring the marine environment around Iceland under the auspices of the Ministry of the Environment and Natural Resources in order to fulfill Iceland&#039;s obligations regarding OSPAR and the AMAP agreements. Chemical research and monitoring also include other foods that are produced in Iceland and \/ or imported into the country, such as vegetables and fruit.<\/p>\n\n\n\n<h4 class=\"wp-block-heading\">The expertise of Mat\u00eds employees includes:<\/h4>\n\n\n\n<ul class=\"wp-block-list\"><li>Research and measurement of inorganic trace elements (eg heavy metals such as mercury, lead, cadmium)<\/li><li>Organic trace elements (pesticides, PCBs, dioxins, brominated substances, etc.)<\/li><li>Environmental chemistry<\/li><li>Risk assessment<\/li><li>Risk presentation<\/li><\/ul>","protected":false},"excerpt":{"rendered":"<p>Eitt hlutverka Mat\u00eds er a\u00f0 b\u00e6ta \u00f6ryggi, g\u00e6\u00f0i og heiln\u00e6mi matv\u00e6la me\u00f0 ranns\u00f3knum og \u00fer\u00f3unarvinnu. Ger\u00f0ar eru ranns\u00f3knir \u00e1 \u00e1hrifum [&hellip;]<\/p>\n","protected":false},"author":1,"featured_media":29159,"parent":112,"menu_order":0,"comment_status":"closed","ping_status":"closed","template":"templates\/template-cover.php","meta":{"_acf_changed":false,"_uag_custom_page_level_css":"","site-sidebar-layout":"default","site-content-layout":"","ast-site-content-layout":"default","site-content-style":"default","site-sidebar-style":"default","ast-global-header-display":"","ast-banner-title-visibility":"","ast-main-header-display":"","ast-hfb-above-header-display":"","ast-hfb-below-header-display":"","ast-hfb-mobile-header-display":"","site-post-title":"","ast-breadcrumbs-content":"","ast-featured-img":"","footer-sml-layout":"","ast-disable-related-posts":"","theme-transparent-header-meta":"","adv-header-id-meta":"","stick-header-meta":"","header-above-stick-meta":"","header-main-stick-meta":"","header-below-stick-meta":"","astra-migrate-meta-layouts":"default","ast-page-background-enabled":"default","ast-page-background-meta":{"desktop":{"background-color":"var(--ast-global-color-5)","background-image":"","background-repeat":"repeat","background-position":"center center","background-size":"auto","background-attachment":"scroll","background-type":"","background-media":"","overlay-type":"","overlay-color":"","overlay-opacity":"","overlay-gradient":""},"tablet":{"background-color":"","background-image":"","background-repeat":"repeat","background-position":"center center","background-size":"auto","background-attachment":"scroll","background-type":"","background-media":"","overlay-type":"","overlay-color":"","overlay-opacity":"","overlay-gradient":""},"mobile":{"background-color":"","background-image":"","background-repeat":"repeat","background-position":"center center","background-size":"auto","background-attachment":"scroll","background-type":"","background-media":"","overlay-type":"","overlay-color":"","overlay-opacity":"","overlay-gradient":""}},"ast-content-background-meta":{"desktop":{"background-color":"var(--ast-global-color-4)","background-image":"","background-repeat":"repeat","background-position":"center center","background-size":"auto","background-attachment":"scroll","background-type":"","background-media":"","overlay-type":"","overlay-color":"","overlay-opacity":"","overlay-gradient":""},"tablet":{"background-color":"var(--ast-global-color-4)","background-image":"","background-repeat":"repeat","background-position":"center center","background-size":"auto","background-attachment":"scroll","background-type":"","background-media":"","overlay-type":"","overlay-color":"","overlay-opacity":"","overlay-gradient":""},"mobile":{"background-color":"var(--ast-global-color-4)","background-image":"","background-repeat":"repeat","background-position":"center center","background-size":"auto","background-attachment":"scroll","background-type":"","background-media":"","overlay-type":"","overlay-color":"","overlay-opacity":"","overlay-gradient":""}},"footnotes":""},"class_list":["post-116","page","type-page","status-publish","has-post-thumbnail","hentry"],"acf":[],"yoast_head":"<!-- This site is optimized with the Yoast SEO plugin v27.2 - https:\/\/yoast.com\/product\/yoast-seo-wordpress\/ -->\n<title>Efnam\u00e6lingar - Mat\u00eds<\/title>\n<meta name=\"description\" content=\"Eitt hlutverka Mat\u00eds er a\u00f0 b\u00e6ta \u00f6ryggi, g\u00e6\u00f0i og heiln\u00e6mi matv\u00e6la me\u00f0 ranns\u00f3knum og \u00fer\u00f3unarvinnu.\" \/>\n<meta name=\"robots\" content=\"index, follow, max-snippet:-1, max-image-preview:large, max-video-preview:-1\" \/>\n<link rel=\"canonical\" href=\"https:\/\/matis.is\/en\/rannsoknir-og-nyskopun\/rannsoknaaherslur\/efnarannsoknir\/\" \/>\n<meta property=\"og:locale\" content=\"en_GB\" \/>\n<meta property=\"og:type\" content=\"article\" \/>\n<meta property=\"og:title\" content=\"Efnam\u00e6lingar - Mat\u00eds\" \/>\n<meta property=\"og:description\" content=\"Eitt hlutverka Mat\u00eds er a\u00f0 b\u00e6ta \u00f6ryggi, g\u00e6\u00f0i og heiln\u00e6mi matv\u00e6la me\u00f0 ranns\u00f3knum og \u00fer\u00f3unarvinnu.\" \/>\n<meta property=\"og:url\" content=\"https:\/\/matis.is\/en\/rannsoknir-og-nyskopun\/rannsoknaaherslur\/efnarannsoknir\/\" \/>\n<meta property=\"og:site_name\" content=\"Mat\u00eds\" \/>\n<meta property=\"article:publisher\" content=\"https:\/\/www.facebook.com\/matisiceland\" \/>\n<meta property=\"article:modified_time\" content=\"2022-02-23T11:21:12+00:00\" \/>\n<meta property=\"og:image\" content=\"https:\/\/matis.is\/wp-content\/uploads\/2020\/11\/63_rannsoknastofa_matis_Akureyri-1531-scaled.jpg\" \/>\n\t<meta property=\"og:image:width\" content=\"2560\" \/>\n\t<meta property=\"og:image:height\" content=\"1263\" \/>\n\t<meta property=\"og:image:type\" content=\"image\/jpeg\" \/>\n<meta name=\"twitter:card\" content=\"summary_large_image\" \/>\n<meta name=\"twitter:site\" content=\"@matisiceland\" \/>\n<meta name=\"twitter:label1\" content=\"Estimated reading time\" \/>\n\t<meta name=\"twitter:data1\" content=\"1 minute\" \/>\n<script type=\"application\/ld+json\" class=\"yoast-schema-graph\">{\"@context\":\"https:\/\/schema.org\",\"@graph\":[{\"@type\":\"WebPage\",\"@id\":\"https:\/\/matis.is\/rannsoknir-og-nyskopun\/rannsoknaaherslur\/efnarannsoknir\/\",\"url\":\"https:\/\/matis.is\/rannsoknir-og-nyskopun\/rannsoknaaherslur\/efnarannsoknir\/\",\"name\":\"Efnam\u00e6lingar - Mat\u00eds\",\"isPartOf\":{\"@id\":\"https:\/\/matis.is\/#website\"},\"primaryImageOfPage\":{\"@id\":\"https:\/\/matis.is\/rannsoknir-og-nyskopun\/rannsoknaaherslur\/efnarannsoknir\/#primaryimage\"},\"image\":{\"@id\":\"https:\/\/matis.is\/rannsoknir-og-nyskopun\/rannsoknaaherslur\/efnarannsoknir\/#primaryimage\"},\"thumbnailUrl\":\"https:\/\/matis.is\/wp-content\/uploads\/2020\/11\/63_rannsoknastofa_matis_Akureyri-1531-scaled.jpg\",\"datePublished\":\"2020-10-26T09:38:28+00:00\",\"dateModified\":\"2022-02-23T11:21:12+00:00\",\"description\":\"Eitt hlutverka Mat\u00eds er a\u00f0 b\u00e6ta \u00f6ryggi, g\u00e6\u00f0i og heiln\u00e6mi matv\u00e6la me\u00f0 ranns\u00f3knum og \u00fer\u00f3unarvinnu.\",\"breadcrumb\":{\"@id\":\"https:\/\/matis.is\/rannsoknir-og-nyskopun\/rannsoknaaherslur\/efnarannsoknir\/#breadcrumb\"},\"inLanguage\":\"en-GB\",\"potentialAction\":[{\"@type\":\"ReadAction\",\"target\":[\"https:\/\/matis.is\/rannsoknir-og-nyskopun\/rannsoknaaherslur\/efnarannsoknir\/\"]}]},{\"@type\":\"ImageObject\",\"inLanguage\":\"en-GB\",\"@id\":\"https:\/\/matis.is\/rannsoknir-og-nyskopun\/rannsoknaaherslur\/efnarannsoknir\/#primaryimage\",\"url\":\"https:\/\/matis.is\/wp-content\/uploads\/2020\/11\/63_rannsoknastofa_matis_Akureyri-1531-scaled.jpg\",\"contentUrl\":\"https:\/\/matis.is\/wp-content\/uploads\/2020\/11\/63_rannsoknastofa_matis_Akureyri-1531-scaled.jpg\",\"width\":2560,\"height\":1263},{\"@type\":\"BreadcrumbList\",\"@id\":\"https:\/\/matis.is\/rannsoknir-og-nyskopun\/rannsoknaaherslur\/efnarannsoknir\/#breadcrumb\",\"itemListElement\":[{\"@type\":\"ListItem\",\"position\":1,\"name\":\"Home\",\"item\":\"https:\/\/matis.is\/\"},{\"@type\":\"ListItem\",\"position\":2,\"name\":\"Ranns\u00f3knir og n\u00fdsk\u00f6pun\",\"item\":\"https:\/\/matis.is\/rannsoknir-og-nyskopun\/\"},{\"@type\":\"ListItem\",\"position\":3,\"name\":\"Fagsvi\u00f0\",\"item\":\"https:\/\/matis.is\/rannsoknir-og-nyskopun\/rannsoknaaherslur\/\"},{\"@type\":\"ListItem\",\"position\":4,\"name\":\"Efnam\u00e6lingar\"}]},{\"@type\":\"WebSite\",\"@id\":\"https:\/\/matis.is\/#website\",\"url\":\"https:\/\/matis.is\/\",\"name\":\"Mat\u00eds\",\"description\":\"Ver\u00f0m\u00e6task\u00f6pun, matv\u00e6la\u00f6ryggi og l\u00fd\u00f0heilsa\",\"publisher\":{\"@id\":\"https:\/\/matis.is\/#organization\"},\"potentialAction\":[{\"@type\":\"SearchAction\",\"target\":{\"@type\":\"EntryPoint\",\"urlTemplate\":\"https:\/\/matis.is\/?s={search_term_string}\"},\"query-input\":{\"@type\":\"PropertyValueSpecification\",\"valueRequired\":true,\"valueName\":\"search_term_string\"}}],\"inLanguage\":\"en-GB\"},{\"@type\":\"Organization\",\"@id\":\"https:\/\/matis.is\/#organization\",\"name\":\"Mat\u00eds ohf.\",\"url\":\"https:\/\/matis.is\/\",\"logo\":{\"@type\":\"ImageObject\",\"inLanguage\":\"en-GB\",\"@id\":\"https:\/\/matis.is\/#\/schema\/logo\/image\/\",\"url\":\"https:\/\/matis.is\/wp-content\/uploads\/2021\/02\/matis_logo_blatthvitt.png\",\"contentUrl\":\"https:\/\/matis.is\/wp-content\/uploads\/2021\/02\/matis_logo_blatthvitt.png\",\"width\":1507,\"height\":1507,\"caption\":\"Mat\u00eds ohf.\"},\"image\":{\"@id\":\"https:\/\/matis.is\/#\/schema\/logo\/image\/\"},\"sameAs\":[\"https:\/\/www.facebook.com\/matisiceland\",\"https:\/\/x.com\/matisiceland\",\"https:\/\/www.instagram.com\/matisiceland\/\",\"https:\/\/www.linkedin.com\/matisiceland\/\",\"https:\/\/www.youtube.com\/channel\/UCY-frt3uTqgVZW-DLjoo5bA\"]}]}<\/script>\n<!-- \/ Yoast SEO plugin. -->","yoast_head_json":{"title":"Chemical measurements - Mat\u00eds","description":"One of Mat\u00eds&#039; roles is to improve the safety, quality and wholesomeness of food through research and development work.","robots":{"index":"index","follow":"follow","max-snippet":"max-snippet:-1","max-image-preview":"max-image-preview:large","max-video-preview":"max-video-preview:-1"},"canonical":"https:\/\/matis.is\/en\/rannsoknir-og-nyskopun\/rannsoknaaherslur\/efnarannsoknir\/","og_locale":"en_GB","og_type":"article","og_title":"Efnam\u00e6lingar - Mat\u00eds","og_description":"Eitt hlutverka Mat\u00eds er a\u00f0 b\u00e6ta \u00f6ryggi, g\u00e6\u00f0i og heiln\u00e6mi matv\u00e6la me\u00f0 ranns\u00f3knum og \u00fer\u00f3unarvinnu.","og_url":"https:\/\/matis.is\/en\/rannsoknir-og-nyskopun\/rannsoknaaherslur\/efnarannsoknir\/","og_site_name":"Mat\u00eds","article_publisher":"https:\/\/www.facebook.com\/matisiceland","article_modified_time":"2022-02-23T11:21:12+00:00","og_image":[{"width":2560,"height":1263,"url":"https:\/\/matis.is\/wp-content\/uploads\/2020\/11\/63_rannsoknastofa_matis_Akureyri-1531-scaled.jpg","type":"image\/jpeg"}],"twitter_card":"summary_large_image","twitter_site":"@matisiceland","twitter_misc":{"Estimated reading time":"1 minute"},"schema":{"@context":"https:\/\/schema.org","@graph":[{"@type":"WebPage","@id":"https:\/\/matis.is\/rannsoknir-og-nyskopun\/rannsoknaaherslur\/efnarannsoknir\/","url":"https:\/\/matis.is\/rannsoknir-og-nyskopun\/rannsoknaaherslur\/efnarannsoknir\/","name":"Chemical measurements - Mat\u00eds","isPartOf":{"@id":"https:\/\/matis.is\/#website"},"primaryImageOfPage":{"@id":"https:\/\/matis.is\/rannsoknir-og-nyskopun\/rannsoknaaherslur\/efnarannsoknir\/#primaryimage"},"image":{"@id":"https:\/\/matis.is\/rannsoknir-og-nyskopun\/rannsoknaaherslur\/efnarannsoknir\/#primaryimage"},"thumbnailUrl":"https:\/\/matis.is\/wp-content\/uploads\/2020\/11\/63_rannsoknastofa_matis_Akureyri-1531-scaled.jpg","datePublished":"2020-10-26T09:38:28+00:00","dateModified":"2022-02-23T11:21:12+00:00","description":"One of Mat\u00eds&#039; roles is to improve the safety, quality and wholesomeness of food through research and development work.","breadcrumb":{"@id":"https:\/\/matis.is\/rannsoknir-og-nyskopun\/rannsoknaaherslur\/efnarannsoknir\/#breadcrumb"},"inLanguage":"en-GB","potentialAction":[{"@type":"ReadAction","target":["https:\/\/matis.is\/rannsoknir-og-nyskopun\/rannsoknaaherslur\/efnarannsoknir\/"]}]},{"@type":"ImageObject","inLanguage":"en-GB","@id":"https:\/\/matis.is\/rannsoknir-og-nyskopun\/rannsoknaaherslur\/efnarannsoknir\/#primaryimage","url":"https:\/\/matis.is\/wp-content\/uploads\/2020\/11\/63_rannsoknastofa_matis_Akureyri-1531-scaled.jpg","contentUrl":"https:\/\/matis.is\/wp-content\/uploads\/2020\/11\/63_rannsoknastofa_matis_Akureyri-1531-scaled.jpg","width":2560,"height":1263},{"@type":"BreadcrumbList","@id":"https:\/\/matis.is\/rannsoknir-og-nyskopun\/rannsoknaaherslur\/efnarannsoknir\/#breadcrumb","itemListElement":[{"@type":"ListItem","position":1,"name":"Home","item":"https:\/\/matis.is\/"},{"@type":"ListItem","position":2,"name":"Ranns\u00f3knir og n\u00fdsk\u00f6pun","item":"https:\/\/matis.is\/rannsoknir-og-nyskopun\/"},{"@type":"ListItem","position":3,"name":"Fagsvi\u00f0","item":"https:\/\/matis.is\/rannsoknir-og-nyskopun\/rannsoknaaherslur\/"},{"@type":"ListItem","position":4,"name":"Efnam\u00e6lingar"}]},{"@type":"WebSite","@id":"https:\/\/matis.is\/#website","url":"https:\/\/matis.is\/","name":"Mat\u00eds","description":"Value creation, food security and public health","publisher":{"@id":"https:\/\/matis.is\/#organization"},"potentialAction":[{"@type":"SearchAction","target":{"@type":"EntryPoint","urlTemplate":"https:\/\/matis.is\/?s={search_term_string}"},"query-input":{"@type":"PropertyValueSpecification","valueRequired":true,"valueName":"search_term_string"}}],"inLanguage":"en-GB"},{"@type":"Organization","@id":"https:\/\/matis.is\/#organization","name":"Mat\u00eds ohf.","url":"https:\/\/matis.is\/","logo":{"@type":"ImageObject","inLanguage":"en-GB","@id":"https:\/\/matis.is\/#\/schema\/logo\/image\/","url":"https:\/\/matis.is\/wp-content\/uploads\/2021\/02\/matis_logo_blatthvitt.png","contentUrl":"https:\/\/matis.is\/wp-content\/uploads\/2021\/02\/matis_logo_blatthvitt.png","width":1507,"height":1507,"caption":"Mat\u00eds ohf."},"image":{"@id":"https:\/\/matis.is\/#\/schema\/logo\/image\/"},"sameAs":["https:\/\/www.facebook.com\/matisiceland","https:\/\/x.com\/matisiceland","https:\/\/www.instagram.com\/matisiceland\/","https:\/\/www.linkedin.com\/matisiceland\/","https:\/\/www.youtube.com\/channel\/UCY-frt3uTqgVZW-DLjoo5bA"]}]}},"spectra_custom_meta":{"_customize_changeset_uuid":["f5086d92-e840-4a82-9c71-253f2dcbdbeb"],"_edit_lock":["1645615765:5"],"_edit_last":["5"],"tengilidur":["28261"],"_tengilidur":["field_5ef905e0538b2"],"valmynd_a_undirsidu":["1"],"_valmynd_a_undirsidu":["field_5f9970348837c"],"undirvalmynd_a_parentsidu":["0"],"_undirvalmynd_a_parentsidu":["field_5f9addfe68a79"],"_thumbnail_id":["29159"],"_wp_page_template":["templates\/template-cover.php"],"_yoast_wpseo_content_score":["60"],"_yoast_wpseo_estimated-reading-time-minutes":["1"],"_yoast_wpseo_metadesc":["Eitt hlutverka Mat\u00eds er a\u00f0 b\u00e6ta \u00f6ryggi, g\u00e6\u00f0i og heiln\u00e6mi matv\u00e6la me\u00f0 ranns\u00f3knum og \u00fer\u00f3unarvinnu."],"_uag_css_file_name":["uag-css-116.css"],"_uag_page_assets":["a:9:{s:3:\"css\";s:0:\"\";s:2:\"js\";s:0:\"\";s:18:\"current_block_list\";a:7:{i:0;s:12:\"core\/heading\";i:1;s:14:\"core\/paragraph\";i:2;s:9:\"core\/list\";i:3;s:12:\"core\/buttons\";i:4;s:11:\"core\/button\";i:5;s:12:\"core\/columns\";i:6;s:11:\"core\/column\";}s:8:\"uag_flag\";b:0;s:11:\"uag_version\";s:10:\"1774608973\";s:6:\"gfonts\";a:0:{}s:10:\"gfonts_url\";s:0:\"\";s:12:\"gfonts_files\";a:0:{}s:14:\"uag_faq_layout\";b:0;}"]},"uagb_featured_image_src":{"full":["https:\/\/matis.is\/wp-content\/uploads\/2020\/11\/63_rannsoknastofa_matis_Akureyri-1531-scaled.jpg",2560,1263,false],"thumbnail":["https:\/\/matis.is\/wp-content\/uploads\/2020\/11\/63_rannsoknastofa_matis_Akureyri-1531-150x150.jpg",150,150,true],"medium":["https:\/\/matis.is\/wp-content\/uploads\/2020\/11\/63_rannsoknastofa_matis_Akureyri-1531-300x148.jpg",300,148,true],"medium_large":["https:\/\/matis.is\/wp-content\/uploads\/2020\/11\/63_rannsoknastofa_matis_Akureyri-1531-768x379.jpg",768,379,true],"large":["https:\/\/matis.is\/wp-content\/uploads\/2020\/11\/63_rannsoknastofa_matis_Akureyri-1531-1024x505.jpg",1024,505,true],"1536x1536":["https:\/\/matis.is\/wp-content\/uploads\/2020\/11\/63_rannsoknastofa_matis_Akureyri-1531-1536x758.jpg",1536,758,true],"2048x2048":["https:\/\/matis.is\/wp-content\/uploads\/2020\/11\/63_rannsoknastofa_matis_Akureyri-1531-2048x1010.jpg",2048,1010,true],"trp-custom-language-flag":["https:\/\/matis.is\/wp-content\/uploads\/2020\/11\/63_rannsoknastofa_matis_Akureyri-1531-scaled.jpg",18,9,false]},"uagb_author_info":{"display_name":"admin","author_link":"https:\/\/matis.is\/en\/author\/thormodurmatis-is\/"},"uagb_comment_info":0,"uagb_excerpt":"Eitt hlutverka Mat\u00eds er a\u00f0 b\u00e6ta \u00f6ryggi, g\u00e6\u00f0i og heiln\u00e6mi matv\u00e6la me\u00f0 ranns\u00f3knum og \u00fer\u00f3unarvinnu. Ger\u00f0ar eru ranns\u00f3knir \u00e1 \u00e1hrifum [&hellip;]","_links":{"self":[{"href":"https:\/\/matis.is\/en\/wp-json\/wp\/v2\/pages\/116","targetHints":{"allow":["GET"]}}],"collection":[{"href":"https:\/\/matis.is\/en\/wp-json\/wp\/v2\/pages"}],"about":[{"href":"https:\/\/matis.is\/en\/wp-json\/wp\/v2\/types\/page"}],"author":[{"embeddable":true,"href":"https:\/\/matis.is\/en\/wp-json\/wp\/v2\/users\/1"}],"replies":[{"embeddable":true,"href":"https:\/\/matis.is\/en\/wp-json\/wp\/v2\/comments?post=116"}],"version-history":[{"count":3,"href":"https:\/\/matis.is\/en\/wp-json\/wp\/v2\/pages\/116\/revisions"}],"predecessor-version":[{"id":45746,"href":"https:\/\/matis.is\/en\/wp-json\/wp\/v2\/pages\/116\/revisions\/45746"}],"up":[{"embeddable":true,"href":"https:\/\/matis.is\/en\/wp-json\/wp\/v2\/pages\/112"}],"wp:featuredmedia":[{"embeddable":true,"href":"https:\/\/matis.is\/en\/wp-json\/wp\/v2\/media\/29159"}],"wp:attachment":[{"href":"https:\/\/matis.is\/en\/wp-json\/wp\/v2\/media?parent=116"}],"curies":[{"name":"wp","href":"https:\/\/api.w.org\/{rel}","templated":true}]}}