{"id":166,"date":"2020-10-26T10:18:23","date_gmt":"2020-10-26T10:18:23","guid":{"rendered":"https:\/\/matis.mareframe.eu\/?page_id=166"},"modified":"2026-02-09T10:58:10","modified_gmt":"2026-02-09T10:58:10","slug":"tilvisunarrannsoknastofa","status":"publish","type":"page","link":"https:\/\/matis.is\/en\/maelingar-og-thjonusta\/tilvisunarrannsoknastofa\/","title":{"rendered":"National Reference Laboratory"},"content":{"rendered":"<h4 class=\"wp-block-heading\">Tilv\u00edsunarranns\u00f3knarstofur Mat\u00eds eru einar \u00fe\u00e6r fullkomnustu \u00e1 landinu og geta m\u00e6tt margv\u00edslegum \u00fe\u00f6rfum vi\u00f0skiptamanna me\u00f0 brei\u00f0u umfangi faggildra m\u00e6lia\u00f0fer\u00f0a \u00e1 m\u00f6rgum mismunandi svi\u00f0um.<\/h4>\n\n\n\n<p>Mat\u00eds and the Food Ministry (MAR) have agreed on the operation of Mat\u00eds reference laboratories (TVR;&nbsp;<em>e<\/em>.&nbsp;<em>National Reference Laboratory<\/em>&nbsp;(<em>NRL<\/em>)) in accordance with regulation no. 234\/2020 and Act no. 93\/1995. According to the agreement, Mat\u00eds is in charge of TVR&#039;s operations in 11 areas:<\/p>\n\n\n\n<ul class=\"wp-block-list\">\n<li>Salmonella in food - <a href=\"https:\/\/matis.is\/en\/matis_staff\/pall-steinthorsson\/\">P\u00e1ll Stein\u00fe\u00f3rsson<\/a><\/li>\n\n\n\n<li>Monitoring of marine life - <a href=\"https:\/\/matis.is\/en\/matis_staff\/sophie-jensen\/\">Sophie Jensen<\/a>\/<a href=\"https:\/\/matis.is\/en\/matis_staff\/ildiko-olajos\/\">Ildiko Olajos<\/a><\/li>\n\n\n\n<li>Listeria monocytogenes<\/li>\n\n\n\n<li>Staphylococcus aureus - <a href=\"https:\/\/matis.is\/en\/matis_staff\/kristrun-sigurjonsdottir\/\">Kristr\u00fan Sigurj\u00f3nssd\u00f3ttir<\/a><\/li>\n\n\n\n<li>Pathogenic E. Coli - <a href=\"https:\/\/matis.is\/en\/matis_staff\/hrolfur-sigurdsson\/\">Hr\u00f3lfur Sigur\u00f0sson<\/a><\/li>\n\n\n\n<li>Animal protein in feed - <a href=\"https:\/\/matis.is\/en\/matis_staff\/halldora-vidarsdottir\/\">Halld\u00f3ra Vi\u00f0arsd\u00f3ttir<\/a><\/li>\n\n\n\n<li>Pesticides - <a href=\"https:\/\/matis.is\/en\/matis_staff\/eydis-ylfa-erlendsdottir\/\">Eyd\u00eds Ylfa Erlendsd\u00f3ttir<\/a><\/li>\n\n\n\n<li>Heavy metals in feed and food - <a href=\"https:\/\/matis.is\/en\/matis_staff\/natasa-desnica\/\">Natasa Desnica<\/a><\/li>\n\n\n\n<li>Fungicides - <a href=\"https:\/\/matis.is\/en\/matis_staff\/sophie-jensen\/\">Sophie Jensen<\/a><\/li>\n\n\n\n<li>PAH - <a href=\"https:\/\/matis.is\/en\/matis_staff\/ildiko-olajos\/\">Ildiko Olajos<\/a><\/li>\n\n\n\n<li>PCBs and dioxins - <a href=\"https:\/\/matis.is\/en\/matis_staff\/natasa-desnica\/\">Natasa Desnica<\/a><\/li>\n<\/ul>\n\n\n\n<p>Reference laboratories in Iceland operate in collaboration with other reference laboratories in the European Economic Area. The statutory role and main responsibilities of the reference laboratory are diverse and include the coordination of the activities of nominated public research in each country. This includes advice and guidance on measurement methods, participation in the development and verification of measurement methods and the organization of comparative tests, inform designated laboratories in the field of measurement about comparative tests, monitor laboratory results and offer assistance or take actions according to Art. a specific process if necessary, disseminating knowledge and information from foreign reference laboratories to laboratories in Iceland, providing scientific and technical assistance to the competent authorities and maintaining accreditation.<\/p>\n\n\n\n<p>It should be noted that Mat\u00eds is not a supervisory body, supervision is in the hands of Matv\u00e6lastofnun (MAST), or those parties to whom Matv\u00e6lastofnun entrusts the implementation of supervision. Mat\u00eds Reference Laboratories are one of the most advanced in the country and can meet the diverse needs of customers with a wide range of accredited measurement methods in many different areas. The laboratories are also well connected to foreign laboratories and mediate measurements that cannot be performed in Iceland.<\/p>\n\n\n\n<div class=\"wp-block-columns are-vertically-aligned-center m_cta has-border-color has-background is-layout-flex wp-container-core-columns-is-layout-28f84493 wp-block-columns-is-layout-flex\" style=\"border-color:var(--ast-global-color-2);border-width:1px;border-top-left-radius:5px;border-top-right-radius:5px;border-bottom-left-radius:5px;border-bottom-right-radius:5px;background-color:#ffffff\">\n<div class=\"wp-block-column is-vertically-aligned-center is-layout-flow wp-block-column-is-layout-flow\" style=\"flex-basis:66.66%\">\n<h3 class=\"wp-block-heading\" style=\"font-size:22px\">Would you like to send an inquiry to the Reference Laboratory?<\/h3>\n<\/div>\n\n\n\n<div class=\"wp-block-column is-vertically-aligned-center is-layout-flow wp-block-column-is-layout-flow\" style=\"flex-basis:50%\">\n<div class=\"wp-block-buttons is-layout-flex wp-block-buttons-is-layout-flex\">\n<div class=\"wp-block-button m_button\"><a class=\"wp-block-button__link wp-element-button\" style=\"text-transform:none\">Send us an inquiry<\/a><\/div>\n<\/div>\n<\/div>\n<\/div>","protected":false},"excerpt":{"rendered":"<p>Tilv\u00edsunarranns\u00f3knarstofur Mat\u00eds eru einar \u00fe\u00e6r fullkomnustu \u00e1 landinu og geta m\u00e6tt margv\u00edslegum \u00fe\u00f6rfum vi\u00f0skiptamanna me\u00f0 brei\u00f0u umfangi faggildra m\u00e6lia\u00f0fer\u00f0a \u00e1 [&hellip;]<\/p>\n","protected":false},"author":1,"featured_media":28718,"parent":61,"menu_order":0,"comment_status":"closed","ping_status":"closed","template":"","meta":{"_acf_changed":false,"_uag_custom_page_level_css":"","site-sidebar-layout":"default","site-content-layout":"","ast-site-content-layout":"default","site-content-style":"default","site-sidebar-style":"default","ast-global-header-display":"","ast-banner-title-visibility":"","ast-main-header-display":"","ast-hfb-above-header-display":"","ast-hfb-below-header-display":"","ast-hfb-mobile-header-display":"","site-post-title":"","ast-breadcrumbs-content":"","ast-featured-img":"","footer-sml-layout":"","ast-disable-related-posts":"","theme-transparent-header-meta":"","adv-header-id-meta":"","stick-header-meta":"","header-above-stick-meta":"","header-main-stick-meta":"","header-below-stick-meta":"","astra-migrate-meta-layouts":"default","ast-page-background-enabled":"default","ast-page-background-meta":{"desktop":{"background-color":"var(--ast-global-color-5)","background-image":"","background-repeat":"repeat","background-position":"center center","background-size":"auto","background-attachment":"scroll","background-type":"","background-media":"","overlay-type":"","overlay-color":"","overlay-opacity":"","overlay-gradient":""},"tablet":{"background-color":"","background-image":"","background-repeat":"repeat","background-position":"center center","background-size":"auto","background-attachment":"scroll","background-type":"","background-media":"","overlay-type":"","overlay-color":"","overlay-opacity":"","overlay-gradient":""},"mobile":{"background-color":"","background-image":"","background-repeat":"repeat","background-position":"center center","background-size":"auto","background-attachment":"scroll","background-type":"","background-media":"","overlay-type":"","overlay-color":"","overlay-opacity":"","overlay-gradient":""}},"ast-content-background-meta":{"desktop":{"background-color":"var(--ast-global-color-4)","background-image":"","background-repeat":"repeat","background-position":"center center","background-size":"auto","background-attachment":"scroll","background-type":"","background-media":"","overlay-type":"","overlay-color":"","overlay-opacity":"","overlay-gradient":""},"tablet":{"background-color":"var(--ast-global-color-4)","background-image":"","background-repeat":"repeat","background-position":"center center","background-size":"auto","background-attachment":"scroll","background-type":"","background-media":"","overlay-type":"","overlay-color":"","overlay-opacity":"","overlay-gradient":""},"mobile":{"background-color":"var(--ast-global-color-4)","background-image":"","background-repeat":"repeat","background-position":"center center","background-size":"auto","background-attachment":"scroll","background-type":"","background-media":"","overlay-type":"","overlay-color":"","overlay-opacity":"","overlay-gradient":""}},"footnotes":""},"class_list":["post-166","page","type-page","status-publish","has-post-thumbnail","hentry"],"acf":[],"yoast_head":"<!-- This site is optimized with the Yoast SEO plugin v27.4 - https:\/\/yoast.com\/product\/yoast-seo-wordpress\/ -->\n<title>Tilv\u00edsunar\u00adranns\u00f3kna\u00adstofa - Mat\u00eds<\/title>\n<meta name=\"description\" content=\"Tilv\u00edsunarranns\u00f3knarstofur Mat\u00eds eru einar \u00fe\u00e6r fullkomnastu \u00e1 landinu og geta m\u00e6tt margv\u00edslegum \u00fe\u00f6rfum vi\u00f0skiptamanna me\u00f0 brei\u00f0u umfangi faggildra m\u00e6lia\u00f0fer\u00f0a \u00e1 m\u00f6rgum mismunandi svi\u00f0um.\" \/>\n<meta name=\"robots\" content=\"index, follow, max-snippet:-1, max-image-preview:large, max-video-preview:-1\" \/>\n<link rel=\"canonical\" href=\"https:\/\/matis.is\/en\/maelingar-og-thjonusta\/tilvisunarrannsoknastofa\/\" \/>\n<meta property=\"og:locale\" content=\"en_GB\" \/>\n<meta property=\"og:type\" content=\"article\" \/>\n<meta property=\"og:title\" content=\"Tilv\u00edsunar\u00adranns\u00f3kna\u00adstofa - Mat\u00eds\" \/>\n<meta property=\"og:description\" content=\"Tilv\u00edsunarranns\u00f3knarstofur Mat\u00eds eru einar \u00fe\u00e6r fullkomnastu \u00e1 landinu og geta m\u00e6tt margv\u00edslegum \u00fe\u00f6rfum vi\u00f0skiptamanna me\u00f0 brei\u00f0u umfangi faggildra m\u00e6lia\u00f0fer\u00f0a \u00e1 m\u00f6rgum mismunandi svi\u00f0um.\" \/>\n<meta property=\"og:url\" content=\"https:\/\/matis.is\/en\/maelingar-og-thjonusta\/tilvisunarrannsoknastofa\/\" \/>\n<meta property=\"og:site_name\" content=\"Mat\u00eds\" \/>\n<meta property=\"article:publisher\" content=\"https:\/\/www.facebook.com\/matisiceland\" \/>\n<meta property=\"article:modified_time\" content=\"2026-02-09T10:58:10+00:00\" \/>\n<meta property=\"og:image\" content=\"https:\/\/matis.is\/wp-content\/uploads\/2020\/10\/Starfsmadur_ad_storfum_2-scaled.jpg\" \/>\n\t<meta property=\"og:image:width\" content=\"1707\" \/>\n\t<meta property=\"og:image:height\" content=\"2560\" \/>\n\t<meta property=\"og:image:type\" content=\"image\/jpeg\" \/>\n<meta name=\"twitter:card\" content=\"summary_large_image\" \/>\n<meta name=\"twitter:site\" content=\"@matisiceland\" \/>\n<meta name=\"twitter:label1\" content=\"Estimated reading time\" \/>\n\t<meta name=\"twitter:data1\" content=\"2 minutes\" \/>\n<script type=\"application\/ld+json\" class=\"yoast-schema-graph\">{\"@context\":\"https:\\\/\\\/schema.org\",\"@graph\":[{\"@type\":\"WebPage\",\"@id\":\"https:\\\/\\\/matis.is\\\/maelingar-og-thjonusta\\\/tilvisunarrannsoknastofa\\\/\",\"url\":\"https:\\\/\\\/matis.is\\\/maelingar-og-thjonusta\\\/tilvisunarrannsoknastofa\\\/\",\"name\":\"Tilv\u00edsunar\u00adranns\u00f3kna\u00adstofa - Mat\u00eds\",\"isPartOf\":{\"@id\":\"https:\\\/\\\/matis.is\\\/#website\"},\"primaryImageOfPage\":{\"@id\":\"https:\\\/\\\/matis.is\\\/maelingar-og-thjonusta\\\/tilvisunarrannsoknastofa\\\/#primaryimage\"},\"image\":{\"@id\":\"https:\\\/\\\/matis.is\\\/maelingar-og-thjonusta\\\/tilvisunarrannsoknastofa\\\/#primaryimage\"},\"thumbnailUrl\":\"https:\\\/\\\/matis.is\\\/wp-content\\\/uploads\\\/2020\\\/10\\\/Starfsmadur_ad_storfum_2-scaled.jpg\",\"datePublished\":\"2020-10-26T10:18:23+00:00\",\"dateModified\":\"2026-02-09T10:58:10+00:00\",\"description\":\"Tilv\u00edsunarranns\u00f3knarstofur Mat\u00eds eru einar \u00fe\u00e6r fullkomnastu \u00e1 landinu og geta m\u00e6tt margv\u00edslegum \u00fe\u00f6rfum vi\u00f0skiptamanna me\u00f0 brei\u00f0u umfangi faggildra m\u00e6lia\u00f0fer\u00f0a \u00e1 m\u00f6rgum mismunandi svi\u00f0um.\",\"breadcrumb\":{\"@id\":\"https:\\\/\\\/matis.is\\\/maelingar-og-thjonusta\\\/tilvisunarrannsoknastofa\\\/#breadcrumb\"},\"inLanguage\":\"en-GB\",\"potentialAction\":[{\"@type\":\"ReadAction\",\"target\":[\"https:\\\/\\\/matis.is\\\/maelingar-og-thjonusta\\\/tilvisunarrannsoknastofa\\\/\"]}]},{\"@type\":\"ImageObject\",\"inLanguage\":\"en-GB\",\"@id\":\"https:\\\/\\\/matis.is\\\/maelingar-og-thjonusta\\\/tilvisunarrannsoknastofa\\\/#primaryimage\",\"url\":\"https:\\\/\\\/matis.is\\\/wp-content\\\/uploads\\\/2020\\\/10\\\/Starfsmadur_ad_storfum_2-scaled.jpg\",\"contentUrl\":\"https:\\\/\\\/matis.is\\\/wp-content\\\/uploads\\\/2020\\\/10\\\/Starfsmadur_ad_storfum_2-scaled.jpg\",\"width\":1707,\"height\":2560},{\"@type\":\"BreadcrumbList\",\"@id\":\"https:\\\/\\\/matis.is\\\/maelingar-og-thjonusta\\\/tilvisunarrannsoknastofa\\\/#breadcrumb\",\"itemListElement\":[{\"@type\":\"ListItem\",\"position\":1,\"name\":\"Home\",\"item\":\"https:\\\/\\\/matis.is\\\/\"},{\"@type\":\"ListItem\",\"position\":2,\"name\":\"M\u00e6lingar og \u00fej\u00f3nusta\",\"item\":\"https:\\\/\\\/matis.is\\\/maelingar-og-thjonusta\\\/\"},{\"@type\":\"ListItem\",\"position\":3,\"name\":\"Tilv\u00edsunar\u00adranns\u00f3kna\u00adstofa\"}]},{\"@type\":\"WebSite\",\"@id\":\"https:\\\/\\\/matis.is\\\/#website\",\"url\":\"https:\\\/\\\/matis.is\\\/\",\"name\":\"Mat\u00eds\",\"description\":\"Ver\u00f0m\u00e6task\u00f6pun, matv\u00e6la\u00f6ryggi og l\u00fd\u00f0heilsa\",\"publisher\":{\"@id\":\"https:\\\/\\\/matis.is\\\/#organization\"},\"potentialAction\":[{\"@type\":\"SearchAction\",\"target\":{\"@type\":\"EntryPoint\",\"urlTemplate\":\"https:\\\/\\\/matis.is\\\/?s={search_term_string}\"},\"query-input\":{\"@type\":\"PropertyValueSpecification\",\"valueRequired\":true,\"valueName\":\"search_term_string\"}}],\"inLanguage\":\"en-GB\"},{\"@type\":\"Organization\",\"@id\":\"https:\\\/\\\/matis.is\\\/#organization\",\"name\":\"Mat\u00eds ohf.\",\"url\":\"https:\\\/\\\/matis.is\\\/\",\"logo\":{\"@type\":\"ImageObject\",\"inLanguage\":\"en-GB\",\"@id\":\"https:\\\/\\\/matis.is\\\/#\\\/schema\\\/logo\\\/image\\\/\",\"url\":\"https:\\\/\\\/matis.is\\\/wp-content\\\/uploads\\\/2021\\\/02\\\/matis_logo_blatthvitt.png\",\"contentUrl\":\"https:\\\/\\\/matis.is\\\/wp-content\\\/uploads\\\/2021\\\/02\\\/matis_logo_blatthvitt.png\",\"width\":1507,\"height\":1507,\"caption\":\"Mat\u00eds ohf.\"},\"image\":{\"@id\":\"https:\\\/\\\/matis.is\\\/#\\\/schema\\\/logo\\\/image\\\/\"},\"sameAs\":[\"https:\\\/\\\/www.facebook.com\\\/matisiceland\",\"https:\\\/\\\/x.com\\\/matisiceland\",\"https:\\\/\\\/www.instagram.com\\\/matisiceland\\\/\",\"https:\\\/\\\/www.linkedin.com\\\/matisiceland\\\/\",\"https:\\\/\\\/www.youtube.com\\\/channel\\\/UCY-frt3uTqgVZW-DLjoo5bA\"]}]}<\/script>\n<!-- \/ Yoast SEO plugin. -->","yoast_head_json":{"title":"Reference Laboratory - Mat\u00eds","description":"Mat\u00eds acts as a National Reference Laboratory (NRL) under Regulation (EC) No 882\/2004. This regulation covers official controls performed to ensure the verification of compliance with feed and food law, animal health and animal welfare rules, and establishes a network of European and National Reference laboratories. In each area of food and feed control, a European Reference Laboratory (EURL) is identified to coordinate activities in this area. They are supported by a network of National Reference laboratories (NRL) who co-ordinate activities within their own member state and contribute to the European wide activities.","robots":{"index":"index","follow":"follow","max-snippet":"max-snippet:-1","max-image-preview":"max-image-preview:large","max-video-preview":"max-video-preview:-1"},"canonical":"https:\/\/matis.is\/en\/maelingar-og-thjonusta\/tilvisunarrannsoknastofa\/","og_locale":"en_GB","og_type":"article","og_title":"Tilv\u00edsunar\u00adranns\u00f3kna\u00adstofa - Mat\u00eds","og_description":"Tilv\u00edsunarranns\u00f3knarstofur Mat\u00eds eru einar \u00fe\u00e6r fullkomnastu \u00e1 landinu og geta m\u00e6tt margv\u00edslegum \u00fe\u00f6rfum vi\u00f0skiptamanna me\u00f0 brei\u00f0u umfangi faggildra m\u00e6lia\u00f0fer\u00f0a \u00e1 m\u00f6rgum mismunandi svi\u00f0um.","og_url":"https:\/\/matis.is\/en\/maelingar-og-thjonusta\/tilvisunarrannsoknastofa\/","og_site_name":"Mat\u00eds","article_publisher":"https:\/\/www.facebook.com\/matisiceland","article_modified_time":"2026-02-09T10:58:10+00:00","og_image":[{"width":1707,"height":2560,"url":"https:\/\/matis.is\/wp-content\/uploads\/2020\/10\/Starfsmadur_ad_storfum_2-scaled.jpg","type":"image\/jpeg"}],"twitter_card":"summary_large_image","twitter_site":"@matisiceland","twitter_misc":{"Estimated reading time":"2 minutes"},"schema":{"@context":"https:\/\/schema.org","@graph":[{"@type":"WebPage","@id":"https:\/\/matis.is\/maelingar-og-thjonusta\/tilvisunarrannsoknastofa\/","url":"https:\/\/matis.is\/maelingar-og-thjonusta\/tilvisunarrannsoknastofa\/","name":"Reference Laboratory - Mat\u00eds","isPartOf":{"@id":"https:\/\/matis.is\/#website"},"primaryImageOfPage":{"@id":"https:\/\/matis.is\/maelingar-og-thjonusta\/tilvisunarrannsoknastofa\/#primaryimage"},"image":{"@id":"https:\/\/matis.is\/maelingar-og-thjonusta\/tilvisunarrannsoknastofa\/#primaryimage"},"thumbnailUrl":"https:\/\/matis.is\/wp-content\/uploads\/2020\/10\/Starfsmadur_ad_storfum_2-scaled.jpg","datePublished":"2020-10-26T10:18:23+00:00","dateModified":"2026-02-09T10:58:10+00:00","description":"Mat\u00eds acts as a National Reference Laboratory (NRL) under Regulation (EC) No 882\/2004. This regulation covers official controls performed to ensure the verification of compliance with feed and food law, animal health and animal welfare rules, and establishes a network of European and National Reference laboratories. In each area of food and feed control, a European Reference Laboratory (EURL) is identified to coordinate activities in this area. They are supported by a network of National Reference laboratories (NRL) who co-ordinate activities within their own member state and contribute to the European wide activities.","breadcrumb":{"@id":"https:\/\/matis.is\/maelingar-og-thjonusta\/tilvisunarrannsoknastofa\/#breadcrumb"},"inLanguage":"en-GB","potentialAction":[{"@type":"ReadAction","target":["https:\/\/matis.is\/maelingar-og-thjonusta\/tilvisunarrannsoknastofa\/"]}]},{"@type":"ImageObject","inLanguage":"en-GB","@id":"https:\/\/matis.is\/maelingar-og-thjonusta\/tilvisunarrannsoknastofa\/#primaryimage","url":"https:\/\/matis.is\/wp-content\/uploads\/2020\/10\/Starfsmadur_ad_storfum_2-scaled.jpg","contentUrl":"https:\/\/matis.is\/wp-content\/uploads\/2020\/10\/Starfsmadur_ad_storfum_2-scaled.jpg","width":1707,"height":2560},{"@type":"BreadcrumbList","@id":"https:\/\/matis.is\/maelingar-og-thjonusta\/tilvisunarrannsoknastofa\/#breadcrumb","itemListElement":[{"@type":"ListItem","position":1,"name":"Home","item":"https:\/\/matis.is\/"},{"@type":"ListItem","position":2,"name":"M\u00e6lingar og \u00fej\u00f3nusta","item":"https:\/\/matis.is\/maelingar-og-thjonusta\/"},{"@type":"ListItem","position":3,"name":"Tilv\u00edsunar\u00adranns\u00f3kna\u00adstofa"}]},{"@type":"WebSite","@id":"https:\/\/matis.is\/#website","url":"https:\/\/matis.is\/","name":"Mat\u00eds","description":"Value creation, food security and public health","publisher":{"@id":"https:\/\/matis.is\/#organization"},"potentialAction":[{"@type":"SearchAction","target":{"@type":"EntryPoint","urlTemplate":"https:\/\/matis.is\/?s={search_term_string}"},"query-input":{"@type":"PropertyValueSpecification","valueRequired":true,"valueName":"search_term_string"}}],"inLanguage":"en-GB"},{"@type":"Organization","@id":"https:\/\/matis.is\/#organization","name":"Mat\u00eds ohf.","url":"https:\/\/matis.is\/","logo":{"@type":"ImageObject","inLanguage":"en-GB","@id":"https:\/\/matis.is\/#\/schema\/logo\/image\/","url":"https:\/\/matis.is\/wp-content\/uploads\/2021\/02\/matis_logo_blatthvitt.png","contentUrl":"https:\/\/matis.is\/wp-content\/uploads\/2021\/02\/matis_logo_blatthvitt.png","width":1507,"height":1507,"caption":"Mat\u00eds ohf."},"image":{"@id":"https:\/\/matis.is\/#\/schema\/logo\/image\/"},"sameAs":["https:\/\/www.facebook.com\/matisiceland","https:\/\/x.com\/matisiceland","https:\/\/www.instagram.com\/matisiceland\/","https:\/\/www.linkedin.com\/matisiceland\/","https:\/\/www.youtube.com\/channel\/UCY-frt3uTqgVZW-DLjoo5bA"]}]}},"spectra_custom_meta":{"_customize_changeset_uuid":["65789cf4-c345-44f6-b461-3220bec91bd0"],"_edit_lock":["1770636344:1"],"_thumbnail_id":["28718"],"_wp_page_template":["default"],"_edit_last":["1"],"valmynd_a_undirsidu":["1"],"_valmynd_a_undirsidu":["field_5f9970348837c"],"undirvalmynd_a_parentsidu":["0"],"_undirvalmynd_a_parentsidu":["field_5f9addfe68a79"],"tengilidur":["28261"],"_tengilidur":["field_5ef905e0538b2"],"_yoast_wpseo_content_score":["90"],"_yoast_wpseo_estimated-reading-time-minutes":["2"],"_yoast_wpseo_metadesc":["Tilv\u00edsunarranns\u00f3knarstofur Mat\u00eds eru einar \u00fe\u00e6r fullkomnastu \u00e1 landinu og geta m\u00e6tt margv\u00edslegum \u00fe\u00f6rfum vi\u00f0skiptamanna me\u00f0 brei\u00f0u umfangi faggildra m\u00e6lia\u00f0fer\u00f0a \u00e1 m\u00f6rgum mismunandi svi\u00f0um."],"_yoast_wpseo_wordproof_timestamp":[""],"cmplz_hide_cookiebanner":[""],"ilj_blacklistdefinition":["a:0:{}"],"ilj_linkdefinition":["a:0:{}"],"_uag_css_file_name":["uag-css-166.css"],"_uag_page_assets":["a:9:{s:3:\"css\";s:263:\".uag-blocks-common-selector{z-index:var(--z-index-desktop) !important}@media (max-width: 976px){.uag-blocks-common-selector{z-index:var(--z-index-tablet) !important}}@media (max-width: 767px){.uag-blocks-common-selector{z-index:var(--z-index-mobile) !important}}\n\";s:2:\"js\";s:0:\"\";s:18:\"current_block_list\";a:8:{i:0;s:12:\"core\/heading\";i:1;s:14:\"core\/paragraph\";i:2;s:9:\"core\/list\";i:3;s:14:\"core\/list-item\";i:4;s:12:\"core\/columns\";i:5;s:11:\"core\/column\";i:7;s:12:\"core\/buttons\";i:8;s:11:\"core\/button\";}s:8:\"uag_flag\";b:0;s:11:\"uag_version\";s:10:\"1776432937\";s:6:\"gfonts\";a:0:{}s:10:\"gfonts_url\";s:0:\"\";s:12:\"gfonts_files\";a:0:{}s:14:\"uag_faq_layout\";b:0;}"]},"uagb_featured_image_src":{"full":["https:\/\/matis.is\/wp-content\/uploads\/2020\/10\/Starfsmadur_ad_storfum_2-scaled.jpg",1707,2560,false],"thumbnail":["https:\/\/matis.is\/wp-content\/uploads\/2020\/10\/Starfsmadur_ad_storfum_2-150x150.jpg",150,150,true],"medium":["https:\/\/matis.is\/wp-content\/uploads\/2020\/10\/Starfsmadur_ad_storfum_2-200x300.jpg",200,300,true],"medium_large":["https:\/\/matis.is\/wp-content\/uploads\/2020\/10\/Starfsmadur_ad_storfum_2-768x1152.jpg",768,1152,true],"large":["https:\/\/matis.is\/wp-content\/uploads\/2020\/10\/Starfsmadur_ad_storfum_2-683x1024.jpg",683,1024,true],"1536x1536":["https:\/\/matis.is\/wp-content\/uploads\/2020\/10\/Starfsmadur_ad_storfum_2-1024x1536.jpg",1024,1536,true],"2048x2048":["https:\/\/matis.is\/wp-content\/uploads\/2020\/10\/Starfsmadur_ad_storfum_2-1365x2048.jpg",1365,2048,true],"trp-custom-language-flag":["https:\/\/matis.is\/wp-content\/uploads\/2020\/10\/Starfsmadur_ad_storfum_2-scaled.jpg",8,12,false]},"uagb_author_info":{"display_name":"admin","author_link":"https:\/\/matis.is\/en\/author\/thormodurmatis-is\/"},"uagb_comment_info":0,"uagb_excerpt":"Tilv\u00edsunarranns\u00f3knarstofur Mat\u00eds eru einar \u00fe\u00e6r fullkomnustu \u00e1 landinu og geta m\u00e6tt margv\u00edslegum \u00fe\u00f6rfum vi\u00f0skiptamanna me\u00f0 brei\u00f0u umfangi faggildra m\u00e6lia\u00f0fer\u00f0a \u00e1 [&hellip;]","_links":{"self":[{"href":"https:\/\/matis.is\/en\/wp-json\/wp\/v2\/pages\/166","targetHints":{"allow":["GET"]}}],"collection":[{"href":"https:\/\/matis.is\/en\/wp-json\/wp\/v2\/pages"}],"about":[{"href":"https:\/\/matis.is\/en\/wp-json\/wp\/v2\/types\/page"}],"author":[{"embeddable":true,"href":"https:\/\/matis.is\/en\/wp-json\/wp\/v2\/users\/1"}],"replies":[{"embeddable":true,"href":"https:\/\/matis.is\/en\/wp-json\/wp\/v2\/comments?post=166"}],"version-history":[{"count":15,"href":"https:\/\/matis.is\/en\/wp-json\/wp\/v2\/pages\/166\/revisions"}],"predecessor-version":[{"id":56807,"href":"https:\/\/matis.is\/en\/wp-json\/wp\/v2\/pages\/166\/revisions\/56807"}],"up":[{"embeddable":true,"href":"https:\/\/matis.is\/en\/wp-json\/wp\/v2\/pages\/61"}],"wp:featuredmedia":[{"embeddable":true,"href":"https:\/\/matis.is\/en\/wp-json\/wp\/v2\/media\/28718"}],"wp:attachment":[{"href":"https:\/\/matis.is\/en\/wp-json\/wp\/v2\/media?parent=166"}],"curies":[{"name":"wp","href":"https:\/\/api.w.org\/{rel}","templated":true}]}}