{"id":172,"date":"2020-10-26T10:18:23","date_gmt":"2020-10-26T10:18:23","guid":{"rendered":"https:\/\/matis.mareframe.eu\/?page_id=172"},"modified":"2021-09-01T13:05:27","modified_gmt":"2021-09-01T13:05:27","slug":"umsokn-um-verkefni","status":"publish","type":"page","link":"https:\/\/matis.is\/en\/rannsoknir-og-nyskopun\/haskolasamstarf\/umsokn-um-verkefni\/","title":{"rendered":"Application for a project"},"content":{"rendered":"<h2 class=\"wp-block-heading\">Student project<\/h2>\n\n\n\n<h4 class=\"wp-block-heading\">If you \/ you have an idea for an interesting master&#039;s or doctoral project that Mat\u00eds would be involved in, send in an inquiry here.<\/h4>\n\n\n\n<div class=\"wp-block-columns are-vertically-aligned-center m_cta has-background is-layout-flex wp-container-core-columns-is-layout-28f84493 wp-block-columns-is-layout-flex\" style=\"background-color:#ffffff\">\n<div class=\"wp-block-column is-vertically-aligned-center is-layout-flow wp-block-column-is-layout-flow\" style=\"flex-basis:66.66%\">\n<h3 class=\"wp-block-heading\" style=\"font-size:22px\">Do you have an idea for a master&#039;s or doctoral project?<\/h3>\n<\/div>\n\n\n\n<div class=\"wp-block-column is-vertically-aligned-center is-layout-flow wp-block-column-is-layout-flow\" style=\"flex-basis:50%\">\n<div class=\"wp-block-buttons is-layout-flex wp-block-buttons-is-layout-flex\">\n<div class=\"wp-block-button m_button\"><a class=\"wp-block-button__link\" href=\"https:\/\/jobs.50skills.com\/matis\/is\/\">Submit an application<\/a><\/div>\n<\/div>\n<\/div>\n<\/div>","protected":false},"excerpt":{"rendered":"<p>Nemendaverkefni Ef \u00fe\u00fa\/\u00fei\u00f0 hafi\u00f0 hugmynd a\u00f0 \u00e1hugaver\u00f0u meistara- e\u00f0a doktorsverkefni sem Mat\u00eds k\u00e6mi a\u00f0, sendi\u00f0 \u00fe\u00e1 inn fyrirpurn h\u00e9r. Ertu [&hellip;]<\/p>\n","protected":false},"author":1,"featured_media":29159,"parent":171,"menu_order":0,"comment_status":"closed","ping_status":"closed","template":"plain-singular.php","meta":{"_acf_changed":false,"_uag_custom_page_level_css":"","site-sidebar-layout":"default","site-content-layout":"","ast-site-content-layout":"default","site-content-style":"default","site-sidebar-style":"default","ast-global-header-display":"","ast-banner-title-visibility":"","ast-main-header-display":"","ast-hfb-above-header-display":"","ast-hfb-below-header-display":"","ast-hfb-mobile-header-display":"","site-post-title":"","ast-breadcrumbs-content":"","ast-featured-img":"","footer-sml-layout":"","ast-disable-related-posts":"","theme-transparent-header-meta":"","adv-header-id-meta":"","stick-header-meta":"","header-above-stick-meta":"","header-main-stick-meta":"","header-below-stick-meta":"","astra-migrate-meta-layouts":"default","ast-page-background-enabled":"default","ast-page-background-meta":{"desktop":{"background-color":"var(--ast-global-color-5)","background-image":"","background-repeat":"repeat","background-position":"center center","background-size":"auto","background-attachment":"scroll","background-type":"","background-media":"","overlay-type":"","overlay-color":"","overlay-opacity":"","overlay-gradient":""},"tablet":{"background-color":"","background-image":"","background-repeat":"repeat","background-position":"center center","background-size":"auto","background-attachment":"scroll","background-type":"","background-media":"","overlay-type":"","overlay-color":"","overlay-opacity":"","overlay-gradient":""},"mobile":{"background-color":"","background-image":"","background-repeat":"repeat","background-position":"center center","background-size":"auto","background-attachment":"scroll","background-type":"","background-media":"","overlay-type":"","overlay-color":"","overlay-opacity":"","overlay-gradient":""}},"ast-content-background-meta":{"desktop":{"background-color":"var(--ast-global-color-4)","background-image":"","background-repeat":"repeat","background-position":"center center","background-size":"auto","background-attachment":"scroll","background-type":"","background-media":"","overlay-type":"","overlay-color":"","overlay-opacity":"","overlay-gradient":""},"tablet":{"background-color":"var(--ast-global-color-4)","background-image":"","background-repeat":"repeat","background-position":"center center","background-size":"auto","background-attachment":"scroll","background-type":"","background-media":"","overlay-type":"","overlay-color":"","overlay-opacity":"","overlay-gradient":""},"mobile":{"background-color":"var(--ast-global-color-4)","background-image":"","background-repeat":"repeat","background-position":"center center","background-size":"auto","background-attachment":"scroll","background-type":"","background-media":"","overlay-type":"","overlay-color":"","overlay-opacity":"","overlay-gradient":""}},"footnotes":""},"class_list":["post-172","page","type-page","status-publish","has-post-thumbnail","hentry"],"acf":[],"yoast_head":"<!-- This site is optimized with the Yoast SEO plugin v27.4 - https:\/\/yoast.com\/product\/yoast-seo-wordpress\/ -->\n<title>Ums\u00f3kn um verkefni - Mat\u00eds<\/title>\n<meta name=\"description\" content=\"Ef \u00fe\u00fa\/\u00fei\u00f0 hafi\u00f0 hugmynd a\u00f0 \u00e1hugaver\u00f0u meistara- e\u00f0a doktorsverkefni sem Mat\u00eds k\u00e6mi a\u00f0, sendi\u00f0 \u00fe\u00e1 inn fyrirpurn h\u00e9r.\" \/>\n<meta name=\"robots\" content=\"index, follow, max-snippet:-1, max-image-preview:large, max-video-preview:-1\" \/>\n<link rel=\"canonical\" href=\"https:\/\/matis.is\/en\/rannsoknir-og-nyskopun\/haskolasamstarf\/umsokn-um-verkefni\/\" \/>\n<meta property=\"og:locale\" content=\"en_GB\" \/>\n<meta property=\"og:type\" content=\"article\" \/>\n<meta property=\"og:title\" content=\"Ums\u00f3kn um verkefni - Mat\u00eds\" \/>\n<meta property=\"og:description\" content=\"Ef \u00fe\u00fa\/\u00fei\u00f0 hafi\u00f0 hugmynd a\u00f0 \u00e1hugaver\u00f0u meistara- e\u00f0a doktorsverkefni sem Mat\u00eds k\u00e6mi a\u00f0, sendi\u00f0 \u00fe\u00e1 inn fyrirpurn h\u00e9r.\" \/>\n<meta property=\"og:url\" content=\"https:\/\/matis.is\/en\/rannsoknir-og-nyskopun\/haskolasamstarf\/umsokn-um-verkefni\/\" \/>\n<meta property=\"og:site_name\" content=\"Mat\u00eds\" \/>\n<meta property=\"article:publisher\" content=\"https:\/\/www.facebook.com\/matisiceland\" \/>\n<meta property=\"article:modified_time\" content=\"2021-09-01T13:05:27+00:00\" \/>\n<meta property=\"og:image\" content=\"https:\/\/matis.is\/wp-content\/uploads\/2020\/11\/63_rannsoknastofa_matis_Akureyri-1531-scaled.jpg\" \/>\n\t<meta property=\"og:image:width\" content=\"2560\" \/>\n\t<meta property=\"og:image:height\" content=\"1263\" \/>\n\t<meta property=\"og:image:type\" content=\"image\/jpeg\" \/>\n<meta name=\"twitter:card\" content=\"summary_large_image\" \/>\n<meta name=\"twitter:site\" content=\"@matisiceland\" \/>\n<meta name=\"twitter:label1\" content=\"Estimated reading time\" \/>\n\t<meta name=\"twitter:data1\" content=\"1 minute\" \/>\n<script type=\"application\/ld+json\" class=\"yoast-schema-graph\">{\"@context\":\"https:\\\/\\\/schema.org\",\"@graph\":[{\"@type\":\"WebPage\",\"@id\":\"https:\\\/\\\/matis.is\\\/rannsoknir-og-nyskopun\\\/haskolasamstarf\\\/umsokn-um-verkefni\\\/\",\"url\":\"https:\\\/\\\/matis.is\\\/rannsoknir-og-nyskopun\\\/haskolasamstarf\\\/umsokn-um-verkefni\\\/\",\"name\":\"Ums\u00f3kn um verkefni - Mat\u00eds\",\"isPartOf\":{\"@id\":\"https:\\\/\\\/matis.is\\\/#website\"},\"primaryImageOfPage\":{\"@id\":\"https:\\\/\\\/matis.is\\\/rannsoknir-og-nyskopun\\\/haskolasamstarf\\\/umsokn-um-verkefni\\\/#primaryimage\"},\"image\":{\"@id\":\"https:\\\/\\\/matis.is\\\/rannsoknir-og-nyskopun\\\/haskolasamstarf\\\/umsokn-um-verkefni\\\/#primaryimage\"},\"thumbnailUrl\":\"https:\\\/\\\/matis.is\\\/wp-content\\\/uploads\\\/2020\\\/11\\\/63_rannsoknastofa_matis_Akureyri-1531-scaled.jpg\",\"datePublished\":\"2020-10-26T10:18:23+00:00\",\"dateModified\":\"2021-09-01T13:05:27+00:00\",\"description\":\"Ef \u00fe\u00fa\\\/\u00fei\u00f0 hafi\u00f0 hugmynd a\u00f0 \u00e1hugaver\u00f0u meistara- e\u00f0a doktorsverkefni sem Mat\u00eds k\u00e6mi a\u00f0, sendi\u00f0 \u00fe\u00e1 inn fyrirpurn h\u00e9r.\",\"breadcrumb\":{\"@id\":\"https:\\\/\\\/matis.is\\\/rannsoknir-og-nyskopun\\\/haskolasamstarf\\\/umsokn-um-verkefni\\\/#breadcrumb\"},\"inLanguage\":\"en-GB\",\"potentialAction\":[{\"@type\":\"ReadAction\",\"target\":[\"https:\\\/\\\/matis.is\\\/rannsoknir-og-nyskopun\\\/haskolasamstarf\\\/umsokn-um-verkefni\\\/\"]}]},{\"@type\":\"ImageObject\",\"inLanguage\":\"en-GB\",\"@id\":\"https:\\\/\\\/matis.is\\\/rannsoknir-og-nyskopun\\\/haskolasamstarf\\\/umsokn-um-verkefni\\\/#primaryimage\",\"url\":\"https:\\\/\\\/matis.is\\\/wp-content\\\/uploads\\\/2020\\\/11\\\/63_rannsoknastofa_matis_Akureyri-1531-scaled.jpg\",\"contentUrl\":\"https:\\\/\\\/matis.is\\\/wp-content\\\/uploads\\\/2020\\\/11\\\/63_rannsoknastofa_matis_Akureyri-1531-scaled.jpg\",\"width\":2560,\"height\":1263},{\"@type\":\"BreadcrumbList\",\"@id\":\"https:\\\/\\\/matis.is\\\/rannsoknir-og-nyskopun\\\/haskolasamstarf\\\/umsokn-um-verkefni\\\/#breadcrumb\",\"itemListElement\":[{\"@type\":\"ListItem\",\"position\":1,\"name\":\"Home\",\"item\":\"https:\\\/\\\/matis.is\\\/\"},{\"@type\":\"ListItem\",\"position\":2,\"name\":\"Ranns\u00f3knir og n\u00fdsk\u00f6pun\",\"item\":\"https:\\\/\\\/matis.is\\\/rannsoknir-og-nyskopun\\\/\"},{\"@type\":\"ListItem\",\"position\":3,\"name\":\"Ranns\u00f3knasamstarf vi\u00f0 menntastofnanir\",\"item\":\"https:\\\/\\\/matis.is\\\/rannsoknir-og-nyskopun\\\/haskolasamstarf\\\/\"},{\"@type\":\"ListItem\",\"position\":4,\"name\":\"Ums\u00f3kn um verkefni\"}]},{\"@type\":\"WebSite\",\"@id\":\"https:\\\/\\\/matis.is\\\/#website\",\"url\":\"https:\\\/\\\/matis.is\\\/\",\"name\":\"Mat\u00eds\",\"description\":\"Ver\u00f0m\u00e6task\u00f6pun, matv\u00e6la\u00f6ryggi og l\u00fd\u00f0heilsa\",\"publisher\":{\"@id\":\"https:\\\/\\\/matis.is\\\/#organization\"},\"potentialAction\":[{\"@type\":\"SearchAction\",\"target\":{\"@type\":\"EntryPoint\",\"urlTemplate\":\"https:\\\/\\\/matis.is\\\/?s={search_term_string}\"},\"query-input\":{\"@type\":\"PropertyValueSpecification\",\"valueRequired\":true,\"valueName\":\"search_term_string\"}}],\"inLanguage\":\"en-GB\"},{\"@type\":\"Organization\",\"@id\":\"https:\\\/\\\/matis.is\\\/#organization\",\"name\":\"Mat\u00eds ohf.\",\"url\":\"https:\\\/\\\/matis.is\\\/\",\"logo\":{\"@type\":\"ImageObject\",\"inLanguage\":\"en-GB\",\"@id\":\"https:\\\/\\\/matis.is\\\/#\\\/schema\\\/logo\\\/image\\\/\",\"url\":\"https:\\\/\\\/matis.is\\\/wp-content\\\/uploads\\\/2021\\\/02\\\/matis_logo_blatthvitt.png\",\"contentUrl\":\"https:\\\/\\\/matis.is\\\/wp-content\\\/uploads\\\/2021\\\/02\\\/matis_logo_blatthvitt.png\",\"width\":1507,\"height\":1507,\"caption\":\"Mat\u00eds ohf.\"},\"image\":{\"@id\":\"https:\\\/\\\/matis.is\\\/#\\\/schema\\\/logo\\\/image\\\/\"},\"sameAs\":[\"https:\\\/\\\/www.facebook.com\\\/matisiceland\",\"https:\\\/\\\/x.com\\\/matisiceland\",\"https:\\\/\\\/www.instagram.com\\\/matisiceland\\\/\",\"https:\\\/\\\/www.linkedin.com\\\/matisiceland\\\/\",\"https:\\\/\\\/www.youtube.com\\\/channel\\\/UCY-frt3uTqgVZW-DLjoo5bA\"]}]}<\/script>\n<!-- \/ Yoast SEO plugin. -->","yoast_head_json":{"title":"Project application - Mat\u00eds","description":"If you \/ you have an idea for an interesting master&#039;s or doctoral project that Mat\u00eds would be involved in, send in an inquiry here.","robots":{"index":"index","follow":"follow","max-snippet":"max-snippet:-1","max-image-preview":"max-image-preview:large","max-video-preview":"max-video-preview:-1"},"canonical":"https:\/\/matis.is\/en\/rannsoknir-og-nyskopun\/haskolasamstarf\/umsokn-um-verkefni\/","og_locale":"en_GB","og_type":"article","og_title":"Ums\u00f3kn um verkefni - Mat\u00eds","og_description":"Ef \u00fe\u00fa\/\u00fei\u00f0 hafi\u00f0 hugmynd a\u00f0 \u00e1hugaver\u00f0u meistara- e\u00f0a doktorsverkefni sem Mat\u00eds k\u00e6mi a\u00f0, sendi\u00f0 \u00fe\u00e1 inn fyrirpurn h\u00e9r.","og_url":"https:\/\/matis.is\/en\/rannsoknir-og-nyskopun\/haskolasamstarf\/umsokn-um-verkefni\/","og_site_name":"Mat\u00eds","article_publisher":"https:\/\/www.facebook.com\/matisiceland","article_modified_time":"2021-09-01T13:05:27+00:00","og_image":[{"width":2560,"height":1263,"url":"https:\/\/matis.is\/wp-content\/uploads\/2020\/11\/63_rannsoknastofa_matis_Akureyri-1531-scaled.jpg","type":"image\/jpeg"}],"twitter_card":"summary_large_image","twitter_site":"@matisiceland","twitter_misc":{"Estimated reading time":"1 minute"},"schema":{"@context":"https:\/\/schema.org","@graph":[{"@type":"WebPage","@id":"https:\/\/matis.is\/rannsoknir-og-nyskopun\/haskolasamstarf\/umsokn-um-verkefni\/","url":"https:\/\/matis.is\/rannsoknir-og-nyskopun\/haskolasamstarf\/umsokn-um-verkefni\/","name":"Project application - Mat\u00eds","isPartOf":{"@id":"https:\/\/matis.is\/#website"},"primaryImageOfPage":{"@id":"https:\/\/matis.is\/rannsoknir-og-nyskopun\/haskolasamstarf\/umsokn-um-verkefni\/#primaryimage"},"image":{"@id":"https:\/\/matis.is\/rannsoknir-og-nyskopun\/haskolasamstarf\/umsokn-um-verkefni\/#primaryimage"},"thumbnailUrl":"https:\/\/matis.is\/wp-content\/uploads\/2020\/11\/63_rannsoknastofa_matis_Akureyri-1531-scaled.jpg","datePublished":"2020-10-26T10:18:23+00:00","dateModified":"2021-09-01T13:05:27+00:00","description":"If you \/ you have an idea for an interesting master&#039;s or doctoral project that Mat\u00eds would be involved in, send in an inquiry here.","breadcrumb":{"@id":"https:\/\/matis.is\/rannsoknir-og-nyskopun\/haskolasamstarf\/umsokn-um-verkefni\/#breadcrumb"},"inLanguage":"en-GB","potentialAction":[{"@type":"ReadAction","target":["https:\/\/matis.is\/rannsoknir-og-nyskopun\/haskolasamstarf\/umsokn-um-verkefni\/"]}]},{"@type":"ImageObject","inLanguage":"en-GB","@id":"https:\/\/matis.is\/rannsoknir-og-nyskopun\/haskolasamstarf\/umsokn-um-verkefni\/#primaryimage","url":"https:\/\/matis.is\/wp-content\/uploads\/2020\/11\/63_rannsoknastofa_matis_Akureyri-1531-scaled.jpg","contentUrl":"https:\/\/matis.is\/wp-content\/uploads\/2020\/11\/63_rannsoknastofa_matis_Akureyri-1531-scaled.jpg","width":2560,"height":1263},{"@type":"BreadcrumbList","@id":"https:\/\/matis.is\/rannsoknir-og-nyskopun\/haskolasamstarf\/umsokn-um-verkefni\/#breadcrumb","itemListElement":[{"@type":"ListItem","position":1,"name":"Home","item":"https:\/\/matis.is\/"},{"@type":"ListItem","position":2,"name":"Ranns\u00f3knir og n\u00fdsk\u00f6pun","item":"https:\/\/matis.is\/rannsoknir-og-nyskopun\/"},{"@type":"ListItem","position":3,"name":"Ranns\u00f3knasamstarf vi\u00f0 menntastofnanir","item":"https:\/\/matis.is\/rannsoknir-og-nyskopun\/haskolasamstarf\/"},{"@type":"ListItem","position":4,"name":"Ums\u00f3kn um verkefni"}]},{"@type":"WebSite","@id":"https:\/\/matis.is\/#website","url":"https:\/\/matis.is\/","name":"Mat\u00eds","description":"Value creation, food security and public health","publisher":{"@id":"https:\/\/matis.is\/#organization"},"potentialAction":[{"@type":"SearchAction","target":{"@type":"EntryPoint","urlTemplate":"https:\/\/matis.is\/?s={search_term_string}"},"query-input":{"@type":"PropertyValueSpecification","valueRequired":true,"valueName":"search_term_string"}}],"inLanguage":"en-GB"},{"@type":"Organization","@id":"https:\/\/matis.is\/#organization","name":"Mat\u00eds ohf.","url":"https:\/\/matis.is\/","logo":{"@type":"ImageObject","inLanguage":"en-GB","@id":"https:\/\/matis.is\/#\/schema\/logo\/image\/","url":"https:\/\/matis.is\/wp-content\/uploads\/2021\/02\/matis_logo_blatthvitt.png","contentUrl":"https:\/\/matis.is\/wp-content\/uploads\/2021\/02\/matis_logo_blatthvitt.png","width":1507,"height":1507,"caption":"Mat\u00eds ohf."},"image":{"@id":"https:\/\/matis.is\/#\/schema\/logo\/image\/"},"sameAs":["https:\/\/www.facebook.com\/matisiceland","https:\/\/x.com\/matisiceland","https:\/\/www.instagram.com\/matisiceland\/","https:\/\/www.linkedin.com\/matisiceland\/","https:\/\/www.youtube.com\/channel\/UCY-frt3uTqgVZW-DLjoo5bA"]}]}},"spectra_custom_meta":{"_customize_changeset_uuid":["65789cf4-c345-44f6-b461-3220bec91bd0"],"_edit_lock":["1630503244:5"],"_edit_last":["5"],"valmynd_a_undirsidu":["1"],"_valmynd_a_undirsidu":["field_5f9970348837c"],"undirvalmynd_a_parentsidu":["0"],"_undirvalmynd_a_parentsidu":["field_5f9addfe68a79"],"tengilidur":[""],"_tengilidur":["field_5ef905e0538b2"],"_thumbnail_id":["29159"],"_wp_page_template":["plain-singular.php"],"_yoast_wpseo_content_score":["90"],"_yoast_wpseo_estimated-reading-time-minutes":["1"],"_yoast_wpseo_metadesc":["Ef \u00fe\u00fa\/\u00fei\u00f0 hafi\u00f0 hugmynd a\u00f0 \u00e1hugaver\u00f0u meistara- e\u00f0a doktorsverkefni sem Mat\u00eds k\u00e6mi a\u00f0, sendi\u00f0 \u00fe\u00e1 inn fyrirpurn h\u00e9r."],"_uag_css_file_name":["uag-css-172.css"],"_uag_page_assets":["a:9:{s:3:\"css\";s:263:\".uag-blocks-common-selector{z-index:var(--z-index-desktop) !important}@media (max-width: 976px){.uag-blocks-common-selector{z-index:var(--z-index-tablet) !important}}@media (max-width: 767px){.uag-blocks-common-selector{z-index:var(--z-index-mobile) !important}}\n\";s:2:\"js\";s:0:\"\";s:18:\"current_block_list\";a:6:{i:0;s:12:\"core\/heading\";i:1;s:12:\"core\/columns\";i:2;s:11:\"core\/column\";i:4;s:12:\"core\/buttons\";i:5;s:11:\"core\/button\";i:8;s:14:\"core\/paragraph\";}s:8:\"uag_flag\";b:0;s:11:\"uag_version\";s:10:\"1776333727\";s:6:\"gfonts\";a:0:{}s:10:\"gfonts_url\";s:0:\"\";s:12:\"gfonts_files\";a:0:{}s:14:\"uag_faq_layout\";b:0;}"]},"uagb_featured_image_src":{"full":["https:\/\/matis.is\/wp-content\/uploads\/2020\/11\/63_rannsoknastofa_matis_Akureyri-1531-scaled.jpg",2560,1263,false],"thumbnail":["https:\/\/matis.is\/wp-content\/uploads\/2020\/11\/63_rannsoknastofa_matis_Akureyri-1531-150x150.jpg",150,150,true],"medium":["https:\/\/matis.is\/wp-content\/uploads\/2020\/11\/63_rannsoknastofa_matis_Akureyri-1531-300x148.jpg",300,148,true],"medium_large":["https:\/\/matis.is\/wp-content\/uploads\/2020\/11\/63_rannsoknastofa_matis_Akureyri-1531-768x379.jpg",768,379,true],"large":["https:\/\/matis.is\/wp-content\/uploads\/2020\/11\/63_rannsoknastofa_matis_Akureyri-1531-1024x505.jpg",1024,505,true],"1536x1536":["https:\/\/matis.is\/wp-content\/uploads\/2020\/11\/63_rannsoknastofa_matis_Akureyri-1531-1536x758.jpg",1536,758,true],"2048x2048":["https:\/\/matis.is\/wp-content\/uploads\/2020\/11\/63_rannsoknastofa_matis_Akureyri-1531-2048x1010.jpg",2048,1010,true],"trp-custom-language-flag":["https:\/\/matis.is\/wp-content\/uploads\/2020\/11\/63_rannsoknastofa_matis_Akureyri-1531-scaled.jpg",18,9,false]},"uagb_author_info":{"display_name":"admin","author_link":"https:\/\/matis.is\/en\/author\/thormodurmatis-is\/"},"uagb_comment_info":0,"uagb_excerpt":"Nemendaverkefni Ef \u00fe\u00fa\/\u00fei\u00f0 hafi\u00f0 hugmynd a\u00f0 \u00e1hugaver\u00f0u meistara- e\u00f0a doktorsverkefni sem Mat\u00eds k\u00e6mi a\u00f0, sendi\u00f0 \u00fe\u00e1 inn fyrirpurn h\u00e9r. Ertu [&hellip;]","_links":{"self":[{"href":"https:\/\/matis.is\/en\/wp-json\/wp\/v2\/pages\/172","targetHints":{"allow":["GET"]}}],"collection":[{"href":"https:\/\/matis.is\/en\/wp-json\/wp\/v2\/pages"}],"about":[{"href":"https:\/\/matis.is\/en\/wp-json\/wp\/v2\/types\/page"}],"author":[{"embeddable":true,"href":"https:\/\/matis.is\/en\/wp-json\/wp\/v2\/users\/1"}],"replies":[{"embeddable":true,"href":"https:\/\/matis.is\/en\/wp-json\/wp\/v2\/comments?post=172"}],"version-history":[{"count":4,"href":"https:\/\/matis.is\/en\/wp-json\/wp\/v2\/pages\/172\/revisions"}],"predecessor-version":[{"id":36607,"href":"https:\/\/matis.is\/en\/wp-json\/wp\/v2\/pages\/172\/revisions\/36607"}],"up":[{"embeddable":true,"href":"https:\/\/matis.is\/en\/wp-json\/wp\/v2\/pages\/171"}],"wp:featuredmedia":[{"embeddable":true,"href":"https:\/\/matis.is\/en\/wp-json\/wp\/v2\/media\/29159"}],"wp:attachment":[{"href":"https:\/\/matis.is\/en\/wp-json\/wp\/v2\/media?parent=172"}],"curies":[{"name":"wp","href":"https:\/\/api.w.org\/{rel}","templated":true}]}}