{"id":173,"date":"2020-10-26T10:18:23","date_gmt":"2020-10-26T10:18:23","guid":{"rendered":"https:\/\/matis.mareframe.eu\/?page_id=173"},"modified":"2021-02-12T10:46:02","modified_gmt":"2021-02-12T10:46:02","slug":"bruin","status":"publish","type":"page","link":"https:\/\/matis.is\/en\/bruin\/","title":{"rendered":"The bridge"},"content":{"rendered":"<h4 class=\"wp-block-heading\">Mat\u00eds takes its role seriously as a bridge between the food and biotechnology industry on the one hand and the university environment on the other.<\/h4>\n\n\n\n<p>Mat\u00eds employs many of the country&#039;s leading experts in food technology and biotechnology; food scientists, chemists, biologists, engineers and fisheries scientists. A number of M.Sc. and Ph.D. students in research-related studies at Mat\u00eds. Mat\u00eds works on a variety of projects in the food industry, with an emphasis on innovation and added value. The projects are carried out in collaboration with domestic food producers, universities and all those who in some way serve the food industry. Efforts are being made to increase collaboration with foreign research institutes and companies through international research and development projects.<\/p>\n\n\n\n<figure class=\"wp-block-embed is-type-video is-provider-youtube wp-block-embed-youtube wp-embed-aspect-16-9 wp-has-aspect-ratio\"><div class=\"wp-block-embed__wrapper\">\n<iframe loading=\"lazy\" title=\"Mat\u00eds is a bridge between the university and the business community\" width=\"500\" height=\"281\" src=\"https:\/\/www.youtube.com\/embed\/4dL0HA6T1Yg?list=PLZGs8XSSa2cJ624eO8Fzj29ns-B8bs7sl\" frameborder=\"0\" allow=\"accelerometer; autoplay; clipboard-write; encrypted-media; gyroscope; picture-in-picture; web-share\" referrerpolicy=\"strict-origin-when-cross-origin\" allowfullscreen><\/iframe>\n<\/div><figcaption>The bridge<\/figcaption><\/figure>\n\n\n\n<p>Much is being done to ensure even better co-operation and good co-operation between parties in these important sectors. For example, in 2012, food science studies in Iceland were launched. In collaboration with Mat\u00eds and the University of Iceland, in collaboration with other state-run universities, a new international master&#039;s program in food science was established, but the program has had a better impact and the number of students is increasing year by year. Further information about the program can be found here:&nbsp;<a href=\"http:\/\/www.framtidarnam.is\/\" target=\"_blank\" rel=\"noreferrer noopener\">www.framtidarnam.is<\/a>.<br><br>In addition, a new division was established at Mat\u00eds with the aim of connecting industry and the university community even better.<br><br>&quot;With the establishment of a division for education and food production, we make Mat\u00eds&#039; activities and role more prominent and better connect the business community, education, research and development of food,&quot; says Gu\u00f0j\u00f3n \u00deorkelsson about the new field of education and food production that started working within Mat\u00eds on the 1st. June 2012.<\/p>","protected":false},"excerpt":{"rendered":"<p>Mat\u00eds tekur alvarlega hlutverk sitt sem br\u00fa \u00e1 milli matv\u00e6la- og l\u00edft\u00e6knii\u00f0na\u00f0arins annars vegar og h\u00e1sk\u00f3laumhverfisins hins vegar. Hj\u00e1 Mat\u00eds [&hellip;]<\/p>\n","protected":false},"author":1,"featured_media":29084,"parent":0,"menu_order":0,"comment_status":"closed","ping_status":"closed","template":"templates\/template-cover.php","meta":{"_acf_changed":false,"_uag_custom_page_level_css":"","site-sidebar-layout":"default","site-content-layout":"","ast-site-content-layout":"default","site-content-style":"default","site-sidebar-style":"default","ast-global-header-display":"","ast-banner-title-visibility":"","ast-main-header-display":"","ast-hfb-above-header-display":"","ast-hfb-below-header-display":"","ast-hfb-mobile-header-display":"","site-post-title":"","ast-breadcrumbs-content":"","ast-featured-img":"","footer-sml-layout":"","ast-disable-related-posts":"","theme-transparent-header-meta":"","adv-header-id-meta":"","stick-header-meta":"","header-above-stick-meta":"","header-main-stick-meta":"","header-below-stick-meta":"","astra-migrate-meta-layouts":"default","ast-page-background-enabled":"default","ast-page-background-meta":{"desktop":{"background-color":"var(--ast-global-color-5)","background-image":"","background-repeat":"repeat","background-position":"center center","background-size":"auto","background-attachment":"scroll","background-type":"","background-media":"","overlay-type":"","overlay-color":"","overlay-opacity":"","overlay-gradient":""},"tablet":{"background-color":"","background-image":"","background-repeat":"repeat","background-position":"center center","background-size":"auto","background-attachment":"scroll","background-type":"","background-media":"","overlay-type":"","overlay-color":"","overlay-opacity":"","overlay-gradient":""},"mobile":{"background-color":"","background-image":"","background-repeat":"repeat","background-position":"center center","background-size":"auto","background-attachment":"scroll","background-type":"","background-media":"","overlay-type":"","overlay-color":"","overlay-opacity":"","overlay-gradient":""}},"ast-content-background-meta":{"desktop":{"background-color":"var(--ast-global-color-4)","background-image":"","background-repeat":"repeat","background-position":"center center","background-size":"auto","background-attachment":"scroll","background-type":"","background-media":"","overlay-type":"","overlay-color":"","overlay-opacity":"","overlay-gradient":""},"tablet":{"background-color":"var(--ast-global-color-4)","background-image":"","background-repeat":"repeat","background-position":"center center","background-size":"auto","background-attachment":"scroll","background-type":"","background-media":"","overlay-type":"","overlay-color":"","overlay-opacity":"","overlay-gradient":""},"mobile":{"background-color":"var(--ast-global-color-4)","background-image":"","background-repeat":"repeat","background-position":"center center","background-size":"auto","background-attachment":"scroll","background-type":"","background-media":"","overlay-type":"","overlay-color":"","overlay-opacity":"","overlay-gradient":""}},"footnotes":""},"class_list":["post-173","page","type-page","status-publish","has-post-thumbnail","hentry"],"acf":[],"yoast_head":"<!-- This site is optimized with the Yoast SEO plugin v27.4 - https:\/\/yoast.com\/product\/yoast-seo-wordpress\/ -->\n<title>Br\u00fain - Mat\u00eds<\/title>\n<meta name=\"robots\" content=\"index, follow, max-snippet:-1, max-image-preview:large, max-video-preview:-1\" \/>\n<link rel=\"canonical\" href=\"https:\/\/matis.is\/en\/bruin\/\" \/>\n<meta property=\"og:locale\" content=\"en_GB\" \/>\n<meta property=\"og:type\" content=\"article\" \/>\n<meta property=\"og:title\" content=\"Br\u00fain - Mat\u00eds\" \/>\n<meta property=\"og:description\" content=\"Mat\u00eds tekur alvarlega hlutverk sitt sem br\u00fa \u00e1 milli matv\u00e6la- og l\u00edft\u00e6knii\u00f0na\u00f0arins annars vegar og h\u00e1sk\u00f3laumhverfisins hins vegar. Hj\u00e1 Mat\u00eds [&hellip;]\" \/>\n<meta property=\"og:url\" content=\"https:\/\/matis.is\/en\/bruin\/\" \/>\n<meta property=\"og:site_name\" content=\"Mat\u00eds\" \/>\n<meta property=\"article:publisher\" content=\"https:\/\/www.facebook.com\/matisiceland\" \/>\n<meta property=\"article:modified_time\" content=\"2021-02-12T10:46:02+00:00\" \/>\n<meta property=\"og:image\" content=\"https:\/\/matis.is\/wp-content\/uploads\/2020\/11\/Students_smileys_1500x630_web-1500x630-1.jpg\" \/>\n\t<meta property=\"og:image:width\" content=\"1500\" \/>\n\t<meta property=\"og:image:height\" content=\"630\" \/>\n\t<meta property=\"og:image:type\" content=\"image\/jpeg\" \/>\n<meta name=\"twitter:card\" content=\"summary_large_image\" \/>\n<meta name=\"twitter:site\" content=\"@matisiceland\" \/>\n<meta name=\"twitter:label1\" content=\"Estimated reading time\" \/>\n\t<meta name=\"twitter:data1\" content=\"2 minutes\" \/>\n<script type=\"application\/ld+json\" class=\"yoast-schema-graph\">{\"@context\":\"https:\\\/\\\/schema.org\",\"@graph\":[{\"@type\":\"WebPage\",\"@id\":\"https:\\\/\\\/matis.is\\\/bruin\\\/\",\"url\":\"https:\\\/\\\/matis.is\\\/bruin\\\/\",\"name\":\"Br\u00fain - Mat\u00eds\",\"isPartOf\":{\"@id\":\"https:\\\/\\\/matis.is\\\/#website\"},\"primaryImageOfPage\":{\"@id\":\"https:\\\/\\\/matis.is\\\/bruin\\\/#primaryimage\"},\"image\":{\"@id\":\"https:\\\/\\\/matis.is\\\/bruin\\\/#primaryimage\"},\"thumbnailUrl\":\"https:\\\/\\\/matis.is\\\/wp-content\\\/uploads\\\/2020\\\/11\\\/Students_smileys_1500x630_web-1500x630-1.jpg\",\"datePublished\":\"2020-10-26T10:18:23+00:00\",\"dateModified\":\"2021-02-12T10:46:02+00:00\",\"breadcrumb\":{\"@id\":\"https:\\\/\\\/matis.is\\\/bruin\\\/#breadcrumb\"},\"inLanguage\":\"en-GB\",\"potentialAction\":[{\"@type\":\"ReadAction\",\"target\":[\"https:\\\/\\\/matis.is\\\/bruin\\\/\"]}]},{\"@type\":\"ImageObject\",\"inLanguage\":\"en-GB\",\"@id\":\"https:\\\/\\\/matis.is\\\/bruin\\\/#primaryimage\",\"url\":\"https:\\\/\\\/matis.is\\\/wp-content\\\/uploads\\\/2020\\\/11\\\/Students_smileys_1500x630_web-1500x630-1.jpg\",\"contentUrl\":\"https:\\\/\\\/matis.is\\\/wp-content\\\/uploads\\\/2020\\\/11\\\/Students_smileys_1500x630_web-1500x630-1.jpg\",\"width\":1500,\"height\":630},{\"@type\":\"BreadcrumbList\",\"@id\":\"https:\\\/\\\/matis.is\\\/bruin\\\/#breadcrumb\",\"itemListElement\":[{\"@type\":\"ListItem\",\"position\":1,\"name\":\"Home\",\"item\":\"https:\\\/\\\/matis.is\\\/\"},{\"@type\":\"ListItem\",\"position\":2,\"name\":\"Br\u00fain\"}]},{\"@type\":\"WebSite\",\"@id\":\"https:\\\/\\\/matis.is\\\/#website\",\"url\":\"https:\\\/\\\/matis.is\\\/\",\"name\":\"Mat\u00eds\",\"description\":\"Ver\u00f0m\u00e6task\u00f6pun, matv\u00e6la\u00f6ryggi og l\u00fd\u00f0heilsa\",\"publisher\":{\"@id\":\"https:\\\/\\\/matis.is\\\/#organization\"},\"potentialAction\":[{\"@type\":\"SearchAction\",\"target\":{\"@type\":\"EntryPoint\",\"urlTemplate\":\"https:\\\/\\\/matis.is\\\/?s={search_term_string}\"},\"query-input\":{\"@type\":\"PropertyValueSpecification\",\"valueRequired\":true,\"valueName\":\"search_term_string\"}}],\"inLanguage\":\"en-GB\"},{\"@type\":\"Organization\",\"@id\":\"https:\\\/\\\/matis.is\\\/#organization\",\"name\":\"Mat\u00eds ohf.\",\"url\":\"https:\\\/\\\/matis.is\\\/\",\"logo\":{\"@type\":\"ImageObject\",\"inLanguage\":\"en-GB\",\"@id\":\"https:\\\/\\\/matis.is\\\/#\\\/schema\\\/logo\\\/image\\\/\",\"url\":\"https:\\\/\\\/matis.is\\\/wp-content\\\/uploads\\\/2021\\\/02\\\/matis_logo_blatthvitt.png\",\"contentUrl\":\"https:\\\/\\\/matis.is\\\/wp-content\\\/uploads\\\/2021\\\/02\\\/matis_logo_blatthvitt.png\",\"width\":1507,\"height\":1507,\"caption\":\"Mat\u00eds ohf.\"},\"image\":{\"@id\":\"https:\\\/\\\/matis.is\\\/#\\\/schema\\\/logo\\\/image\\\/\"},\"sameAs\":[\"https:\\\/\\\/www.facebook.com\\\/matisiceland\",\"https:\\\/\\\/x.com\\\/matisiceland\",\"https:\\\/\\\/www.instagram.com\\\/matisiceland\\\/\",\"https:\\\/\\\/www.linkedin.com\\\/matisiceland\\\/\",\"https:\\\/\\\/www.youtube.com\\\/channel\\\/UCY-frt3uTqgVZW-DLjoo5bA\"]}]}<\/script>\n<!-- \/ Yoast SEO plugin. -->","yoast_head_json":{"title":"Br\u00fain - Mat\u00eds","robots":{"index":"index","follow":"follow","max-snippet":"max-snippet:-1","max-image-preview":"max-image-preview:large","max-video-preview":"max-video-preview:-1"},"canonical":"https:\/\/matis.is\/en\/bruin\/","og_locale":"en_GB","og_type":"article","og_title":"Br\u00fain - Mat\u00eds","og_description":"Mat\u00eds tekur alvarlega hlutverk sitt sem br\u00fa \u00e1 milli matv\u00e6la- og l\u00edft\u00e6knii\u00f0na\u00f0arins annars vegar og h\u00e1sk\u00f3laumhverfisins hins vegar. Hj\u00e1 Mat\u00eds [&hellip;]","og_url":"https:\/\/matis.is\/en\/bruin\/","og_site_name":"Mat\u00eds","article_publisher":"https:\/\/www.facebook.com\/matisiceland","article_modified_time":"2021-02-12T10:46:02+00:00","og_image":[{"width":1500,"height":630,"url":"https:\/\/matis.is\/wp-content\/uploads\/2020\/11\/Students_smileys_1500x630_web-1500x630-1.jpg","type":"image\/jpeg"}],"twitter_card":"summary_large_image","twitter_site":"@matisiceland","twitter_misc":{"Estimated reading time":"2 minutes"},"schema":{"@context":"https:\/\/schema.org","@graph":[{"@type":"WebPage","@id":"https:\/\/matis.is\/bruin\/","url":"https:\/\/matis.is\/bruin\/","name":"Br\u00fain - Mat\u00eds","isPartOf":{"@id":"https:\/\/matis.is\/#website"},"primaryImageOfPage":{"@id":"https:\/\/matis.is\/bruin\/#primaryimage"},"image":{"@id":"https:\/\/matis.is\/bruin\/#primaryimage"},"thumbnailUrl":"https:\/\/matis.is\/wp-content\/uploads\/2020\/11\/Students_smileys_1500x630_web-1500x630-1.jpg","datePublished":"2020-10-26T10:18:23+00:00","dateModified":"2021-02-12T10:46:02+00:00","breadcrumb":{"@id":"https:\/\/matis.is\/bruin\/#breadcrumb"},"inLanguage":"en-GB","potentialAction":[{"@type":"ReadAction","target":["https:\/\/matis.is\/bruin\/"]}]},{"@type":"ImageObject","inLanguage":"en-GB","@id":"https:\/\/matis.is\/bruin\/#primaryimage","url":"https:\/\/matis.is\/wp-content\/uploads\/2020\/11\/Students_smileys_1500x630_web-1500x630-1.jpg","contentUrl":"https:\/\/matis.is\/wp-content\/uploads\/2020\/11\/Students_smileys_1500x630_web-1500x630-1.jpg","width":1500,"height":630},{"@type":"BreadcrumbList","@id":"https:\/\/matis.is\/bruin\/#breadcrumb","itemListElement":[{"@type":"ListItem","position":1,"name":"Home","item":"https:\/\/matis.is\/"},{"@type":"ListItem","position":2,"name":"Br\u00fain"}]},{"@type":"WebSite","@id":"https:\/\/matis.is\/#website","url":"https:\/\/matis.is\/","name":"Mat\u00eds","description":"Value creation, food security and public health","publisher":{"@id":"https:\/\/matis.is\/#organization"},"potentialAction":[{"@type":"SearchAction","target":{"@type":"EntryPoint","urlTemplate":"https:\/\/matis.is\/?s={search_term_string}"},"query-input":{"@type":"PropertyValueSpecification","valueRequired":true,"valueName":"search_term_string"}}],"inLanguage":"en-GB"},{"@type":"Organization","@id":"https:\/\/matis.is\/#organization","name":"Mat\u00eds ohf.","url":"https:\/\/matis.is\/","logo":{"@type":"ImageObject","inLanguage":"en-GB","@id":"https:\/\/matis.is\/#\/schema\/logo\/image\/","url":"https:\/\/matis.is\/wp-content\/uploads\/2021\/02\/matis_logo_blatthvitt.png","contentUrl":"https:\/\/matis.is\/wp-content\/uploads\/2021\/02\/matis_logo_blatthvitt.png","width":1507,"height":1507,"caption":"Mat\u00eds ohf."},"image":{"@id":"https:\/\/matis.is\/#\/schema\/logo\/image\/"},"sameAs":["https:\/\/www.facebook.com\/matisiceland","https:\/\/x.com\/matisiceland","https:\/\/www.instagram.com\/matisiceland\/","https:\/\/www.linkedin.com\/matisiceland\/","https:\/\/www.youtube.com\/channel\/UCY-frt3uTqgVZW-DLjoo5bA"]}]}},"spectra_custom_meta":{"_customize_changeset_uuid":["65789cf4-c345-44f6-b461-3220bec91bd0"],"_edit_lock":["1770737548:1"],"_thumbnail_id":["29084"],"_wp_page_template":["templates\/template-cover.php"],"_edit_last":["1"],"valmynd_a_undirsidu":["1"],"_valmynd_a_undirsidu":["field_5f9970348837c"],"undirvalmynd_a_parentsidu":["0"],"_undirvalmynd_a_parentsidu":["field_5f9addfe68a79"],"tengilidur":["28167"],"_tengilidur":["field_5ef905e0538b2"],"_oembed_6e4d7e7169560778a95e538bda06b43f":["{{unknown}}"],"_oembed_60584e2768990632684542d6ff91f22c":["<iframe title=\"Mat\u00eds er br\u00fa \u00e1 milli h\u00e1sk\u00f3la og atvinnul\u00edfs\" width=\"580\" height=\"326\" src=\"https:\/\/www.youtube.com\/embed\/4dL0HA6T1Yg?list=PLZGs8XSSa2cJ624eO8Fzj29ns-B8bs7sl\" frameborder=\"0\" allow=\"accelerometer; autoplay; clipboard-write; encrypted-media; gyroscope; picture-in-picture\" allowfullscreen><\/iframe>"],"_oembed_time_60584e2768990632684542d6ff91f22c":["1609247319"],"_oembed_fadcf382fa650e156c4e04e5385f49d6":["<iframe title=\"Mat\u00eds er br\u00fa \u00e1 milli h\u00e1sk\u00f3la og atvinnul\u00edfs\" width=\"580\" height=\"326\" src=\"https:\/\/www.youtube.com\/embed\/4dL0HA6T1Yg?list=PLZGs8XSSa2cJ624eO8Fzj29ns-B8bs7sl\" frameborder=\"0\" allow=\"accelerometer; autoplay; clipboard-write; encrypted-media; gyroscope; picture-in-picture; web-share\" referrerpolicy=\"strict-origin-when-cross-origin\" allowfullscreen><\/iframe>"],"_oembed_time_fadcf382fa650e156c4e04e5385f49d6":["1714220038"],"_oembed_5a97c83ba973f54c1670b5c1356e2b0a":["<iframe title=\"Mat\u00eds er br\u00fa \u00e1 milli h\u00e1sk\u00f3la og atvinnul\u00edfs\" width=\"500\" height=\"281\" src=\"https:\/\/www.youtube.com\/embed\/4dL0HA6T1Yg?list=PLZGs8XSSa2cJ624eO8Fzj29ns-B8bs7sl\" frameborder=\"0\" allow=\"accelerometer; autoplay; clipboard-write; encrypted-media; gyroscope; picture-in-picture; web-share\" referrerpolicy=\"strict-origin-when-cross-origin\" allowfullscreen><\/iframe>"],"_oembed_time_5a97c83ba973f54c1670b5c1356e2b0a":["1741620325"],"_oembed_286ce786da643094e4f47d0722911461":["<iframe title=\"Mat\u00eds er br\u00fa \u00e1 milli h\u00e1sk\u00f3la og atvinnul\u00edfs\" width=\"1200\" height=\"675\" src=\"https:\/\/www.youtube.com\/embed\/4dL0HA6T1Yg?list=PLZGs8XSSa2cJ624eO8Fzj29ns-B8bs7sl\" frameborder=\"0\" allow=\"accelerometer; autoplay; clipboard-write; encrypted-media; gyroscope; picture-in-picture; web-share\" referrerpolicy=\"strict-origin-when-cross-origin\" allowfullscreen><\/iframe>"],"_oembed_time_286ce786da643094e4f47d0722911461":["1770173835"],"_uag_css_file_name":["uag-css-173.css"],"_uag_page_assets":["a:9:{s:3:\"css\";s:0:\"\";s:2:\"js\";s:0:\"\";s:18:\"current_block_list\";a:7:{i:0;s:12:\"core\/heading\";i:1;s:14:\"core\/paragraph\";i:2;s:10:\"core\/embed\";i:3;s:12:\"core\/buttons\";i:4;s:11:\"core\/button\";i:5;s:12:\"core\/columns\";i:6;s:11:\"core\/column\";}s:8:\"uag_flag\";b:0;s:11:\"uag_version\";s:10:\"1777040860\";s:6:\"gfonts\";a:0:{}s:10:\"gfonts_url\";s:0:\"\";s:12:\"gfonts_files\";a:0:{}s:14:\"uag_faq_layout\";b:0;}"]},"uagb_featured_image_src":{"full":["https:\/\/matis.is\/wp-content\/uploads\/2020\/11\/Students_smileys_1500x630_web-1500x630-1.jpg",1500,630,false],"thumbnail":["https:\/\/matis.is\/wp-content\/uploads\/2020\/11\/Students_smileys_1500x630_web-1500x630-1-150x150.jpg",150,150,true],"medium":["https:\/\/matis.is\/wp-content\/uploads\/2020\/11\/Students_smileys_1500x630_web-1500x630-1-300x126.jpg",300,126,true],"medium_large":["https:\/\/matis.is\/wp-content\/uploads\/2020\/11\/Students_smileys_1500x630_web-1500x630-1-768x323.jpg",768,323,true],"large":["https:\/\/matis.is\/wp-content\/uploads\/2020\/11\/Students_smileys_1500x630_web-1500x630-1-1024x430.jpg",1024,430,true],"1536x1536":["https:\/\/matis.is\/wp-content\/uploads\/2020\/11\/Students_smileys_1500x630_web-1500x630-1.jpg",1500,630,false],"2048x2048":["https:\/\/matis.is\/wp-content\/uploads\/2020\/11\/Students_smileys_1500x630_web-1500x630-1.jpg",1500,630,false],"trp-custom-language-flag":["https:\/\/matis.is\/wp-content\/uploads\/2020\/11\/Students_smileys_1500x630_web-1500x630-1.jpg",18,8,false]},"uagb_author_info":{"display_name":"admin","author_link":"https:\/\/matis.is\/en\/author\/thormodurmatis-is\/"},"uagb_comment_info":0,"uagb_excerpt":"Mat\u00eds tekur alvarlega hlutverk sitt sem br\u00fa \u00e1 milli matv\u00e6la- og l\u00edft\u00e6knii\u00f0na\u00f0arins annars vegar og h\u00e1sk\u00f3laumhverfisins hins vegar. Hj\u00e1 Mat\u00eds [&hellip;]","_links":{"self":[{"href":"https:\/\/matis.is\/en\/wp-json\/wp\/v2\/pages\/173","targetHints":{"allow":["GET"]}}],"collection":[{"href":"https:\/\/matis.is\/en\/wp-json\/wp\/v2\/pages"}],"about":[{"href":"https:\/\/matis.is\/en\/wp-json\/wp\/v2\/types\/page"}],"author":[{"embeddable":true,"href":"https:\/\/matis.is\/en\/wp-json\/wp\/v2\/users\/1"}],"replies":[{"embeddable":true,"href":"https:\/\/matis.is\/en\/wp-json\/wp\/v2\/comments?post=173"}],"version-history":[{"count":0,"href":"https:\/\/matis.is\/en\/wp-json\/wp\/v2\/pages\/173\/revisions"}],"wp:featuredmedia":[{"embeddable":true,"href":"https:\/\/matis.is\/en\/wp-json\/wp\/v2\/media\/29084"}],"wp:attachment":[{"href":"https:\/\/matis.is\/en\/wp-json\/wp\/v2\/media?parent=173"}],"curies":[{"name":"wp","href":"https:\/\/api.w.org\/{rel}","templated":true}]}}