{"id":211,"date":"2020-10-26T10:30:10","date_gmt":"2020-10-26T10:30:10","guid":{"rendered":"https:\/\/matis.mareframe.eu\/?page_id=211"},"modified":"2026-01-19T20:55:17","modified_gmt":"2026-01-19T20:55:17","slug":"board-and-directors-2","status":"publish","type":"page","link":"https:\/\/matis.is\/en\/um-matis\/stjorn-og-stjornendur\/","title":{"rendered":"Board and management"},"content":{"rendered":"<h3 class=\"wp-block-heading\">Executive board<\/h3>\n\n\n\n<ul class=\"wp-block-list\">\n<li><a href=\"https:\/\/matis.is\/en\/matis_staff\/oddur-mar-gunnarsson\/\">Oddur M. Gunnarsson<\/a>&nbsp;- CEO<\/li>\n\n\n\n<li><a href=\"https:\/\/matis.is\/en\/matis_staff\/anna-kristin-danielsdottir\/\">Anna K. Dan\u00edelsd\u00f3ttir<\/a>&nbsp;- Deputy CEO<\/li>\n\n\n\n<li><a href=\"https:\/\/matis.is\/en\/matis_staff\/gudmundur-stefansson\/\">Gu\u00f0mundur Stef\u00e1nsson<\/a>&nbsp;Director of Service<\/li>\n\n\n\n<li><a href=\"\/en\/matis_staff\/jonas-runar-vidarsson\/\">J\u00f3nas R. Vi\u00f0arsson<\/a>&nbsp;Director of Research &amp; Innovation<\/li>\n\n\n\n<li><a href=\"https:\/\/matis.is\/en\/matis_staff\/marta-gall-jorgensen\/\">Marta Gall J\u00f6rgensen<\/a> - Director of Human Resources<\/li>\n\n\n\n<li><a href=\"https:\/\/matis.is\/en\/matis_staff\/elin-helena-bjarnadottir\/\">El\u00edn Helena Bjarnad\u00f3ttir<\/a> - Director of Finance &amp; Operations<\/li>\n<\/ul>\n\n\n\n<div class=\"wp-block-columns is-layout-flex wp-container-core-columns-is-layout-28f84493 wp-block-columns-is-layout-flex\">\n<div class=\"wp-block-column is-layout-flow wp-block-column-is-layout-flow\" style=\"flex-basis:100%\">\n<h3 class=\"wp-block-heading\">Board of Mat\u00eds<\/h3>\n\n\n\n<ul class=\"wp-block-list\">\n<li>Salv\u00f6r J\u00f3nsd\u00f3ttir, chairman of the board<\/li>\n\n\n\n<li>Sal\u00f3me Hallfre\u00f0sd\u00f3ttir<\/li>\n\n\n\n<li>H\u00f3lmfr\u00ed\u00f0ur Sveinsd\u00f3ttir<\/li>\n\n\n\n<li>Sigmundur Einar \u00d3feigsson<\/li>\n\n\n\n<li>Sindri Sigur\u00f0sson<\/li>\n<\/ul>\n<\/div>\n<\/div>\n\n\n\n<h3 class=\"wp-block-heading\">Related material for the board<\/h3>\n\n\n\n<ul class=\"wp-block-list\">\n<li><a href=\"https:\/\/matis.is\/wp-content\/uploads\/2021\/03\/2016_12_Starfsreglur-stjornar-Matis-2016.pdf\" target=\"_blank\" rel=\"noreferrer noopener\">Rules of procedure of the board<\/a><\/li>\n\n\n\n<li><a href=\"https:\/\/matis.is\/wp-content\/uploads\/Samthykktir_Matis_eftir-adalfund_09.06.2021_gert_30.11.2021.pdf\" target=\"_blank\" rel=\"noreferrer noopener\">The company&#039;s Articles of Association<\/a><\/li>\n<\/ul>","protected":false},"excerpt":{"rendered":"<p>Framkv\u00e6mdastj\u00f3rn Stj\u00f3rn Mat\u00eds \u00cdtarefni vegna stj\u00f3rnar<\/p>","protected":false},"author":1,"featured_media":28863,"parent":216,"menu_order":2,"comment_status":"closed","ping_status":"closed","template":"","meta":{"_acf_changed":false,"_uag_custom_page_level_css":"","site-sidebar-layout":"default","site-content-layout":"","ast-site-content-layout":"normal-width-container","site-content-style":"default","site-sidebar-style":"default","ast-global-header-display":"","ast-banner-title-visibility":"","ast-main-header-display":"","ast-hfb-above-header-display":"","ast-hfb-below-header-display":"","ast-hfb-mobile-header-display":"","site-post-title":"","ast-breadcrumbs-content":"","ast-featured-img":"","footer-sml-layout":"","ast-disable-related-posts":"","theme-transparent-header-meta":"","adv-header-id-meta":"","stick-header-meta":"","header-above-stick-meta":"","header-main-stick-meta":"","header-below-stick-meta":"","astra-migrate-meta-layouts":"default","ast-page-background-enabled":"default","ast-page-background-meta":{"desktop":{"background-color":"var(--ast-global-color-5)","background-image":"","background-repeat":"repeat","background-position":"center center","background-size":"auto","background-attachment":"scroll","background-type":"","background-media":"","overlay-type":"","overlay-color":"","overlay-opacity":"","overlay-gradient":""},"tablet":{"background-color":"","background-image":"","background-repeat":"repeat","background-position":"center center","background-size":"auto","background-attachment":"scroll","background-type":"","background-media":"","overlay-type":"","overlay-color":"","overlay-opacity":"","overlay-gradient":""},"mobile":{"background-color":"","background-image":"","background-repeat":"repeat","background-position":"center center","background-size":"auto","background-attachment":"scroll","background-type":"","background-media":"","overlay-type":"","overlay-color":"","overlay-opacity":"","overlay-gradient":""}},"ast-content-background-meta":{"desktop":{"background-color":"var(--ast-global-color-4)","background-image":"","background-repeat":"repeat","background-position":"center center","background-size":"auto","background-attachment":"scroll","background-type":"","background-media":"","overlay-type":"","overlay-color":"","overlay-opacity":"","overlay-gradient":""},"tablet":{"background-color":"var(--ast-global-color-4)","background-image":"","background-repeat":"repeat","background-position":"center center","background-size":"auto","background-attachment":"scroll","background-type":"","background-media":"","overlay-type":"","overlay-color":"","overlay-opacity":"","overlay-gradient":""},"mobile":{"background-color":"var(--ast-global-color-4)","background-image":"","background-repeat":"repeat","background-position":"center center","background-size":"auto","background-attachment":"scroll","background-type":"","background-media":"","overlay-type":"","overlay-color":"","overlay-opacity":"","overlay-gradient":""}},"footnotes":""},"class_list":["post-211","page","type-page","status-publish","has-post-thumbnail","hentry"],"acf":[],"yoast_head":"<!-- This site is optimized with the Yoast SEO plugin v27.2 - https:\/\/yoast.com\/product\/yoast-seo-wordpress\/ -->\n<title>Stj\u00f3rn og stj\u00f3rnendur - Mat\u00eds<\/title>\n<meta name=\"description\" content=\"Starfsemi Mat\u00eds er skipt \u00ed fj\u00f6gur svi\u00f0: Ver\u00f0m\u00e6task\u00f6pun, rekstur, l\u00fd\u00f0heilsu og matv\u00e6la\u00f6ryggi.\" \/>\n<meta name=\"robots\" content=\"index, follow, max-snippet:-1, max-image-preview:large, max-video-preview:-1\" \/>\n<link rel=\"canonical\" href=\"https:\/\/matis.is\/en\/um-matis\/board-and-directors-2\/\" \/>\n<meta property=\"og:locale\" content=\"en_GB\" \/>\n<meta property=\"og:type\" content=\"article\" \/>\n<meta property=\"og:title\" content=\"Stj\u00f3rn og stj\u00f3rnendur - Mat\u00eds\" \/>\n<meta property=\"og:description\" content=\"Starfsemi Mat\u00eds er skipt \u00ed fj\u00f6gur svi\u00f0: Ver\u00f0m\u00e6task\u00f6pun, rekstur, l\u00fd\u00f0heilsu og matv\u00e6la\u00f6ryggi.\" \/>\n<meta property=\"og:url\" content=\"https:\/\/matis.is\/en\/um-matis\/board-and-directors-2\/\" \/>\n<meta property=\"og:site_name\" content=\"Mat\u00eds\" \/>\n<meta property=\"article:publisher\" content=\"https:\/\/www.facebook.com\/matisiceland\" \/>\n<meta property=\"article:modified_time\" content=\"2026-01-19T20:55:17+00:00\" \/>\n<meta property=\"og:image\" content=\"https:\/\/matis.is\/wp-content\/uploads\/2020\/10\/matisfront-1030x684-1.jpg\" \/>\n\t<meta property=\"og:image:width\" content=\"1030\" \/>\n\t<meta property=\"og:image:height\" content=\"684\" \/>\n\t<meta property=\"og:image:type\" content=\"image\/jpeg\" \/>\n<meta name=\"twitter:card\" content=\"summary_large_image\" \/>\n<meta name=\"twitter:site\" content=\"@matisiceland\" \/>\n<meta name=\"twitter:label1\" content=\"Estimated reading time\" \/>\n\t<meta name=\"twitter:data1\" content=\"1 minute\" \/>\n<script type=\"application\/ld+json\" class=\"yoast-schema-graph\">{\"@context\":\"https:\/\/schema.org\",\"@graph\":[{\"@type\":\"WebPage\",\"@id\":\"https:\/\/matis.is\/um-matis\/stjorn-og-stjornendur\/\",\"url\":\"https:\/\/matis.is\/um-matis\/stjorn-og-stjornendur\/\",\"name\":\"Stj\u00f3rn og stj\u00f3rnendur - Mat\u00eds\",\"isPartOf\":{\"@id\":\"https:\/\/matis.is\/#website\"},\"primaryImageOfPage\":{\"@id\":\"https:\/\/matis.is\/um-matis\/stjorn-og-stjornendur\/#primaryimage\"},\"image\":{\"@id\":\"https:\/\/matis.is\/um-matis\/stjorn-og-stjornendur\/#primaryimage\"},\"thumbnailUrl\":\"https:\/\/matis.is\/wp-content\/uploads\/2020\/10\/matisfront-1030x684-1.jpg\",\"datePublished\":\"2020-10-26T10:30:10+00:00\",\"dateModified\":\"2026-01-19T20:55:17+00:00\",\"description\":\"Starfsemi Mat\u00eds er skipt \u00ed fj\u00f6gur svi\u00f0: Ver\u00f0m\u00e6task\u00f6pun, rekstur, l\u00fd\u00f0heilsu og matv\u00e6la\u00f6ryggi.\",\"breadcrumb\":{\"@id\":\"https:\/\/matis.is\/um-matis\/stjorn-og-stjornendur\/#breadcrumb\"},\"inLanguage\":\"en-GB\",\"potentialAction\":[{\"@type\":\"ReadAction\",\"target\":[\"https:\/\/matis.is\/um-matis\/stjorn-og-stjornendur\/\"]}]},{\"@type\":\"ImageObject\",\"inLanguage\":\"en-GB\",\"@id\":\"https:\/\/matis.is\/um-matis\/stjorn-og-stjornendur\/#primaryimage\",\"url\":\"https:\/\/matis.is\/wp-content\/uploads\/2020\/10\/matisfront-1030x684-1.jpg\",\"contentUrl\":\"https:\/\/matis.is\/wp-content\/uploads\/2020\/10\/matisfront-1030x684-1.jpg\",\"width\":1030,\"height\":684},{\"@type\":\"BreadcrumbList\",\"@id\":\"https:\/\/matis.is\/um-matis\/stjorn-og-stjornendur\/#breadcrumb\",\"itemListElement\":[{\"@type\":\"ListItem\",\"position\":1,\"name\":\"Home\",\"item\":\"https:\/\/matis.is\/\"},{\"@type\":\"ListItem\",\"position\":2,\"name\":\"Starfsemi Mat\u00eds\",\"item\":\"https:\/\/matis.is\/um-matis\/\"},{\"@type\":\"ListItem\",\"position\":3,\"name\":\"Stj\u00f3rn og stj\u00f3rnendur\"}]},{\"@type\":\"WebSite\",\"@id\":\"https:\/\/matis.is\/#website\",\"url\":\"https:\/\/matis.is\/\",\"name\":\"Mat\u00eds\",\"description\":\"Ver\u00f0m\u00e6task\u00f6pun, matv\u00e6la\u00f6ryggi og l\u00fd\u00f0heilsa\",\"publisher\":{\"@id\":\"https:\/\/matis.is\/#organization\"},\"potentialAction\":[{\"@type\":\"SearchAction\",\"target\":{\"@type\":\"EntryPoint\",\"urlTemplate\":\"https:\/\/matis.is\/?s={search_term_string}\"},\"query-input\":{\"@type\":\"PropertyValueSpecification\",\"valueRequired\":true,\"valueName\":\"search_term_string\"}}],\"inLanguage\":\"en-GB\"},{\"@type\":\"Organization\",\"@id\":\"https:\/\/matis.is\/#organization\",\"name\":\"Mat\u00eds ohf.\",\"url\":\"https:\/\/matis.is\/\",\"logo\":{\"@type\":\"ImageObject\",\"inLanguage\":\"en-GB\",\"@id\":\"https:\/\/matis.is\/#\/schema\/logo\/image\/\",\"url\":\"https:\/\/matis.is\/wp-content\/uploads\/2021\/02\/matis_logo_blatthvitt.png\",\"contentUrl\":\"https:\/\/matis.is\/wp-content\/uploads\/2021\/02\/matis_logo_blatthvitt.png\",\"width\":1507,\"height\":1507,\"caption\":\"Mat\u00eds ohf.\"},\"image\":{\"@id\":\"https:\/\/matis.is\/#\/schema\/logo\/image\/\"},\"sameAs\":[\"https:\/\/www.facebook.com\/matisiceland\",\"https:\/\/x.com\/matisiceland\",\"https:\/\/www.instagram.com\/matisiceland\/\",\"https:\/\/www.linkedin.com\/matisiceland\/\",\"https:\/\/www.youtube.com\/channel\/UCY-frt3uTqgVZW-DLjoo5bA\"]}]}<\/script>\n<!-- \/ Yoast SEO plugin. -->","yoast_head_json":{"title":"Board and management - Mat\u00eds","description":"Mat\u00eds&#039; operations are divided into four areas: value creation, operations, public health and food security.","robots":{"index":"index","follow":"follow","max-snippet":"max-snippet:-1","max-image-preview":"max-image-preview:large","max-video-preview":"max-video-preview:-1"},"canonical":"https:\/\/matis.is\/en\/um-matis\/board-and-directors-2\/","og_locale":"en_GB","og_type":"article","og_title":"Stj\u00f3rn og stj\u00f3rnendur - Mat\u00eds","og_description":"Starfsemi Mat\u00eds er skipt \u00ed fj\u00f6gur svi\u00f0: Ver\u00f0m\u00e6task\u00f6pun, rekstur, l\u00fd\u00f0heilsu og matv\u00e6la\u00f6ryggi.","og_url":"https:\/\/matis.is\/en\/um-matis\/board-and-directors-2\/","og_site_name":"Mat\u00eds","article_publisher":"https:\/\/www.facebook.com\/matisiceland","article_modified_time":"2026-01-19T20:55:17+00:00","og_image":[{"width":1030,"height":684,"url":"https:\/\/matis.is\/wp-content\/uploads\/2020\/10\/matisfront-1030x684-1.jpg","type":"image\/jpeg"}],"twitter_card":"summary_large_image","twitter_site":"@matisiceland","twitter_misc":{"Estimated reading time":"1 minute"},"schema":{"@context":"https:\/\/schema.org","@graph":[{"@type":"WebPage","@id":"https:\/\/matis.is\/um-matis\/stjorn-og-stjornendur\/","url":"https:\/\/matis.is\/um-matis\/stjorn-og-stjornendur\/","name":"Board and management - Mat\u00eds","isPartOf":{"@id":"https:\/\/matis.is\/#website"},"primaryImageOfPage":{"@id":"https:\/\/matis.is\/um-matis\/stjorn-og-stjornendur\/#primaryimage"},"image":{"@id":"https:\/\/matis.is\/um-matis\/stjorn-og-stjornendur\/#primaryimage"},"thumbnailUrl":"https:\/\/matis.is\/wp-content\/uploads\/2020\/10\/matisfront-1030x684-1.jpg","datePublished":"2020-10-26T10:30:10+00:00","dateModified":"2026-01-19T20:55:17+00:00","description":"Mat\u00eds&#039; operations are divided into four areas: value creation, operations, public health and food security.","breadcrumb":{"@id":"https:\/\/matis.is\/um-matis\/stjorn-og-stjornendur\/#breadcrumb"},"inLanguage":"en-GB","potentialAction":[{"@type":"ReadAction","target":["https:\/\/matis.is\/um-matis\/stjorn-og-stjornendur\/"]}]},{"@type":"ImageObject","inLanguage":"en-GB","@id":"https:\/\/matis.is\/um-matis\/stjorn-og-stjornendur\/#primaryimage","url":"https:\/\/matis.is\/wp-content\/uploads\/2020\/10\/matisfront-1030x684-1.jpg","contentUrl":"https:\/\/matis.is\/wp-content\/uploads\/2020\/10\/matisfront-1030x684-1.jpg","width":1030,"height":684},{"@type":"BreadcrumbList","@id":"https:\/\/matis.is\/um-matis\/stjorn-og-stjornendur\/#breadcrumb","itemListElement":[{"@type":"ListItem","position":1,"name":"Home","item":"https:\/\/matis.is\/"},{"@type":"ListItem","position":2,"name":"Starfsemi Mat\u00eds","item":"https:\/\/matis.is\/um-matis\/"},{"@type":"ListItem","position":3,"name":"Stj\u00f3rn og stj\u00f3rnendur"}]},{"@type":"WebSite","@id":"https:\/\/matis.is\/#website","url":"https:\/\/matis.is\/","name":"Mat\u00eds","description":"Value creation, food security and public health","publisher":{"@id":"https:\/\/matis.is\/#organization"},"potentialAction":[{"@type":"SearchAction","target":{"@type":"EntryPoint","urlTemplate":"https:\/\/matis.is\/?s={search_term_string}"},"query-input":{"@type":"PropertyValueSpecification","valueRequired":true,"valueName":"search_term_string"}}],"inLanguage":"en-GB"},{"@type":"Organization","@id":"https:\/\/matis.is\/#organization","name":"Mat\u00eds ohf.","url":"https:\/\/matis.is\/","logo":{"@type":"ImageObject","inLanguage":"en-GB","@id":"https:\/\/matis.is\/#\/schema\/logo\/image\/","url":"https:\/\/matis.is\/wp-content\/uploads\/2021\/02\/matis_logo_blatthvitt.png","contentUrl":"https:\/\/matis.is\/wp-content\/uploads\/2021\/02\/matis_logo_blatthvitt.png","width":1507,"height":1507,"caption":"Mat\u00eds ohf."},"image":{"@id":"https:\/\/matis.is\/#\/schema\/logo\/image\/"},"sameAs":["https:\/\/www.facebook.com\/matisiceland","https:\/\/x.com\/matisiceland","https:\/\/www.instagram.com\/matisiceland\/","https:\/\/www.linkedin.com\/matisiceland\/","https:\/\/www.youtube.com\/channel\/UCY-frt3uTqgVZW-DLjoo5bA"]}]}},"spectra_custom_meta":{"_customize_changeset_uuid":["44817ff8-045f-4b75-95a9-70d2201d84e0"],"_edit_lock":["1773934928:7"],"_edit_last":["7"],"tengilidur":[""],"_tengilidur":["field_5ef905e0538b2"],"_thumbnail_id":["28863"],"_wp_page_template":["default"],"valmynd_a_undirsidu":["1"],"_valmynd_a_undirsidu":["field_5f9970348837c"],"undirvalmynd_a_parentsidu":["0"],"_undirvalmynd_a_parentsidu":["field_5f9addfe68a79"],"_yoast_wpseo_content_score":["90"],"_yoast_wpseo_estimated-reading-time-minutes":["1"],"_yoast_wpseo_metadesc":["Starfsemi Mat\u00eds er skipt \u00ed fj\u00f6gur svi\u00f0: Ver\u00f0m\u00e6task\u00f6pun, rekstur, l\u00fd\u00f0heilsu og matv\u00e6la\u00f6ryggi."],"_trp_automatically_translated_slug_en_GB":["board-and-directors"],"_yoast_wpseo_wordproof_timestamp":[""],"cmplz_hide_cookiebanner":[""],"_uag_custom_page_level_css":[""],"site-sidebar-layout":["default"],"site-content-layout":[""],"ast-site-content-layout":["normal-width-container"],"site-content-style":["default"],"site-sidebar-style":["default"],"ast-global-header-display":[""],"ast-banner-title-visibility":[""],"ast-main-header-display":[""],"ast-hfb-above-header-display":[""],"ast-hfb-below-header-display":[""],"ast-hfb-mobile-header-display":[""],"site-post-title":[""],"ast-breadcrumbs-content":[""],"ast-featured-img":[""],"footer-sml-layout":[""],"theme-transparent-header-meta":[""],"adv-header-id-meta":[""],"stick-header-meta":[""],"header-above-stick-meta":[""],"header-main-stick-meta":[""],"header-below-stick-meta":[""],"astra-migrate-meta-layouts":["default"],"ast-page-background-enabled":["default"],"ast-page-background-meta":["a:3:{s:7:\"desktop\";a:12:{s:16:\"background-color\";s:25:\"var(--ast-global-color-5)\";s:16:\"background-image\";s:0:\"\";s:17:\"background-repeat\";s:6:\"repeat\";s:19:\"background-position\";s:13:\"center center\";s:15:\"background-size\";s:4:\"auto\";s:21:\"background-attachment\";s:6:\"scroll\";s:15:\"background-type\";s:0:\"\";s:16:\"background-media\";s:0:\"\";s:12:\"overlay-type\";s:0:\"\";s:13:\"overlay-color\";s:0:\"\";s:15:\"overlay-opacity\";s:0:\"\";s:16:\"overlay-gradient\";s:0:\"\";}s:6:\"tablet\";a:12:{s:16:\"background-color\";s:0:\"\";s:16:\"background-image\";s:0:\"\";s:17:\"background-repeat\";s:6:\"repeat\";s:19:\"background-position\";s:13:\"center center\";s:15:\"background-size\";s:4:\"auto\";s:21:\"background-attachment\";s:6:\"scroll\";s:15:\"background-type\";s:0:\"\";s:16:\"background-media\";s:0:\"\";s:12:\"overlay-type\";s:0:\"\";s:13:\"overlay-color\";s:0:\"\";s:15:\"overlay-opacity\";s:0:\"\";s:16:\"overlay-gradient\";s:0:\"\";}s:6:\"mobile\";a:12:{s:16:\"background-color\";s:0:\"\";s:16:\"background-image\";s:0:\"\";s:17:\"background-repeat\";s:6:\"repeat\";s:19:\"background-position\";s:13:\"center center\";s:15:\"background-size\";s:4:\"auto\";s:21:\"background-attachment\";s:6:\"scroll\";s:15:\"background-type\";s:0:\"\";s:16:\"background-media\";s:0:\"\";s:12:\"overlay-type\";s:0:\"\";s:13:\"overlay-color\";s:0:\"\";s:15:\"overlay-opacity\";s:0:\"\";s:16:\"overlay-gradient\";s:0:\"\";}}"],"ast-content-background-meta":["a:3:{s:7:\"desktop\";a:12:{s:16:\"background-color\";s:25:\"var(--ast-global-color-4)\";s:16:\"background-image\";s:0:\"\";s:17:\"background-repeat\";s:6:\"repeat\";s:19:\"background-position\";s:13:\"center center\";s:15:\"background-size\";s:4:\"auto\";s:21:\"background-attachment\";s:6:\"scroll\";s:15:\"background-type\";s:0:\"\";s:16:\"background-media\";s:0:\"\";s:12:\"overlay-type\";s:0:\"\";s:13:\"overlay-color\";s:0:\"\";s:15:\"overlay-opacity\";s:0:\"\";s:16:\"overlay-gradient\";s:0:\"\";}s:6:\"tablet\";a:12:{s:16:\"background-color\";s:25:\"var(--ast-global-color-4)\";s:16:\"background-image\";s:0:\"\";s:17:\"background-repeat\";s:6:\"repeat\";s:19:\"background-position\";s:13:\"center center\";s:15:\"background-size\";s:4:\"auto\";s:21:\"background-attachment\";s:6:\"scroll\";s:15:\"background-type\";s:0:\"\";s:16:\"background-media\";s:0:\"\";s:12:\"overlay-type\";s:0:\"\";s:13:\"overlay-color\";s:0:\"\";s:15:\"overlay-opacity\";s:0:\"\";s:16:\"overlay-gradient\";s:0:\"\";}s:6:\"mobile\";a:12:{s:16:\"background-color\";s:25:\"var(--ast-global-color-4)\";s:16:\"background-image\";s:0:\"\";s:17:\"background-repeat\";s:6:\"repeat\";s:19:\"background-position\";s:13:\"center center\";s:15:\"background-size\";s:4:\"auto\";s:21:\"background-attachment\";s:6:\"scroll\";s:15:\"background-type\";s:0:\"\";s:16:\"background-media\";s:0:\"\";s:12:\"overlay-type\";s:0:\"\";s:13:\"overlay-color\";s:0:\"\";s:15:\"overlay-opacity\";s:0:\"\";s:16:\"overlay-gradient\";s:0:\"\";}}"],"footnotes":[""],"_uag_css_file_name":["uag-css-211.css"],"_uag_page_assets":["a:9:{s:3:\"css\";s:263:\".uag-blocks-common-selector{z-index:var(--z-index-desktop) !important}@media (max-width: 976px){.uag-blocks-common-selector{z-index:var(--z-index-tablet) !important}}@media (max-width: 767px){.uag-blocks-common-selector{z-index:var(--z-index-mobile) !important}}\n\";s:2:\"js\";s:0:\"\";s:18:\"current_block_list\";a:8:{i:0;s:12:\"core\/heading\";i:1;s:9:\"core\/list\";i:2;s:14:\"core\/list-item\";i:3;s:12:\"core\/columns\";i:4;s:11:\"core\/column\";i:5;s:12:\"core\/buttons\";i:6;s:11:\"core\/button\";i:9;s:14:\"core\/paragraph\";}s:8:\"uag_flag\";b:0;s:11:\"uag_version\";s:10:\"1775648310\";s:6:\"gfonts\";a:0:{}s:10:\"gfonts_url\";s:0:\"\";s:12:\"gfonts_files\";a:0:{}s:14:\"uag_faq_layout\";b:0;}"]},"uagb_featured_image_src":{"full":["https:\/\/matis.is\/wp-content\/uploads\/2020\/10\/matisfront-1030x684-1.jpg",1030,684,false],"thumbnail":["https:\/\/matis.is\/wp-content\/uploads\/2020\/10\/matisfront-1030x684-1-150x150.jpg",150,150,true],"medium":["https:\/\/matis.is\/wp-content\/uploads\/2020\/10\/matisfront-1030x684-1-300x199.jpg",300,199,true],"medium_large":["https:\/\/matis.is\/wp-content\/uploads\/2020\/10\/matisfront-1030x684-1-768x510.jpg",768,510,true],"large":["https:\/\/matis.is\/wp-content\/uploads\/2020\/10\/matisfront-1030x684-1-1024x680.jpg",1024,680,true],"1536x1536":["https:\/\/matis.is\/wp-content\/uploads\/2020\/10\/matisfront-1030x684-1.jpg",1030,684,false],"2048x2048":["https:\/\/matis.is\/wp-content\/uploads\/2020\/10\/matisfront-1030x684-1.jpg",1030,684,false],"trp-custom-language-flag":["https:\/\/matis.is\/wp-content\/uploads\/2020\/10\/matisfront-1030x684-1.jpg",18,12,false]},"uagb_author_info":{"display_name":"admin","author_link":"https:\/\/matis.is\/en\/author\/thormodurmatis-is\/"},"uagb_comment_info":0,"uagb_excerpt":"Framkv\u00e6mdastj\u00f3rn Stj\u00f3rn Mat\u00eds \u00cdtarefni vegna stj\u00f3rnar","_links":{"self":[{"href":"https:\/\/matis.is\/en\/wp-json\/wp\/v2\/pages\/211","targetHints":{"allow":["GET"]}}],"collection":[{"href":"https:\/\/matis.is\/en\/wp-json\/wp\/v2\/pages"}],"about":[{"href":"https:\/\/matis.is\/en\/wp-json\/wp\/v2\/types\/page"}],"author":[{"embeddable":true,"href":"https:\/\/matis.is\/en\/wp-json\/wp\/v2\/users\/1"}],"replies":[{"embeddable":true,"href":"https:\/\/matis.is\/en\/wp-json\/wp\/v2\/comments?post=211"}],"version-history":[{"count":22,"href":"https:\/\/matis.is\/en\/wp-json\/wp\/v2\/pages\/211\/revisions"}],"predecessor-version":[{"id":56323,"href":"https:\/\/matis.is\/en\/wp-json\/wp\/v2\/pages\/211\/revisions\/56323"}],"up":[{"embeddable":true,"href":"https:\/\/matis.is\/en\/wp-json\/wp\/v2\/pages\/216"}],"wp:featuredmedia":[{"embeddable":true,"href":"https:\/\/matis.is\/en\/wp-json\/wp\/v2\/media\/28863"}],"wp:attachment":[{"href":"https:\/\/matis.is\/en\/wp-json\/wp\/v2\/media?parent=211"}],"curies":[{"name":"wp","href":"https:\/\/api.w.org\/{rel}","templated":true}]}}