{"id":214,"date":"2020-10-26T10:30:10","date_gmt":"2020-10-26T10:30:10","guid":{"rendered":"https:\/\/matis.mareframe.eu\/?page_id=214"},"modified":"2025-12-09T11:10:21","modified_gmt":"2025-12-09T11:10:21","slug":"starfsstodvar","status":"publish","type":"page","link":"https:\/\/matis.is\/en\/um-matis\/starfsstodvar\/","title":{"rendered":"Locations"},"content":{"rendered":"<h2 class=\"wp-block-heading\">Mat\u00eds all over the country<\/h2>\n\n\n\n<h4 class=\"wp-block-heading\">From the beginning, Mat\u00eds has been based on a network of establishments all over the country. There are now five locations, including the company&#039;s headquarters in Reykjav\u00edk, and their staff is connected to all the company&#039;s professional areas.<\/h4>\n\n\n\n<p>The focuses of the establishments are diverse and reflect Mat\u00eds&#039; broad field of work and professional knowledge within the company. In the same way, the establishments also take into account the local community in each place and the needs that exist there. In this way, Mat\u00eds&#039; establishments in \u00cdsafj\u00f6r\u00f0ur and Akureyri are close to the country&#039;s larger farming and fishing areas. The measuring service in Neskaupsta\u00f0ar is of great value to both production companies and public health regulators in the East, and Mat\u00eds \u00e1 Hvanneyri has built up a lot of knowledge in the field of diverse agriculture.<\/p>\n\n\n\n<p>With work around the country, Mat\u00eds underlines the company&#039;s willingness to work with parties at home in the provinces on a variety of projects that can strengthen the economy, increase innovation and increase employment. Mat\u00eds&#039; policy is that in the coming years, the company will further strengthen this emphasis throughout the country.<\/p>\n\n\n\n<figure class=\"wp-block-image size-large\"><img loading=\"lazy\" decoding=\"async\" width=\"1024\" height=\"576\" src=\"https:\/\/matis.is\/wp-content\/uploads\/matis_kort-2023-1024x576.png\" alt=\"\" class=\"wp-image-51036\" srcset=\"https:\/\/matis.is\/wp-content\/uploads\/matis_kort-2023-1024x576.png 1024w, https:\/\/matis.is\/wp-content\/uploads\/matis_kort-2023-300x169.png 300w, https:\/\/matis.is\/wp-content\/uploads\/matis_kort-2023-768x432.png 768w, https:\/\/matis.is\/wp-content\/uploads\/matis_kort-2023-1536x864.png 1536w, https:\/\/matis.is\/wp-content\/uploads\/matis_kort-2023-18x10.png 18w, https:\/\/matis.is\/wp-content\/uploads\/matis_kort-2023-1200x675.png 1200w, https:\/\/matis.is\/wp-content\/uploads\/matis_kort-2023.png 1920w\" sizes=\"auto, (max-width: 1024px) 100vw, 1024px\" \/><\/figure>","protected":false},"excerpt":{"rendered":"<p>Mat\u00eds um allt land Fr\u00e1 upphafi hefur Mat\u00eds byggst \u00e1 neti starfsst\u00f6\u00f0va um allt land. Starfsst\u00f6\u00f0var eru n\u00fa fimm talsins, [&hellip;]<\/p>\n","protected":false},"author":1,"featured_media":51036,"parent":216,"menu_order":0,"comment_status":"closed","ping_status":"closed","template":"","meta":{"_acf_changed":false,"_uag_custom_page_level_css":"","site-sidebar-layout":"right-sidebar","site-content-layout":"","ast-site-content-layout":"normal-width-container","site-content-style":"default","site-sidebar-style":"default","ast-global-header-display":"","ast-banner-title-visibility":"disabled","ast-main-header-display":"","ast-hfb-above-header-display":"","ast-hfb-below-header-display":"","ast-hfb-mobile-header-display":"","site-post-title":"","ast-breadcrumbs-content":"","ast-featured-img":"","footer-sml-layout":"","ast-disable-related-posts":"","theme-transparent-header-meta":"","adv-header-id-meta":"","stick-header-meta":"","header-above-stick-meta":"","header-main-stick-meta":"","header-below-stick-meta":"","astra-migrate-meta-layouts":"default","ast-page-background-enabled":"default","ast-page-background-meta":{"desktop":{"background-color":"var(--ast-global-color-5)","background-image":"","background-repeat":"repeat","background-position":"center center","background-size":"auto","background-attachment":"scroll","background-type":"","background-media":"","overlay-type":"","overlay-color":"","overlay-opacity":"","overlay-gradient":""},"tablet":{"background-color":"","background-image":"","background-repeat":"repeat","background-position":"center center","background-size":"auto","background-attachment":"scroll","background-type":"","background-media":"","overlay-type":"","overlay-color":"","overlay-opacity":"","overlay-gradient":""},"mobile":{"background-color":"","background-image":"","background-repeat":"repeat","background-position":"center center","background-size":"auto","background-attachment":"scroll","background-type":"","background-media":"","overlay-type":"","overlay-color":"","overlay-opacity":"","overlay-gradient":""}},"ast-content-background-meta":{"desktop":{"background-color":"var(--ast-global-color-4)","background-image":"","background-repeat":"repeat","background-position":"center center","background-size":"auto","background-attachment":"scroll","background-type":"","background-media":"","overlay-type":"","overlay-color":"","overlay-opacity":"","overlay-gradient":""},"tablet":{"background-color":"var(--ast-global-color-4)","background-image":"","background-repeat":"repeat","background-position":"center center","background-size":"auto","background-attachment":"scroll","background-type":"","background-media":"","overlay-type":"","overlay-color":"","overlay-opacity":"","overlay-gradient":""},"mobile":{"background-color":"var(--ast-global-color-4)","background-image":"","background-repeat":"repeat","background-position":"center center","background-size":"auto","background-attachment":"scroll","background-type":"","background-media":"","overlay-type":"","overlay-color":"","overlay-opacity":"","overlay-gradient":""}},"footnotes":""},"class_list":["post-214","page","type-page","status-publish","has-post-thumbnail","hentry"],"acf":[],"yoast_head":"<!-- This site is optimized with the Yoast SEO plugin v27.4 - https:\/\/yoast.com\/product\/yoast-seo-wordpress\/ -->\n<title>Starfsst\u00f6\u00f0var - Mat\u00eds<\/title>\n<meta name=\"description\" content=\"Fr\u00e1 upphafi hefur Mat\u00eds byggst \u00e1 neti starfsst\u00f6\u00f0va um allt land. Starfsst\u00f6\u00f0var eru n\u00fa fimm talsins, a\u00f0 h\u00f6fu\u00f0st\u00f6\u00f0vum fyrirt\u00e6kisins \u00ed Reykjav\u00edk me\u00f0t\u00f6ldum og eru starfsmenn \u00feeirra tengdir \u00f6llum fagsvi\u00f0um fyrirt\u00e6kisins.\" \/>\n<meta name=\"robots\" content=\"index, follow, max-snippet:-1, max-image-preview:large, max-video-preview:-1\" \/>\n<link rel=\"canonical\" href=\"https:\/\/matis.is\/en\/um-matis\/starfsstodvar\/\" \/>\n<meta property=\"og:locale\" content=\"en_GB\" \/>\n<meta property=\"og:type\" content=\"article\" \/>\n<meta property=\"og:title\" content=\"Starfsst\u00f6\u00f0var - Mat\u00eds\" \/>\n<meta property=\"og:description\" content=\"Fr\u00e1 upphafi hefur Mat\u00eds byggst \u00e1 neti starfsst\u00f6\u00f0va um allt land. Starfsst\u00f6\u00f0var eru n\u00fa fimm talsins, a\u00f0 h\u00f6fu\u00f0st\u00f6\u00f0vum fyrirt\u00e6kisins \u00ed Reykjav\u00edk me\u00f0t\u00f6ldum og eru starfsmenn \u00feeirra tengdir \u00f6llum fagsvi\u00f0um fyrirt\u00e6kisins.\" \/>\n<meta property=\"og:url\" content=\"https:\/\/matis.is\/en\/um-matis\/starfsstodvar\/\" \/>\n<meta property=\"og:site_name\" content=\"Mat\u00eds\" \/>\n<meta property=\"article:publisher\" content=\"https:\/\/www.facebook.com\/matisiceland\" \/>\n<meta property=\"article:modified_time\" content=\"2025-12-09T11:10:21+00:00\" \/>\n<meta property=\"og:image\" content=\"https:\/\/matis.is\/wp-content\/uploads\/matis_kort-2023.png\" \/>\n\t<meta property=\"og:image:width\" content=\"1920\" \/>\n\t<meta property=\"og:image:height\" content=\"1080\" \/>\n\t<meta property=\"og:image:type\" content=\"image\/png\" \/>\n<meta name=\"twitter:card\" content=\"summary_large_image\" \/>\n<meta name=\"twitter:site\" content=\"@matisiceland\" \/>\n<meta name=\"twitter:label1\" content=\"Estimated reading time\" \/>\n\t<meta name=\"twitter:data1\" content=\"2 minutes\" \/>\n<script type=\"application\/ld+json\" class=\"yoast-schema-graph\">{\"@context\":\"https:\\\/\\\/schema.org\",\"@graph\":[{\"@type\":\"WebPage\",\"@id\":\"https:\\\/\\\/matis.is\\\/um-matis\\\/starfsstodvar\\\/\",\"url\":\"https:\\\/\\\/matis.is\\\/um-matis\\\/starfsstodvar\\\/\",\"name\":\"Starfsst\u00f6\u00f0var - Mat\u00eds\",\"isPartOf\":{\"@id\":\"https:\\\/\\\/matis.is\\\/#website\"},\"primaryImageOfPage\":{\"@id\":\"https:\\\/\\\/matis.is\\\/um-matis\\\/starfsstodvar\\\/#primaryimage\"},\"image\":{\"@id\":\"https:\\\/\\\/matis.is\\\/um-matis\\\/starfsstodvar\\\/#primaryimage\"},\"thumbnailUrl\":\"https:\\\/\\\/matis.is\\\/wp-content\\\/uploads\\\/matis_kort-2023.png\",\"datePublished\":\"2020-10-26T10:30:10+00:00\",\"dateModified\":\"2025-12-09T11:10:21+00:00\",\"description\":\"Fr\u00e1 upphafi hefur Mat\u00eds byggst \u00e1 neti starfsst\u00f6\u00f0va um allt land. Starfsst\u00f6\u00f0var eru n\u00fa fimm talsins, a\u00f0 h\u00f6fu\u00f0st\u00f6\u00f0vum fyrirt\u00e6kisins \u00ed Reykjav\u00edk me\u00f0t\u00f6ldum og eru starfsmenn \u00feeirra tengdir \u00f6llum fagsvi\u00f0um fyrirt\u00e6kisins.\",\"breadcrumb\":{\"@id\":\"https:\\\/\\\/matis.is\\\/um-matis\\\/starfsstodvar\\\/#breadcrumb\"},\"inLanguage\":\"en-GB\",\"potentialAction\":[{\"@type\":\"ReadAction\",\"target\":[\"https:\\\/\\\/matis.is\\\/um-matis\\\/starfsstodvar\\\/\"]}]},{\"@type\":\"ImageObject\",\"inLanguage\":\"en-GB\",\"@id\":\"https:\\\/\\\/matis.is\\\/um-matis\\\/starfsstodvar\\\/#primaryimage\",\"url\":\"https:\\\/\\\/matis.is\\\/wp-content\\\/uploads\\\/matis_kort-2023.png\",\"contentUrl\":\"https:\\\/\\\/matis.is\\\/wp-content\\\/uploads\\\/matis_kort-2023.png\",\"width\":1920,\"height\":1080},{\"@type\":\"BreadcrumbList\",\"@id\":\"https:\\\/\\\/matis.is\\\/um-matis\\\/starfsstodvar\\\/#breadcrumb\",\"itemListElement\":[{\"@type\":\"ListItem\",\"position\":1,\"name\":\"Home\",\"item\":\"https:\\\/\\\/matis.is\\\/\"},{\"@type\":\"ListItem\",\"position\":2,\"name\":\"Starfsemi Mat\u00eds\",\"item\":\"https:\\\/\\\/matis.is\\\/um-matis\\\/\"},{\"@type\":\"ListItem\",\"position\":3,\"name\":\"Starfsst\u00f6\u00f0var\"}]},{\"@type\":\"WebSite\",\"@id\":\"https:\\\/\\\/matis.is\\\/#website\",\"url\":\"https:\\\/\\\/matis.is\\\/\",\"name\":\"Mat\u00eds\",\"description\":\"Ver\u00f0m\u00e6task\u00f6pun, matv\u00e6la\u00f6ryggi og l\u00fd\u00f0heilsa\",\"publisher\":{\"@id\":\"https:\\\/\\\/matis.is\\\/#organization\"},\"potentialAction\":[{\"@type\":\"SearchAction\",\"target\":{\"@type\":\"EntryPoint\",\"urlTemplate\":\"https:\\\/\\\/matis.is\\\/?s={search_term_string}\"},\"query-input\":{\"@type\":\"PropertyValueSpecification\",\"valueRequired\":true,\"valueName\":\"search_term_string\"}}],\"inLanguage\":\"en-GB\"},{\"@type\":\"Organization\",\"@id\":\"https:\\\/\\\/matis.is\\\/#organization\",\"name\":\"Mat\u00eds ohf.\",\"url\":\"https:\\\/\\\/matis.is\\\/\",\"logo\":{\"@type\":\"ImageObject\",\"inLanguage\":\"en-GB\",\"@id\":\"https:\\\/\\\/matis.is\\\/#\\\/schema\\\/logo\\\/image\\\/\",\"url\":\"https:\\\/\\\/matis.is\\\/wp-content\\\/uploads\\\/2021\\\/02\\\/matis_logo_blatthvitt.png\",\"contentUrl\":\"https:\\\/\\\/matis.is\\\/wp-content\\\/uploads\\\/2021\\\/02\\\/matis_logo_blatthvitt.png\",\"width\":1507,\"height\":1507,\"caption\":\"Mat\u00eds ohf.\"},\"image\":{\"@id\":\"https:\\\/\\\/matis.is\\\/#\\\/schema\\\/logo\\\/image\\\/\"},\"sameAs\":[\"https:\\\/\\\/www.facebook.com\\\/matisiceland\",\"https:\\\/\\\/x.com\\\/matisiceland\",\"https:\\\/\\\/www.instagram.com\\\/matisiceland\\\/\",\"https:\\\/\\\/www.linkedin.com\\\/matisiceland\\\/\",\"https:\\\/\\\/www.youtube.com\\\/channel\\\/UCY-frt3uTqgVZW-DLjoo5bA\"]}]}<\/script>\n<!-- \/ Yoast SEO plugin. -->","yoast_head_json":{"title":"Establishments - Mat\u00eds","description":"From the beginning, Mat\u00eds has been based on a network of offices throughout the country. There are now five offices, including the company&#039;s headquarters in Reykjav\u00edk, and their employees are connected to all areas of the company.","robots":{"index":"index","follow":"follow","max-snippet":"max-snippet:-1","max-image-preview":"max-image-preview:large","max-video-preview":"max-video-preview:-1"},"canonical":"https:\/\/matis.is\/en\/um-matis\/starfsstodvar\/","og_locale":"en_GB","og_type":"article","og_title":"Starfsst\u00f6\u00f0var - Mat\u00eds","og_description":"Fr\u00e1 upphafi hefur Mat\u00eds byggst \u00e1 neti starfsst\u00f6\u00f0va um allt land. Starfsst\u00f6\u00f0var eru n\u00fa fimm talsins, a\u00f0 h\u00f6fu\u00f0st\u00f6\u00f0vum fyrirt\u00e6kisins \u00ed Reykjav\u00edk me\u00f0t\u00f6ldum og eru starfsmenn \u00feeirra tengdir \u00f6llum fagsvi\u00f0um fyrirt\u00e6kisins.","og_url":"https:\/\/matis.is\/en\/um-matis\/starfsstodvar\/","og_site_name":"Mat\u00eds","article_publisher":"https:\/\/www.facebook.com\/matisiceland","article_modified_time":"2025-12-09T11:10:21+00:00","og_image":[{"width":1920,"height":1080,"url":"https:\/\/matis.is\/wp-content\/uploads\/matis_kort-2023.png","type":"image\/png"}],"twitter_card":"summary_large_image","twitter_site":"@matisiceland","twitter_misc":{"Estimated reading time":"2 minutes"},"schema":{"@context":"https:\/\/schema.org","@graph":[{"@type":"WebPage","@id":"https:\/\/matis.is\/um-matis\/starfsstodvar\/","url":"https:\/\/matis.is\/um-matis\/starfsstodvar\/","name":"Establishments - Mat\u00eds","isPartOf":{"@id":"https:\/\/matis.is\/#website"},"primaryImageOfPage":{"@id":"https:\/\/matis.is\/um-matis\/starfsstodvar\/#primaryimage"},"image":{"@id":"https:\/\/matis.is\/um-matis\/starfsstodvar\/#primaryimage"},"thumbnailUrl":"https:\/\/matis.is\/wp-content\/uploads\/matis_kort-2023.png","datePublished":"2020-10-26T10:30:10+00:00","dateModified":"2025-12-09T11:10:21+00:00","description":"From the beginning, Mat\u00eds has been based on a network of offices throughout the country. There are now five offices, including the company&#039;s headquarters in Reykjav\u00edk, and their employees are connected to all areas of the company.","breadcrumb":{"@id":"https:\/\/matis.is\/um-matis\/starfsstodvar\/#breadcrumb"},"inLanguage":"en-GB","potentialAction":[{"@type":"ReadAction","target":["https:\/\/matis.is\/um-matis\/starfsstodvar\/"]}]},{"@type":"ImageObject","inLanguage":"en-GB","@id":"https:\/\/matis.is\/um-matis\/starfsstodvar\/#primaryimage","url":"https:\/\/matis.is\/wp-content\/uploads\/matis_kort-2023.png","contentUrl":"https:\/\/matis.is\/wp-content\/uploads\/matis_kort-2023.png","width":1920,"height":1080},{"@type":"BreadcrumbList","@id":"https:\/\/matis.is\/um-matis\/starfsstodvar\/#breadcrumb","itemListElement":[{"@type":"ListItem","position":1,"name":"Home","item":"https:\/\/matis.is\/"},{"@type":"ListItem","position":2,"name":"Starfsemi Mat\u00eds","item":"https:\/\/matis.is\/um-matis\/"},{"@type":"ListItem","position":3,"name":"Starfsst\u00f6\u00f0var"}]},{"@type":"WebSite","@id":"https:\/\/matis.is\/#website","url":"https:\/\/matis.is\/","name":"Mat\u00eds","description":"Value creation, food security and public health","publisher":{"@id":"https:\/\/matis.is\/#organization"},"potentialAction":[{"@type":"SearchAction","target":{"@type":"EntryPoint","urlTemplate":"https:\/\/matis.is\/?s={search_term_string}"},"query-input":{"@type":"PropertyValueSpecification","valueRequired":true,"valueName":"search_term_string"}}],"inLanguage":"en-GB"},{"@type":"Organization","@id":"https:\/\/matis.is\/#organization","name":"Mat\u00eds ohf.","url":"https:\/\/matis.is\/","logo":{"@type":"ImageObject","inLanguage":"en-GB","@id":"https:\/\/matis.is\/#\/schema\/logo\/image\/","url":"https:\/\/matis.is\/wp-content\/uploads\/2021\/02\/matis_logo_blatthvitt.png","contentUrl":"https:\/\/matis.is\/wp-content\/uploads\/2021\/02\/matis_logo_blatthvitt.png","width":1507,"height":1507,"caption":"Mat\u00eds ohf."},"image":{"@id":"https:\/\/matis.is\/#\/schema\/logo\/image\/"},"sameAs":["https:\/\/www.facebook.com\/matisiceland","https:\/\/x.com\/matisiceland","https:\/\/www.instagram.com\/matisiceland\/","https:\/\/www.linkedin.com\/matisiceland\/","https:\/\/www.youtube.com\/channel\/UCY-frt3uTqgVZW-DLjoo5bA"]}]}},"spectra_custom_meta":{"_customize_changeset_uuid":["44817ff8-045f-4b75-95a9-70d2201d84e0"],"_edit_lock":["1765278622:1"],"_edit_last":["1"],"valmynd_a_undirsidu":["0"],"_valmynd_a_undirsidu":["field_5f9970348837c"],"undirvalmynd_a_parentsidu":["1"],"_undirvalmynd_a_parentsidu":["field_5f9addfe68a79"],"tengilidur":[""],"_tengilidur":["field_5ef905e0538b2"],"_thumbnail_id":["51036"],"_wp_page_template":["default"],"_yoast_wpseo_metadesc":["Fr\u00e1 upphafi hefur Mat\u00eds byggst \u00e1 neti starfsst\u00f6\u00f0va um allt land. Starfsst\u00f6\u00f0var eru n\u00fa fimm talsins, a\u00f0 h\u00f6fu\u00f0st\u00f6\u00f0vum fyrirt\u00e6kisins \u00ed Reykjav\u00edk me\u00f0t\u00f6ldum og eru starfsmenn \u00feeirra tengdir \u00f6llum fagsvi\u00f0um fyrirt\u00e6kisins."],"_yoast_wpseo_content_score":["90"],"_yoast_wpseo_estimated-reading-time-minutes":["2"],"footnotes":[""],"_yoast_wpseo_wordproof_timestamp":[""],"_uag_custom_page_level_css":[""],"site-sidebar-layout":["right-sidebar"],"site-content-layout":[""],"ast-site-content-layout":["normal-width-container"],"site-content-style":["default"],"site-sidebar-style":["default"],"ast-global-header-display":[""],"ast-banner-title-visibility":["disabled"],"ast-main-header-display":[""],"ast-hfb-above-header-display":[""],"ast-hfb-below-header-display":[""],"ast-hfb-mobile-header-display":[""],"site-post-title":[""],"ast-breadcrumbs-content":[""],"ast-featured-img":[""],"footer-sml-layout":[""],"theme-transparent-header-meta":[""],"adv-header-id-meta":[""],"stick-header-meta":[""],"header-above-stick-meta":[""],"header-main-stick-meta":[""],"header-below-stick-meta":[""],"astra-migrate-meta-layouts":["default"],"ast-page-background-enabled":["default"],"ast-page-background-meta":["a:3:{s:7:\"desktop\";a:12:{s:16:\"background-color\";s:25:\"var(--ast-global-color-5)\";s:16:\"background-image\";s:0:\"\";s:17:\"background-repeat\";s:6:\"repeat\";s:19:\"background-position\";s:13:\"center center\";s:15:\"background-size\";s:4:\"auto\";s:21:\"background-attachment\";s:6:\"scroll\";s:15:\"background-type\";s:0:\"\";s:16:\"background-media\";s:0:\"\";s:12:\"overlay-type\";s:0:\"\";s:13:\"overlay-color\";s:0:\"\";s:15:\"overlay-opacity\";s:0:\"\";s:16:\"overlay-gradient\";s:0:\"\";}s:6:\"tablet\";a:12:{s:16:\"background-color\";s:0:\"\";s:16:\"background-image\";s:0:\"\";s:17:\"background-repeat\";s:6:\"repeat\";s:19:\"background-position\";s:13:\"center center\";s:15:\"background-size\";s:4:\"auto\";s:21:\"background-attachment\";s:6:\"scroll\";s:15:\"background-type\";s:0:\"\";s:16:\"background-media\";s:0:\"\";s:12:\"overlay-type\";s:0:\"\";s:13:\"overlay-color\";s:0:\"\";s:15:\"overlay-opacity\";s:0:\"\";s:16:\"overlay-gradient\";s:0:\"\";}s:6:\"mobile\";a:12:{s:16:\"background-color\";s:0:\"\";s:16:\"background-image\";s:0:\"\";s:17:\"background-repeat\";s:6:\"repeat\";s:19:\"background-position\";s:13:\"center center\";s:15:\"background-size\";s:4:\"auto\";s:21:\"background-attachment\";s:6:\"scroll\";s:15:\"background-type\";s:0:\"\";s:16:\"background-media\";s:0:\"\";s:12:\"overlay-type\";s:0:\"\";s:13:\"overlay-color\";s:0:\"\";s:15:\"overlay-opacity\";s:0:\"\";s:16:\"overlay-gradient\";s:0:\"\";}}"],"ast-content-background-meta":["a:3:{s:7:\"desktop\";a:12:{s:16:\"background-color\";s:25:\"var(--ast-global-color-4)\";s:16:\"background-image\";s:0:\"\";s:17:\"background-repeat\";s:6:\"repeat\";s:19:\"background-position\";s:13:\"center center\";s:15:\"background-size\";s:4:\"auto\";s:21:\"background-attachment\";s:6:\"scroll\";s:15:\"background-type\";s:0:\"\";s:16:\"background-media\";s:0:\"\";s:12:\"overlay-type\";s:0:\"\";s:13:\"overlay-color\";s:0:\"\";s:15:\"overlay-opacity\";s:0:\"\";s:16:\"overlay-gradient\";s:0:\"\";}s:6:\"tablet\";a:12:{s:16:\"background-color\";s:25:\"var(--ast-global-color-4)\";s:16:\"background-image\";s:0:\"\";s:17:\"background-repeat\";s:6:\"repeat\";s:19:\"background-position\";s:13:\"center center\";s:15:\"background-size\";s:4:\"auto\";s:21:\"background-attachment\";s:6:\"scroll\";s:15:\"background-type\";s:0:\"\";s:16:\"background-media\";s:0:\"\";s:12:\"overlay-type\";s:0:\"\";s:13:\"overlay-color\";s:0:\"\";s:15:\"overlay-opacity\";s:0:\"\";s:16:\"overlay-gradient\";s:0:\"\";}s:6:\"mobile\";a:12:{s:16:\"background-color\";s:25:\"var(--ast-global-color-4)\";s:16:\"background-image\";s:0:\"\";s:17:\"background-repeat\";s:6:\"repeat\";s:19:\"background-position\";s:13:\"center center\";s:15:\"background-size\";s:4:\"auto\";s:21:\"background-attachment\";s:6:\"scroll\";s:15:\"background-type\";s:0:\"\";s:16:\"background-media\";s:0:\"\";s:12:\"overlay-type\";s:0:\"\";s:13:\"overlay-color\";s:0:\"\";s:15:\"overlay-opacity\";s:0:\"\";s:16:\"overlay-gradient\";s:0:\"\";}}"],"cmplz_hide_cookiebanner":[""],"_uag_css_file_name":["uag-css-214.css"],"_uag_page_assets":["a:9:{s:3:\"css\";s:263:\".uag-blocks-common-selector{z-index:var(--z-index-desktop) !important}@media (max-width: 976px){.uag-blocks-common-selector{z-index:var(--z-index-tablet) !important}}@media (max-width: 767px){.uag-blocks-common-selector{z-index:var(--z-index-mobile) !important}}\n\";s:2:\"js\";s:0:\"\";s:18:\"current_block_list\";a:7:{i:0;s:12:\"core\/heading\";i:1;s:14:\"core\/paragraph\";i:2;s:10:\"core\/image\";i:3;s:12:\"core\/buttons\";i:4;s:11:\"core\/button\";i:5;s:12:\"core\/columns\";i:6;s:11:\"core\/column\";}s:8:\"uag_flag\";b:0;s:11:\"uag_version\";s:10:\"1776432937\";s:6:\"gfonts\";a:0:{}s:10:\"gfonts_url\";s:0:\"\";s:12:\"gfonts_files\";a:0:{}s:14:\"uag_faq_layout\";b:0;}"]},"uagb_featured_image_src":{"full":["https:\/\/matis.is\/wp-content\/uploads\/matis_kort-2023.png",1920,1080,false],"thumbnail":["https:\/\/matis.is\/wp-content\/uploads\/matis_kort-2023-150x150.png",150,150,true],"medium":["https:\/\/matis.is\/wp-content\/uploads\/matis_kort-2023-300x169.png",300,169,true],"medium_large":["https:\/\/matis.is\/wp-content\/uploads\/matis_kort-2023-768x432.png",768,432,true],"large":["https:\/\/matis.is\/wp-content\/uploads\/matis_kort-2023-1024x576.png",1024,576,true],"1536x1536":["https:\/\/matis.is\/wp-content\/uploads\/matis_kort-2023-1536x864.png",1536,864,true],"2048x2048":["https:\/\/matis.is\/wp-content\/uploads\/matis_kort-2023.png",1920,1080,false],"trp-custom-language-flag":["https:\/\/matis.is\/wp-content\/uploads\/matis_kort-2023-18x10.png",18,10,true]},"uagb_author_info":{"display_name":"admin","author_link":"https:\/\/matis.is\/en\/author\/thormodurmatis-is\/"},"uagb_comment_info":0,"uagb_excerpt":"Mat\u00eds um allt land Fr\u00e1 upphafi hefur Mat\u00eds byggst \u00e1 neti starfsst\u00f6\u00f0va um allt land. Starfsst\u00f6\u00f0var eru n\u00fa fimm talsins, [&hellip;]","_links":{"self":[{"href":"https:\/\/matis.is\/en\/wp-json\/wp\/v2\/pages\/214","targetHints":{"allow":["GET"]}}],"collection":[{"href":"https:\/\/matis.is\/en\/wp-json\/wp\/v2\/pages"}],"about":[{"href":"https:\/\/matis.is\/en\/wp-json\/wp\/v2\/types\/page"}],"author":[{"embeddable":true,"href":"https:\/\/matis.is\/en\/wp-json\/wp\/v2\/users\/1"}],"replies":[{"embeddable":true,"href":"https:\/\/matis.is\/en\/wp-json\/wp\/v2\/comments?post=214"}],"version-history":[{"count":4,"href":"https:\/\/matis.is\/en\/wp-json\/wp\/v2\/pages\/214\/revisions"}],"predecessor-version":[{"id":55536,"href":"https:\/\/matis.is\/en\/wp-json\/wp\/v2\/pages\/214\/revisions\/55536"}],"up":[{"embeddable":true,"href":"https:\/\/matis.is\/en\/wp-json\/wp\/v2\/pages\/216"}],"wp:featuredmedia":[{"embeddable":true,"href":"https:\/\/matis.is\/en\/wp-json\/wp\/v2\/media\/51036"}],"wp:attachment":[{"href":"https:\/\/matis.is\/en\/wp-json\/wp\/v2\/media?parent=214"}],"curies":[{"name":"wp","href":"https:\/\/api.w.org\/{rel}","templated":true}]}}