{"id":29306,"date":"2020-11-09T22:02:26","date_gmt":"2020-11-09T22:02:26","guid":{"rendered":"https:\/\/matisiceland.org\/?page_id=29306"},"modified":"2026-01-27T13:26:39","modified_gmt":"2026-01-27T13:26:39","slug":"horizon-2020","status":"publish","type":"page","link":"https:\/\/matis.is\/en\/rannsoknir-og-nyskopun\/evropuverkefni\/horizon-2020\/","title":{"rendered":"Horizon 2020"},"content":{"rendered":"<h4 class=\"wp-block-heading\">Mat\u00eds has been part of various projects within the Horizon 2020 program and builds on the success already established within Seventh Framework Program (FP7). Our projects within the current FP and the previous FP7 are listed below.<\/h4>\n\n\n\n<p>Mat\u00eds has from the beginning systematically emphasized international cooperation in research projects and has good connections and earned good reputation in international R&amp;D community. Mat\u00eds&#039; employees are well educated and have experience in foreign collaboration and their cooperation is sought after. Through international research projects Mat\u00eds also gains access to knowledge and equipment that is not available in Iceland.<\/p>\n\n\n\n<h4 class=\"wp-block-heading\">Already, Mat\u00eds has been selected as a participant in:<\/h4>\n\n\n\n<ul class=\"wp-block-list\">\n<li><a href=\"https:\/\/nextgenproteins.eu\/\">NextGenProteins<\/a> (Coordinators)<\/li>\n\n\n\n<li><a rel=\"noreferrer noopener\" href=\"http:\/\/www.farfish.eu\/\" target=\"_blank\">FarFish<\/a>&nbsp;(Coordinators)<\/li>\n\n\n\n<li><a rel=\"noreferrer noopener\" href=\"http:\/\/sylfeed.eu\/\" target=\"_blank\">Sylfeed<\/a>&nbsp;(Work Package Leaders, Dissemination Manager)<\/li>\n\n\n\n<li><a rel=\"noreferrer noopener\" href=\"http:\/\/www.climefish.eu\/\" target=\"_blank\">ClimeFish<\/a>&nbsp;(Work Package Leader)<\/li>\n\n\n\n<li><a href=\"https:\/\/cordis.europa.eu\/search?q=%27SAF21%27&amp;p=1&amp;num=10&amp;srt=Relevance:decreasing\" target=\"_blank\" rel=\"noreferrer noopener\">SAF21<\/a>&nbsp;(Partner)<\/li>\n\n\n\n<li><a href=\"http:\/\/primefish.eu\/\">PrimeFish<\/a>&nbsp;(Coordinators)<\/li>\n\n\n\n<li><a href=\"https:\/\/cordis.europa.eu\/search?q=%27discardless%27&amp;p=1&amp;num=10&amp;srt=Relevance:decreasing\" target=\"_blank\" rel=\"noreferrer noopener\">DiscardLess<\/a>&nbsp;(Work Package Leader)<\/li>\n\n\n\n<li><a href=\"https:\/\/matis.is\/en\/europlanet-2024ri\/\" target=\"_blank\" rel=\"noreferrer noopener\">EuroPlanet<\/a>\u00a0(Partner)<\/li>\n\n\n\n<li><a href=\"https:\/\/matis.is\/en\/ahrif-samverkandi-efnasambanda-a-okkar-daglega-lif\/\" target=\"_blank\" rel=\"noreferrer noopener\">EuroMix<\/a>&nbsp;(Dissemination Manager)<\/li>\n\n\n\n<li><a href=\"https:\/\/matis.is\/en\/greinar\/going-to-extremes-a-metagenomic-journey-into-the-dark-matter-of-life\/\" target=\"_blank\" rel=\"noreferrer noopener\">Virus-X<\/a>&nbsp;(Coordinators, Work Package Leaders)<\/li>\n\n\n\n<li><a rel=\"noreferrer noopener\" href=\"http:\/\/www.macrofuels.eu\/\" target=\"_blank\">MacroFuels<\/a>&nbsp;(Work Package Leader)<\/li>\n\n\n\n<li><a rel=\"noreferrer noopener\" href=\"https:\/\/www.macrocascade.eu\/\" target=\"_blank\">MacroCascade<\/a>&nbsp;(Work Package Leader)<\/li>\n\n\n\n<li><a rel=\"noreferrer noopener\" href=\"http:\/\/cordis.europa.eu\/project\/rcn\/195292_en.html\" target=\"_blank\">SilhouetteOfSeaweed<\/a>&nbsp;(Coordinators)<\/li>\n\n\n\n<li><a rel=\"noreferrer noopener\" href=\"http:\/\/www.authent-net.eu\/\" target=\"_blank\">Authentic NET<\/a>&nbsp;(Partner)<\/li>\n\n\n\n<li><a rel=\"noreferrer noopener\" href=\"http:\/\/cordis.europa.eu\/project\/rcn\/203768_en.html\" target=\"_blank\">AstroLakes<\/a>&nbsp;(Coordinators)<\/li>\n<\/ul>\n\n\n\n<p>Value creation within the bioeconomy and the development of policy and infrastructure in areas in need of understanding and training in food production is one of our expertise. We have participated in numerous developmental programs with governments and developmental aid funds alike. Such projects include working with Tanzanian government improving fisheries in Lake Tanganyika, courses and consultation for the Kenyan government on quality issues for fish, the treatment of the catch, fish processing methods and packaging. And, last but not least, Mat\u00eds&#039; participation in the United Nation University Fisheries Training Program (<a href=\"http:\/\/www.unuftp.is\/\" target=\"_blank\" rel=\"noreferrer noopener\">UNU-FTP<\/a>) where Mat\u00eds has handled the specialist training in Quality Management of Fish Handling and Processing part of the program.<\/p>\n\n\n\n<p>For years Mat\u00eds has been considered a valuable partner in multiple diverse projects and has taken part in successful cooperation with our partners around the world. Our success would not be possible without our strong belief in integrity.<\/p>\n\n\n\n<p>Integrity, whether it be science integrity or business integrity, is the cornerstone of our operation.<\/p>","protected":false},"excerpt":{"rendered":"<p>Mat\u00eds has been part of various projects within the Horizon 2020 program and builds on the success already established within [&hellip;]<\/p>\n","protected":false},"author":1,"featured_media":29307,"parent":47888,"menu_order":5,"comment_status":"closed","ping_status":"closed","template":"","meta":{"_acf_changed":false,"_uag_custom_page_level_css":"","site-sidebar-layout":"default","site-content-layout":"","ast-site-content-layout":"default","site-content-style":"default","site-sidebar-style":"default","ast-global-header-display":"","ast-banner-title-visibility":"","ast-main-header-display":"","ast-hfb-above-header-display":"","ast-hfb-below-header-display":"","ast-hfb-mobile-header-display":"","site-post-title":"","ast-breadcrumbs-content":"","ast-featured-img":"","footer-sml-layout":"","ast-disable-related-posts":"","theme-transparent-header-meta":"","adv-header-id-meta":"","stick-header-meta":"","header-above-stick-meta":"","header-main-stick-meta":"","header-below-stick-meta":"","astra-migrate-meta-layouts":"default","ast-page-background-enabled":"default","ast-page-background-meta":{"desktop":{"background-color":"var(--ast-global-color-5)","background-image":"","background-repeat":"repeat","background-position":"center center","background-size":"auto","background-attachment":"scroll","background-type":"","background-media":"","overlay-type":"","overlay-color":"","overlay-opacity":"","overlay-gradient":""},"tablet":{"background-color":"","background-image":"","background-repeat":"repeat","background-position":"center center","background-size":"auto","background-attachment":"scroll","background-type":"","background-media":"","overlay-type":"","overlay-color":"","overlay-opacity":"","overlay-gradient":""},"mobile":{"background-color":"","background-image":"","background-repeat":"repeat","background-position":"center center","background-size":"auto","background-attachment":"scroll","background-type":"","background-media":"","overlay-type":"","overlay-color":"","overlay-opacity":"","overlay-gradient":""}},"ast-content-background-meta":{"desktop":{"background-color":"var(--ast-global-color-4)","background-image":"","background-repeat":"repeat","background-position":"center center","background-size":"auto","background-attachment":"scroll","background-type":"","background-media":"","overlay-type":"","overlay-color":"","overlay-opacity":"","overlay-gradient":""},"tablet":{"background-color":"var(--ast-global-color-4)","background-image":"","background-repeat":"repeat","background-position":"center center","background-size":"auto","background-attachment":"scroll","background-type":"","background-media":"","overlay-type":"","overlay-color":"","overlay-opacity":"","overlay-gradient":""},"mobile":{"background-color":"var(--ast-global-color-4)","background-image":"","background-repeat":"repeat","background-position":"center center","background-size":"auto","background-attachment":"scroll","background-type":"","background-media":"","overlay-type":"","overlay-color":"","overlay-opacity":"","overlay-gradient":""}},"footnotes":""},"class_list":["post-29306","page","type-page","status-publish","has-post-thumbnail","hentry"],"acf":[],"yoast_head":"<!-- This site is optimized with the Yoast SEO plugin v27.4 - https:\/\/yoast.com\/product\/yoast-seo-wordpress\/ -->\n<title>Horizon 2020 - Mat\u00eds<\/title>\n<meta name=\"description\" content=\"Mat\u00eds has been part of various projects within the Horizon 2020 program and builds on the success already established within Seventh Framework Program (FP7).\" \/>\n<meta name=\"robots\" content=\"index, follow, max-snippet:-1, max-image-preview:large, max-video-preview:-1\" \/>\n<link rel=\"canonical\" href=\"https:\/\/matis.is\/en\/rannsoknir-og-nyskopun\/evropuverkefni\/horizon-2020\/\" \/>\n<meta property=\"og:locale\" content=\"en_GB\" \/>\n<meta property=\"og:type\" content=\"article\" \/>\n<meta property=\"og:title\" content=\"Horizon 2020 - Mat\u00eds\" \/>\n<meta property=\"og:description\" content=\"Mat\u00eds has been part of various projects within the Horizon 2020 program and builds on the success already established within Seventh Framework Program (FP7).\" \/>\n<meta property=\"og:url\" content=\"https:\/\/matis.is\/en\/rannsoknir-og-nyskopun\/evropuverkefni\/horizon-2020\/\" \/>\n<meta property=\"og:site_name\" content=\"Mat\u00eds\" \/>\n<meta property=\"article:publisher\" content=\"https:\/\/www.facebook.com\/matisiceland\" \/>\n<meta property=\"article:modified_time\" content=\"2026-01-27T13:26:39+00:00\" \/>\n<meta property=\"og:image\" content=\"https:\/\/matis.is\/wp-content\/uploads\/2020\/11\/Horizon2020_LoRes-1500x630-1.jpg\" \/>\n\t<meta property=\"og:image:width\" content=\"1500\" \/>\n\t<meta property=\"og:image:height\" content=\"630\" \/>\n\t<meta property=\"og:image:type\" content=\"image\/jpeg\" \/>\n<meta name=\"twitter:card\" content=\"summary_large_image\" \/>\n<meta name=\"twitter:site\" content=\"@matisiceland\" \/>\n<meta name=\"twitter:label1\" content=\"Estimated reading time\" \/>\n\t<meta name=\"twitter:data1\" content=\"2 minutes\" \/>\n<script type=\"application\/ld+json\" class=\"yoast-schema-graph\">{\"@context\":\"https:\\\/\\\/schema.org\",\"@graph\":[{\"@type\":\"WebPage\",\"@id\":\"https:\\\/\\\/matis.is\\\/rannsoknir-og-nyskopun\\\/evropuverkefni\\\/horizon-2020\\\/\",\"url\":\"https:\\\/\\\/matis.is\\\/rannsoknir-og-nyskopun\\\/evropuverkefni\\\/horizon-2020\\\/\",\"name\":\"Horizon 2020 - Mat\u00eds\",\"isPartOf\":{\"@id\":\"https:\\\/\\\/matis.is\\\/#website\"},\"primaryImageOfPage\":{\"@id\":\"https:\\\/\\\/matis.is\\\/rannsoknir-og-nyskopun\\\/evropuverkefni\\\/horizon-2020\\\/#primaryimage\"},\"image\":{\"@id\":\"https:\\\/\\\/matis.is\\\/rannsoknir-og-nyskopun\\\/evropuverkefni\\\/horizon-2020\\\/#primaryimage\"},\"thumbnailUrl\":\"https:\\\/\\\/matis.is\\\/wp-content\\\/uploads\\\/2020\\\/11\\\/Horizon2020_LoRes-1500x630-1.jpg\",\"datePublished\":\"2020-11-09T22:02:26+00:00\",\"dateModified\":\"2026-01-27T13:26:39+00:00\",\"description\":\"Mat\u00eds has been part of various projects within the Horizon 2020 program and builds on the success already established within Seventh Framework Program (FP7).\",\"breadcrumb\":{\"@id\":\"https:\\\/\\\/matis.is\\\/rannsoknir-og-nyskopun\\\/evropuverkefni\\\/horizon-2020\\\/#breadcrumb\"},\"inLanguage\":\"en-GB\",\"potentialAction\":[{\"@type\":\"ReadAction\",\"target\":[\"https:\\\/\\\/matis.is\\\/rannsoknir-og-nyskopun\\\/evropuverkefni\\\/horizon-2020\\\/\"]}]},{\"@type\":\"ImageObject\",\"inLanguage\":\"en-GB\",\"@id\":\"https:\\\/\\\/matis.is\\\/rannsoknir-og-nyskopun\\\/evropuverkefni\\\/horizon-2020\\\/#primaryimage\",\"url\":\"https:\\\/\\\/matis.is\\\/wp-content\\\/uploads\\\/2020\\\/11\\\/Horizon2020_LoRes-1500x630-1.jpg\",\"contentUrl\":\"https:\\\/\\\/matis.is\\\/wp-content\\\/uploads\\\/2020\\\/11\\\/Horizon2020_LoRes-1500x630-1.jpg\",\"width\":1500,\"height\":630},{\"@type\":\"BreadcrumbList\",\"@id\":\"https:\\\/\\\/matis.is\\\/rannsoknir-og-nyskopun\\\/evropuverkefni\\\/horizon-2020\\\/#breadcrumb\",\"itemListElement\":[{\"@type\":\"ListItem\",\"position\":1,\"name\":\"Home\",\"item\":\"https:\\\/\\\/matis.is\\\/\"},{\"@type\":\"ListItem\",\"position\":2,\"name\":\"Ranns\u00f3knir og n\u00fdsk\u00f6pun\",\"item\":\"https:\\\/\\\/matis.is\\\/rannsoknir-og-nyskopun\\\/\"},{\"@type\":\"ListItem\",\"position\":3,\"name\":\"Evr\u00f3puverkefni\",\"item\":\"https:\\\/\\\/matis.is\\\/rannsoknir-og-nyskopun\\\/evropuverkefni\\\/\"},{\"@type\":\"ListItem\",\"position\":4,\"name\":\"Horizon 2020\"}]},{\"@type\":\"WebSite\",\"@id\":\"https:\\\/\\\/matis.is\\\/#website\",\"url\":\"https:\\\/\\\/matis.is\\\/\",\"name\":\"Mat\u00eds\",\"description\":\"Ver\u00f0m\u00e6task\u00f6pun, matv\u00e6la\u00f6ryggi og l\u00fd\u00f0heilsa\",\"publisher\":{\"@id\":\"https:\\\/\\\/matis.is\\\/#organization\"},\"potentialAction\":[{\"@type\":\"SearchAction\",\"target\":{\"@type\":\"EntryPoint\",\"urlTemplate\":\"https:\\\/\\\/matis.is\\\/?s={search_term_string}\"},\"query-input\":{\"@type\":\"PropertyValueSpecification\",\"valueRequired\":true,\"valueName\":\"search_term_string\"}}],\"inLanguage\":\"en-GB\"},{\"@type\":\"Organization\",\"@id\":\"https:\\\/\\\/matis.is\\\/#organization\",\"name\":\"Mat\u00eds ohf.\",\"url\":\"https:\\\/\\\/matis.is\\\/\",\"logo\":{\"@type\":\"ImageObject\",\"inLanguage\":\"en-GB\",\"@id\":\"https:\\\/\\\/matis.is\\\/#\\\/schema\\\/logo\\\/image\\\/\",\"url\":\"https:\\\/\\\/matis.is\\\/wp-content\\\/uploads\\\/2021\\\/02\\\/matis_logo_blatthvitt.png\",\"contentUrl\":\"https:\\\/\\\/matis.is\\\/wp-content\\\/uploads\\\/2021\\\/02\\\/matis_logo_blatthvitt.png\",\"width\":1507,\"height\":1507,\"caption\":\"Mat\u00eds ohf.\"},\"image\":{\"@id\":\"https:\\\/\\\/matis.is\\\/#\\\/schema\\\/logo\\\/image\\\/\"},\"sameAs\":[\"https:\\\/\\\/www.facebook.com\\\/matisiceland\",\"https:\\\/\\\/x.com\\\/matisiceland\",\"https:\\\/\\\/www.instagram.com\\\/matisiceland\\\/\",\"https:\\\/\\\/www.linkedin.com\\\/matisiceland\\\/\",\"https:\\\/\\\/www.youtube.com\\\/channel\\\/UCY-frt3uTqgVZW-DLjoo5bA\"]}]}<\/script>\n<!-- \/ Yoast SEO plugin. -->","yoast_head_json":{"title":"Horizon 2020 - Mat\u00eds","description":"Mat\u00eds has been part of various projects within the Horizon 2020 program and builds on the success already established within Seventh Framework Program (FP7).","robots":{"index":"index","follow":"follow","max-snippet":"max-snippet:-1","max-image-preview":"max-image-preview:large","max-video-preview":"max-video-preview:-1"},"canonical":"https:\/\/matis.is\/en\/rannsoknir-og-nyskopun\/evropuverkefni\/horizon-2020\/","og_locale":"en_GB","og_type":"article","og_title":"Horizon 2020 - Mat\u00eds","og_description":"Mat\u00eds has been part of various projects within the Horizon 2020 program and builds on the success already established within Seventh Framework Program (FP7).","og_url":"https:\/\/matis.is\/en\/rannsoknir-og-nyskopun\/evropuverkefni\/horizon-2020\/","og_site_name":"Mat\u00eds","article_publisher":"https:\/\/www.facebook.com\/matisiceland","article_modified_time":"2026-01-27T13:26:39+00:00","og_image":[{"width":1500,"height":630,"url":"https:\/\/matis.is\/wp-content\/uploads\/2020\/11\/Horizon2020_LoRes-1500x630-1.jpg","type":"image\/jpeg"}],"twitter_card":"summary_large_image","twitter_site":"@matisiceland","twitter_misc":{"Estimated reading time":"2 minutes"},"schema":{"@context":"https:\/\/schema.org","@graph":[{"@type":"WebPage","@id":"https:\/\/matis.is\/rannsoknir-og-nyskopun\/evropuverkefni\/horizon-2020\/","url":"https:\/\/matis.is\/rannsoknir-og-nyskopun\/evropuverkefni\/horizon-2020\/","name":"Horizon 2020 - Mat\u00eds","isPartOf":{"@id":"https:\/\/matis.is\/#website"},"primaryImageOfPage":{"@id":"https:\/\/matis.is\/rannsoknir-og-nyskopun\/evropuverkefni\/horizon-2020\/#primaryimage"},"image":{"@id":"https:\/\/matis.is\/rannsoknir-og-nyskopun\/evropuverkefni\/horizon-2020\/#primaryimage"},"thumbnailUrl":"https:\/\/matis.is\/wp-content\/uploads\/2020\/11\/Horizon2020_LoRes-1500x630-1.jpg","datePublished":"2020-11-09T22:02:26+00:00","dateModified":"2026-01-27T13:26:39+00:00","description":"Mat\u00eds has been part of various projects within the Horizon 2020 program and builds on the success already established within Seventh Framework Program (FP7).","breadcrumb":{"@id":"https:\/\/matis.is\/rannsoknir-og-nyskopun\/evropuverkefni\/horizon-2020\/#breadcrumb"},"inLanguage":"en-GB","potentialAction":[{"@type":"ReadAction","target":["https:\/\/matis.is\/rannsoknir-og-nyskopun\/evropuverkefni\/horizon-2020\/"]}]},{"@type":"ImageObject","inLanguage":"en-GB","@id":"https:\/\/matis.is\/rannsoknir-og-nyskopun\/evropuverkefni\/horizon-2020\/#primaryimage","url":"https:\/\/matis.is\/wp-content\/uploads\/2020\/11\/Horizon2020_LoRes-1500x630-1.jpg","contentUrl":"https:\/\/matis.is\/wp-content\/uploads\/2020\/11\/Horizon2020_LoRes-1500x630-1.jpg","width":1500,"height":630},{"@type":"BreadcrumbList","@id":"https:\/\/matis.is\/rannsoknir-og-nyskopun\/evropuverkefni\/horizon-2020\/#breadcrumb","itemListElement":[{"@type":"ListItem","position":1,"name":"Home","item":"https:\/\/matis.is\/"},{"@type":"ListItem","position":2,"name":"Ranns\u00f3knir og n\u00fdsk\u00f6pun","item":"https:\/\/matis.is\/rannsoknir-og-nyskopun\/"},{"@type":"ListItem","position":3,"name":"Evr\u00f3puverkefni","item":"https:\/\/matis.is\/rannsoknir-og-nyskopun\/evropuverkefni\/"},{"@type":"ListItem","position":4,"name":"Horizon 2020"}]},{"@type":"WebSite","@id":"https:\/\/matis.is\/#website","url":"https:\/\/matis.is\/","name":"Mat\u00eds","description":"Value creation, food security and public health","publisher":{"@id":"https:\/\/matis.is\/#organization"},"potentialAction":[{"@type":"SearchAction","target":{"@type":"EntryPoint","urlTemplate":"https:\/\/matis.is\/?s={search_term_string}"},"query-input":{"@type":"PropertyValueSpecification","valueRequired":true,"valueName":"search_term_string"}}],"inLanguage":"en-GB"},{"@type":"Organization","@id":"https:\/\/matis.is\/#organization","name":"Mat\u00eds ohf.","url":"https:\/\/matis.is\/","logo":{"@type":"ImageObject","inLanguage":"en-GB","@id":"https:\/\/matis.is\/#\/schema\/logo\/image\/","url":"https:\/\/matis.is\/wp-content\/uploads\/2021\/02\/matis_logo_blatthvitt.png","contentUrl":"https:\/\/matis.is\/wp-content\/uploads\/2021\/02\/matis_logo_blatthvitt.png","width":1507,"height":1507,"caption":"Mat\u00eds ohf."},"image":{"@id":"https:\/\/matis.is\/#\/schema\/logo\/image\/"},"sameAs":["https:\/\/www.facebook.com\/matisiceland","https:\/\/x.com\/matisiceland","https:\/\/www.instagram.com\/matisiceland\/","https:\/\/www.linkedin.com\/matisiceland\/","https:\/\/www.youtube.com\/channel\/UCY-frt3uTqgVZW-DLjoo5bA"]}]}},"spectra_custom_meta":{"_edit_lock":["1769520404:7"],"_thumbnail_id":["29307"],"_wp_page_template":["default"],"_edit_last":["7"],"valmynd_a_undirsidu":["1"],"_valmynd_a_undirsidu":["field_5f9970348837c"],"undirvalmynd_a_parentsidu":["0"],"_undirvalmynd_a_parentsidu":["field_5f9addfe68a79"],"tengilidur":["28126"],"_tengilidur":["field_5ef905e0538b2"],"_yoast_wpseo_content_score":["90"],"_yoast_wpseo_estimated-reading-time-minutes":["2"],"_yoast_wpseo_metadesc":["Mat\u00eds has been part of various projects within the Horizon 2020 program and builds on the success already established within Seventh Framework Program (FP7)."],"_yoast_wpseo_wordproof_timestamp":[""],"cmplz_hide_cookiebanner":[""],"_uag_css_file_name":["uag-css-29306.css"],"_uag_page_assets":["a:9:{s:3:\"css\";s:263:\".uag-blocks-common-selector{z-index:var(--z-index-desktop) !important}@media (max-width: 976px){.uag-blocks-common-selector{z-index:var(--z-index-tablet) !important}}@media (max-width: 767px){.uag-blocks-common-selector{z-index:var(--z-index-mobile) !important}}\n\";s:2:\"js\";s:0:\"\";s:18:\"current_block_list\";a:8:{i:0;s:12:\"core\/heading\";i:1;s:14:\"core\/paragraph\";i:2;s:9:\"core\/list\";i:3;s:14:\"core\/list-item\";i:4;s:12:\"core\/buttons\";i:5;s:11:\"core\/button\";i:6;s:12:\"core\/columns\";i:7;s:11:\"core\/column\";}s:8:\"uag_flag\";b:0;s:11:\"uag_version\";s:10:\"1776432937\";s:6:\"gfonts\";a:0:{}s:10:\"gfonts_url\";s:0:\"\";s:12:\"gfonts_files\";a:0:{}s:14:\"uag_faq_layout\";b:0;}"]},"uagb_featured_image_src":{"full":["https:\/\/matis.is\/wp-content\/uploads\/2020\/11\/Horizon2020_LoRes-1500x630-1.jpg",1500,630,false],"thumbnail":["https:\/\/matis.is\/wp-content\/uploads\/2020\/11\/Horizon2020_LoRes-1500x630-1-150x150.jpg",150,150,true],"medium":["https:\/\/matis.is\/wp-content\/uploads\/2020\/11\/Horizon2020_LoRes-1500x630-1-300x126.jpg",300,126,true],"medium_large":["https:\/\/matis.is\/wp-content\/uploads\/2020\/11\/Horizon2020_LoRes-1500x630-1-768x323.jpg",768,323,true],"large":["https:\/\/matis.is\/wp-content\/uploads\/2020\/11\/Horizon2020_LoRes-1500x630-1-1024x430.jpg",1024,430,true],"1536x1536":["https:\/\/matis.is\/wp-content\/uploads\/2020\/11\/Horizon2020_LoRes-1500x630-1.jpg",1500,630,false],"2048x2048":["https:\/\/matis.is\/wp-content\/uploads\/2020\/11\/Horizon2020_LoRes-1500x630-1.jpg",1500,630,false],"trp-custom-language-flag":["https:\/\/matis.is\/wp-content\/uploads\/2020\/11\/Horizon2020_LoRes-1500x630-1.jpg",18,8,false]},"uagb_author_info":{"display_name":"admin","author_link":"https:\/\/matis.is\/en\/author\/thormodurmatis-is\/"},"uagb_comment_info":0,"uagb_excerpt":"Mat\u00eds has been part of various projects within the Horizon 2020 program and builds on the success already established within [&hellip;]","_links":{"self":[{"href":"https:\/\/matis.is\/en\/wp-json\/wp\/v2\/pages\/29306","targetHints":{"allow":["GET"]}}],"collection":[{"href":"https:\/\/matis.is\/en\/wp-json\/wp\/v2\/pages"}],"about":[{"href":"https:\/\/matis.is\/en\/wp-json\/wp\/v2\/types\/page"}],"author":[{"embeddable":true,"href":"https:\/\/matis.is\/en\/wp-json\/wp\/v2\/users\/1"}],"replies":[{"embeddable":true,"href":"https:\/\/matis.is\/en\/wp-json\/wp\/v2\/comments?post=29306"}],"version-history":[{"count":9,"href":"https:\/\/matis.is\/en\/wp-json\/wp\/v2\/pages\/29306\/revisions"}],"predecessor-version":[{"id":56543,"href":"https:\/\/matis.is\/en\/wp-json\/wp\/v2\/pages\/29306\/revisions\/56543"}],"up":[{"embeddable":true,"href":"https:\/\/matis.is\/en\/wp-json\/wp\/v2\/pages\/47888"}],"wp:featuredmedia":[{"embeddable":true,"href":"https:\/\/matis.is\/en\/wp-json\/wp\/v2\/media\/29307"}],"wp:attachment":[{"href":"https:\/\/matis.is\/en\/wp-json\/wp\/v2\/media?parent=29306"}],"curies":[{"name":"wp","href":"https:\/\/api.w.org\/{rel}","templated":true}]}}