{"id":31789,"date":"2020-11-11T12:14:55","date_gmt":"2020-11-11T12:14:55","guid":{"rendered":"https:\/\/matisiceland.org\/?page_id=31789"},"modified":"2026-01-13T09:51:13","modified_gmt":"2026-01-13T09:51:13","slug":"liftaekni","status":"publish","type":"page","link":"https:\/\/matis.is\/en\/rannsoknir-og-nyskopun\/rannsoknaaherslur\/liftaekni\/","title":{"rendered":"Biotechnology"},"content":{"rendered":"<h4 class=\"wp-block-heading\">Biotechnology is the processing of biomaterials from biomass, cells or cellular components. These include proteins, sugars, fats and other organic molecules, bioactive and pharmacologically active substances. Biotechnology is therefore a methodology that can be applied, for example, to food processing in agriculture and fisheries.<\/h4>\n\n\n\n<p>Mat\u00eds\u00b4s biotechnology group promotes innovation through the development of biotechnology in Iceland and helps biotechnology companies to gain a foothold in the Icelandic economy. The group works on various research and development projects related to biotechnology as well as serving the biotechnology industry in Iceland. The tasks of the biotechnology group include the utilization of underutilized resources and by-products to increase value creation and reduce undesirable environmental effects. Mat\u00eds\u00b4s biotechnology group has for years conducted practical researches on Iceland\u00b4s genetic resources and has been at the forefront of such researches. The focus has been on finding and market new enzymes from heat- and cold seeking microorganisms.<\/p>\n\n\n\n<p>The biotechnology group provides various service for example in the development of processes and products, activity measurements and sampling. Furthermore, the group provides service related to genetic engineering, cf. cloning and expression of genes, and sequencing of genomes (genomics, transcriptomics, metagenomics).<\/p>\n\n\n\n<p>Mat\u00eds's biotechnology group has knowledge in systems biology and metabolic engineering. The aim of such research is to develop cell factories that produce valuable materials of all kinds, cf. biofuels, organic acids and pigments.<\/p>\n\n\n\n<p>In recent years Mat\u00eds\u00b4s biotechnology group has been focusing on marine biotechnology which includes research and development of processing of Icelandic seafood. Mat\u00eds has acquired extensive expertise in the utilization of large algae and small algae. Large algae (seaweed and kelp) are full of valuable substances, such as complex sugars. Mat\u00eds has developed enzymes and cell factories that convert seaweed sugars into various substances, from biofuels to substances used in the pharmaceutical industry and in the production of bioplastics. There has been a lot of interest in cultivation of small algae here in Iceland and Mat\u00eds has for years researched and cultivated algae from the Icelandic environment. Mat\u00eds assists companies in the field of small algae cultivation in developing and processing products for food and feed.<\/p>","protected":false},"excerpt":{"rendered":"<p>L\u00edft\u00e6kni er vinnsla \u00e1 l\u00edfefnum \u00far l\u00edfmassa, frumum e\u00f0a frumuhlutum. M\u00e1 \u00fear nefna pr\u00f3tein, sykrur, fitu og annars konar l\u00edfr\u00e6nar [&hellip;]<\/p>\n","protected":false},"author":1,"featured_media":31790,"parent":112,"menu_order":0,"comment_status":"closed","ping_status":"closed","template":"","meta":{"_acf_changed":false,"_uag_custom_page_level_css":"","site-sidebar-layout":"right-sidebar","site-content-layout":"","ast-site-content-layout":"normal-width-container","site-content-style":"default","site-sidebar-style":"default","ast-global-header-display":"","ast-banner-title-visibility":"","ast-main-header-display":"","ast-hfb-above-header-display":"","ast-hfb-below-header-display":"","ast-hfb-mobile-header-display":"","site-post-title":"","ast-breadcrumbs-content":"","ast-featured-img":"","footer-sml-layout":"","ast-disable-related-posts":"","theme-transparent-header-meta":"","adv-header-id-meta":"","stick-header-meta":"","header-above-stick-meta":"","header-main-stick-meta":"","header-below-stick-meta":"","astra-migrate-meta-layouts":"default","ast-page-background-enabled":"default","ast-page-background-meta":{"desktop":{"background-color":"var(--ast-global-color-5)","background-image":"","background-repeat":"repeat","background-position":"center center","background-size":"auto","background-attachment":"scroll","background-type":"","background-media":"","overlay-type":"","overlay-color":"","overlay-opacity":"","overlay-gradient":""},"tablet":{"background-color":"","background-image":"","background-repeat":"repeat","background-position":"center center","background-size":"auto","background-attachment":"scroll","background-type":"","background-media":"","overlay-type":"","overlay-color":"","overlay-opacity":"","overlay-gradient":""},"mobile":{"background-color":"","background-image":"","background-repeat":"repeat","background-position":"center center","background-size":"auto","background-attachment":"scroll","background-type":"","background-media":"","overlay-type":"","overlay-color":"","overlay-opacity":"","overlay-gradient":""}},"ast-content-background-meta":{"desktop":{"background-color":"var(--ast-global-color-4)","background-image":"","background-repeat":"repeat","background-position":"center center","background-size":"auto","background-attachment":"scroll","background-type":"","background-media":"","overlay-type":"","overlay-color":"","overlay-opacity":"","overlay-gradient":""},"tablet":{"background-color":"var(--ast-global-color-4)","background-image":"","background-repeat":"repeat","background-position":"center center","background-size":"auto","background-attachment":"scroll","background-type":"","background-media":"","overlay-type":"","overlay-color":"","overlay-opacity":"","overlay-gradient":""},"mobile":{"background-color":"var(--ast-global-color-4)","background-image":"","background-repeat":"repeat","background-position":"center center","background-size":"auto","background-attachment":"scroll","background-type":"","background-media":"","overlay-type":"","overlay-color":"","overlay-opacity":"","overlay-gradient":""}},"footnotes":""},"class_list":["post-31789","page","type-page","status-publish","has-post-thumbnail","hentry"],"acf":[],"yoast_head":"<!-- This site is optimized with the Yoast SEO plugin v27.4 - https:\/\/yoast.com\/product\/yoast-seo-wordpress\/ -->\n<title>L\u00edft\u00e6kni - Mat\u00eds<\/title>\n<meta name=\"description\" content=\"L\u00edft\u00e6knih\u00f3pur Mat\u00eds stu\u00f0lar a\u00f0 n\u00fdsk\u00f6pun me\u00f0 uppbyggingu l\u00edft\u00e6kni \u00e1 \u00cdslandi og hj\u00e1lpar l\u00edft\u00e6knifyrirt\u00e6kjum a\u00f0 hasla s\u00e9r v\u00f6ll \u00ed \u00edslensku atvinnul\u00edfi.\" \/>\n<meta name=\"robots\" content=\"index, follow, max-snippet:-1, max-image-preview:large, max-video-preview:-1\" \/>\n<link rel=\"canonical\" href=\"https:\/\/matis.is\/en\/rannsoknir-og-nyskopun\/rannsoknaaherslur\/liftaekni\/\" \/>\n<meta property=\"og:locale\" content=\"en_GB\" \/>\n<meta property=\"og:type\" content=\"article\" \/>\n<meta property=\"og:title\" content=\"L\u00edft\u00e6kni - Mat\u00eds\" \/>\n<meta property=\"og:description\" content=\"L\u00edft\u00e6knih\u00f3pur Mat\u00eds stu\u00f0lar a\u00f0 n\u00fdsk\u00f6pun me\u00f0 uppbyggingu l\u00edft\u00e6kni \u00e1 \u00cdslandi og hj\u00e1lpar l\u00edft\u00e6knifyrirt\u00e6kjum a\u00f0 hasla s\u00e9r v\u00f6ll \u00ed \u00edslensku atvinnul\u00edfi.\" \/>\n<meta property=\"og:url\" content=\"https:\/\/matis.is\/en\/rannsoknir-og-nyskopun\/rannsoknaaherslur\/liftaekni\/\" \/>\n<meta property=\"og:site_name\" content=\"Mat\u00eds\" \/>\n<meta property=\"article:publisher\" content=\"https:\/\/www.facebook.com\/matisiceland\" \/>\n<meta property=\"article:modified_time\" content=\"2026-01-13T09:51:13+00:00\" \/>\n<meta property=\"og:image\" content=\"https:\/\/matis.is\/wp-content\/uploads\/2020\/11\/Algae_iStock_Swoosh-R_1500x630-1500x630-1.jpg\" \/>\n\t<meta property=\"og:image:width\" content=\"1500\" \/>\n\t<meta property=\"og:image:height\" content=\"630\" \/>\n\t<meta property=\"og:image:type\" content=\"image\/jpeg\" \/>\n<meta name=\"twitter:card\" content=\"summary_large_image\" \/>\n<meta name=\"twitter:site\" content=\"@matisiceland\" \/>\n<meta name=\"twitter:label1\" content=\"Estimated reading time\" \/>\n\t<meta name=\"twitter:data1\" content=\"2 minutes\" \/>\n<script type=\"application\/ld+json\" class=\"yoast-schema-graph\">{\"@context\":\"https:\\\/\\\/schema.org\",\"@graph\":[{\"@type\":\"WebPage\",\"@id\":\"https:\\\/\\\/matis.is\\\/rannsoknir-og-nyskopun\\\/rannsoknaaherslur\\\/liftaekni\\\/\",\"url\":\"https:\\\/\\\/matis.is\\\/rannsoknir-og-nyskopun\\\/rannsoknaaherslur\\\/liftaekni\\\/\",\"name\":\"L\u00edft\u00e6kni - Mat\u00eds\",\"isPartOf\":{\"@id\":\"https:\\\/\\\/matis.is\\\/#website\"},\"primaryImageOfPage\":{\"@id\":\"https:\\\/\\\/matis.is\\\/rannsoknir-og-nyskopun\\\/rannsoknaaherslur\\\/liftaekni\\\/#primaryimage\"},\"image\":{\"@id\":\"https:\\\/\\\/matis.is\\\/rannsoknir-og-nyskopun\\\/rannsoknaaherslur\\\/liftaekni\\\/#primaryimage\"},\"thumbnailUrl\":\"https:\\\/\\\/matis.is\\\/wp-content\\\/uploads\\\/2020\\\/11\\\/Algae_iStock_Swoosh-R_1500x630-1500x630-1.jpg\",\"datePublished\":\"2020-11-11T12:14:55+00:00\",\"dateModified\":\"2026-01-13T09:51:13+00:00\",\"description\":\"L\u00edft\u00e6knih\u00f3pur Mat\u00eds stu\u00f0lar a\u00f0 n\u00fdsk\u00f6pun me\u00f0 uppbyggingu l\u00edft\u00e6kni \u00e1 \u00cdslandi og hj\u00e1lpar l\u00edft\u00e6knifyrirt\u00e6kjum a\u00f0 hasla s\u00e9r v\u00f6ll \u00ed \u00edslensku atvinnul\u00edfi.\",\"breadcrumb\":{\"@id\":\"https:\\\/\\\/matis.is\\\/rannsoknir-og-nyskopun\\\/rannsoknaaherslur\\\/liftaekni\\\/#breadcrumb\"},\"inLanguage\":\"en-GB\",\"potentialAction\":[{\"@type\":\"ReadAction\",\"target\":[\"https:\\\/\\\/matis.is\\\/rannsoknir-og-nyskopun\\\/rannsoknaaherslur\\\/liftaekni\\\/\"]}]},{\"@type\":\"ImageObject\",\"inLanguage\":\"en-GB\",\"@id\":\"https:\\\/\\\/matis.is\\\/rannsoknir-og-nyskopun\\\/rannsoknaaherslur\\\/liftaekni\\\/#primaryimage\",\"url\":\"https:\\\/\\\/matis.is\\\/wp-content\\\/uploads\\\/2020\\\/11\\\/Algae_iStock_Swoosh-R_1500x630-1500x630-1.jpg\",\"contentUrl\":\"https:\\\/\\\/matis.is\\\/wp-content\\\/uploads\\\/2020\\\/11\\\/Algae_iStock_Swoosh-R_1500x630-1500x630-1.jpg\",\"width\":1500,\"height\":630},{\"@type\":\"BreadcrumbList\",\"@id\":\"https:\\\/\\\/matis.is\\\/rannsoknir-og-nyskopun\\\/rannsoknaaherslur\\\/liftaekni\\\/#breadcrumb\",\"itemListElement\":[{\"@type\":\"ListItem\",\"position\":1,\"name\":\"Home\",\"item\":\"https:\\\/\\\/matis.is\\\/\"},{\"@type\":\"ListItem\",\"position\":2,\"name\":\"Ranns\u00f3knir og n\u00fdsk\u00f6pun\",\"item\":\"https:\\\/\\\/matis.is\\\/rannsoknir-og-nyskopun\\\/\"},{\"@type\":\"ListItem\",\"position\":3,\"name\":\"Fagsvi\u00f0\",\"item\":\"https:\\\/\\\/matis.is\\\/rannsoknir-og-nyskopun\\\/rannsoknaaherslur\\\/\"},{\"@type\":\"ListItem\",\"position\":4,\"name\":\"L\u00edft\u00e6kni\"}]},{\"@type\":\"WebSite\",\"@id\":\"https:\\\/\\\/matis.is\\\/#website\",\"url\":\"https:\\\/\\\/matis.is\\\/\",\"name\":\"Mat\u00eds\",\"description\":\"Ver\u00f0m\u00e6task\u00f6pun, matv\u00e6la\u00f6ryggi og l\u00fd\u00f0heilsa\",\"publisher\":{\"@id\":\"https:\\\/\\\/matis.is\\\/#organization\"},\"potentialAction\":[{\"@type\":\"SearchAction\",\"target\":{\"@type\":\"EntryPoint\",\"urlTemplate\":\"https:\\\/\\\/matis.is\\\/?s={search_term_string}\"},\"query-input\":{\"@type\":\"PropertyValueSpecification\",\"valueRequired\":true,\"valueName\":\"search_term_string\"}}],\"inLanguage\":\"en-GB\"},{\"@type\":\"Organization\",\"@id\":\"https:\\\/\\\/matis.is\\\/#organization\",\"name\":\"Mat\u00eds ohf.\",\"url\":\"https:\\\/\\\/matis.is\\\/\",\"logo\":{\"@type\":\"ImageObject\",\"inLanguage\":\"en-GB\",\"@id\":\"https:\\\/\\\/matis.is\\\/#\\\/schema\\\/logo\\\/image\\\/\",\"url\":\"https:\\\/\\\/matis.is\\\/wp-content\\\/uploads\\\/2021\\\/02\\\/matis_logo_blatthvitt.png\",\"contentUrl\":\"https:\\\/\\\/matis.is\\\/wp-content\\\/uploads\\\/2021\\\/02\\\/matis_logo_blatthvitt.png\",\"width\":1507,\"height\":1507,\"caption\":\"Mat\u00eds ohf.\"},\"image\":{\"@id\":\"https:\\\/\\\/matis.is\\\/#\\\/schema\\\/logo\\\/image\\\/\"},\"sameAs\":[\"https:\\\/\\\/www.facebook.com\\\/matisiceland\",\"https:\\\/\\\/x.com\\\/matisiceland\",\"https:\\\/\\\/www.instagram.com\\\/matisiceland\\\/\",\"https:\\\/\\\/www.linkedin.com\\\/matisiceland\\\/\",\"https:\\\/\\\/www.youtube.com\\\/channel\\\/UCY-frt3uTqgVZW-DLjoo5bA\"]}]}<\/script>\n<!-- \/ Yoast SEO plugin. -->","yoast_head_json":{"title":"Biotechnology - Mat\u00eds","description":"Mat\u00eds&#039; biotechnology group promotes innovation by developing biotechnology in Iceland and helps biotechnology companies gain a foothold in the Icelandic economy.","robots":{"index":"index","follow":"follow","max-snippet":"max-snippet:-1","max-image-preview":"max-image-preview:large","max-video-preview":"max-video-preview:-1"},"canonical":"https:\/\/matis.is\/en\/rannsoknir-og-nyskopun\/rannsoknaaherslur\/liftaekni\/","og_locale":"en_GB","og_type":"article","og_title":"L\u00edft\u00e6kni - Mat\u00eds","og_description":"L\u00edft\u00e6knih\u00f3pur Mat\u00eds stu\u00f0lar a\u00f0 n\u00fdsk\u00f6pun me\u00f0 uppbyggingu l\u00edft\u00e6kni \u00e1 \u00cdslandi og hj\u00e1lpar l\u00edft\u00e6knifyrirt\u00e6kjum a\u00f0 hasla s\u00e9r v\u00f6ll \u00ed \u00edslensku atvinnul\u00edfi.","og_url":"https:\/\/matis.is\/en\/rannsoknir-og-nyskopun\/rannsoknaaherslur\/liftaekni\/","og_site_name":"Mat\u00eds","article_publisher":"https:\/\/www.facebook.com\/matisiceland","article_modified_time":"2026-01-13T09:51:13+00:00","og_image":[{"width":1500,"height":630,"url":"https:\/\/matis.is\/wp-content\/uploads\/2020\/11\/Algae_iStock_Swoosh-R_1500x630-1500x630-1.jpg","type":"image\/jpeg"}],"twitter_card":"summary_large_image","twitter_site":"@matisiceland","twitter_misc":{"Estimated reading time":"2 minutes"},"schema":{"@context":"https:\/\/schema.org","@graph":[{"@type":"WebPage","@id":"https:\/\/matis.is\/rannsoknir-og-nyskopun\/rannsoknaaherslur\/liftaekni\/","url":"https:\/\/matis.is\/rannsoknir-og-nyskopun\/rannsoknaaherslur\/liftaekni\/","name":"Biotechnology - Mat\u00eds","isPartOf":{"@id":"https:\/\/matis.is\/#website"},"primaryImageOfPage":{"@id":"https:\/\/matis.is\/rannsoknir-og-nyskopun\/rannsoknaaherslur\/liftaekni\/#primaryimage"},"image":{"@id":"https:\/\/matis.is\/rannsoknir-og-nyskopun\/rannsoknaaherslur\/liftaekni\/#primaryimage"},"thumbnailUrl":"https:\/\/matis.is\/wp-content\/uploads\/2020\/11\/Algae_iStock_Swoosh-R_1500x630-1500x630-1.jpg","datePublished":"2020-11-11T12:14:55+00:00","dateModified":"2026-01-13T09:51:13+00:00","description":"Mat\u00eds&#039; biotechnology group promotes innovation by developing biotechnology in Iceland and helps biotechnology companies gain a foothold in the Icelandic economy.","breadcrumb":{"@id":"https:\/\/matis.is\/rannsoknir-og-nyskopun\/rannsoknaaherslur\/liftaekni\/#breadcrumb"},"inLanguage":"en-GB","potentialAction":[{"@type":"ReadAction","target":["https:\/\/matis.is\/rannsoknir-og-nyskopun\/rannsoknaaherslur\/liftaekni\/"]}]},{"@type":"ImageObject","inLanguage":"en-GB","@id":"https:\/\/matis.is\/rannsoknir-og-nyskopun\/rannsoknaaherslur\/liftaekni\/#primaryimage","url":"https:\/\/matis.is\/wp-content\/uploads\/2020\/11\/Algae_iStock_Swoosh-R_1500x630-1500x630-1.jpg","contentUrl":"https:\/\/matis.is\/wp-content\/uploads\/2020\/11\/Algae_iStock_Swoosh-R_1500x630-1500x630-1.jpg","width":1500,"height":630},{"@type":"BreadcrumbList","@id":"https:\/\/matis.is\/rannsoknir-og-nyskopun\/rannsoknaaherslur\/liftaekni\/#breadcrumb","itemListElement":[{"@type":"ListItem","position":1,"name":"Home","item":"https:\/\/matis.is\/"},{"@type":"ListItem","position":2,"name":"Ranns\u00f3knir og n\u00fdsk\u00f6pun","item":"https:\/\/matis.is\/rannsoknir-og-nyskopun\/"},{"@type":"ListItem","position":3,"name":"Fagsvi\u00f0","item":"https:\/\/matis.is\/rannsoknir-og-nyskopun\/rannsoknaaherslur\/"},{"@type":"ListItem","position":4,"name":"L\u00edft\u00e6kni"}]},{"@type":"WebSite","@id":"https:\/\/matis.is\/#website","url":"https:\/\/matis.is\/","name":"Mat\u00eds","description":"Value creation, food security and public health","publisher":{"@id":"https:\/\/matis.is\/#organization"},"potentialAction":[{"@type":"SearchAction","target":{"@type":"EntryPoint","urlTemplate":"https:\/\/matis.is\/?s={search_term_string}"},"query-input":{"@type":"PropertyValueSpecification","valueRequired":true,"valueName":"search_term_string"}}],"inLanguage":"en-GB"},{"@type":"Organization","@id":"https:\/\/matis.is\/#organization","name":"Mat\u00eds ohf.","url":"https:\/\/matis.is\/","logo":{"@type":"ImageObject","inLanguage":"en-GB","@id":"https:\/\/matis.is\/#\/schema\/logo\/image\/","url":"https:\/\/matis.is\/wp-content\/uploads\/2021\/02\/matis_logo_blatthvitt.png","contentUrl":"https:\/\/matis.is\/wp-content\/uploads\/2021\/02\/matis_logo_blatthvitt.png","width":1507,"height":1507,"caption":"Mat\u00eds ohf."},"image":{"@id":"https:\/\/matis.is\/#\/schema\/logo\/image\/"},"sameAs":["https:\/\/www.facebook.com\/matisiceland","https:\/\/x.com\/matisiceland","https:\/\/www.instagram.com\/matisiceland\/","https:\/\/www.linkedin.com\/matisiceland\/","https:\/\/www.youtube.com\/channel\/UCY-frt3uTqgVZW-DLjoo5bA"]}]}},"spectra_custom_meta":{"_edit_lock":["1768300626:7"],"_thumbnail_id":["31790"],"_wp_page_template":["default"],"_edit_last":["7"],"valmynd_a_undirsidu":["1"],"_valmynd_a_undirsidu":["field_5f9970348837c"],"undirvalmynd_a_parentsidu":["0"],"_undirvalmynd_a_parentsidu":["field_5f9addfe68a79"],"tengilidur":["28263"],"_tengilidur":["field_5ef905e0538b2"],"_yoast_wpseo_content_score":["90"],"_yoast_wpseo_estimated-reading-time-minutes":["2"],"_yoast_wpseo_metadesc":["L\u00edft\u00e6knih\u00f3pur Mat\u00eds stu\u00f0lar a\u00f0 n\u00fdsk\u00f6pun me\u00f0 uppbyggingu l\u00edft\u00e6kni \u00e1 \u00cdslandi og hj\u00e1lpar l\u00edft\u00e6knifyrirt\u00e6kjum a\u00f0 hasla s\u00e9r v\u00f6ll \u00ed \u00edslensku atvinnul\u00edfi."],"_uag_custom_page_level_css":[""],"site-sidebar-layout":["right-sidebar"],"site-content-layout":[""],"ast-site-content-layout":["normal-width-container"],"site-content-style":["default"],"site-sidebar-style":["default"],"ast-global-header-display":[""],"ast-banner-title-visibility":[""],"ast-main-header-display":[""],"ast-hfb-above-header-display":[""],"ast-hfb-below-header-display":[""],"ast-hfb-mobile-header-display":[""],"site-post-title":[""],"ast-breadcrumbs-content":[""],"ast-featured-img":[""],"footer-sml-layout":[""],"theme-transparent-header-meta":[""],"adv-header-id-meta":[""],"stick-header-meta":[""],"header-above-stick-meta":[""],"header-main-stick-meta":[""],"header-below-stick-meta":[""],"astra-migrate-meta-layouts":["default"],"ast-page-background-enabled":["default"],"ast-page-background-meta":["a:3:{s:7:\"desktop\";a:12:{s:16:\"background-color\";s:25:\"var(--ast-global-color-5)\";s:16:\"background-image\";s:0:\"\";s:17:\"background-repeat\";s:6:\"repeat\";s:19:\"background-position\";s:13:\"center center\";s:15:\"background-size\";s:4:\"auto\";s:21:\"background-attachment\";s:6:\"scroll\";s:15:\"background-type\";s:0:\"\";s:16:\"background-media\";s:0:\"\";s:12:\"overlay-type\";s:0:\"\";s:13:\"overlay-color\";s:0:\"\";s:15:\"overlay-opacity\";s:0:\"\";s:16:\"overlay-gradient\";s:0:\"\";}s:6:\"tablet\";a:12:{s:16:\"background-color\";s:0:\"\";s:16:\"background-image\";s:0:\"\";s:17:\"background-repeat\";s:6:\"repeat\";s:19:\"background-position\";s:13:\"center center\";s:15:\"background-size\";s:4:\"auto\";s:21:\"background-attachment\";s:6:\"scroll\";s:15:\"background-type\";s:0:\"\";s:16:\"background-media\";s:0:\"\";s:12:\"overlay-type\";s:0:\"\";s:13:\"overlay-color\";s:0:\"\";s:15:\"overlay-opacity\";s:0:\"\";s:16:\"overlay-gradient\";s:0:\"\";}s:6:\"mobile\";a:12:{s:16:\"background-color\";s:0:\"\";s:16:\"background-image\";s:0:\"\";s:17:\"background-repeat\";s:6:\"repeat\";s:19:\"background-position\";s:13:\"center center\";s:15:\"background-size\";s:4:\"auto\";s:21:\"background-attachment\";s:6:\"scroll\";s:15:\"background-type\";s:0:\"\";s:16:\"background-media\";s:0:\"\";s:12:\"overlay-type\";s:0:\"\";s:13:\"overlay-color\";s:0:\"\";s:15:\"overlay-opacity\";s:0:\"\";s:16:\"overlay-gradient\";s:0:\"\";}}"],"ast-content-background-meta":["a:3:{s:7:\"desktop\";a:12:{s:16:\"background-color\";s:25:\"var(--ast-global-color-4)\";s:16:\"background-image\";s:0:\"\";s:17:\"background-repeat\";s:6:\"repeat\";s:19:\"background-position\";s:13:\"center center\";s:15:\"background-size\";s:4:\"auto\";s:21:\"background-attachment\";s:6:\"scroll\";s:15:\"background-type\";s:0:\"\";s:16:\"background-media\";s:0:\"\";s:12:\"overlay-type\";s:0:\"\";s:13:\"overlay-color\";s:0:\"\";s:15:\"overlay-opacity\";s:0:\"\";s:16:\"overlay-gradient\";s:0:\"\";}s:6:\"tablet\";a:12:{s:16:\"background-color\";s:25:\"var(--ast-global-color-4)\";s:16:\"background-image\";s:0:\"\";s:17:\"background-repeat\";s:6:\"repeat\";s:19:\"background-position\";s:13:\"center center\";s:15:\"background-size\";s:4:\"auto\";s:21:\"background-attachment\";s:6:\"scroll\";s:15:\"background-type\";s:0:\"\";s:16:\"background-media\";s:0:\"\";s:12:\"overlay-type\";s:0:\"\";s:13:\"overlay-color\";s:0:\"\";s:15:\"overlay-opacity\";s:0:\"\";s:16:\"overlay-gradient\";s:0:\"\";}s:6:\"mobile\";a:12:{s:16:\"background-color\";s:25:\"var(--ast-global-color-4)\";s:16:\"background-image\";s:0:\"\";s:17:\"background-repeat\";s:6:\"repeat\";s:19:\"background-position\";s:13:\"center center\";s:15:\"background-size\";s:4:\"auto\";s:21:\"background-attachment\";s:6:\"scroll\";s:15:\"background-type\";s:0:\"\";s:16:\"background-media\";s:0:\"\";s:12:\"overlay-type\";s:0:\"\";s:13:\"overlay-color\";s:0:\"\";s:15:\"overlay-opacity\";s:0:\"\";s:16:\"overlay-gradient\";s:0:\"\";}}"],"footnotes":[""],"cmplz_hide_cookiebanner":[""],"_uag_css_file_name":["uag-css-31789.css"],"_uag_page_assets":["a:9:{s:3:\"css\";s:263:\".uag-blocks-common-selector{z-index:var(--z-index-desktop) !important}@media (max-width: 976px){.uag-blocks-common-selector{z-index:var(--z-index-tablet) !important}}@media (max-width: 767px){.uag-blocks-common-selector{z-index:var(--z-index-mobile) !important}}\n\";s:2:\"js\";s:0:\"\";s:18:\"current_block_list\";a:6:{i:0;s:12:\"core\/heading\";i:1;s:14:\"core\/paragraph\";i:2;s:12:\"core\/buttons\";i:3;s:11:\"core\/button\";i:4;s:12:\"core\/columns\";i:5;s:11:\"core\/column\";}s:8:\"uag_flag\";b:0;s:11:\"uag_version\";s:10:\"1777040860\";s:6:\"gfonts\";a:0:{}s:10:\"gfonts_url\";s:0:\"\";s:12:\"gfonts_files\";a:0:{}s:14:\"uag_faq_layout\";b:0;}"]},"uagb_featured_image_src":{"full":["https:\/\/matis.is\/wp-content\/uploads\/2020\/11\/Algae_iStock_Swoosh-R_1500x630-1500x630-1.jpg",1500,630,false],"thumbnail":["https:\/\/matis.is\/wp-content\/uploads\/2020\/11\/Algae_iStock_Swoosh-R_1500x630-1500x630-1-150x150.jpg",150,150,true],"medium":["https:\/\/matis.is\/wp-content\/uploads\/2020\/11\/Algae_iStock_Swoosh-R_1500x630-1500x630-1-300x126.jpg",300,126,true],"medium_large":["https:\/\/matis.is\/wp-content\/uploads\/2020\/11\/Algae_iStock_Swoosh-R_1500x630-1500x630-1-768x323.jpg",768,323,true],"large":["https:\/\/matis.is\/wp-content\/uploads\/2020\/11\/Algae_iStock_Swoosh-R_1500x630-1500x630-1-1024x430.jpg",1024,430,true],"1536x1536":["https:\/\/matis.is\/wp-content\/uploads\/2020\/11\/Algae_iStock_Swoosh-R_1500x630-1500x630-1.jpg",1500,630,false],"2048x2048":["https:\/\/matis.is\/wp-content\/uploads\/2020\/11\/Algae_iStock_Swoosh-R_1500x630-1500x630-1.jpg",1500,630,false],"trp-custom-language-flag":["https:\/\/matis.is\/wp-content\/uploads\/2020\/11\/Algae_iStock_Swoosh-R_1500x630-1500x630-1.jpg",18,8,false]},"uagb_author_info":{"display_name":"admin","author_link":"https:\/\/matis.is\/en\/author\/thormodurmatis-is\/"},"uagb_comment_info":0,"uagb_excerpt":"L\u00edft\u00e6kni er vinnsla \u00e1 l\u00edfefnum \u00far l\u00edfmassa, frumum e\u00f0a frumuhlutum. M\u00e1 \u00fear nefna pr\u00f3tein, sykrur, fitu og annars konar l\u00edfr\u00e6nar [&hellip;]","_links":{"self":[{"href":"https:\/\/matis.is\/en\/wp-json\/wp\/v2\/pages\/31789","targetHints":{"allow":["GET"]}}],"collection":[{"href":"https:\/\/matis.is\/en\/wp-json\/wp\/v2\/pages"}],"about":[{"href":"https:\/\/matis.is\/en\/wp-json\/wp\/v2\/types\/page"}],"author":[{"embeddable":true,"href":"https:\/\/matis.is\/en\/wp-json\/wp\/v2\/users\/1"}],"replies":[{"embeddable":true,"href":"https:\/\/matis.is\/en\/wp-json\/wp\/v2\/comments?post=31789"}],"version-history":[{"count":4,"href":"https:\/\/matis.is\/en\/wp-json\/wp\/v2\/pages\/31789\/revisions"}],"predecessor-version":[{"id":56109,"href":"https:\/\/matis.is\/en\/wp-json\/wp\/v2\/pages\/31789\/revisions\/56109"}],"up":[{"embeddable":true,"href":"https:\/\/matis.is\/en\/wp-json\/wp\/v2\/pages\/112"}],"wp:featuredmedia":[{"embeddable":true,"href":"https:\/\/matis.is\/en\/wp-json\/wp\/v2\/media\/31790"}],"wp:attachment":[{"href":"https:\/\/matis.is\/en\/wp-json\/wp\/v2\/media?parent=31789"}],"curies":[{"name":"wp","href":"https:\/\/api.w.org\/{rel}","templated":true}]}}