{"id":33254,"date":"2020-12-07T16:53:15","date_gmt":"2020-12-07T16:53:15","guid":{"rendered":"https:\/\/new.matis.is\/?page_id=33254"},"modified":"2021-09-01T13:12:12","modified_gmt":"2021-09-01T13:12:12","slug":"matvaelaframleidsla","status":"publish","type":"page","link":"https:\/\/matis.is\/en\/lausnir-og-radgjof\/matvaelaframleidsla\/","title":{"rendered":"Food production"},"content":{"rendered":"<h4 class=\"wp-block-heading\">Food production in Iceland has changed dramatically since the country was settled. Especially the change has been great since the middle of the century and then again since the beginning of the eighties.&nbsp;<\/h4>\n\n\n\n<p>Despite major changes in food production in Iceland since the country was established, Icelanders&#039; food production has always been of great importance to the nation, and at least the importance of production has diminished in recent years, with an increased flow of tourists to the country.&nbsp;<\/p>\n\n\n\n<p>Whether we are focusing on agriculture, fisheries, biotechnology for food production or aquaculture, it is important to consider environmental, animal welfare, public health and food safety when producing food.<\/p>\n\n\n\n<div class=\"wp-block-columns lausnirograd is-layout-flex wp-container-core-columns-is-layout-28f84493 wp-block-columns-is-layout-flex\">\n<div class=\"wp-block-column is-layout-flow wp-block-column-is-layout-flow\">\n<h5 class=\"has-larger-font-size wp-block-heading\">Fisheries<\/h5>\n\n\n\n<p>The fishing industry, like other industries, relies on research and product development, and increased value creation in the industry is based on ingenuity.<br><br><em>Are research and science the currency of the future?<\/em><\/p>\n\n\n\n<section class=\"centered-container\"><a class=\"buttonlink buttonlink--arrowed\" href=\"\/en\/solutions-and-advice-2\/matvaelaframleidsla\/sjavarutvegur\/\">More Information<svg class=\"arrow-icon\" xmlns=\"http:\/\/www.w3.org\/2000\/svg\" width=\"32\" height=\"32\" viewbox=\"0 0 32 32\"><g fill=\"none\" stroke=\"#3477cf\" stroke-width=\"1.8\" stroke-linejoin=\"round\" stroke-miterlimit=\"10\"><circle class=\"arrow-icon--circle\" cx=\"16\" cy=\"16\" r=\"15.12\"><\/circle><path class=\"arrow-icon--arrow\" d=\"M16.14 9.93L22.21 16l-6.07 6.07M8.23 16h13.98\"><\/path><\/g><\/svg><\/a><\/section>\n<\/div>\n\n\n\n<div class=\"wp-block-column is-layout-flow wp-block-column-is-layout-flow\">\n<h5 class=\"has-larger-font-size wp-block-heading\">The biochemistry workshop<\/h5>\n\n\n\n<p>Here, individuals, entrepreneurs and companies can come and further develop their ideas for new products that have special bioactive properties.<br><br><em>Do you have an interesting idea?<\/em><\/p>\n\n\n\n<section class=\"centered-container\"><a class=\"buttonlink buttonlink--arrowed\" href=\"\/en\/solutions-and-advice-2\/liftaekni\/lifefnasmidja\/\">More Information<svg class=\"arrow-icon\" xmlns=\"http:\/\/www.w3.org\/2000\/svg\" width=\"32\" height=\"32\" viewbox=\"0 0 32 32\"><g fill=\"none\" stroke=\"#3477cf\" stroke-width=\"1.8\" stroke-linejoin=\"round\" stroke-miterlimit=\"10\"><circle class=\"arrow-icon--circle\" cx=\"16\" cy=\"16\" r=\"15.12\"><\/circle><path class=\"arrow-icon--arrow\" d=\"M16.14 9.93L22.21 16l-6.07 6.07M8.23 16h13.98\"><\/path><\/g><\/svg><\/a><\/section>\n<\/div>\n<\/div>\n\n\n\n<div class=\"wp-block-columns lausnirograd is-layout-flex wp-container-core-columns-is-layout-28f84493 wp-block-columns-is-layout-flex\">\n<div class=\"wp-block-column is-layout-flow wp-block-column-is-layout-flow\">\n<h5 class=\"has-larger-font-size wp-block-heading\">Aquaculture<\/h5>\n\n\n\n<p>The ever-growing population poses major challenges that have been brought to the attention of the Food and Agriculture Organization of the United Nations (FAO).<br><br><em><em>Can farmed fish saturate the world?<\/em><\/em><\/p>\n\n\n\n<section class=\"centered-container\"><a class=\"buttonlink buttonlink--arrowed\" href=\"\/en\/solutions-and-advice-2\/matvaelaframleidsla\/fiskeldi\/\">More Information<svg class=\"arrow-icon\" xmlns=\"http:\/\/www.w3.org\/2000\/svg\" width=\"32\" height=\"32\" viewbox=\"0 0 32 32\"><g fill=\"none\" stroke=\"#3477cf\" stroke-width=\"1.8\" stroke-linejoin=\"round\" stroke-miterlimit=\"10\"><circle class=\"arrow-icon--circle\" cx=\"16\" cy=\"16\" r=\"15.12\"><\/circle><path class=\"arrow-icon--arrow\" d=\"M16.14 9.93L22.21 16l-6.07 6.07M8.23 16h13.98\"><\/path><\/g><\/svg><\/a><\/section>\n<\/div>\n\n\n\n<div class=\"wp-block-column is-layout-flow wp-block-column-is-layout-flow\">\n<h5 class=\"has-larger-font-size wp-block-heading\">The food factory<\/h5>\n\n\n\n<p>It is called a food factory when a facility for various food processing has been prepared and which has received a permit from the competent authorities for the operation.<br><br><em><em>Do you want help with product development?<\/em><\/em><\/p>\n\n\n\n<section class=\"centered-container\"><a class=\"buttonlink buttonlink--arrowed\" href=\"\/en\/solutions-and-advice-2\/matarsmidjan\/\">More Information<svg class=\"arrow-icon\" xmlns=\"http:\/\/www.w3.org\/2000\/svg\" width=\"32\" height=\"32\" viewbox=\"0 0 32 32\"><g fill=\"none\" stroke=\"#3477cf\" stroke-width=\"1.8\" stroke-linejoin=\"round\" stroke-miterlimit=\"10\"><circle class=\"arrow-icon--circle\" cx=\"16\" cy=\"16\" r=\"15.12\"><\/circle><path class=\"arrow-icon--arrow\" d=\"M16.14 9.93L22.21 16l-6.07 6.07M8.23 16h13.98\"><\/path><\/g><\/svg><\/a><\/section>\n<\/div>\n<\/div>","protected":false},"excerpt":{"rendered":"<p>Matv\u00e6laframlei\u00f0sla \u00e1 \u00cdslandi hefur gerbreyst fr\u00e1 \u00fev\u00ed a\u00f0 land bygg\u00f0ist. S\u00e9rstaklega hefur breytingin veri\u00f0 miki\u00f0 fr\u00e1 mi\u00f0ri \u00f6ldinni og svo [&hellip;]<\/p>\n","protected":false},"author":1,"featured_media":29149,"parent":144,"menu_order":0,"comment_status":"closed","ping_status":"closed","template":"templates\/template-cover.php","meta":{"_acf_changed":false,"_uag_custom_page_level_css":"","site-sidebar-layout":"default","site-content-layout":"","ast-site-content-layout":"default","site-content-style":"default","site-sidebar-style":"default","ast-global-header-display":"","ast-banner-title-visibility":"","ast-main-header-display":"","ast-hfb-above-header-display":"","ast-hfb-below-header-display":"","ast-hfb-mobile-header-display":"","site-post-title":"","ast-breadcrumbs-content":"","ast-featured-img":"","footer-sml-layout":"","ast-disable-related-posts":"","theme-transparent-header-meta":"","adv-header-id-meta":"","stick-header-meta":"","header-above-stick-meta":"","header-main-stick-meta":"","header-below-stick-meta":"","astra-migrate-meta-layouts":"default","ast-page-background-enabled":"default","ast-page-background-meta":{"desktop":{"background-color":"var(--ast-global-color-5)","background-image":"","background-repeat":"repeat","background-position":"center center","background-size":"auto","background-attachment":"scroll","background-type":"","background-media":"","overlay-type":"","overlay-color":"","overlay-opacity":"","overlay-gradient":""},"tablet":{"background-color":"","background-image":"","background-repeat":"repeat","background-position":"center center","background-size":"auto","background-attachment":"scroll","background-type":"","background-media":"","overlay-type":"","overlay-color":"","overlay-opacity":"","overlay-gradient":""},"mobile":{"background-color":"","background-image":"","background-repeat":"repeat","background-position":"center center","background-size":"auto","background-attachment":"scroll","background-type":"","background-media":"","overlay-type":"","overlay-color":"","overlay-opacity":"","overlay-gradient":""}},"ast-content-background-meta":{"desktop":{"background-color":"var(--ast-global-color-4)","background-image":"","background-repeat":"repeat","background-position":"center center","background-size":"auto","background-attachment":"scroll","background-type":"","background-media":"","overlay-type":"","overlay-color":"","overlay-opacity":"","overlay-gradient":""},"tablet":{"background-color":"var(--ast-global-color-4)","background-image":"","background-repeat":"repeat","background-position":"center center","background-size":"auto","background-attachment":"scroll","background-type":"","background-media":"","overlay-type":"","overlay-color":"","overlay-opacity":"","overlay-gradient":""},"mobile":{"background-color":"var(--ast-global-color-4)","background-image":"","background-repeat":"repeat","background-position":"center center","background-size":"auto","background-attachment":"scroll","background-type":"","background-media":"","overlay-type":"","overlay-color":"","overlay-opacity":"","overlay-gradient":""}},"footnotes":""},"class_list":["post-33254","page","type-page","status-publish","has-post-thumbnail","hentry"],"acf":[],"yoast_head":"<!-- This site is optimized with the Yoast SEO plugin v27.4 - https:\/\/yoast.com\/product\/yoast-seo-wordpress\/ -->\n<title>Matv\u00e6laframlei\u00f0sla - Mat\u00eds<\/title>\n<meta name=\"description\" content=\"Matv\u00e6laframlei\u00f0sla \u00e1 \u00cdslandi hefur gerbreyst fr\u00e1 \u00fev\u00ed a\u00f0 land bygg\u00f0ist. S\u00e9rstaklega hefur breytingin veri\u00f0 miki\u00f0 fr\u00e1 mi\u00f0ri \u00f6ldinni og svo aftur fr\u00e1 upphafi n\u00edunda \u00e1ratugarins.\" \/>\n<meta name=\"robots\" content=\"index, follow, max-snippet:-1, max-image-preview:large, max-video-preview:-1\" \/>\n<link rel=\"canonical\" href=\"https:\/\/matis.is\/en\/solutions-and-advice-2\/matvaelaframleidsla\/\" \/>\n<meta property=\"og:locale\" content=\"en_GB\" \/>\n<meta property=\"og:type\" content=\"article\" \/>\n<meta property=\"og:title\" content=\"Matv\u00e6laframlei\u00f0sla - Mat\u00eds\" \/>\n<meta property=\"og:description\" content=\"Matv\u00e6laframlei\u00f0sla \u00e1 \u00cdslandi hefur gerbreyst fr\u00e1 \u00fev\u00ed a\u00f0 land bygg\u00f0ist. S\u00e9rstaklega hefur breytingin veri\u00f0 miki\u00f0 fr\u00e1 mi\u00f0ri \u00f6ldinni og svo aftur fr\u00e1 upphafi n\u00edunda \u00e1ratugarins.\" \/>\n<meta property=\"og:url\" content=\"https:\/\/matis.is\/en\/solutions-and-advice-2\/matvaelaframleidsla\/\" \/>\n<meta property=\"og:site_name\" content=\"Mat\u00eds\" \/>\n<meta property=\"article:publisher\" content=\"https:\/\/www.facebook.com\/matisiceland\" \/>\n<meta property=\"article:modified_time\" content=\"2021-09-01T13:12:12+00:00\" \/>\n<meta property=\"og:image\" content=\"https:\/\/matis.is\/wp-content\/uploads\/2020\/11\/Matis_Iceland-2048x1448-1.jpg\" \/>\n\t<meta property=\"og:image:width\" content=\"2048\" \/>\n\t<meta property=\"og:image:height\" content=\"1448\" \/>\n\t<meta property=\"og:image:type\" content=\"image\/jpeg\" \/>\n<meta name=\"twitter:card\" content=\"summary_large_image\" \/>\n<meta name=\"twitter:site\" content=\"@matisiceland\" \/>\n<meta name=\"twitter:label1\" content=\"Estimated reading time\" \/>\n\t<meta name=\"twitter:data1\" content=\"1 minute\" \/>\n<script type=\"application\/ld+json\" class=\"yoast-schema-graph\">{\"@context\":\"https:\\\/\\\/schema.org\",\"@graph\":[{\"@type\":\"WebPage\",\"@id\":\"https:\\\/\\\/matis.is\\\/en\\\/solutions-and-advice-2\\\/matvaelaframleidsla\\\/\",\"url\":\"https:\\\/\\\/matis.is\\\/en\\\/solutions-and-advice-2\\\/matvaelaframleidsla\\\/\",\"name\":\"Matv\u00e6laframlei\u00f0sla - Mat\u00eds\",\"isPartOf\":{\"@id\":\"https:\\\/\\\/matis.is\\\/#website\"},\"primaryImageOfPage\":{\"@id\":\"https:\\\/\\\/matis.is\\\/en\\\/solutions-and-advice-2\\\/matvaelaframleidsla\\\/#primaryimage\"},\"image\":{\"@id\":\"https:\\\/\\\/matis.is\\\/en\\\/solutions-and-advice-2\\\/matvaelaframleidsla\\\/#primaryimage\"},\"thumbnailUrl\":\"https:\\\/\\\/matis.is\\\/wp-content\\\/uploads\\\/2020\\\/11\\\/Matis_Iceland-2048x1448-1.jpg\",\"datePublished\":\"2020-12-07T16:53:15+00:00\",\"dateModified\":\"2021-09-01T13:12:12+00:00\",\"description\":\"Matv\u00e6laframlei\u00f0sla \u00e1 \u00cdslandi hefur gerbreyst fr\u00e1 \u00fev\u00ed a\u00f0 land bygg\u00f0ist. S\u00e9rstaklega hefur breytingin veri\u00f0 miki\u00f0 fr\u00e1 mi\u00f0ri \u00f6ldinni og svo aftur fr\u00e1 upphafi n\u00edunda \u00e1ratugarins.\",\"breadcrumb\":{\"@id\":\"https:\\\/\\\/matis.is\\\/en\\\/solutions-and-advice-2\\\/matvaelaframleidsla\\\/#breadcrumb\"},\"inLanguage\":\"en-GB\",\"potentialAction\":[{\"@type\":\"ReadAction\",\"target\":[\"https:\\\/\\\/matis.is\\\/en\\\/solutions-and-advice-2\\\/matvaelaframleidsla\\\/\"]}]},{\"@type\":\"ImageObject\",\"inLanguage\":\"en-GB\",\"@id\":\"https:\\\/\\\/matis.is\\\/en\\\/solutions-and-advice-2\\\/matvaelaframleidsla\\\/#primaryimage\",\"url\":\"https:\\\/\\\/matis.is\\\/wp-content\\\/uploads\\\/2020\\\/11\\\/Matis_Iceland-2048x1448-1.jpg\",\"contentUrl\":\"https:\\\/\\\/matis.is\\\/wp-content\\\/uploads\\\/2020\\\/11\\\/Matis_Iceland-2048x1448-1.jpg\",\"width\":2048,\"height\":1448},{\"@type\":\"BreadcrumbList\",\"@id\":\"https:\\\/\\\/matis.is\\\/en\\\/solutions-and-advice-2\\\/matvaelaframleidsla\\\/#breadcrumb\",\"itemListElement\":[{\"@type\":\"ListItem\",\"position\":1,\"name\":\"Home\",\"item\":\"https:\\\/\\\/matis.is\\\/\"},{\"@type\":\"ListItem\",\"position\":2,\"name\":\"Lausnir og r\u00e1\u00f0gj\u00f6f\",\"item\":\"https:\\\/\\\/matis.is\\\/en\\\/solutions-and-advice-2\\\/\"},{\"@type\":\"ListItem\",\"position\":3,\"name\":\"Matv\u00e6laframlei\u00f0sla\"}]},{\"@type\":\"WebSite\",\"@id\":\"https:\\\/\\\/matis.is\\\/#website\",\"url\":\"https:\\\/\\\/matis.is\\\/\",\"name\":\"Mat\u00eds\",\"description\":\"Ver\u00f0m\u00e6task\u00f6pun, matv\u00e6la\u00f6ryggi og l\u00fd\u00f0heilsa\",\"publisher\":{\"@id\":\"https:\\\/\\\/matis.is\\\/#organization\"},\"potentialAction\":[{\"@type\":\"SearchAction\",\"target\":{\"@type\":\"EntryPoint\",\"urlTemplate\":\"https:\\\/\\\/matis.is\\\/?s={search_term_string}\"},\"query-input\":{\"@type\":\"PropertyValueSpecification\",\"valueRequired\":true,\"valueName\":\"search_term_string\"}}],\"inLanguage\":\"en-GB\"},{\"@type\":\"Organization\",\"@id\":\"https:\\\/\\\/matis.is\\\/#organization\",\"name\":\"Mat\u00eds ohf.\",\"url\":\"https:\\\/\\\/matis.is\\\/\",\"logo\":{\"@type\":\"ImageObject\",\"inLanguage\":\"en-GB\",\"@id\":\"https:\\\/\\\/matis.is\\\/#\\\/schema\\\/logo\\\/image\\\/\",\"url\":\"https:\\\/\\\/matis.is\\\/wp-content\\\/uploads\\\/2021\\\/02\\\/matis_logo_blatthvitt.png\",\"contentUrl\":\"https:\\\/\\\/matis.is\\\/wp-content\\\/uploads\\\/2021\\\/02\\\/matis_logo_blatthvitt.png\",\"width\":1507,\"height\":1507,\"caption\":\"Mat\u00eds ohf.\"},\"image\":{\"@id\":\"https:\\\/\\\/matis.is\\\/#\\\/schema\\\/logo\\\/image\\\/\"},\"sameAs\":[\"https:\\\/\\\/www.facebook.com\\\/matisiceland\",\"https:\\\/\\\/x.com\\\/matisiceland\",\"https:\\\/\\\/www.instagram.com\\\/matisiceland\\\/\",\"https:\\\/\\\/www.linkedin.com\\\/matisiceland\\\/\",\"https:\\\/\\\/www.youtube.com\\\/channel\\\/UCY-frt3uTqgVZW-DLjoo5bA\"]}]}<\/script>\n<!-- \/ Yoast SEO plugin. -->","yoast_head_json":{"title":"Food production - Mat\u00eds","description":"Food production in Iceland has changed dramatically since the country was settled. Especially the change has been great since the middle of the century and then again since the beginning of the eighties.","robots":{"index":"index","follow":"follow","max-snippet":"max-snippet:-1","max-image-preview":"max-image-preview:large","max-video-preview":"max-video-preview:-1"},"canonical":"https:\/\/matis.is\/en\/solutions-and-advice-2\/matvaelaframleidsla\/","og_locale":"en_GB","og_type":"article","og_title":"Matv\u00e6laframlei\u00f0sla - Mat\u00eds","og_description":"Matv\u00e6laframlei\u00f0sla \u00e1 \u00cdslandi hefur gerbreyst fr\u00e1 \u00fev\u00ed a\u00f0 land bygg\u00f0ist. S\u00e9rstaklega hefur breytingin veri\u00f0 miki\u00f0 fr\u00e1 mi\u00f0ri \u00f6ldinni og svo aftur fr\u00e1 upphafi n\u00edunda \u00e1ratugarins.","og_url":"https:\/\/matis.is\/en\/solutions-and-advice-2\/matvaelaframleidsla\/","og_site_name":"Mat\u00eds","article_publisher":"https:\/\/www.facebook.com\/matisiceland","article_modified_time":"2021-09-01T13:12:12+00:00","og_image":[{"width":2048,"height":1448,"url":"https:\/\/matis.is\/wp-content\/uploads\/2020\/11\/Matis_Iceland-2048x1448-1.jpg","type":"image\/jpeg"}],"twitter_card":"summary_large_image","twitter_site":"@matisiceland","twitter_misc":{"Estimated reading time":"1 minute"},"schema":{"@context":"https:\/\/schema.org","@graph":[{"@type":"WebPage","@id":"https:\/\/matis.is\/en\/solutions-and-advice-2\/matvaelaframleidsla\/","url":"https:\/\/matis.is\/en\/solutions-and-advice-2\/matvaelaframleidsla\/","name":"Food production - Mat\u00eds","isPartOf":{"@id":"https:\/\/matis.is\/#website"},"primaryImageOfPage":{"@id":"https:\/\/matis.is\/en\/solutions-and-advice-2\/matvaelaframleidsla\/#primaryimage"},"image":{"@id":"https:\/\/matis.is\/en\/solutions-and-advice-2\/matvaelaframleidsla\/#primaryimage"},"thumbnailUrl":"https:\/\/matis.is\/wp-content\/uploads\/2020\/11\/Matis_Iceland-2048x1448-1.jpg","datePublished":"2020-12-07T16:53:15+00:00","dateModified":"2021-09-01T13:12:12+00:00","description":"Food production in Iceland has changed dramatically since the country was settled. Especially the change has been great since the middle of the century and then again since the beginning of the eighties.","breadcrumb":{"@id":"https:\/\/matis.is\/en\/solutions-and-advice-2\/matvaelaframleidsla\/#breadcrumb"},"inLanguage":"en-GB","potentialAction":[{"@type":"ReadAction","target":["https:\/\/matis.is\/en\/solutions-and-advice-2\/matvaelaframleidsla\/"]}]},{"@type":"ImageObject","inLanguage":"en-GB","@id":"https:\/\/matis.is\/en\/solutions-and-advice-2\/matvaelaframleidsla\/#primaryimage","url":"https:\/\/matis.is\/wp-content\/uploads\/2020\/11\/Matis_Iceland-2048x1448-1.jpg","contentUrl":"https:\/\/matis.is\/wp-content\/uploads\/2020\/11\/Matis_Iceland-2048x1448-1.jpg","width":2048,"height":1448},{"@type":"BreadcrumbList","@id":"https:\/\/matis.is\/en\/solutions-and-advice-2\/matvaelaframleidsla\/#breadcrumb","itemListElement":[{"@type":"ListItem","position":1,"name":"Home","item":"https:\/\/matis.is\/"},{"@type":"ListItem","position":2,"name":"Lausnir og r\u00e1\u00f0gj\u00f6f","item":"https:\/\/matis.is\/en\/solutions-and-advice-2\/"},{"@type":"ListItem","position":3,"name":"Matv\u00e6laframlei\u00f0sla"}]},{"@type":"WebSite","@id":"https:\/\/matis.is\/#website","url":"https:\/\/matis.is\/","name":"Mat\u00eds","description":"Value creation, food security and public health","publisher":{"@id":"https:\/\/matis.is\/#organization"},"potentialAction":[{"@type":"SearchAction","target":{"@type":"EntryPoint","urlTemplate":"https:\/\/matis.is\/?s={search_term_string}"},"query-input":{"@type":"PropertyValueSpecification","valueRequired":true,"valueName":"search_term_string"}}],"inLanguage":"en-GB"},{"@type":"Organization","@id":"https:\/\/matis.is\/#organization","name":"Mat\u00eds ohf.","url":"https:\/\/matis.is\/","logo":{"@type":"ImageObject","inLanguage":"en-GB","@id":"https:\/\/matis.is\/#\/schema\/logo\/image\/","url":"https:\/\/matis.is\/wp-content\/uploads\/2021\/02\/matis_logo_blatthvitt.png","contentUrl":"https:\/\/matis.is\/wp-content\/uploads\/2021\/02\/matis_logo_blatthvitt.png","width":1507,"height":1507,"caption":"Mat\u00eds ohf."},"image":{"@id":"https:\/\/matis.is\/#\/schema\/logo\/image\/"},"sameAs":["https:\/\/www.facebook.com\/matisiceland","https:\/\/x.com\/matisiceland","https:\/\/www.instagram.com\/matisiceland\/","https:\/\/www.linkedin.com\/matisiceland\/","https:\/\/www.youtube.com\/channel\/UCY-frt3uTqgVZW-DLjoo5bA"]}]}},"spectra_custom_meta":{"_edit_lock":["1630501932:5"],"_thumbnail_id":["29149"],"_wp_page_template":["templates\/template-cover.php"],"_edit_last":["5"],"valmynd_a_undirsidu":["0"],"_valmynd_a_undirsidu":["field_5f9970348837c"],"undirvalmynd_a_parentsidu":["1"],"_undirvalmynd_a_parentsidu":["field_5f9addfe68a79"],"tengilidur":[""],"_tengilidur":["field_5ef905e0538b2"],"_yoast_wpseo_metadesc":["Matv\u00e6laframlei\u00f0sla \u00e1 \u00cdslandi hefur gerbreyst fr\u00e1 \u00fev\u00ed a\u00f0 land bygg\u00f0ist. S\u00e9rstaklega hefur breytingin veri\u00f0 miki\u00f0 fr\u00e1 mi\u00f0ri \u00f6ldinni og svo aftur fr\u00e1 upphafi n\u00edunda \u00e1ratugarins."],"_yoast_wpseo_content_score":["90"],"_yoast_wpseo_estimated-reading-time-minutes":["1"],"_uag_css_file_name":["uag-css-33254.css"],"_uag_page_assets":["a:9:{s:3:\"css\";s:263:\".uag-blocks-common-selector{z-index:var(--z-index-desktop) !important}@media (max-width: 976px){.uag-blocks-common-selector{z-index:var(--z-index-tablet) !important}}@media (max-width: 767px){.uag-blocks-common-selector{z-index:var(--z-index-mobile) !important}}\n\";s:2:\"js\";s:0:\"\";s:18:\"current_block_list\";a:7:{i:0;s:12:\"core\/heading\";i:1;s:14:\"core\/paragraph\";i:2;s:12:\"core\/columns\";i:3;s:11:\"core\/column\";i:4;s:9:\"core\/html\";i:5;s:12:\"core\/buttons\";i:6;s:11:\"core\/button\";}s:8:\"uag_flag\";b:0;s:11:\"uag_version\";s:10:\"1776182148\";s:6:\"gfonts\";a:0:{}s:10:\"gfonts_url\";s:0:\"\";s:12:\"gfonts_files\";a:0:{}s:14:\"uag_faq_layout\";b:0;}"]},"uagb_featured_image_src":{"full":["https:\/\/matis.is\/wp-content\/uploads\/2020\/11\/Matis_Iceland-2048x1448-1.jpg",2048,1448,false],"thumbnail":["https:\/\/matis.is\/wp-content\/uploads\/2020\/11\/Matis_Iceland-2048x1448-1-150x150.jpg",150,150,true],"medium":["https:\/\/matis.is\/wp-content\/uploads\/2020\/11\/Matis_Iceland-2048x1448-1-300x212.jpg",300,212,true],"medium_large":["https:\/\/matis.is\/wp-content\/uploads\/2020\/11\/Matis_Iceland-2048x1448-1-768x543.jpg",768,543,true],"large":["https:\/\/matis.is\/wp-content\/uploads\/2020\/11\/Matis_Iceland-2048x1448-1-1024x724.jpg",1024,724,true],"1536x1536":["https:\/\/matis.is\/wp-content\/uploads\/2020\/11\/Matis_Iceland-2048x1448-1-1536x1086.jpg",1536,1086,true],"2048x2048":["https:\/\/matis.is\/wp-content\/uploads\/2020\/11\/Matis_Iceland-2048x1448-1.jpg",2048,1448,false],"trp-custom-language-flag":["https:\/\/matis.is\/wp-content\/uploads\/2020\/11\/Matis_Iceland-2048x1448-1.jpg",18,12,false]},"uagb_author_info":{"display_name":"admin","author_link":"https:\/\/matis.is\/en\/author\/thormodurmatis-is\/"},"uagb_comment_info":0,"uagb_excerpt":"Matv\u00e6laframlei\u00f0sla \u00e1 \u00cdslandi hefur gerbreyst fr\u00e1 \u00fev\u00ed a\u00f0 land bygg\u00f0ist. S\u00e9rstaklega hefur breytingin veri\u00f0 miki\u00f0 fr\u00e1 mi\u00f0ri \u00f6ldinni og svo [&hellip;]","_links":{"self":[{"href":"https:\/\/matis.is\/en\/wp-json\/wp\/v2\/pages\/33254","targetHints":{"allow":["GET"]}}],"collection":[{"href":"https:\/\/matis.is\/en\/wp-json\/wp\/v2\/pages"}],"about":[{"href":"https:\/\/matis.is\/en\/wp-json\/wp\/v2\/types\/page"}],"author":[{"embeddable":true,"href":"https:\/\/matis.is\/en\/wp-json\/wp\/v2\/users\/1"}],"replies":[{"embeddable":true,"href":"https:\/\/matis.is\/en\/wp-json\/wp\/v2\/comments?post=33254"}],"version-history":[{"count":1,"href":"https:\/\/matis.is\/en\/wp-json\/wp\/v2\/pages\/33254\/revisions"}],"predecessor-version":[{"id":44212,"href":"https:\/\/matis.is\/en\/wp-json\/wp\/v2\/pages\/33254\/revisions\/44212"}],"up":[{"embeddable":true,"href":"https:\/\/matis.is\/en\/wp-json\/wp\/v2\/pages\/144"}],"wp:featuredmedia":[{"embeddable":true,"href":"https:\/\/matis.is\/en\/wp-json\/wp\/v2\/media\/29149"}],"wp:attachment":[{"href":"https:\/\/matis.is\/en\/wp-json\/wp\/v2\/media?parent=33254"}],"curies":[{"name":"wp","href":"https:\/\/api.w.org\/{rel}","templated":true}]}}