{"id":33260,"date":"2020-12-08T09:03:58","date_gmt":"2020-12-08T09:03:58","guid":{"rendered":"https:\/\/new.matis.is\/?page_id=33260"},"modified":"2021-09-01T13:13:22","modified_gmt":"2021-09-01T13:13:22","slug":"liftaekni","status":"publish","type":"page","link":"https:\/\/matis.is\/en\/lausnir-og-radgjof\/liftaekni\/","title":{"rendered":"Biotechnology"},"content":{"rendered":"<h4 class=\"wp-block-heading\">Biotechnology is, among other things, working on research into biochemicals, bioactive substances and enzymes based on the goal of producing marketable products. Icelandic nature is the key to all of Mat\u00eds&#039; research work in biotechnology.<\/h4>\n\n\n\n<p>Emphasis is placed on finding microorganisms in thermal areas and in the ocean for the production of active and powerful enzymes that can be used in the food and chemical industry. These are enzymes that have an activity that is not known elsewhere and are in demand by manufacturers around the world.&nbsp;<\/p>\n\n\n\n<p>Substances that have biological activity are widely found in nature. They are screened for their effectiveness, both positive and negative. The positive effect is sought after for the production of health products and for the prevention of various ailments and diseases. These include lowering blood pressure, resistance to cancer, prevention of cardiovascular disease and more. Mat\u00eds&#039; research on bioactive substances focuses in particular on the ocean around the country and what it produces.<\/p>\n\n\n\n<p>Bioactive substances can be found in algae, by-products from fish and elsewhere, but Mat\u00eds&#039; technical knowledge is also used to process bioactive substances from organisms such as sea urchins and sharks, for example. When bioactive substances are found, their composition is studied, experiments are performed on the activity of animals and finally ways are found to isolate the substances and bring them into marketable form.<\/p>\n\n\n\n<div class=\"wp-block-buttons is-layout-flex wp-block-buttons-is-layout-flex\">\n<div class=\"wp-block-button m_button\"><a class=\"wp-block-button__link\" href=\"mailto:rosa.jonsdottir@matis.is\">Send us an Inquiry<\/a><\/div>\n<\/div>","protected":false},"excerpt":{"rendered":"<p>\u00cd l\u00edft\u00e6kni er me\u00f0al annars unni\u00f0 a\u00f0 ranns\u00f3knunum \u00e1 l\u00edfefnum, l\u00edfvirkum efnum og ens\u00edmum \u00fat fr\u00e1 \u00fev\u00ed markmi\u00f0i a\u00f0 vinna [&hellip;]<\/p>\n","protected":false},"author":1,"featured_media":28929,"parent":144,"menu_order":0,"comment_status":"closed","ping_status":"closed","template":"templates\/template-cover.php","meta":{"_acf_changed":false,"_uag_custom_page_level_css":"","site-sidebar-layout":"default","site-content-layout":"","ast-site-content-layout":"default","site-content-style":"default","site-sidebar-style":"default","ast-global-header-display":"","ast-banner-title-visibility":"","ast-main-header-display":"","ast-hfb-above-header-display":"","ast-hfb-below-header-display":"","ast-hfb-mobile-header-display":"","site-post-title":"","ast-breadcrumbs-content":"","ast-featured-img":"","footer-sml-layout":"","ast-disable-related-posts":"","theme-transparent-header-meta":"","adv-header-id-meta":"","stick-header-meta":"","header-above-stick-meta":"","header-main-stick-meta":"","header-below-stick-meta":"","astra-migrate-meta-layouts":"default","ast-page-background-enabled":"default","ast-page-background-meta":{"desktop":{"background-color":"var(--ast-global-color-5)","background-image":"","background-repeat":"repeat","background-position":"center center","background-size":"auto","background-attachment":"scroll","background-type":"","background-media":"","overlay-type":"","overlay-color":"","overlay-opacity":"","overlay-gradient":""},"tablet":{"background-color":"","background-image":"","background-repeat":"repeat","background-position":"center center","background-size":"auto","background-attachment":"scroll","background-type":"","background-media":"","overlay-type":"","overlay-color":"","overlay-opacity":"","overlay-gradient":""},"mobile":{"background-color":"","background-image":"","background-repeat":"repeat","background-position":"center center","background-size":"auto","background-attachment":"scroll","background-type":"","background-media":"","overlay-type":"","overlay-color":"","overlay-opacity":"","overlay-gradient":""}},"ast-content-background-meta":{"desktop":{"background-color":"var(--ast-global-color-4)","background-image":"","background-repeat":"repeat","background-position":"center center","background-size":"auto","background-attachment":"scroll","background-type":"","background-media":"","overlay-type":"","overlay-color":"","overlay-opacity":"","overlay-gradient":""},"tablet":{"background-color":"var(--ast-global-color-4)","background-image":"","background-repeat":"repeat","background-position":"center center","background-size":"auto","background-attachment":"scroll","background-type":"","background-media":"","overlay-type":"","overlay-color":"","overlay-opacity":"","overlay-gradient":""},"mobile":{"background-color":"var(--ast-global-color-4)","background-image":"","background-repeat":"repeat","background-position":"center center","background-size":"auto","background-attachment":"scroll","background-type":"","background-media":"","overlay-type":"","overlay-color":"","overlay-opacity":"","overlay-gradient":""}},"footnotes":""},"class_list":["post-33260","page","type-page","status-publish","has-post-thumbnail","hentry"],"acf":[],"yoast_head":"<!-- This site is optimized with the Yoast SEO plugin v27.4 - https:\/\/yoast.com\/product\/yoast-seo-wordpress\/ -->\n<title>L\u00edft\u00e6kni - Mat\u00eds<\/title>\n<meta name=\"description\" content=\"\u00cdslensk n\u00e1tt\u00fara er lykillinn a\u00f0 \u00f6llu ranns\u00f3knarstarfi Mat\u00eds innan l\u00edft\u00e6kninnar.\" \/>\n<meta name=\"robots\" content=\"index, follow, max-snippet:-1, max-image-preview:large, max-video-preview:-1\" \/>\n<link rel=\"canonical\" href=\"https:\/\/matis.is\/en\/solutions-and-advice-2\/liftaekni\/\" \/>\n<meta property=\"og:locale\" content=\"en_GB\" \/>\n<meta property=\"og:type\" content=\"article\" \/>\n<meta property=\"og:title\" content=\"L\u00edft\u00e6kni - Mat\u00eds\" \/>\n<meta property=\"og:description\" content=\"\u00cdslensk n\u00e1tt\u00fara er lykillinn a\u00f0 \u00f6llu ranns\u00f3knarstarfi Mat\u00eds innan l\u00edft\u00e6kninnar.\" \/>\n<meta property=\"og:url\" content=\"https:\/\/matis.is\/en\/solutions-and-advice-2\/liftaekni\/\" \/>\n<meta property=\"og:site_name\" content=\"Mat\u00eds\" \/>\n<meta property=\"article:publisher\" content=\"https:\/\/www.facebook.com\/matisiceland\" \/>\n<meta property=\"article:modified_time\" content=\"2021-09-01T13:13:22+00:00\" \/>\n<meta property=\"og:image\" content=\"https:\/\/matis.is\/wp-content\/uploads\/2020\/10\/Taeki_MI-000998-scaled.jpg\" \/>\n\t<meta property=\"og:image:width\" content=\"2560\" \/>\n\t<meta property=\"og:image:height\" content=\"1427\" \/>\n\t<meta property=\"og:image:type\" content=\"image\/jpeg\" \/>\n<meta name=\"twitter:card\" content=\"summary_large_image\" \/>\n<meta name=\"twitter:site\" content=\"@matisiceland\" \/>\n<meta name=\"twitter:label1\" content=\"Estimated reading time\" \/>\n\t<meta name=\"twitter:data1\" content=\"1 minute\" \/>\n<script type=\"application\/ld+json\" class=\"yoast-schema-graph\">{\"@context\":\"https:\\\/\\\/schema.org\",\"@graph\":[{\"@type\":\"WebPage\",\"@id\":\"https:\\\/\\\/matis.is\\\/lausnir-og-radgjof\\\/liftaekni\\\/\",\"url\":\"https:\\\/\\\/matis.is\\\/lausnir-og-radgjof\\\/liftaekni\\\/\",\"name\":\"L\u00edft\u00e6kni - Mat\u00eds\",\"isPartOf\":{\"@id\":\"https:\\\/\\\/matis.is\\\/#website\"},\"primaryImageOfPage\":{\"@id\":\"https:\\\/\\\/matis.is\\\/lausnir-og-radgjof\\\/liftaekni\\\/#primaryimage\"},\"image\":{\"@id\":\"https:\\\/\\\/matis.is\\\/lausnir-og-radgjof\\\/liftaekni\\\/#primaryimage\"},\"thumbnailUrl\":\"https:\\\/\\\/matis.is\\\/wp-content\\\/uploads\\\/2020\\\/10\\\/Taeki_MI-000998-scaled.jpg\",\"datePublished\":\"2020-12-08T09:03:58+00:00\",\"dateModified\":\"2021-09-01T13:13:22+00:00\",\"description\":\"\u00cdslensk n\u00e1tt\u00fara er lykillinn a\u00f0 \u00f6llu ranns\u00f3knarstarfi Mat\u00eds innan l\u00edft\u00e6kninnar.\",\"breadcrumb\":{\"@id\":\"https:\\\/\\\/matis.is\\\/lausnir-og-radgjof\\\/liftaekni\\\/#breadcrumb\"},\"inLanguage\":\"en-GB\",\"potentialAction\":[{\"@type\":\"ReadAction\",\"target\":[\"https:\\\/\\\/matis.is\\\/lausnir-og-radgjof\\\/liftaekni\\\/\"]}]},{\"@type\":\"ImageObject\",\"inLanguage\":\"en-GB\",\"@id\":\"https:\\\/\\\/matis.is\\\/lausnir-og-radgjof\\\/liftaekni\\\/#primaryimage\",\"url\":\"https:\\\/\\\/matis.is\\\/wp-content\\\/uploads\\\/2020\\\/10\\\/Taeki_MI-000998-scaled.jpg\",\"contentUrl\":\"https:\\\/\\\/matis.is\\\/wp-content\\\/uploads\\\/2020\\\/10\\\/Taeki_MI-000998-scaled.jpg\",\"width\":2560,\"height\":1427},{\"@type\":\"BreadcrumbList\",\"@id\":\"https:\\\/\\\/matis.is\\\/lausnir-og-radgjof\\\/liftaekni\\\/#breadcrumb\",\"itemListElement\":[{\"@type\":\"ListItem\",\"position\":1,\"name\":\"Home\",\"item\":\"https:\\\/\\\/matis.is\\\/\"},{\"@type\":\"ListItem\",\"position\":2,\"name\":\"Lausnir og r\u00e1\u00f0gj\u00f6f\",\"item\":\"https:\\\/\\\/matis.is\\\/en\\\/solutions-and-advice-2\\\/\"},{\"@type\":\"ListItem\",\"position\":3,\"name\":\"L\u00edft\u00e6kni\"}]},{\"@type\":\"WebSite\",\"@id\":\"https:\\\/\\\/matis.is\\\/#website\",\"url\":\"https:\\\/\\\/matis.is\\\/\",\"name\":\"Mat\u00eds\",\"description\":\"Ver\u00f0m\u00e6task\u00f6pun, matv\u00e6la\u00f6ryggi og l\u00fd\u00f0heilsa\",\"publisher\":{\"@id\":\"https:\\\/\\\/matis.is\\\/#organization\"},\"potentialAction\":[{\"@type\":\"SearchAction\",\"target\":{\"@type\":\"EntryPoint\",\"urlTemplate\":\"https:\\\/\\\/matis.is\\\/?s={search_term_string}\"},\"query-input\":{\"@type\":\"PropertyValueSpecification\",\"valueRequired\":true,\"valueName\":\"search_term_string\"}}],\"inLanguage\":\"en-GB\"},{\"@type\":\"Organization\",\"@id\":\"https:\\\/\\\/matis.is\\\/#organization\",\"name\":\"Mat\u00eds ohf.\",\"url\":\"https:\\\/\\\/matis.is\\\/\",\"logo\":{\"@type\":\"ImageObject\",\"inLanguage\":\"en-GB\",\"@id\":\"https:\\\/\\\/matis.is\\\/#\\\/schema\\\/logo\\\/image\\\/\",\"url\":\"https:\\\/\\\/matis.is\\\/wp-content\\\/uploads\\\/2021\\\/02\\\/matis_logo_blatthvitt.png\",\"contentUrl\":\"https:\\\/\\\/matis.is\\\/wp-content\\\/uploads\\\/2021\\\/02\\\/matis_logo_blatthvitt.png\",\"width\":1507,\"height\":1507,\"caption\":\"Mat\u00eds ohf.\"},\"image\":{\"@id\":\"https:\\\/\\\/matis.is\\\/#\\\/schema\\\/logo\\\/image\\\/\"},\"sameAs\":[\"https:\\\/\\\/www.facebook.com\\\/matisiceland\",\"https:\\\/\\\/x.com\\\/matisiceland\",\"https:\\\/\\\/www.instagram.com\\\/matisiceland\\\/\",\"https:\\\/\\\/www.linkedin.com\\\/matisiceland\\\/\",\"https:\\\/\\\/www.youtube.com\\\/channel\\\/UCY-frt3uTqgVZW-DLjoo5bA\"]}]}<\/script>\n<!-- \/ Yoast SEO plugin. -->","yoast_head_json":{"title":"Biotechnology - Mat\u00eds","description":"Icelandic nature is the key to all of Mat\u00eds&#039; research work in biotechnology.","robots":{"index":"index","follow":"follow","max-snippet":"max-snippet:-1","max-image-preview":"max-image-preview:large","max-video-preview":"max-video-preview:-1"},"canonical":"https:\/\/matis.is\/en\/solutions-and-advice-2\/liftaekni\/","og_locale":"en_GB","og_type":"article","og_title":"L\u00edft\u00e6kni - Mat\u00eds","og_description":"\u00cdslensk n\u00e1tt\u00fara er lykillinn a\u00f0 \u00f6llu ranns\u00f3knarstarfi Mat\u00eds innan l\u00edft\u00e6kninnar.","og_url":"https:\/\/matis.is\/en\/solutions-and-advice-2\/liftaekni\/","og_site_name":"Mat\u00eds","article_publisher":"https:\/\/www.facebook.com\/matisiceland","article_modified_time":"2021-09-01T13:13:22+00:00","og_image":[{"width":2560,"height":1427,"url":"https:\/\/matis.is\/wp-content\/uploads\/2020\/10\/Taeki_MI-000998-scaled.jpg","type":"image\/jpeg"}],"twitter_card":"summary_large_image","twitter_site":"@matisiceland","twitter_misc":{"Estimated reading time":"1 minute"},"schema":{"@context":"https:\/\/schema.org","@graph":[{"@type":"WebPage","@id":"https:\/\/matis.is\/lausnir-og-radgjof\/liftaekni\/","url":"https:\/\/matis.is\/lausnir-og-radgjof\/liftaekni\/","name":"Biotechnology - Mat\u00eds","isPartOf":{"@id":"https:\/\/matis.is\/#website"},"primaryImageOfPage":{"@id":"https:\/\/matis.is\/lausnir-og-radgjof\/liftaekni\/#primaryimage"},"image":{"@id":"https:\/\/matis.is\/lausnir-og-radgjof\/liftaekni\/#primaryimage"},"thumbnailUrl":"https:\/\/matis.is\/wp-content\/uploads\/2020\/10\/Taeki_MI-000998-scaled.jpg","datePublished":"2020-12-08T09:03:58+00:00","dateModified":"2021-09-01T13:13:22+00:00","description":"Icelandic nature is the key to all of Mat\u00eds&#039; research work in biotechnology.","breadcrumb":{"@id":"https:\/\/matis.is\/lausnir-og-radgjof\/liftaekni\/#breadcrumb"},"inLanguage":"en-GB","potentialAction":[{"@type":"ReadAction","target":["https:\/\/matis.is\/lausnir-og-radgjof\/liftaekni\/"]}]},{"@type":"ImageObject","inLanguage":"en-GB","@id":"https:\/\/matis.is\/lausnir-og-radgjof\/liftaekni\/#primaryimage","url":"https:\/\/matis.is\/wp-content\/uploads\/2020\/10\/Taeki_MI-000998-scaled.jpg","contentUrl":"https:\/\/matis.is\/wp-content\/uploads\/2020\/10\/Taeki_MI-000998-scaled.jpg","width":2560,"height":1427},{"@type":"BreadcrumbList","@id":"https:\/\/matis.is\/lausnir-og-radgjof\/liftaekni\/#breadcrumb","itemListElement":[{"@type":"ListItem","position":1,"name":"Home","item":"https:\/\/matis.is\/"},{"@type":"ListItem","position":2,"name":"Lausnir og r\u00e1\u00f0gj\u00f6f","item":"https:\/\/matis.is\/en\/solutions-and-advice-2\/"},{"@type":"ListItem","position":3,"name":"L\u00edft\u00e6kni"}]},{"@type":"WebSite","@id":"https:\/\/matis.is\/#website","url":"https:\/\/matis.is\/","name":"Mat\u00eds","description":"Value creation, food security and public health","publisher":{"@id":"https:\/\/matis.is\/#organization"},"potentialAction":[{"@type":"SearchAction","target":{"@type":"EntryPoint","urlTemplate":"https:\/\/matis.is\/?s={search_term_string}"},"query-input":{"@type":"PropertyValueSpecification","valueRequired":true,"valueName":"search_term_string"}}],"inLanguage":"en-GB"},{"@type":"Organization","@id":"https:\/\/matis.is\/#organization","name":"Mat\u00eds ohf.","url":"https:\/\/matis.is\/","logo":{"@type":"ImageObject","inLanguage":"en-GB","@id":"https:\/\/matis.is\/#\/schema\/logo\/image\/","url":"https:\/\/matis.is\/wp-content\/uploads\/2021\/02\/matis_logo_blatthvitt.png","contentUrl":"https:\/\/matis.is\/wp-content\/uploads\/2021\/02\/matis_logo_blatthvitt.png","width":1507,"height":1507,"caption":"Mat\u00eds ohf."},"image":{"@id":"https:\/\/matis.is\/#\/schema\/logo\/image\/"},"sameAs":["https:\/\/www.facebook.com\/matisiceland","https:\/\/x.com\/matisiceland","https:\/\/www.instagram.com\/matisiceland\/","https:\/\/www.linkedin.com\/matisiceland\/","https:\/\/www.youtube.com\/channel\/UCY-frt3uTqgVZW-DLjoo5bA"]}]}},"spectra_custom_meta":{"_edit_lock":["1630502002:5"],"_thumbnail_id":["28929"],"_wp_page_template":["templates\/template-cover.php"],"_edit_last":["5"],"valmynd_a_undirsidu":["1"],"_valmynd_a_undirsidu":["field_5f9970348837c"],"undirvalmynd_a_parentsidu":["0"],"_undirvalmynd_a_parentsidu":["field_5f9addfe68a79"],"tengilidur":[""],"_tengilidur":["field_5ef905e0538b2"],"_yoast_wpseo_metadesc":["\u00cdslensk n\u00e1tt\u00fara er lykillinn a\u00f0 \u00f6llu ranns\u00f3knarstarfi Mat\u00eds innan l\u00edft\u00e6kninnar."],"_yoast_wpseo_content_score":["60"],"_yoast_wpseo_estimated-reading-time-minutes":["1"],"_uag_css_file_name":["uag-css-33260.css"],"_uag_page_assets":["a:9:{s:3:\"css\";s:263:\".uag-blocks-common-selector{z-index:var(--z-index-desktop) !important}@media (max-width: 976px){.uag-blocks-common-selector{z-index:var(--z-index-tablet) !important}}@media (max-width: 767px){.uag-blocks-common-selector{z-index:var(--z-index-mobile) !important}}\n\";s:2:\"js\";s:0:\"\";s:18:\"current_block_list\";a:6:{i:0;s:12:\"core\/heading\";i:1;s:14:\"core\/paragraph\";i:2;s:12:\"core\/buttons\";i:3;s:11:\"core\/button\";i:4;s:12:\"core\/columns\";i:5;s:11:\"core\/column\";}s:8:\"uag_flag\";b:0;s:11:\"uag_version\";s:10:\"1776432937\";s:6:\"gfonts\";a:0:{}s:10:\"gfonts_url\";s:0:\"\";s:12:\"gfonts_files\";a:0:{}s:14:\"uag_faq_layout\";b:0;}"]},"uagb_featured_image_src":{"full":["https:\/\/matis.is\/wp-content\/uploads\/2020\/10\/Taeki_MI-000998-scaled.jpg",2560,1427,false],"thumbnail":["https:\/\/matis.is\/wp-content\/uploads\/2020\/10\/Taeki_MI-000998-150x150.jpg",150,150,true],"medium":["https:\/\/matis.is\/wp-content\/uploads\/2020\/10\/Taeki_MI-000998-300x167.jpg",300,167,true],"medium_large":["https:\/\/matis.is\/wp-content\/uploads\/2020\/10\/Taeki_MI-000998-768x428.jpg",768,428,true],"large":["https:\/\/matis.is\/wp-content\/uploads\/2020\/10\/Taeki_MI-000998-1024x571.jpg",1024,571,true],"1536x1536":["https:\/\/matis.is\/wp-content\/uploads\/2020\/10\/Taeki_MI-000998-1536x856.jpg",1536,856,true],"2048x2048":["https:\/\/matis.is\/wp-content\/uploads\/2020\/10\/Taeki_MI-000998-2048x1141.jpg",2048,1141,true],"trp-custom-language-flag":["https:\/\/matis.is\/wp-content\/uploads\/2020\/10\/Taeki_MI-000998-scaled.jpg",18,10,false]},"uagb_author_info":{"display_name":"admin","author_link":"https:\/\/matis.is\/en\/author\/thormodurmatis-is\/"},"uagb_comment_info":0,"uagb_excerpt":"\u00cd l\u00edft\u00e6kni er me\u00f0al annars unni\u00f0 a\u00f0 ranns\u00f3knunum \u00e1 l\u00edfefnum, l\u00edfvirkum efnum og ens\u00edmum \u00fat fr\u00e1 \u00fev\u00ed markmi\u00f0i a\u00f0 vinna [&hellip;]","_links":{"self":[{"href":"https:\/\/matis.is\/en\/wp-json\/wp\/v2\/pages\/33260","targetHints":{"allow":["GET"]}}],"collection":[{"href":"https:\/\/matis.is\/en\/wp-json\/wp\/v2\/pages"}],"about":[{"href":"https:\/\/matis.is\/en\/wp-json\/wp\/v2\/types\/page"}],"author":[{"embeddable":true,"href":"https:\/\/matis.is\/en\/wp-json\/wp\/v2\/users\/1"}],"replies":[{"embeddable":true,"href":"https:\/\/matis.is\/en\/wp-json\/wp\/v2\/comments?post=33260"}],"version-history":[{"count":1,"href":"https:\/\/matis.is\/en\/wp-json\/wp\/v2\/pages\/33260\/revisions"}],"predecessor-version":[{"id":44213,"href":"https:\/\/matis.is\/en\/wp-json\/wp\/v2\/pages\/33260\/revisions\/44213"}],"up":[{"embeddable":true,"href":"https:\/\/matis.is\/en\/wp-json\/wp\/v2\/pages\/144"}],"wp:featuredmedia":[{"embeddable":true,"href":"https:\/\/matis.is\/en\/wp-json\/wp\/v2\/media\/28929"}],"wp:attachment":[{"href":"https:\/\/matis.is\/en\/wp-json\/wp\/v2\/media?parent=33260"}],"curies":[{"name":"wp","href":"https:\/\/api.w.org\/{rel}","templated":true}]}}