{"id":33283,"date":"2020-12-08T15:36:45","date_gmt":"2020-12-08T15:36:45","guid":{"rendered":"https:\/\/new.matis.is\/?page_id=33283"},"modified":"2021-03-12T13:35:05","modified_gmt":"2021-03-12T13:35:05","slug":"varnarefnamaelingar","status":"publish","type":"page","link":"https:\/\/matis.is\/en\/maelingar-og-thjonusta\/efnamaelingar\/varnarefnamaelingar\/","title":{"rendered":"Pesticide measurements"},"content":{"rendered":"<h4 class=\"wp-block-heading\">* Starred measurements have not been accredited according to the ISO 17025 standard<\/h4>\n\n\n\n<ul class=\"dashed wp-block-list\"><li>2-Phenylphenol<\/li><li>Acephate<\/li><li>Acetamiprid<\/li><li>Aclonifen *<\/li><li>Acrinathrin *<\/li><li>Aldrin<\/li><li>Amitraz<\/li><li>Avermectin *<\/li><li>Azinphos-methyl<\/li><li>Azoxystrobin<\/li><li>Bifenthrin *<\/li><li>Biphenyl<\/li><li>Bitertanol<\/li><li>Bixafen *<\/li><li>Boscalid<\/li><li>Bromopropylate<\/li><li>Bromuconazole *<\/li><li>Bupirimate<\/li><li>Buprofezin<\/li><li>Captan<\/li><li>Carbaryl<\/li><li>Carbofuran<\/li><li>Chlorfenvinphos<\/li><li>Chlorothalonil<\/li><li>Chlorpropham<\/li><li>Chlorpyrifos<\/li><li>Chlorpyrifos-methyl<\/li><li>Chlorthiamide *<\/li><li>Clofentezine *<\/li><li>Clothianidine *<\/li><li>Cyfluthrin *<\/li><li>Cyhalothrin-lambda *<\/li><li>Cymoxanil *<\/li><li>Cypermethrin<\/li><li>Cyproconazole *<\/li><li>Cyprodinil<\/li><li>Deltamethrin<\/li><li>Demetone-s-methyl-sulfoxide *<\/li><li>Diazinone<\/li><li>Dichlobenil *<\/li><li>Dichlorvos *<\/li><li>Dicloran *<\/li><li>Dicofol<\/li><li>Dicrotophos *<\/li><li>Diethofencarb *<\/li><li>Difenoconazole<\/li><li>Diflubenzuron *<\/li><li>Dimethoate<\/li><li>Dimethomorph *<\/li><li>Diniconazole *<\/li><li>Diphenylamine<\/li><li>Ditalimfos<\/li><li>Endosulfan - sulfate *<\/li><li>Endosulfan-alpha<\/li><li>Endosulfan-beta<\/li><li>EPN<\/li><li>Epoxiconazole<\/li><li>Esfenvalerate *<\/li><li>Ethion<\/li><li>Ethirimol *<\/li><li>Ethoprophos *<\/li><li>Etofenprox<\/li><li>Famoxadone *<\/li><li>Phenamidone *<\/li><li>Fenamiphos *<\/li><li>Fenarimol<\/li><li>Fenazaquin *<\/li><li>Fenbuconazole<\/li><li>Phenhexamide<\/li><li>Fenitrothion<\/li><li>Phenoxycarb *<\/li><li>Fenpropathrin *<\/li><li>Fenpropimorph<\/li><li>Fenpyroximate *<\/li><li>Fenthion<\/li><li>Fenvalerate *<\/li><li>Fipronil<\/li><li>Flonicamide *<\/li><li>Flubendiamide *<\/li><li>Fludioxonil<\/li><li>Flufenoxuron *<\/li><li>Fluopyram *<\/li><li>Fluquinconazole *<\/li><li>Flusilazole *<\/li><li>Flutriafol<\/li><li>Fluxapyroxad *<\/li><li>Folpet<\/li><li>Formetanate hydrochloride *<\/li><li>Formothion *<\/li><li>Fosthiazate *<\/li><li>Haloxyfop-P *<\/li><li>Hexaconazole *<\/li><li>Hexythiazox<\/li><li>Imazalil<\/li><li>Imidacloprid<\/li><li>Indoxacarb<\/li><li>Iprodione<\/li><li>Iprovalicarb<\/li><li>Isocarbophos *<\/li><li>Isofenphos<\/li><li>Isoprocarb *<\/li><li>Kresoxime-methyl<\/li><li>Lindane (HCH-gamma)<\/li><li>Linuron<\/li><li>Lufenuron *<\/li><li>Malathion<\/li><li>Mandipropamide<\/li><li>Mepanipyrim<\/li><li>Metalaxyl<\/li><li>Metconazole *<\/li><li>Methamidophos<\/li><li>Methidathion<\/li><li>Methiocarb<\/li><li>Methomyl *<\/li><li>Methoxychlor *<\/li><li>Methoxyphenozide<\/li><li>Metobromuron *<\/li><li>Metribuzin *<\/li><li>Myclobutanil<\/li><li>Omethoate *<\/li><li>Oxadixyl<\/li><li>Oxamyl-Oxime *<\/li><li>Paclobutrazole *<\/li><li>Parathion<\/li><li>Parathion methyl<\/li><li>Penconazole<\/li><li>Pencycuron<\/li><li>Pendimethalin<\/li><li>Permethrine<\/li><li>Phenthoate *<\/li><li>Phosalone<\/li><li>Phosmet<\/li><li>Phoxim *<\/li><li>Piperonyl_butoxide *<\/li><li>Pirimicarb<\/li><li>Pirimiphos methyl<\/li><li>Prochloraz<\/li><li>Procymidone<\/li><li>Profenofos *<\/li><li>Propamocarb *<\/li><li>Propargite<\/li><li>Propiconazole *<\/li><li>Propoxur *<\/li><li>Propyzamide *<\/li><li>Prothioconazole-desthio *<\/li><li>Prothiophos *<\/li><li>Pymetrozine *<\/li><li>Pyraclostrobin<\/li><li>Pyrethrins *<\/li><li>Pyridaben<\/li><li>Pyridate *<\/li><li>Pyrimethanil<\/li><li>Pyriproxyfen<\/li><li>Quinoxyfen *<\/li><li>Rotenone *<\/li><li>Spinosad<\/li><li>Spirodiclofen *<\/li><li>Spiromesifen *<\/li><li>Spiroxamine<\/li><li>Tau-Fluvalinate *<\/li><li>Tebuconazole<\/li><li>Tebufenozide *<\/li><li>Tebufenpyrad<\/li><li>Teflubenzuron *<\/li><li>Tefluthrin *<\/li><li>Terbufos<\/li><li>Terbuthylazine *<\/li><li>Tetraconazole *<\/li><li>Tetradifon<\/li><li>Tetramethrin *<\/li><li>Thiabendazole<\/li><li>Thiacloprid<\/li><li>Thiamethoxam *<\/li><li>Thiophanate - Methyl *<\/li><li>Tolclofos-methyl<\/li><li>Tolylfluanide<\/li><li>Triadimefon<\/li><li>Triadimenol *<\/li><li>Triazophos *<\/li><li>Trichlorophone *<\/li><li>Trifloxystrobin<\/li><li>Triflumizole *<\/li><li>Triflumuron *<\/li><li>Trifluralin *<\/li><li>Triticonazole *<\/li><li>Vinclozoline<\/li><li>Zoxamide *<\/li><\/ul>","protected":false},"excerpt":{"rendered":"<p>*Stj\u00f6rnumerktar m\u00e6lingar hafa ekki hloti\u00f0 faggildingu samkv\u00e6mt sta\u00f0linum ISO 17025 2-Phenylphenol Acephate Acetamiprid Aclonifen* Acrinathrin* Aldrin Amitraz Avermectin* Azinphos-methyl Azoxystrobin [&hellip;]<\/p>\n","protected":false},"author":4,"featured_media":28715,"parent":62,"menu_order":-6,"comment_status":"closed","ping_status":"closed","template":"templates\/template-cover.php","meta":{"_acf_changed":false,"_uag_custom_page_level_css":"","site-sidebar-layout":"default","site-content-layout":"","ast-site-content-layout":"default","site-content-style":"default","site-sidebar-style":"default","ast-global-header-display":"","ast-banner-title-visibility":"","ast-main-header-display":"","ast-hfb-above-header-display":"","ast-hfb-below-header-display":"","ast-hfb-mobile-header-display":"","site-post-title":"","ast-breadcrumbs-content":"","ast-featured-img":"","footer-sml-layout":"","ast-disable-related-posts":"","theme-transparent-header-meta":"","adv-header-id-meta":"","stick-header-meta":"","header-above-stick-meta":"","header-main-stick-meta":"","header-below-stick-meta":"","astra-migrate-meta-layouts":"default","ast-page-background-enabled":"default","ast-page-background-meta":{"desktop":{"background-color":"var(--ast-global-color-5)","background-image":"","background-repeat":"repeat","background-position":"center center","background-size":"auto","background-attachment":"scroll","background-type":"","background-media":"","overlay-type":"","overlay-color":"","overlay-opacity":"","overlay-gradient":""},"tablet":{"background-color":"","background-image":"","background-repeat":"repeat","background-position":"center center","background-size":"auto","background-attachment":"scroll","background-type":"","background-media":"","overlay-type":"","overlay-color":"","overlay-opacity":"","overlay-gradient":""},"mobile":{"background-color":"","background-image":"","background-repeat":"repeat","background-position":"center center","background-size":"auto","background-attachment":"scroll","background-type":"","background-media":"","overlay-type":"","overlay-color":"","overlay-opacity":"","overlay-gradient":""}},"ast-content-background-meta":{"desktop":{"background-color":"var(--ast-global-color-4)","background-image":"","background-repeat":"repeat","background-position":"center center","background-size":"auto","background-attachment":"scroll","background-type":"","background-media":"","overlay-type":"","overlay-color":"","overlay-opacity":"","overlay-gradient":""},"tablet":{"background-color":"var(--ast-global-color-4)","background-image":"","background-repeat":"repeat","background-position":"center center","background-size":"auto","background-attachment":"scroll","background-type":"","background-media":"","overlay-type":"","overlay-color":"","overlay-opacity":"","overlay-gradient":""},"mobile":{"background-color":"var(--ast-global-color-4)","background-image":"","background-repeat":"repeat","background-position":"center center","background-size":"auto","background-attachment":"scroll","background-type":"","background-media":"","overlay-type":"","overlay-color":"","overlay-opacity":"","overlay-gradient":""}},"footnotes":""},"class_list":["post-33283","page","type-page","status-publish","has-post-thumbnail","hentry"],"acf":[],"yoast_head":"<!-- This site is optimized with the Yoast SEO plugin v27.2 - https:\/\/yoast.com\/product\/yoast-seo-wordpress\/ -->\n<title>Varnarefnam\u00e6lingar - Mat\u00eds<\/title>\n<meta name=\"robots\" content=\"index, follow, max-snippet:-1, max-image-preview:large, max-video-preview:-1\" \/>\n<link rel=\"canonical\" href=\"https:\/\/matis.is\/en\/maelingar-og-thjonusta\/efnamaelingar\/varnarefnamaelingar\/\" \/>\n<meta property=\"og:locale\" content=\"en_GB\" \/>\n<meta property=\"og:type\" content=\"article\" \/>\n<meta property=\"og:title\" content=\"Varnarefnam\u00e6lingar - Mat\u00eds\" \/>\n<meta property=\"og:description\" content=\"*Stj\u00f6rnumerktar m\u00e6lingar hafa ekki hloti\u00f0 faggildingu samkv\u00e6mt sta\u00f0linum ISO 17025 2-Phenylphenol Acephate Acetamiprid Aclonifen* Acrinathrin* Aldrin Amitraz Avermectin* Azinphos-methyl Azoxystrobin [&hellip;]\" \/>\n<meta property=\"og:url\" content=\"https:\/\/matis.is\/en\/maelingar-og-thjonusta\/efnamaelingar\/varnarefnamaelingar\/\" \/>\n<meta property=\"og:site_name\" content=\"Mat\u00eds\" \/>\n<meta property=\"article:publisher\" content=\"https:\/\/www.facebook.com\/matisiceland\" \/>\n<meta property=\"article:modified_time\" content=\"2021-03-12T13:35:05+00:00\" \/>\n<meta property=\"og:image\" content=\"https:\/\/matis.is\/wp-content\/uploads\/2020\/10\/Starfsmadur_ad_stofum_6-scaled.jpg\" \/>\n\t<meta property=\"og:image:width\" content=\"1707\" \/>\n\t<meta property=\"og:image:height\" content=\"2560\" \/>\n\t<meta property=\"og:image:type\" content=\"image\/jpeg\" \/>\n<meta name=\"twitter:card\" content=\"summary_large_image\" \/>\n<meta name=\"twitter:site\" content=\"@matisiceland\" \/>\n<meta name=\"twitter:label1\" content=\"Estimated reading time\" \/>\n\t<meta name=\"twitter:data1\" content=\"1 minute\" \/>\n<script type=\"application\/ld+json\" class=\"yoast-schema-graph\">{\"@context\":\"https:\/\/schema.org\",\"@graph\":[{\"@type\":\"WebPage\",\"@id\":\"https:\/\/matis.is\/maelingar-og-thjonusta\/efnamaelingar\/varnarefnamaelingar\/\",\"url\":\"https:\/\/matis.is\/maelingar-og-thjonusta\/efnamaelingar\/varnarefnamaelingar\/\",\"name\":\"Varnarefnam\u00e6lingar - Mat\u00eds\",\"isPartOf\":{\"@id\":\"https:\/\/matis.is\/#website\"},\"primaryImageOfPage\":{\"@id\":\"https:\/\/matis.is\/maelingar-og-thjonusta\/efnamaelingar\/varnarefnamaelingar\/#primaryimage\"},\"image\":{\"@id\":\"https:\/\/matis.is\/maelingar-og-thjonusta\/efnamaelingar\/varnarefnamaelingar\/#primaryimage\"},\"thumbnailUrl\":\"https:\/\/matis.is\/wp-content\/uploads\/2020\/10\/Starfsmadur_ad_stofum_6-scaled.jpg\",\"datePublished\":\"2020-12-08T15:36:45+00:00\",\"dateModified\":\"2021-03-12T13:35:05+00:00\",\"breadcrumb\":{\"@id\":\"https:\/\/matis.is\/maelingar-og-thjonusta\/efnamaelingar\/varnarefnamaelingar\/#breadcrumb\"},\"inLanguage\":\"en-GB\",\"potentialAction\":[{\"@type\":\"ReadAction\",\"target\":[\"https:\/\/matis.is\/maelingar-og-thjonusta\/efnamaelingar\/varnarefnamaelingar\/\"]}]},{\"@type\":\"ImageObject\",\"inLanguage\":\"en-GB\",\"@id\":\"https:\/\/matis.is\/maelingar-og-thjonusta\/efnamaelingar\/varnarefnamaelingar\/#primaryimage\",\"url\":\"https:\/\/matis.is\/wp-content\/uploads\/2020\/10\/Starfsmadur_ad_stofum_6-scaled.jpg\",\"contentUrl\":\"https:\/\/matis.is\/wp-content\/uploads\/2020\/10\/Starfsmadur_ad_stofum_6-scaled.jpg\",\"width\":1707,\"height\":2560},{\"@type\":\"BreadcrumbList\",\"@id\":\"https:\/\/matis.is\/maelingar-og-thjonusta\/efnamaelingar\/varnarefnamaelingar\/#breadcrumb\",\"itemListElement\":[{\"@type\":\"ListItem\",\"position\":1,\"name\":\"Home\",\"item\":\"https:\/\/matis.is\/\"},{\"@type\":\"ListItem\",\"position\":2,\"name\":\"M\u00e6lingar og \u00fej\u00f3nusta\",\"item\":\"https:\/\/matis.is\/maelingar-og-thjonusta\/\"},{\"@type\":\"ListItem\",\"position\":3,\"name\":\"Efnam\u00e6lingar\",\"item\":\"https:\/\/matis.is\/maelingar-og-thjonusta\/efnamaelingar\/\"},{\"@type\":\"ListItem\",\"position\":4,\"name\":\"Varnarefnam\u00e6lingar\"}]},{\"@type\":\"WebSite\",\"@id\":\"https:\/\/matis.is\/#website\",\"url\":\"https:\/\/matis.is\/\",\"name\":\"Mat\u00eds\",\"description\":\"Ver\u00f0m\u00e6task\u00f6pun, matv\u00e6la\u00f6ryggi og l\u00fd\u00f0heilsa\",\"publisher\":{\"@id\":\"https:\/\/matis.is\/#organization\"},\"potentialAction\":[{\"@type\":\"SearchAction\",\"target\":{\"@type\":\"EntryPoint\",\"urlTemplate\":\"https:\/\/matis.is\/?s={search_term_string}\"},\"query-input\":{\"@type\":\"PropertyValueSpecification\",\"valueRequired\":true,\"valueName\":\"search_term_string\"}}],\"inLanguage\":\"en-GB\"},{\"@type\":\"Organization\",\"@id\":\"https:\/\/matis.is\/#organization\",\"name\":\"Mat\u00eds ohf.\",\"url\":\"https:\/\/matis.is\/\",\"logo\":{\"@type\":\"ImageObject\",\"inLanguage\":\"en-GB\",\"@id\":\"https:\/\/matis.is\/#\/schema\/logo\/image\/\",\"url\":\"https:\/\/matis.is\/wp-content\/uploads\/2021\/02\/matis_logo_blatthvitt.png\",\"contentUrl\":\"https:\/\/matis.is\/wp-content\/uploads\/2021\/02\/matis_logo_blatthvitt.png\",\"width\":1507,\"height\":1507,\"caption\":\"Mat\u00eds ohf.\"},\"image\":{\"@id\":\"https:\/\/matis.is\/#\/schema\/logo\/image\/\"},\"sameAs\":[\"https:\/\/www.facebook.com\/matisiceland\",\"https:\/\/x.com\/matisiceland\",\"https:\/\/www.instagram.com\/matisiceland\/\",\"https:\/\/www.linkedin.com\/matisiceland\/\",\"https:\/\/www.youtube.com\/channel\/UCY-frt3uTqgVZW-DLjoo5bA\"]}]}<\/script>\n<!-- \/ Yoast SEO plugin. -->","yoast_head_json":{"title":"Pesticide measurements - Mat\u00eds","robots":{"index":"index","follow":"follow","max-snippet":"max-snippet:-1","max-image-preview":"max-image-preview:large","max-video-preview":"max-video-preview:-1"},"canonical":"https:\/\/matis.is\/en\/maelingar-og-thjonusta\/efnamaelingar\/varnarefnamaelingar\/","og_locale":"en_GB","og_type":"article","og_title":"Varnarefnam\u00e6lingar - Mat\u00eds","og_description":"*Stj\u00f6rnumerktar m\u00e6lingar hafa ekki hloti\u00f0 faggildingu samkv\u00e6mt sta\u00f0linum ISO 17025 2-Phenylphenol Acephate Acetamiprid Aclonifen* Acrinathrin* Aldrin Amitraz Avermectin* Azinphos-methyl Azoxystrobin [&hellip;]","og_url":"https:\/\/matis.is\/en\/maelingar-og-thjonusta\/efnamaelingar\/varnarefnamaelingar\/","og_site_name":"Mat\u00eds","article_publisher":"https:\/\/www.facebook.com\/matisiceland","article_modified_time":"2021-03-12T13:35:05+00:00","og_image":[{"width":1707,"height":2560,"url":"https:\/\/matis.is\/wp-content\/uploads\/2020\/10\/Starfsmadur_ad_stofum_6-scaled.jpg","type":"image\/jpeg"}],"twitter_card":"summary_large_image","twitter_site":"@matisiceland","twitter_misc":{"Estimated reading time":"1 minute"},"schema":{"@context":"https:\/\/schema.org","@graph":[{"@type":"WebPage","@id":"https:\/\/matis.is\/maelingar-og-thjonusta\/efnamaelingar\/varnarefnamaelingar\/","url":"https:\/\/matis.is\/maelingar-og-thjonusta\/efnamaelingar\/varnarefnamaelingar\/","name":"Pesticide measurements - Mat\u00eds","isPartOf":{"@id":"https:\/\/matis.is\/#website"},"primaryImageOfPage":{"@id":"https:\/\/matis.is\/maelingar-og-thjonusta\/efnamaelingar\/varnarefnamaelingar\/#primaryimage"},"image":{"@id":"https:\/\/matis.is\/maelingar-og-thjonusta\/efnamaelingar\/varnarefnamaelingar\/#primaryimage"},"thumbnailUrl":"https:\/\/matis.is\/wp-content\/uploads\/2020\/10\/Starfsmadur_ad_stofum_6-scaled.jpg","datePublished":"2020-12-08T15:36:45+00:00","dateModified":"2021-03-12T13:35:05+00:00","breadcrumb":{"@id":"https:\/\/matis.is\/maelingar-og-thjonusta\/efnamaelingar\/varnarefnamaelingar\/#breadcrumb"},"inLanguage":"en-GB","potentialAction":[{"@type":"ReadAction","target":["https:\/\/matis.is\/maelingar-og-thjonusta\/efnamaelingar\/varnarefnamaelingar\/"]}]},{"@type":"ImageObject","inLanguage":"en-GB","@id":"https:\/\/matis.is\/maelingar-og-thjonusta\/efnamaelingar\/varnarefnamaelingar\/#primaryimage","url":"https:\/\/matis.is\/wp-content\/uploads\/2020\/10\/Starfsmadur_ad_stofum_6-scaled.jpg","contentUrl":"https:\/\/matis.is\/wp-content\/uploads\/2020\/10\/Starfsmadur_ad_stofum_6-scaled.jpg","width":1707,"height":2560},{"@type":"BreadcrumbList","@id":"https:\/\/matis.is\/maelingar-og-thjonusta\/efnamaelingar\/varnarefnamaelingar\/#breadcrumb","itemListElement":[{"@type":"ListItem","position":1,"name":"Home","item":"https:\/\/matis.is\/"},{"@type":"ListItem","position":2,"name":"M\u00e6lingar og \u00fej\u00f3nusta","item":"https:\/\/matis.is\/maelingar-og-thjonusta\/"},{"@type":"ListItem","position":3,"name":"Efnam\u00e6lingar","item":"https:\/\/matis.is\/maelingar-og-thjonusta\/efnamaelingar\/"},{"@type":"ListItem","position":4,"name":"Varnarefnam\u00e6lingar"}]},{"@type":"WebSite","@id":"https:\/\/matis.is\/#website","url":"https:\/\/matis.is\/","name":"Mat\u00eds","description":"Value creation, food security and public health","publisher":{"@id":"https:\/\/matis.is\/#organization"},"potentialAction":[{"@type":"SearchAction","target":{"@type":"EntryPoint","urlTemplate":"https:\/\/matis.is\/?s={search_term_string}"},"query-input":{"@type":"PropertyValueSpecification","valueRequired":true,"valueName":"search_term_string"}}],"inLanguage":"en-GB"},{"@type":"Organization","@id":"https:\/\/matis.is\/#organization","name":"Mat\u00eds ohf.","url":"https:\/\/matis.is\/","logo":{"@type":"ImageObject","inLanguage":"en-GB","@id":"https:\/\/matis.is\/#\/schema\/logo\/image\/","url":"https:\/\/matis.is\/wp-content\/uploads\/2021\/02\/matis_logo_blatthvitt.png","contentUrl":"https:\/\/matis.is\/wp-content\/uploads\/2021\/02\/matis_logo_blatthvitt.png","width":1507,"height":1507,"caption":"Mat\u00eds ohf."},"image":{"@id":"https:\/\/matis.is\/#\/schema\/logo\/image\/"},"sameAs":["https:\/\/www.facebook.com\/matisiceland","https:\/\/x.com\/matisiceland","https:\/\/www.instagram.com\/matisiceland\/","https:\/\/www.linkedin.com\/matisiceland\/","https:\/\/www.youtube.com\/channel\/UCY-frt3uTqgVZW-DLjoo5bA"]}]}},"spectra_custom_meta":{"_edit_lock":["1615556160:4"],"_wp_page_template":["templates\/template-cover.php"],"_edit_last":["4"],"valmynd_a_undirsidu":["1"],"_valmynd_a_undirsidu":["field_5f9970348837c"],"undirvalmynd_a_parentsidu":["0"],"_undirvalmynd_a_parentsidu":["field_5f9addfe68a79"],"tengilidur":["28318"],"_tengilidur":["field_6049ffdfb61fb"],"_thumbnail_id":["28715"],"_yoast_wpseo_content_score":["60"],"_yoast_wpseo_estimated-reading-time-minutes":["1"],"_uag_css_file_name":["uag-css-33283.css"],"_uag_page_assets":["a:9:{s:3:\"css\";s:0:\"\";s:2:\"js\";s:0:\"\";s:18:\"current_block_list\";a:7:{i:0;s:12:\"core\/heading\";i:1;s:9:\"core\/list\";i:2;s:12:\"core\/buttons\";i:3;s:11:\"core\/button\";i:4;s:12:\"core\/columns\";i:5;s:11:\"core\/column\";i:6;s:14:\"core\/paragraph\";}s:8:\"uag_flag\";b:0;s:11:\"uag_version\";s:10:\"1774608973\";s:6:\"gfonts\";a:0:{}s:10:\"gfonts_url\";s:0:\"\";s:12:\"gfonts_files\";a:0:{}s:14:\"uag_faq_layout\";b:0;}"]},"uagb_featured_image_src":{"full":["https:\/\/matis.is\/wp-content\/uploads\/2020\/10\/Starfsmadur_ad_stofum_6-scaled.jpg",1707,2560,false],"thumbnail":["https:\/\/matis.is\/wp-content\/uploads\/2020\/10\/Starfsmadur_ad_stofum_6-150x150.jpg",150,150,true],"medium":["https:\/\/matis.is\/wp-content\/uploads\/2020\/10\/Starfsmadur_ad_stofum_6-200x300.jpg",200,300,true],"medium_large":["https:\/\/matis.is\/wp-content\/uploads\/2020\/10\/Starfsmadur_ad_stofum_6-768x1152.jpg",768,1152,true],"large":["https:\/\/matis.is\/wp-content\/uploads\/2020\/10\/Starfsmadur_ad_stofum_6-683x1024.jpg",683,1024,true],"1536x1536":["https:\/\/matis.is\/wp-content\/uploads\/2020\/10\/Starfsmadur_ad_stofum_6-1024x1536.jpg",1024,1536,true],"2048x2048":["https:\/\/matis.is\/wp-content\/uploads\/2020\/10\/Starfsmadur_ad_stofum_6-1365x2048.jpg",1365,2048,true],"trp-custom-language-flag":["https:\/\/matis.is\/wp-content\/uploads\/2020\/10\/Starfsmadur_ad_stofum_6-scaled.jpg",8,12,false]},"uagb_author_info":{"display_name":"\u00cdsey D\u00eds H\u00e1varsd\u00f3ttir","author_link":"https:\/\/matis.is\/en\/author\/iseymatis-is\/"},"uagb_comment_info":0,"uagb_excerpt":"*Stj\u00f6rnumerktar m\u00e6lingar hafa ekki hloti\u00f0 faggildingu samkv\u00e6mt sta\u00f0linum ISO 17025 2-Phenylphenol Acephate Acetamiprid Aclonifen* Acrinathrin* Aldrin Amitraz Avermectin* Azinphos-methyl Azoxystrobin [&hellip;]","_links":{"self":[{"href":"https:\/\/matis.is\/en\/wp-json\/wp\/v2\/pages\/33283","targetHints":{"allow":["GET"]}}],"collection":[{"href":"https:\/\/matis.is\/en\/wp-json\/wp\/v2\/pages"}],"about":[{"href":"https:\/\/matis.is\/en\/wp-json\/wp\/v2\/types\/page"}],"author":[{"embeddable":true,"href":"https:\/\/matis.is\/en\/wp-json\/wp\/v2\/users\/4"}],"replies":[{"embeddable":true,"href":"https:\/\/matis.is\/en\/wp-json\/wp\/v2\/comments?post=33283"}],"version-history":[{"count":0,"href":"https:\/\/matis.is\/en\/wp-json\/wp\/v2\/pages\/33283\/revisions"}],"up":[{"embeddable":true,"href":"https:\/\/matis.is\/en\/wp-json\/wp\/v2\/pages\/62"}],"wp:featuredmedia":[{"embeddable":true,"href":"https:\/\/matis.is\/en\/wp-json\/wp\/v2\/media\/28715"}],"wp:attachment":[{"href":"https:\/\/matis.is\/en\/wp-json\/wp\/v2\/media?parent=33283"}],"curies":[{"name":"wp","href":"https:\/\/api.w.org\/{rel}","templated":true}]}}