{"id":33297,"date":"2020-12-08T16:00:52","date_gmt":"2020-12-08T16:00:52","guid":{"rendered":"https:\/\/new.matis.is\/?page_id=33297"},"modified":"2026-02-12T13:24:58","modified_gmt":"2026-02-12T13:24:58","slug":"skynmat","status":"publish","type":"page","link":"https:\/\/matis.is\/en\/maelingar-og-thjonusta\/skynmat\/","title":{"rendered":"Sensory Evaluation"},"content":{"rendered":"<h2 class=\"wp-block-heading\">What do people think of your product?<\/h2>\n\n\n\n<h4 class=\"wp-block-heading\">Sensory evaluation is a systematic evaluation of the smell, taste, appearance and texture of food. In sensory evaluation, the human senses, i.e. visual, olfactory, taste, hearing and touch senses used to assess food quality. Sensory evaluation in the Icelandic food industry has been conducted in an organized manner; especially as a factor in quality control. The fishing industry, meat processing and the dairy industry have made the most of these methods. Sensory evaluation in the Icelandic fishing industry has a rich tradition. Previously, all fish was evaluated for freshness and priced accordingly.<\/h4>\n\n\n\n<p><strong>An essential element of quality control<\/strong><\/p>\n\n\n\n<p>The need for organized sensory evaluation of raw materials in the purchase of raw materials and production and evaluation of products is growing both due to the demands of buyers abroad and not least due to the fact that food companies are adopting quality management. Systematic methods of sensory evaluation and recording of sensory evaluation results on raw materials, production and products are an essential part of quality control.<br><br>Milk and dairy products are a sensitive product and the use of sensory evaluation in quality control has a rich tradition. All meat in slaughterhouses is evaluated in quality categories according to construction type, meat filling and fat. For each type of meat, there are special rules for quality assessment. This assessment is first and foremost a visual and contact assessment of the meat assessor, even though he has a device such as a fat meter to rely on.<\/p>\n\n\n\n<h4 class=\"wp-block-heading\">An important part of Mat\u00eds&#039; operations<\/h4>\n\n\n\n<p>Sensory evaluation is an important part of Mat\u00eds&#039; operations and is mainly used in quality control and product development at Icelandic food companies. For many years, Mat\u00eds has assisted companies in developing sensory evaluation, provided advice in sensory evaluation and carried out shelf life research in cases where sensory evaluation is a very important factor.<\/p>\n\n\n\n<p>Sensory evaluation has been used in various research projects, both domestic and foreign. Mat\u00eds&#039; staff has provided theoretical and practical instruction in sensory assessment at the Department of Food Science at the University of Iceland and at the fisheries department of the University of Akureyri&#039;s resources department. Mat\u00eds&#039; staff has also taught sensory assessment at the United Nations University&#039;s Fisheries Academy since 1998. Mat\u00eds has also held various sensory assessment courses for employees of fish processing companies and other food companies.<\/p>\n\n\n\n<h4 class=\"wp-block-heading\">Perfect facilities at Mat\u00eds<\/h4>\n\n\n\n<p>Mat\u00eds has very perfect sensory assessment facilities, with a special sensory evaluation room with separate booths, perfect lighting and ventilation. There are also good facilities for handling food and preparing samples and this is very useful for seminars and teaching.<\/p>\n\n\n\n<h4 class=\"wp-block-heading\">Development of new methods<\/h4>\n\n\n\n<p>In recent years, work has been done on the development of new sensory evaluation methods, especially for sensory evaluation of whole fish. The method that fish researchers in Europe agree will be most suitable for fresh fish food is the so-called QIM quality factor method. This method is very suitable for teaching and training and coordination of assessments and it should be noted that in 2003 all fish market staff in this country were trained in this method.<\/p>\n\n\n\n<p>Mat\u00eds is a partner in QIM-EUROFISH, which works to harmonize sensory assessment methods for fish. Finally, Mat\u00eds also participates in the European Sensory Network, which is a collaborative platform for universities, institutions and companies in Europe in the field of sensory assessment.<\/p>","protected":false},"excerpt":{"rendered":"<p>Hva\u00f0 finnst f\u00f3lki um v\u00f6runa \u00fe\u00edna? Skynmat er kerfisbundi\u00f0 mat \u00e1 lykt, brag\u00f0i, \u00fatliti og \u00e1fer\u00f0 matv\u00e6la. \u00cd skynmati eru [&hellip;]<\/p>\n","protected":false},"author":4,"featured_media":33931,"parent":61,"menu_order":4,"comment_status":"closed","ping_status":"closed","template":"","meta":{"_acf_changed":false,"_uag_custom_page_level_css":"","site-sidebar-layout":"right-sidebar","site-content-layout":"","ast-site-content-layout":"normal-width-container","site-content-style":"default","site-sidebar-style":"default","ast-global-header-display":"","ast-banner-title-visibility":"","ast-main-header-display":"","ast-hfb-above-header-display":"","ast-hfb-below-header-display":"","ast-hfb-mobile-header-display":"","site-post-title":"","ast-breadcrumbs-content":"","ast-featured-img":"","footer-sml-layout":"","ast-disable-related-posts":"","theme-transparent-header-meta":"","adv-header-id-meta":"","stick-header-meta":"","header-above-stick-meta":"","header-main-stick-meta":"","header-below-stick-meta":"","astra-migrate-meta-layouts":"default","ast-page-background-enabled":"default","ast-page-background-meta":{"desktop":{"background-color":"var(--ast-global-color-5)","background-image":"","background-repeat":"repeat","background-position":"center center","background-size":"auto","background-attachment":"scroll","background-type":"","background-media":"","overlay-type":"","overlay-color":"","overlay-opacity":"","overlay-gradient":""},"tablet":{"background-color":"","background-image":"","background-repeat":"repeat","background-position":"center center","background-size":"auto","background-attachment":"scroll","background-type":"","background-media":"","overlay-type":"","overlay-color":"","overlay-opacity":"","overlay-gradient":""},"mobile":{"background-color":"","background-image":"","background-repeat":"repeat","background-position":"center center","background-size":"auto","background-attachment":"scroll","background-type":"","background-media":"","overlay-type":"","overlay-color":"","overlay-opacity":"","overlay-gradient":""}},"ast-content-background-meta":{"desktop":{"background-color":"var(--ast-global-color-4)","background-image":"","background-repeat":"repeat","background-position":"center center","background-size":"auto","background-attachment":"scroll","background-type":"","background-media":"","overlay-type":"","overlay-color":"","overlay-opacity":"","overlay-gradient":""},"tablet":{"background-color":"var(--ast-global-color-4)","background-image":"","background-repeat":"repeat","background-position":"center center","background-size":"auto","background-attachment":"scroll","background-type":"","background-media":"","overlay-type":"","overlay-color":"","overlay-opacity":"","overlay-gradient":""},"mobile":{"background-color":"var(--ast-global-color-4)","background-image":"","background-repeat":"repeat","background-position":"center center","background-size":"auto","background-attachment":"scroll","background-type":"","background-media":"","overlay-type":"","overlay-color":"","overlay-opacity":"","overlay-gradient":""}},"footnotes":""},"class_list":["post-33297","page","type-page","status-publish","has-post-thumbnail","hentry"],"acf":[],"yoast_head":"<!-- This site is optimized with the Yoast SEO plugin v27.4 - https:\/\/yoast.com\/product\/yoast-seo-wordpress\/ -->\n<title>Skynmat - Mat\u00eds<\/title>\n<meta name=\"description\" content=\"Skynmat er kerfisbundi\u00f0 mat \u00e1 lykt, brag\u00f0i, \u00fatliti og \u00e1fer\u00f0 matv\u00e6la. \u00cd skynmati eru skynf\u00e6ri mannsins, \u00fe.e. sj\u00f3n-, lyktar-, brag\u00f0-, heyrnar- og snertiskyn notu\u00f0 til a\u00f0 meta g\u00e6\u00f0i matv\u00e6la.\" \/>\n<meta name=\"robots\" content=\"index, follow, max-snippet:-1, max-image-preview:large, max-video-preview:-1\" \/>\n<link rel=\"canonical\" href=\"https:\/\/matis.is\/en\/maelingar-og-thjonusta\/skynmat\/\" \/>\n<meta property=\"og:locale\" content=\"en_GB\" \/>\n<meta property=\"og:type\" content=\"article\" \/>\n<meta property=\"og:title\" content=\"Skynmat - Mat\u00eds\" \/>\n<meta property=\"og:description\" content=\"Skynmat er kerfisbundi\u00f0 mat \u00e1 lykt, brag\u00f0i, \u00fatliti og \u00e1fer\u00f0 matv\u00e6la. \u00cd skynmati eru skynf\u00e6ri mannsins, \u00fe.e. sj\u00f3n-, lyktar-, brag\u00f0-, heyrnar- og snertiskyn notu\u00f0 til a\u00f0 meta g\u00e6\u00f0i matv\u00e6la.\" \/>\n<meta property=\"og:url\" content=\"https:\/\/matis.is\/en\/maelingar-og-thjonusta\/skynmat\/\" \/>\n<meta property=\"og:site_name\" content=\"Mat\u00eds\" \/>\n<meta property=\"article:publisher\" content=\"https:\/\/www.facebook.com\/matisiceland\" \/>\n<meta property=\"article:modified_time\" content=\"2026-02-12T13:24:58+00:00\" \/>\n<meta property=\"og:image\" content=\"https:\/\/matis.is\/wp-content\/uploads\/2021\/01\/Skynmat_NN-smokkun05-minni-e1764844404989.jpg\" \/>\n\t<meta property=\"og:image:width\" content=\"2450\" \/>\n\t<meta property=\"og:image:height\" content=\"1058\" \/>\n\t<meta property=\"og:image:type\" content=\"image\/jpeg\" \/>\n<meta name=\"twitter:card\" content=\"summary_large_image\" \/>\n<meta name=\"twitter:site\" content=\"@matisiceland\" \/>\n<meta name=\"twitter:label1\" content=\"Estimated reading time\" \/>\n\t<meta name=\"twitter:data1\" content=\"3 minutes\" \/>\n<script type=\"application\/ld+json\" class=\"yoast-schema-graph\">{\"@context\":\"https:\\\/\\\/schema.org\",\"@graph\":[{\"@type\":\"WebPage\",\"@id\":\"https:\\\/\\\/matis.is\\\/maelingar-og-thjonusta\\\/skynmat\\\/\",\"url\":\"https:\\\/\\\/matis.is\\\/maelingar-og-thjonusta\\\/skynmat\\\/\",\"name\":\"Skynmat - Mat\u00eds\",\"isPartOf\":{\"@id\":\"https:\\\/\\\/matis.is\\\/#website\"},\"primaryImageOfPage\":{\"@id\":\"https:\\\/\\\/matis.is\\\/maelingar-og-thjonusta\\\/skynmat\\\/#primaryimage\"},\"image\":{\"@id\":\"https:\\\/\\\/matis.is\\\/maelingar-og-thjonusta\\\/skynmat\\\/#primaryimage\"},\"thumbnailUrl\":\"https:\\\/\\\/matis.is\\\/wp-content\\\/uploads\\\/2021\\\/01\\\/Skynmat_NN-smokkun05-minni-e1764844404989.jpg\",\"datePublished\":\"2020-12-08T16:00:52+00:00\",\"dateModified\":\"2026-02-12T13:24:58+00:00\",\"description\":\"Skynmat er kerfisbundi\u00f0 mat \u00e1 lykt, brag\u00f0i, \u00fatliti og \u00e1fer\u00f0 matv\u00e6la. \u00cd skynmati eru skynf\u00e6ri mannsins, \u00fe.e. sj\u00f3n-, lyktar-, brag\u00f0-, heyrnar- og snertiskyn notu\u00f0 til a\u00f0 meta g\u00e6\u00f0i matv\u00e6la.\",\"breadcrumb\":{\"@id\":\"https:\\\/\\\/matis.is\\\/maelingar-og-thjonusta\\\/skynmat\\\/#breadcrumb\"},\"inLanguage\":\"en-GB\",\"potentialAction\":[{\"@type\":\"ReadAction\",\"target\":[\"https:\\\/\\\/matis.is\\\/maelingar-og-thjonusta\\\/skynmat\\\/\"]}]},{\"@type\":\"ImageObject\",\"inLanguage\":\"en-GB\",\"@id\":\"https:\\\/\\\/matis.is\\\/maelingar-og-thjonusta\\\/skynmat\\\/#primaryimage\",\"url\":\"https:\\\/\\\/matis.is\\\/wp-content\\\/uploads\\\/2021\\\/01\\\/Skynmat_NN-smokkun05-minni-e1764844404989.jpg\",\"contentUrl\":\"https:\\\/\\\/matis.is\\\/wp-content\\\/uploads\\\/2021\\\/01\\\/Skynmat_NN-smokkun05-minni-e1764844404989.jpg\",\"width\":2450,\"height\":1058},{\"@type\":\"BreadcrumbList\",\"@id\":\"https:\\\/\\\/matis.is\\\/maelingar-og-thjonusta\\\/skynmat\\\/#breadcrumb\",\"itemListElement\":[{\"@type\":\"ListItem\",\"position\":1,\"name\":\"Home\",\"item\":\"https:\\\/\\\/matis.is\\\/\"},{\"@type\":\"ListItem\",\"position\":2,\"name\":\"M\u00e6lingar og \u00fej\u00f3nusta\",\"item\":\"https:\\\/\\\/matis.is\\\/maelingar-og-thjonusta\\\/\"},{\"@type\":\"ListItem\",\"position\":3,\"name\":\"Skynmat\"}]},{\"@type\":\"WebSite\",\"@id\":\"https:\\\/\\\/matis.is\\\/#website\",\"url\":\"https:\\\/\\\/matis.is\\\/\",\"name\":\"Mat\u00eds\",\"description\":\"Ver\u00f0m\u00e6task\u00f6pun, matv\u00e6la\u00f6ryggi og l\u00fd\u00f0heilsa\",\"publisher\":{\"@id\":\"https:\\\/\\\/matis.is\\\/#organization\"},\"potentialAction\":[{\"@type\":\"SearchAction\",\"target\":{\"@type\":\"EntryPoint\",\"urlTemplate\":\"https:\\\/\\\/matis.is\\\/?s={search_term_string}\"},\"query-input\":{\"@type\":\"PropertyValueSpecification\",\"valueRequired\":true,\"valueName\":\"search_term_string\"}}],\"inLanguage\":\"en-GB\"},{\"@type\":\"Organization\",\"@id\":\"https:\\\/\\\/matis.is\\\/#organization\",\"name\":\"Mat\u00eds ohf.\",\"url\":\"https:\\\/\\\/matis.is\\\/\",\"logo\":{\"@type\":\"ImageObject\",\"inLanguage\":\"en-GB\",\"@id\":\"https:\\\/\\\/matis.is\\\/#\\\/schema\\\/logo\\\/image\\\/\",\"url\":\"https:\\\/\\\/matis.is\\\/wp-content\\\/uploads\\\/2021\\\/02\\\/matis_logo_blatthvitt.png\",\"contentUrl\":\"https:\\\/\\\/matis.is\\\/wp-content\\\/uploads\\\/2021\\\/02\\\/matis_logo_blatthvitt.png\",\"width\":1507,\"height\":1507,\"caption\":\"Mat\u00eds ohf.\"},\"image\":{\"@id\":\"https:\\\/\\\/matis.is\\\/#\\\/schema\\\/logo\\\/image\\\/\"},\"sameAs\":[\"https:\\\/\\\/www.facebook.com\\\/matisiceland\",\"https:\\\/\\\/x.com\\\/matisiceland\",\"https:\\\/\\\/www.instagram.com\\\/matisiceland\\\/\",\"https:\\\/\\\/www.linkedin.com\\\/matisiceland\\\/\",\"https:\\\/\\\/www.youtube.com\\\/channel\\\/UCY-frt3uTqgVZW-DLjoo5bA\"]}]}<\/script>\n<!-- \/ Yoast SEO plugin. -->","yoast_head_json":{"title":"Sensory food - Mat\u00eds","description":"Sensory evaluation is a systematic evaluation of the smell, taste, appearance and texture of food. In sensory evaluation, the human senses, i.e. visual, olfactory, taste, hearing and touch senses used to assess food quality.","robots":{"index":"index","follow":"follow","max-snippet":"max-snippet:-1","max-image-preview":"max-image-preview:large","max-video-preview":"max-video-preview:-1"},"canonical":"https:\/\/matis.is\/en\/maelingar-og-thjonusta\/skynmat\/","og_locale":"en_GB","og_type":"article","og_title":"Skynmat - Mat\u00eds","og_description":"Skynmat er kerfisbundi\u00f0 mat \u00e1 lykt, brag\u00f0i, \u00fatliti og \u00e1fer\u00f0 matv\u00e6la. \u00cd skynmati eru skynf\u00e6ri mannsins, \u00fe.e. sj\u00f3n-, lyktar-, brag\u00f0-, heyrnar- og snertiskyn notu\u00f0 til a\u00f0 meta g\u00e6\u00f0i matv\u00e6la.","og_url":"https:\/\/matis.is\/en\/maelingar-og-thjonusta\/skynmat\/","og_site_name":"Mat\u00eds","article_publisher":"https:\/\/www.facebook.com\/matisiceland","article_modified_time":"2026-02-12T13:24:58+00:00","og_image":[{"width":2450,"height":1058,"url":"https:\/\/matis.is\/wp-content\/uploads\/2021\/01\/Skynmat_NN-smokkun05-minni-e1764844404989.jpg","type":"image\/jpeg"}],"twitter_card":"summary_large_image","twitter_site":"@matisiceland","twitter_misc":{"Estimated reading time":"3 minutes"},"schema":{"@context":"https:\/\/schema.org","@graph":[{"@type":"WebPage","@id":"https:\/\/matis.is\/maelingar-og-thjonusta\/skynmat\/","url":"https:\/\/matis.is\/maelingar-og-thjonusta\/skynmat\/","name":"Sensory food - Mat\u00eds","isPartOf":{"@id":"https:\/\/matis.is\/#website"},"primaryImageOfPage":{"@id":"https:\/\/matis.is\/maelingar-og-thjonusta\/skynmat\/#primaryimage"},"image":{"@id":"https:\/\/matis.is\/maelingar-og-thjonusta\/skynmat\/#primaryimage"},"thumbnailUrl":"https:\/\/matis.is\/wp-content\/uploads\/2021\/01\/Skynmat_NN-smokkun05-minni-e1764844404989.jpg","datePublished":"2020-12-08T16:00:52+00:00","dateModified":"2026-02-12T13:24:58+00:00","description":"Sensory evaluation is a systematic evaluation of the smell, taste, appearance and texture of food. In sensory evaluation, the human senses, i.e. visual, olfactory, taste, hearing and touch senses used to assess food quality.","breadcrumb":{"@id":"https:\/\/matis.is\/maelingar-og-thjonusta\/skynmat\/#breadcrumb"},"inLanguage":"en-GB","potentialAction":[{"@type":"ReadAction","target":["https:\/\/matis.is\/maelingar-og-thjonusta\/skynmat\/"]}]},{"@type":"ImageObject","inLanguage":"en-GB","@id":"https:\/\/matis.is\/maelingar-og-thjonusta\/skynmat\/#primaryimage","url":"https:\/\/matis.is\/wp-content\/uploads\/2021\/01\/Skynmat_NN-smokkun05-minni-e1764844404989.jpg","contentUrl":"https:\/\/matis.is\/wp-content\/uploads\/2021\/01\/Skynmat_NN-smokkun05-minni-e1764844404989.jpg","width":2450,"height":1058},{"@type":"BreadcrumbList","@id":"https:\/\/matis.is\/maelingar-og-thjonusta\/skynmat\/#breadcrumb","itemListElement":[{"@type":"ListItem","position":1,"name":"Home","item":"https:\/\/matis.is\/"},{"@type":"ListItem","position":2,"name":"M\u00e6lingar og \u00fej\u00f3nusta","item":"https:\/\/matis.is\/maelingar-og-thjonusta\/"},{"@type":"ListItem","position":3,"name":"Skynmat"}]},{"@type":"WebSite","@id":"https:\/\/matis.is\/#website","url":"https:\/\/matis.is\/","name":"Mat\u00eds","description":"Value creation, food security and public health","publisher":{"@id":"https:\/\/matis.is\/#organization"},"potentialAction":[{"@type":"SearchAction","target":{"@type":"EntryPoint","urlTemplate":"https:\/\/matis.is\/?s={search_term_string}"},"query-input":{"@type":"PropertyValueSpecification","valueRequired":true,"valueName":"search_term_string"}}],"inLanguage":"en-GB"},{"@type":"Organization","@id":"https:\/\/matis.is\/#organization","name":"Mat\u00eds ohf.","url":"https:\/\/matis.is\/","logo":{"@type":"ImageObject","inLanguage":"en-GB","@id":"https:\/\/matis.is\/#\/schema\/logo\/image\/","url":"https:\/\/matis.is\/wp-content\/uploads\/2021\/02\/matis_logo_blatthvitt.png","contentUrl":"https:\/\/matis.is\/wp-content\/uploads\/2021\/02\/matis_logo_blatthvitt.png","width":1507,"height":1507,"caption":"Mat\u00eds ohf."},"image":{"@id":"https:\/\/matis.is\/#\/schema\/logo\/image\/"},"sameAs":["https:\/\/www.facebook.com\/matisiceland","https:\/\/x.com\/matisiceland","https:\/\/www.instagram.com\/matisiceland\/","https:\/\/www.linkedin.com\/matisiceland\/","https:\/\/www.youtube.com\/channel\/UCY-frt3uTqgVZW-DLjoo5bA"]}]}},"spectra_custom_meta":{"_edit_lock":["1770975722:1"],"_wp_page_template":["default"],"_edit_last":["1"],"valmynd_a_undirsidu":["1"],"_valmynd_a_undirsidu":["field_5f9970348837c"],"undirvalmynd_a_parentsidu":["0"],"_undirvalmynd_a_parentsidu":["field_5f9addfe68a79"],"tengilidur":["28131"],"_tengilidur":["field_5ef905e0538b2"],"_thumbnail_id":["33931"],"_yoast_wpseo_content_score":["90"],"_yoast_wpseo_estimated-reading-time-minutes":["3"],"_yoast_wpseo_metadesc":["Skynmat er kerfisbundi\u00f0 mat \u00e1 lykt, brag\u00f0i, \u00fatliti og \u00e1fer\u00f0 matv\u00e6la. \u00cd skynmati eru skynf\u00e6ri mannsins, \u00fe.e. sj\u00f3n-, lyktar-, brag\u00f0-, heyrnar- og snertiskyn notu\u00f0 til a\u00f0 meta g\u00e6\u00f0i matv\u00e6la."],"_uag_custom_page_level_css":[""],"site-sidebar-layout":["right-sidebar"],"site-content-layout":[""],"ast-site-content-layout":["normal-width-container"],"site-content-style":["default"],"site-sidebar-style":["default"],"ast-global-header-display":[""],"ast-banner-title-visibility":[""],"ast-main-header-display":[""],"ast-hfb-above-header-display":[""],"ast-hfb-below-header-display":[""],"ast-hfb-mobile-header-display":[""],"site-post-title":[""],"ast-breadcrumbs-content":[""],"ast-featured-img":[""],"footer-sml-layout":[""],"theme-transparent-header-meta":[""],"adv-header-id-meta":[""],"stick-header-meta":[""],"header-above-stick-meta":[""],"header-main-stick-meta":[""],"header-below-stick-meta":[""],"astra-migrate-meta-layouts":["default"],"ast-page-background-enabled":["default"],"ast-page-background-meta":["a:3:{s:7:\"desktop\";a:12:{s:16:\"background-color\";s:25:\"var(--ast-global-color-5)\";s:16:\"background-image\";s:0:\"\";s:17:\"background-repeat\";s:6:\"repeat\";s:19:\"background-position\";s:13:\"center center\";s:15:\"background-size\";s:4:\"auto\";s:21:\"background-attachment\";s:6:\"scroll\";s:15:\"background-type\";s:0:\"\";s:16:\"background-media\";s:0:\"\";s:12:\"overlay-type\";s:0:\"\";s:13:\"overlay-color\";s:0:\"\";s:15:\"overlay-opacity\";s:0:\"\";s:16:\"overlay-gradient\";s:0:\"\";}s:6:\"tablet\";a:12:{s:16:\"background-color\";s:0:\"\";s:16:\"background-image\";s:0:\"\";s:17:\"background-repeat\";s:6:\"repeat\";s:19:\"background-position\";s:13:\"center center\";s:15:\"background-size\";s:4:\"auto\";s:21:\"background-attachment\";s:6:\"scroll\";s:15:\"background-type\";s:0:\"\";s:16:\"background-media\";s:0:\"\";s:12:\"overlay-type\";s:0:\"\";s:13:\"overlay-color\";s:0:\"\";s:15:\"overlay-opacity\";s:0:\"\";s:16:\"overlay-gradient\";s:0:\"\";}s:6:\"mobile\";a:12:{s:16:\"background-color\";s:0:\"\";s:16:\"background-image\";s:0:\"\";s:17:\"background-repeat\";s:6:\"repeat\";s:19:\"background-position\";s:13:\"center center\";s:15:\"background-size\";s:4:\"auto\";s:21:\"background-attachment\";s:6:\"scroll\";s:15:\"background-type\";s:0:\"\";s:16:\"background-media\";s:0:\"\";s:12:\"overlay-type\";s:0:\"\";s:13:\"overlay-color\";s:0:\"\";s:15:\"overlay-opacity\";s:0:\"\";s:16:\"overlay-gradient\";s:0:\"\";}}"],"ast-content-background-meta":["a:3:{s:7:\"desktop\";a:12:{s:16:\"background-color\";s:25:\"var(--ast-global-color-4)\";s:16:\"background-image\";s:0:\"\";s:17:\"background-repeat\";s:6:\"repeat\";s:19:\"background-position\";s:13:\"center center\";s:15:\"background-size\";s:4:\"auto\";s:21:\"background-attachment\";s:6:\"scroll\";s:15:\"background-type\";s:0:\"\";s:16:\"background-media\";s:0:\"\";s:12:\"overlay-type\";s:0:\"\";s:13:\"overlay-color\";s:0:\"\";s:15:\"overlay-opacity\";s:0:\"\";s:16:\"overlay-gradient\";s:0:\"\";}s:6:\"tablet\";a:12:{s:16:\"background-color\";s:25:\"var(--ast-global-color-4)\";s:16:\"background-image\";s:0:\"\";s:17:\"background-repeat\";s:6:\"repeat\";s:19:\"background-position\";s:13:\"center center\";s:15:\"background-size\";s:4:\"auto\";s:21:\"background-attachment\";s:6:\"scroll\";s:15:\"background-type\";s:0:\"\";s:16:\"background-media\";s:0:\"\";s:12:\"overlay-type\";s:0:\"\";s:13:\"overlay-color\";s:0:\"\";s:15:\"overlay-opacity\";s:0:\"\";s:16:\"overlay-gradient\";s:0:\"\";}s:6:\"mobile\";a:12:{s:16:\"background-color\";s:25:\"var(--ast-global-color-4)\";s:16:\"background-image\";s:0:\"\";s:17:\"background-repeat\";s:6:\"repeat\";s:19:\"background-position\";s:13:\"center center\";s:15:\"background-size\";s:4:\"auto\";s:21:\"background-attachment\";s:6:\"scroll\";s:15:\"background-type\";s:0:\"\";s:16:\"background-media\";s:0:\"\";s:12:\"overlay-type\";s:0:\"\";s:13:\"overlay-color\";s:0:\"\";s:15:\"overlay-opacity\";s:0:\"\";s:16:\"overlay-gradient\";s:0:\"\";}}"],"cmplz_hide_cookiebanner":[""],"ilj_blacklistdefinition":["a:0:{}"],"ilj_linkdefinition":["a:0:{}"],"footnotes":[""],"_uag_css_file_name":["uag-css-33297.css"],"_uag_page_assets":["a:9:{s:3:\"css\";s:263:\".uag-blocks-common-selector{z-index:var(--z-index-desktop) !important}@media (max-width: 976px){.uag-blocks-common-selector{z-index:var(--z-index-tablet) !important}}@media (max-width: 767px){.uag-blocks-common-selector{z-index:var(--z-index-mobile) !important}}\n\";s:2:\"js\";s:0:\"\";s:18:\"current_block_list\";a:6:{i:0;s:12:\"core\/heading\";i:1;s:14:\"core\/paragraph\";i:2;s:12:\"core\/buttons\";i:3;s:11:\"core\/button\";i:4;s:12:\"core\/columns\";i:5;s:11:\"core\/column\";}s:8:\"uag_flag\";b:0;s:11:\"uag_version\";s:10:\"1776182148\";s:6:\"gfonts\";a:0:{}s:10:\"gfonts_url\";s:0:\"\";s:12:\"gfonts_files\";a:0:{}s:14:\"uag_faq_layout\";b:0;}"]},"uagb_featured_image_src":{"full":["https:\/\/matis.is\/wp-content\/uploads\/2021\/01\/Skynmat_NN-smokkun05-minni-e1764844404989.jpg",2450,1058,false],"thumbnail":["https:\/\/matis.is\/wp-content\/uploads\/2021\/01\/Skynmat_NN-smokkun05-minni-e1764844404989-150x150.jpg",150,150,true],"medium":["https:\/\/matis.is\/wp-content\/uploads\/2021\/01\/Skynmat_NN-smokkun05-minni-e1764844404989-300x130.jpg",300,130,true],"medium_large":["https:\/\/matis.is\/wp-content\/uploads\/2021\/01\/Skynmat_NN-smokkun05-minni-e1764844404989-768x332.jpg",768,332,true],"large":["https:\/\/matis.is\/wp-content\/uploads\/2021\/01\/Skynmat_NN-smokkun05-minni-e1764844404989-1024x442.jpg",1024,442,true],"1536x1536":["https:\/\/matis.is\/wp-content\/uploads\/2021\/01\/Skynmat_NN-smokkun05-minni-e1764844404989-1536x663.jpg",1536,663,true],"2048x2048":["https:\/\/matis.is\/wp-content\/uploads\/2021\/01\/Skynmat_NN-smokkun05-minni-e1764844404989-2048x884.jpg",2048,884,true],"trp-custom-language-flag":["https:\/\/matis.is\/wp-content\/uploads\/2021\/01\/Skynmat_NN-smokkun05-minni-e1764844404989-18x8.jpg",18,8,true]},"uagb_author_info":{"display_name":"\u00cdsey D\u00eds H\u00e1varsd\u00f3ttir","author_link":"https:\/\/matis.is\/en\/author\/iseymatis-is\/"},"uagb_comment_info":0,"uagb_excerpt":"Hva\u00f0 finnst f\u00f3lki um v\u00f6runa \u00fe\u00edna? Skynmat er kerfisbundi\u00f0 mat \u00e1 lykt, brag\u00f0i, \u00fatliti og \u00e1fer\u00f0 matv\u00e6la. \u00cd skynmati eru [&hellip;]","_links":{"self":[{"href":"https:\/\/matis.is\/en\/wp-json\/wp\/v2\/pages\/33297","targetHints":{"allow":["GET"]}}],"collection":[{"href":"https:\/\/matis.is\/en\/wp-json\/wp\/v2\/pages"}],"about":[{"href":"https:\/\/matis.is\/en\/wp-json\/wp\/v2\/types\/page"}],"author":[{"embeddable":true,"href":"https:\/\/matis.is\/en\/wp-json\/wp\/v2\/users\/4"}],"replies":[{"embeddable":true,"href":"https:\/\/matis.is\/en\/wp-json\/wp\/v2\/comments?post=33297"}],"version-history":[{"count":5,"href":"https:\/\/matis.is\/en\/wp-json\/wp\/v2\/pages\/33297\/revisions"}],"predecessor-version":[{"id":56875,"href":"https:\/\/matis.is\/en\/wp-json\/wp\/v2\/pages\/33297\/revisions\/56875"}],"up":[{"embeddable":true,"href":"https:\/\/matis.is\/en\/wp-json\/wp\/v2\/pages\/61"}],"wp:featuredmedia":[{"embeddable":true,"href":"https:\/\/matis.is\/en\/wp-json\/wp\/v2\/media\/33931"}],"wp:attachment":[{"href":"https:\/\/matis.is\/en\/wp-json\/wp\/v2\/media?parent=33297"}],"curies":[{"name":"wp","href":"https:\/\/api.w.org\/{rel}","templated":true}]}}