{"id":33301,"date":"2020-12-08T16:03:28","date_gmt":"2020-12-08T16:03:28","guid":{"rendered":"https:\/\/new.matis.is\/?page_id=33301"},"modified":"2020-12-08T16:03:29","modified_gmt":"2020-12-08T16:03:29","slug":"adferdir-vid-skynmat","status":"publish","type":"page","link":"https:\/\/matis.is\/en\/maelingar-og-thjonusta\/skynmat\/adferdir-vid-skynmat\/","title":{"rendered":"Methods of sensory evaluation"},"content":{"rendered":"<h4 class=\"wp-block-heading\">Sensory evaluation methods are varied and it depends on the purpose of the sensory evaluation each time which methods are used.<\/h4>\n\n\n\n<p>The methods can be classified in different ways:<br>Tests aimed at determining whether samples are similar or different. Is there a difference between samples?<\/p>\n\n\n\n<p>The most common difference tests are paired differences (ISO-5495),<br>triangle test (ISO-4120), duo-trio test, alignment test (ISO-8587)<\/p>\n\n\n\n<p><strong>Difference test<\/strong>. Are most commonly used when replacing certain materials in production, imitating a product or finding out if further testing is needed. Tests that describe what the difference is and how big it is.<\/p>\n\n\n\n<p><strong>Review exam.<\/strong>&nbsp;For these tests, there is a so-called quality classification where food is classified either by overall quality (grading) or individual factors such as taste, smell or texture. These tests are common in quality control and describe the quality characteristics of food.<\/p>\n\n\n\n<p><strong>Graphic test.<\/strong>&nbsp;Describe the properties of foods and changes in them. The test most commonly used today is QDA (Quantitative Descriptive Analysis), which provides an opportunity to describe all the properties of food, taste, smell, texture and appearance in a quantitative way. Graphic tests are most widely used in product development and research.<\/p>\n\n\n\n<p>There are sensory assessment tests that look for the person&#039;s taste, opinion or belief and are used in consumer surveys.<\/p>\n\n\n\n<p><strong>Hedonic test.<\/strong>&nbsp;They are the most common, but it derives its name from the verb to like something (how do you like the product?) You can also use a paired choice (difference test, where you are asked if the sample is better).<\/p>\n\n\n\n<p>In consumer surveys, it is also common to use frequency tests (how often do you eat the product?)<\/p>","protected":false},"excerpt":{"rendered":"<p>Skynmatsa\u00f0fer\u00f0ir eru margv\u00edslegar og er \u00fea\u00f0 h\u00e1\u00f0 tilgangi skynmatsins hverju sinni hva\u00f0a a\u00f0fer\u00f0ir eru nota\u00f0ar. A\u00f0fer\u00f0irnar m\u00e1 flokka \u00e1 mismunandi [&hellip;]<\/p>\n","protected":false},"author":4,"featured_media":0,"parent":33297,"menu_order":0,"comment_status":"closed","ping_status":"closed","template":"templates\/template-cover.php","meta":{"_acf_changed":false,"_uag_custom_page_level_css":"","site-sidebar-layout":"default","site-content-layout":"","ast-site-content-layout":"default","site-content-style":"default","site-sidebar-style":"default","ast-global-header-display":"","ast-banner-title-visibility":"","ast-main-header-display":"","ast-hfb-above-header-display":"","ast-hfb-below-header-display":"","ast-hfb-mobile-header-display":"","site-post-title":"","ast-breadcrumbs-content":"","ast-featured-img":"","footer-sml-layout":"","ast-disable-related-posts":"","theme-transparent-header-meta":"","adv-header-id-meta":"","stick-header-meta":"","header-above-stick-meta":"","header-main-stick-meta":"","header-below-stick-meta":"","astra-migrate-meta-layouts":"default","ast-page-background-enabled":"default","ast-page-background-meta":{"desktop":{"background-color":"var(--ast-global-color-5)","background-image":"","background-repeat":"repeat","background-position":"center center","background-size":"auto","background-attachment":"scroll","background-type":"","background-media":"","overlay-type":"","overlay-color":"","overlay-opacity":"","overlay-gradient":""},"tablet":{"background-color":"","background-image":"","background-repeat":"repeat","background-position":"center center","background-size":"auto","background-attachment":"scroll","background-type":"","background-media":"","overlay-type":"","overlay-color":"","overlay-opacity":"","overlay-gradient":""},"mobile":{"background-color":"","background-image":"","background-repeat":"repeat","background-position":"center center","background-size":"auto","background-attachment":"scroll","background-type":"","background-media":"","overlay-type":"","overlay-color":"","overlay-opacity":"","overlay-gradient":""}},"ast-content-background-meta":{"desktop":{"background-color":"var(--ast-global-color-4)","background-image":"","background-repeat":"repeat","background-position":"center center","background-size":"auto","background-attachment":"scroll","background-type":"","background-media":"","overlay-type":"","overlay-color":"","overlay-opacity":"","overlay-gradient":""},"tablet":{"background-color":"var(--ast-global-color-4)","background-image":"","background-repeat":"repeat","background-position":"center center","background-size":"auto","background-attachment":"scroll","background-type":"","background-media":"","overlay-type":"","overlay-color":"","overlay-opacity":"","overlay-gradient":""},"mobile":{"background-color":"var(--ast-global-color-4)","background-image":"","background-repeat":"repeat","background-position":"center center","background-size":"auto","background-attachment":"scroll","background-type":"","background-media":"","overlay-type":"","overlay-color":"","overlay-opacity":"","overlay-gradient":""}},"footnotes":""},"class_list":["post-33301","page","type-page","status-publish","hentry"],"acf":[],"yoast_head":"<!-- This site is optimized with the Yoast SEO plugin v27.4 - https:\/\/yoast.com\/product\/yoast-seo-wordpress\/ -->\n<title>A\u00f0fer\u00f0ir vi\u00f0 skynmat - Mat\u00eds<\/title>\n<meta name=\"robots\" content=\"index, follow, max-snippet:-1, max-image-preview:large, max-video-preview:-1\" \/>\n<link rel=\"canonical\" href=\"https:\/\/matis.is\/en\/maelingar-og-thjonusta\/skynmat\/adferdir-vid-skynmat\/\" \/>\n<meta property=\"og:locale\" content=\"en_GB\" \/>\n<meta property=\"og:type\" content=\"article\" \/>\n<meta property=\"og:title\" content=\"A\u00f0fer\u00f0ir vi\u00f0 skynmat - Mat\u00eds\" \/>\n<meta property=\"og:description\" content=\"Skynmatsa\u00f0fer\u00f0ir eru margv\u00edslegar og er \u00fea\u00f0 h\u00e1\u00f0 tilgangi skynmatsins hverju sinni hva\u00f0a a\u00f0fer\u00f0ir eru nota\u00f0ar. A\u00f0fer\u00f0irnar m\u00e1 flokka \u00e1 mismunandi [&hellip;]\" \/>\n<meta property=\"og:url\" content=\"https:\/\/matis.is\/en\/maelingar-og-thjonusta\/skynmat\/adferdir-vid-skynmat\/\" \/>\n<meta property=\"og:site_name\" content=\"Mat\u00eds\" \/>\n<meta property=\"article:publisher\" content=\"https:\/\/www.facebook.com\/matisiceland\" \/>\n<meta property=\"article:modified_time\" content=\"2020-12-08T16:03:29+00:00\" \/>\n<meta name=\"twitter:card\" content=\"summary_large_image\" \/>\n<meta name=\"twitter:site\" content=\"@matisiceland\" \/>\n<meta name=\"twitter:label1\" content=\"Estimated reading time\" \/>\n\t<meta name=\"twitter:data1\" content=\"2 minutes\" \/>\n<script type=\"application\/ld+json\" class=\"yoast-schema-graph\">{\"@context\":\"https:\\\/\\\/schema.org\",\"@graph\":[{\"@type\":\"WebPage\",\"@id\":\"https:\\\/\\\/matis.is\\\/en\\\/maelingar-og-thjonusta\\\/skynmat\\\/adferdir-vid-skynmat\\\/\",\"url\":\"https:\\\/\\\/matis.is\\\/en\\\/maelingar-og-thjonusta\\\/skynmat\\\/adferdir-vid-skynmat\\\/\",\"name\":\"A\u00f0fer\u00f0ir vi\u00f0 skynmat - Mat\u00eds\",\"isPartOf\":{\"@id\":\"https:\\\/\\\/matis.is\\\/#website\"},\"datePublished\":\"2020-12-08T16:03:28+00:00\",\"dateModified\":\"2020-12-08T16:03:29+00:00\",\"breadcrumb\":{\"@id\":\"https:\\\/\\\/matis.is\\\/en\\\/maelingar-og-thjonusta\\\/skynmat\\\/adferdir-vid-skynmat\\\/#breadcrumb\"},\"inLanguage\":\"en-GB\",\"potentialAction\":[{\"@type\":\"ReadAction\",\"target\":[\"https:\\\/\\\/matis.is\\\/en\\\/maelingar-og-thjonusta\\\/skynmat\\\/adferdir-vid-skynmat\\\/\"]}]},{\"@type\":\"BreadcrumbList\",\"@id\":\"https:\\\/\\\/matis.is\\\/en\\\/maelingar-og-thjonusta\\\/skynmat\\\/adferdir-vid-skynmat\\\/#breadcrumb\",\"itemListElement\":[{\"@type\":\"ListItem\",\"position\":1,\"name\":\"Home\",\"item\":\"https:\\\/\\\/matis.is\\\/\"},{\"@type\":\"ListItem\",\"position\":2,\"name\":\"M\u00e6lingar og \u00fej\u00f3nusta\",\"item\":\"https:\\\/\\\/matis.is\\\/maelingar-og-thjonusta\\\/\"},{\"@type\":\"ListItem\",\"position\":3,\"name\":\"Skynmat\",\"item\":\"https:\\\/\\\/matis.is\\\/maelingar-og-thjonusta\\\/skynmat\\\/\"},{\"@type\":\"ListItem\",\"position\":4,\"name\":\"A\u00f0fer\u00f0ir vi\u00f0 skynmat\"}]},{\"@type\":\"WebSite\",\"@id\":\"https:\\\/\\\/matis.is\\\/#website\",\"url\":\"https:\\\/\\\/matis.is\\\/\",\"name\":\"Mat\u00eds\",\"description\":\"Ver\u00f0m\u00e6task\u00f6pun, matv\u00e6la\u00f6ryggi og l\u00fd\u00f0heilsa\",\"publisher\":{\"@id\":\"https:\\\/\\\/matis.is\\\/#organization\"},\"potentialAction\":[{\"@type\":\"SearchAction\",\"target\":{\"@type\":\"EntryPoint\",\"urlTemplate\":\"https:\\\/\\\/matis.is\\\/?s={search_term_string}\"},\"query-input\":{\"@type\":\"PropertyValueSpecification\",\"valueRequired\":true,\"valueName\":\"search_term_string\"}}],\"inLanguage\":\"en-GB\"},{\"@type\":\"Organization\",\"@id\":\"https:\\\/\\\/matis.is\\\/#organization\",\"name\":\"Mat\u00eds ohf.\",\"url\":\"https:\\\/\\\/matis.is\\\/\",\"logo\":{\"@type\":\"ImageObject\",\"inLanguage\":\"en-GB\",\"@id\":\"https:\\\/\\\/matis.is\\\/#\\\/schema\\\/logo\\\/image\\\/\",\"url\":\"https:\\\/\\\/matis.is\\\/wp-content\\\/uploads\\\/2021\\\/02\\\/matis_logo_blatthvitt.png\",\"contentUrl\":\"https:\\\/\\\/matis.is\\\/wp-content\\\/uploads\\\/2021\\\/02\\\/matis_logo_blatthvitt.png\",\"width\":1507,\"height\":1507,\"caption\":\"Mat\u00eds ohf.\"},\"image\":{\"@id\":\"https:\\\/\\\/matis.is\\\/#\\\/schema\\\/logo\\\/image\\\/\"},\"sameAs\":[\"https:\\\/\\\/www.facebook.com\\\/matisiceland\",\"https:\\\/\\\/x.com\\\/matisiceland\",\"https:\\\/\\\/www.instagram.com\\\/matisiceland\\\/\",\"https:\\\/\\\/www.linkedin.com\\\/matisiceland\\\/\",\"https:\\\/\\\/www.youtube.com\\\/channel\\\/UCY-frt3uTqgVZW-DLjoo5bA\"]}]}<\/script>\n<!-- \/ Yoast SEO plugin. -->","yoast_head_json":{"title":"Methods of sensory evaluation - Mat\u00eds","robots":{"index":"index","follow":"follow","max-snippet":"max-snippet:-1","max-image-preview":"max-image-preview:large","max-video-preview":"max-video-preview:-1"},"canonical":"https:\/\/matis.is\/en\/maelingar-og-thjonusta\/skynmat\/adferdir-vid-skynmat\/","og_locale":"en_GB","og_type":"article","og_title":"A\u00f0fer\u00f0ir vi\u00f0 skynmat - Mat\u00eds","og_description":"Skynmatsa\u00f0fer\u00f0ir eru margv\u00edslegar og er \u00fea\u00f0 h\u00e1\u00f0 tilgangi skynmatsins hverju sinni hva\u00f0a a\u00f0fer\u00f0ir eru nota\u00f0ar. A\u00f0fer\u00f0irnar m\u00e1 flokka \u00e1 mismunandi [&hellip;]","og_url":"https:\/\/matis.is\/en\/maelingar-og-thjonusta\/skynmat\/adferdir-vid-skynmat\/","og_site_name":"Mat\u00eds","article_publisher":"https:\/\/www.facebook.com\/matisiceland","article_modified_time":"2020-12-08T16:03:29+00:00","twitter_card":"summary_large_image","twitter_site":"@matisiceland","twitter_misc":{"Estimated reading time":"2 minutes"},"schema":{"@context":"https:\/\/schema.org","@graph":[{"@type":"WebPage","@id":"https:\/\/matis.is\/en\/maelingar-og-thjonusta\/skynmat\/adferdir-vid-skynmat\/","url":"https:\/\/matis.is\/en\/maelingar-og-thjonusta\/skynmat\/adferdir-vid-skynmat\/","name":"Methods of sensory evaluation - Mat\u00eds","isPartOf":{"@id":"https:\/\/matis.is\/#website"},"datePublished":"2020-12-08T16:03:28+00:00","dateModified":"2020-12-08T16:03:29+00:00","breadcrumb":{"@id":"https:\/\/matis.is\/en\/maelingar-og-thjonusta\/skynmat\/adferdir-vid-skynmat\/#breadcrumb"},"inLanguage":"en-GB","potentialAction":[{"@type":"ReadAction","target":["https:\/\/matis.is\/en\/maelingar-og-thjonusta\/skynmat\/adferdir-vid-skynmat\/"]}]},{"@type":"BreadcrumbList","@id":"https:\/\/matis.is\/en\/maelingar-og-thjonusta\/skynmat\/adferdir-vid-skynmat\/#breadcrumb","itemListElement":[{"@type":"ListItem","position":1,"name":"Home","item":"https:\/\/matis.is\/"},{"@type":"ListItem","position":2,"name":"M\u00e6lingar og \u00fej\u00f3nusta","item":"https:\/\/matis.is\/maelingar-og-thjonusta\/"},{"@type":"ListItem","position":3,"name":"Skynmat","item":"https:\/\/matis.is\/maelingar-og-thjonusta\/skynmat\/"},{"@type":"ListItem","position":4,"name":"A\u00f0fer\u00f0ir vi\u00f0 skynmat"}]},{"@type":"WebSite","@id":"https:\/\/matis.is\/#website","url":"https:\/\/matis.is\/","name":"Mat\u00eds","description":"Value creation, food security and public health","publisher":{"@id":"https:\/\/matis.is\/#organization"},"potentialAction":[{"@type":"SearchAction","target":{"@type":"EntryPoint","urlTemplate":"https:\/\/matis.is\/?s={search_term_string}"},"query-input":{"@type":"PropertyValueSpecification","valueRequired":true,"valueName":"search_term_string"}}],"inLanguage":"en-GB"},{"@type":"Organization","@id":"https:\/\/matis.is\/#organization","name":"Mat\u00eds ohf.","url":"https:\/\/matis.is\/","logo":{"@type":"ImageObject","inLanguage":"en-GB","@id":"https:\/\/matis.is\/#\/schema\/logo\/image\/","url":"https:\/\/matis.is\/wp-content\/uploads\/2021\/02\/matis_logo_blatthvitt.png","contentUrl":"https:\/\/matis.is\/wp-content\/uploads\/2021\/02\/matis_logo_blatthvitt.png","width":1507,"height":1507,"caption":"Mat\u00eds ohf."},"image":{"@id":"https:\/\/matis.is\/#\/schema\/logo\/image\/"},"sameAs":["https:\/\/www.facebook.com\/matisiceland","https:\/\/x.com\/matisiceland","https:\/\/www.instagram.com\/matisiceland\/","https:\/\/www.linkedin.com\/matisiceland\/","https:\/\/www.youtube.com\/channel\/UCY-frt3uTqgVZW-DLjoo5bA"]}]}},"spectra_custom_meta":{"_edit_lock":["1607443409:4"],"_wp_page_template":["templates\/template-cover.php"],"_edit_last":["4"],"valmynd_a_undirsidu":["0"],"_valmynd_a_undirsidu":["field_5f9970348837c"],"undirvalmynd_a_parentsidu":["0"],"_undirvalmynd_a_parentsidu":["field_5f9addfe68a79"],"tengilidur":[""],"_tengilidur":["field_5ef905e0538b2"],"_uag_css_file_name":["uag-css-33301.css"],"_uag_page_assets":["a:9:{s:3:\"css\";s:263:\".uag-blocks-common-selector{z-index:var(--z-index-desktop) !important}@media (max-width: 976px){.uag-blocks-common-selector{z-index:var(--z-index-tablet) !important}}@media (max-width: 767px){.uag-blocks-common-selector{z-index:var(--z-index-mobile) !important}}\n\";s:2:\"js\";s:0:\"\";s:18:\"current_block_list\";a:6:{i:0;s:12:\"core\/heading\";i:1;s:14:\"core\/paragraph\";i:2;s:12:\"core\/buttons\";i:3;s:11:\"core\/button\";i:4;s:12:\"core\/columns\";i:5;s:11:\"core\/column\";}s:8:\"uag_flag\";b:0;s:11:\"uag_version\";s:10:\"1776254246\";s:6:\"gfonts\";a:0:{}s:10:\"gfonts_url\";s:0:\"\";s:12:\"gfonts_files\";a:0:{}s:14:\"uag_faq_layout\";b:0;}"]},"uagb_featured_image_src":{"full":false,"thumbnail":false,"medium":false,"medium_large":false,"large":false,"1536x1536":false,"2048x2048":false,"trp-custom-language-flag":false},"uagb_author_info":{"display_name":"\u00cdsey D\u00eds H\u00e1varsd\u00f3ttir","author_link":"https:\/\/matis.is\/en\/author\/iseymatis-is\/"},"uagb_comment_info":0,"uagb_excerpt":"Skynmatsa\u00f0fer\u00f0ir eru margv\u00edslegar og er \u00fea\u00f0 h\u00e1\u00f0 tilgangi skynmatsins hverju sinni hva\u00f0a a\u00f0fer\u00f0ir eru nota\u00f0ar. A\u00f0fer\u00f0irnar m\u00e1 flokka \u00e1 mismunandi [&hellip;]","_links":{"self":[{"href":"https:\/\/matis.is\/en\/wp-json\/wp\/v2\/pages\/33301","targetHints":{"allow":["GET"]}}],"collection":[{"href":"https:\/\/matis.is\/en\/wp-json\/wp\/v2\/pages"}],"about":[{"href":"https:\/\/matis.is\/en\/wp-json\/wp\/v2\/types\/page"}],"author":[{"embeddable":true,"href":"https:\/\/matis.is\/en\/wp-json\/wp\/v2\/users\/4"}],"replies":[{"embeddable":true,"href":"https:\/\/matis.is\/en\/wp-json\/wp\/v2\/comments?post=33301"}],"version-history":[{"count":0,"href":"https:\/\/matis.is\/en\/wp-json\/wp\/v2\/pages\/33301\/revisions"}],"up":[{"embeddable":true,"href":"https:\/\/matis.is\/en\/wp-json\/wp\/v2\/pages\/33297"}],"wp:attachment":[{"href":"https:\/\/matis.is\/en\/wp-json\/wp\/v2\/media?parent=33301"}],"curies":[{"name":"wp","href":"https:\/\/api.w.org\/{rel}","templated":true}]}}