{"id":33311,"date":"2020-12-08T16:16:00","date_gmt":"2020-12-08T16:16:00","guid":{"rendered":"https:\/\/new.matis.is\/?page_id=33311"},"modified":"2024-10-17T12:04:56","modified_gmt":"2024-10-17T12:04:56","slug":"neytendalisti-matis","status":"publish","type":"page","link":"https:\/\/matis.is\/en\/maelingar-og-thjonusta\/skynmat\/neytendalisti-matis\/","title":{"rendered":"Mat\u00eds consumer list"},"content":{"rendered":"<h4 class=\"wp-block-heading\">At Mat\u00eds, various studies are conducted, most of which revolve around food in some way. The purpose of the consumer list is to facilitate Mat\u00eds ohf. to contact people who are interested in participating in research conducted by the company.<\/h4>\n\n\n\n<p>Consumer participation may, for example, include:<\/p>\n\n\n\n<ul class=\"wp-block-list\">\n<li>Focus group work where food-related issues or products that are in development are discussed.<\/li>\n\n\n\n<li>Surveys where participants evaluate products at home.<\/li>\n\n\n\n<li>Opinion polls on food-related issues online.<\/li>\n\n\n\n<li>Surveys or evaluations of products in Mat\u00eds&#039; premises at V\u00ednlandslei\u00f0 12.<\/li>\n<\/ul>\n\n\n\n<p>A participant in a mailing list can at any time request that information about the person in question be removed from the list.<\/p>\n\n\n\n<p>The following factors apply to all Mat\u00eds research:<\/p>\n\n\n\n<ul class=\"wp-block-list\">\n<li>Participants enjoy the utmost confidentiality.<\/li>\n\n\n\n<li>The names of the participants do not appear anywhere in the publication of the result.<\/li>\n\n\n\n<li>Participants are always free to participate in the study in question.<\/li>\n\n\n\n<li>All data will be processed in accordance with the Privacy Act.<\/li>\n<\/ul>\n\n\n\n<h4 class=\"wp-block-heading\">Registration for Mat\u00eds&#039; consumer list<\/h4>\n\n\n\n<div class=\"wp-block-buttons is-layout-flex wp-block-buttons-is-layout-flex\">\n<div class=\"wp-block-button\"><a class=\"wp-block-button__link has-background wp-element-button\" href=\"https:\/\/confirmsubscription.com\/h\/t\/EB6CEF20F58259E4\" style=\"border-radius:0px;background-color:#0139fd\">Registration<\/a><\/div>\n<\/div>\n\n\n\n<p><\/p>","protected":false},"excerpt":{"rendered":"<p>Hj\u00e1 Mat\u00eds eru stunda\u00f0ar \u00fdmsar ranns\u00f3knir sem flestar sn\u00faast um matv\u00e6li \u00e1 einhvern h\u00e1tt.&nbsp;Tilgangur neytendalistans er a\u00f0 au\u00f0velda Mat\u00eds ohf. [&hellip;]<\/p>\n","protected":false},"author":4,"featured_media":0,"parent":33297,"menu_order":0,"comment_status":"closed","ping_status":"closed","template":"templates\/template-cover.php","meta":{"_acf_changed":false,"_uag_custom_page_level_css":"","site-sidebar-layout":"default","site-content-layout":"","ast-site-content-layout":"default","site-content-style":"default","site-sidebar-style":"default","ast-global-header-display":"","ast-banner-title-visibility":"","ast-main-header-display":"","ast-hfb-above-header-display":"","ast-hfb-below-header-display":"","ast-hfb-mobile-header-display":"","site-post-title":"","ast-breadcrumbs-content":"","ast-featured-img":"","footer-sml-layout":"","ast-disable-related-posts":"","theme-transparent-header-meta":"","adv-header-id-meta":"","stick-header-meta":"","header-above-stick-meta":"","header-main-stick-meta":"","header-below-stick-meta":"","astra-migrate-meta-layouts":"default","ast-page-background-enabled":"default","ast-page-background-meta":{"desktop":{"background-color":"var(--ast-global-color-5)","background-image":"","background-repeat":"repeat","background-position":"center center","background-size":"auto","background-attachment":"scroll","background-type":"","background-media":"","overlay-type":"","overlay-color":"","overlay-opacity":"","overlay-gradient":""},"tablet":{"background-color":"","background-image":"","background-repeat":"repeat","background-position":"center center","background-size":"auto","background-attachment":"scroll","background-type":"","background-media":"","overlay-type":"","overlay-color":"","overlay-opacity":"","overlay-gradient":""},"mobile":{"background-color":"","background-image":"","background-repeat":"repeat","background-position":"center center","background-size":"auto","background-attachment":"scroll","background-type":"","background-media":"","overlay-type":"","overlay-color":"","overlay-opacity":"","overlay-gradient":""}},"ast-content-background-meta":{"desktop":{"background-color":"var(--ast-global-color-4)","background-image":"","background-repeat":"repeat","background-position":"center center","background-size":"auto","background-attachment":"scroll","background-type":"","background-media":"","overlay-type":"","overlay-color":"","overlay-opacity":"","overlay-gradient":""},"tablet":{"background-color":"var(--ast-global-color-4)","background-image":"","background-repeat":"repeat","background-position":"center center","background-size":"auto","background-attachment":"scroll","background-type":"","background-media":"","overlay-type":"","overlay-color":"","overlay-opacity":"","overlay-gradient":""},"mobile":{"background-color":"var(--ast-global-color-4)","background-image":"","background-repeat":"repeat","background-position":"center center","background-size":"auto","background-attachment":"scroll","background-type":"","background-media":"","overlay-type":"","overlay-color":"","overlay-opacity":"","overlay-gradient":""}},"footnotes":""},"class_list":["post-33311","page","type-page","status-publish","hentry"],"acf":[],"yoast_head":"<!-- This site is optimized with the Yoast SEO plugin v27.2 - https:\/\/yoast.com\/product\/yoast-seo-wordpress\/ -->\n<title>Neytendalisti Mat\u00eds - Mat\u00eds<\/title>\n<meta name=\"robots\" content=\"index, follow, max-snippet:-1, max-image-preview:large, max-video-preview:-1\" \/>\n<link rel=\"canonical\" href=\"https:\/\/matis.is\/en\/maelingar-og-thjonusta\/skynmat\/neytendalisti-matis\/\" \/>\n<meta property=\"og:locale\" content=\"en_GB\" \/>\n<meta property=\"og:type\" content=\"article\" \/>\n<meta property=\"og:title\" content=\"Neytendalisti Mat\u00eds - Mat\u00eds\" \/>\n<meta property=\"og:description\" content=\"Hj\u00e1 Mat\u00eds eru stunda\u00f0ar \u00fdmsar ranns\u00f3knir sem flestar sn\u00faast um matv\u00e6li \u00e1 einhvern h\u00e1tt.&nbsp;Tilgangur neytendalistans er a\u00f0 au\u00f0velda Mat\u00eds ohf. [&hellip;]\" \/>\n<meta property=\"og:url\" content=\"https:\/\/matis.is\/en\/maelingar-og-thjonusta\/skynmat\/neytendalisti-matis\/\" \/>\n<meta property=\"og:site_name\" content=\"Mat\u00eds\" \/>\n<meta property=\"article:publisher\" content=\"https:\/\/www.facebook.com\/matisiceland\" \/>\n<meta property=\"article:modified_time\" content=\"2024-10-17T12:04:56+00:00\" \/>\n<meta name=\"twitter:card\" content=\"summary_large_image\" \/>\n<meta name=\"twitter:site\" content=\"@matisiceland\" \/>\n<meta name=\"twitter:label1\" content=\"Estimated reading time\" \/>\n\t<meta name=\"twitter:data1\" content=\"1 minute\" \/>\n<script type=\"application\/ld+json\" class=\"yoast-schema-graph\">{\"@context\":\"https:\/\/schema.org\",\"@graph\":[{\"@type\":\"WebPage\",\"@id\":\"https:\/\/matis.is\/maelingar-og-thjonusta\/skynmat\/neytendalisti-matis\/\",\"url\":\"https:\/\/matis.is\/maelingar-og-thjonusta\/skynmat\/neytendalisti-matis\/\",\"name\":\"Neytendalisti Mat\u00eds - Mat\u00eds\",\"isPartOf\":{\"@id\":\"https:\/\/matis.is\/#website\"},\"datePublished\":\"2020-12-08T16:16:00+00:00\",\"dateModified\":\"2024-10-17T12:04:56+00:00\",\"breadcrumb\":{\"@id\":\"https:\/\/matis.is\/maelingar-og-thjonusta\/skynmat\/neytendalisti-matis\/#breadcrumb\"},\"inLanguage\":\"en-GB\",\"potentialAction\":[{\"@type\":\"ReadAction\",\"target\":[\"https:\/\/matis.is\/maelingar-og-thjonusta\/skynmat\/neytendalisti-matis\/\"]}]},{\"@type\":\"BreadcrumbList\",\"@id\":\"https:\/\/matis.is\/maelingar-og-thjonusta\/skynmat\/neytendalisti-matis\/#breadcrumb\",\"itemListElement\":[{\"@type\":\"ListItem\",\"position\":1,\"name\":\"Home\",\"item\":\"https:\/\/matis.is\/\"},{\"@type\":\"ListItem\",\"position\":2,\"name\":\"M\u00e6lingar og \u00fej\u00f3nusta\",\"item\":\"https:\/\/matis.is\/maelingar-og-thjonusta\/\"},{\"@type\":\"ListItem\",\"position\":3,\"name\":\"Skynmat\",\"item\":\"https:\/\/matis.is\/maelingar-og-thjonusta\/skynmat\/\"},{\"@type\":\"ListItem\",\"position\":4,\"name\":\"Neytendalisti Mat\u00eds\"}]},{\"@type\":\"WebSite\",\"@id\":\"https:\/\/matis.is\/#website\",\"url\":\"https:\/\/matis.is\/\",\"name\":\"Mat\u00eds\",\"description\":\"Ver\u00f0m\u00e6task\u00f6pun, matv\u00e6la\u00f6ryggi og l\u00fd\u00f0heilsa\",\"publisher\":{\"@id\":\"https:\/\/matis.is\/#organization\"},\"potentialAction\":[{\"@type\":\"SearchAction\",\"target\":{\"@type\":\"EntryPoint\",\"urlTemplate\":\"https:\/\/matis.is\/?s={search_term_string}\"},\"query-input\":{\"@type\":\"PropertyValueSpecification\",\"valueRequired\":true,\"valueName\":\"search_term_string\"}}],\"inLanguage\":\"en-GB\"},{\"@type\":\"Organization\",\"@id\":\"https:\/\/matis.is\/#organization\",\"name\":\"Mat\u00eds ohf.\",\"url\":\"https:\/\/matis.is\/\",\"logo\":{\"@type\":\"ImageObject\",\"inLanguage\":\"en-GB\",\"@id\":\"https:\/\/matis.is\/#\/schema\/logo\/image\/\",\"url\":\"https:\/\/matis.is\/wp-content\/uploads\/2021\/02\/matis_logo_blatthvitt.png\",\"contentUrl\":\"https:\/\/matis.is\/wp-content\/uploads\/2021\/02\/matis_logo_blatthvitt.png\",\"width\":1507,\"height\":1507,\"caption\":\"Mat\u00eds ohf.\"},\"image\":{\"@id\":\"https:\/\/matis.is\/#\/schema\/logo\/image\/\"},\"sameAs\":[\"https:\/\/www.facebook.com\/matisiceland\",\"https:\/\/x.com\/matisiceland\",\"https:\/\/www.instagram.com\/matisiceland\/\",\"https:\/\/www.linkedin.com\/matisiceland\/\",\"https:\/\/www.youtube.com\/channel\/UCY-frt3uTqgVZW-DLjoo5bA\"]}]}<\/script>\n<!-- \/ Yoast SEO plugin. -->","yoast_head_json":{"title":"Mat\u00eds consumer list - Mat\u00eds","robots":{"index":"index","follow":"follow","max-snippet":"max-snippet:-1","max-image-preview":"max-image-preview:large","max-video-preview":"max-video-preview:-1"},"canonical":"https:\/\/matis.is\/en\/maelingar-og-thjonusta\/skynmat\/neytendalisti-matis\/","og_locale":"en_GB","og_type":"article","og_title":"Neytendalisti Mat\u00eds - Mat\u00eds","og_description":"Hj\u00e1 Mat\u00eds eru stunda\u00f0ar \u00fdmsar ranns\u00f3knir sem flestar sn\u00faast um matv\u00e6li \u00e1 einhvern h\u00e1tt.&nbsp;Tilgangur neytendalistans er a\u00f0 au\u00f0velda Mat\u00eds ohf. [&hellip;]","og_url":"https:\/\/matis.is\/en\/maelingar-og-thjonusta\/skynmat\/neytendalisti-matis\/","og_site_name":"Mat\u00eds","article_publisher":"https:\/\/www.facebook.com\/matisiceland","article_modified_time":"2024-10-17T12:04:56+00:00","twitter_card":"summary_large_image","twitter_site":"@matisiceland","twitter_misc":{"Estimated reading time":"1 minute"},"schema":{"@context":"https:\/\/schema.org","@graph":[{"@type":"WebPage","@id":"https:\/\/matis.is\/maelingar-og-thjonusta\/skynmat\/neytendalisti-matis\/","url":"https:\/\/matis.is\/maelingar-og-thjonusta\/skynmat\/neytendalisti-matis\/","name":"Mat\u00eds consumer list - Mat\u00eds","isPartOf":{"@id":"https:\/\/matis.is\/#website"},"datePublished":"2020-12-08T16:16:00+00:00","dateModified":"2024-10-17T12:04:56+00:00","breadcrumb":{"@id":"https:\/\/matis.is\/maelingar-og-thjonusta\/skynmat\/neytendalisti-matis\/#breadcrumb"},"inLanguage":"en-GB","potentialAction":[{"@type":"ReadAction","target":["https:\/\/matis.is\/maelingar-og-thjonusta\/skynmat\/neytendalisti-matis\/"]}]},{"@type":"BreadcrumbList","@id":"https:\/\/matis.is\/maelingar-og-thjonusta\/skynmat\/neytendalisti-matis\/#breadcrumb","itemListElement":[{"@type":"ListItem","position":1,"name":"Home","item":"https:\/\/matis.is\/"},{"@type":"ListItem","position":2,"name":"M\u00e6lingar og \u00fej\u00f3nusta","item":"https:\/\/matis.is\/maelingar-og-thjonusta\/"},{"@type":"ListItem","position":3,"name":"Skynmat","item":"https:\/\/matis.is\/maelingar-og-thjonusta\/skynmat\/"},{"@type":"ListItem","position":4,"name":"Neytendalisti Mat\u00eds"}]},{"@type":"WebSite","@id":"https:\/\/matis.is\/#website","url":"https:\/\/matis.is\/","name":"Mat\u00eds","description":"Value creation, food security and public health","publisher":{"@id":"https:\/\/matis.is\/#organization"},"potentialAction":[{"@type":"SearchAction","target":{"@type":"EntryPoint","urlTemplate":"https:\/\/matis.is\/?s={search_term_string}"},"query-input":{"@type":"PropertyValueSpecification","valueRequired":true,"valueName":"search_term_string"}}],"inLanguage":"en-GB"},{"@type":"Organization","@id":"https:\/\/matis.is\/#organization","name":"Mat\u00eds ohf.","url":"https:\/\/matis.is\/","logo":{"@type":"ImageObject","inLanguage":"en-GB","@id":"https:\/\/matis.is\/#\/schema\/logo\/image\/","url":"https:\/\/matis.is\/wp-content\/uploads\/2021\/02\/matis_logo_blatthvitt.png","contentUrl":"https:\/\/matis.is\/wp-content\/uploads\/2021\/02\/matis_logo_blatthvitt.png","width":1507,"height":1507,"caption":"Mat\u00eds ohf."},"image":{"@id":"https:\/\/matis.is\/#\/schema\/logo\/image\/"},"sameAs":["https:\/\/www.facebook.com\/matisiceland","https:\/\/x.com\/matisiceland","https:\/\/www.instagram.com\/matisiceland\/","https:\/\/www.linkedin.com\/matisiceland\/","https:\/\/www.youtube.com\/channel\/UCY-frt3uTqgVZW-DLjoo5bA"]}]}},"spectra_custom_meta":{"_edit_lock":["1729166697:3"],"_wp_page_template":["templates\/template-cover.php"],"_edit_last":["3"],"valmynd_a_undirsidu":["0"],"_valmynd_a_undirsidu":["field_5f9970348837c"],"undirvalmynd_a_parentsidu":["0"],"_undirvalmynd_a_parentsidu":["field_5f9addfe68a79"],"tengilidur":["28131"],"_tengilidur":["field_5ef905e0538b2"],"_yoast_wpseo_content_score":["90"],"_yoast_wpseo_estimated-reading-time-minutes":["1"],"_uag_css_file_name":["uag-css-33311.css"],"_uag_page_assets":["a:9:{s:3:\"css\";s:263:\".uag-blocks-common-selector{z-index:var(--z-index-desktop) !important}@media (max-width: 976px){.uag-blocks-common-selector{z-index:var(--z-index-tablet) !important}}@media (max-width: 767px){.uag-blocks-common-selector{z-index:var(--z-index-mobile) !important}}\n\";s:2:\"js\";s:0:\"\";s:18:\"current_block_list\";a:8:{i:0;s:12:\"core\/heading\";i:1;s:14:\"core\/paragraph\";i:2;s:9:\"core\/list\";i:3;s:14:\"core\/list-item\";i:4;s:12:\"core\/buttons\";i:5;s:11:\"core\/button\";i:6;s:12:\"core\/columns\";i:7;s:11:\"core\/column\";}s:8:\"uag_flag\";b:0;s:11:\"uag_version\";s:10:\"1774608973\";s:6:\"gfonts\";a:0:{}s:10:\"gfonts_url\";s:0:\"\";s:12:\"gfonts_files\";a:0:{}s:14:\"uag_faq_layout\";b:0;}"]},"uagb_featured_image_src":{"full":false,"thumbnail":false,"medium":false,"medium_large":false,"large":false,"1536x1536":false,"2048x2048":false,"trp-custom-language-flag":false},"uagb_author_info":{"display_name":"\u00cdsey D\u00eds H\u00e1varsd\u00f3ttir","author_link":"https:\/\/matis.is\/en\/author\/iseymatis-is\/"},"uagb_comment_info":0,"uagb_excerpt":"Hj\u00e1 Mat\u00eds eru stunda\u00f0ar \u00fdmsar ranns\u00f3knir sem flestar sn\u00faast um matv\u00e6li \u00e1 einhvern h\u00e1tt.&nbsp;Tilgangur neytendalistans er a\u00f0 au\u00f0velda Mat\u00eds ohf. [&hellip;]","_links":{"self":[{"href":"https:\/\/matis.is\/en\/wp-json\/wp\/v2\/pages\/33311","targetHints":{"allow":["GET"]}}],"collection":[{"href":"https:\/\/matis.is\/en\/wp-json\/wp\/v2\/pages"}],"about":[{"href":"https:\/\/matis.is\/en\/wp-json\/wp\/v2\/types\/page"}],"author":[{"embeddable":true,"href":"https:\/\/matis.is\/en\/wp-json\/wp\/v2\/users\/4"}],"replies":[{"embeddable":true,"href":"https:\/\/matis.is\/en\/wp-json\/wp\/v2\/comments?post=33311"}],"version-history":[{"count":4,"href":"https:\/\/matis.is\/en\/wp-json\/wp\/v2\/pages\/33311\/revisions"}],"predecessor-version":[{"id":53439,"href":"https:\/\/matis.is\/en\/wp-json\/wp\/v2\/pages\/33311\/revisions\/53439"}],"up":[{"embeddable":true,"href":"https:\/\/matis.is\/en\/wp-json\/wp\/v2\/pages\/33297"}],"wp:attachment":[{"href":"https:\/\/matis.is\/en\/wp-json\/wp\/v2\/media?parent=33311"}],"curies":[{"name":"wp","href":"https:\/\/api.w.org\/{rel}","templated":true}]}}