{"id":34503,"date":"2021-01-27T16:17:30","date_gmt":"2021-01-27T16:17:30","guid":{"rendered":"https:\/\/new.matis.is\/?page_id=34503"},"modified":"2021-09-01T13:09:57","modified_gmt":"2021-09-01T13:09:57","slug":"vinnsluferlar","status":"publish","type":"page","link":"https:\/\/matis.is\/en\/lausnir-og-radgjof\/vinnsluferlar\/","title":{"rendered":"Processing processes"},"content":{"rendered":"<h2 class=\"wp-block-heading\">Ensure quality, efficiency and improved utilization<\/h2>\n\n\n\n<h4 class=\"wp-block-heading\">Good processing processes contribute to increased value creation by increasing the quality of raw materials and the stability of products during storage and transport, and increasing the safety and efficiency of production. Mat\u00eds provides a variety of advice on the development and adaptation of processing processes. All products that go on the market have to go through a standard production process that is important to update and review if there are any changes in production, for example if production volume is to be increased.&nbsp;<\/h4>\n\n\n\n<p>In the development of processing processes, the impact of individual factors on processing and effect on the quality and shelf life of products is assessed, such as handling, temperature, processing and packaging methods. The processing process is then adjusted as needed to maximize quality and shelf life.<\/p>\n\n\n\n<p><strong>Cooling chains&nbsp;<\/strong>- Proper cooling of raw materials in production, transport and all the way to the consumer increases the shelf life and quality of the product.<\/p>\n\n\n\n<p><strong>Improved utilization&nbsp;<\/strong>- Improved utilization of raw materials results in lower discounts and increased value. Mat\u00eds specializes in consulting on improved utilization, how side raw materials can be utilized, and the application of biotechnology in processing.<\/p>\n\n\n\n<p><strong>Feeding and feed preparation&nbsp;<\/strong>- Proper feeding and feed type have a great impact on the quantity and quality of meat, dairy products and farmed fish. Mat\u00eds is a leader in the development of new high-quality feed ingredients that aim for lower environmental impact, lower costs and better growth. Mat\u00eds owns a feed extruder and provides companies with access to such equipment, as well as advice on use.<\/p>\n\n\n\n<p><strong>Aquaculture<\/strong>&nbsp;- Mat\u00eds runs a research facility for aquaculture where experts work on research on fish growth and behavior as well as various biological factors. Mat\u00eds focuses on the development and testing of new feed ingredients and feed types, where, among other things, digestibility, growth and feed utilization are measured. Mat\u00eds provides aquaculture companies with various advice related to the industry.<\/p>","protected":false},"excerpt":{"rendered":"<p>Trygg\u00f0u g\u00e6\u00f0i, hagkv\u00e6mni og b\u00e6tta n\u00fdtingu G\u00f3\u00f0ir vinnsluferlar stu\u00f0la a\u00f0 aukinni ver\u00f0m\u00e6task\u00f6pun me\u00f0 \u00fev\u00ed a\u00f0 auka hr\u00e1efnisg\u00e6\u00f0i og st\u00f6\u00f0ugleika afur\u00f0a [&hellip;]<\/p>\n","protected":false},"author":1,"featured_media":34171,"parent":144,"menu_order":0,"comment_status":"closed","ping_status":"closed","template":"templates\/template-cover.php","meta":{"_acf_changed":false,"_uag_custom_page_level_css":"","site-sidebar-layout":"default","site-content-layout":"","ast-site-content-layout":"default","site-content-style":"default","site-sidebar-style":"default","ast-global-header-display":"","ast-banner-title-visibility":"","ast-main-header-display":"","ast-hfb-above-header-display":"","ast-hfb-below-header-display":"","ast-hfb-mobile-header-display":"","site-post-title":"","ast-breadcrumbs-content":"","ast-featured-img":"","footer-sml-layout":"","ast-disable-related-posts":"","theme-transparent-header-meta":"","adv-header-id-meta":"","stick-header-meta":"","header-above-stick-meta":"","header-main-stick-meta":"","header-below-stick-meta":"","astra-migrate-meta-layouts":"default","ast-page-background-enabled":"default","ast-page-background-meta":{"desktop":{"background-color":"var(--ast-global-color-5)","background-image":"","background-repeat":"repeat","background-position":"center center","background-size":"auto","background-attachment":"scroll","background-type":"","background-media":"","overlay-type":"","overlay-color":"","overlay-opacity":"","overlay-gradient":""},"tablet":{"background-color":"","background-image":"","background-repeat":"repeat","background-position":"center center","background-size":"auto","background-attachment":"scroll","background-type":"","background-media":"","overlay-type":"","overlay-color":"","overlay-opacity":"","overlay-gradient":""},"mobile":{"background-color":"","background-image":"","background-repeat":"repeat","background-position":"center center","background-size":"auto","background-attachment":"scroll","background-type":"","background-media":"","overlay-type":"","overlay-color":"","overlay-opacity":"","overlay-gradient":""}},"ast-content-background-meta":{"desktop":{"background-color":"var(--ast-global-color-4)","background-image":"","background-repeat":"repeat","background-position":"center center","background-size":"auto","background-attachment":"scroll","background-type":"","background-media":"","overlay-type":"","overlay-color":"","overlay-opacity":"","overlay-gradient":""},"tablet":{"background-color":"var(--ast-global-color-4)","background-image":"","background-repeat":"repeat","background-position":"center center","background-size":"auto","background-attachment":"scroll","background-type":"","background-media":"","overlay-type":"","overlay-color":"","overlay-opacity":"","overlay-gradient":""},"mobile":{"background-color":"var(--ast-global-color-4)","background-image":"","background-repeat":"repeat","background-position":"center center","background-size":"auto","background-attachment":"scroll","background-type":"","background-media":"","overlay-type":"","overlay-color":"","overlay-opacity":"","overlay-gradient":""}},"footnotes":""},"class_list":["post-34503","page","type-page","status-publish","has-post-thumbnail","hentry"],"acf":[],"yoast_head":"<!-- This site is optimized with the Yoast SEO plugin v27.4 - https:\/\/yoast.com\/product\/yoast-seo-wordpress\/ -->\n<title>Vinnsluferlar - Mat\u00eds<\/title>\n<meta name=\"description\" content=\"Trygg\u00f0u g\u00e6\u00f0i, hagkv\u00e6mni og b\u00e6tta n\u00fdtingu. Mat\u00eds veitir margv\u00edslega r\u00e1gj\u00f6f vi\u00f0 \u00fer\u00f3un og a\u00f0l\u00f6gun \u00e1 vinnsluferlum.\" \/>\n<meta name=\"robots\" content=\"index, follow, max-snippet:-1, max-image-preview:large, max-video-preview:-1\" \/>\n<link rel=\"canonical\" href=\"https:\/\/matis.is\/en\/solutions-and-advice-2\/vinnsluferlar\/\" \/>\n<meta property=\"og:locale\" content=\"en_GB\" \/>\n<meta property=\"og:type\" content=\"article\" \/>\n<meta property=\"og:title\" content=\"Vinnsluferlar - Mat\u00eds\" \/>\n<meta property=\"og:description\" content=\"Trygg\u00f0u g\u00e6\u00f0i, hagkv\u00e6mni og b\u00e6tta n\u00fdtingu. Mat\u00eds veitir margv\u00edslega r\u00e1gj\u00f6f vi\u00f0 \u00fer\u00f3un og a\u00f0l\u00f6gun \u00e1 vinnsluferlum.\" \/>\n<meta property=\"og:url\" content=\"https:\/\/matis.is\/en\/solutions-and-advice-2\/vinnsluferlar\/\" \/>\n<meta property=\"og:site_name\" content=\"Mat\u00eds\" \/>\n<meta property=\"article:publisher\" content=\"https:\/\/www.facebook.com\/matisiceland\" \/>\n<meta property=\"article:modified_time\" content=\"2021-09-01T13:09:57+00:00\" \/>\n<meta property=\"og:image\" content=\"https:\/\/matis.is\/wp-content\/uploads\/2015\/09\/Frystihus_small_\u00a9Larus_Karl_Ingvarsson_A129751.jpg\" \/>\n\t<meta property=\"og:image:width\" content=\"1276\" \/>\n\t<meta property=\"og:image:height\" content=\"852\" \/>\n\t<meta property=\"og:image:type\" content=\"image\/jpeg\" \/>\n<meta name=\"twitter:card\" content=\"summary_large_image\" \/>\n<meta name=\"twitter:site\" content=\"@matisiceland\" \/>\n<meta name=\"twitter:label1\" content=\"Estimated reading time\" \/>\n\t<meta name=\"twitter:data1\" content=\"2 minutes\" \/>\n<script type=\"application\/ld+json\" class=\"yoast-schema-graph\">{\"@context\":\"https:\\\/\\\/schema.org\",\"@graph\":[{\"@type\":\"WebPage\",\"@id\":\"https:\\\/\\\/matis.is\\\/lausnir-og-radgjof\\\/vinnsluferlar\\\/\",\"url\":\"https:\\\/\\\/matis.is\\\/lausnir-og-radgjof\\\/vinnsluferlar\\\/\",\"name\":\"Vinnsluferlar - Mat\u00eds\",\"isPartOf\":{\"@id\":\"https:\\\/\\\/matis.is\\\/#website\"},\"primaryImageOfPage\":{\"@id\":\"https:\\\/\\\/matis.is\\\/lausnir-og-radgjof\\\/vinnsluferlar\\\/#primaryimage\"},\"image\":{\"@id\":\"https:\\\/\\\/matis.is\\\/lausnir-og-radgjof\\\/vinnsluferlar\\\/#primaryimage\"},\"thumbnailUrl\":\"https:\\\/\\\/matis.is\\\/wp-content\\\/uploads\\\/2015\\\/09\\\/Frystihus_small_\u00a9Larus_Karl_Ingvarsson_A129751.jpg\",\"datePublished\":\"2021-01-27T16:17:30+00:00\",\"dateModified\":\"2021-09-01T13:09:57+00:00\",\"description\":\"Trygg\u00f0u g\u00e6\u00f0i, hagkv\u00e6mni og b\u00e6tta n\u00fdtingu. Mat\u00eds veitir margv\u00edslega r\u00e1gj\u00f6f vi\u00f0 \u00fer\u00f3un og a\u00f0l\u00f6gun \u00e1 vinnsluferlum.\",\"breadcrumb\":{\"@id\":\"https:\\\/\\\/matis.is\\\/lausnir-og-radgjof\\\/vinnsluferlar\\\/#breadcrumb\"},\"inLanguage\":\"en-GB\",\"potentialAction\":[{\"@type\":\"ReadAction\",\"target\":[\"https:\\\/\\\/matis.is\\\/lausnir-og-radgjof\\\/vinnsluferlar\\\/\"]}]},{\"@type\":\"ImageObject\",\"inLanguage\":\"en-GB\",\"@id\":\"https:\\\/\\\/matis.is\\\/lausnir-og-radgjof\\\/vinnsluferlar\\\/#primaryimage\",\"url\":\"https:\\\/\\\/matis.is\\\/wp-content\\\/uploads\\\/2015\\\/09\\\/Frystihus_small_\u00a9Larus_Karl_Ingvarsson_A129751.jpg\",\"contentUrl\":\"https:\\\/\\\/matis.is\\\/wp-content\\\/uploads\\\/2015\\\/09\\\/Frystihus_small_\u00a9Larus_Karl_Ingvarsson_A129751.jpg\",\"width\":1276,\"height\":852},{\"@type\":\"BreadcrumbList\",\"@id\":\"https:\\\/\\\/matis.is\\\/lausnir-og-radgjof\\\/vinnsluferlar\\\/#breadcrumb\",\"itemListElement\":[{\"@type\":\"ListItem\",\"position\":1,\"name\":\"Home\",\"item\":\"https:\\\/\\\/matis.is\\\/\"},{\"@type\":\"ListItem\",\"position\":2,\"name\":\"Lausnir og r\u00e1\u00f0gj\u00f6f\",\"item\":\"https:\\\/\\\/matis.is\\\/en\\\/solutions-and-advice-2\\\/\"},{\"@type\":\"ListItem\",\"position\":3,\"name\":\"Vinnsluferlar\"}]},{\"@type\":\"WebSite\",\"@id\":\"https:\\\/\\\/matis.is\\\/#website\",\"url\":\"https:\\\/\\\/matis.is\\\/\",\"name\":\"Mat\u00eds\",\"description\":\"Ver\u00f0m\u00e6task\u00f6pun, matv\u00e6la\u00f6ryggi og l\u00fd\u00f0heilsa\",\"publisher\":{\"@id\":\"https:\\\/\\\/matis.is\\\/#organization\"},\"potentialAction\":[{\"@type\":\"SearchAction\",\"target\":{\"@type\":\"EntryPoint\",\"urlTemplate\":\"https:\\\/\\\/matis.is\\\/?s={search_term_string}\"},\"query-input\":{\"@type\":\"PropertyValueSpecification\",\"valueRequired\":true,\"valueName\":\"search_term_string\"}}],\"inLanguage\":\"en-GB\"},{\"@type\":\"Organization\",\"@id\":\"https:\\\/\\\/matis.is\\\/#organization\",\"name\":\"Mat\u00eds ohf.\",\"url\":\"https:\\\/\\\/matis.is\\\/\",\"logo\":{\"@type\":\"ImageObject\",\"inLanguage\":\"en-GB\",\"@id\":\"https:\\\/\\\/matis.is\\\/#\\\/schema\\\/logo\\\/image\\\/\",\"url\":\"https:\\\/\\\/matis.is\\\/wp-content\\\/uploads\\\/2021\\\/02\\\/matis_logo_blatthvitt.png\",\"contentUrl\":\"https:\\\/\\\/matis.is\\\/wp-content\\\/uploads\\\/2021\\\/02\\\/matis_logo_blatthvitt.png\",\"width\":1507,\"height\":1507,\"caption\":\"Mat\u00eds ohf.\"},\"image\":{\"@id\":\"https:\\\/\\\/matis.is\\\/#\\\/schema\\\/logo\\\/image\\\/\"},\"sameAs\":[\"https:\\\/\\\/www.facebook.com\\\/matisiceland\",\"https:\\\/\\\/x.com\\\/matisiceland\",\"https:\\\/\\\/www.instagram.com\\\/matisiceland\\\/\",\"https:\\\/\\\/www.linkedin.com\\\/matisiceland\\\/\",\"https:\\\/\\\/www.youtube.com\\\/channel\\\/UCY-frt3uTqgVZW-DLjoo5bA\"]}]}<\/script>\n<!-- \/ Yoast SEO plugin. -->","yoast_head_json":{"title":"Processing processes - Mat\u00eds","description":"Ensure quality, efficiency and improved utilization. Mat\u00eds provides a variety of advice on the development and adaptation of processing processes.","robots":{"index":"index","follow":"follow","max-snippet":"max-snippet:-1","max-image-preview":"max-image-preview:large","max-video-preview":"max-video-preview:-1"},"canonical":"https:\/\/matis.is\/en\/solutions-and-advice-2\/vinnsluferlar\/","og_locale":"en_GB","og_type":"article","og_title":"Vinnsluferlar - Mat\u00eds","og_description":"Trygg\u00f0u g\u00e6\u00f0i, hagkv\u00e6mni og b\u00e6tta n\u00fdtingu. Mat\u00eds veitir margv\u00edslega r\u00e1gj\u00f6f vi\u00f0 \u00fer\u00f3un og a\u00f0l\u00f6gun \u00e1 vinnsluferlum.","og_url":"https:\/\/matis.is\/en\/solutions-and-advice-2\/vinnsluferlar\/","og_site_name":"Mat\u00eds","article_publisher":"https:\/\/www.facebook.com\/matisiceland","article_modified_time":"2021-09-01T13:09:57+00:00","og_image":[{"width":1276,"height":852,"url":"https:\/\/matis.is\/wp-content\/uploads\/2015\/09\/Frystihus_small_\u00a9Larus_Karl_Ingvarsson_A129751.jpg","type":"image\/jpeg"}],"twitter_card":"summary_large_image","twitter_site":"@matisiceland","twitter_misc":{"Estimated reading time":"2 minutes"},"schema":{"@context":"https:\/\/schema.org","@graph":[{"@type":"WebPage","@id":"https:\/\/matis.is\/lausnir-og-radgjof\/vinnsluferlar\/","url":"https:\/\/matis.is\/lausnir-og-radgjof\/vinnsluferlar\/","name":"Processing processes - Mat\u00eds","isPartOf":{"@id":"https:\/\/matis.is\/#website"},"primaryImageOfPage":{"@id":"https:\/\/matis.is\/lausnir-og-radgjof\/vinnsluferlar\/#primaryimage"},"image":{"@id":"https:\/\/matis.is\/lausnir-og-radgjof\/vinnsluferlar\/#primaryimage"},"thumbnailUrl":"https:\/\/matis.is\/wp-content\/uploads\/2015\/09\/Frystihus_small_\u00a9Larus_Karl_Ingvarsson_A129751.jpg","datePublished":"2021-01-27T16:17:30+00:00","dateModified":"2021-09-01T13:09:57+00:00","description":"Ensure quality, efficiency and improved utilization. Mat\u00eds provides a variety of advice on the development and adaptation of processing processes.","breadcrumb":{"@id":"https:\/\/matis.is\/lausnir-og-radgjof\/vinnsluferlar\/#breadcrumb"},"inLanguage":"en-GB","potentialAction":[{"@type":"ReadAction","target":["https:\/\/matis.is\/lausnir-og-radgjof\/vinnsluferlar\/"]}]},{"@type":"ImageObject","inLanguage":"en-GB","@id":"https:\/\/matis.is\/lausnir-og-radgjof\/vinnsluferlar\/#primaryimage","url":"https:\/\/matis.is\/wp-content\/uploads\/2015\/09\/Frystihus_small_\u00a9Larus_Karl_Ingvarsson_A129751.jpg","contentUrl":"https:\/\/matis.is\/wp-content\/uploads\/2015\/09\/Frystihus_small_\u00a9Larus_Karl_Ingvarsson_A129751.jpg","width":1276,"height":852},{"@type":"BreadcrumbList","@id":"https:\/\/matis.is\/lausnir-og-radgjof\/vinnsluferlar\/#breadcrumb","itemListElement":[{"@type":"ListItem","position":1,"name":"Home","item":"https:\/\/matis.is\/"},{"@type":"ListItem","position":2,"name":"Lausnir og r\u00e1\u00f0gj\u00f6f","item":"https:\/\/matis.is\/en\/solutions-and-advice-2\/"},{"@type":"ListItem","position":3,"name":"Vinnsluferlar"}]},{"@type":"WebSite","@id":"https:\/\/matis.is\/#website","url":"https:\/\/matis.is\/","name":"Mat\u00eds","description":"Value creation, food security and public health","publisher":{"@id":"https:\/\/matis.is\/#organization"},"potentialAction":[{"@type":"SearchAction","target":{"@type":"EntryPoint","urlTemplate":"https:\/\/matis.is\/?s={search_term_string}"},"query-input":{"@type":"PropertyValueSpecification","valueRequired":true,"valueName":"search_term_string"}}],"inLanguage":"en-GB"},{"@type":"Organization","@id":"https:\/\/matis.is\/#organization","name":"Mat\u00eds ohf.","url":"https:\/\/matis.is\/","logo":{"@type":"ImageObject","inLanguage":"en-GB","@id":"https:\/\/matis.is\/#\/schema\/logo\/image\/","url":"https:\/\/matis.is\/wp-content\/uploads\/2021\/02\/matis_logo_blatthvitt.png","contentUrl":"https:\/\/matis.is\/wp-content\/uploads\/2021\/02\/matis_logo_blatthvitt.png","width":1507,"height":1507,"caption":"Mat\u00eds ohf."},"image":{"@id":"https:\/\/matis.is\/#\/schema\/logo\/image\/"},"sameAs":["https:\/\/www.facebook.com\/matisiceland","https:\/\/x.com\/matisiceland","https:\/\/www.instagram.com\/matisiceland\/","https:\/\/www.linkedin.com\/matisiceland\/","https:\/\/www.youtube.com\/channel\/UCY-frt3uTqgVZW-DLjoo5bA"]}]}},"spectra_custom_meta":{"_edit_lock":["1630501797:5"],"_thumbnail_id":["34171"],"_wp_page_template":["templates\/template-cover.php"],"_edit_last":["5"],"valmynd_a_undirsidu":["1"],"_valmynd_a_undirsidu":["field_5f9970348837c"],"undirvalmynd_a_parentsidu":["0"],"_undirvalmynd_a_parentsidu":["field_5f9addfe68a79"],"tengilidur":[""],"_tengilidur":["field_5ef905e0538b2"],"_yoast_wpseo_metadesc":["Trygg\u00f0u g\u00e6\u00f0i, hagkv\u00e6mni og b\u00e6tta n\u00fdtingu. Mat\u00eds veitir margv\u00edslega r\u00e1gj\u00f6f vi\u00f0 \u00fer\u00f3un og a\u00f0l\u00f6gun \u00e1 vinnsluferlum."],"_yoast_wpseo_content_score":["30"],"_yoast_wpseo_estimated-reading-time-minutes":["2"],"_uag_css_file_name":["uag-css-34503.css"],"_uag_page_assets":["a:9:{s:3:\"css\";s:263:\".uag-blocks-common-selector{z-index:var(--z-index-desktop) !important}@media (max-width: 976px){.uag-blocks-common-selector{z-index:var(--z-index-tablet) !important}}@media (max-width: 767px){.uag-blocks-common-selector{z-index:var(--z-index-mobile) !important}}\n\";s:2:\"js\";s:0:\"\";s:18:\"current_block_list\";a:6:{i:0;s:12:\"core\/heading\";i:1;s:14:\"core\/paragraph\";i:2;s:12:\"core\/buttons\";i:3;s:11:\"core\/button\";i:4;s:12:\"core\/columns\";i:5;s:11:\"core\/column\";}s:8:\"uag_flag\";b:0;s:11:\"uag_version\";s:10:\"1776432937\";s:6:\"gfonts\";a:0:{}s:10:\"gfonts_url\";s:0:\"\";s:12:\"gfonts_files\";a:0:{}s:14:\"uag_faq_layout\";b:0;}"]},"uagb_featured_image_src":{"full":["https:\/\/matis.is\/wp-content\/uploads\/2015\/09\/Frystihus_small_\u00a9Larus_Karl_Ingvarsson_A129751.jpg",1276,852,false],"thumbnail":["https:\/\/matis.is\/wp-content\/uploads\/2015\/09\/Frystihus_small_\u00a9Larus_Karl_Ingvarsson_A129751-150x150.jpg",150,150,true],"medium":["https:\/\/matis.is\/wp-content\/uploads\/2015\/09\/Frystihus_small_\u00a9Larus_Karl_Ingvarsson_A129751-300x200.jpg",300,200,true],"medium_large":["https:\/\/matis.is\/wp-content\/uploads\/2015\/09\/Frystihus_small_\u00a9Larus_Karl_Ingvarsson_A129751-768x513.jpg",768,513,true],"large":["https:\/\/matis.is\/wp-content\/uploads\/2015\/09\/Frystihus_small_\u00a9Larus_Karl_Ingvarsson_A129751-1024x684.jpg",1024,684,true],"1536x1536":["https:\/\/matis.is\/wp-content\/uploads\/2015\/09\/Frystihus_small_\u00a9Larus_Karl_Ingvarsson_A129751.jpg",1276,852,false],"2048x2048":["https:\/\/matis.is\/wp-content\/uploads\/2015\/09\/Frystihus_small_\u00a9Larus_Karl_Ingvarsson_A129751.jpg",1276,852,false],"trp-custom-language-flag":["https:\/\/matis.is\/wp-content\/uploads\/2015\/09\/Frystihus_small_\u00a9Larus_Karl_Ingvarsson_A129751.jpg",18,12,false]},"uagb_author_info":{"display_name":"admin","author_link":"https:\/\/matis.is\/en\/author\/thormodurmatis-is\/"},"uagb_comment_info":0,"uagb_excerpt":"Trygg\u00f0u g\u00e6\u00f0i, hagkv\u00e6mni og b\u00e6tta n\u00fdtingu G\u00f3\u00f0ir vinnsluferlar stu\u00f0la a\u00f0 aukinni ver\u00f0m\u00e6task\u00f6pun me\u00f0 \u00fev\u00ed a\u00f0 auka hr\u00e1efnisg\u00e6\u00f0i og st\u00f6\u00f0ugleika afur\u00f0a [&hellip;]","_links":{"self":[{"href":"https:\/\/matis.is\/en\/wp-json\/wp\/v2\/pages\/34503","targetHints":{"allow":["GET"]}}],"collection":[{"href":"https:\/\/matis.is\/en\/wp-json\/wp\/v2\/pages"}],"about":[{"href":"https:\/\/matis.is\/en\/wp-json\/wp\/v2\/types\/page"}],"author":[{"embeddable":true,"href":"https:\/\/matis.is\/en\/wp-json\/wp\/v2\/users\/1"}],"replies":[{"embeddable":true,"href":"https:\/\/matis.is\/en\/wp-json\/wp\/v2\/comments?post=34503"}],"version-history":[{"count":1,"href":"https:\/\/matis.is\/en\/wp-json\/wp\/v2\/pages\/34503\/revisions"}],"predecessor-version":[{"id":44209,"href":"https:\/\/matis.is\/en\/wp-json\/wp\/v2\/pages\/34503\/revisions\/44209"}],"up":[{"embeddable":true,"href":"https:\/\/matis.is\/en\/wp-json\/wp\/v2\/pages\/144"}],"wp:featuredmedia":[{"embeddable":true,"href":"https:\/\/matis.is\/en\/wp-json\/wp\/v2\/media\/34171"}],"wp:attachment":[{"href":"https:\/\/matis.is\/en\/wp-json\/wp\/v2\/media?parent=34503"}],"curies":[{"name":"wp","href":"https:\/\/api.w.org\/{rel}","templated":true}]}}