{"id":34510,"date":"2021-01-27T16:23:17","date_gmt":"2021-01-27T16:23:17","guid":{"rendered":"https:\/\/new.matis.is\/?page_id=34510"},"modified":"2021-09-01T13:15:06","modified_gmt":"2021-09-01T13:15:06","slug":"gaedamal","status":"publish","type":"page","link":"https:\/\/matis.is\/en\/lausnir-og-radgjof\/gaedamal\/","title":{"rendered":"Quality issues"},"content":{"rendered":"<h2 class=\"wp-block-heading\">Produce safe, high-quality products<\/h2>\n\n\n\n<h4 class=\"wp-block-heading\">Mat\u00eds offers a variety of services related to quality issues, from genetic, microbial and chemical analysis, to the installation of quality manuals and advice on internal control.<\/h4>\n\n\n\n<p><strong>Product food<\/strong><\/p>\n\n\n\n<p>The properties and quality of a raw material or product that is under development or production often need to be assessed. Measurements, such as microorganisms and various substances, are selected as needed to ensure safety or to assess whether the product meets the requirements for quality, nutritional value or ingredients. Sensory evaluation is used to assess the properties of the product&#039;s odor, appearance, taste and texture.<\/p>\n\n\n\n<p><strong>Faulty product<\/strong><\/p>\n\n\n\n<p>Til a\u00f0 greina hvort vara er skemmd e\u00f0a g\u00f6llu\u00f0 er framkv\u00e6mt skynmat \u00fear sem fr\u00e1vik fr\u00e1 sta\u00f0la\u00f0ri v\u00f6ru eru greind. Einnig eru framkv\u00e6mdar <a href=\"https:\/\/matis.is\/en\/frettir\/samstarfssamningur-matis-og-als-i-svithjod\/\">chemical measurements<\/a> og\/e\u00f0a \u00f6rverum\u00e6lingar eftir \u00fe\u00f6rfum til a\u00f0 skera \u00far um hvort vara s\u00e9 skemmd e\u00f0a g\u00f6llu\u00f0.<\/p>\n\n\n\n<p><strong>Quality manuals<\/strong><\/p>\n\n\n\n<p>Quality manuals make it easier for companies to manage quality and safety in the production, handling and storage of raw materials and products. They need to be adapted to the activities of the companies in question and change with a changed procedure. Mat\u00eds assists with the installation of quality manuals.<\/p>\n\n\n\n<p><strong>Risk factor analysis - HACCP<\/strong><\/p>\n\n\n\n<p>Food companies need to establish quality systems based on the HACCP system, which consists of good practice, risk analysis and important control positions. It depends on the nature of food companies how detailed their quality system needs to be. Mat\u00eds assists food companies in the installation of HACCP systems and quality systems that meet official requirements.<\/p>\n\n\n\n<p><strong>Internal control<\/strong><\/p>\n\n\n\n<p>Requirements for internal control depend on the activities and scope of companies. Mat\u00eds sells service measurements (chemical measurements, microbial measurements and sensory assessments), provides advice and carries out audits of companies&#039; internal control.<\/p>\n\n\n\n<p><strong>Traceability<\/strong><\/p>\n\n\n\n<p>Value chain traceability facilitates quality management in production, in addition to being useful in product marketing and thus increasing their value. Following increased awareness of product fraud, demands for traceability in the main markets of Icelandic products have grown. Mat\u00eds provides advice on the installation of systems that facilitate the traceability of products in their value chain.<\/p>\n\n\n\n<p><strong>The type article<\/strong><strong>g and breeding<\/strong><\/p>\n\n\n\n<p>Mat\u00eds verifies the origin of meat, fish and vegetables in products by genetic analysis. Mat\u00eds also offers services to check if horsemeat is found in processed foods. Genetic analysis is widely used for breeding in aquaculture and agriculture, for example by analysis of scrapie in sheep. Mat\u00eds offers parental analyzes in cattle, horses and dogs. An analysis of the origin of salmon is also offered, for example if there is any doubt as to whether a particular fish originated from salmon farming or wild stocks.<\/p>","protected":false},"excerpt":{"rendered":"<p>Framleiddu \u00f6rugga h\u00e1g\u00e6\u00f0av\u00f6ru Mat\u00eds b\u00fd\u00f0ur upp \u00e1 margv\u00edslega \u00fej\u00f3nustu tengda g\u00e6\u00f0am\u00e1lum, allt fr\u00e1 erf\u00f0a-, \u00f6rveru- og efnam\u00e6lingum, til uppsetningar g\u00e6\u00f0ahandb\u00f3ka [&hellip;]<\/p>\n","protected":false},"author":1,"featured_media":34164,"parent":144,"menu_order":0,"comment_status":"closed","ping_status":"closed","template":"templates\/template-cover.php","meta":{"_acf_changed":false,"_uag_custom_page_level_css":"","site-sidebar-layout":"default","site-content-layout":"","ast-site-content-layout":"default","site-content-style":"default","site-sidebar-style":"default","ast-global-header-display":"","ast-banner-title-visibility":"","ast-main-header-display":"","ast-hfb-above-header-display":"","ast-hfb-below-header-display":"","ast-hfb-mobile-header-display":"","site-post-title":"","ast-breadcrumbs-content":"","ast-featured-img":"","footer-sml-layout":"","ast-disable-related-posts":"","theme-transparent-header-meta":"","adv-header-id-meta":"","stick-header-meta":"","header-above-stick-meta":"","header-main-stick-meta":"","header-below-stick-meta":"","astra-migrate-meta-layouts":"default","ast-page-background-enabled":"default","ast-page-background-meta":{"desktop":{"background-color":"var(--ast-global-color-5)","background-image":"","background-repeat":"repeat","background-position":"center center","background-size":"auto","background-attachment":"scroll","background-type":"","background-media":"","overlay-type":"","overlay-color":"","overlay-opacity":"","overlay-gradient":""},"tablet":{"background-color":"","background-image":"","background-repeat":"repeat","background-position":"center center","background-size":"auto","background-attachment":"scroll","background-type":"","background-media":"","overlay-type":"","overlay-color":"","overlay-opacity":"","overlay-gradient":""},"mobile":{"background-color":"","background-image":"","background-repeat":"repeat","background-position":"center center","background-size":"auto","background-attachment":"scroll","background-type":"","background-media":"","overlay-type":"","overlay-color":"","overlay-opacity":"","overlay-gradient":""}},"ast-content-background-meta":{"desktop":{"background-color":"var(--ast-global-color-4)","background-image":"","background-repeat":"repeat","background-position":"center center","background-size":"auto","background-attachment":"scroll","background-type":"","background-media":"","overlay-type":"","overlay-color":"","overlay-opacity":"","overlay-gradient":""},"tablet":{"background-color":"var(--ast-global-color-4)","background-image":"","background-repeat":"repeat","background-position":"center center","background-size":"auto","background-attachment":"scroll","background-type":"","background-media":"","overlay-type":"","overlay-color":"","overlay-opacity":"","overlay-gradient":""},"mobile":{"background-color":"var(--ast-global-color-4)","background-image":"","background-repeat":"repeat","background-position":"center center","background-size":"auto","background-attachment":"scroll","background-type":"","background-media":"","overlay-type":"","overlay-color":"","overlay-opacity":"","overlay-gradient":""}},"footnotes":""},"class_list":["post-34510","page","type-page","status-publish","has-post-thumbnail","hentry"],"acf":[],"yoast_head":"<!-- This site is optimized with the Yoast SEO plugin v27.4 - https:\/\/yoast.com\/product\/yoast-seo-wordpress\/ -->\n<title>G\u00e6\u00f0am\u00e1l - Mat\u00eds<\/title>\n<meta name=\"description\" content=\"Mat\u00eds b\u00fd\u00f0ur upp \u00e1 margv\u00edslega \u00fej\u00f3nustu tengda g\u00e6\u00f0am\u00e1lum.\" \/>\n<meta name=\"robots\" content=\"index, follow, max-snippet:-1, max-image-preview:large, max-video-preview:-1\" \/>\n<link rel=\"canonical\" href=\"https:\/\/matis.is\/en\/solutions-and-advice-2\/gaedamal\/\" \/>\n<meta property=\"og:locale\" content=\"en_GB\" \/>\n<meta property=\"og:type\" content=\"article\" \/>\n<meta property=\"og:title\" content=\"G\u00e6\u00f0am\u00e1l - Mat\u00eds\" \/>\n<meta property=\"og:description\" content=\"Mat\u00eds b\u00fd\u00f0ur upp \u00e1 margv\u00edslega \u00fej\u00f3nustu tengda g\u00e6\u00f0am\u00e1lum.\" \/>\n<meta property=\"og:url\" content=\"https:\/\/matis.is\/en\/solutions-and-advice-2\/gaedamal\/\" \/>\n<meta property=\"og:site_name\" content=\"Mat\u00eds\" \/>\n<meta property=\"article:publisher\" content=\"https:\/\/www.facebook.com\/matisiceland\" \/>\n<meta property=\"article:modified_time\" content=\"2021-09-01T13:15:06+00:00\" \/>\n<meta property=\"og:image\" content=\"https:\/\/matis.is\/wp-content\/uploads\/2020\/07\/dosamatur-minni.jpg\" \/>\n\t<meta property=\"og:image:width\" content=\"2448\" \/>\n\t<meta property=\"og:image:height\" content=\"1633\" \/>\n\t<meta property=\"og:image:type\" content=\"image\/jpeg\" \/>\n<meta name=\"twitter:card\" content=\"summary_large_image\" \/>\n<meta name=\"twitter:site\" content=\"@matisiceland\" \/>\n<meta name=\"twitter:label1\" content=\"Estimated reading time\" \/>\n\t<meta name=\"twitter:data1\" content=\"2 minutes\" \/>\n<script type=\"application\/ld+json\" class=\"yoast-schema-graph\">{\"@context\":\"https:\\\/\\\/schema.org\",\"@graph\":[{\"@type\":\"WebPage\",\"@id\":\"https:\\\/\\\/matis.is\\\/lausnir-og-radgjof\\\/gaedamal\\\/\",\"url\":\"https:\\\/\\\/matis.is\\\/lausnir-og-radgjof\\\/gaedamal\\\/\",\"name\":\"G\u00e6\u00f0am\u00e1l - Mat\u00eds\",\"isPartOf\":{\"@id\":\"https:\\\/\\\/matis.is\\\/#website\"},\"primaryImageOfPage\":{\"@id\":\"https:\\\/\\\/matis.is\\\/lausnir-og-radgjof\\\/gaedamal\\\/#primaryimage\"},\"image\":{\"@id\":\"https:\\\/\\\/matis.is\\\/lausnir-og-radgjof\\\/gaedamal\\\/#primaryimage\"},\"thumbnailUrl\":\"https:\\\/\\\/matis.is\\\/wp-content\\\/uploads\\\/2020\\\/07\\\/dosamatur-minni.jpg\",\"datePublished\":\"2021-01-27T16:23:17+00:00\",\"dateModified\":\"2021-09-01T13:15:06+00:00\",\"description\":\"Mat\u00eds b\u00fd\u00f0ur upp \u00e1 margv\u00edslega \u00fej\u00f3nustu tengda g\u00e6\u00f0am\u00e1lum.\",\"breadcrumb\":{\"@id\":\"https:\\\/\\\/matis.is\\\/lausnir-og-radgjof\\\/gaedamal\\\/#breadcrumb\"},\"inLanguage\":\"en-GB\",\"potentialAction\":[{\"@type\":\"ReadAction\",\"target\":[\"https:\\\/\\\/matis.is\\\/lausnir-og-radgjof\\\/gaedamal\\\/\"]}]},{\"@type\":\"ImageObject\",\"inLanguage\":\"en-GB\",\"@id\":\"https:\\\/\\\/matis.is\\\/lausnir-og-radgjof\\\/gaedamal\\\/#primaryimage\",\"url\":\"https:\\\/\\\/matis.is\\\/wp-content\\\/uploads\\\/2020\\\/07\\\/dosamatur-minni.jpg\",\"contentUrl\":\"https:\\\/\\\/matis.is\\\/wp-content\\\/uploads\\\/2020\\\/07\\\/dosamatur-minni.jpg\",\"width\":2448,\"height\":1633},{\"@type\":\"BreadcrumbList\",\"@id\":\"https:\\\/\\\/matis.is\\\/lausnir-og-radgjof\\\/gaedamal\\\/#breadcrumb\",\"itemListElement\":[{\"@type\":\"ListItem\",\"position\":1,\"name\":\"Home\",\"item\":\"https:\\\/\\\/matis.is\\\/\"},{\"@type\":\"ListItem\",\"position\":2,\"name\":\"Lausnir og r\u00e1\u00f0gj\u00f6f\",\"item\":\"https:\\\/\\\/matis.is\\\/en\\\/solutions-and-advice-2\\\/\"},{\"@type\":\"ListItem\",\"position\":3,\"name\":\"G\u00e6\u00f0am\u00e1l\"}]},{\"@type\":\"WebSite\",\"@id\":\"https:\\\/\\\/matis.is\\\/#website\",\"url\":\"https:\\\/\\\/matis.is\\\/\",\"name\":\"Mat\u00eds\",\"description\":\"Ver\u00f0m\u00e6task\u00f6pun, matv\u00e6la\u00f6ryggi og l\u00fd\u00f0heilsa\",\"publisher\":{\"@id\":\"https:\\\/\\\/matis.is\\\/#organization\"},\"potentialAction\":[{\"@type\":\"SearchAction\",\"target\":{\"@type\":\"EntryPoint\",\"urlTemplate\":\"https:\\\/\\\/matis.is\\\/?s={search_term_string}\"},\"query-input\":{\"@type\":\"PropertyValueSpecification\",\"valueRequired\":true,\"valueName\":\"search_term_string\"}}],\"inLanguage\":\"en-GB\"},{\"@type\":\"Organization\",\"@id\":\"https:\\\/\\\/matis.is\\\/#organization\",\"name\":\"Mat\u00eds ohf.\",\"url\":\"https:\\\/\\\/matis.is\\\/\",\"logo\":{\"@type\":\"ImageObject\",\"inLanguage\":\"en-GB\",\"@id\":\"https:\\\/\\\/matis.is\\\/#\\\/schema\\\/logo\\\/image\\\/\",\"url\":\"https:\\\/\\\/matis.is\\\/wp-content\\\/uploads\\\/2021\\\/02\\\/matis_logo_blatthvitt.png\",\"contentUrl\":\"https:\\\/\\\/matis.is\\\/wp-content\\\/uploads\\\/2021\\\/02\\\/matis_logo_blatthvitt.png\",\"width\":1507,\"height\":1507,\"caption\":\"Mat\u00eds ohf.\"},\"image\":{\"@id\":\"https:\\\/\\\/matis.is\\\/#\\\/schema\\\/logo\\\/image\\\/\"},\"sameAs\":[\"https:\\\/\\\/www.facebook.com\\\/matisiceland\",\"https:\\\/\\\/x.com\\\/matisiceland\",\"https:\\\/\\\/www.instagram.com\\\/matisiceland\\\/\",\"https:\\\/\\\/www.linkedin.com\\\/matisiceland\\\/\",\"https:\\\/\\\/www.youtube.com\\\/channel\\\/UCY-frt3uTqgVZW-DLjoo5bA\"]}]}<\/script>\n<!-- \/ Yoast SEO plugin. -->","yoast_head_json":{"title":"Quality issues - Mat\u00eds","description":"Mat\u00eds offers a variety of services related to quality issues.","robots":{"index":"index","follow":"follow","max-snippet":"max-snippet:-1","max-image-preview":"max-image-preview:large","max-video-preview":"max-video-preview:-1"},"canonical":"https:\/\/matis.is\/en\/solutions-and-advice-2\/gaedamal\/","og_locale":"en_GB","og_type":"article","og_title":"G\u00e6\u00f0am\u00e1l - Mat\u00eds","og_description":"Mat\u00eds b\u00fd\u00f0ur upp \u00e1 margv\u00edslega \u00fej\u00f3nustu tengda g\u00e6\u00f0am\u00e1lum.","og_url":"https:\/\/matis.is\/en\/solutions-and-advice-2\/gaedamal\/","og_site_name":"Mat\u00eds","article_publisher":"https:\/\/www.facebook.com\/matisiceland","article_modified_time":"2021-09-01T13:15:06+00:00","og_image":[{"width":2448,"height":1633,"url":"https:\/\/matis.is\/wp-content\/uploads\/2020\/07\/dosamatur-minni.jpg","type":"image\/jpeg"}],"twitter_card":"summary_large_image","twitter_site":"@matisiceland","twitter_misc":{"Estimated reading time":"2 minutes"},"schema":{"@context":"https:\/\/schema.org","@graph":[{"@type":"WebPage","@id":"https:\/\/matis.is\/lausnir-og-radgjof\/gaedamal\/","url":"https:\/\/matis.is\/lausnir-og-radgjof\/gaedamal\/","name":"Quality issues - Mat\u00eds","isPartOf":{"@id":"https:\/\/matis.is\/#website"},"primaryImageOfPage":{"@id":"https:\/\/matis.is\/lausnir-og-radgjof\/gaedamal\/#primaryimage"},"image":{"@id":"https:\/\/matis.is\/lausnir-og-radgjof\/gaedamal\/#primaryimage"},"thumbnailUrl":"https:\/\/matis.is\/wp-content\/uploads\/2020\/07\/dosamatur-minni.jpg","datePublished":"2021-01-27T16:23:17+00:00","dateModified":"2021-09-01T13:15:06+00:00","description":"Mat\u00eds offers a variety of services related to quality issues.","breadcrumb":{"@id":"https:\/\/matis.is\/lausnir-og-radgjof\/gaedamal\/#breadcrumb"},"inLanguage":"en-GB","potentialAction":[{"@type":"ReadAction","target":["https:\/\/matis.is\/lausnir-og-radgjof\/gaedamal\/"]}]},{"@type":"ImageObject","inLanguage":"en-GB","@id":"https:\/\/matis.is\/lausnir-og-radgjof\/gaedamal\/#primaryimage","url":"https:\/\/matis.is\/wp-content\/uploads\/2020\/07\/dosamatur-minni.jpg","contentUrl":"https:\/\/matis.is\/wp-content\/uploads\/2020\/07\/dosamatur-minni.jpg","width":2448,"height":1633},{"@type":"BreadcrumbList","@id":"https:\/\/matis.is\/lausnir-og-radgjof\/gaedamal\/#breadcrumb","itemListElement":[{"@type":"ListItem","position":1,"name":"Home","item":"https:\/\/matis.is\/"},{"@type":"ListItem","position":2,"name":"Lausnir og r\u00e1\u00f0gj\u00f6f","item":"https:\/\/matis.is\/en\/solutions-and-advice-2\/"},{"@type":"ListItem","position":3,"name":"G\u00e6\u00f0am\u00e1l"}]},{"@type":"WebSite","@id":"https:\/\/matis.is\/#website","url":"https:\/\/matis.is\/","name":"Mat\u00eds","description":"Value creation, food security and public health","publisher":{"@id":"https:\/\/matis.is\/#organization"},"potentialAction":[{"@type":"SearchAction","target":{"@type":"EntryPoint","urlTemplate":"https:\/\/matis.is\/?s={search_term_string}"},"query-input":{"@type":"PropertyValueSpecification","valueRequired":true,"valueName":"search_term_string"}}],"inLanguage":"en-GB"},{"@type":"Organization","@id":"https:\/\/matis.is\/#organization","name":"Mat\u00eds ohf.","url":"https:\/\/matis.is\/","logo":{"@type":"ImageObject","inLanguage":"en-GB","@id":"https:\/\/matis.is\/#\/schema\/logo\/image\/","url":"https:\/\/matis.is\/wp-content\/uploads\/2021\/02\/matis_logo_blatthvitt.png","contentUrl":"https:\/\/matis.is\/wp-content\/uploads\/2021\/02\/matis_logo_blatthvitt.png","width":1507,"height":1507,"caption":"Mat\u00eds ohf."},"image":{"@id":"https:\/\/matis.is\/#\/schema\/logo\/image\/"},"sameAs":["https:\/\/www.facebook.com\/matisiceland","https:\/\/x.com\/matisiceland","https:\/\/www.instagram.com\/matisiceland\/","https:\/\/www.linkedin.com\/matisiceland\/","https:\/\/www.youtube.com\/channel\/UCY-frt3uTqgVZW-DLjoo5bA"]}]}},"spectra_custom_meta":{"_edit_lock":["1630502106:5"],"_thumbnail_id":["34164"],"_wp_page_template":["templates\/template-cover.php"],"_edit_last":["5"],"valmynd_a_undirsidu":["1"],"_valmynd_a_undirsidu":["field_5f9970348837c"],"undirvalmynd_a_parentsidu":["0"],"_undirvalmynd_a_parentsidu":["field_5f9addfe68a79"],"tengilidur":["28250"],"_tengilidur":["field_5ef905e0538b2"],"_yoast_wpseo_metadesc":["Mat\u00eds b\u00fd\u00f0ur upp \u00e1 margv\u00edslega \u00fej\u00f3nustu tengda g\u00e6\u00f0am\u00e1lum."],"_yoast_wpseo_content_score":["30"],"_yoast_wpseo_estimated-reading-time-minutes":["2"],"_uag_css_file_name":["uag-css-34510.css"],"_uag_page_assets":["a:9:{s:3:\"css\";s:263:\".uag-blocks-common-selector{z-index:var(--z-index-desktop) !important}@media (max-width: 976px){.uag-blocks-common-selector{z-index:var(--z-index-tablet) !important}}@media (max-width: 767px){.uag-blocks-common-selector{z-index:var(--z-index-mobile) !important}}\n\";s:2:\"js\";s:0:\"\";s:18:\"current_block_list\";a:6:{i:0;s:12:\"core\/heading\";i:1;s:14:\"core\/paragraph\";i:2;s:12:\"core\/buttons\";i:3;s:11:\"core\/button\";i:4;s:12:\"core\/columns\";i:5;s:11:\"core\/column\";}s:8:\"uag_flag\";b:0;s:11:\"uag_version\";s:10:\"1776432937\";s:6:\"gfonts\";a:0:{}s:10:\"gfonts_url\";s:0:\"\";s:12:\"gfonts_files\";a:0:{}s:14:\"uag_faq_layout\";b:0;}"]},"uagb_featured_image_src":{"full":["https:\/\/matis.is\/wp-content\/uploads\/2020\/07\/dosamatur-minni.jpg",2448,1633,false],"thumbnail":["https:\/\/matis.is\/wp-content\/uploads\/2020\/07\/dosamatur-minni-150x150.jpg",150,150,true],"medium":["https:\/\/matis.is\/wp-content\/uploads\/2020\/07\/dosamatur-minni-300x200.jpg",300,200,true],"medium_large":["https:\/\/matis.is\/wp-content\/uploads\/2020\/07\/dosamatur-minni-768x512.jpg",768,512,true],"large":["https:\/\/matis.is\/wp-content\/uploads\/2020\/07\/dosamatur-minni-1024x683.jpg",1024,683,true],"1536x1536":["https:\/\/matis.is\/wp-content\/uploads\/2020\/07\/dosamatur-minni-1536x1025.jpg",1536,1025,true],"2048x2048":["https:\/\/matis.is\/wp-content\/uploads\/2020\/07\/dosamatur-minni-2048x1366.jpg",2048,1366,true],"trp-custom-language-flag":["https:\/\/matis.is\/wp-content\/uploads\/2020\/07\/dosamatur-minni.jpg",18,12,false]},"uagb_author_info":{"display_name":"admin","author_link":"https:\/\/matis.is\/en\/author\/thormodurmatis-is\/"},"uagb_comment_info":0,"uagb_excerpt":"Framleiddu \u00f6rugga h\u00e1g\u00e6\u00f0av\u00f6ru Mat\u00eds b\u00fd\u00f0ur upp \u00e1 margv\u00edslega \u00fej\u00f3nustu tengda g\u00e6\u00f0am\u00e1lum, allt fr\u00e1 erf\u00f0a-, \u00f6rveru- og efnam\u00e6lingum, til uppsetningar g\u00e6\u00f0ahandb\u00f3ka [&hellip;]","_links":{"self":[{"href":"https:\/\/matis.is\/en\/wp-json\/wp\/v2\/pages\/34510","targetHints":{"allow":["GET"]}}],"collection":[{"href":"https:\/\/matis.is\/en\/wp-json\/wp\/v2\/pages"}],"about":[{"href":"https:\/\/matis.is\/en\/wp-json\/wp\/v2\/types\/page"}],"author":[{"embeddable":true,"href":"https:\/\/matis.is\/en\/wp-json\/wp\/v2\/users\/1"}],"replies":[{"embeddable":true,"href":"https:\/\/matis.is\/en\/wp-json\/wp\/v2\/comments?post=34510"}],"version-history":[{"count":1,"href":"https:\/\/matis.is\/en\/wp-json\/wp\/v2\/pages\/34510\/revisions"}],"predecessor-version":[{"id":44215,"href":"https:\/\/matis.is\/en\/wp-json\/wp\/v2\/pages\/34510\/revisions\/44215"}],"up":[{"embeddable":true,"href":"https:\/\/matis.is\/en\/wp-json\/wp\/v2\/pages\/144"}],"wp:featuredmedia":[{"embeddable":true,"href":"https:\/\/matis.is\/en\/wp-json\/wp\/v2\/media\/34164"}],"wp:attachment":[{"href":"https:\/\/matis.is\/en\/wp-json\/wp\/v2\/media?parent=34510"}],"curies":[{"name":"wp","href":"https:\/\/api.w.org\/{rel}","templated":true}]}}