{"id":34618,"date":"2021-02-02T11:47:42","date_gmt":"2021-02-02T11:47:42","guid":{"rendered":"https:\/\/new.matis.is\/?page_id=34618"},"modified":"2026-03-18T14:30:23","modified_gmt":"2026-03-18T14:30:23","slug":"naeringargildi-matvaela-isgem","status":"publish","type":"page","link":"https:\/\/matis.is\/en\/naeringargildi-matvaela-isgem\/","title":{"rendered":"The Icelandic Food Composition Database (ISGEM)"},"content":{"rendered":"<p>The Icelandic Food Composition Database, ISGEM, is used in Iceland as an information resource. The database is used for nutrition surveys, nutrition counselling, education and in the food industry. ISGEM contains nutrient data on 1400 foods. Most of the information on ISGEM at the Matis website is in Icelandic. However, it is possible to search the ISGEM Database using English food names. It is relatively easy to understand the Icelandic names for nutrients.<\/p>\n\n\n\n<div class=\"wp-block-buttons is-content-justification-left is-layout-flex wp-container-core-buttons-is-layout-fc4fd283 wp-block-buttons-is-layout-flex\">\n<div class=\"wp-block-button\"><a class=\"wp-block-button__link has-normal-font-size has-custom-font-size wp-element-button\" href=\"https:\/\/matis.is\/en\/naeringargildi-matvaela-isgem\/isgem\/\" style=\"border-radius:5px\">Search for food in the ISGEM database<\/a><\/div>\n\n\n\n<div class=\"wp-block-button link-is\"><a class=\"wp-block-button__link has-background has-normal-font-size has-custom-font-size wp-element-button\" href=\"https:\/\/matis.is\/en\/naeringargildi-matvaela-isgem\/isgem-skyringar\/\" style=\"border-radius:5px;background-color:#ff7e00\">ISGEM Database Description in Icelandic<\/a><\/div>\n<\/div>\n\n\n\n\n\n<ul class=\"wp-block-list\">\n\n\n\n\n\n<\/ul>\n\n\n\n<p><\/p>","protected":false},"excerpt":{"rendered":"<p>The Icelandic Food Composition Database, ISGEM, is used in Iceland as an information resource. The database is used for nutrition [&hellip;]<\/p>\n","protected":false},"author":1,"featured_media":33828,"parent":0,"menu_order":0,"comment_status":"closed","ping_status":"closed","template":"","meta":{"_acf_changed":false,"_uag_custom_page_level_css":"","site-sidebar-layout":"right-sidebar","site-content-layout":"","ast-site-content-layout":"normal-width-container","site-content-style":"default","site-sidebar-style":"default","ast-global-header-display":"","ast-banner-title-visibility":"","ast-main-header-display":"","ast-hfb-above-header-display":"","ast-hfb-below-header-display":"","ast-hfb-mobile-header-display":"","site-post-title":"","ast-breadcrumbs-content":"","ast-featured-img":"","footer-sml-layout":"","ast-disable-related-posts":"","theme-transparent-header-meta":"","adv-header-id-meta":"","stick-header-meta":"","header-above-stick-meta":"","header-main-stick-meta":"","header-below-stick-meta":"","astra-migrate-meta-layouts":"default","ast-page-background-enabled":"default","ast-page-background-meta":{"desktop":{"background-color":"var(--ast-global-color-5)","background-image":"","background-repeat":"repeat","background-position":"center center","background-size":"auto","background-attachment":"scroll","background-type":"","background-media":"","overlay-type":"","overlay-color":"","overlay-opacity":"","overlay-gradient":""},"tablet":{"background-color":"","background-image":"","background-repeat":"repeat","background-position":"center center","background-size":"auto","background-attachment":"scroll","background-type":"","background-media":"","overlay-type":"","overlay-color":"","overlay-opacity":"","overlay-gradient":""},"mobile":{"background-color":"","background-image":"","background-repeat":"repeat","background-position":"center center","background-size":"auto","background-attachment":"scroll","background-type":"","background-media":"","overlay-type":"","overlay-color":"","overlay-opacity":"","overlay-gradient":""}},"ast-content-background-meta":{"desktop":{"background-color":"var(--ast-global-color-4)","background-image":"","background-repeat":"repeat","background-position":"center center","background-size":"auto","background-attachment":"scroll","background-type":"","background-media":"","overlay-type":"","overlay-color":"","overlay-opacity":"","overlay-gradient":""},"tablet":{"background-color":"var(--ast-global-color-4)","background-image":"","background-repeat":"repeat","background-position":"center center","background-size":"auto","background-attachment":"scroll","background-type":"","background-media":"","overlay-type":"","overlay-color":"","overlay-opacity":"","overlay-gradient":""},"mobile":{"background-color":"var(--ast-global-color-4)","background-image":"","background-repeat":"repeat","background-position":"center center","background-size":"auto","background-attachment":"scroll","background-type":"","background-media":"","overlay-type":"","overlay-color":"","overlay-opacity":"","overlay-gradient":""}},"footnotes":""},"class_list":["post-34618","page","type-page","status-publish","has-post-thumbnail","hentry"],"acf":[],"yoast_head":"<!-- This site is optimized with the Yoast SEO plugin v27.2 - https:\/\/yoast.com\/product\/yoast-seo-wordpress\/ -->\n<title>\u00cdslenski gagnagrunnurinn um efnainnihald matv\u00e6la (\u00cdSGEM) - Mat\u00eds<\/title>\n<meta name=\"description\" content=\"(\u00cdSGEM) gagnagrunnurinn geymir uppl\u00fdsingar um efnainnihald matv\u00e6la sem eru \u00e1 \u00edslenskum marka\u00f0i.\" \/>\n<meta name=\"robots\" content=\"index, follow, max-snippet:-1, max-image-preview:large, max-video-preview:-1\" \/>\n<link rel=\"canonical\" href=\"https:\/\/matis.is\/en\/naeringargildi-matvaela-isgem\/\" \/>\n<meta property=\"og:locale\" content=\"en_GB\" \/>\n<meta property=\"og:type\" content=\"article\" \/>\n<meta property=\"og:title\" content=\"\u00cdslenski gagnagrunnurinn um efnainnihald matv\u00e6la (\u00cdSGEM) - Mat\u00eds\" \/>\n<meta property=\"og:description\" content=\"(\u00cdSGEM) gagnagrunnurinn geymir uppl\u00fdsingar um efnainnihald matv\u00e6la sem eru \u00e1 \u00edslenskum marka\u00f0i.\" \/>\n<meta property=\"og:url\" content=\"https:\/\/matis.is\/en\/naeringargildi-matvaela-isgem\/\" \/>\n<meta property=\"og:site_name\" content=\"Mat\u00eds\" \/>\n<meta property=\"article:publisher\" content=\"https:\/\/www.facebook.com\/matisiceland\" \/>\n<meta property=\"article:modified_time\" content=\"2026-03-18T14:30:23+00:00\" \/>\n<meta property=\"og:image\" content=\"https:\/\/matis.is\/wp-content\/uploads\/2021\/01\/matarbord-minni.jpg\" \/>\n\t<meta property=\"og:image:width\" content=\"2210\" \/>\n\t<meta property=\"og:image:height\" content=\"1809\" \/>\n\t<meta property=\"og:image:type\" content=\"image\/jpeg\" \/>\n<meta name=\"twitter:card\" content=\"summary_large_image\" \/>\n<meta name=\"twitter:site\" content=\"@matisiceland\" \/>\n<meta name=\"twitter:label1\" content=\"Estimated reading time\" \/>\n\t<meta name=\"twitter:data1\" content=\"3 minutes\" \/>\n<script type=\"application\/ld+json\" class=\"yoast-schema-graph\">{\"@context\":\"https:\/\/schema.org\",\"@graph\":[{\"@type\":\"WebPage\",\"@id\":\"https:\/\/matis.is\/naeringargildi-matvaela-isgem\/\",\"url\":\"https:\/\/matis.is\/naeringargildi-matvaela-isgem\/\",\"name\":\"\u00cdslenski gagnagrunnurinn um efnainnihald matv\u00e6la (\u00cdSGEM) - Mat\u00eds\",\"isPartOf\":{\"@id\":\"https:\/\/matis.is\/#website\"},\"primaryImageOfPage\":{\"@id\":\"https:\/\/matis.is\/naeringargildi-matvaela-isgem\/#primaryimage\"},\"image\":{\"@id\":\"https:\/\/matis.is\/naeringargildi-matvaela-isgem\/#primaryimage\"},\"thumbnailUrl\":\"https:\/\/matis.is\/wp-content\/uploads\/2021\/01\/matarbord-minni.jpg\",\"datePublished\":\"2021-02-02T11:47:42+00:00\",\"dateModified\":\"2026-03-18T14:30:23+00:00\",\"description\":\"(\u00cdSGEM) gagnagrunnurinn geymir uppl\u00fdsingar um efnainnihald matv\u00e6la sem eru \u00e1 \u00edslenskum marka\u00f0i.\",\"breadcrumb\":{\"@id\":\"https:\/\/matis.is\/naeringargildi-matvaela-isgem\/#breadcrumb\"},\"inLanguage\":\"en-GB\",\"potentialAction\":[{\"@type\":\"ReadAction\",\"target\":[\"https:\/\/matis.is\/naeringargildi-matvaela-isgem\/\"]}]},{\"@type\":\"ImageObject\",\"inLanguage\":\"en-GB\",\"@id\":\"https:\/\/matis.is\/naeringargildi-matvaela-isgem\/#primaryimage\",\"url\":\"https:\/\/matis.is\/wp-content\/uploads\/2021\/01\/matarbord-minni.jpg\",\"contentUrl\":\"https:\/\/matis.is\/wp-content\/uploads\/2021\/01\/matarbord-minni.jpg\",\"width\":2210,\"height\":1809},{\"@type\":\"BreadcrumbList\",\"@id\":\"https:\/\/matis.is\/naeringargildi-matvaela-isgem\/#breadcrumb\",\"itemListElement\":[{\"@type\":\"ListItem\",\"position\":1,\"name\":\"Home\",\"item\":\"https:\/\/matis.is\/\"},{\"@type\":\"ListItem\",\"position\":2,\"name\":\"\u00cdslenski gagnagrunnurinn um efnainnihald matv\u00e6la (\u00cdSGEM)\"}]},{\"@type\":\"WebSite\",\"@id\":\"https:\/\/matis.is\/#website\",\"url\":\"https:\/\/matis.is\/\",\"name\":\"Mat\u00eds\",\"description\":\"Ver\u00f0m\u00e6task\u00f6pun, matv\u00e6la\u00f6ryggi og l\u00fd\u00f0heilsa\",\"publisher\":{\"@id\":\"https:\/\/matis.is\/#organization\"},\"potentialAction\":[{\"@type\":\"SearchAction\",\"target\":{\"@type\":\"EntryPoint\",\"urlTemplate\":\"https:\/\/matis.is\/?s={search_term_string}\"},\"query-input\":{\"@type\":\"PropertyValueSpecification\",\"valueRequired\":true,\"valueName\":\"search_term_string\"}}],\"inLanguage\":\"en-GB\"},{\"@type\":\"Organization\",\"@id\":\"https:\/\/matis.is\/#organization\",\"name\":\"Mat\u00eds ohf.\",\"url\":\"https:\/\/matis.is\/\",\"logo\":{\"@type\":\"ImageObject\",\"inLanguage\":\"en-GB\",\"@id\":\"https:\/\/matis.is\/#\/schema\/logo\/image\/\",\"url\":\"https:\/\/matis.is\/wp-content\/uploads\/2021\/02\/matis_logo_blatthvitt.png\",\"contentUrl\":\"https:\/\/matis.is\/wp-content\/uploads\/2021\/02\/matis_logo_blatthvitt.png\",\"width\":1507,\"height\":1507,\"caption\":\"Mat\u00eds ohf.\"},\"image\":{\"@id\":\"https:\/\/matis.is\/#\/schema\/logo\/image\/\"},\"sameAs\":[\"https:\/\/www.facebook.com\/matisiceland\",\"https:\/\/x.com\/matisiceland\",\"https:\/\/www.instagram.com\/matisiceland\/\",\"https:\/\/www.linkedin.com\/matisiceland\/\",\"https:\/\/www.youtube.com\/channel\/UCY-frt3uTqgVZW-DLjoo5bA\"]}]}<\/script>\n<!-- \/ Yoast SEO plugin. -->","yoast_head_json":{"title":"The Icelandic database on the chemical content of food (\u00cdSGEM) - Mat\u00eds","description":"(\u00cdSGEM) database contains information on the chemical content of foods on the Icelandic market.","robots":{"index":"index","follow":"follow","max-snippet":"max-snippet:-1","max-image-preview":"max-image-preview:large","max-video-preview":"max-video-preview:-1"},"canonical":"https:\/\/matis.is\/en\/naeringargildi-matvaela-isgem\/","og_locale":"en_GB","og_type":"article","og_title":"\u00cdslenski gagnagrunnurinn um efnainnihald matv\u00e6la (\u00cdSGEM) - Mat\u00eds","og_description":"(\u00cdSGEM) gagnagrunnurinn geymir uppl\u00fdsingar um efnainnihald matv\u00e6la sem eru \u00e1 \u00edslenskum marka\u00f0i.","og_url":"https:\/\/matis.is\/en\/naeringargildi-matvaela-isgem\/","og_site_name":"Mat\u00eds","article_publisher":"https:\/\/www.facebook.com\/matisiceland","article_modified_time":"2026-03-18T14:30:23+00:00","og_image":[{"width":2210,"height":1809,"url":"https:\/\/matis.is\/wp-content\/uploads\/2021\/01\/matarbord-minni.jpg","type":"image\/jpeg"}],"twitter_card":"summary_large_image","twitter_site":"@matisiceland","twitter_misc":{"Estimated reading time":"3 minutes"},"schema":{"@context":"https:\/\/schema.org","@graph":[{"@type":"WebPage","@id":"https:\/\/matis.is\/naeringargildi-matvaela-isgem\/","url":"https:\/\/matis.is\/naeringargildi-matvaela-isgem\/","name":"The Icelandic database on the chemical content of food (\u00cdSGEM) - Mat\u00eds","isPartOf":{"@id":"https:\/\/matis.is\/#website"},"primaryImageOfPage":{"@id":"https:\/\/matis.is\/naeringargildi-matvaela-isgem\/#primaryimage"},"image":{"@id":"https:\/\/matis.is\/naeringargildi-matvaela-isgem\/#primaryimage"},"thumbnailUrl":"https:\/\/matis.is\/wp-content\/uploads\/2021\/01\/matarbord-minni.jpg","datePublished":"2021-02-02T11:47:42+00:00","dateModified":"2026-03-18T14:30:23+00:00","description":"(\u00cdSGEM) database contains information on the chemical content of foods on the Icelandic market.","breadcrumb":{"@id":"https:\/\/matis.is\/naeringargildi-matvaela-isgem\/#breadcrumb"},"inLanguage":"en-GB","potentialAction":[{"@type":"ReadAction","target":["https:\/\/matis.is\/naeringargildi-matvaela-isgem\/"]}]},{"@type":"ImageObject","inLanguage":"en-GB","@id":"https:\/\/matis.is\/naeringargildi-matvaela-isgem\/#primaryimage","url":"https:\/\/matis.is\/wp-content\/uploads\/2021\/01\/matarbord-minni.jpg","contentUrl":"https:\/\/matis.is\/wp-content\/uploads\/2021\/01\/matarbord-minni.jpg","width":2210,"height":1809},{"@type":"BreadcrumbList","@id":"https:\/\/matis.is\/naeringargildi-matvaela-isgem\/#breadcrumb","itemListElement":[{"@type":"ListItem","position":1,"name":"Home","item":"https:\/\/matis.is\/"},{"@type":"ListItem","position":2,"name":"\u00cdslenski gagnagrunnurinn um efnainnihald matv\u00e6la (\u00cdSGEM)"}]},{"@type":"WebSite","@id":"https:\/\/matis.is\/#website","url":"https:\/\/matis.is\/","name":"Mat\u00eds","description":"Value creation, food security and public health","publisher":{"@id":"https:\/\/matis.is\/#organization"},"potentialAction":[{"@type":"SearchAction","target":{"@type":"EntryPoint","urlTemplate":"https:\/\/matis.is\/?s={search_term_string}"},"query-input":{"@type":"PropertyValueSpecification","valueRequired":true,"valueName":"search_term_string"}}],"inLanguage":"en-GB"},{"@type":"Organization","@id":"https:\/\/matis.is\/#organization","name":"Mat\u00eds ohf.","url":"https:\/\/matis.is\/","logo":{"@type":"ImageObject","inLanguage":"en-GB","@id":"https:\/\/matis.is\/#\/schema\/logo\/image\/","url":"https:\/\/matis.is\/wp-content\/uploads\/2021\/02\/matis_logo_blatthvitt.png","contentUrl":"https:\/\/matis.is\/wp-content\/uploads\/2021\/02\/matis_logo_blatthvitt.png","width":1507,"height":1507,"caption":"Mat\u00eds ohf."},"image":{"@id":"https:\/\/matis.is\/#\/schema\/logo\/image\/"},"sameAs":["https:\/\/www.facebook.com\/matisiceland","https:\/\/x.com\/matisiceland","https:\/\/www.instagram.com\/matisiceland\/","https:\/\/www.linkedin.com\/matisiceland\/","https:\/\/www.youtube.com\/channel\/UCY-frt3uTqgVZW-DLjoo5bA"]}]}},"spectra_custom_meta":{"_edit_lock":["1773845000:7"],"_edit_last":["7"],"valmynd_a_undirsidu":["0"],"_valmynd_a_undirsidu":["field_5f9970348837c"],"undirvalmynd_a_parentsidu":["1"],"_undirvalmynd_a_parentsidu":["field_5f9addfe68a79"],"tengilidur":["39739"],"_tengilidur":["field_5ef905e0538b2"],"_thumbnail_id":["33828"],"_wp_page_template":["default"],"_yoast_wpseo_content_score":["90"],"_yoast_wpseo_estimated-reading-time-minutes":["3"],"_yoast_wpseo_metadesc":["(\u00cdSGEM) gagnagrunnurinn geymir uppl\u00fdsingar um efnainnihald matv\u00e6la sem eru \u00e1 \u00edslenskum marka\u00f0i."],"_yoast_wpseo_wordproof_timestamp":[""],"footnotes":[""],"cmplz_hide_cookiebanner":[""],"_uag_custom_page_level_css":[""],"site-sidebar-layout":["right-sidebar"],"site-content-layout":[""],"ast-site-content-layout":["normal-width-container"],"site-content-style":["default"],"site-sidebar-style":["default"],"ast-global-header-display":[""],"ast-banner-title-visibility":[""],"ast-main-header-display":[""],"ast-hfb-above-header-display":[""],"ast-hfb-below-header-display":[""],"ast-hfb-mobile-header-display":[""],"site-post-title":[""],"ast-breadcrumbs-content":[""],"ast-featured-img":[""],"footer-sml-layout":[""],"theme-transparent-header-meta":[""],"adv-header-id-meta":[""],"stick-header-meta":[""],"header-above-stick-meta":[""],"header-main-stick-meta":[""],"header-below-stick-meta":[""],"astra-migrate-meta-layouts":["default"],"ast-page-background-enabled":["default"],"ast-page-background-meta":["a:3:{s:7:\"desktop\";a:12:{s:16:\"background-color\";s:25:\"var(--ast-global-color-5)\";s:16:\"background-image\";s:0:\"\";s:17:\"background-repeat\";s:6:\"repeat\";s:19:\"background-position\";s:13:\"center center\";s:15:\"background-size\";s:4:\"auto\";s:21:\"background-attachment\";s:6:\"scroll\";s:15:\"background-type\";s:0:\"\";s:16:\"background-media\";s:0:\"\";s:12:\"overlay-type\";s:0:\"\";s:13:\"overlay-color\";s:0:\"\";s:15:\"overlay-opacity\";s:0:\"\";s:16:\"overlay-gradient\";s:0:\"\";}s:6:\"tablet\";a:12:{s:16:\"background-color\";s:0:\"\";s:16:\"background-image\";s:0:\"\";s:17:\"background-repeat\";s:6:\"repeat\";s:19:\"background-position\";s:13:\"center center\";s:15:\"background-size\";s:4:\"auto\";s:21:\"background-attachment\";s:6:\"scroll\";s:15:\"background-type\";s:0:\"\";s:16:\"background-media\";s:0:\"\";s:12:\"overlay-type\";s:0:\"\";s:13:\"overlay-color\";s:0:\"\";s:15:\"overlay-opacity\";s:0:\"\";s:16:\"overlay-gradient\";s:0:\"\";}s:6:\"mobile\";a:12:{s:16:\"background-color\";s:0:\"\";s:16:\"background-image\";s:0:\"\";s:17:\"background-repeat\";s:6:\"repeat\";s:19:\"background-position\";s:13:\"center center\";s:15:\"background-size\";s:4:\"auto\";s:21:\"background-attachment\";s:6:\"scroll\";s:15:\"background-type\";s:0:\"\";s:16:\"background-media\";s:0:\"\";s:12:\"overlay-type\";s:0:\"\";s:13:\"overlay-color\";s:0:\"\";s:15:\"overlay-opacity\";s:0:\"\";s:16:\"overlay-gradient\";s:0:\"\";}}"],"ast-content-background-meta":["a:3:{s:7:\"desktop\";a:12:{s:16:\"background-color\";s:25:\"var(--ast-global-color-4)\";s:16:\"background-image\";s:0:\"\";s:17:\"background-repeat\";s:6:\"repeat\";s:19:\"background-position\";s:13:\"center center\";s:15:\"background-size\";s:4:\"auto\";s:21:\"background-attachment\";s:6:\"scroll\";s:15:\"background-type\";s:0:\"\";s:16:\"background-media\";s:0:\"\";s:12:\"overlay-type\";s:0:\"\";s:13:\"overlay-color\";s:0:\"\";s:15:\"overlay-opacity\";s:0:\"\";s:16:\"overlay-gradient\";s:0:\"\";}s:6:\"tablet\";a:12:{s:16:\"background-color\";s:25:\"var(--ast-global-color-4)\";s:16:\"background-image\";s:0:\"\";s:17:\"background-repeat\";s:6:\"repeat\";s:19:\"background-position\";s:13:\"center center\";s:15:\"background-size\";s:4:\"auto\";s:21:\"background-attachment\";s:6:\"scroll\";s:15:\"background-type\";s:0:\"\";s:16:\"background-media\";s:0:\"\";s:12:\"overlay-type\";s:0:\"\";s:13:\"overlay-color\";s:0:\"\";s:15:\"overlay-opacity\";s:0:\"\";s:16:\"overlay-gradient\";s:0:\"\";}s:6:\"mobile\";a:12:{s:16:\"background-color\";s:25:\"var(--ast-global-color-4)\";s:16:\"background-image\";s:0:\"\";s:17:\"background-repeat\";s:6:\"repeat\";s:19:\"background-position\";s:13:\"center center\";s:15:\"background-size\";s:4:\"auto\";s:21:\"background-attachment\";s:6:\"scroll\";s:15:\"background-type\";s:0:\"\";s:16:\"background-media\";s:0:\"\";s:12:\"overlay-type\";s:0:\"\";s:13:\"overlay-color\";s:0:\"\";s:15:\"overlay-opacity\";s:0:\"\";s:16:\"overlay-gradient\";s:0:\"\";}}"],"ilj_blacklistdefinition":["a:0:{}"],"ilj_linkdefinition":["a:0:{}"],"_uag_css_file_name":["uag-css-34618.css"],"_uag_page_assets":["a:9:{s:3:\"css\";s:263:\".uag-blocks-common-selector{z-index:var(--z-index-desktop) !important}@media (max-width: 976px){.uag-blocks-common-selector{z-index:var(--z-index-tablet) !important}}@media (max-width: 767px){.uag-blocks-common-selector{z-index:var(--z-index-mobile) !important}}\n\";s:2:\"js\";s:0:\"\";s:18:\"current_block_list\";a:8:{i:0;s:12:\"core\/heading\";i:1;s:14:\"core\/paragraph\";i:2;s:12:\"core\/buttons\";i:3;s:11:\"core\/button\";i:4;s:9:\"core\/list\";i:5;s:14:\"core\/list-item\";i:6;s:12:\"core\/columns\";i:7;s:11:\"core\/column\";}s:8:\"uag_flag\";b:0;s:11:\"uag_version\";s:10:\"1775648310\";s:6:\"gfonts\";a:0:{}s:10:\"gfonts_url\";s:0:\"\";s:12:\"gfonts_files\";a:0:{}s:14:\"uag_faq_layout\";b:0;}"]},"uagb_featured_image_src":{"full":["https:\/\/matis.is\/wp-content\/uploads\/2021\/01\/matarbord-minni.jpg",2210,1809,false],"thumbnail":["https:\/\/matis.is\/wp-content\/uploads\/2021\/01\/matarbord-minni-150x150.jpg",150,150,true],"medium":["https:\/\/matis.is\/wp-content\/uploads\/2021\/01\/matarbord-minni-300x246.jpg",300,246,true],"medium_large":["https:\/\/matis.is\/wp-content\/uploads\/2021\/01\/matarbord-minni-768x629.jpg",768,629,true],"large":["https:\/\/matis.is\/wp-content\/uploads\/2021\/01\/matarbord-minni-1024x838.jpg",1024,838,true],"1536x1536":["https:\/\/matis.is\/wp-content\/uploads\/2021\/01\/matarbord-minni-1536x1257.jpg",1536,1257,true],"2048x2048":["https:\/\/matis.is\/wp-content\/uploads\/2021\/01\/matarbord-minni-2048x1676.jpg",2048,1676,true],"trp-custom-language-flag":["https:\/\/matis.is\/wp-content\/uploads\/2021\/01\/matarbord-minni.jpg",15,12,false]},"uagb_author_info":{"display_name":"admin","author_link":"https:\/\/matis.is\/en\/author\/thormodurmatis-is\/"},"uagb_comment_info":0,"uagb_excerpt":"The Icelandic Food Composition Database, ISGEM, is used in Iceland as an information resource. The database is used for nutrition [&hellip;]","_links":{"self":[{"href":"https:\/\/matis.is\/en\/wp-json\/wp\/v2\/pages\/34618","targetHints":{"allow":["GET"]}}],"collection":[{"href":"https:\/\/matis.is\/en\/wp-json\/wp\/v2\/pages"}],"about":[{"href":"https:\/\/matis.is\/en\/wp-json\/wp\/v2\/types\/page"}],"author":[{"embeddable":true,"href":"https:\/\/matis.is\/en\/wp-json\/wp\/v2\/users\/1"}],"replies":[{"embeddable":true,"href":"https:\/\/matis.is\/en\/wp-json\/wp\/v2\/comments?post=34618"}],"version-history":[{"count":49,"href":"https:\/\/matis.is\/en\/wp-json\/wp\/v2\/pages\/34618\/revisions"}],"predecessor-version":[{"id":57154,"href":"https:\/\/matis.is\/en\/wp-json\/wp\/v2\/pages\/34618\/revisions\/57154"}],"wp:featuredmedia":[{"embeddable":true,"href":"https:\/\/matis.is\/en\/wp-json\/wp\/v2\/media\/33828"}],"wp:attachment":[{"href":"https:\/\/matis.is\/en\/wp-json\/wp\/v2\/media?parent=34618"}],"curies":[{"name":"wp","href":"https:\/\/api.w.org\/{rel}","templated":true}]}}