{"id":34769,"date":"2021-02-03T10:53:15","date_gmt":"2021-02-03T10:53:15","guid":{"rendered":"https:\/\/new.matis.is\/?page_id=34769"},"modified":"2026-02-03T10:33:06","modified_gmt":"2026-02-03T10:33:06","slug":"akureyri","status":"publish","type":"page","link":"https:\/\/matis.is\/en\/um-matis\/starfsstodvar\/akureyri\/","title":{"rendered":"Akureyri"},"content":{"rendered":"<h4 class=\"wp-block-heading\">In Akureyri, Mat\u00eds conducts research, development and innovation and offers extensive services to parties in the region.<\/h4>\n\n\n\n\n\n\n<p>The office in Akureyri is an active collaboration platform between Mat\u00eds, the University of Akureyri and companies in the region, both in food production, development of technical solutions, information technology, aquaculture and environmental and sustainability issues. <\/p>\n\n\n\n<p>The work center is based on local priorities, especially flounder and meat processing, but a large part of the country&#039;s flounder catch is processed in northern fish processing plants, which are now considered to be the most advanced processing houses in the world in terms of automation. The area has meat processing plants that are among the largest in the country, and agriculture is strong. <\/p>\n\n\n\n<p>The research community in Borgur has facilities for biotechnological research and innovation in the field of fisheries studies, where Mat\u00eds teaches and researches in collaboration with the University of Akureyri.<\/p>\n\n\n\n<h4 class=\"wp-block-heading\">Mat\u00eds in Akureyri<\/h4>\n\n\n\n<p>We pay at the Arctic<br>600 Akureyri<br>Phone: 422 5131<\/p>\n\n\n\t\t\t<div \n\t\t\tclass=\"wp-block-uagb-google-map uagb-google-map__wrap uagb-block-aceec358\"\n\t\t\tstyle=\"\" >\n\t\t\t\t<embed\n\t\t\t\t\tclass=\"uagb-google-map__iframe\"\n\t\t\t\t\ttitle=\"Google Map for \"\n\t\t\t\t\tsrc=\"https:\/\/maps.google.com\/maps?q=Borgir%20600%20akureyri&#038;z=12&#038;hl=en&#038;t=m&#038;output=embed&#038;iwloc=near\"\n\t\t\t\t\twidth=\"640\"\n\t\t\t\t\theight=\"300\"\n\t\t\t\t\tloading=\"lazy\"\n\t\t\t\t><\/embed>\n\t\t\t<\/div>","protected":false},"excerpt":{"rendered":"<p>\u00c1 Akureyri stundar Mat\u00eds ranns\u00f3knir, \u00fer\u00f3un og n\u00fdsk\u00f6pun og b\u00fd\u00f0ur upp \u00e1 v\u00ed\u00f0t\u00e6ka \u00fej\u00f3nustu vi\u00f0 a\u00f0ila \u00e1 sv\u00e6\u00f0inu. Starfsst\u00f6\u00f0in \u00e1 [&hellip;]<\/p>\n","protected":false},"author":1,"featured_media":28789,"parent":214,"menu_order":0,"comment_status":"closed","ping_status":"closed","template":"","meta":{"_acf_changed":false,"_uag_custom_page_level_css":"","site-sidebar-layout":"default","site-content-layout":"","ast-site-content-layout":"default","site-content-style":"default","site-sidebar-style":"default","ast-global-header-display":"","ast-banner-title-visibility":"","ast-main-header-display":"","ast-hfb-above-header-display":"","ast-hfb-below-header-display":"","ast-hfb-mobile-header-display":"","site-post-title":"","ast-breadcrumbs-content":"","ast-featured-img":"","footer-sml-layout":"","ast-disable-related-posts":"","theme-transparent-header-meta":"","adv-header-id-meta":"","stick-header-meta":"","header-above-stick-meta":"","header-main-stick-meta":"","header-below-stick-meta":"","astra-migrate-meta-layouts":"default","ast-page-background-enabled":"default","ast-page-background-meta":{"desktop":{"background-color":"var(--ast-global-color-5)","background-image":"","background-repeat":"repeat","background-position":"center center","background-size":"auto","background-attachment":"scroll","background-type":"","background-media":"","overlay-type":"","overlay-color":"","overlay-opacity":"","overlay-gradient":""},"tablet":{"background-color":"","background-image":"","background-repeat":"repeat","background-position":"center center","background-size":"auto","background-attachment":"scroll","background-type":"","background-media":"","overlay-type":"","overlay-color":"","overlay-opacity":"","overlay-gradient":""},"mobile":{"background-color":"","background-image":"","background-repeat":"repeat","background-position":"center center","background-size":"auto","background-attachment":"scroll","background-type":"","background-media":"","overlay-type":"","overlay-color":"","overlay-opacity":"","overlay-gradient":""}},"ast-content-background-meta":{"desktop":{"background-color":"var(--ast-global-color-4)","background-image":"","background-repeat":"repeat","background-position":"center center","background-size":"auto","background-attachment":"scroll","background-type":"","background-media":"","overlay-type":"","overlay-color":"","overlay-opacity":"","overlay-gradient":""},"tablet":{"background-color":"var(--ast-global-color-4)","background-image":"","background-repeat":"repeat","background-position":"center center","background-size":"auto","background-attachment":"scroll","background-type":"","background-media":"","overlay-type":"","overlay-color":"","overlay-opacity":"","overlay-gradient":""},"mobile":{"background-color":"var(--ast-global-color-4)","background-image":"","background-repeat":"repeat","background-position":"center center","background-size":"auto","background-attachment":"scroll","background-type":"","background-media":"","overlay-type":"","overlay-color":"","overlay-opacity":"","overlay-gradient":""}},"footnotes":""},"class_list":["post-34769","page","type-page","status-publish","has-post-thumbnail","hentry"],"acf":[],"yoast_head":"<!-- This site is optimized with the Yoast SEO plugin v27.2 - https:\/\/yoast.com\/product\/yoast-seo-wordpress\/ -->\n<title>Akureyri - Mat\u00eds<\/title>\n<meta name=\"robots\" content=\"index, follow, max-snippet:-1, max-image-preview:large, max-video-preview:-1\" \/>\n<link rel=\"canonical\" href=\"https:\/\/matis.is\/en\/um-matis\/starfsstodvar\/akureyri\/\" \/>\n<meta property=\"og:locale\" content=\"en_GB\" \/>\n<meta property=\"og:type\" content=\"article\" \/>\n<meta property=\"og:title\" content=\"Akureyri - Mat\u00eds\" \/>\n<meta property=\"og:description\" content=\"\u00c1 Akureyri stundar Mat\u00eds ranns\u00f3knir, \u00fer\u00f3un og n\u00fdsk\u00f6pun og b\u00fd\u00f0ur upp \u00e1 v\u00ed\u00f0t\u00e6ka \u00fej\u00f3nustu vi\u00f0 a\u00f0ila \u00e1 sv\u00e6\u00f0inu. Starfsst\u00f6\u00f0in \u00e1 [&hellip;]\" \/>\n<meta property=\"og:url\" content=\"https:\/\/matis.is\/en\/um-matis\/starfsstodvar\/akureyri\/\" \/>\n<meta property=\"og:site_name\" content=\"Mat\u00eds\" \/>\n<meta property=\"article:publisher\" content=\"https:\/\/www.facebook.com\/matisiceland\" \/>\n<meta property=\"article:modified_time\" content=\"2026-02-03T10:33:06+00:00\" \/>\n<meta property=\"og:image\" content=\"https:\/\/matis.is\/wp-content\/uploads\/2020\/10\/Akureyri_Iceland_Shutterstock_Steinarba_1500x630_web-1030x433-1.jpg\" \/>\n\t<meta property=\"og:image:width\" content=\"1030\" \/>\n\t<meta property=\"og:image:height\" content=\"433\" \/>\n\t<meta property=\"og:image:type\" content=\"image\/jpeg\" \/>\n<meta name=\"twitter:card\" content=\"summary_large_image\" \/>\n<meta name=\"twitter:site\" content=\"@matisiceland\" \/>\n<meta name=\"twitter:label1\" content=\"Estimated reading time\" \/>\n\t<meta name=\"twitter:data1\" content=\"1 minute\" \/>\n<script type=\"application\/ld+json\" class=\"yoast-schema-graph\">{\"@context\":\"https:\/\/schema.org\",\"@graph\":[{\"@type\":\"WebPage\",\"@id\":\"https:\/\/matis.is\/um-matis\/starfsstodvar\/akureyri\/\",\"url\":\"https:\/\/matis.is\/um-matis\/starfsstodvar\/akureyri\/\",\"name\":\"Akureyri - Mat\u00eds\",\"isPartOf\":{\"@id\":\"https:\/\/matis.is\/#website\"},\"primaryImageOfPage\":{\"@id\":\"https:\/\/matis.is\/um-matis\/starfsstodvar\/akureyri\/#primaryimage\"},\"image\":{\"@id\":\"https:\/\/matis.is\/um-matis\/starfsstodvar\/akureyri\/#primaryimage\"},\"thumbnailUrl\":\"https:\/\/matis.is\/wp-content\/uploads\/2020\/10\/Akureyri_Iceland_Shutterstock_Steinarba_1500x630_web-1030x433-1.jpg\",\"datePublished\":\"2021-02-03T10:53:15+00:00\",\"dateModified\":\"2026-02-03T10:33:06+00:00\",\"breadcrumb\":{\"@id\":\"https:\/\/matis.is\/um-matis\/starfsstodvar\/akureyri\/#breadcrumb\"},\"inLanguage\":\"en-GB\",\"potentialAction\":[{\"@type\":\"ReadAction\",\"target\":[\"https:\/\/matis.is\/um-matis\/starfsstodvar\/akureyri\/\"]}]},{\"@type\":\"ImageObject\",\"inLanguage\":\"en-GB\",\"@id\":\"https:\/\/matis.is\/um-matis\/starfsstodvar\/akureyri\/#primaryimage\",\"url\":\"https:\/\/matis.is\/wp-content\/uploads\/2020\/10\/Akureyri_Iceland_Shutterstock_Steinarba_1500x630_web-1030x433-1.jpg\",\"contentUrl\":\"https:\/\/matis.is\/wp-content\/uploads\/2020\/10\/Akureyri_Iceland_Shutterstock_Steinarba_1500x630_web-1030x433-1.jpg\",\"width\":1030,\"height\":433},{\"@type\":\"BreadcrumbList\",\"@id\":\"https:\/\/matis.is\/um-matis\/starfsstodvar\/akureyri\/#breadcrumb\",\"itemListElement\":[{\"@type\":\"ListItem\",\"position\":1,\"name\":\"Home\",\"item\":\"https:\/\/matis.is\/\"},{\"@type\":\"ListItem\",\"position\":2,\"name\":\"Starfsemi Mat\u00eds\",\"item\":\"https:\/\/matis.is\/um-matis\/\"},{\"@type\":\"ListItem\",\"position\":3,\"name\":\"Starfsst\u00f6\u00f0var\",\"item\":\"https:\/\/matis.is\/um-matis\/starfsstodvar\/\"},{\"@type\":\"ListItem\",\"position\":4,\"name\":\"Akureyri\"}]},{\"@type\":\"WebSite\",\"@id\":\"https:\/\/matis.is\/#website\",\"url\":\"https:\/\/matis.is\/\",\"name\":\"Mat\u00eds\",\"description\":\"Ver\u00f0m\u00e6task\u00f6pun, matv\u00e6la\u00f6ryggi og l\u00fd\u00f0heilsa\",\"publisher\":{\"@id\":\"https:\/\/matis.is\/#organization\"},\"potentialAction\":[{\"@type\":\"SearchAction\",\"target\":{\"@type\":\"EntryPoint\",\"urlTemplate\":\"https:\/\/matis.is\/?s={search_term_string}\"},\"query-input\":{\"@type\":\"PropertyValueSpecification\",\"valueRequired\":true,\"valueName\":\"search_term_string\"}}],\"inLanguage\":\"en-GB\"},{\"@type\":\"Organization\",\"@id\":\"https:\/\/matis.is\/#organization\",\"name\":\"Mat\u00eds ohf.\",\"url\":\"https:\/\/matis.is\/\",\"logo\":{\"@type\":\"ImageObject\",\"inLanguage\":\"en-GB\",\"@id\":\"https:\/\/matis.is\/#\/schema\/logo\/image\/\",\"url\":\"https:\/\/matis.is\/wp-content\/uploads\/2021\/02\/matis_logo_blatthvitt.png\",\"contentUrl\":\"https:\/\/matis.is\/wp-content\/uploads\/2021\/02\/matis_logo_blatthvitt.png\",\"width\":1507,\"height\":1507,\"caption\":\"Mat\u00eds ohf.\"},\"image\":{\"@id\":\"https:\/\/matis.is\/#\/schema\/logo\/image\/\"},\"sameAs\":[\"https:\/\/www.facebook.com\/matisiceland\",\"https:\/\/x.com\/matisiceland\",\"https:\/\/www.instagram.com\/matisiceland\/\",\"https:\/\/www.linkedin.com\/matisiceland\/\",\"https:\/\/www.youtube.com\/channel\/UCY-frt3uTqgVZW-DLjoo5bA\"]}]}<\/script>\n<!-- \/ Yoast SEO plugin. -->","yoast_head_json":{"title":"Akureyri - Mat\u00eds","robots":{"index":"index","follow":"follow","max-snippet":"max-snippet:-1","max-image-preview":"max-image-preview:large","max-video-preview":"max-video-preview:-1"},"canonical":"https:\/\/matis.is\/en\/um-matis\/starfsstodvar\/akureyri\/","og_locale":"en_GB","og_type":"article","og_title":"Akureyri - Mat\u00eds","og_description":"\u00c1 Akureyri stundar Mat\u00eds ranns\u00f3knir, \u00fer\u00f3un og n\u00fdsk\u00f6pun og b\u00fd\u00f0ur upp \u00e1 v\u00ed\u00f0t\u00e6ka \u00fej\u00f3nustu vi\u00f0 a\u00f0ila \u00e1 sv\u00e6\u00f0inu. Starfsst\u00f6\u00f0in \u00e1 [&hellip;]","og_url":"https:\/\/matis.is\/en\/um-matis\/starfsstodvar\/akureyri\/","og_site_name":"Mat\u00eds","article_publisher":"https:\/\/www.facebook.com\/matisiceland","article_modified_time":"2026-02-03T10:33:06+00:00","og_image":[{"width":1030,"height":433,"url":"https:\/\/matis.is\/wp-content\/uploads\/2020\/10\/Akureyri_Iceland_Shutterstock_Steinarba_1500x630_web-1030x433-1.jpg","type":"image\/jpeg"}],"twitter_card":"summary_large_image","twitter_site":"@matisiceland","twitter_misc":{"Estimated reading time":"1 minute"},"schema":{"@context":"https:\/\/schema.org","@graph":[{"@type":"WebPage","@id":"https:\/\/matis.is\/um-matis\/starfsstodvar\/akureyri\/","url":"https:\/\/matis.is\/um-matis\/starfsstodvar\/akureyri\/","name":"Akureyri - Mat\u00eds","isPartOf":{"@id":"https:\/\/matis.is\/#website"},"primaryImageOfPage":{"@id":"https:\/\/matis.is\/um-matis\/starfsstodvar\/akureyri\/#primaryimage"},"image":{"@id":"https:\/\/matis.is\/um-matis\/starfsstodvar\/akureyri\/#primaryimage"},"thumbnailUrl":"https:\/\/matis.is\/wp-content\/uploads\/2020\/10\/Akureyri_Iceland_Shutterstock_Steinarba_1500x630_web-1030x433-1.jpg","datePublished":"2021-02-03T10:53:15+00:00","dateModified":"2026-02-03T10:33:06+00:00","breadcrumb":{"@id":"https:\/\/matis.is\/um-matis\/starfsstodvar\/akureyri\/#breadcrumb"},"inLanguage":"en-GB","potentialAction":[{"@type":"ReadAction","target":["https:\/\/matis.is\/um-matis\/starfsstodvar\/akureyri\/"]}]},{"@type":"ImageObject","inLanguage":"en-GB","@id":"https:\/\/matis.is\/um-matis\/starfsstodvar\/akureyri\/#primaryimage","url":"https:\/\/matis.is\/wp-content\/uploads\/2020\/10\/Akureyri_Iceland_Shutterstock_Steinarba_1500x630_web-1030x433-1.jpg","contentUrl":"https:\/\/matis.is\/wp-content\/uploads\/2020\/10\/Akureyri_Iceland_Shutterstock_Steinarba_1500x630_web-1030x433-1.jpg","width":1030,"height":433},{"@type":"BreadcrumbList","@id":"https:\/\/matis.is\/um-matis\/starfsstodvar\/akureyri\/#breadcrumb","itemListElement":[{"@type":"ListItem","position":1,"name":"Home","item":"https:\/\/matis.is\/"},{"@type":"ListItem","position":2,"name":"Starfsemi Mat\u00eds","item":"https:\/\/matis.is\/um-matis\/"},{"@type":"ListItem","position":3,"name":"Starfsst\u00f6\u00f0var","item":"https:\/\/matis.is\/um-matis\/starfsstodvar\/"},{"@type":"ListItem","position":4,"name":"Akureyri"}]},{"@type":"WebSite","@id":"https:\/\/matis.is\/#website","url":"https:\/\/matis.is\/","name":"Mat\u00eds","description":"Value creation, food security and public health","publisher":{"@id":"https:\/\/matis.is\/#organization"},"potentialAction":[{"@type":"SearchAction","target":{"@type":"EntryPoint","urlTemplate":"https:\/\/matis.is\/?s={search_term_string}"},"query-input":{"@type":"PropertyValueSpecification","valueRequired":true,"valueName":"search_term_string"}}],"inLanguage":"en-GB"},{"@type":"Organization","@id":"https:\/\/matis.is\/#organization","name":"Mat\u00eds ohf.","url":"https:\/\/matis.is\/","logo":{"@type":"ImageObject","inLanguage":"en-GB","@id":"https:\/\/matis.is\/#\/schema\/logo\/image\/","url":"https:\/\/matis.is\/wp-content\/uploads\/2021\/02\/matis_logo_blatthvitt.png","contentUrl":"https:\/\/matis.is\/wp-content\/uploads\/2021\/02\/matis_logo_blatthvitt.png","width":1507,"height":1507,"caption":"Mat\u00eds ohf."},"image":{"@id":"https:\/\/matis.is\/#\/schema\/logo\/image\/"},"sameAs":["https:\/\/www.facebook.com\/matisiceland","https:\/\/x.com\/matisiceland","https:\/\/www.instagram.com\/matisiceland\/","https:\/\/www.linkedin.com\/matisiceland\/","https:\/\/www.youtube.com\/channel\/UCY-frt3uTqgVZW-DLjoo5bA"]}]}},"spectra_custom_meta":{"_edit_lock":["1770115154:7"],"_oembed_0d22e627754e29014b718839b3fb2e81":["{{unknown}}"],"_oembed_2b816c1814b63ddf5a2767596f2e658d":["<iframe title=\"Starfsst\u00f6\u00f0 Mat\u00eds \u00e1 Akureyri\" width=\"580\" height=\"326\" src=\"https:\/\/www.youtube.com\/embed\/WLA1rs1hU1s?feature=oembed\" frameborder=\"0\" allow=\"accelerometer; autoplay; clipboard-write; encrypted-media; gyroscope; picture-in-picture; web-share\" allowfullscreen><\/iframe>"],"_oembed_time_2b816c1814b63ddf5a2767596f2e658d":["1696508666"],"_thumbnail_id":["28789"],"_wp_page_template":["default"],"_edit_last":["7"],"valmynd_a_undirsidu":["1"],"_valmynd_a_undirsidu":["field_5f9970348837c"],"undirvalmynd_a_parentsidu":["0"],"_undirvalmynd_a_parentsidu":["field_5f9addfe68a79"],"tengilidur":["28134"],"_tengilidur":["field_5ef905e0538b2"],"coordinates":["a:10:{s:7:\"address\";s:82:\"H\u00e1sk\u00f3linn \u00e1 Akureyri - University of Akureyri, Nor\u00f0ursl\u00f3\u00f0, Akureyri, Iceland\";s:3:\"lat\";d:65.685463;s:3:\"lng\";d:-18.12232;s:4:\"zoom\";i:14;s:8:\"place_id\";s:27:\"ChIJ0wvKfqqP0kgR_h4uWQQBnvw\";s:4:\"name\";s:22:\"University of Akureyri\";s:11:\"street_name\";s:13:\"Nor\u00f0ursl\u00f3\u00f0\";s:4:\"city\";s:8:\"Akureyri\";s:7:\"country\";s:7:\"Iceland\";s:13:\"country_short\";s:2:\"IS\";}"],"_coordinates":["field_5fa1a4d735f77"],"_yoast_wpseo_content_score":["60"],"_yoast_wpseo_estimated-reading-time-minutes":["1"],"_yoast_wpseo_wordproof_timestamp":[""],"footnotes":[""],"cmplz_hide_cookiebanner":[""],"_uag_css_file_name":["uag-css-34769.css"],"_uag_page_assets":["a:9:{s:3:\"css\";s:680:\".uagb-google-map__wrap{display:flex}.uagb-google-map__wrap .uagb-google-map__iframe{width:100%;box-shadow:none;border:none;padding:0;margin:0}\n .uagb-block-aceec358 .uagb-google-map__iframe{height: 300px;}@media only screen and (max-width: 976px) { .uagb-block-aceec358 .uagb-google-map__iframe{height: 300px;}}@media only screen and (max-width: 767px) { .uagb-block-aceec358 .uagb-google-map__iframe{height: 300px;}}.uag-blocks-common-selector{z-index:var(--z-index-desktop) !important}@media (max-width: 976px){.uag-blocks-common-selector{z-index:var(--z-index-tablet) !important}}@media (max-width: 767px){.uag-blocks-common-selector{z-index:var(--z-index-mobile) !important}}\n\";s:2:\"js\";s:0:\"\";s:18:\"current_block_list\";a:8:{i:0;s:12:\"core\/heading\";i:1;s:14:\"core\/shortcode\";i:2;s:14:\"core\/paragraph\";i:3;s:15:\"uagb\/google-map\";i:4;s:12:\"core\/buttons\";i:5;s:11:\"core\/button\";i:6;s:12:\"core\/columns\";i:7;s:11:\"core\/column\";}s:8:\"uag_flag\";b:1;s:11:\"uag_version\";s:10:\"1775648310\";s:6:\"gfonts\";a:0:{}s:10:\"gfonts_url\";s:0:\"\";s:12:\"gfonts_files\";a:0:{}s:14:\"uag_faq_layout\";b:0;}"]},"uagb_featured_image_src":{"full":["https:\/\/matis.is\/wp-content\/uploads\/2020\/10\/Akureyri_Iceland_Shutterstock_Steinarba_1500x630_web-1030x433-1.jpg",1030,433,false],"thumbnail":["https:\/\/matis.is\/wp-content\/uploads\/2020\/10\/Akureyri_Iceland_Shutterstock_Steinarba_1500x630_web-1030x433-1-150x150.jpg",150,150,true],"medium":["https:\/\/matis.is\/wp-content\/uploads\/2020\/10\/Akureyri_Iceland_Shutterstock_Steinarba_1500x630_web-1030x433-1-300x126.jpg",300,126,true],"medium_large":["https:\/\/matis.is\/wp-content\/uploads\/2020\/10\/Akureyri_Iceland_Shutterstock_Steinarba_1500x630_web-1030x433-1-768x323.jpg",768,323,true],"large":["https:\/\/matis.is\/wp-content\/uploads\/2020\/10\/Akureyri_Iceland_Shutterstock_Steinarba_1500x630_web-1030x433-1-1024x430.jpg",1024,430,true],"1536x1536":["https:\/\/matis.is\/wp-content\/uploads\/2020\/10\/Akureyri_Iceland_Shutterstock_Steinarba_1500x630_web-1030x433-1.jpg",1030,433,false],"2048x2048":["https:\/\/matis.is\/wp-content\/uploads\/2020\/10\/Akureyri_Iceland_Shutterstock_Steinarba_1500x630_web-1030x433-1.jpg",1030,433,false],"trp-custom-language-flag":["https:\/\/matis.is\/wp-content\/uploads\/2020\/10\/Akureyri_Iceland_Shutterstock_Steinarba_1500x630_web-1030x433-1.jpg",18,8,false]},"uagb_author_info":{"display_name":"admin","author_link":"https:\/\/matis.is\/en\/author\/thormodurmatis-is\/"},"uagb_comment_info":0,"uagb_excerpt":"\u00c1 Akureyri stundar Mat\u00eds ranns\u00f3knir, \u00fer\u00f3un og n\u00fdsk\u00f6pun og b\u00fd\u00f0ur upp \u00e1 v\u00ed\u00f0t\u00e6ka \u00fej\u00f3nustu vi\u00f0 a\u00f0ila \u00e1 sv\u00e6\u00f0inu. Starfsst\u00f6\u00f0in \u00e1 [&hellip;]","_links":{"self":[{"href":"https:\/\/matis.is\/en\/wp-json\/wp\/v2\/pages\/34769","targetHints":{"allow":["GET"]}}],"collection":[{"href":"https:\/\/matis.is\/en\/wp-json\/wp\/v2\/pages"}],"about":[{"href":"https:\/\/matis.is\/en\/wp-json\/wp\/v2\/types\/page"}],"author":[{"embeddable":true,"href":"https:\/\/matis.is\/en\/wp-json\/wp\/v2\/users\/1"}],"replies":[{"embeddable":true,"href":"https:\/\/matis.is\/en\/wp-json\/wp\/v2\/comments?post=34769"}],"version-history":[{"count":7,"href":"https:\/\/matis.is\/en\/wp-json\/wp\/v2\/pages\/34769\/revisions"}],"predecessor-version":[{"id":56652,"href":"https:\/\/matis.is\/en\/wp-json\/wp\/v2\/pages\/34769\/revisions\/56652"}],"up":[{"embeddable":true,"href":"https:\/\/matis.is\/en\/wp-json\/wp\/v2\/pages\/214"}],"wp:featuredmedia":[{"embeddable":true,"href":"https:\/\/matis.is\/en\/wp-json\/wp\/v2\/media\/28789"}],"wp:attachment":[{"href":"https:\/\/matis.is\/en\/wp-json\/wp\/v2\/media?parent=34769"}],"curies":[{"name":"wp","href":"https:\/\/api.w.org\/{rel}","templated":true}]}}