{"id":34773,"date":"2021-02-03T11:00:33","date_gmt":"2021-02-03T11:00:33","guid":{"rendered":"https:\/\/new.matis.is\/?page_id=34773"},"modified":"2026-02-03T10:36:45","modified_gmt":"2026-02-03T10:36:45","slug":"reykjavik","status":"publish","type":"page","link":"https:\/\/matis.is\/en\/um-matis\/starfsstodvar\/reykjavik\/","title":{"rendered":"Reykjav\u00edk"},"content":{"rendered":"<h4 class=\"wp-block-heading\">H\u00f6fu\u00f0st\u00f6\u00f0var Mat\u00eds eru \u00ed Reykjav\u00edk.<\/h4>\n\n\n\n<h4 class=\"wp-block-heading\">Mat\u00eds in Reykjav\u00edk<\/h4>\n\n\n\n<p>V\u00ednlandslei\u00f0 12,<br>113 Reykjav\u00edk<\/p>\n\n\n\t\t\t<div \n\t\t\tclass=\"wp-block-uagb-google-map uagb-google-map__wrap uagb-block-9c433786\"\n\t\t\tstyle=\"\" >\n\t\t\t\t<embed\n\t\t\t\t\tclass=\"uagb-google-map__iframe\"\n\t\t\t\t\ttitle=\"Google Map for \"\n\t\t\t\t\tsrc=\"https:\/\/maps.google.com\/maps?q=V%C3%ADnlandslei%C3%B0%2012&#038;z=12&#038;hl=en&#038;t=m&#038;output=embed&#038;iwloc=near\"\n\t\t\t\t\twidth=\"640\"\n\t\t\t\t\theight=\"300\"\n\t\t\t\t\tloading=\"lazy\"\n\t\t\t\t><\/embed>\n\t\t\t<\/div>","protected":false},"excerpt":{"rendered":"<p>H\u00f6fu\u00f0st\u00f6\u00f0var Mat\u00eds eru \u00ed Reykjav\u00edk. Mat\u00eds \u00ed Reykjav\u00edk V\u00ednlandslei\u00f0 12,113 Reykjav\u00edk<\/p>","protected":false},"author":1,"featured_media":34777,"parent":214,"menu_order":0,"comment_status":"closed","ping_status":"closed","template":"","meta":{"_acf_changed":false,"_uag_custom_page_level_css":"","site-sidebar-layout":"default","site-content-layout":"","ast-site-content-layout":"normal-width-container","site-content-style":"unboxed","site-sidebar-style":"default","ast-global-header-display":"","ast-banner-title-visibility":"","ast-main-header-display":"","ast-hfb-above-header-display":"","ast-hfb-below-header-display":"","ast-hfb-mobile-header-display":"","site-post-title":"","ast-breadcrumbs-content":"","ast-featured-img":"","footer-sml-layout":"","ast-disable-related-posts":"","theme-transparent-header-meta":"","adv-header-id-meta":"","stick-header-meta":"","header-above-stick-meta":"","header-main-stick-meta":"","header-below-stick-meta":"","astra-migrate-meta-layouts":"default","ast-page-background-enabled":"default","ast-page-background-meta":{"desktop":{"background-color":"var(--ast-global-color-5)","background-image":"","background-repeat":"repeat","background-position":"center center","background-size":"auto","background-attachment":"scroll","background-type":"","background-media":"","overlay-type":"","overlay-color":"","overlay-opacity":"","overlay-gradient":""},"tablet":{"background-color":"","background-image":"","background-repeat":"repeat","background-position":"center center","background-size":"auto","background-attachment":"scroll","background-type":"","background-media":"","overlay-type":"","overlay-color":"","overlay-opacity":"","overlay-gradient":""},"mobile":{"background-color":"","background-image":"","background-repeat":"repeat","background-position":"center center","background-size":"auto","background-attachment":"scroll","background-type":"","background-media":"","overlay-type":"","overlay-color":"","overlay-opacity":"","overlay-gradient":""}},"ast-content-background-meta":{"desktop":{"background-color":"var(--ast-global-color-4)","background-image":"","background-repeat":"repeat","background-position":"center center","background-size":"auto","background-attachment":"scroll","background-type":"","background-media":"","overlay-type":"","overlay-color":"","overlay-opacity":"","overlay-gradient":""},"tablet":{"background-color":"var(--ast-global-color-4)","background-image":"","background-repeat":"repeat","background-position":"center center","background-size":"auto","background-attachment":"scroll","background-type":"","background-media":"","overlay-type":"","overlay-color":"","overlay-opacity":"","overlay-gradient":""},"mobile":{"background-color":"var(--ast-global-color-4)","background-image":"","background-repeat":"repeat","background-position":"center center","background-size":"auto","background-attachment":"scroll","background-type":"","background-media":"","overlay-type":"","overlay-color":"","overlay-opacity":"","overlay-gradient":""}},"footnotes":""},"class_list":["post-34773","page","type-page","status-publish","has-post-thumbnail","hentry"],"acf":[],"yoast_head":"<!-- This site is optimized with the Yoast SEO plugin v27.2 - https:\/\/yoast.com\/product\/yoast-seo-wordpress\/ -->\n<title>Reykjav\u00edk - Mat\u00eds<\/title>\n<meta name=\"robots\" content=\"index, follow, max-snippet:-1, max-image-preview:large, max-video-preview:-1\" \/>\n<link rel=\"canonical\" href=\"https:\/\/matis.is\/en\/um-matis\/starfsstodvar\/reykjavik\/\" \/>\n<meta property=\"og:locale\" content=\"en_GB\" \/>\n<meta property=\"og:type\" content=\"article\" \/>\n<meta property=\"og:title\" content=\"Reykjav\u00edk - Mat\u00eds\" \/>\n<meta property=\"og:description\" content=\"H\u00f6fu\u00f0st\u00f6\u00f0var Mat\u00eds eru \u00ed Reykjav\u00edk. Mat\u00eds \u00ed Reykjav\u00edk V\u00ednlandslei\u00f0 12,113 Reykjav\u00edk\" \/>\n<meta property=\"og:url\" content=\"https:\/\/matis.is\/en\/um-matis\/starfsstodvar\/reykjavik\/\" \/>\n<meta property=\"og:site_name\" content=\"Mat\u00eds\" \/>\n<meta property=\"article:publisher\" content=\"https:\/\/www.facebook.com\/matisiceland\" \/>\n<meta property=\"article:modified_time\" content=\"2026-02-03T10:36:45+00:00\" \/>\n<meta property=\"og:image\" content=\"https:\/\/matis.is\/wp-content\/uploads\/2021\/02\/V12_Matis_hushorn_vestan_naerri-scaled.jpg\" \/>\n\t<meta property=\"og:image:width\" content=\"2560\" \/>\n\t<meta property=\"og:image:height\" content=\"1706\" \/>\n\t<meta property=\"og:image:type\" content=\"image\/jpeg\" \/>\n<meta name=\"twitter:card\" content=\"summary_large_image\" \/>\n<meta name=\"twitter:site\" content=\"@matisiceland\" \/>\n<meta name=\"twitter:label1\" content=\"Estimated reading time\" \/>\n\t<meta name=\"twitter:data1\" content=\"1 minute\" \/>\n<script type=\"application\/ld+json\" class=\"yoast-schema-graph\">{\"@context\":\"https:\/\/schema.org\",\"@graph\":[{\"@type\":\"WebPage\",\"@id\":\"https:\/\/matis.is\/um-matis\/starfsstodvar\/reykjavik\/\",\"url\":\"https:\/\/matis.is\/um-matis\/starfsstodvar\/reykjavik\/\",\"name\":\"Reykjav\u00edk - Mat\u00eds\",\"isPartOf\":{\"@id\":\"https:\/\/matis.is\/#website\"},\"primaryImageOfPage\":{\"@id\":\"https:\/\/matis.is\/um-matis\/starfsstodvar\/reykjavik\/#primaryimage\"},\"image\":{\"@id\":\"https:\/\/matis.is\/um-matis\/starfsstodvar\/reykjavik\/#primaryimage\"},\"thumbnailUrl\":\"https:\/\/matis.is\/wp-content\/uploads\/2021\/02\/V12_Matis_hushorn_vestan_naerri-scaled.jpg\",\"datePublished\":\"2021-02-03T11:00:33+00:00\",\"dateModified\":\"2026-02-03T10:36:45+00:00\",\"breadcrumb\":{\"@id\":\"https:\/\/matis.is\/um-matis\/starfsstodvar\/reykjavik\/#breadcrumb\"},\"inLanguage\":\"en-GB\",\"potentialAction\":[{\"@type\":\"ReadAction\",\"target\":[\"https:\/\/matis.is\/um-matis\/starfsstodvar\/reykjavik\/\"]}]},{\"@type\":\"ImageObject\",\"inLanguage\":\"en-GB\",\"@id\":\"https:\/\/matis.is\/um-matis\/starfsstodvar\/reykjavik\/#primaryimage\",\"url\":\"https:\/\/matis.is\/wp-content\/uploads\/2021\/02\/V12_Matis_hushorn_vestan_naerri-scaled.jpg\",\"contentUrl\":\"https:\/\/matis.is\/wp-content\/uploads\/2021\/02\/V12_Matis_hushorn_vestan_naerri-scaled.jpg\",\"width\":2560,\"height\":1706,\"caption\":\"ARN\"},{\"@type\":\"BreadcrumbList\",\"@id\":\"https:\/\/matis.is\/um-matis\/starfsstodvar\/reykjavik\/#breadcrumb\",\"itemListElement\":[{\"@type\":\"ListItem\",\"position\":1,\"name\":\"Home\",\"item\":\"https:\/\/matis.is\/\"},{\"@type\":\"ListItem\",\"position\":2,\"name\":\"Starfsemi Mat\u00eds\",\"item\":\"https:\/\/matis.is\/um-matis\/\"},{\"@type\":\"ListItem\",\"position\":3,\"name\":\"Starfsst\u00f6\u00f0var\",\"item\":\"https:\/\/matis.is\/um-matis\/starfsstodvar\/\"},{\"@type\":\"ListItem\",\"position\":4,\"name\":\"Reykjav\u00edk\"}]},{\"@type\":\"WebSite\",\"@id\":\"https:\/\/matis.is\/#website\",\"url\":\"https:\/\/matis.is\/\",\"name\":\"Mat\u00eds\",\"description\":\"Ver\u00f0m\u00e6task\u00f6pun, matv\u00e6la\u00f6ryggi og l\u00fd\u00f0heilsa\",\"publisher\":{\"@id\":\"https:\/\/matis.is\/#organization\"},\"potentialAction\":[{\"@type\":\"SearchAction\",\"target\":{\"@type\":\"EntryPoint\",\"urlTemplate\":\"https:\/\/matis.is\/?s={search_term_string}\"},\"query-input\":{\"@type\":\"PropertyValueSpecification\",\"valueRequired\":true,\"valueName\":\"search_term_string\"}}],\"inLanguage\":\"en-GB\"},{\"@type\":\"Organization\",\"@id\":\"https:\/\/matis.is\/#organization\",\"name\":\"Mat\u00eds ohf.\",\"url\":\"https:\/\/matis.is\/\",\"logo\":{\"@type\":\"ImageObject\",\"inLanguage\":\"en-GB\",\"@id\":\"https:\/\/matis.is\/#\/schema\/logo\/image\/\",\"url\":\"https:\/\/matis.is\/wp-content\/uploads\/2021\/02\/matis_logo_blatthvitt.png\",\"contentUrl\":\"https:\/\/matis.is\/wp-content\/uploads\/2021\/02\/matis_logo_blatthvitt.png\",\"width\":1507,\"height\":1507,\"caption\":\"Mat\u00eds ohf.\"},\"image\":{\"@id\":\"https:\/\/matis.is\/#\/schema\/logo\/image\/\"},\"sameAs\":[\"https:\/\/www.facebook.com\/matisiceland\",\"https:\/\/x.com\/matisiceland\",\"https:\/\/www.instagram.com\/matisiceland\/\",\"https:\/\/www.linkedin.com\/matisiceland\/\",\"https:\/\/www.youtube.com\/channel\/UCY-frt3uTqgVZW-DLjoo5bA\"]}]}<\/script>\n<!-- \/ Yoast SEO plugin. -->","yoast_head_json":{"title":"Reykjav\u00edk - Mat\u00eds","robots":{"index":"index","follow":"follow","max-snippet":"max-snippet:-1","max-image-preview":"max-image-preview:large","max-video-preview":"max-video-preview:-1"},"canonical":"https:\/\/matis.is\/en\/um-matis\/starfsstodvar\/reykjavik\/","og_locale":"en_GB","og_type":"article","og_title":"Reykjav\u00edk - Mat\u00eds","og_description":"H\u00f6fu\u00f0st\u00f6\u00f0var Mat\u00eds eru \u00ed Reykjav\u00edk. Mat\u00eds \u00ed Reykjav\u00edk V\u00ednlandslei\u00f0 12,113 Reykjav\u00edk","og_url":"https:\/\/matis.is\/en\/um-matis\/starfsstodvar\/reykjavik\/","og_site_name":"Mat\u00eds","article_publisher":"https:\/\/www.facebook.com\/matisiceland","article_modified_time":"2026-02-03T10:36:45+00:00","og_image":[{"width":2560,"height":1706,"url":"https:\/\/matis.is\/wp-content\/uploads\/2021\/02\/V12_Matis_hushorn_vestan_naerri-scaled.jpg","type":"image\/jpeg"}],"twitter_card":"summary_large_image","twitter_site":"@matisiceland","twitter_misc":{"Estimated reading time":"1 minute"},"schema":{"@context":"https:\/\/schema.org","@graph":[{"@type":"WebPage","@id":"https:\/\/matis.is\/um-matis\/starfsstodvar\/reykjavik\/","url":"https:\/\/matis.is\/um-matis\/starfsstodvar\/reykjavik\/","name":"Reykjav\u00edk - Mat\u00eds","isPartOf":{"@id":"https:\/\/matis.is\/#website"},"primaryImageOfPage":{"@id":"https:\/\/matis.is\/um-matis\/starfsstodvar\/reykjavik\/#primaryimage"},"image":{"@id":"https:\/\/matis.is\/um-matis\/starfsstodvar\/reykjavik\/#primaryimage"},"thumbnailUrl":"https:\/\/matis.is\/wp-content\/uploads\/2021\/02\/V12_Matis_hushorn_vestan_naerri-scaled.jpg","datePublished":"2021-02-03T11:00:33+00:00","dateModified":"2026-02-03T10:36:45+00:00","breadcrumb":{"@id":"https:\/\/matis.is\/um-matis\/starfsstodvar\/reykjavik\/#breadcrumb"},"inLanguage":"en-GB","potentialAction":[{"@type":"ReadAction","target":["https:\/\/matis.is\/um-matis\/starfsstodvar\/reykjavik\/"]}]},{"@type":"ImageObject","inLanguage":"en-GB","@id":"https:\/\/matis.is\/um-matis\/starfsstodvar\/reykjavik\/#primaryimage","url":"https:\/\/matis.is\/wp-content\/uploads\/2021\/02\/V12_Matis_hushorn_vestan_naerri-scaled.jpg","contentUrl":"https:\/\/matis.is\/wp-content\/uploads\/2021\/02\/V12_Matis_hushorn_vestan_naerri-scaled.jpg","width":2560,"height":1706,"caption":"ARN"},{"@type":"BreadcrumbList","@id":"https:\/\/matis.is\/um-matis\/starfsstodvar\/reykjavik\/#breadcrumb","itemListElement":[{"@type":"ListItem","position":1,"name":"Home","item":"https:\/\/matis.is\/"},{"@type":"ListItem","position":2,"name":"Starfsemi Mat\u00eds","item":"https:\/\/matis.is\/um-matis\/"},{"@type":"ListItem","position":3,"name":"Starfsst\u00f6\u00f0var","item":"https:\/\/matis.is\/um-matis\/starfsstodvar\/"},{"@type":"ListItem","position":4,"name":"Reykjav\u00edk"}]},{"@type":"WebSite","@id":"https:\/\/matis.is\/#website","url":"https:\/\/matis.is\/","name":"Mat\u00eds","description":"Value creation, food security and public health","publisher":{"@id":"https:\/\/matis.is\/#organization"},"potentialAction":[{"@type":"SearchAction","target":{"@type":"EntryPoint","urlTemplate":"https:\/\/matis.is\/?s={search_term_string}"},"query-input":{"@type":"PropertyValueSpecification","valueRequired":true,"valueName":"search_term_string"}}],"inLanguage":"en-GB"},{"@type":"Organization","@id":"https:\/\/matis.is\/#organization","name":"Mat\u00eds ohf.","url":"https:\/\/matis.is\/","logo":{"@type":"ImageObject","inLanguage":"en-GB","@id":"https:\/\/matis.is\/#\/schema\/logo\/image\/","url":"https:\/\/matis.is\/wp-content\/uploads\/2021\/02\/matis_logo_blatthvitt.png","contentUrl":"https:\/\/matis.is\/wp-content\/uploads\/2021\/02\/matis_logo_blatthvitt.png","width":1507,"height":1507,"caption":"Mat\u00eds ohf."},"image":{"@id":"https:\/\/matis.is\/#\/schema\/logo\/image\/"},"sameAs":["https:\/\/www.facebook.com\/matisiceland","https:\/\/x.com\/matisiceland","https:\/\/www.instagram.com\/matisiceland\/","https:\/\/www.linkedin.com\/matisiceland\/","https:\/\/www.youtube.com\/channel\/UCY-frt3uTqgVZW-DLjoo5bA"]}]}},"spectra_custom_meta":{"_edit_lock":["1770115156:7"],"_thumbnail_id":["34777"],"_wp_page_template":["default"],"_edit_last":["7"],"valmynd_a_undirsidu":["1"],"_valmynd_a_undirsidu":["field_5f9970348837c"],"undirvalmynd_a_parentsidu":["0"],"_undirvalmynd_a_parentsidu":["field_5f9addfe68a79"],"tengilidur":[""],"_tengilidur":["field_5ef905e0538b2"],"coordinates":["a:12:{s:7:\"address\";s:38:\"V\u00ednlandslei\u00f0 12, Reykjav\u00edk, Iceland\";s:3:\"lat\";d:64.130046;s:3:\"lng\";d:-21.766569;s:4:\"zoom\";i:14;s:8:\"place_id\";s:27:\"ChIJwTVhZ4tz1kgRAmR5NlS1fKE\";s:4:\"name\";s:17:\"V\u00ednlandslei\u00f0 12\";s:13:\"street_number\";s:2:\"12\";s:11:\"street_name\";s:14:\"V\u00ednlandslei\u00f0\";s:4:\"city\";s:10:\"Reykjav\u00edk\";s:10:\"city_short\";s:3:\"RVK\";s:7:\"country\";s:7:\"Iceland\";s:13:\"country_short\";s:2:\"IS\";}"],"_coordinates":["field_5fa1a4d735f77"],"_yoast_wpseo_content_score":["90"],"_yoast_wpseo_estimated-reading-time-minutes":["1"],"cmplz_hide_cookiebanner":[""],"_uag_custom_page_level_css":[""],"site-sidebar-layout":["default"],"site-content-layout":[""],"ast-site-content-layout":["normal-width-container"],"site-content-style":["unboxed"],"site-sidebar-style":["default"],"ast-global-header-display":[""],"ast-banner-title-visibility":[""],"ast-main-header-display":[""],"ast-hfb-above-header-display":[""],"ast-hfb-below-header-display":[""],"ast-hfb-mobile-header-display":[""],"site-post-title":[""],"ast-breadcrumbs-content":[""],"ast-featured-img":[""],"footer-sml-layout":[""],"theme-transparent-header-meta":[""],"adv-header-id-meta":[""],"stick-header-meta":[""],"header-above-stick-meta":[""],"header-main-stick-meta":[""],"header-below-stick-meta":[""],"astra-migrate-meta-layouts":["default"],"ast-page-background-enabled":["default"],"ast-page-background-meta":["a:3:{s:7:\"desktop\";a:12:{s:16:\"background-color\";s:25:\"var(--ast-global-color-5)\";s:16:\"background-image\";s:0:\"\";s:17:\"background-repeat\";s:6:\"repeat\";s:19:\"background-position\";s:13:\"center center\";s:15:\"background-size\";s:4:\"auto\";s:21:\"background-attachment\";s:6:\"scroll\";s:15:\"background-type\";s:0:\"\";s:16:\"background-media\";s:0:\"\";s:12:\"overlay-type\";s:0:\"\";s:13:\"overlay-color\";s:0:\"\";s:15:\"overlay-opacity\";s:0:\"\";s:16:\"overlay-gradient\";s:0:\"\";}s:6:\"tablet\";a:12:{s:16:\"background-color\";s:0:\"\";s:16:\"background-image\";s:0:\"\";s:17:\"background-repeat\";s:6:\"repeat\";s:19:\"background-position\";s:13:\"center center\";s:15:\"background-size\";s:4:\"auto\";s:21:\"background-attachment\";s:6:\"scroll\";s:15:\"background-type\";s:0:\"\";s:16:\"background-media\";s:0:\"\";s:12:\"overlay-type\";s:0:\"\";s:13:\"overlay-color\";s:0:\"\";s:15:\"overlay-opacity\";s:0:\"\";s:16:\"overlay-gradient\";s:0:\"\";}s:6:\"mobile\";a:12:{s:16:\"background-color\";s:0:\"\";s:16:\"background-image\";s:0:\"\";s:17:\"background-repeat\";s:6:\"repeat\";s:19:\"background-position\";s:13:\"center center\";s:15:\"background-size\";s:4:\"auto\";s:21:\"background-attachment\";s:6:\"scroll\";s:15:\"background-type\";s:0:\"\";s:16:\"background-media\";s:0:\"\";s:12:\"overlay-type\";s:0:\"\";s:13:\"overlay-color\";s:0:\"\";s:15:\"overlay-opacity\";s:0:\"\";s:16:\"overlay-gradient\";s:0:\"\";}}"],"ast-content-background-meta":["a:3:{s:7:\"desktop\";a:12:{s:16:\"background-color\";s:25:\"var(--ast-global-color-4)\";s:16:\"background-image\";s:0:\"\";s:17:\"background-repeat\";s:6:\"repeat\";s:19:\"background-position\";s:13:\"center center\";s:15:\"background-size\";s:4:\"auto\";s:21:\"background-attachment\";s:6:\"scroll\";s:15:\"background-type\";s:0:\"\";s:16:\"background-media\";s:0:\"\";s:12:\"overlay-type\";s:0:\"\";s:13:\"overlay-color\";s:0:\"\";s:15:\"overlay-opacity\";s:0:\"\";s:16:\"overlay-gradient\";s:0:\"\";}s:6:\"tablet\";a:12:{s:16:\"background-color\";s:25:\"var(--ast-global-color-4)\";s:16:\"background-image\";s:0:\"\";s:17:\"background-repeat\";s:6:\"repeat\";s:19:\"background-position\";s:13:\"center center\";s:15:\"background-size\";s:4:\"auto\";s:21:\"background-attachment\";s:6:\"scroll\";s:15:\"background-type\";s:0:\"\";s:16:\"background-media\";s:0:\"\";s:12:\"overlay-type\";s:0:\"\";s:13:\"overlay-color\";s:0:\"\";s:15:\"overlay-opacity\";s:0:\"\";s:16:\"overlay-gradient\";s:0:\"\";}s:6:\"mobile\";a:12:{s:16:\"background-color\";s:25:\"var(--ast-global-color-4)\";s:16:\"background-image\";s:0:\"\";s:17:\"background-repeat\";s:6:\"repeat\";s:19:\"background-position\";s:13:\"center center\";s:15:\"background-size\";s:4:\"auto\";s:21:\"background-attachment\";s:6:\"scroll\";s:15:\"background-type\";s:0:\"\";s:16:\"background-media\";s:0:\"\";s:12:\"overlay-type\";s:0:\"\";s:13:\"overlay-color\";s:0:\"\";s:15:\"overlay-opacity\";s:0:\"\";s:16:\"overlay-gradient\";s:0:\"\";}}"],"footnotes":[""],"_uag_css_file_name":["uag-css-34773.css"],"_uag_page_assets":["a:9:{s:3:\"css\";s:680:\".uagb-google-map__wrap{display:flex}.uagb-google-map__wrap .uagb-google-map__iframe{width:100%;box-shadow:none;border:none;padding:0;margin:0}\n .uagb-block-9c433786 .uagb-google-map__iframe{height: 300px;}@media only screen and (max-width: 976px) { .uagb-block-9c433786 .uagb-google-map__iframe{height: 300px;}}@media only screen and (max-width: 767px) { .uagb-block-9c433786 .uagb-google-map__iframe{height: 300px;}}.uag-blocks-common-selector{z-index:var(--z-index-desktop) !important}@media (max-width: 976px){.uag-blocks-common-selector{z-index:var(--z-index-tablet) !important}}@media (max-width: 767px){.uag-blocks-common-selector{z-index:var(--z-index-mobile) !important}}\n\";s:2:\"js\";s:0:\"\";s:18:\"current_block_list\";a:7:{i:0;s:12:\"core\/heading\";i:1;s:14:\"core\/paragraph\";i:2;s:15:\"uagb\/google-map\";i:3;s:12:\"core\/buttons\";i:4;s:11:\"core\/button\";i:5;s:12:\"core\/columns\";i:6;s:11:\"core\/column\";}s:8:\"uag_flag\";b:1;s:11:\"uag_version\";s:10:\"1775648310\";s:6:\"gfonts\";a:0:{}s:10:\"gfonts_url\";s:0:\"\";s:12:\"gfonts_files\";a:0:{}s:14:\"uag_faq_layout\";b:0;}"]},"uagb_featured_image_src":{"full":["https:\/\/matis.is\/wp-content\/uploads\/2021\/02\/V12_Matis_hushorn_vestan_naerri-scaled.jpg",2560,1706,false],"thumbnail":["https:\/\/matis.is\/wp-content\/uploads\/2021\/02\/V12_Matis_hushorn_vestan_naerri-150x150.jpg",150,150,true],"medium":["https:\/\/matis.is\/wp-content\/uploads\/2021\/02\/V12_Matis_hushorn_vestan_naerri-300x200.jpg",300,200,true],"medium_large":["https:\/\/matis.is\/wp-content\/uploads\/2021\/02\/V12_Matis_hushorn_vestan_naerri-768x512.jpg",768,512,true],"large":["https:\/\/matis.is\/wp-content\/uploads\/2021\/02\/V12_Matis_hushorn_vestan_naerri-1024x682.jpg",1024,682,true],"1536x1536":["https:\/\/matis.is\/wp-content\/uploads\/2021\/02\/V12_Matis_hushorn_vestan_naerri-1536x1024.jpg",1536,1024,true],"2048x2048":["https:\/\/matis.is\/wp-content\/uploads\/2021\/02\/V12_Matis_hushorn_vestan_naerri-2048x1365.jpg",2048,1365,true],"trp-custom-language-flag":["https:\/\/matis.is\/wp-content\/uploads\/2021\/02\/V12_Matis_hushorn_vestan_naerri-scaled.jpg",18,12,false]},"uagb_author_info":{"display_name":"admin","author_link":"https:\/\/matis.is\/en\/author\/thormodurmatis-is\/"},"uagb_comment_info":0,"uagb_excerpt":"H\u00f6fu\u00f0st\u00f6\u00f0var Mat\u00eds eru \u00ed Reykjav\u00edk. Mat\u00eds \u00ed Reykjav\u00edk V\u00ednlandslei\u00f0 12,113 Reykjav\u00edk","_links":{"self":[{"href":"https:\/\/matis.is\/en\/wp-json\/wp\/v2\/pages\/34773","targetHints":{"allow":["GET"]}}],"collection":[{"href":"https:\/\/matis.is\/en\/wp-json\/wp\/v2\/pages"}],"about":[{"href":"https:\/\/matis.is\/en\/wp-json\/wp\/v2\/types\/page"}],"author":[{"embeddable":true,"href":"https:\/\/matis.is\/en\/wp-json\/wp\/v2\/users\/1"}],"replies":[{"embeddable":true,"href":"https:\/\/matis.is\/en\/wp-json\/wp\/v2\/comments?post=34773"}],"version-history":[{"count":8,"href":"https:\/\/matis.is\/en\/wp-json\/wp\/v2\/pages\/34773\/revisions"}],"predecessor-version":[{"id":56657,"href":"https:\/\/matis.is\/en\/wp-json\/wp\/v2\/pages\/34773\/revisions\/56657"}],"up":[{"embeddable":true,"href":"https:\/\/matis.is\/en\/wp-json\/wp\/v2\/pages\/214"}],"wp:featuredmedia":[{"embeddable":true,"href":"https:\/\/matis.is\/en\/wp-json\/wp\/v2\/media\/34777"}],"wp:attachment":[{"href":"https:\/\/matis.is\/en\/wp-json\/wp\/v2\/media?parent=34773"}],"curies":[{"name":"wp","href":"https:\/\/api.w.org\/{rel}","templated":true}]}}