{"id":35271,"date":"2021-02-08T22:18:34","date_gmt":"2021-02-08T22:18:34","guid":{"rendered":"https:\/\/new.matis.is\/?page_id=35271"},"modified":"2025-12-03T22:37:14","modified_gmt":"2025-12-03T22:37:14","slug":"vidskiptaskilmalar","status":"publish","type":"page","link":"https:\/\/matis.is\/en\/vidskiptaskilmalar\/","title":{"rendered":"Terms of business"},"content":{"rendered":"<h2 class=\"wp-block-heading\">Mat\u00eds&#039; general terms of business<\/h2>\n\n\n\n<p>Terms of business apply to all transactions Mat\u00eds ohf. (here also referred to as the company) and its customers (here also referred to as buyers), unless otherwise agreed. Customers must familiarize themselves with the terms before trading takes place. By doing so, customers agree to trade with Mat\u00eds ohf and agree to its terms in full.<\/p>\n\n\n\n<p>The customers who are in account transactions at the same time accept the company&#039;s business terms as they are at any given time.<\/p>\n\n\n\n<p>All products and services purchased from Mat\u00eds ohf are covered by the terms. The company reserves the right to change both general business terms and special terms without notice. With these terms, older terms expire.<\/p>\n\n\n\n<h4 class=\"wp-block-heading\">Account transactions<\/h4>\n\n\n\n<p>If a customer requests an account transaction, he shall apply for it separately at the company&#039;s office. It is a prerequisite for account transactions that adequate collateral is available for account audits.<\/p>\n\n\n\n<p>Mat\u00eds ohf sets conditions for account transactions according to a credit rating based on information from Creditinfo. Mat\u00eds ohf&#039;s current accounts are monthly accounts and invoices are sent out at the end of each month.<\/p>\n\n\n\n<p>Mat\u00eds ohf reserves the right to reject transactions if necessary.<\/p>\n\n\n\n<p>Customers must send Mat\u00eds ohf a notice of a change of address if applicable.<\/p>\n\n\n\n<h4 class=\"wp-block-heading\">Tariff<\/h4>\n\n\n\n<p>All prices provided by the company are the base price according to the current price list. Value added tax is not included in the stated price unless specifically stated. Tariffs are subject to change without notice.<\/p>\n\n\n\n<h4 class=\"wp-block-heading\">Terms of payment<\/h4>\n\n\n\n<p>The arrangement is used for collecting trade payables for account transactions with Mat\u00eds ohf that payment slips are sent to the customer at the beginning of each month. Comments on issued invoices must be received by the company within 20 days from the date of issue, otherwise they are considered approved. Customers who are allowed to send payment slips agree to pay a special note fee according to the price list at any given time.<\/p>\n\n\n\n<p>Gjalddagi skuldar \u00e1 vi\u00f0skiptareikningi hvers m\u00e1na\u00f0ar er 14. dag n\u00e6sta m\u00e1na\u00f0ar \u00e1 eftir. Eindagi er 20. dagur n\u00e6sta m\u00e1na\u00f0ar \u00e1 eftir \u00fattektarm\u00e1nu\u00f0i.<\/p>\n\n\n\n<p>S\u00e9 reikningur ekki greiddur \u00ed s\u00ed\u00f0asta lagi \u00e1 eindaga, \u00fe. e. fyrir 20. dag n\u00e6sta m\u00e1na\u00f0ar eftir \u00fattektarm\u00e1nu\u00f0, reiknast dr\u00e1ttarvextir skv. 6. gr. l. 38\/2001 af heildarskuld vi\u00f0skiptamanns vi\u00f0 f\u00e9lagi\u00f0.<\/p>\n\n\n\n<p>Reference is made to the Collection Act no. 95\/2008 and current regulations regarding collection fees<\/p>\n\n\n\n<p>If a debt is not paid within the deadlines granted to the customer by a collection letter and \/ or collection warnings, the company has full authority to send a trade debt for legal collection without further notice.<\/p>\n\n\n\n<p>The company reserves the right to refuse customers services if the debt situation is in the legal collection process.<\/p>\n\n\n\n<h4 class=\"wp-block-heading\">Confidentiality<\/h4>\n\n\n\n<p>The agreements between Mat\u00eds ohf and its customers, these terms and other terms related to them are governed by Icelandic law. In the event of litigation or legal collection due to the company&#039;s business and the customer, a case can be brought before the Reykjav\u00edk District Court.<\/p>\n\n\n\n<p><\/p>","protected":false},"excerpt":{"rendered":"<p>Almennir vi\u00f0skiptaskilm\u00e1lar Mat\u00eds Vi\u00f0skiptaskilm\u00e1lar gilda um \u00f6ll vi\u00f0skipti Mat\u00eds ohf. (h\u00e9r einnig nefnt f\u00e9lagi\u00f0) og vi\u00f0skiptamanna \u00feess (h\u00e9r einnig nefndir [&hellip;]<\/p>\n","protected":false},"author":1,"featured_media":0,"parent":0,"menu_order":0,"comment_status":"closed","ping_status":"closed","template":"","meta":{"_acf_changed":false,"_uag_custom_page_level_css":"","site-sidebar-layout":"default","site-content-layout":"","ast-site-content-layout":"default","site-content-style":"default","site-sidebar-style":"default","ast-global-header-display":"","ast-banner-title-visibility":"disabled","ast-main-header-display":"","ast-hfb-above-header-display":"","ast-hfb-below-header-display":"","ast-hfb-mobile-header-display":"","site-post-title":"","ast-breadcrumbs-content":"","ast-featured-img":"","footer-sml-layout":"","ast-disable-related-posts":"","theme-transparent-header-meta":"","adv-header-id-meta":"","stick-header-meta":"","header-above-stick-meta":"","header-main-stick-meta":"","header-below-stick-meta":"","astra-migrate-meta-layouts":"default","ast-page-background-enabled":"default","ast-page-background-meta":{"desktop":{"background-color":"var(--ast-global-color-5)","background-image":"","background-repeat":"repeat","background-position":"center center","background-size":"auto","background-attachment":"scroll","background-type":"","background-media":"","overlay-type":"","overlay-color":"","overlay-opacity":"","overlay-gradient":""},"tablet":{"background-color":"","background-image":"","background-repeat":"repeat","background-position":"center center","background-size":"auto","background-attachment":"scroll","background-type":"","background-media":"","overlay-type":"","overlay-color":"","overlay-opacity":"","overlay-gradient":""},"mobile":{"background-color":"","background-image":"","background-repeat":"repeat","background-position":"center center","background-size":"auto","background-attachment":"scroll","background-type":"","background-media":"","overlay-type":"","overlay-color":"","overlay-opacity":"","overlay-gradient":""}},"ast-content-background-meta":{"desktop":{"background-color":"var(--ast-global-color-4)","background-image":"","background-repeat":"repeat","background-position":"center center","background-size":"auto","background-attachment":"scroll","background-type":"","background-media":"","overlay-type":"","overlay-color":"","overlay-opacity":"","overlay-gradient":""},"tablet":{"background-color":"var(--ast-global-color-4)","background-image":"","background-repeat":"repeat","background-position":"center center","background-size":"auto","background-attachment":"scroll","background-type":"","background-media":"","overlay-type":"","overlay-color":"","overlay-opacity":"","overlay-gradient":""},"mobile":{"background-color":"var(--ast-global-color-4)","background-image":"","background-repeat":"repeat","background-position":"center center","background-size":"auto","background-attachment":"scroll","background-type":"","background-media":"","overlay-type":"","overlay-color":"","overlay-opacity":"","overlay-gradient":""}},"footnotes":""},"class_list":["post-35271","page","type-page","status-publish","hentry"],"acf":[],"yoast_head":"<!-- This site is optimized with the Yoast SEO plugin v27.2 - https:\/\/yoast.com\/product\/yoast-seo-wordpress\/ -->\n<title>Vi\u00f0skiptaskilm\u00e1lar - Mat\u00eds<\/title>\n<meta name=\"description\" content=\"Vi\u00f0skiptaskilm\u00e1lar gilda um \u00f6ll vi\u00f0skipti Mat\u00eds ohf. (h\u00e9r einnig nefnt f\u00e9lagi\u00f0) og vi\u00f0skiptamanna \u00feess (h\u00e9r einnig nefndir kaupendur), nema um anna\u00f0 s\u00e9 sami\u00f0 s\u00e9rstaklega.\" \/>\n<meta name=\"robots\" content=\"index, follow, max-snippet:-1, max-image-preview:large, max-video-preview:-1\" \/>\n<link rel=\"canonical\" href=\"https:\/\/matis.is\/en\/vidskiptaskilmalar\/\" \/>\n<meta property=\"og:locale\" content=\"en_GB\" \/>\n<meta property=\"og:type\" content=\"article\" \/>\n<meta property=\"og:title\" content=\"Vi\u00f0skiptaskilm\u00e1lar - Mat\u00eds\" \/>\n<meta property=\"og:description\" content=\"Vi\u00f0skiptaskilm\u00e1lar gilda um \u00f6ll vi\u00f0skipti Mat\u00eds ohf. (h\u00e9r einnig nefnt f\u00e9lagi\u00f0) og vi\u00f0skiptamanna \u00feess (h\u00e9r einnig nefndir kaupendur), nema um anna\u00f0 s\u00e9 sami\u00f0 s\u00e9rstaklega.\" \/>\n<meta property=\"og:url\" content=\"https:\/\/matis.is\/en\/vidskiptaskilmalar\/\" \/>\n<meta property=\"og:site_name\" content=\"Mat\u00eds\" \/>\n<meta property=\"article:publisher\" content=\"https:\/\/www.facebook.com\/matisiceland\" \/>\n<meta property=\"article:modified_time\" content=\"2025-12-03T22:37:14+00:00\" \/>\n<meta name=\"twitter:card\" content=\"summary_large_image\" \/>\n<meta name=\"twitter:site\" content=\"@matisiceland\" \/>\n<meta name=\"twitter:label1\" content=\"Estimated reading time\" \/>\n\t<meta name=\"twitter:data1\" content=\"3 minutes\" \/>\n<script type=\"application\/ld+json\" class=\"yoast-schema-graph\">{\"@context\":\"https:\/\/schema.org\",\"@graph\":[{\"@type\":\"WebPage\",\"@id\":\"https:\/\/matis.is\/vidskiptaskilmalar\/\",\"url\":\"https:\/\/matis.is\/vidskiptaskilmalar\/\",\"name\":\"Vi\u00f0skiptaskilm\u00e1lar - Mat\u00eds\",\"isPartOf\":{\"@id\":\"https:\/\/matis.is\/#website\"},\"datePublished\":\"2021-02-08T22:18:34+00:00\",\"dateModified\":\"2025-12-03T22:37:14+00:00\",\"description\":\"Vi\u00f0skiptaskilm\u00e1lar gilda um \u00f6ll vi\u00f0skipti Mat\u00eds ohf. (h\u00e9r einnig nefnt f\u00e9lagi\u00f0) og vi\u00f0skiptamanna \u00feess (h\u00e9r einnig nefndir kaupendur), nema um anna\u00f0 s\u00e9 sami\u00f0 s\u00e9rstaklega.\",\"breadcrumb\":{\"@id\":\"https:\/\/matis.is\/vidskiptaskilmalar\/#breadcrumb\"},\"inLanguage\":\"en-GB\",\"potentialAction\":[{\"@type\":\"ReadAction\",\"target\":[\"https:\/\/matis.is\/vidskiptaskilmalar\/\"]}]},{\"@type\":\"BreadcrumbList\",\"@id\":\"https:\/\/matis.is\/vidskiptaskilmalar\/#breadcrumb\",\"itemListElement\":[{\"@type\":\"ListItem\",\"position\":1,\"name\":\"Home\",\"item\":\"https:\/\/matis.is\/\"},{\"@type\":\"ListItem\",\"position\":2,\"name\":\"Vi\u00f0skiptaskilm\u00e1lar\"}]},{\"@type\":\"WebSite\",\"@id\":\"https:\/\/matis.is\/#website\",\"url\":\"https:\/\/matis.is\/\",\"name\":\"Mat\u00eds\",\"description\":\"Ver\u00f0m\u00e6task\u00f6pun, matv\u00e6la\u00f6ryggi og l\u00fd\u00f0heilsa\",\"publisher\":{\"@id\":\"https:\/\/matis.is\/#organization\"},\"potentialAction\":[{\"@type\":\"SearchAction\",\"target\":{\"@type\":\"EntryPoint\",\"urlTemplate\":\"https:\/\/matis.is\/?s={search_term_string}\"},\"query-input\":{\"@type\":\"PropertyValueSpecification\",\"valueRequired\":true,\"valueName\":\"search_term_string\"}}],\"inLanguage\":\"en-GB\"},{\"@type\":\"Organization\",\"@id\":\"https:\/\/matis.is\/#organization\",\"name\":\"Mat\u00eds ohf.\",\"url\":\"https:\/\/matis.is\/\",\"logo\":{\"@type\":\"ImageObject\",\"inLanguage\":\"en-GB\",\"@id\":\"https:\/\/matis.is\/#\/schema\/logo\/image\/\",\"url\":\"https:\/\/matis.is\/wp-content\/uploads\/2021\/02\/matis_logo_blatthvitt.png\",\"contentUrl\":\"https:\/\/matis.is\/wp-content\/uploads\/2021\/02\/matis_logo_blatthvitt.png\",\"width\":1507,\"height\":1507,\"caption\":\"Mat\u00eds ohf.\"},\"image\":{\"@id\":\"https:\/\/matis.is\/#\/schema\/logo\/image\/\"},\"sameAs\":[\"https:\/\/www.facebook.com\/matisiceland\",\"https:\/\/x.com\/matisiceland\",\"https:\/\/www.instagram.com\/matisiceland\/\",\"https:\/\/www.linkedin.com\/matisiceland\/\",\"https:\/\/www.youtube.com\/channel\/UCY-frt3uTqgVZW-DLjoo5bA\"]}]}<\/script>\n<!-- \/ Yoast SEO plugin. -->","yoast_head_json":{"title":"Terms of business - Mat\u00eds","description":"Terms of business apply to all transactions Mat\u00eds ohf. (here also referred to as the company) and its customers (here also referred to as buyers), unless otherwise agreed.","robots":{"index":"index","follow":"follow","max-snippet":"max-snippet:-1","max-image-preview":"max-image-preview:large","max-video-preview":"max-video-preview:-1"},"canonical":"https:\/\/matis.is\/en\/vidskiptaskilmalar\/","og_locale":"en_GB","og_type":"article","og_title":"Vi\u00f0skiptaskilm\u00e1lar - Mat\u00eds","og_description":"Vi\u00f0skiptaskilm\u00e1lar gilda um \u00f6ll vi\u00f0skipti Mat\u00eds ohf. (h\u00e9r einnig nefnt f\u00e9lagi\u00f0) og vi\u00f0skiptamanna \u00feess (h\u00e9r einnig nefndir kaupendur), nema um anna\u00f0 s\u00e9 sami\u00f0 s\u00e9rstaklega.","og_url":"https:\/\/matis.is\/en\/vidskiptaskilmalar\/","og_site_name":"Mat\u00eds","article_publisher":"https:\/\/www.facebook.com\/matisiceland","article_modified_time":"2025-12-03T22:37:14+00:00","twitter_card":"summary_large_image","twitter_site":"@matisiceland","twitter_misc":{"Estimated reading time":"3 minutes"},"schema":{"@context":"https:\/\/schema.org","@graph":[{"@type":"WebPage","@id":"https:\/\/matis.is\/vidskiptaskilmalar\/","url":"https:\/\/matis.is\/vidskiptaskilmalar\/","name":"Terms of business - Mat\u00eds","isPartOf":{"@id":"https:\/\/matis.is\/#website"},"datePublished":"2021-02-08T22:18:34+00:00","dateModified":"2025-12-03T22:37:14+00:00","description":"Terms of business apply to all transactions Mat\u00eds ohf. (here also referred to as the company) and its customers (here also referred to as buyers), unless otherwise agreed.","breadcrumb":{"@id":"https:\/\/matis.is\/vidskiptaskilmalar\/#breadcrumb"},"inLanguage":"en-GB","potentialAction":[{"@type":"ReadAction","target":["https:\/\/matis.is\/vidskiptaskilmalar\/"]}]},{"@type":"BreadcrumbList","@id":"https:\/\/matis.is\/vidskiptaskilmalar\/#breadcrumb","itemListElement":[{"@type":"ListItem","position":1,"name":"Home","item":"https:\/\/matis.is\/"},{"@type":"ListItem","position":2,"name":"Vi\u00f0skiptaskilm\u00e1lar"}]},{"@type":"WebSite","@id":"https:\/\/matis.is\/#website","url":"https:\/\/matis.is\/","name":"Mat\u00eds","description":"Value creation, food security and public health","publisher":{"@id":"https:\/\/matis.is\/#organization"},"potentialAction":[{"@type":"SearchAction","target":{"@type":"EntryPoint","urlTemplate":"https:\/\/matis.is\/?s={search_term_string}"},"query-input":{"@type":"PropertyValueSpecification","valueRequired":true,"valueName":"search_term_string"}}],"inLanguage":"en-GB"},{"@type":"Organization","@id":"https:\/\/matis.is\/#organization","name":"Mat\u00eds ohf.","url":"https:\/\/matis.is\/","logo":{"@type":"ImageObject","inLanguage":"en-GB","@id":"https:\/\/matis.is\/#\/schema\/logo\/image\/","url":"https:\/\/matis.is\/wp-content\/uploads\/2021\/02\/matis_logo_blatthvitt.png","contentUrl":"https:\/\/matis.is\/wp-content\/uploads\/2021\/02\/matis_logo_blatthvitt.png","width":1507,"height":1507,"caption":"Mat\u00eds ohf."},"image":{"@id":"https:\/\/matis.is\/#\/schema\/logo\/image\/"},"sameAs":["https:\/\/www.facebook.com\/matisiceland","https:\/\/x.com\/matisiceland","https:\/\/www.instagram.com\/matisiceland\/","https:\/\/www.linkedin.com\/matisiceland\/","https:\/\/www.youtube.com\/channel\/UCY-frt3uTqgVZW-DLjoo5bA"]}]}},"spectra_custom_meta":{"_edit_lock":["1771241920:1"],"_edit_last":["7"],"valmynd_a_undirsidu":["0"],"_valmynd_a_undirsidu":["field_5f9970348837c"],"undirvalmynd_a_parentsidu":["0"],"_undirvalmynd_a_parentsidu":["field_5f9addfe68a79"],"tengilidur":[""],"_tengilidur":["field_5ef905e0538b2"],"_wp_page_template":["default"],"_yoast_wpseo_content_score":["90"],"_yoast_wpseo_estimated-reading-time-minutes":["3"],"_yoast_wpseo_metadesc":["Vi\u00f0skiptaskilm\u00e1lar gilda um \u00f6ll vi\u00f0skipti Mat\u00eds ohf. (h\u00e9r einnig nefnt f\u00e9lagi\u00f0) og vi\u00f0skiptamanna \u00feess (h\u00e9r einnig nefndir kaupendur), nema um anna\u00f0 s\u00e9 sami\u00f0 s\u00e9rstaklega."],"cmplz_hide_cookiebanner":[""],"_uag_custom_page_level_css":[""],"site-sidebar-layout":["default"],"site-content-layout":[""],"ast-site-content-layout":["default"],"site-content-style":["default"],"site-sidebar-style":["default"],"ast-global-header-display":[""],"ast-banner-title-visibility":["disabled"],"ast-main-header-display":[""],"ast-hfb-above-header-display":[""],"ast-hfb-below-header-display":[""],"ast-hfb-mobile-header-display":[""],"site-post-title":[""],"ast-breadcrumbs-content":[""],"ast-featured-img":[""],"footer-sml-layout":[""],"theme-transparent-header-meta":[""],"adv-header-id-meta":[""],"stick-header-meta":[""],"header-above-stick-meta":[""],"header-main-stick-meta":[""],"header-below-stick-meta":[""],"astra-migrate-meta-layouts":["default"],"ast-page-background-enabled":["default"],"ast-page-background-meta":["a:3:{s:7:\"desktop\";a:12:{s:16:\"background-color\";s:25:\"var(--ast-global-color-5)\";s:16:\"background-image\";s:0:\"\";s:17:\"background-repeat\";s:6:\"repeat\";s:19:\"background-position\";s:13:\"center center\";s:15:\"background-size\";s:4:\"auto\";s:21:\"background-attachment\";s:6:\"scroll\";s:15:\"background-type\";s:0:\"\";s:16:\"background-media\";s:0:\"\";s:12:\"overlay-type\";s:0:\"\";s:13:\"overlay-color\";s:0:\"\";s:15:\"overlay-opacity\";s:0:\"\";s:16:\"overlay-gradient\";s:0:\"\";}s:6:\"tablet\";a:12:{s:16:\"background-color\";s:0:\"\";s:16:\"background-image\";s:0:\"\";s:17:\"background-repeat\";s:6:\"repeat\";s:19:\"background-position\";s:13:\"center center\";s:15:\"background-size\";s:4:\"auto\";s:21:\"background-attachment\";s:6:\"scroll\";s:15:\"background-type\";s:0:\"\";s:16:\"background-media\";s:0:\"\";s:12:\"overlay-type\";s:0:\"\";s:13:\"overlay-color\";s:0:\"\";s:15:\"overlay-opacity\";s:0:\"\";s:16:\"overlay-gradient\";s:0:\"\";}s:6:\"mobile\";a:12:{s:16:\"background-color\";s:0:\"\";s:16:\"background-image\";s:0:\"\";s:17:\"background-repeat\";s:6:\"repeat\";s:19:\"background-position\";s:13:\"center center\";s:15:\"background-size\";s:4:\"auto\";s:21:\"background-attachment\";s:6:\"scroll\";s:15:\"background-type\";s:0:\"\";s:16:\"background-media\";s:0:\"\";s:12:\"overlay-type\";s:0:\"\";s:13:\"overlay-color\";s:0:\"\";s:15:\"overlay-opacity\";s:0:\"\";s:16:\"overlay-gradient\";s:0:\"\";}}"],"ast-content-background-meta":["a:3:{s:7:\"desktop\";a:12:{s:16:\"background-color\";s:25:\"var(--ast-global-color-4)\";s:16:\"background-image\";s:0:\"\";s:17:\"background-repeat\";s:6:\"repeat\";s:19:\"background-position\";s:13:\"center center\";s:15:\"background-size\";s:4:\"auto\";s:21:\"background-attachment\";s:6:\"scroll\";s:15:\"background-type\";s:0:\"\";s:16:\"background-media\";s:0:\"\";s:12:\"overlay-type\";s:0:\"\";s:13:\"overlay-color\";s:0:\"\";s:15:\"overlay-opacity\";s:0:\"\";s:16:\"overlay-gradient\";s:0:\"\";}s:6:\"tablet\";a:12:{s:16:\"background-color\";s:25:\"var(--ast-global-color-4)\";s:16:\"background-image\";s:0:\"\";s:17:\"background-repeat\";s:6:\"repeat\";s:19:\"background-position\";s:13:\"center center\";s:15:\"background-size\";s:4:\"auto\";s:21:\"background-attachment\";s:6:\"scroll\";s:15:\"background-type\";s:0:\"\";s:16:\"background-media\";s:0:\"\";s:12:\"overlay-type\";s:0:\"\";s:13:\"overlay-color\";s:0:\"\";s:15:\"overlay-opacity\";s:0:\"\";s:16:\"overlay-gradient\";s:0:\"\";}s:6:\"mobile\";a:12:{s:16:\"background-color\";s:25:\"var(--ast-global-color-4)\";s:16:\"background-image\";s:0:\"\";s:17:\"background-repeat\";s:6:\"repeat\";s:19:\"background-position\";s:13:\"center center\";s:15:\"background-size\";s:4:\"auto\";s:21:\"background-attachment\";s:6:\"scroll\";s:15:\"background-type\";s:0:\"\";s:16:\"background-media\";s:0:\"\";s:12:\"overlay-type\";s:0:\"\";s:13:\"overlay-color\";s:0:\"\";s:15:\"overlay-opacity\";s:0:\"\";s:16:\"overlay-gradient\";s:0:\"\";}}"],"footnotes":[""],"_uag_css_file_name":["uag-css-35271.css"],"_uag_page_assets":["a:9:{s:3:\"css\";s:263:\".uag-blocks-common-selector{z-index:var(--z-index-desktop) !important}@media (max-width: 976px){.uag-blocks-common-selector{z-index:var(--z-index-tablet) !important}}@media (max-width: 767px){.uag-blocks-common-selector{z-index:var(--z-index-mobile) !important}}\n\";s:2:\"js\";s:0:\"\";s:18:\"current_block_list\";a:6:{i:0;s:12:\"core\/heading\";i:1;s:14:\"core\/paragraph\";i:2;s:12:\"core\/buttons\";i:3;s:11:\"core\/button\";i:4;s:12:\"core\/columns\";i:5;s:11:\"core\/column\";}s:8:\"uag_flag\";b:0;s:11:\"uag_version\";s:10:\"1775648310\";s:6:\"gfonts\";a:0:{}s:10:\"gfonts_url\";s:0:\"\";s:12:\"gfonts_files\";a:0:{}s:14:\"uag_faq_layout\";b:0;}"]},"uagb_featured_image_src":{"full":false,"thumbnail":false,"medium":false,"medium_large":false,"large":false,"1536x1536":false,"2048x2048":false,"trp-custom-language-flag":false},"uagb_author_info":{"display_name":"admin","author_link":"https:\/\/matis.is\/en\/author\/thormodurmatis-is\/"},"uagb_comment_info":0,"uagb_excerpt":"Almennir vi\u00f0skiptaskilm\u00e1lar Mat\u00eds Vi\u00f0skiptaskilm\u00e1lar gilda um \u00f6ll vi\u00f0skipti Mat\u00eds ohf. (h\u00e9r einnig nefnt f\u00e9lagi\u00f0) og vi\u00f0skiptamanna \u00feess (h\u00e9r einnig nefndir [&hellip;]","_links":{"self":[{"href":"https:\/\/matis.is\/en\/wp-json\/wp\/v2\/pages\/35271","targetHints":{"allow":["GET"]}}],"collection":[{"href":"https:\/\/matis.is\/en\/wp-json\/wp\/v2\/pages"}],"about":[{"href":"https:\/\/matis.is\/en\/wp-json\/wp\/v2\/types\/page"}],"author":[{"embeddable":true,"href":"https:\/\/matis.is\/en\/wp-json\/wp\/v2\/users\/1"}],"replies":[{"embeddable":true,"href":"https:\/\/matis.is\/en\/wp-json\/wp\/v2\/comments?post=35271"}],"version-history":[{"count":5,"href":"https:\/\/matis.is\/en\/wp-json\/wp\/v2\/pages\/35271\/revisions"}],"predecessor-version":[{"id":56880,"href":"https:\/\/matis.is\/en\/wp-json\/wp\/v2\/pages\/35271\/revisions\/56880"}],"wp:attachment":[{"href":"https:\/\/matis.is\/en\/wp-json\/wp\/v2\/media?parent=35271"}],"curies":[{"name":"wp","href":"https:\/\/api.w.org\/{rel}","templated":true}]}}