{"id":35294,"date":"2021-02-09T09:38:00","date_gmt":"2021-02-09T09:38:00","guid":{"rendered":"https:\/\/new.matis.is\/?page_id=35294"},"modified":"2021-11-12T12:24:54","modified_gmt":"2021-11-12T12:24:54","slug":"vantar-thig-adstodu-fyrir-voruthroun","status":"publish","type":"page","link":"https:\/\/matis.is\/en\/vantar-thig-adstodu-fyrir-voruthroun\/","title":{"rendered":"Do you need product development facilities?"},"content":{"rendered":"<h2 class=\"wp-block-heading\">Do you need product development facilities?<\/h2>\n\n\n\n<h4 class=\"wp-block-heading\">Mat\u00eds assists companies and entrepreneurs in all stages of product development, from the concept stage to production processes and consumer research. Mat\u00eds emphasizes working closely with customers on product development and provides a variety of expert assistance that can be used to solve specific tasks.<\/h4>\n\n\n\n<div class=\"wp-block-columns lausnirograd is-layout-flex wp-container-core-columns-is-layout-28f84493 wp-block-columns-is-layout-flex\">\n<div class=\"wp-block-column is-layout-flow wp-block-column-is-layout-flow\">\n<h5 class=\"has-larger-font-size wp-block-heading\">Mat\u00eds food factories<\/h5>\n\n\n\n<p>The facilities can vary from one workshop to another, but what they all have in common is that there is a wide range of food processing equipment and tools and other facilities that the processing requires.<br><br><em>Develop your product<\/em>.<\/p>\n\n\n\n<section class=\"centered-container\"><a class=\"buttonlink buttonlink--arrowed\" href=\"\/en\/solutions-and-advice-2\/matvaelaframleidsla\/matarsmidja\/\">More Information<svg class=\"arrow-icon\" xmlns=\"http:\/\/www.w3.org\/2000\/svg\" width=\"32\" height=\"32\" viewbox=\"0 0 32 32\"><g fill=\"none\" stroke=\"#3477cf\" stroke-width=\"1.3\" stroke-linejoin=\"round\" stroke-miterlimit=\"10\"><circle class=\"arrow-icon--circle\" cx=\"16\" cy=\"16\" r=\"15.12\"><\/circle><path class=\"arrow-icon--arrow\" d=\"M16.14 9.93L22.21 16l-6.07 6.07M8.23 16h13.98\"><\/path><\/g><\/svg><\/a><\/section>\n<\/div>\n\n\n\n<div class=\"wp-block-column is-layout-flow wp-block-column-is-layout-flow\">\n<h5 class=\"has-larger-font-size wp-block-heading\">Product development and consumer surveys<\/h5>\n\n\n\n<p>Here, individuals, entrepreneurs and companies can come and further develop their ideas for new products that have special bioactive properties.<br><br><em>Do you have an interesting idea?<\/em><\/p>\n\n\n\n<section class=\"centered-container\"><a class=\"buttonlink buttonlink--arrowed\" href=\"\/en\/solutions-and-advice-2\/voruthroun-og-neytendarannsoknir\/\">More Information<svg class=\"arrow-icon\" xmlns=\"http:\/\/www.w3.org\/2000\/svg\" width=\"32\" height=\"32\" viewbox=\"0 0 32 32\"><g fill=\"none\" stroke=\"#3477cf\" stroke-width=\"1.3\" stroke-linejoin=\"round\" stroke-miterlimit=\"10\"><circle class=\"arrow-icon--circle\" cx=\"16\" cy=\"16\" r=\"15.12\"><\/circle><path class=\"arrow-icon--arrow\" d=\"M16.14 9.93L22.21 16l-6.07 6.07M8.23 16h13.98\"><\/path><\/g><\/svg><\/a><\/section>\n<\/div>\n<\/div>\n\n\n\n<div class=\"wp-block-columns lausnirograd is-layout-flex wp-container-core-columns-is-layout-28f84493 wp-block-columns-is-layout-flex\">\n<div class=\"wp-block-column is-layout-flow wp-block-column-is-layout-flow\">\n<h5 class=\"has-larger-font-size wp-block-heading\">Sensory Evaluation<\/h5>\n\n\n\n<p>Sensory evaluation is a systematic evaluation of the smell, taste, appearance and texture of food. In sensory evaluation, the human senses, i.e. visual, olfactory, taste, hearing and touch senses used to assess food quality.<\/p>\n\n\n\n<p><em>What do people think of your product?<\/em><\/p>\n\n\n\n<section class=\"centered-container\"><a class=\"buttonlink buttonlink--arrowed\" href=\"\/en\/solutions-and-advice-2\/skynmat\/\">More Information<svg class=\"arrow-icon\" xmlns=\"http:\/\/www.w3.org\/2000\/svg\" width=\"32\" height=\"32\" viewbox=\"0 0 32 32\"><g fill=\"none\" stroke=\"#3477cf\" stroke-width=\"1.3\" stroke-linejoin=\"round\" stroke-miterlimit=\"10\"><circle class=\"arrow-icon--circle\" cx=\"16\" cy=\"16\" r=\"15.12\"><\/circle><path class=\"arrow-icon--arrow\" d=\"M16.14 9.93L22.21 16l-6.07 6.07M8.23 16h13.98\"><\/path><\/g><\/svg><\/a><\/section>\n\n\n\n<p><\/p>\n<\/div>\n\n\n\n<div class=\"wp-block-column is-layout-flow wp-block-column-is-layout-flow\">\n<h5 class=\"has-larger-font-size wp-block-heading\">Research space<\/h5>\n\n\n\n<p>Laboratory space where various minor experiments can be performed. Access to smaller research equipment can be negotiated.<\/p>\n\n\n\n<section class=\"centered-container\"><a class=\"buttonlink buttonlink--arrowed\" href=\"\/en\/rannsoknarymi\/\">More Information<svg class=\"arrow-icon\" xmlns=\"http:\/\/www.w3.org\/2000\/svg\" width=\"32\" height=\"32\" viewbox=\"0 0 32 32\"><g fill=\"none\" stroke=\"#3477cf\" stroke-width=\"1.3\" stroke-linejoin=\"round\" stroke-miterlimit=\"10\"><circle class=\"arrow-icon--circle\" cx=\"16\" cy=\"16\" r=\"15.12\"><\/circle><path class=\"arrow-icon--arrow\" d=\"M16.14 9.93L22.21 16l-6.07 6.07M8.23 16h13.98\"><\/path><\/g><\/svg><\/a><\/section>\n<\/div>\n<\/div>\n\n\n\n<div class=\"wp-block-columns are-vertically-aligned-center m_cta has-background is-layout-flex wp-container-core-columns-is-layout-28f84493 wp-block-columns-is-layout-flex\" style=\"background-color:#ffffff\">\n<div class=\"wp-block-column is-vertically-aligned-center is-layout-flow wp-block-column-is-layout-flow\" style=\"flex-basis:66.66%\">\n<h3 class=\"wp-block-heading\" style=\"font-size:22px\">Do you need help or advice in connection with product development?<\/h3>\n<\/div>\n\n\n\n<div class=\"wp-block-column is-vertically-aligned-center is-layout-flow wp-block-column-is-layout-flow\" style=\"flex-basis:50%\">\n<div class=\"wp-block-buttons is-layout-flex wp-block-buttons-is-layout-flex\">\n<div class=\"wp-block-button m_button\"><a class=\"wp-block-button__link\" href=\"mailto:matis@matis.is\" target=\"_blank\" rel=\"noreferrer noopener\">Send us an inquiry<\/a><\/div>\n<\/div>\n<\/div>\n<\/div>","protected":false},"excerpt":{"rendered":"<p>Vantar \u00feig a\u00f0st\u00f6\u00f0u fyrir v\u00f6ru\u00fer\u00f3un? Mat\u00eds a\u00f0sto\u00f0ar fyrirt\u00e6ki og frumkv\u00f6\u00f0la \u00e1 \u00f6llum stigum v\u00f6ru\u00fer\u00f3unar, allt fr\u00e1 hugmyndastigi a\u00f0 vinnsluferlum og [&hellip;]<\/p>\n","protected":false},"author":1,"featured_media":0,"parent":0,"menu_order":0,"comment_status":"closed","ping_status":"closed","template":"plain-singular.php","meta":{"_acf_changed":false,"_uag_custom_page_level_css":"","site-sidebar-layout":"default","site-content-layout":"","ast-site-content-layout":"default","site-content-style":"default","site-sidebar-style":"default","ast-global-header-display":"","ast-banner-title-visibility":"","ast-main-header-display":"","ast-hfb-above-header-display":"","ast-hfb-below-header-display":"","ast-hfb-mobile-header-display":"","site-post-title":"","ast-breadcrumbs-content":"","ast-featured-img":"","footer-sml-layout":"","ast-disable-related-posts":"","theme-transparent-header-meta":"","adv-header-id-meta":"","stick-header-meta":"","header-above-stick-meta":"","header-main-stick-meta":"","header-below-stick-meta":"","astra-migrate-meta-layouts":"default","ast-page-background-enabled":"default","ast-page-background-meta":{"desktop":{"background-color":"var(--ast-global-color-5)","background-image":"","background-repeat":"repeat","background-position":"center center","background-size":"auto","background-attachment":"scroll","background-type":"","background-media":"","overlay-type":"","overlay-color":"","overlay-opacity":"","overlay-gradient":""},"tablet":{"background-color":"","background-image":"","background-repeat":"repeat","background-position":"center center","background-size":"auto","background-attachment":"scroll","background-type":"","background-media":"","overlay-type":"","overlay-color":"","overlay-opacity":"","overlay-gradient":""},"mobile":{"background-color":"","background-image":"","background-repeat":"repeat","background-position":"center center","background-size":"auto","background-attachment":"scroll","background-type":"","background-media":"","overlay-type":"","overlay-color":"","overlay-opacity":"","overlay-gradient":""}},"ast-content-background-meta":{"desktop":{"background-color":"var(--ast-global-color-4)","background-image":"","background-repeat":"repeat","background-position":"center center","background-size":"auto","background-attachment":"scroll","background-type":"","background-media":"","overlay-type":"","overlay-color":"","overlay-opacity":"","overlay-gradient":""},"tablet":{"background-color":"var(--ast-global-color-4)","background-image":"","background-repeat":"repeat","background-position":"center center","background-size":"auto","background-attachment":"scroll","background-type":"","background-media":"","overlay-type":"","overlay-color":"","overlay-opacity":"","overlay-gradient":""},"mobile":{"background-color":"var(--ast-global-color-4)","background-image":"","background-repeat":"repeat","background-position":"center center","background-size":"auto","background-attachment":"scroll","background-type":"","background-media":"","overlay-type":"","overlay-color":"","overlay-opacity":"","overlay-gradient":""}},"footnotes":""},"class_list":["post-35294","page","type-page","status-publish","hentry"],"acf":[],"yoast_head":"<!-- This site is optimized with the Yoast SEO plugin v27.2 - https:\/\/yoast.com\/product\/yoast-seo-wordpress\/ -->\n<title>Vantar \u00feig a\u00f0st\u00f6\u00f0u fyrir v\u00f6ru\u00fer\u00f3un? - Mat\u00eds<\/title>\n<meta name=\"description\" content=\"Mat\u00eds a\u00f0sto\u00f0ar fyrirt\u00e6ki og frumkv\u00f6\u00f0la \u00e1 \u00f6llum stigum v\u00f6ru\u00fer\u00f3unar, allt fr\u00e1 hugmyndastigi a\u00f0 vinnsluferlum og neytendaranns\u00f3knum.\" \/>\n<meta name=\"robots\" content=\"index, follow, max-snippet:-1, max-image-preview:large, max-video-preview:-1\" \/>\n<link rel=\"canonical\" href=\"https:\/\/matis.is\/en\/vantar-thig-adstodu-fyrir-voruthroun\/\" \/>\n<meta property=\"og:locale\" content=\"en_GB\" \/>\n<meta property=\"og:type\" content=\"article\" \/>\n<meta property=\"og:title\" content=\"Vantar \u00feig a\u00f0st\u00f6\u00f0u fyrir v\u00f6ru\u00fer\u00f3un? - Mat\u00eds\" \/>\n<meta property=\"og:description\" content=\"Mat\u00eds a\u00f0sto\u00f0ar fyrirt\u00e6ki og frumkv\u00f6\u00f0la \u00e1 \u00f6llum stigum v\u00f6ru\u00fer\u00f3unar, allt fr\u00e1 hugmyndastigi a\u00f0 vinnsluferlum og neytendaranns\u00f3knum.\" \/>\n<meta property=\"og:url\" content=\"https:\/\/matis.is\/en\/vantar-thig-adstodu-fyrir-voruthroun\/\" \/>\n<meta property=\"og:site_name\" content=\"Mat\u00eds\" \/>\n<meta property=\"article:publisher\" content=\"https:\/\/www.facebook.com\/matisiceland\" \/>\n<meta property=\"article:modified_time\" content=\"2021-11-12T12:24:54+00:00\" \/>\n<meta name=\"twitter:card\" content=\"summary_large_image\" \/>\n<meta name=\"twitter:site\" content=\"@matisiceland\" \/>\n<meta name=\"twitter:label1\" content=\"Estimated reading time\" \/>\n\t<meta name=\"twitter:data1\" content=\"1 minute\" \/>\n<script type=\"application\/ld+json\" class=\"yoast-schema-graph\">{\"@context\":\"https:\/\/schema.org\",\"@graph\":[{\"@type\":\"WebPage\",\"@id\":\"https:\/\/matis.is\/vantar-thig-adstodu-fyrir-voruthroun\/\",\"url\":\"https:\/\/matis.is\/vantar-thig-adstodu-fyrir-voruthroun\/\",\"name\":\"Vantar \u00feig a\u00f0st\u00f6\u00f0u fyrir v\u00f6ru\u00fer\u00f3un? - Mat\u00eds\",\"isPartOf\":{\"@id\":\"https:\/\/matis.is\/#website\"},\"datePublished\":\"2021-02-09T09:38:00+00:00\",\"dateModified\":\"2021-11-12T12:24:54+00:00\",\"description\":\"Mat\u00eds a\u00f0sto\u00f0ar fyrirt\u00e6ki og frumkv\u00f6\u00f0la \u00e1 \u00f6llum stigum v\u00f6ru\u00fer\u00f3unar, allt fr\u00e1 hugmyndastigi a\u00f0 vinnsluferlum og neytendaranns\u00f3knum.\",\"breadcrumb\":{\"@id\":\"https:\/\/matis.is\/vantar-thig-adstodu-fyrir-voruthroun\/#breadcrumb\"},\"inLanguage\":\"en-GB\",\"potentialAction\":[{\"@type\":\"ReadAction\",\"target\":[\"https:\/\/matis.is\/vantar-thig-adstodu-fyrir-voruthroun\/\"]}]},{\"@type\":\"BreadcrumbList\",\"@id\":\"https:\/\/matis.is\/vantar-thig-adstodu-fyrir-voruthroun\/#breadcrumb\",\"itemListElement\":[{\"@type\":\"ListItem\",\"position\":1,\"name\":\"Home\",\"item\":\"https:\/\/matis.is\/\"},{\"@type\":\"ListItem\",\"position\":2,\"name\":\"Vantar \u00feig a\u00f0st\u00f6\u00f0u fyrir v\u00f6ru\u00fer\u00f3un?\"}]},{\"@type\":\"WebSite\",\"@id\":\"https:\/\/matis.is\/#website\",\"url\":\"https:\/\/matis.is\/\",\"name\":\"Mat\u00eds\",\"description\":\"Ver\u00f0m\u00e6task\u00f6pun, matv\u00e6la\u00f6ryggi og l\u00fd\u00f0heilsa\",\"publisher\":{\"@id\":\"https:\/\/matis.is\/#organization\"},\"potentialAction\":[{\"@type\":\"SearchAction\",\"target\":{\"@type\":\"EntryPoint\",\"urlTemplate\":\"https:\/\/matis.is\/?s={search_term_string}\"},\"query-input\":{\"@type\":\"PropertyValueSpecification\",\"valueRequired\":true,\"valueName\":\"search_term_string\"}}],\"inLanguage\":\"en-GB\"},{\"@type\":\"Organization\",\"@id\":\"https:\/\/matis.is\/#organization\",\"name\":\"Mat\u00eds ohf.\",\"url\":\"https:\/\/matis.is\/\",\"logo\":{\"@type\":\"ImageObject\",\"inLanguage\":\"en-GB\",\"@id\":\"https:\/\/matis.is\/#\/schema\/logo\/image\/\",\"url\":\"https:\/\/matis.is\/wp-content\/uploads\/2021\/02\/matis_logo_blatthvitt.png\",\"contentUrl\":\"https:\/\/matis.is\/wp-content\/uploads\/2021\/02\/matis_logo_blatthvitt.png\",\"width\":1507,\"height\":1507,\"caption\":\"Mat\u00eds ohf.\"},\"image\":{\"@id\":\"https:\/\/matis.is\/#\/schema\/logo\/image\/\"},\"sameAs\":[\"https:\/\/www.facebook.com\/matisiceland\",\"https:\/\/x.com\/matisiceland\",\"https:\/\/www.instagram.com\/matisiceland\/\",\"https:\/\/www.linkedin.com\/matisiceland\/\",\"https:\/\/www.youtube.com\/channel\/UCY-frt3uTqgVZW-DLjoo5bA\"]}]}<\/script>\n<!-- \/ Yoast SEO plugin. -->","yoast_head_json":{"title":"Do you need product development facilities? - Mat\u00eds","description":"Mat\u00eds assists companies and entrepreneurs in all stages of product development, from the concept stage to production processes and consumer research.","robots":{"index":"index","follow":"follow","max-snippet":"max-snippet:-1","max-image-preview":"max-image-preview:large","max-video-preview":"max-video-preview:-1"},"canonical":"https:\/\/matis.is\/en\/vantar-thig-adstodu-fyrir-voruthroun\/","og_locale":"en_GB","og_type":"article","og_title":"Vantar \u00feig a\u00f0st\u00f6\u00f0u fyrir v\u00f6ru\u00fer\u00f3un? - Mat\u00eds","og_description":"Mat\u00eds a\u00f0sto\u00f0ar fyrirt\u00e6ki og frumkv\u00f6\u00f0la \u00e1 \u00f6llum stigum v\u00f6ru\u00fer\u00f3unar, allt fr\u00e1 hugmyndastigi a\u00f0 vinnsluferlum og neytendaranns\u00f3knum.","og_url":"https:\/\/matis.is\/en\/vantar-thig-adstodu-fyrir-voruthroun\/","og_site_name":"Mat\u00eds","article_publisher":"https:\/\/www.facebook.com\/matisiceland","article_modified_time":"2021-11-12T12:24:54+00:00","twitter_card":"summary_large_image","twitter_site":"@matisiceland","twitter_misc":{"Estimated reading time":"1 minute"},"schema":{"@context":"https:\/\/schema.org","@graph":[{"@type":"WebPage","@id":"https:\/\/matis.is\/vantar-thig-adstodu-fyrir-voruthroun\/","url":"https:\/\/matis.is\/vantar-thig-adstodu-fyrir-voruthroun\/","name":"Do you need product development facilities? - Mat\u00eds","isPartOf":{"@id":"https:\/\/matis.is\/#website"},"datePublished":"2021-02-09T09:38:00+00:00","dateModified":"2021-11-12T12:24:54+00:00","description":"Mat\u00eds assists companies and entrepreneurs in all stages of product development, from the concept stage to production processes and consumer research.","breadcrumb":{"@id":"https:\/\/matis.is\/vantar-thig-adstodu-fyrir-voruthroun\/#breadcrumb"},"inLanguage":"en-GB","potentialAction":[{"@type":"ReadAction","target":["https:\/\/matis.is\/vantar-thig-adstodu-fyrir-voruthroun\/"]}]},{"@type":"BreadcrumbList","@id":"https:\/\/matis.is\/vantar-thig-adstodu-fyrir-voruthroun\/#breadcrumb","itemListElement":[{"@type":"ListItem","position":1,"name":"Home","item":"https:\/\/matis.is\/"},{"@type":"ListItem","position":2,"name":"Vantar \u00feig a\u00f0st\u00f6\u00f0u fyrir v\u00f6ru\u00fer\u00f3un?"}]},{"@type":"WebSite","@id":"https:\/\/matis.is\/#website","url":"https:\/\/matis.is\/","name":"Mat\u00eds","description":"Value creation, food security and public health","publisher":{"@id":"https:\/\/matis.is\/#organization"},"potentialAction":[{"@type":"SearchAction","target":{"@type":"EntryPoint","urlTemplate":"https:\/\/matis.is\/?s={search_term_string}"},"query-input":{"@type":"PropertyValueSpecification","valueRequired":true,"valueName":"search_term_string"}}],"inLanguage":"en-GB"},{"@type":"Organization","@id":"https:\/\/matis.is\/#organization","name":"Mat\u00eds ohf.","url":"https:\/\/matis.is\/","logo":{"@type":"ImageObject","inLanguage":"en-GB","@id":"https:\/\/matis.is\/#\/schema\/logo\/image\/","url":"https:\/\/matis.is\/wp-content\/uploads\/2021\/02\/matis_logo_blatthvitt.png","contentUrl":"https:\/\/matis.is\/wp-content\/uploads\/2021\/02\/matis_logo_blatthvitt.png","width":1507,"height":1507,"caption":"Mat\u00eds ohf."},"image":{"@id":"https:\/\/matis.is\/#\/schema\/logo\/image\/"},"sameAs":["https:\/\/www.facebook.com\/matisiceland","https:\/\/x.com\/matisiceland","https:\/\/www.instagram.com\/matisiceland\/","https:\/\/www.linkedin.com\/matisiceland\/","https:\/\/www.youtube.com\/channel\/UCY-frt3uTqgVZW-DLjoo5bA"]}]}},"spectra_custom_meta":{"_edit_lock":["1636720752:1"],"_edit_last":["1"],"valmynd_a_undirsidu":["0"],"_valmynd_a_undirsidu":["field_5f9970348837c"],"undirvalmynd_a_parentsidu":["0"],"_undirvalmynd_a_parentsidu":["field_5f9addfe68a79"],"tengilidur":[""],"_tengilidur":["field_5ef905e0538b2"],"_wp_page_template":["plain-singular.php"],"_yoast_wpseo_content_score":["90"],"_yoast_wpseo_estimated-reading-time-minutes":["1"],"_yoast_wpseo_metadesc":["Mat\u00eds a\u00f0sto\u00f0ar fyrirt\u00e6ki og frumkv\u00f6\u00f0la \u00e1 \u00f6llum stigum v\u00f6ru\u00fer\u00f3unar, allt fr\u00e1 hugmyndastigi a\u00f0 vinnsluferlum og neytendaranns\u00f3knum."],"_uag_css_file_name":["uag-css-35294.css"],"_uag_page_assets":["a:9:{s:3:\"css\";s:263:\".uag-blocks-common-selector{z-index:var(--z-index-desktop) !important}@media (max-width: 976px){.uag-blocks-common-selector{z-index:var(--z-index-tablet) !important}}@media (max-width: 767px){.uag-blocks-common-selector{z-index:var(--z-index-mobile) !important}}\n\";s:2:\"js\";s:0:\"\";s:18:\"current_block_list\";a:7:{i:0;s:12:\"core\/heading\";i:1;s:12:\"core\/columns\";i:2;s:11:\"core\/column\";i:3;s:14:\"core\/paragraph\";i:4;s:9:\"core\/html\";i:6;s:12:\"core\/buttons\";i:7;s:11:\"core\/button\";}s:8:\"uag_flag\";b:0;s:11:\"uag_version\";s:10:\"1774608973\";s:6:\"gfonts\";a:0:{}s:10:\"gfonts_url\";s:0:\"\";s:12:\"gfonts_files\";a:0:{}s:14:\"uag_faq_layout\";b:0;}"]},"uagb_featured_image_src":{"full":false,"thumbnail":false,"medium":false,"medium_large":false,"large":false,"1536x1536":false,"2048x2048":false,"trp-custom-language-flag":false},"uagb_author_info":{"display_name":"admin","author_link":"https:\/\/matis.is\/en\/author\/thormodurmatis-is\/"},"uagb_comment_info":0,"uagb_excerpt":"Vantar \u00feig a\u00f0st\u00f6\u00f0u fyrir v\u00f6ru\u00fer\u00f3un? Mat\u00eds a\u00f0sto\u00f0ar fyrirt\u00e6ki og frumkv\u00f6\u00f0la \u00e1 \u00f6llum stigum v\u00f6ru\u00fer\u00f3unar, allt fr\u00e1 hugmyndastigi a\u00f0 vinnsluferlum og [&hellip;]","_links":{"self":[{"href":"https:\/\/matis.is\/en\/wp-json\/wp\/v2\/pages\/35294","targetHints":{"allow":["GET"]}}],"collection":[{"href":"https:\/\/matis.is\/en\/wp-json\/wp\/v2\/pages"}],"about":[{"href":"https:\/\/matis.is\/en\/wp-json\/wp\/v2\/types\/page"}],"author":[{"embeddable":true,"href":"https:\/\/matis.is\/en\/wp-json\/wp\/v2\/users\/1"}],"replies":[{"embeddable":true,"href":"https:\/\/matis.is\/en\/wp-json\/wp\/v2\/comments?post=35294"}],"version-history":[{"count":2,"href":"https:\/\/matis.is\/en\/wp-json\/wp\/v2\/pages\/35294\/revisions"}],"predecessor-version":[{"id":45272,"href":"https:\/\/matis.is\/en\/wp-json\/wp\/v2\/pages\/35294\/revisions\/45272"}],"wp:attachment":[{"href":"https:\/\/matis.is\/en\/wp-json\/wp\/v2\/media?parent=35294"}],"curies":[{"name":"wp","href":"https:\/\/api.w.org\/{rel}","templated":true}]}}