{"id":35360,"date":"2021-02-09T14:55:12","date_gmt":"2021-02-09T14:55:12","guid":{"rendered":"https:\/\/new.matis.is\/?page_id=35360"},"modified":"2021-09-01T13:17:53","modified_gmt":"2021-09-01T13:17:53","slug":"rannsoknarymi","status":"publish","type":"page","link":"https:\/\/matis.is\/en\/rannsoknarymi\/","title":{"rendered":"Research space"},"content":{"rendered":"<h2 class=\"wp-block-heading\">Mat\u00eds laboratory space<\/h2>\n\n\n\n<h4 class=\"wp-block-heading\">Laboratory space where various minor experiments can be performed. There are 4 workbenches that are 5 meters long and there are two absorption cabinets in the space.\u00a0<\/h4>\n\n\n\n<p><strong>The equipment in the facility includes the following:&nbsp;&nbsp; &nbsp;<\/strong><\/p>\n\n\n\n<ul class=\"dashed wp-block-list\"><li>Cooler&nbsp;&nbsp; &nbsp;<\/li><li>Temperature cabinet that can be adjusted in temperature from 60 -200 \u00b0 C&nbsp;&nbsp; &nbsp;<\/li><li>Hot tub&nbsp;&nbsp; &nbsp;<\/li><li>Microscope&nbsp;&nbsp; &nbsp;<\/li><li>Libra &nbsp;&nbsp; &nbsp;<\/li><li>Photometer&nbsp;&nbsp; &nbsp;<\/li><\/ul>\n\n\n\n<p>It is possible to negotiate access to smaller research equipment such as pH meters, distillation equipment, etc. located elsewhere in Mat\u00eds laboratories at V\u00ednlandslei\u00f0 12 or receive assistance with measurements if it is not possible to allow the use of the equipment for any reason.<\/p>\n\n\n\n<h5 class=\"wp-block-heading\">Mat\u00eds laboratory space, V\u00ednlandslei\u00f0 14&nbsp;&nbsp;<\/h5>","protected":false},"excerpt":{"rendered":"<p>Ranns\u00f3knastofur\u00fdmi Mat\u00eds Ranns\u00f3knastofur\u00fdmi \u00fear sem unnt er a\u00f0 framkv\u00e6ma \u00fdmsar minnih\u00e1ttar tilraunir. Um er a\u00f0 r\u00e6\u00f0a\u00a0 4 vinnubor\u00f0 sem eru [&hellip;]<\/p>\n","protected":false},"author":1,"featured_media":0,"parent":0,"menu_order":0,"comment_status":"closed","ping_status":"closed","template":"plain-singular.php","meta":{"_acf_changed":false,"_uag_custom_page_level_css":"","site-sidebar-layout":"default","site-content-layout":"","ast-site-content-layout":"default","site-content-style":"default","site-sidebar-style":"default","ast-global-header-display":"","ast-banner-title-visibility":"","ast-main-header-display":"","ast-hfb-above-header-display":"","ast-hfb-below-header-display":"","ast-hfb-mobile-header-display":"","site-post-title":"","ast-breadcrumbs-content":"","ast-featured-img":"","footer-sml-layout":"","ast-disable-related-posts":"","theme-transparent-header-meta":"","adv-header-id-meta":"","stick-header-meta":"","header-above-stick-meta":"","header-main-stick-meta":"","header-below-stick-meta":"","astra-migrate-meta-layouts":"default","ast-page-background-enabled":"default","ast-page-background-meta":{"desktop":{"background-color":"var(--ast-global-color-5)","background-image":"","background-repeat":"repeat","background-position":"center center","background-size":"auto","background-attachment":"scroll","background-type":"","background-media":"","overlay-type":"","overlay-color":"","overlay-opacity":"","overlay-gradient":""},"tablet":{"background-color":"","background-image":"","background-repeat":"repeat","background-position":"center center","background-size":"auto","background-attachment":"scroll","background-type":"","background-media":"","overlay-type":"","overlay-color":"","overlay-opacity":"","overlay-gradient":""},"mobile":{"background-color":"","background-image":"","background-repeat":"repeat","background-position":"center center","background-size":"auto","background-attachment":"scroll","background-type":"","background-media":"","overlay-type":"","overlay-color":"","overlay-opacity":"","overlay-gradient":""}},"ast-content-background-meta":{"desktop":{"background-color":"var(--ast-global-color-4)","background-image":"","background-repeat":"repeat","background-position":"center center","background-size":"auto","background-attachment":"scroll","background-type":"","background-media":"","overlay-type":"","overlay-color":"","overlay-opacity":"","overlay-gradient":""},"tablet":{"background-color":"var(--ast-global-color-4)","background-image":"","background-repeat":"repeat","background-position":"center center","background-size":"auto","background-attachment":"scroll","background-type":"","background-media":"","overlay-type":"","overlay-color":"","overlay-opacity":"","overlay-gradient":""},"mobile":{"background-color":"var(--ast-global-color-4)","background-image":"","background-repeat":"repeat","background-position":"center center","background-size":"auto","background-attachment":"scroll","background-type":"","background-media":"","overlay-type":"","overlay-color":"","overlay-opacity":"","overlay-gradient":""}},"footnotes":""},"class_list":["post-35360","page","type-page","status-publish","hentry"],"acf":[],"yoast_head":"<!-- This site is optimized with the Yoast SEO plugin v27.2 - https:\/\/yoast.com\/product\/yoast-seo-wordpress\/ -->\n<title>Ranns\u00f3knar\u00fdmi - Mat\u00eds<\/title>\n<meta name=\"description\" content=\"Ranns\u00f3knastofur\u00fdmi Mat\u00eds \u00fear sem unnt er a\u00f0 framkv\u00e6ma \u00fdmsar minnih\u00e1ttar tilraunir.\" \/>\n<meta name=\"robots\" content=\"index, follow, max-snippet:-1, max-image-preview:large, max-video-preview:-1\" \/>\n<link rel=\"canonical\" href=\"https:\/\/matis.is\/en\/rannsoknarymi\/\" \/>\n<meta property=\"og:locale\" content=\"en_GB\" \/>\n<meta property=\"og:type\" content=\"article\" \/>\n<meta property=\"og:title\" content=\"Ranns\u00f3knar\u00fdmi - Mat\u00eds\" \/>\n<meta property=\"og:description\" content=\"Ranns\u00f3knastofur\u00fdmi Mat\u00eds \u00fear sem unnt er a\u00f0 framkv\u00e6ma \u00fdmsar minnih\u00e1ttar tilraunir.\" \/>\n<meta property=\"og:url\" content=\"https:\/\/matis.is\/en\/rannsoknarymi\/\" \/>\n<meta property=\"og:site_name\" content=\"Mat\u00eds\" \/>\n<meta property=\"article:publisher\" content=\"https:\/\/www.facebook.com\/matisiceland\" \/>\n<meta property=\"article:modified_time\" content=\"2021-09-01T13:17:53+00:00\" \/>\n<meta name=\"twitter:card\" content=\"summary_large_image\" \/>\n<meta name=\"twitter:site\" content=\"@matisiceland\" \/>\n<meta name=\"twitter:label1\" content=\"Estimated reading time\" \/>\n\t<meta name=\"twitter:data1\" content=\"1 minute\" \/>\n<script type=\"application\/ld+json\" class=\"yoast-schema-graph\">{\"@context\":\"https:\/\/schema.org\",\"@graph\":[{\"@type\":\"WebPage\",\"@id\":\"https:\/\/matis.is\/rannsoknarymi\/\",\"url\":\"https:\/\/matis.is\/rannsoknarymi\/\",\"name\":\"Ranns\u00f3knar\u00fdmi - Mat\u00eds\",\"isPartOf\":{\"@id\":\"https:\/\/matis.is\/#website\"},\"datePublished\":\"2021-02-09T14:55:12+00:00\",\"dateModified\":\"2021-09-01T13:17:53+00:00\",\"description\":\"Ranns\u00f3knastofur\u00fdmi Mat\u00eds \u00fear sem unnt er a\u00f0 framkv\u00e6ma \u00fdmsar minnih\u00e1ttar tilraunir.\",\"breadcrumb\":{\"@id\":\"https:\/\/matis.is\/rannsoknarymi\/#breadcrumb\"},\"inLanguage\":\"en-GB\",\"potentialAction\":[{\"@type\":\"ReadAction\",\"target\":[\"https:\/\/matis.is\/rannsoknarymi\/\"]}]},{\"@type\":\"BreadcrumbList\",\"@id\":\"https:\/\/matis.is\/rannsoknarymi\/#breadcrumb\",\"itemListElement\":[{\"@type\":\"ListItem\",\"position\":1,\"name\":\"Home\",\"item\":\"https:\/\/matis.is\/\"},{\"@type\":\"ListItem\",\"position\":2,\"name\":\"Ranns\u00f3knar\u00fdmi\"}]},{\"@type\":\"WebSite\",\"@id\":\"https:\/\/matis.is\/#website\",\"url\":\"https:\/\/matis.is\/\",\"name\":\"Mat\u00eds\",\"description\":\"Ver\u00f0m\u00e6task\u00f6pun, matv\u00e6la\u00f6ryggi og l\u00fd\u00f0heilsa\",\"publisher\":{\"@id\":\"https:\/\/matis.is\/#organization\"},\"potentialAction\":[{\"@type\":\"SearchAction\",\"target\":{\"@type\":\"EntryPoint\",\"urlTemplate\":\"https:\/\/matis.is\/?s={search_term_string}\"},\"query-input\":{\"@type\":\"PropertyValueSpecification\",\"valueRequired\":true,\"valueName\":\"search_term_string\"}}],\"inLanguage\":\"en-GB\"},{\"@type\":\"Organization\",\"@id\":\"https:\/\/matis.is\/#organization\",\"name\":\"Mat\u00eds ohf.\",\"url\":\"https:\/\/matis.is\/\",\"logo\":{\"@type\":\"ImageObject\",\"inLanguage\":\"en-GB\",\"@id\":\"https:\/\/matis.is\/#\/schema\/logo\/image\/\",\"url\":\"https:\/\/matis.is\/wp-content\/uploads\/2021\/02\/matis_logo_blatthvitt.png\",\"contentUrl\":\"https:\/\/matis.is\/wp-content\/uploads\/2021\/02\/matis_logo_blatthvitt.png\",\"width\":1507,\"height\":1507,\"caption\":\"Mat\u00eds ohf.\"},\"image\":{\"@id\":\"https:\/\/matis.is\/#\/schema\/logo\/image\/\"},\"sameAs\":[\"https:\/\/www.facebook.com\/matisiceland\",\"https:\/\/x.com\/matisiceland\",\"https:\/\/www.instagram.com\/matisiceland\/\",\"https:\/\/www.linkedin.com\/matisiceland\/\",\"https:\/\/www.youtube.com\/channel\/UCY-frt3uTqgVZW-DLjoo5bA\"]}]}<\/script>\n<!-- \/ Yoast SEO plugin. -->","yoast_head_json":{"title":"Research space - Mat\u00eds","description":"Mat\u00eds laboratory space where various minor experiments can be performed.","robots":{"index":"index","follow":"follow","max-snippet":"max-snippet:-1","max-image-preview":"max-image-preview:large","max-video-preview":"max-video-preview:-1"},"canonical":"https:\/\/matis.is\/en\/rannsoknarymi\/","og_locale":"en_GB","og_type":"article","og_title":"Ranns\u00f3knar\u00fdmi - Mat\u00eds","og_description":"Ranns\u00f3knastofur\u00fdmi Mat\u00eds \u00fear sem unnt er a\u00f0 framkv\u00e6ma \u00fdmsar minnih\u00e1ttar tilraunir.","og_url":"https:\/\/matis.is\/en\/rannsoknarymi\/","og_site_name":"Mat\u00eds","article_publisher":"https:\/\/www.facebook.com\/matisiceland","article_modified_time":"2021-09-01T13:17:53+00:00","twitter_card":"summary_large_image","twitter_site":"@matisiceland","twitter_misc":{"Estimated reading time":"1 minute"},"schema":{"@context":"https:\/\/schema.org","@graph":[{"@type":"WebPage","@id":"https:\/\/matis.is\/rannsoknarymi\/","url":"https:\/\/matis.is\/rannsoknarymi\/","name":"Research space - Mat\u00eds","isPartOf":{"@id":"https:\/\/matis.is\/#website"},"datePublished":"2021-02-09T14:55:12+00:00","dateModified":"2021-09-01T13:17:53+00:00","description":"Mat\u00eds laboratory space where various minor experiments can be performed.","breadcrumb":{"@id":"https:\/\/matis.is\/rannsoknarymi\/#breadcrumb"},"inLanguage":"en-GB","potentialAction":[{"@type":"ReadAction","target":["https:\/\/matis.is\/rannsoknarymi\/"]}]},{"@type":"BreadcrumbList","@id":"https:\/\/matis.is\/rannsoknarymi\/#breadcrumb","itemListElement":[{"@type":"ListItem","position":1,"name":"Home","item":"https:\/\/matis.is\/"},{"@type":"ListItem","position":2,"name":"Ranns\u00f3knar\u00fdmi"}]},{"@type":"WebSite","@id":"https:\/\/matis.is\/#website","url":"https:\/\/matis.is\/","name":"Mat\u00eds","description":"Value creation, food security and public health","publisher":{"@id":"https:\/\/matis.is\/#organization"},"potentialAction":[{"@type":"SearchAction","target":{"@type":"EntryPoint","urlTemplate":"https:\/\/matis.is\/?s={search_term_string}"},"query-input":{"@type":"PropertyValueSpecification","valueRequired":true,"valueName":"search_term_string"}}],"inLanguage":"en-GB"},{"@type":"Organization","@id":"https:\/\/matis.is\/#organization","name":"Mat\u00eds ohf.","url":"https:\/\/matis.is\/","logo":{"@type":"ImageObject","inLanguage":"en-GB","@id":"https:\/\/matis.is\/#\/schema\/logo\/image\/","url":"https:\/\/matis.is\/wp-content\/uploads\/2021\/02\/matis_logo_blatthvitt.png","contentUrl":"https:\/\/matis.is\/wp-content\/uploads\/2021\/02\/matis_logo_blatthvitt.png","width":1507,"height":1507,"caption":"Mat\u00eds ohf."},"image":{"@id":"https:\/\/matis.is\/#\/schema\/logo\/image\/"},"sameAs":["https:\/\/www.facebook.com\/matisiceland","https:\/\/x.com\/matisiceland","https:\/\/www.instagram.com\/matisiceland\/","https:\/\/www.linkedin.com\/matisiceland\/","https:\/\/www.youtube.com\/channel\/UCY-frt3uTqgVZW-DLjoo5bA"]}]}},"spectra_custom_meta":{"_edit_lock":["1630502273:5"],"_wp_page_template":["plain-singular.php"],"_edit_last":["5"],"valmynd_a_undirsidu":["0"],"_valmynd_a_undirsidu":["field_5f9970348837c"],"undirvalmynd_a_parentsidu":["0"],"_undirvalmynd_a_parentsidu":["field_5f9addfe68a79"],"tengilidur":["28261"],"_tengilidur":["field_5ef905e0538b2"],"_yoast_wpseo_content_score":["90"],"_yoast_wpseo_estimated-reading-time-minutes":["1"],"_yoast_wpseo_metadesc":["Ranns\u00f3knastofur\u00fdmi Mat\u00eds \u00fear sem unnt er a\u00f0 framkv\u00e6ma \u00fdmsar minnih\u00e1ttar tilraunir."],"_uag_css_file_name":["uag-css-35360.css"],"_uag_page_assets":["a:9:{s:3:\"css\";s:263:\".uag-blocks-common-selector{z-index:var(--z-index-desktop) !important}@media (max-width: 976px){.uag-blocks-common-selector{z-index:var(--z-index-tablet) !important}}@media (max-width: 767px){.uag-blocks-common-selector{z-index:var(--z-index-mobile) !important}}\n\";s:2:\"js\";s:0:\"\";s:18:\"current_block_list\";a:7:{i:0;s:12:\"core\/heading\";i:1;s:14:\"core\/paragraph\";i:2;s:9:\"core\/list\";i:3;s:12:\"core\/buttons\";i:4;s:11:\"core\/button\";i:5;s:12:\"core\/columns\";i:6;s:11:\"core\/column\";}s:8:\"uag_flag\";b:0;s:11:\"uag_version\";s:10:\"1774608973\";s:6:\"gfonts\";a:0:{}s:10:\"gfonts_url\";s:0:\"\";s:12:\"gfonts_files\";a:0:{}s:14:\"uag_faq_layout\";b:0;}"]},"uagb_featured_image_src":{"full":false,"thumbnail":false,"medium":false,"medium_large":false,"large":false,"1536x1536":false,"2048x2048":false,"trp-custom-language-flag":false},"uagb_author_info":{"display_name":"admin","author_link":"https:\/\/matis.is\/en\/author\/thormodurmatis-is\/"},"uagb_comment_info":0,"uagb_excerpt":"Ranns\u00f3knastofur\u00fdmi Mat\u00eds Ranns\u00f3knastofur\u00fdmi \u00fear sem unnt er a\u00f0 framkv\u00e6ma \u00fdmsar minnih\u00e1ttar tilraunir. Um er a\u00f0 r\u00e6\u00f0a\u00a0 4 vinnubor\u00f0 sem eru [&hellip;]","_links":{"self":[{"href":"https:\/\/matis.is\/en\/wp-json\/wp\/v2\/pages\/35360","targetHints":{"allow":["GET"]}}],"collection":[{"href":"https:\/\/matis.is\/en\/wp-json\/wp\/v2\/pages"}],"about":[{"href":"https:\/\/matis.is\/en\/wp-json\/wp\/v2\/types\/page"}],"author":[{"embeddable":true,"href":"https:\/\/matis.is\/en\/wp-json\/wp\/v2\/users\/1"}],"replies":[{"embeddable":true,"href":"https:\/\/matis.is\/en\/wp-json\/wp\/v2\/comments?post=35360"}],"version-history":[{"count":3,"href":"https:\/\/matis.is\/en\/wp-json\/wp\/v2\/pages\/35360\/revisions"}],"predecessor-version":[{"id":44217,"href":"https:\/\/matis.is\/en\/wp-json\/wp\/v2\/pages\/35360\/revisions\/44217"}],"wp:attachment":[{"href":"https:\/\/matis.is\/en\/wp-json\/wp\/v2\/media?parent=35360"}],"curies":[{"name":"wp","href":"https:\/\/api.w.org\/{rel}","templated":true}]}}