{"id":35925,"date":"2021-03-05T12:31:32","date_gmt":"2021-03-05T12:31:32","guid":{"rendered":"https:\/\/new.matis.is\/?page_id=35925"},"modified":"2026-01-19T21:06:39","modified_gmt":"2026-01-19T21:06:39","slug":"fyrstu-skrefin","status":"publish","type":"page","link":"https:\/\/matis.is\/en\/upplysingar-fyrir-nyja-matvaelaframleidendur\/fyrstu-skrefin\/","title":{"rendered":"The first steps"},"content":{"rendered":"<h2 class=\"wp-block-heading\">Do you have an interesting idea?<\/h2>\n\n\n\n<h4 class=\"wp-block-heading\">Mat\u00eds guides you through the first terraces. Elaborate preparation saves you work and effort and increases the chances of success. <em><\/em><\/h4>\n\n\n\n\n\n\n<p><em>Initially, you need to work on licensing issues in collaboration with the health inspectorate in your area and the Food Administration (MAST). We encourage you to familiarize yourself with the material <a href=\"https:\/\/www.mast.is\/is\/matvaelafyrirtaeki\" target=\"_blank\" rel=\"noreferrer noopener\">Permission or registration and Good practice on the MAST website<\/a>. <\/em><\/p>\n\n\n\n<p><em>MAT\u00cdS and MAST are often confused. <\/em>MAT\u00cdS is a research and development company and does not have a direct role in supervision. MAT\u00cdS, on the other hand, performs various measurements at the request of the supervisory bodies that own the results. The inspection is in the hands of the municipal health inspectorate under the supervision of the Food Administration (MAST). <\/p>\n\n\n\n<p><em>Quality issues need to be tackled firmly and internal control needs to be built up in accordance with the scope and operation.<\/em><\/p>\n\n\n\n<p><em>A quality manual must be available. Mat\u00eds can help you build it.<\/em><\/p>\n\n\n\n<p><em>It is important to have good product development procedures.<\/em><\/p>\n\n\n\n<div class=\"wp-block-columns are-vertically-aligned-center m_cta has-border-color has-background is-layout-flex wp-container-core-columns-is-layout-28f84493 wp-block-columns-is-layout-flex\" style=\"border-color:var(--ast-global-color-2);border-width:1px;border-top-left-radius:5px;border-top-right-radius:5px;border-bottom-left-radius:5px;border-bottom-right-radius:5px;background-color:#ffffff\">\n<div class=\"wp-block-column is-vertically-aligned-center is-layout-flow wp-block-column-is-layout-flow\" style=\"flex-basis:66.66%\">\n<h3 class=\"wp-block-heading\" style=\"font-size:22px\">We can help you make your idea a reality.<\/h3>\n<\/div>\n\n\n\n<div class=\"wp-block-column is-vertically-aligned-center is-layout-flow wp-block-column-is-layout-flow\" style=\"flex-basis:50%\">\n<div class=\"wp-block-buttons is-layout-flex wp-block-buttons-is-layout-flex\">\n<div class=\"wp-block-button m_button\"><a class=\"wp-block-button__link wp-element-button\" href=\"mailto:olithor@matis.is\">Send us an inquiry<\/a><\/div>\n<\/div>\n<\/div>\n<\/div>","protected":false},"excerpt":{"rendered":"<p>Ertu me\u00f0 \u00e1hugaver\u00f0a hugmynd? Mat\u00eds lei\u00f0beinir \u00fe\u00e9r yfir fyrstu hjallana. Vanda\u00f0ur undirb\u00faningur sparar \u00fe\u00e9r vinnu og fyrirh\u00f6fn og eykur l\u00edkur [&hellip;]<\/p>\n","protected":false},"author":1,"featured_media":0,"parent":35135,"menu_order":0,"comment_status":"closed","ping_status":"closed","template":"","meta":{"_acf_changed":false,"_uag_custom_page_level_css":"","site-sidebar-layout":"right-sidebar","site-content-layout":"","ast-site-content-layout":"normal-width-container","site-content-style":"default","site-sidebar-style":"default","ast-global-header-display":"","ast-banner-title-visibility":"disabled","ast-main-header-display":"","ast-hfb-above-header-display":"","ast-hfb-below-header-display":"","ast-hfb-mobile-header-display":"","site-post-title":"","ast-breadcrumbs-content":"","ast-featured-img":"","footer-sml-layout":"","ast-disable-related-posts":"","theme-transparent-header-meta":"","adv-header-id-meta":"","stick-header-meta":"","header-above-stick-meta":"","header-main-stick-meta":"","header-below-stick-meta":"","astra-migrate-meta-layouts":"default","ast-page-background-enabled":"default","ast-page-background-meta":{"desktop":{"background-color":"var(--ast-global-color-5)","background-image":"","background-repeat":"repeat","background-position":"center center","background-size":"auto","background-attachment":"scroll","background-type":"","background-media":"","overlay-type":"","overlay-color":"","overlay-opacity":"","overlay-gradient":""},"tablet":{"background-color":"","background-image":"","background-repeat":"repeat","background-position":"center center","background-size":"auto","background-attachment":"scroll","background-type":"","background-media":"","overlay-type":"","overlay-color":"","overlay-opacity":"","overlay-gradient":""},"mobile":{"background-color":"","background-image":"","background-repeat":"repeat","background-position":"center center","background-size":"auto","background-attachment":"scroll","background-type":"","background-media":"","overlay-type":"","overlay-color":"","overlay-opacity":"","overlay-gradient":""}},"ast-content-background-meta":{"desktop":{"background-color":"var(--ast-global-color-4)","background-image":"","background-repeat":"repeat","background-position":"center center","background-size":"auto","background-attachment":"scroll","background-type":"","background-media":"","overlay-type":"","overlay-color":"","overlay-opacity":"","overlay-gradient":""},"tablet":{"background-color":"var(--ast-global-color-4)","background-image":"","background-repeat":"repeat","background-position":"center center","background-size":"auto","background-attachment":"scroll","background-type":"","background-media":"","overlay-type":"","overlay-color":"","overlay-opacity":"","overlay-gradient":""},"mobile":{"background-color":"var(--ast-global-color-4)","background-image":"","background-repeat":"repeat","background-position":"center center","background-size":"auto","background-attachment":"scroll","background-type":"","background-media":"","overlay-type":"","overlay-color":"","overlay-opacity":"","overlay-gradient":""}},"footnotes":""},"class_list":["post-35925","page","type-page","status-publish","hentry"],"acf":[],"yoast_head":"<!-- This site is optimized with the Yoast SEO plugin v27.2 - https:\/\/yoast.com\/product\/yoast-seo-wordpress\/ -->\n<title>Fyrstu skrefin - Mat\u00eds<\/title>\n<meta name=\"description\" content=\"Mat\u00eds lei\u00f0beinir \u00fe\u00e9r yfir fyrstu hjallana. Vanda\u00f0ur undirb\u00faningur sparar \u00fe\u00e9r vinnu og fyrirh\u00f6fn og eykur l\u00edkur \u00e1 \u00e1rangri.\" \/>\n<meta name=\"robots\" content=\"index, follow, max-snippet:-1, max-image-preview:large, max-video-preview:-1\" \/>\n<link rel=\"canonical\" href=\"https:\/\/matis.is\/en\/upplysingar-fyrir-nyja-matvaelaframleidendur\/fyrstu-skrefin\/\" \/>\n<meta property=\"og:locale\" content=\"en_GB\" \/>\n<meta property=\"og:type\" content=\"article\" \/>\n<meta property=\"og:title\" content=\"Fyrstu skrefin - Mat\u00eds\" \/>\n<meta property=\"og:description\" content=\"Mat\u00eds lei\u00f0beinir \u00fe\u00e9r yfir fyrstu hjallana. Vanda\u00f0ur undirb\u00faningur sparar \u00fe\u00e9r vinnu og fyrirh\u00f6fn og eykur l\u00edkur \u00e1 \u00e1rangri.\" \/>\n<meta property=\"og:url\" content=\"https:\/\/matis.is\/en\/upplysingar-fyrir-nyja-matvaelaframleidendur\/fyrstu-skrefin\/\" \/>\n<meta property=\"og:site_name\" content=\"Mat\u00eds\" \/>\n<meta property=\"article:publisher\" content=\"https:\/\/www.facebook.com\/matisiceland\" \/>\n<meta property=\"article:modified_time\" content=\"2026-01-19T21:06:39+00:00\" \/>\n<meta name=\"twitter:card\" content=\"summary_large_image\" \/>\n<meta name=\"twitter:site\" content=\"@matisiceland\" \/>\n<meta name=\"twitter:label1\" content=\"Estimated reading time\" \/>\n\t<meta name=\"twitter:data1\" content=\"1 minute\" \/>\n<script type=\"application\/ld+json\" class=\"yoast-schema-graph\">{\"@context\":\"https:\/\/schema.org\",\"@graph\":[{\"@type\":\"WebPage\",\"@id\":\"https:\/\/matis.is\/upplysingar-fyrir-nyja-matvaelaframleidendur\/fyrstu-skrefin\/\",\"url\":\"https:\/\/matis.is\/upplysingar-fyrir-nyja-matvaelaframleidendur\/fyrstu-skrefin\/\",\"name\":\"Fyrstu skrefin - Mat\u00eds\",\"isPartOf\":{\"@id\":\"https:\/\/matis.is\/#website\"},\"datePublished\":\"2021-03-05T12:31:32+00:00\",\"dateModified\":\"2026-01-19T21:06:39+00:00\",\"description\":\"Mat\u00eds lei\u00f0beinir \u00fe\u00e9r yfir fyrstu hjallana. Vanda\u00f0ur undirb\u00faningur sparar \u00fe\u00e9r vinnu og fyrirh\u00f6fn og eykur l\u00edkur \u00e1 \u00e1rangri.\",\"breadcrumb\":{\"@id\":\"https:\/\/matis.is\/upplysingar-fyrir-nyja-matvaelaframleidendur\/fyrstu-skrefin\/#breadcrumb\"},\"inLanguage\":\"en-GB\",\"potentialAction\":[{\"@type\":\"ReadAction\",\"target\":[\"https:\/\/matis.is\/upplysingar-fyrir-nyja-matvaelaframleidendur\/fyrstu-skrefin\/\"]}]},{\"@type\":\"BreadcrumbList\",\"@id\":\"https:\/\/matis.is\/upplysingar-fyrir-nyja-matvaelaframleidendur\/fyrstu-skrefin\/#breadcrumb\",\"itemListElement\":[{\"@type\":\"ListItem\",\"position\":1,\"name\":\"Home\",\"item\":\"https:\/\/matis.is\/\"},{\"@type\":\"ListItem\",\"position\":2,\"name\":\"Uppl\u00fdsingar fyrir n\u00fdja matv\u00e6laframlei\u00f0endur\",\"item\":\"https:\/\/matis.is\/upplysingar-fyrir-nyja-matvaelaframleidendur\/\"},{\"@type\":\"ListItem\",\"position\":3,\"name\":\"Fyrstu skrefin\"}]},{\"@type\":\"WebSite\",\"@id\":\"https:\/\/matis.is\/#website\",\"url\":\"https:\/\/matis.is\/\",\"name\":\"Mat\u00eds\",\"description\":\"Ver\u00f0m\u00e6task\u00f6pun, matv\u00e6la\u00f6ryggi og l\u00fd\u00f0heilsa\",\"publisher\":{\"@id\":\"https:\/\/matis.is\/#organization\"},\"potentialAction\":[{\"@type\":\"SearchAction\",\"target\":{\"@type\":\"EntryPoint\",\"urlTemplate\":\"https:\/\/matis.is\/?s={search_term_string}\"},\"query-input\":{\"@type\":\"PropertyValueSpecification\",\"valueRequired\":true,\"valueName\":\"search_term_string\"}}],\"inLanguage\":\"en-GB\"},{\"@type\":\"Organization\",\"@id\":\"https:\/\/matis.is\/#organization\",\"name\":\"Mat\u00eds ohf.\",\"url\":\"https:\/\/matis.is\/\",\"logo\":{\"@type\":\"ImageObject\",\"inLanguage\":\"en-GB\",\"@id\":\"https:\/\/matis.is\/#\/schema\/logo\/image\/\",\"url\":\"https:\/\/matis.is\/wp-content\/uploads\/2021\/02\/matis_logo_blatthvitt.png\",\"contentUrl\":\"https:\/\/matis.is\/wp-content\/uploads\/2021\/02\/matis_logo_blatthvitt.png\",\"width\":1507,\"height\":1507,\"caption\":\"Mat\u00eds ohf.\"},\"image\":{\"@id\":\"https:\/\/matis.is\/#\/schema\/logo\/image\/\"},\"sameAs\":[\"https:\/\/www.facebook.com\/matisiceland\",\"https:\/\/x.com\/matisiceland\",\"https:\/\/www.instagram.com\/matisiceland\/\",\"https:\/\/www.linkedin.com\/matisiceland\/\",\"https:\/\/www.youtube.com\/channel\/UCY-frt3uTqgVZW-DLjoo5bA\"]}]}<\/script>\n<!-- \/ Yoast SEO plugin. -->","yoast_head_json":{"title":"The first steps - Mat\u00eds","description":"Mat\u00eds guides you through the first terraces. Elaborate preparation saves you work and effort and increases the chances of success.","robots":{"index":"index","follow":"follow","max-snippet":"max-snippet:-1","max-image-preview":"max-image-preview:large","max-video-preview":"max-video-preview:-1"},"canonical":"https:\/\/matis.is\/en\/upplysingar-fyrir-nyja-matvaelaframleidendur\/fyrstu-skrefin\/","og_locale":"en_GB","og_type":"article","og_title":"Fyrstu skrefin - Mat\u00eds","og_description":"Mat\u00eds lei\u00f0beinir \u00fe\u00e9r yfir fyrstu hjallana. Vanda\u00f0ur undirb\u00faningur sparar \u00fe\u00e9r vinnu og fyrirh\u00f6fn og eykur l\u00edkur \u00e1 \u00e1rangri.","og_url":"https:\/\/matis.is\/en\/upplysingar-fyrir-nyja-matvaelaframleidendur\/fyrstu-skrefin\/","og_site_name":"Mat\u00eds","article_publisher":"https:\/\/www.facebook.com\/matisiceland","article_modified_time":"2026-01-19T21:06:39+00:00","twitter_card":"summary_large_image","twitter_site":"@matisiceland","twitter_misc":{"Estimated reading time":"1 minute"},"schema":{"@context":"https:\/\/schema.org","@graph":[{"@type":"WebPage","@id":"https:\/\/matis.is\/upplysingar-fyrir-nyja-matvaelaframleidendur\/fyrstu-skrefin\/","url":"https:\/\/matis.is\/upplysingar-fyrir-nyja-matvaelaframleidendur\/fyrstu-skrefin\/","name":"The first steps - Mat\u00eds","isPartOf":{"@id":"https:\/\/matis.is\/#website"},"datePublished":"2021-03-05T12:31:32+00:00","dateModified":"2026-01-19T21:06:39+00:00","description":"Mat\u00eds guides you through the first terraces. Elaborate preparation saves you work and effort and increases the chances of success.","breadcrumb":{"@id":"https:\/\/matis.is\/upplysingar-fyrir-nyja-matvaelaframleidendur\/fyrstu-skrefin\/#breadcrumb"},"inLanguage":"en-GB","potentialAction":[{"@type":"ReadAction","target":["https:\/\/matis.is\/upplysingar-fyrir-nyja-matvaelaframleidendur\/fyrstu-skrefin\/"]}]},{"@type":"BreadcrumbList","@id":"https:\/\/matis.is\/upplysingar-fyrir-nyja-matvaelaframleidendur\/fyrstu-skrefin\/#breadcrumb","itemListElement":[{"@type":"ListItem","position":1,"name":"Home","item":"https:\/\/matis.is\/"},{"@type":"ListItem","position":2,"name":"Uppl\u00fdsingar fyrir n\u00fdja matv\u00e6laframlei\u00f0endur","item":"https:\/\/matis.is\/upplysingar-fyrir-nyja-matvaelaframleidendur\/"},{"@type":"ListItem","position":3,"name":"Fyrstu skrefin"}]},{"@type":"WebSite","@id":"https:\/\/matis.is\/#website","url":"https:\/\/matis.is\/","name":"Mat\u00eds","description":"Value creation, food security and public health","publisher":{"@id":"https:\/\/matis.is\/#organization"},"potentialAction":[{"@type":"SearchAction","target":{"@type":"EntryPoint","urlTemplate":"https:\/\/matis.is\/?s={search_term_string}"},"query-input":{"@type":"PropertyValueSpecification","valueRequired":true,"valueName":"search_term_string"}}],"inLanguage":"en-GB"},{"@type":"Organization","@id":"https:\/\/matis.is\/#organization","name":"Mat\u00eds ohf.","url":"https:\/\/matis.is\/","logo":{"@type":"ImageObject","inLanguage":"en-GB","@id":"https:\/\/matis.is\/#\/schema\/logo\/image\/","url":"https:\/\/matis.is\/wp-content\/uploads\/2021\/02\/matis_logo_blatthvitt.png","contentUrl":"https:\/\/matis.is\/wp-content\/uploads\/2021\/02\/matis_logo_blatthvitt.png","width":1507,"height":1507,"caption":"Mat\u00eds ohf."},"image":{"@id":"https:\/\/matis.is\/#\/schema\/logo\/image\/"},"sameAs":["https:\/\/www.facebook.com\/matisiceland","https:\/\/x.com\/matisiceland","https:\/\/www.instagram.com\/matisiceland\/","https:\/\/www.linkedin.com\/matisiceland\/","https:\/\/www.youtube.com\/channel\/UCY-frt3uTqgVZW-DLjoo5bA"]}]}},"spectra_custom_meta":{"_edit_lock":["1768864041:7"],"_edit_last":["7"],"valmynd_a_undirsidu":["1"],"_valmynd_a_undirsidu":["field_5f9970348837c"],"undirvalmynd_a_parentsidu":["0"],"_undirvalmynd_a_parentsidu":["field_5f9addfe68a79"],"tengilidur":["28266"],"_tengilidur":["field_5ef905e0538b2"],"_yoast_wpseo_content_score":["90"],"_yoast_wpseo_estimated-reading-time-minutes":["1"],"_wp_page_template":["default"],"_yoast_wpseo_metadesc":["Mat\u00eds lei\u00f0beinir \u00fe\u00e9r yfir fyrstu hjallana. Vanda\u00f0ur undirb\u00faningur sparar \u00fe\u00e9r vinnu og fyrirh\u00f6fn og eykur l\u00edkur \u00e1 \u00e1rangri."],"_uag_custom_page_level_css":[""],"site-sidebar-layout":["right-sidebar"],"site-content-layout":[""],"ast-site-content-layout":["normal-width-container"],"site-content-style":["default"],"site-sidebar-style":["default"],"ast-global-header-display":[""],"ast-banner-title-visibility":["disabled"],"ast-main-header-display":[""],"ast-hfb-above-header-display":[""],"ast-hfb-below-header-display":[""],"ast-hfb-mobile-header-display":[""],"site-post-title":[""],"ast-breadcrumbs-content":[""],"ast-featured-img":[""],"footer-sml-layout":[""],"theme-transparent-header-meta":[""],"adv-header-id-meta":[""],"stick-header-meta":[""],"header-above-stick-meta":[""],"header-main-stick-meta":[""],"header-below-stick-meta":[""],"astra-migrate-meta-layouts":["default"],"ast-page-background-enabled":["default"],"ast-page-background-meta":["a:3:{s:7:\"desktop\";a:12:{s:16:\"background-color\";s:25:\"var(--ast-global-color-5)\";s:16:\"background-image\";s:0:\"\";s:17:\"background-repeat\";s:6:\"repeat\";s:19:\"background-position\";s:13:\"center center\";s:15:\"background-size\";s:4:\"auto\";s:21:\"background-attachment\";s:6:\"scroll\";s:15:\"background-type\";s:0:\"\";s:16:\"background-media\";s:0:\"\";s:12:\"overlay-type\";s:0:\"\";s:13:\"overlay-color\";s:0:\"\";s:15:\"overlay-opacity\";s:0:\"\";s:16:\"overlay-gradient\";s:0:\"\";}s:6:\"tablet\";a:12:{s:16:\"background-color\";s:0:\"\";s:16:\"background-image\";s:0:\"\";s:17:\"background-repeat\";s:6:\"repeat\";s:19:\"background-position\";s:13:\"center center\";s:15:\"background-size\";s:4:\"auto\";s:21:\"background-attachment\";s:6:\"scroll\";s:15:\"background-type\";s:0:\"\";s:16:\"background-media\";s:0:\"\";s:12:\"overlay-type\";s:0:\"\";s:13:\"overlay-color\";s:0:\"\";s:15:\"overlay-opacity\";s:0:\"\";s:16:\"overlay-gradient\";s:0:\"\";}s:6:\"mobile\";a:12:{s:16:\"background-color\";s:0:\"\";s:16:\"background-image\";s:0:\"\";s:17:\"background-repeat\";s:6:\"repeat\";s:19:\"background-position\";s:13:\"center center\";s:15:\"background-size\";s:4:\"auto\";s:21:\"background-attachment\";s:6:\"scroll\";s:15:\"background-type\";s:0:\"\";s:16:\"background-media\";s:0:\"\";s:12:\"overlay-type\";s:0:\"\";s:13:\"overlay-color\";s:0:\"\";s:15:\"overlay-opacity\";s:0:\"\";s:16:\"overlay-gradient\";s:0:\"\";}}"],"ast-content-background-meta":["a:3:{s:7:\"desktop\";a:12:{s:16:\"background-color\";s:25:\"var(--ast-global-color-4)\";s:16:\"background-image\";s:0:\"\";s:17:\"background-repeat\";s:6:\"repeat\";s:19:\"background-position\";s:13:\"center center\";s:15:\"background-size\";s:4:\"auto\";s:21:\"background-attachment\";s:6:\"scroll\";s:15:\"background-type\";s:0:\"\";s:16:\"background-media\";s:0:\"\";s:12:\"overlay-type\";s:0:\"\";s:13:\"overlay-color\";s:0:\"\";s:15:\"overlay-opacity\";s:0:\"\";s:16:\"overlay-gradient\";s:0:\"\";}s:6:\"tablet\";a:12:{s:16:\"background-color\";s:25:\"var(--ast-global-color-4)\";s:16:\"background-image\";s:0:\"\";s:17:\"background-repeat\";s:6:\"repeat\";s:19:\"background-position\";s:13:\"center center\";s:15:\"background-size\";s:4:\"auto\";s:21:\"background-attachment\";s:6:\"scroll\";s:15:\"background-type\";s:0:\"\";s:16:\"background-media\";s:0:\"\";s:12:\"overlay-type\";s:0:\"\";s:13:\"overlay-color\";s:0:\"\";s:15:\"overlay-opacity\";s:0:\"\";s:16:\"overlay-gradient\";s:0:\"\";}s:6:\"mobile\";a:12:{s:16:\"background-color\";s:25:\"var(--ast-global-color-4)\";s:16:\"background-image\";s:0:\"\";s:17:\"background-repeat\";s:6:\"repeat\";s:19:\"background-position\";s:13:\"center center\";s:15:\"background-size\";s:4:\"auto\";s:21:\"background-attachment\";s:6:\"scroll\";s:15:\"background-type\";s:0:\"\";s:16:\"background-media\";s:0:\"\";s:12:\"overlay-type\";s:0:\"\";s:13:\"overlay-color\";s:0:\"\";s:15:\"overlay-opacity\";s:0:\"\";s:16:\"overlay-gradient\";s:0:\"\";}}"],"footnotes":[""],"cmplz_hide_cookiebanner":[""],"_uag_css_file_name":["uag-css-35925.css"],"_uag_page_assets":["a:9:{s:3:\"css\";s:263:\".uag-blocks-common-selector{z-index:var(--z-index-desktop) !important}@media (max-width: 976px){.uag-blocks-common-selector{z-index:var(--z-index-tablet) !important}}@media (max-width: 767px){.uag-blocks-common-selector{z-index:var(--z-index-mobile) !important}}\n\";s:2:\"js\";s:0:\"\";s:18:\"current_block_list\";a:7:{i:0;s:12:\"core\/heading\";i:1;s:14:\"core\/shortcode\";i:2;s:14:\"core\/paragraph\";i:3;s:12:\"core\/columns\";i:4;s:11:\"core\/column\";i:6;s:12:\"core\/buttons\";i:7;s:11:\"core\/button\";}s:8:\"uag_flag\";b:0;s:11:\"uag_version\";s:10:\"1775648310\";s:6:\"gfonts\";a:0:{}s:10:\"gfonts_url\";s:0:\"\";s:12:\"gfonts_files\";a:0:{}s:14:\"uag_faq_layout\";b:0;}"]},"uagb_featured_image_src":{"full":false,"thumbnail":false,"medium":false,"medium_large":false,"large":false,"1536x1536":false,"2048x2048":false,"trp-custom-language-flag":false},"uagb_author_info":{"display_name":"admin","author_link":"https:\/\/matis.is\/en\/author\/thormodurmatis-is\/"},"uagb_comment_info":0,"uagb_excerpt":"Ertu me\u00f0 \u00e1hugaver\u00f0a hugmynd? Mat\u00eds lei\u00f0beinir \u00fe\u00e9r yfir fyrstu hjallana. Vanda\u00f0ur undirb\u00faningur sparar \u00fe\u00e9r vinnu og fyrirh\u00f6fn og eykur l\u00edkur [&hellip;]","_links":{"self":[{"href":"https:\/\/matis.is\/en\/wp-json\/wp\/v2\/pages\/35925","targetHints":{"allow":["GET"]}}],"collection":[{"href":"https:\/\/matis.is\/en\/wp-json\/wp\/v2\/pages"}],"about":[{"href":"https:\/\/matis.is\/en\/wp-json\/wp\/v2\/types\/page"}],"author":[{"embeddable":true,"href":"https:\/\/matis.is\/en\/wp-json\/wp\/v2\/users\/1"}],"replies":[{"embeddable":true,"href":"https:\/\/matis.is\/en\/wp-json\/wp\/v2\/comments?post=35925"}],"version-history":[{"count":5,"href":"https:\/\/matis.is\/en\/wp-json\/wp\/v2\/pages\/35925\/revisions"}],"predecessor-version":[{"id":56333,"href":"https:\/\/matis.is\/en\/wp-json\/wp\/v2\/pages\/35925\/revisions\/56333"}],"up":[{"embeddable":true,"href":"https:\/\/matis.is\/en\/wp-json\/wp\/v2\/pages\/35135"}],"wp:attachment":[{"href":"https:\/\/matis.is\/en\/wp-json\/wp\/v2\/media?parent=35925"}],"curies":[{"name":"wp","href":"https:\/\/api.w.org\/{rel}","templated":true}]}}