{"id":35953,"date":"2021-03-08T10:22:12","date_gmt":"2021-03-08T10:22:12","guid":{"rendered":"https:\/\/new.matis.is\/?page_id=35953"},"modified":"2026-01-28T16:18:03","modified_gmt":"2026-01-28T16:18:03","slug":"matvaelaoryggi-radgjof","status":"publish","type":"page","link":"https:\/\/matis.is\/en\/upplysingar-fyrir-nyja-matvaelaframleidendur\/matvaelaoryggi-radgjof\/","title":{"rendered":"Food Safety"},"content":{"rendered":"<h2 class=\"wp-block-heading\">Food Safety<\/h2>\n\n\n\n<h4 class=\"wp-block-heading\">MAT\u00cdS operates a laboratory where measurements are made of the microorganisms (bacteria (fungi), fungi, etc.) that degrade quality, shorten shelf life or cause foodborne illness.<\/h4>\n\n\n\n<p><strong>You can get advice from microbiology experts.<\/strong><\/p>\n\n\n\n<p>Shelf life can also be determined by microbial measurements. Sometimes microorganisms are not the problem, but it is more important to study how taste and other sensory factors change over time. Then MAT\u00cdS experts in sensory assessment can help you.<\/p>\n\n\n\n<p><strong><a href=\"\/en\/maelingar-og-thjonusta\/orverumaelingar\/\">You can find more information about microbiological measurements here<\/a><\/strong>.<\/p>\n\n\n\n<div class=\"wp-block-columns are-vertically-aligned-center m_cta has-border-color has-background is-layout-flex wp-container-core-columns-is-layout-28f84493 wp-block-columns-is-layout-flex\" style=\"border-color:var(--ast-global-color-2);border-width:1px;border-top-left-radius:5px;border-top-right-radius:5px;border-bottom-left-radius:5px;border-bottom-right-radius:5px;background-color:#ffffff\">\n<div class=\"wp-block-column is-vertically-aligned-center is-layout-flow wp-block-column-is-layout-flow\" style=\"flex-basis:66.66%\">\n<h3 class=\"wp-block-heading\" style=\"font-size:22px\">Need advice on microbiological testing and food safety?<\/h3>\n<\/div>\n\n\n\n<div class=\"wp-block-column is-vertically-aligned-center is-layout-flow wp-block-column-is-layout-flow\" style=\"flex-basis:50%\">\n<div class=\"wp-block-buttons is-layout-flex wp-block-buttons-is-layout-flex\">\n<div class=\"wp-block-button m_button\"><a class=\"wp-block-button__link wp-element-button\" href=\"mailto:orverumaelingar@matis.is\" style=\"text-transform:none\">Send us an inquiry<\/a><\/div>\n<\/div>\n<\/div>\n<\/div>","protected":false},"excerpt":{"rendered":"<p>Matv\u00e6la\u00f6ryggi MAT\u00cdS starfr\u00e6kir ranns\u00f3knastofu \u00fear sem ger\u00f0ar eru m\u00e6lingar \u00e1 \u00feeim \u00f6rverum (bakter\u00edum (gerlum), sveppum o.fl.) sem spilla g\u00e6\u00f0um, stytta [&hellip;]<\/p>\n","protected":false},"author":1,"featured_media":0,"parent":35135,"menu_order":0,"comment_status":"closed","ping_status":"closed","template":"","meta":{"_acf_changed":false,"_uag_custom_page_level_css":"","site-sidebar-layout":"default","site-content-layout":"","ast-site-content-layout":"default","site-content-style":"default","site-sidebar-style":"default","ast-global-header-display":"","ast-banner-title-visibility":"disabled","ast-main-header-display":"","ast-hfb-above-header-display":"","ast-hfb-below-header-display":"","ast-hfb-mobile-header-display":"","site-post-title":"","ast-breadcrumbs-content":"","ast-featured-img":"","footer-sml-layout":"","ast-disable-related-posts":"","theme-transparent-header-meta":"","adv-header-id-meta":"","stick-header-meta":"","header-above-stick-meta":"","header-main-stick-meta":"","header-below-stick-meta":"","astra-migrate-meta-layouts":"default","ast-page-background-enabled":"default","ast-page-background-meta":{"desktop":{"background-color":"var(--ast-global-color-5)","background-image":"","background-repeat":"repeat","background-position":"center center","background-size":"auto","background-attachment":"scroll","background-type":"","background-media":"","overlay-type":"","overlay-color":"","overlay-opacity":"","overlay-gradient":""},"tablet":{"background-color":"","background-image":"","background-repeat":"repeat","background-position":"center center","background-size":"auto","background-attachment":"scroll","background-type":"","background-media":"","overlay-type":"","overlay-color":"","overlay-opacity":"","overlay-gradient":""},"mobile":{"background-color":"","background-image":"","background-repeat":"repeat","background-position":"center center","background-size":"auto","background-attachment":"scroll","background-type":"","background-media":"","overlay-type":"","overlay-color":"","overlay-opacity":"","overlay-gradient":""}},"ast-content-background-meta":{"desktop":{"background-color":"var(--ast-global-color-4)","background-image":"","background-repeat":"repeat","background-position":"center center","background-size":"auto","background-attachment":"scroll","background-type":"","background-media":"","overlay-type":"","overlay-color":"","overlay-opacity":"","overlay-gradient":""},"tablet":{"background-color":"var(--ast-global-color-4)","background-image":"","background-repeat":"repeat","background-position":"center center","background-size":"auto","background-attachment":"scroll","background-type":"","background-media":"","overlay-type":"","overlay-color":"","overlay-opacity":"","overlay-gradient":""},"mobile":{"background-color":"var(--ast-global-color-4)","background-image":"","background-repeat":"repeat","background-position":"center center","background-size":"auto","background-attachment":"scroll","background-type":"","background-media":"","overlay-type":"","overlay-color":"","overlay-opacity":"","overlay-gradient":""}},"footnotes":""},"class_list":["post-35953","page","type-page","status-publish","hentry"],"acf":[],"yoast_head":"<!-- This site is optimized with the Yoast SEO plugin v27.4 - https:\/\/yoast.com\/product\/yoast-seo-wordpress\/ -->\n<title>Matv\u00e6la\u00f6ryggi - Mat\u00eds<\/title>\n<meta name=\"description\" content=\"MAT\u00cdS starfr\u00e6kir ranns\u00f3knastofu \u00fear sem ger\u00f0ar eru m\u00e6lingar \u00e1 \u00feeim \u00f6rverum (bakter\u00edum (gerlum), sveppum o.fl.) sem spilla g\u00e6\u00f0um, stytta geymslu\u00feol e\u00f0a valda matarsj\u00fakd\u00f3mum.\" \/>\n<meta name=\"robots\" content=\"index, follow, max-snippet:-1, max-image-preview:large, max-video-preview:-1\" \/>\n<link rel=\"canonical\" href=\"https:\/\/matis.is\/en\/upplysingar-fyrir-nyja-matvaelaframleidendur\/matvaelaoryggi-radgjof\/\" \/>\n<meta property=\"og:locale\" content=\"en_GB\" \/>\n<meta property=\"og:type\" content=\"article\" \/>\n<meta property=\"og:title\" content=\"Matv\u00e6la\u00f6ryggi - Mat\u00eds\" \/>\n<meta property=\"og:description\" content=\"MAT\u00cdS starfr\u00e6kir ranns\u00f3knastofu \u00fear sem ger\u00f0ar eru m\u00e6lingar \u00e1 \u00feeim \u00f6rverum (bakter\u00edum (gerlum), sveppum o.fl.) sem spilla g\u00e6\u00f0um, stytta geymslu\u00feol e\u00f0a valda matarsj\u00fakd\u00f3mum.\" \/>\n<meta property=\"og:url\" content=\"https:\/\/matis.is\/en\/upplysingar-fyrir-nyja-matvaelaframleidendur\/matvaelaoryggi-radgjof\/\" \/>\n<meta property=\"og:site_name\" content=\"Mat\u00eds\" \/>\n<meta property=\"article:publisher\" content=\"https:\/\/www.facebook.com\/matisiceland\" \/>\n<meta property=\"article:modified_time\" content=\"2026-01-28T16:18:03+00:00\" \/>\n<meta name=\"twitter:card\" content=\"summary_large_image\" \/>\n<meta name=\"twitter:site\" content=\"@matisiceland\" \/>\n<meta name=\"twitter:label1\" content=\"Estimated reading time\" \/>\n\t<meta name=\"twitter:data1\" content=\"1 minute\" \/>\n<script type=\"application\/ld+json\" class=\"yoast-schema-graph\">{\"@context\":\"https:\\\/\\\/schema.org\",\"@graph\":[{\"@type\":\"WebPage\",\"@id\":\"https:\\\/\\\/matis.is\\\/upplysingar-fyrir-nyja-matvaelaframleidendur\\\/matvaelaoryggi-radgjof\\\/\",\"url\":\"https:\\\/\\\/matis.is\\\/upplysingar-fyrir-nyja-matvaelaframleidendur\\\/matvaelaoryggi-radgjof\\\/\",\"name\":\"Matv\u00e6la\u00f6ryggi - Mat\u00eds\",\"isPartOf\":{\"@id\":\"https:\\\/\\\/matis.is\\\/#website\"},\"datePublished\":\"2021-03-08T10:22:12+00:00\",\"dateModified\":\"2026-01-28T16:18:03+00:00\",\"description\":\"MAT\u00cdS starfr\u00e6kir ranns\u00f3knastofu \u00fear sem ger\u00f0ar eru m\u00e6lingar \u00e1 \u00feeim \u00f6rverum (bakter\u00edum (gerlum), sveppum o.fl.) sem spilla g\u00e6\u00f0um, stytta geymslu\u00feol e\u00f0a valda matarsj\u00fakd\u00f3mum.\",\"breadcrumb\":{\"@id\":\"https:\\\/\\\/matis.is\\\/upplysingar-fyrir-nyja-matvaelaframleidendur\\\/matvaelaoryggi-radgjof\\\/#breadcrumb\"},\"inLanguage\":\"en-GB\",\"potentialAction\":[{\"@type\":\"ReadAction\",\"target\":[\"https:\\\/\\\/matis.is\\\/upplysingar-fyrir-nyja-matvaelaframleidendur\\\/matvaelaoryggi-radgjof\\\/\"]}]},{\"@type\":\"BreadcrumbList\",\"@id\":\"https:\\\/\\\/matis.is\\\/upplysingar-fyrir-nyja-matvaelaframleidendur\\\/matvaelaoryggi-radgjof\\\/#breadcrumb\",\"itemListElement\":[{\"@type\":\"ListItem\",\"position\":1,\"name\":\"Home\",\"item\":\"https:\\\/\\\/matis.is\\\/\"},{\"@type\":\"ListItem\",\"position\":2,\"name\":\"Uppl\u00fdsingar fyrir n\u00fdja matv\u00e6laframlei\u00f0endur\",\"item\":\"https:\\\/\\\/matis.is\\\/upplysingar-fyrir-nyja-matvaelaframleidendur\\\/\"},{\"@type\":\"ListItem\",\"position\":3,\"name\":\"Matv\u00e6la\u00f6ryggi\"}]},{\"@type\":\"WebSite\",\"@id\":\"https:\\\/\\\/matis.is\\\/#website\",\"url\":\"https:\\\/\\\/matis.is\\\/\",\"name\":\"Mat\u00eds\",\"description\":\"Ver\u00f0m\u00e6task\u00f6pun, matv\u00e6la\u00f6ryggi og l\u00fd\u00f0heilsa\",\"publisher\":{\"@id\":\"https:\\\/\\\/matis.is\\\/#organization\"},\"potentialAction\":[{\"@type\":\"SearchAction\",\"target\":{\"@type\":\"EntryPoint\",\"urlTemplate\":\"https:\\\/\\\/matis.is\\\/?s={search_term_string}\"},\"query-input\":{\"@type\":\"PropertyValueSpecification\",\"valueRequired\":true,\"valueName\":\"search_term_string\"}}],\"inLanguage\":\"en-GB\"},{\"@type\":\"Organization\",\"@id\":\"https:\\\/\\\/matis.is\\\/#organization\",\"name\":\"Mat\u00eds ohf.\",\"url\":\"https:\\\/\\\/matis.is\\\/\",\"logo\":{\"@type\":\"ImageObject\",\"inLanguage\":\"en-GB\",\"@id\":\"https:\\\/\\\/matis.is\\\/#\\\/schema\\\/logo\\\/image\\\/\",\"url\":\"https:\\\/\\\/matis.is\\\/wp-content\\\/uploads\\\/2021\\\/02\\\/matis_logo_blatthvitt.png\",\"contentUrl\":\"https:\\\/\\\/matis.is\\\/wp-content\\\/uploads\\\/2021\\\/02\\\/matis_logo_blatthvitt.png\",\"width\":1507,\"height\":1507,\"caption\":\"Mat\u00eds ohf.\"},\"image\":{\"@id\":\"https:\\\/\\\/matis.is\\\/#\\\/schema\\\/logo\\\/image\\\/\"},\"sameAs\":[\"https:\\\/\\\/www.facebook.com\\\/matisiceland\",\"https:\\\/\\\/x.com\\\/matisiceland\",\"https:\\\/\\\/www.instagram.com\\\/matisiceland\\\/\",\"https:\\\/\\\/www.linkedin.com\\\/matisiceland\\\/\",\"https:\\\/\\\/www.youtube.com\\\/channel\\\/UCY-frt3uTqgVZW-DLjoo5bA\"]}]}<\/script>\n<!-- \/ Yoast SEO plugin. -->","yoast_head_json":{"title":"Food safety - Mat\u00eds","description":"MAT\u00cdS operates a laboratory where measurements are made of the microorganisms (bacteria (fungi), fungi, etc.) that degrade quality, shorten shelf life or cause foodborne illness.","robots":{"index":"index","follow":"follow","max-snippet":"max-snippet:-1","max-image-preview":"max-image-preview:large","max-video-preview":"max-video-preview:-1"},"canonical":"https:\/\/matis.is\/en\/upplysingar-fyrir-nyja-matvaelaframleidendur\/matvaelaoryggi-radgjof\/","og_locale":"en_GB","og_type":"article","og_title":"Matv\u00e6la\u00f6ryggi - Mat\u00eds","og_description":"MAT\u00cdS starfr\u00e6kir ranns\u00f3knastofu \u00fear sem ger\u00f0ar eru m\u00e6lingar \u00e1 \u00feeim \u00f6rverum (bakter\u00edum (gerlum), sveppum o.fl.) sem spilla g\u00e6\u00f0um, stytta geymslu\u00feol e\u00f0a valda matarsj\u00fakd\u00f3mum.","og_url":"https:\/\/matis.is\/en\/upplysingar-fyrir-nyja-matvaelaframleidendur\/matvaelaoryggi-radgjof\/","og_site_name":"Mat\u00eds","article_publisher":"https:\/\/www.facebook.com\/matisiceland","article_modified_time":"2026-01-28T16:18:03+00:00","twitter_card":"summary_large_image","twitter_site":"@matisiceland","twitter_misc":{"Estimated reading time":"1 minute"},"schema":{"@context":"https:\/\/schema.org","@graph":[{"@type":"WebPage","@id":"https:\/\/matis.is\/upplysingar-fyrir-nyja-matvaelaframleidendur\/matvaelaoryggi-radgjof\/","url":"https:\/\/matis.is\/upplysingar-fyrir-nyja-matvaelaframleidendur\/matvaelaoryggi-radgjof\/","name":"Food safety - Mat\u00eds","isPartOf":{"@id":"https:\/\/matis.is\/#website"},"datePublished":"2021-03-08T10:22:12+00:00","dateModified":"2026-01-28T16:18:03+00:00","description":"MAT\u00cdS operates a laboratory where measurements are made of the microorganisms (bacteria (fungi), fungi, etc.) that degrade quality, shorten shelf life or cause foodborne illness.","breadcrumb":{"@id":"https:\/\/matis.is\/upplysingar-fyrir-nyja-matvaelaframleidendur\/matvaelaoryggi-radgjof\/#breadcrumb"},"inLanguage":"en-GB","potentialAction":[{"@type":"ReadAction","target":["https:\/\/matis.is\/upplysingar-fyrir-nyja-matvaelaframleidendur\/matvaelaoryggi-radgjof\/"]}]},{"@type":"BreadcrumbList","@id":"https:\/\/matis.is\/upplysingar-fyrir-nyja-matvaelaframleidendur\/matvaelaoryggi-radgjof\/#breadcrumb","itemListElement":[{"@type":"ListItem","position":1,"name":"Home","item":"https:\/\/matis.is\/"},{"@type":"ListItem","position":2,"name":"Uppl\u00fdsingar fyrir n\u00fdja matv\u00e6laframlei\u00f0endur","item":"https:\/\/matis.is\/upplysingar-fyrir-nyja-matvaelaframleidendur\/"},{"@type":"ListItem","position":3,"name":"Matv\u00e6la\u00f6ryggi"}]},{"@type":"WebSite","@id":"https:\/\/matis.is\/#website","url":"https:\/\/matis.is\/","name":"Mat\u00eds","description":"Value creation, food security and public health","publisher":{"@id":"https:\/\/matis.is\/#organization"},"potentialAction":[{"@type":"SearchAction","target":{"@type":"EntryPoint","urlTemplate":"https:\/\/matis.is\/?s={search_term_string}"},"query-input":{"@type":"PropertyValueSpecification","valueRequired":true,"valueName":"search_term_string"}}],"inLanguage":"en-GB"},{"@type":"Organization","@id":"https:\/\/matis.is\/#organization","name":"Mat\u00eds ohf.","url":"https:\/\/matis.is\/","logo":{"@type":"ImageObject","inLanguage":"en-GB","@id":"https:\/\/matis.is\/#\/schema\/logo\/image\/","url":"https:\/\/matis.is\/wp-content\/uploads\/2021\/02\/matis_logo_blatthvitt.png","contentUrl":"https:\/\/matis.is\/wp-content\/uploads\/2021\/02\/matis_logo_blatthvitt.png","width":1507,"height":1507,"caption":"Mat\u00eds ohf."},"image":{"@id":"https:\/\/matis.is\/#\/schema\/logo\/image\/"},"sameAs":["https:\/\/www.facebook.com\/matisiceland","https:\/\/x.com\/matisiceland","https:\/\/www.instagram.com\/matisiceland\/","https:\/\/www.linkedin.com\/matisiceland\/","https:\/\/www.youtube.com\/channel\/UCY-frt3uTqgVZW-DLjoo5bA"]}]}},"spectra_custom_meta":{"_edit_lock":["1769696318:7"],"_wp_page_template":["default"],"_edit_last":["7"],"valmynd_a_undirsidu":["1"],"_valmynd_a_undirsidu":["field_5f9970348837c"],"undirvalmynd_a_parentsidu":["0"],"_undirvalmynd_a_parentsidu":["field_5f9addfe68a79"],"tengilidur":[""],"_tengilidur":["field_5ef905e0538b2"],"_yoast_wpseo_content_score":["90"],"_yoast_wpseo_estimated-reading-time-minutes":["1"],"_yoast_wpseo_metadesc":["MAT\u00cdS starfr\u00e6kir ranns\u00f3knastofu \u00fear sem ger\u00f0ar eru m\u00e6lingar \u00e1 \u00feeim \u00f6rverum (bakter\u00edum (gerlum), sveppum o.fl.) sem spilla g\u00e6\u00f0um, stytta geymslu\u00feol e\u00f0a valda matarsj\u00fakd\u00f3mum."],"cmplz_hide_cookiebanner":[""],"_uag_custom_page_level_css":[""],"site-sidebar-layout":["default"],"site-content-layout":[""],"ast-site-content-layout":["default"],"site-content-style":["default"],"site-sidebar-style":["default"],"ast-global-header-display":[""],"ast-banner-title-visibility":["disabled"],"ast-main-header-display":[""],"ast-hfb-above-header-display":[""],"ast-hfb-below-header-display":[""],"ast-hfb-mobile-header-display":[""],"site-post-title":[""],"ast-breadcrumbs-content":[""],"ast-featured-img":[""],"footer-sml-layout":[""],"ast-disable-related-posts":[""],"theme-transparent-header-meta":[""],"adv-header-id-meta":[""],"stick-header-meta":[""],"header-above-stick-meta":[""],"header-main-stick-meta":[""],"header-below-stick-meta":[""],"astra-migrate-meta-layouts":["default"],"ast-page-background-enabled":["default"],"ast-page-background-meta":["a:3:{s:7:\"desktop\";a:12:{s:16:\"background-color\";s:25:\"var(--ast-global-color-5)\";s:16:\"background-image\";s:0:\"\";s:17:\"background-repeat\";s:6:\"repeat\";s:19:\"background-position\";s:13:\"center center\";s:15:\"background-size\";s:4:\"auto\";s:21:\"background-attachment\";s:6:\"scroll\";s:15:\"background-type\";s:0:\"\";s:16:\"background-media\";s:0:\"\";s:12:\"overlay-type\";s:0:\"\";s:13:\"overlay-color\";s:0:\"\";s:15:\"overlay-opacity\";s:0:\"\";s:16:\"overlay-gradient\";s:0:\"\";}s:6:\"tablet\";a:12:{s:16:\"background-color\";s:0:\"\";s:16:\"background-image\";s:0:\"\";s:17:\"background-repeat\";s:6:\"repeat\";s:19:\"background-position\";s:13:\"center center\";s:15:\"background-size\";s:4:\"auto\";s:21:\"background-attachment\";s:6:\"scroll\";s:15:\"background-type\";s:0:\"\";s:16:\"background-media\";s:0:\"\";s:12:\"overlay-type\";s:0:\"\";s:13:\"overlay-color\";s:0:\"\";s:15:\"overlay-opacity\";s:0:\"\";s:16:\"overlay-gradient\";s:0:\"\";}s:6:\"mobile\";a:12:{s:16:\"background-color\";s:0:\"\";s:16:\"background-image\";s:0:\"\";s:17:\"background-repeat\";s:6:\"repeat\";s:19:\"background-position\";s:13:\"center center\";s:15:\"background-size\";s:4:\"auto\";s:21:\"background-attachment\";s:6:\"scroll\";s:15:\"background-type\";s:0:\"\";s:16:\"background-media\";s:0:\"\";s:12:\"overlay-type\";s:0:\"\";s:13:\"overlay-color\";s:0:\"\";s:15:\"overlay-opacity\";s:0:\"\";s:16:\"overlay-gradient\";s:0:\"\";}}"],"ast-content-background-meta":["a:3:{s:7:\"desktop\";a:12:{s:16:\"background-color\";s:25:\"var(--ast-global-color-4)\";s:16:\"background-image\";s:0:\"\";s:17:\"background-repeat\";s:6:\"repeat\";s:19:\"background-position\";s:13:\"center center\";s:15:\"background-size\";s:4:\"auto\";s:21:\"background-attachment\";s:6:\"scroll\";s:15:\"background-type\";s:0:\"\";s:16:\"background-media\";s:0:\"\";s:12:\"overlay-type\";s:0:\"\";s:13:\"overlay-color\";s:0:\"\";s:15:\"overlay-opacity\";s:0:\"\";s:16:\"overlay-gradient\";s:0:\"\";}s:6:\"tablet\";a:12:{s:16:\"background-color\";s:25:\"var(--ast-global-color-4)\";s:16:\"background-image\";s:0:\"\";s:17:\"background-repeat\";s:6:\"repeat\";s:19:\"background-position\";s:13:\"center center\";s:15:\"background-size\";s:4:\"auto\";s:21:\"background-attachment\";s:6:\"scroll\";s:15:\"background-type\";s:0:\"\";s:16:\"background-media\";s:0:\"\";s:12:\"overlay-type\";s:0:\"\";s:13:\"overlay-color\";s:0:\"\";s:15:\"overlay-opacity\";s:0:\"\";s:16:\"overlay-gradient\";s:0:\"\";}s:6:\"mobile\";a:12:{s:16:\"background-color\";s:25:\"var(--ast-global-color-4)\";s:16:\"background-image\";s:0:\"\";s:17:\"background-repeat\";s:6:\"repeat\";s:19:\"background-position\";s:13:\"center center\";s:15:\"background-size\";s:4:\"auto\";s:21:\"background-attachment\";s:6:\"scroll\";s:15:\"background-type\";s:0:\"\";s:16:\"background-media\";s:0:\"\";s:12:\"overlay-type\";s:0:\"\";s:13:\"overlay-color\";s:0:\"\";s:15:\"overlay-opacity\";s:0:\"\";s:16:\"overlay-gradient\";s:0:\"\";}}"],"footnotes":[""],"_uag_css_file_name":["uag-css-35953.css"],"_uag_page_assets":["a:9:{s:3:\"css\";s:263:\".uag-blocks-common-selector{z-index:var(--z-index-desktop) !important}@media (max-width: 976px){.uag-blocks-common-selector{z-index:var(--z-index-tablet) !important}}@media (max-width: 767px){.uag-blocks-common-selector{z-index:var(--z-index-mobile) !important}}\n\";s:2:\"js\";s:0:\"\";s:18:\"current_block_list\";a:6:{i:0;s:12:\"core\/heading\";i:1;s:14:\"core\/paragraph\";i:2;s:12:\"core\/columns\";i:3;s:11:\"core\/column\";i:5;s:12:\"core\/buttons\";i:6;s:11:\"core\/button\";}s:8:\"uag_flag\";b:0;s:11:\"uag_version\";s:10:\"1777560172\";s:6:\"gfonts\";a:0:{}s:10:\"gfonts_url\";s:0:\"\";s:12:\"gfonts_files\";a:0:{}s:14:\"uag_faq_layout\";b:0;}"]},"uagb_featured_image_src":{"full":false,"thumbnail":false,"medium":false,"medium_large":false,"large":false,"1536x1536":false,"2048x2048":false,"trp-custom-language-flag":false},"uagb_author_info":{"display_name":"admin","author_link":"https:\/\/matis.is\/en\/author\/thormodurmatis-is\/"},"uagb_comment_info":0,"uagb_excerpt":"Matv\u00e6la\u00f6ryggi MAT\u00cdS starfr\u00e6kir ranns\u00f3knastofu \u00fear sem ger\u00f0ar eru m\u00e6lingar \u00e1 \u00feeim \u00f6rverum (bakter\u00edum (gerlum), sveppum o.fl.) sem spilla g\u00e6\u00f0um, stytta [&hellip;]","_links":{"self":[{"href":"https:\/\/matis.is\/en\/wp-json\/wp\/v2\/pages\/35953","targetHints":{"allow":["GET"]}}],"collection":[{"href":"https:\/\/matis.is\/en\/wp-json\/wp\/v2\/pages"}],"about":[{"href":"https:\/\/matis.is\/en\/wp-json\/wp\/v2\/types\/page"}],"author":[{"embeddable":true,"href":"https:\/\/matis.is\/en\/wp-json\/wp\/v2\/users\/1"}],"replies":[{"embeddable":true,"href":"https:\/\/matis.is\/en\/wp-json\/wp\/v2\/comments?post=35953"}],"version-history":[{"count":4,"href":"https:\/\/matis.is\/en\/wp-json\/wp\/v2\/pages\/35953\/revisions"}],"predecessor-version":[{"id":56552,"href":"https:\/\/matis.is\/en\/wp-json\/wp\/v2\/pages\/35953\/revisions\/56552"}],"up":[{"embeddable":true,"href":"https:\/\/matis.is\/en\/wp-json\/wp\/v2\/pages\/35135"}],"wp:attachment":[{"href":"https:\/\/matis.is\/en\/wp-json\/wp\/v2\/media?parent=35953"}],"curies":[{"name":"wp","href":"https:\/\/api.w.org\/{rel}","templated":true}]}}