{"id":35959,"date":"2021-03-08T10:27:28","date_gmt":"2021-03-08T10:27:28","guid":{"rendered":"https:\/\/new.matis.is\/?page_id=35959"},"modified":"2026-02-05T09:59:29","modified_gmt":"2026-02-05T09:59:29","slug":"umbudamerkingar-radgjof","status":"publish","type":"page","link":"https:\/\/matis.is\/en\/upplysingar-fyrir-nyja-matvaelaframleidendur\/umbudamerkingar-radgjof\/","title":{"rendered":"Packaging labels"},"content":{"rendered":"<h2 class=\"wp-block-heading\">Packaging labels<\/h2>\n\n\n\n<p><strong><a href=\"https:\/\/www.reglugerd.is\/reglugerdir\/allar\/nr\/1294-2014\" target=\"_blank\" rel=\"noreferrer noopener\">The regulation on the dissemination of food information to consumers can be viewed here.<\/a><\/strong><\/p>\n\n\n\n<p>A list of statutory information is in Article 9 (not in the implementation section at the front). Very detailed instructions will follow.<\/p>\n\n\n\n<p>MAT\u00cdS can provide advice on labeling on food packaging. It is important that the presentation of correct information is well done, as it is expensive to print on packaging. The manufacturer is always responsible for the information he disseminates on food packaging and in other promotions.<\/p>\n\n\n\n<p>The Nutrition Statement has a standard presentation where these factors are presented in the correct order: Energy (kJ and kcal), fat, saturated fat, carbohydrates, sugars, protein, salt. This is a minimum label, but it is possible to label more materials if certain conditions are met.<\/p>\n\n\n\n<h4 class=\"wp-block-heading\">A nutrition statement can be put together in different ways:<\/h4>\n\n\n\n<ul class=\"wp-block-list dashed\">\n<li>You can send samples for chemical measurement at Mat\u00eds. Samples must be typical of the final product. Saturated fats are most often found by formula-based calculations.<\/li>\n\n\n\n<li>H\u00e6gt er a\u00f0 f\u00e1 s\u00e9rfr\u00e6\u00f0ing Mat\u00eds til a\u00f0 reikna \u00fat fr\u00e1 uppskrift \u00fe\u00e1 \u00fe\u00e6tti sem \u00a0nau\u00f0synlegir eru fyrir n\u00e6ringaryfirl\u00fdsingu. Fari\u00f0 er me\u00f0 uppskrift sem tr\u00fana\u00f0arm\u00e1l og henni er eytt a\u00f0 notkun lokinni.<\/li>\n\n\n\n<li>You can use values from <strong><a href=\"\/en\/naeringargildi-matvaela-isgem\/efnainnihald-matvaela-leitarvel\/\">\u00cdSGEM database MAT\u00cdS<\/a><\/strong> if the values in the database correspond exactly to the foodstuffs that need to be labeled. The food manufacturer is always responsible for the labeling, regardless of the method used to present the nutrition declaration.<\/li>\n<\/ul>\n\n\n\n<div class=\"wp-block-columns are-vertically-aligned-center m_cta has-border-color has-ast-global-color-2-border-color has-background is-layout-flex wp-container-core-columns-is-layout-28f84493 wp-block-columns-is-layout-flex\" style=\"border-width:1px;border-top-left-radius:5px;border-top-right-radius:5px;border-bottom-left-radius:5px;border-bottom-right-radius:5px;background-color:#ffffff\">\n<div class=\"wp-block-column is-vertically-aligned-center is-layout-flow wp-block-column-is-layout-flow\" style=\"flex-basis:66.66%\">\n<h3 class=\"wp-block-heading\" style=\"font-size:22px\">Need advice on packaging labeling?<\/h3>\n<\/div>\n\n\n\n<div class=\"wp-block-column is-vertically-aligned-center is-layout-flow wp-block-column-is-layout-flow\" style=\"flex-basis:50%\">\n<div class=\"wp-block-buttons is-layout-flex wp-block-buttons-is-layout-flex\">\n<div class=\"wp-block-button m_button\"><a class=\"wp-block-button__link wp-element-button\" href=\"mailto:olithor@matis.is\">Send us an inquiry<\/a><\/div>\n<\/div>\n<\/div>\n<\/div>\n\n\n\n<p><\/p>","protected":false},"excerpt":{"rendered":"<p>Umb\u00fa\u00f0amerkingar Regluger\u00f0ina um mi\u00f0lun uppl\u00fdsinga um matv\u00e6li til neytenda m\u00e1 sko\u00f0a h\u00e9r. Listi yfir l\u00f6gbundnar uppl\u00fdsingar er \u00ed 9. grein [&hellip;]<\/p>\n","protected":false},"author":1,"featured_media":0,"parent":35135,"menu_order":0,"comment_status":"closed","ping_status":"closed","template":"","meta":{"_acf_changed":false,"_uag_custom_page_level_css":"","site-sidebar-layout":"right-sidebar","site-content-layout":"","ast-site-content-layout":"normal-width-container","site-content-style":"default","site-sidebar-style":"default","ast-global-header-display":"","ast-banner-title-visibility":"disabled","ast-main-header-display":"","ast-hfb-above-header-display":"","ast-hfb-below-header-display":"","ast-hfb-mobile-header-display":"","site-post-title":"","ast-breadcrumbs-content":"","ast-featured-img":"","footer-sml-layout":"","ast-disable-related-posts":"","theme-transparent-header-meta":"","adv-header-id-meta":"","stick-header-meta":"","header-above-stick-meta":"","header-main-stick-meta":"","header-below-stick-meta":"","astra-migrate-meta-layouts":"default","ast-page-background-enabled":"default","ast-page-background-meta":{"desktop":{"background-color":"var(--ast-global-color-5)","background-image":"","background-repeat":"repeat","background-position":"center center","background-size":"auto","background-attachment":"scroll","background-type":"","background-media":"","overlay-type":"","overlay-color":"","overlay-opacity":"","overlay-gradient":""},"tablet":{"background-color":"","background-image":"","background-repeat":"repeat","background-position":"center center","background-size":"auto","background-attachment":"scroll","background-type":"","background-media":"","overlay-type":"","overlay-color":"","overlay-opacity":"","overlay-gradient":""},"mobile":{"background-color":"","background-image":"","background-repeat":"repeat","background-position":"center center","background-size":"auto","background-attachment":"scroll","background-type":"","background-media":"","overlay-type":"","overlay-color":"","overlay-opacity":"","overlay-gradient":""}},"ast-content-background-meta":{"desktop":{"background-color":"var(--ast-global-color-4)","background-image":"","background-repeat":"repeat","background-position":"center center","background-size":"auto","background-attachment":"scroll","background-type":"","background-media":"","overlay-type":"","overlay-color":"","overlay-opacity":"","overlay-gradient":""},"tablet":{"background-color":"var(--ast-global-color-4)","background-image":"","background-repeat":"repeat","background-position":"center center","background-size":"auto","background-attachment":"scroll","background-type":"","background-media":"","overlay-type":"","overlay-color":"","overlay-opacity":"","overlay-gradient":""},"mobile":{"background-color":"var(--ast-global-color-4)","background-image":"","background-repeat":"repeat","background-position":"center center","background-size":"auto","background-attachment":"scroll","background-type":"","background-media":"","overlay-type":"","overlay-color":"","overlay-opacity":"","overlay-gradient":""}},"footnotes":""},"class_list":["post-35959","page","type-page","status-publish","hentry"],"acf":[],"yoast_head":"<!-- This site is optimized with the Yoast SEO plugin v27.4 - https:\/\/yoast.com\/product\/yoast-seo-wordpress\/ -->\n<title>Umb\u00fa\u00f0amerkingar - Mat\u00eds<\/title>\n<meta name=\"description\" content=\"MAT\u00cdS getur veitt r\u00e1\u00f0gj\u00f6f um merkingar \u00e1 umb\u00fa\u00f0um matv\u00e6la. Mikilv\u00e6gt er a\u00f0 vel s\u00e9 sta\u00f0i\u00f0 a\u00f0 framsetningu r\u00e9ttra uppl\u00fdsinga enda er d\u00fdrt a\u00f0 prenta \u00e1 umb\u00fa\u00f0ir.\" \/>\n<meta name=\"robots\" content=\"index, follow, max-snippet:-1, max-image-preview:large, max-video-preview:-1\" \/>\n<link rel=\"canonical\" href=\"https:\/\/matis.is\/en\/upplysingar-fyrir-nyja-matvaelaframleidendur\/umbudamerkingar-radgjof\/\" \/>\n<meta property=\"og:locale\" content=\"en_GB\" \/>\n<meta property=\"og:type\" content=\"article\" \/>\n<meta property=\"og:title\" content=\"Umb\u00fa\u00f0amerkingar - Mat\u00eds\" \/>\n<meta property=\"og:description\" content=\"MAT\u00cdS getur veitt r\u00e1\u00f0gj\u00f6f um merkingar \u00e1 umb\u00fa\u00f0um matv\u00e6la. Mikilv\u00e6gt er a\u00f0 vel s\u00e9 sta\u00f0i\u00f0 a\u00f0 framsetningu r\u00e9ttra uppl\u00fdsinga enda er d\u00fdrt a\u00f0 prenta \u00e1 umb\u00fa\u00f0ir.\" \/>\n<meta property=\"og:url\" content=\"https:\/\/matis.is\/en\/upplysingar-fyrir-nyja-matvaelaframleidendur\/umbudamerkingar-radgjof\/\" \/>\n<meta property=\"og:site_name\" content=\"Mat\u00eds\" \/>\n<meta property=\"article:publisher\" content=\"https:\/\/www.facebook.com\/matisiceland\" \/>\n<meta property=\"article:modified_time\" content=\"2026-02-05T09:59:29+00:00\" \/>\n<meta name=\"twitter:card\" content=\"summary_large_image\" \/>\n<meta name=\"twitter:site\" content=\"@matisiceland\" \/>\n<meta name=\"twitter:label1\" content=\"Estimated reading time\" \/>\n\t<meta name=\"twitter:data1\" content=\"2 minutes\" \/>\n<script type=\"application\/ld+json\" class=\"yoast-schema-graph\">{\"@context\":\"https:\\\/\\\/schema.org\",\"@graph\":[{\"@type\":\"WebPage\",\"@id\":\"https:\\\/\\\/matis.is\\\/upplysingar-fyrir-nyja-matvaelaframleidendur\\\/umbudamerkingar-radgjof\\\/\",\"url\":\"https:\\\/\\\/matis.is\\\/upplysingar-fyrir-nyja-matvaelaframleidendur\\\/umbudamerkingar-radgjof\\\/\",\"name\":\"Umb\u00fa\u00f0amerkingar - Mat\u00eds\",\"isPartOf\":{\"@id\":\"https:\\\/\\\/matis.is\\\/#website\"},\"datePublished\":\"2021-03-08T10:27:28+00:00\",\"dateModified\":\"2026-02-05T09:59:29+00:00\",\"description\":\"MAT\u00cdS getur veitt r\u00e1\u00f0gj\u00f6f um merkingar \u00e1 umb\u00fa\u00f0um matv\u00e6la. Mikilv\u00e6gt er a\u00f0 vel s\u00e9 sta\u00f0i\u00f0 a\u00f0 framsetningu r\u00e9ttra uppl\u00fdsinga enda er d\u00fdrt a\u00f0 prenta \u00e1 umb\u00fa\u00f0ir.\",\"breadcrumb\":{\"@id\":\"https:\\\/\\\/matis.is\\\/upplysingar-fyrir-nyja-matvaelaframleidendur\\\/umbudamerkingar-radgjof\\\/#breadcrumb\"},\"inLanguage\":\"en-GB\",\"potentialAction\":[{\"@type\":\"ReadAction\",\"target\":[\"https:\\\/\\\/matis.is\\\/upplysingar-fyrir-nyja-matvaelaframleidendur\\\/umbudamerkingar-radgjof\\\/\"]}]},{\"@type\":\"BreadcrumbList\",\"@id\":\"https:\\\/\\\/matis.is\\\/upplysingar-fyrir-nyja-matvaelaframleidendur\\\/umbudamerkingar-radgjof\\\/#breadcrumb\",\"itemListElement\":[{\"@type\":\"ListItem\",\"position\":1,\"name\":\"Home\",\"item\":\"https:\\\/\\\/matis.is\\\/\"},{\"@type\":\"ListItem\",\"position\":2,\"name\":\"Uppl\u00fdsingar fyrir n\u00fdja matv\u00e6laframlei\u00f0endur\",\"item\":\"https:\\\/\\\/matis.is\\\/upplysingar-fyrir-nyja-matvaelaframleidendur\\\/\"},{\"@type\":\"ListItem\",\"position\":3,\"name\":\"Umb\u00fa\u00f0amerkingar\"}]},{\"@type\":\"WebSite\",\"@id\":\"https:\\\/\\\/matis.is\\\/#website\",\"url\":\"https:\\\/\\\/matis.is\\\/\",\"name\":\"Mat\u00eds\",\"description\":\"Ver\u00f0m\u00e6task\u00f6pun, matv\u00e6la\u00f6ryggi og l\u00fd\u00f0heilsa\",\"publisher\":{\"@id\":\"https:\\\/\\\/matis.is\\\/#organization\"},\"potentialAction\":[{\"@type\":\"SearchAction\",\"target\":{\"@type\":\"EntryPoint\",\"urlTemplate\":\"https:\\\/\\\/matis.is\\\/?s={search_term_string}\"},\"query-input\":{\"@type\":\"PropertyValueSpecification\",\"valueRequired\":true,\"valueName\":\"search_term_string\"}}],\"inLanguage\":\"en-GB\"},{\"@type\":\"Organization\",\"@id\":\"https:\\\/\\\/matis.is\\\/#organization\",\"name\":\"Mat\u00eds ohf.\",\"url\":\"https:\\\/\\\/matis.is\\\/\",\"logo\":{\"@type\":\"ImageObject\",\"inLanguage\":\"en-GB\",\"@id\":\"https:\\\/\\\/matis.is\\\/#\\\/schema\\\/logo\\\/image\\\/\",\"url\":\"https:\\\/\\\/matis.is\\\/wp-content\\\/uploads\\\/2021\\\/02\\\/matis_logo_blatthvitt.png\",\"contentUrl\":\"https:\\\/\\\/matis.is\\\/wp-content\\\/uploads\\\/2021\\\/02\\\/matis_logo_blatthvitt.png\",\"width\":1507,\"height\":1507,\"caption\":\"Mat\u00eds ohf.\"},\"image\":{\"@id\":\"https:\\\/\\\/matis.is\\\/#\\\/schema\\\/logo\\\/image\\\/\"},\"sameAs\":[\"https:\\\/\\\/www.facebook.com\\\/matisiceland\",\"https:\\\/\\\/x.com\\\/matisiceland\",\"https:\\\/\\\/www.instagram.com\\\/matisiceland\\\/\",\"https:\\\/\\\/www.linkedin.com\\\/matisiceland\\\/\",\"https:\\\/\\\/www.youtube.com\\\/channel\\\/UCY-frt3uTqgVZW-DLjoo5bA\"]}]}<\/script>\n<!-- \/ Yoast SEO plugin. -->","yoast_head_json":{"title":"Packaging labels - Mat\u00eds","description":"MAT\u00cdS can provide advice on labeling on food packaging. It is important that the presentation of correct information is well done, as it is expensive to print on packaging.","robots":{"index":"index","follow":"follow","max-snippet":"max-snippet:-1","max-image-preview":"max-image-preview:large","max-video-preview":"max-video-preview:-1"},"canonical":"https:\/\/matis.is\/en\/upplysingar-fyrir-nyja-matvaelaframleidendur\/umbudamerkingar-radgjof\/","og_locale":"en_GB","og_type":"article","og_title":"Umb\u00fa\u00f0amerkingar - Mat\u00eds","og_description":"MAT\u00cdS getur veitt r\u00e1\u00f0gj\u00f6f um merkingar \u00e1 umb\u00fa\u00f0um matv\u00e6la. Mikilv\u00e6gt er a\u00f0 vel s\u00e9 sta\u00f0i\u00f0 a\u00f0 framsetningu r\u00e9ttra uppl\u00fdsinga enda er d\u00fdrt a\u00f0 prenta \u00e1 umb\u00fa\u00f0ir.","og_url":"https:\/\/matis.is\/en\/upplysingar-fyrir-nyja-matvaelaframleidendur\/umbudamerkingar-radgjof\/","og_site_name":"Mat\u00eds","article_publisher":"https:\/\/www.facebook.com\/matisiceland","article_modified_time":"2026-02-05T09:59:29+00:00","twitter_card":"summary_large_image","twitter_site":"@matisiceland","twitter_misc":{"Estimated reading time":"2 minutes"},"schema":{"@context":"https:\/\/schema.org","@graph":[{"@type":"WebPage","@id":"https:\/\/matis.is\/upplysingar-fyrir-nyja-matvaelaframleidendur\/umbudamerkingar-radgjof\/","url":"https:\/\/matis.is\/upplysingar-fyrir-nyja-matvaelaframleidendur\/umbudamerkingar-radgjof\/","name":"Packaging labels - Mat\u00eds","isPartOf":{"@id":"https:\/\/matis.is\/#website"},"datePublished":"2021-03-08T10:27:28+00:00","dateModified":"2026-02-05T09:59:29+00:00","description":"MAT\u00cdS can provide advice on labeling on food packaging. It is important that the presentation of correct information is well done, as it is expensive to print on packaging.","breadcrumb":{"@id":"https:\/\/matis.is\/upplysingar-fyrir-nyja-matvaelaframleidendur\/umbudamerkingar-radgjof\/#breadcrumb"},"inLanguage":"en-GB","potentialAction":[{"@type":"ReadAction","target":["https:\/\/matis.is\/upplysingar-fyrir-nyja-matvaelaframleidendur\/umbudamerkingar-radgjof\/"]}]},{"@type":"BreadcrumbList","@id":"https:\/\/matis.is\/upplysingar-fyrir-nyja-matvaelaframleidendur\/umbudamerkingar-radgjof\/#breadcrumb","itemListElement":[{"@type":"ListItem","position":1,"name":"Home","item":"https:\/\/matis.is\/"},{"@type":"ListItem","position":2,"name":"Uppl\u00fdsingar fyrir n\u00fdja matv\u00e6laframlei\u00f0endur","item":"https:\/\/matis.is\/upplysingar-fyrir-nyja-matvaelaframleidendur\/"},{"@type":"ListItem","position":3,"name":"Umb\u00fa\u00f0amerkingar"}]},{"@type":"WebSite","@id":"https:\/\/matis.is\/#website","url":"https:\/\/matis.is\/","name":"Mat\u00eds","description":"Value creation, food security and public health","publisher":{"@id":"https:\/\/matis.is\/#organization"},"potentialAction":[{"@type":"SearchAction","target":{"@type":"EntryPoint","urlTemplate":"https:\/\/matis.is\/?s={search_term_string}"},"query-input":{"@type":"PropertyValueSpecification","valueRequired":true,"valueName":"search_term_string"}}],"inLanguage":"en-GB"},{"@type":"Organization","@id":"https:\/\/matis.is\/#organization","name":"Mat\u00eds ohf.","url":"https:\/\/matis.is\/","logo":{"@type":"ImageObject","inLanguage":"en-GB","@id":"https:\/\/matis.is\/#\/schema\/logo\/image\/","url":"https:\/\/matis.is\/wp-content\/uploads\/2021\/02\/matis_logo_blatthvitt.png","contentUrl":"https:\/\/matis.is\/wp-content\/uploads\/2021\/02\/matis_logo_blatthvitt.png","width":1507,"height":1507,"caption":"Mat\u00eds ohf."},"image":{"@id":"https:\/\/matis.is\/#\/schema\/logo\/image\/"},"sameAs":["https:\/\/www.facebook.com\/matisiceland","https:\/\/x.com\/matisiceland","https:\/\/www.instagram.com\/matisiceland\/","https:\/\/www.linkedin.com\/matisiceland\/","https:\/\/www.youtube.com\/channel\/UCY-frt3uTqgVZW-DLjoo5bA"]}]}},"spectra_custom_meta":{"_edit_lock":["1770290836:7"],"_edit_last":["7"],"valmynd_a_undirsidu":["1"],"_valmynd_a_undirsidu":["field_5f9970348837c"],"undirvalmynd_a_parentsidu":["0"],"_undirvalmynd_a_parentsidu":["field_5f9addfe68a79"],"tengilidur":[""],"_tengilidur":["field_5ef905e0538b2"],"_yoast_wpseo_content_score":["90"],"_yoast_wpseo_estimated-reading-time-minutes":["2"],"_wp_page_template":["default"],"_yoast_wpseo_metadesc":["MAT\u00cdS getur veitt r\u00e1\u00f0gj\u00f6f um merkingar \u00e1 umb\u00fa\u00f0um matv\u00e6la. Mikilv\u00e6gt er a\u00f0 vel s\u00e9 sta\u00f0i\u00f0 a\u00f0 framsetningu r\u00e9ttra uppl\u00fdsinga enda er d\u00fdrt a\u00f0 prenta \u00e1 umb\u00fa\u00f0ir."],"_uag_custom_page_level_css":[""],"site-sidebar-layout":["right-sidebar"],"site-content-layout":[""],"ast-site-content-layout":["normal-width-container"],"site-content-style":["default"],"site-sidebar-style":["default"],"ast-global-header-display":[""],"ast-banner-title-visibility":["disabled"],"ast-main-header-display":[""],"ast-hfb-above-header-display":[""],"ast-hfb-below-header-display":[""],"ast-hfb-mobile-header-display":[""],"site-post-title":[""],"ast-breadcrumbs-content":[""],"ast-featured-img":[""],"footer-sml-layout":[""],"ast-disable-related-posts":[""],"theme-transparent-header-meta":[""],"adv-header-id-meta":[""],"stick-header-meta":[""],"header-above-stick-meta":[""],"header-main-stick-meta":[""],"header-below-stick-meta":[""],"astra-migrate-meta-layouts":["default"],"ast-page-background-enabled":["default"],"ast-page-background-meta":["a:3:{s:7:\"desktop\";a:12:{s:16:\"background-color\";s:25:\"var(--ast-global-color-5)\";s:16:\"background-image\";s:0:\"\";s:17:\"background-repeat\";s:6:\"repeat\";s:19:\"background-position\";s:13:\"center center\";s:15:\"background-size\";s:4:\"auto\";s:21:\"background-attachment\";s:6:\"scroll\";s:15:\"background-type\";s:0:\"\";s:16:\"background-media\";s:0:\"\";s:12:\"overlay-type\";s:0:\"\";s:13:\"overlay-color\";s:0:\"\";s:15:\"overlay-opacity\";s:0:\"\";s:16:\"overlay-gradient\";s:0:\"\";}s:6:\"tablet\";a:12:{s:16:\"background-color\";s:0:\"\";s:16:\"background-image\";s:0:\"\";s:17:\"background-repeat\";s:6:\"repeat\";s:19:\"background-position\";s:13:\"center center\";s:15:\"background-size\";s:4:\"auto\";s:21:\"background-attachment\";s:6:\"scroll\";s:15:\"background-type\";s:0:\"\";s:16:\"background-media\";s:0:\"\";s:12:\"overlay-type\";s:0:\"\";s:13:\"overlay-color\";s:0:\"\";s:15:\"overlay-opacity\";s:0:\"\";s:16:\"overlay-gradient\";s:0:\"\";}s:6:\"mobile\";a:12:{s:16:\"background-color\";s:0:\"\";s:16:\"background-image\";s:0:\"\";s:17:\"background-repeat\";s:6:\"repeat\";s:19:\"background-position\";s:13:\"center center\";s:15:\"background-size\";s:4:\"auto\";s:21:\"background-attachment\";s:6:\"scroll\";s:15:\"background-type\";s:0:\"\";s:16:\"background-media\";s:0:\"\";s:12:\"overlay-type\";s:0:\"\";s:13:\"overlay-color\";s:0:\"\";s:15:\"overlay-opacity\";s:0:\"\";s:16:\"overlay-gradient\";s:0:\"\";}}"],"ast-content-background-meta":["a:3:{s:7:\"desktop\";a:12:{s:16:\"background-color\";s:25:\"var(--ast-global-color-4)\";s:16:\"background-image\";s:0:\"\";s:17:\"background-repeat\";s:6:\"repeat\";s:19:\"background-position\";s:13:\"center center\";s:15:\"background-size\";s:4:\"auto\";s:21:\"background-attachment\";s:6:\"scroll\";s:15:\"background-type\";s:0:\"\";s:16:\"background-media\";s:0:\"\";s:12:\"overlay-type\";s:0:\"\";s:13:\"overlay-color\";s:0:\"\";s:15:\"overlay-opacity\";s:0:\"\";s:16:\"overlay-gradient\";s:0:\"\";}s:6:\"tablet\";a:12:{s:16:\"background-color\";s:25:\"var(--ast-global-color-4)\";s:16:\"background-image\";s:0:\"\";s:17:\"background-repeat\";s:6:\"repeat\";s:19:\"background-position\";s:13:\"center center\";s:15:\"background-size\";s:4:\"auto\";s:21:\"background-attachment\";s:6:\"scroll\";s:15:\"background-type\";s:0:\"\";s:16:\"background-media\";s:0:\"\";s:12:\"overlay-type\";s:0:\"\";s:13:\"overlay-color\";s:0:\"\";s:15:\"overlay-opacity\";s:0:\"\";s:16:\"overlay-gradient\";s:0:\"\";}s:6:\"mobile\";a:12:{s:16:\"background-color\";s:25:\"var(--ast-global-color-4)\";s:16:\"background-image\";s:0:\"\";s:17:\"background-repeat\";s:6:\"repeat\";s:19:\"background-position\";s:13:\"center center\";s:15:\"background-size\";s:4:\"auto\";s:21:\"background-attachment\";s:6:\"scroll\";s:15:\"background-type\";s:0:\"\";s:16:\"background-media\";s:0:\"\";s:12:\"overlay-type\";s:0:\"\";s:13:\"overlay-color\";s:0:\"\";s:15:\"overlay-opacity\";s:0:\"\";s:16:\"overlay-gradient\";s:0:\"\";}}"],"footnotes":[""],"cmplz_hide_cookiebanner":[""],"ilj_blacklistdefinition":["a:0:{}"],"ilj_linkdefinition":["a:0:{}"],"_uag_css_file_name":["uag-css-35959.css"],"_uag_page_assets":["a:9:{s:3:\"css\";s:263:\".uag-blocks-common-selector{z-index:var(--z-index-desktop) !important}@media (max-width: 976px){.uag-blocks-common-selector{z-index:var(--z-index-tablet) !important}}@media (max-width: 767px){.uag-blocks-common-selector{z-index:var(--z-index-mobile) !important}}\n\";s:2:\"js\";s:0:\"\";s:18:\"current_block_list\";a:8:{i:0;s:12:\"core\/heading\";i:1;s:14:\"core\/paragraph\";i:2;s:9:\"core\/list\";i:3;s:14:\"core\/list-item\";i:4;s:12:\"core\/columns\";i:5;s:11:\"core\/column\";i:7;s:12:\"core\/buttons\";i:8;s:11:\"core\/button\";}s:8:\"uag_flag\";b:0;s:11:\"uag_version\";s:10:\"1776432937\";s:6:\"gfonts\";a:0:{}s:10:\"gfonts_url\";s:0:\"\";s:12:\"gfonts_files\";a:0:{}s:14:\"uag_faq_layout\";b:0;}"]},"uagb_featured_image_src":{"full":false,"thumbnail":false,"medium":false,"medium_large":false,"large":false,"1536x1536":false,"2048x2048":false,"trp-custom-language-flag":false},"uagb_author_info":{"display_name":"admin","author_link":"https:\/\/matis.is\/en\/author\/thormodurmatis-is\/"},"uagb_comment_info":0,"uagb_excerpt":"Umb\u00fa\u00f0amerkingar Regluger\u00f0ina um mi\u00f0lun uppl\u00fdsinga um matv\u00e6li til neytenda m\u00e1 sko\u00f0a h\u00e9r. Listi yfir l\u00f6gbundnar uppl\u00fdsingar er \u00ed 9. grein [&hellip;]","_links":{"self":[{"href":"https:\/\/matis.is\/en\/wp-json\/wp\/v2\/pages\/35959","targetHints":{"allow":["GET"]}}],"collection":[{"href":"https:\/\/matis.is\/en\/wp-json\/wp\/v2\/pages"}],"about":[{"href":"https:\/\/matis.is\/en\/wp-json\/wp\/v2\/types\/page"}],"author":[{"embeddable":true,"href":"https:\/\/matis.is\/en\/wp-json\/wp\/v2\/users\/1"}],"replies":[{"embeddable":true,"href":"https:\/\/matis.is\/en\/wp-json\/wp\/v2\/comments?post=35959"}],"version-history":[{"count":4,"href":"https:\/\/matis.is\/en\/wp-json\/wp\/v2\/pages\/35959\/revisions"}],"predecessor-version":[{"id":56739,"href":"https:\/\/matis.is\/en\/wp-json\/wp\/v2\/pages\/35959\/revisions\/56739"}],"up":[{"embeddable":true,"href":"https:\/\/matis.is\/en\/wp-json\/wp\/v2\/pages\/35135"}],"wp:attachment":[{"href":"https:\/\/matis.is\/en\/wp-json\/wp\/v2\/media?parent=35959"}],"curies":[{"name":"wp","href":"https:\/\/api.w.org\/{rel}","templated":true}]}}