{"id":39864,"date":"2021-07-05T16:17:26","date_gmt":"2021-07-05T16:17:26","guid":{"rendered":"https:\/\/matis.is\/?page_id=39864"},"modified":"2025-12-03T09:50:22","modified_gmt":"2025-12-03T09:50:22","slug":"lifmassaver","status":"publish","type":"page","link":"https:\/\/matis.is\/en\/lifmassaver\/","title":{"rendered":"Biorefinery"},"content":{"rendered":"<h2 class=\"wp-block-heading\">Biomass - By-products in food processing<\/h2>\n\n\n\n<div class=\"wp-block-buttons is-layout-flex wp-block-buttons-is-layout-flex\">\n<div class=\"wp-block-button m_button\"><a class=\"wp-block-button__link wp-element-button\" href=\"#bunadur\">Equipment<\/a><\/div>\n\n\n\n<div class=\"wp-block-button m_button\"><a class=\"wp-block-button__link wp-element-button\" href=\"#voruthroun\" rel=\"#voruthroun\">Product development<\/a><\/div>\n\n\n\n<div class=\"wp-block-button m_button\"><a class=\"wp-block-button__link wp-element-button\" href=\"#hafdusamband\" rel=\"#hafdusamband\">Contact<\/a><\/div>\n<\/div>\n\n\n\n<h4 class=\"wp-block-heading\">In Mat\u00eds&#039; biomass plant, you can find technically perfect processing equipment that is well suited for the development and production of proteins and oils from by-products of food processing, which can be used either in feed preparation or for human consumption and food preparation. <\/h4>\n\n\n\n<p>Part of Mat\u00eds&#039; biomass plant is portable so it is possible to transport the equipment to any country. This ensures the maximum quality and freshness of the raw material being studied at any given time. With a mobile biomass plant, services to domestic food producers are increased throughout the country - especially in terms of innovation and product development.<\/p>\n\n\n\n<div class=\"wp-block-media-text alignwide is-stacked-on-mobile is-image-fill-element\"><figure class=\"wp-block-media-text__media\"><img loading=\"lazy\" decoding=\"async\" width=\"1024\" height=\"519\" src=\"https:\/\/matis.is\/wp-content\/uploads\/sjor-oldur-minni-1024x519.jpg\" alt=\"\" class=\"wp-image-38447 size-full\" style=\"object-position:50% 50%\" srcset=\"https:\/\/matis.is\/wp-content\/uploads\/sjor-oldur-minni-1024x519.jpg 1024w, https:\/\/matis.is\/wp-content\/uploads\/sjor-oldur-minni-300x152.jpg 300w, https:\/\/matis.is\/wp-content\/uploads\/sjor-oldur-minni-768x389.jpg 768w, https:\/\/matis.is\/wp-content\/uploads\/sjor-oldur-minni-1536x779.jpg 1536w, https:\/\/matis.is\/wp-content\/uploads\/sjor-oldur-minni-2048x1039.jpg 2048w, https:\/\/matis.is\/wp-content\/uploads\/sjor-oldur-minni-1200x609.jpg 1200w, https:\/\/matis.is\/wp-content\/uploads\/sjor-oldur-minni-1980x1004.jpg 1980w\" sizes=\"auto, (max-width: 1024px) 100vw, 1024px\" \/><\/figure><div class=\"wp-block-media-text__content\">\n<h3 class=\"wp-block-heading\"><strong>Better utilization of sidestreams<\/strong><\/h3>\n\n\n\n<p>A considerable amount of by-products can be formed in traditional food production and some of them are used in, for example, feed and fertilizer production or in energy production, but at the same time a large part of the by-products is underused and even not used at all.&nbsp;&nbsp;&nbsp;&nbsp;&nbsp;<\/p>\n\n\n\n<p>There is great potential in utilizing previously unused and unused raw materials generated in food production through the use of new technology and work processes that can turn them into more valuable products. The biomass plant is the key to taking the next step in research into the sidestreams of food production. <\/p>\n\n\n\n<p><em>With its use, it is possible to get out of the laboratory and into industry without taking over the production lines of companies<\/em>.<\/p>\n<\/div><\/div>\n\n\n\n<p><\/p>\n\n\n\n<h3 class=\"wp-block-heading\" id=\"voruthroun\"><strong>Innovation and product development \/ Change in production processes<\/strong><\/h3>\n\n\n\n<p>Mat\u00eds employs specialists who can provide advice and assistance with the best processes and setup of production processes and how best to utilize side streams from food processing.<\/p>\n\n\n\n<blockquote class=\"wp-block-quote is-layout-flow wp-block-quote-is-layout-flow\">\n<p>&quot;The biomass plant is in fact the missing link that has been missing in order to be able to scale up production in the many projects that Mat\u00eds has worked on with food companies in Iceland&quot;.<\/p>\n<\/blockquote>\n\n\n\n<h3 class=\"wp-block-heading\"><strong>Upscaling<\/strong><\/h3>\n\n\n\n<p>For industrial-scale production processes, it is necessary to run test runs on smaller equipment that can mimic the actual conditions found in production. It is inevitable that problems will arise in production processes that will be scaled up from the laboratory or from the kitchen. Each production process is unique and therefore requires unique solutions for each raw material used so that it is possible to create products that meet the requirements of the market in which the product goes. Using the biomass plant can reduce the cost of scaling experiments, both in terms of time and money. It can be suitable for food producers who want to do research and research before embarking on large-scale investments well. In addition, it contributes to the strengthening of domestic activities in this field.<\/p>\n\n\n\n<div id=\"bunadur\" class=\"wp-block-group matis_infobox is-layout-flow wp-block-group-is-layout-flow\">\n<p class=\"has-text-align-center\"><strong>Examples of biomass that can be used in Mat\u00eds biorefinery<\/strong><\/p>\n\n\n\n<p class=\"has-text-align-center\">Whey, milk, cereals, algae, by-products from fish and meat processing, zooplankton, moss and lichens, berries. The possibilities are endless. <\/p>\n<\/div>\n\n\n\n<h3 class=\"wp-block-heading\"><strong>Equipment:<\/strong><\/h3>\n\n\n\n<ul class=\"wp-block-list\">\n<li>Disk centrifuge: A wide variety of experiments can be performed<\/li>\n\n\n\n<li>Membrane filtration: Isolates bioactive substances or other substances<\/li>\n\n\n\n<li>Spray dryer: Produces fine powder, usually protein powder<\/li>\n<\/ul>\n\n\n\n<figure class=\"wp-block-image size-large\"><img loading=\"lazy\" decoding=\"async\" width=\"936\" height=\"778\" src=\"https:\/\/matis.is\/wp-content\/uploads\/lifmassitaeki3.png\" alt=\"The ASE 20-03-077 disc centrifuge is designed for continuous fish oil production and is particularly suitable for the separation and purification of fish oil on a smaller scale.\" class=\"wp-image-39881\" srcset=\"https:\/\/matis.is\/wp-content\/uploads\/lifmassitaeki3.png 936w, https:\/\/matis.is\/wp-content\/uploads\/lifmassitaeki3-300x249.png 300w, https:\/\/matis.is\/wp-content\/uploads\/lifmassitaeki3-768x638.png 768w, https:\/\/matis.is\/wp-content\/uploads\/lifmassitaeki3-14x12.png 14w\" sizes=\"auto, (max-width: 936px) 100vw, 936px\" \/><figcaption class=\"wp-element-caption\"><strong>ASE 20-03-077 diskaskilvindan<\/strong> is designed for continuous fish oil production and is particularly suitable for the separation and purification of fish oil on a smaller scale.<\/figcaption><\/figure>\n\n\n\n<div class=\"wp-block-columns is-layout-flex wp-container-core-columns-is-layout-28f84493 wp-block-columns-is-layout-flex\">\n<div class=\"wp-block-column is-layout-flow wp-block-column-is-layout-flow\">\n<figure class=\"wp-block-image size-large\"><img loading=\"lazy\" decoding=\"async\" width=\"802\" height=\"720\" src=\"https:\/\/matis.is\/wp-content\/uploads\/himnusia.png\" alt=\"The membrane filtration device, Pilot Unit Model L, is specially designed for research and development projects but can also stand in a production unit.\" class=\"wp-image-39883\" srcset=\"https:\/\/matis.is\/wp-content\/uploads\/himnusia.png 802w, https:\/\/matis.is\/wp-content\/uploads\/himnusia-300x269.png 300w, https:\/\/matis.is\/wp-content\/uploads\/himnusia-768x689.png 768w, https:\/\/matis.is\/wp-content\/uploads\/himnusia-13x12.png 13w\" sizes=\"auto, (max-width: 802px) 100vw, 802px\" \/><figcaption class=\"wp-element-caption\"><strong>The membrane filtering device<\/strong>, Pilot Unit Model L, is specially designed for research and development projects but can also stand in a production unit.<\/figcaption><\/figure>\n<\/div>\n\n\n\n<div class=\"wp-block-column is-layout-flow wp-block-column-is-layout-flow\">\n<figure class=\"wp-block-image size-large\"><img loading=\"lazy\" decoding=\"async\" width=\"360\" height=\"686\" src=\"https:\/\/matis.is\/wp-content\/uploads\/lifmassitaeki2.png\" alt=\"The MOBILE MINOR spray dryer is specially designed for research and development and can dry up to 6 kg \/ h of water.\" class=\"wp-image-39882\" srcset=\"https:\/\/matis.is\/wp-content\/uploads\/lifmassitaeki2.png 360w, https:\/\/matis.is\/wp-content\/uploads\/lifmassitaeki2-157x300.png 157w, https:\/\/matis.is\/wp-content\/uploads\/lifmassitaeki2-6x12.png 6w\" sizes=\"auto, (max-width: 360px) 100vw, 360px\" \/><figcaption class=\"wp-element-caption\"><strong>MOBILE MINOR spray dryer<\/strong> is specially designed for research and development and can dry up to 6 kg \/ h of water.<\/figcaption><\/figure>\n<\/div>\n<\/div>\n\n\n\n<div class=\"wp-block-group alignwide matis_infobox helpu is-layout-flow wp-block-group-is-layout-flow\" id=\"hafdusamband\">\n<div class=\"wp-block-group is-layout-flow wp-block-group-is-layout-flow\">\n<h2 class=\"wp-block-heading has-text-align-center\">How can we help?<\/h2>\n\n\n\n<div class=\"wp-block-button aligncenter m_button\"><a class=\"wp-block-button__link wp-element-button\" href=\"mailto:stefan@matis.is\" style=\"border-radius:5px\">be in touch<\/a><\/div>\n<\/div>\n<\/div>\n\n\n\n<p><\/p>","protected":false},"excerpt":{"rendered":"<p>L\u00edfmassi \u2013 Hli\u00f0arafur\u00f0ir \u00ed matv\u00e6lavinnslu \u00cd l\u00edfmassaveri Mat\u00eds m\u00e1 finna t\u00e6knilega fullkominn vinnslub\u00fana\u00f0 sem hentar vel vi\u00f0 \u00fer\u00f3un og framlei\u00f0slu [&hellip;]<\/p>\n","protected":false},"author":1,"featured_media":39881,"parent":0,"menu_order":0,"comment_status":"closed","ping_status":"closed","template":"","meta":{"_acf_changed":false,"_uag_custom_page_level_css":"","site-sidebar-layout":"default","site-content-layout":"","ast-site-content-layout":"default","site-content-style":"default","site-sidebar-style":"default","ast-global-header-display":"","ast-banner-title-visibility":"","ast-main-header-display":"","ast-hfb-above-header-display":"","ast-hfb-below-header-display":"","ast-hfb-mobile-header-display":"","site-post-title":"","ast-breadcrumbs-content":"","ast-featured-img":"","footer-sml-layout":"","ast-disable-related-posts":"","theme-transparent-header-meta":"","adv-header-id-meta":"","stick-header-meta":"","header-above-stick-meta":"","header-main-stick-meta":"","header-below-stick-meta":"","astra-migrate-meta-layouts":"default","ast-page-background-enabled":"default","ast-page-background-meta":{"desktop":{"background-color":"var(--ast-global-color-5)","background-image":"","background-repeat":"repeat","background-position":"center center","background-size":"auto","background-attachment":"scroll","background-type":"","background-media":"","overlay-type":"","overlay-color":"","overlay-opacity":"","overlay-gradient":""},"tablet":{"background-color":"","background-image":"","background-repeat":"repeat","background-position":"center center","background-size":"auto","background-attachment":"scroll","background-type":"","background-media":"","overlay-type":"","overlay-color":"","overlay-opacity":"","overlay-gradient":""},"mobile":{"background-color":"","background-image":"","background-repeat":"repeat","background-position":"center center","background-size":"auto","background-attachment":"scroll","background-type":"","background-media":"","overlay-type":"","overlay-color":"","overlay-opacity":"","overlay-gradient":""}},"ast-content-background-meta":{"desktop":{"background-color":"var(--ast-global-color-4)","background-image":"","background-repeat":"repeat","background-position":"center center","background-size":"auto","background-attachment":"scroll","background-type":"","background-media":"","overlay-type":"","overlay-color":"","overlay-opacity":"","overlay-gradient":""},"tablet":{"background-color":"var(--ast-global-color-4)","background-image":"","background-repeat":"repeat","background-position":"center center","background-size":"auto","background-attachment":"scroll","background-type":"","background-media":"","overlay-type":"","overlay-color":"","overlay-opacity":"","overlay-gradient":""},"mobile":{"background-color":"var(--ast-global-color-4)","background-image":"","background-repeat":"repeat","background-position":"center center","background-size":"auto","background-attachment":"scroll","background-type":"","background-media":"","overlay-type":"","overlay-color":"","overlay-opacity":"","overlay-gradient":""}},"footnotes":""},"class_list":["post-39864","page","type-page","status-publish","has-post-thumbnail","hentry"],"acf":[],"yoast_head":"<!-- This site is optimized with the Yoast SEO plugin v27.4 - https:\/\/yoast.com\/product\/yoast-seo-wordpress\/ -->\n<title>L\u00edfmassaver Mat\u00eds - Mat\u00eds<\/title>\n<meta name=\"robots\" content=\"index, follow, max-snippet:-1, max-image-preview:large, max-video-preview:-1\" \/>\n<link rel=\"canonical\" href=\"https:\/\/matis.is\/en\/lifmassaver\/\" \/>\n<meta property=\"og:locale\" content=\"en_GB\" \/>\n<meta property=\"og:type\" content=\"article\" \/>\n<meta property=\"og:title\" content=\"L\u00edfmassaver Mat\u00eds - Mat\u00eds\" \/>\n<meta property=\"og:description\" content=\"L\u00edfmassi \u2013 Hli\u00f0arafur\u00f0ir \u00ed matv\u00e6lavinnslu \u00cd l\u00edfmassaveri Mat\u00eds m\u00e1 finna t\u00e6knilega fullkominn vinnslub\u00fana\u00f0 sem hentar vel vi\u00f0 \u00fer\u00f3un og framlei\u00f0slu [&hellip;]\" \/>\n<meta property=\"og:url\" content=\"https:\/\/matis.is\/en\/lifmassaver\/\" \/>\n<meta property=\"og:site_name\" content=\"Mat\u00eds\" \/>\n<meta property=\"article:publisher\" content=\"https:\/\/www.facebook.com\/matisiceland\" \/>\n<meta property=\"article:modified_time\" content=\"2025-12-03T09:50:22+00:00\" \/>\n<meta property=\"og:image\" content=\"https:\/\/matis.is\/wp-content\/uploads\/lifmassitaeki3.png\" \/>\n\t<meta property=\"og:image:width\" content=\"936\" \/>\n\t<meta property=\"og:image:height\" content=\"778\" \/>\n\t<meta property=\"og:image:type\" content=\"image\/png\" \/>\n<meta name=\"twitter:card\" content=\"summary_large_image\" \/>\n<meta name=\"twitter:site\" content=\"@matisiceland\" \/>\n<meta name=\"twitter:label1\" content=\"Estimated reading time\" \/>\n\t<meta name=\"twitter:data1\" content=\"4 minutes\" \/>\n<script type=\"application\/ld+json\" class=\"yoast-schema-graph\">{\"@context\":\"https:\\\/\\\/schema.org\",\"@graph\":[{\"@type\":\"WebPage\",\"@id\":\"https:\\\/\\\/matis.is\\\/lifmassaver\\\/\",\"url\":\"https:\\\/\\\/matis.is\\\/lifmassaver\\\/\",\"name\":\"L\u00edfmassaver Mat\u00eds - Mat\u00eds\",\"isPartOf\":{\"@id\":\"https:\\\/\\\/matis.is\\\/#website\"},\"primaryImageOfPage\":{\"@id\":\"https:\\\/\\\/matis.is\\\/lifmassaver\\\/#primaryimage\"},\"image\":{\"@id\":\"https:\\\/\\\/matis.is\\\/lifmassaver\\\/#primaryimage\"},\"thumbnailUrl\":\"https:\\\/\\\/matis.is\\\/wp-content\\\/uploads\\\/lifmassitaeki3.png\",\"datePublished\":\"2021-07-05T16:17:26+00:00\",\"dateModified\":\"2025-12-03T09:50:22+00:00\",\"breadcrumb\":{\"@id\":\"https:\\\/\\\/matis.is\\\/lifmassaver\\\/#breadcrumb\"},\"inLanguage\":\"en-GB\",\"potentialAction\":[{\"@type\":\"ReadAction\",\"target\":[\"https:\\\/\\\/matis.is\\\/lifmassaver\\\/\"]}]},{\"@type\":\"ImageObject\",\"inLanguage\":\"en-GB\",\"@id\":\"https:\\\/\\\/matis.is\\\/lifmassaver\\\/#primaryimage\",\"url\":\"https:\\\/\\\/matis.is\\\/wp-content\\\/uploads\\\/lifmassitaeki3.png\",\"contentUrl\":\"https:\\\/\\\/matis.is\\\/wp-content\\\/uploads\\\/lifmassitaeki3.png\",\"width\":936,\"height\":778},{\"@type\":\"BreadcrumbList\",\"@id\":\"https:\\\/\\\/matis.is\\\/lifmassaver\\\/#breadcrumb\",\"itemListElement\":[{\"@type\":\"ListItem\",\"position\":1,\"name\":\"Home\",\"item\":\"https:\\\/\\\/matis.is\\\/\"},{\"@type\":\"ListItem\",\"position\":2,\"name\":\"L\u00edfmassaver Mat\u00eds\"}]},{\"@type\":\"WebSite\",\"@id\":\"https:\\\/\\\/matis.is\\\/#website\",\"url\":\"https:\\\/\\\/matis.is\\\/\",\"name\":\"Mat\u00eds\",\"description\":\"Ver\u00f0m\u00e6task\u00f6pun, matv\u00e6la\u00f6ryggi og l\u00fd\u00f0heilsa\",\"publisher\":{\"@id\":\"https:\\\/\\\/matis.is\\\/#organization\"},\"potentialAction\":[{\"@type\":\"SearchAction\",\"target\":{\"@type\":\"EntryPoint\",\"urlTemplate\":\"https:\\\/\\\/matis.is\\\/?s={search_term_string}\"},\"query-input\":{\"@type\":\"PropertyValueSpecification\",\"valueRequired\":true,\"valueName\":\"search_term_string\"}}],\"inLanguage\":\"en-GB\"},{\"@type\":\"Organization\",\"@id\":\"https:\\\/\\\/matis.is\\\/#organization\",\"name\":\"Mat\u00eds ohf.\",\"url\":\"https:\\\/\\\/matis.is\\\/\",\"logo\":{\"@type\":\"ImageObject\",\"inLanguage\":\"en-GB\",\"@id\":\"https:\\\/\\\/matis.is\\\/#\\\/schema\\\/logo\\\/image\\\/\",\"url\":\"https:\\\/\\\/matis.is\\\/wp-content\\\/uploads\\\/2021\\\/02\\\/matis_logo_blatthvitt.png\",\"contentUrl\":\"https:\\\/\\\/matis.is\\\/wp-content\\\/uploads\\\/2021\\\/02\\\/matis_logo_blatthvitt.png\",\"width\":1507,\"height\":1507,\"caption\":\"Mat\u00eds ohf.\"},\"image\":{\"@id\":\"https:\\\/\\\/matis.is\\\/#\\\/schema\\\/logo\\\/image\\\/\"},\"sameAs\":[\"https:\\\/\\\/www.facebook.com\\\/matisiceland\",\"https:\\\/\\\/x.com\\\/matisiceland\",\"https:\\\/\\\/www.instagram.com\\\/matisiceland\\\/\",\"https:\\\/\\\/www.linkedin.com\\\/matisiceland\\\/\",\"https:\\\/\\\/www.youtube.com\\\/channel\\\/UCY-frt3uTqgVZW-DLjoo5bA\"]}]}<\/script>\n<!-- \/ Yoast SEO plugin. -->","yoast_head_json":{"title":"Mat\u00eds Biomass Center - Mat\u00eds","robots":{"index":"index","follow":"follow","max-snippet":"max-snippet:-1","max-image-preview":"max-image-preview:large","max-video-preview":"max-video-preview:-1"},"canonical":"https:\/\/matis.is\/en\/lifmassaver\/","og_locale":"en_GB","og_type":"article","og_title":"L\u00edfmassaver Mat\u00eds - Mat\u00eds","og_description":"L\u00edfmassi \u2013 Hli\u00f0arafur\u00f0ir \u00ed matv\u00e6lavinnslu \u00cd l\u00edfmassaveri Mat\u00eds m\u00e1 finna t\u00e6knilega fullkominn vinnslub\u00fana\u00f0 sem hentar vel vi\u00f0 \u00fer\u00f3un og framlei\u00f0slu [&hellip;]","og_url":"https:\/\/matis.is\/en\/lifmassaver\/","og_site_name":"Mat\u00eds","article_publisher":"https:\/\/www.facebook.com\/matisiceland","article_modified_time":"2025-12-03T09:50:22+00:00","og_image":[{"width":936,"height":778,"url":"https:\/\/matis.is\/wp-content\/uploads\/lifmassitaeki3.png","type":"image\/png"}],"twitter_card":"summary_large_image","twitter_site":"@matisiceland","twitter_misc":{"Estimated reading time":"4 minutes"},"schema":{"@context":"https:\/\/schema.org","@graph":[{"@type":"WebPage","@id":"https:\/\/matis.is\/lifmassaver\/","url":"https:\/\/matis.is\/lifmassaver\/","name":"Mat\u00eds Biomass Center - Mat\u00eds","isPartOf":{"@id":"https:\/\/matis.is\/#website"},"primaryImageOfPage":{"@id":"https:\/\/matis.is\/lifmassaver\/#primaryimage"},"image":{"@id":"https:\/\/matis.is\/lifmassaver\/#primaryimage"},"thumbnailUrl":"https:\/\/matis.is\/wp-content\/uploads\/lifmassitaeki3.png","datePublished":"2021-07-05T16:17:26+00:00","dateModified":"2025-12-03T09:50:22+00:00","breadcrumb":{"@id":"https:\/\/matis.is\/lifmassaver\/#breadcrumb"},"inLanguage":"en-GB","potentialAction":[{"@type":"ReadAction","target":["https:\/\/matis.is\/lifmassaver\/"]}]},{"@type":"ImageObject","inLanguage":"en-GB","@id":"https:\/\/matis.is\/lifmassaver\/#primaryimage","url":"https:\/\/matis.is\/wp-content\/uploads\/lifmassitaeki3.png","contentUrl":"https:\/\/matis.is\/wp-content\/uploads\/lifmassitaeki3.png","width":936,"height":778},{"@type":"BreadcrumbList","@id":"https:\/\/matis.is\/lifmassaver\/#breadcrumb","itemListElement":[{"@type":"ListItem","position":1,"name":"Home","item":"https:\/\/matis.is\/"},{"@type":"ListItem","position":2,"name":"L\u00edfmassaver Mat\u00eds"}]},{"@type":"WebSite","@id":"https:\/\/matis.is\/#website","url":"https:\/\/matis.is\/","name":"Mat\u00eds","description":"Value creation, food security and public health","publisher":{"@id":"https:\/\/matis.is\/#organization"},"potentialAction":[{"@type":"SearchAction","target":{"@type":"EntryPoint","urlTemplate":"https:\/\/matis.is\/?s={search_term_string}"},"query-input":{"@type":"PropertyValueSpecification","valueRequired":true,"valueName":"search_term_string"}}],"inLanguage":"en-GB"},{"@type":"Organization","@id":"https:\/\/matis.is\/#organization","name":"Mat\u00eds ohf.","url":"https:\/\/matis.is\/","logo":{"@type":"ImageObject","inLanguage":"en-GB","@id":"https:\/\/matis.is\/#\/schema\/logo\/image\/","url":"https:\/\/matis.is\/wp-content\/uploads\/2021\/02\/matis_logo_blatthvitt.png","contentUrl":"https:\/\/matis.is\/wp-content\/uploads\/2021\/02\/matis_logo_blatthvitt.png","width":1507,"height":1507,"caption":"Mat\u00eds ohf."},"image":{"@id":"https:\/\/matis.is\/#\/schema\/logo\/image\/"},"sameAs":["https:\/\/www.facebook.com\/matisiceland","https:\/\/x.com\/matisiceland","https:\/\/www.instagram.com\/matisiceland\/","https:\/\/www.linkedin.com\/matisiceland\/","https:\/\/www.youtube.com\/channel\/UCY-frt3uTqgVZW-DLjoo5bA"]}]}},"spectra_custom_meta":{"_edit_lock":["1764755423:7"],"_edit_last":["7"],"valmynd_a_undirsidu":["0"],"_valmynd_a_undirsidu":["field_5f9970348837c"],"undirvalmynd_a_parentsidu":["0"],"_undirvalmynd_a_parentsidu":["field_5f9addfe68a79"],"tengilidur":["28293"],"_tengilidur":["field_5ef905e0538b2"],"_yoast_wpseo_content_score":["90"],"_yoast_wpseo_estimated-reading-time-minutes":["4"],"_thumbnail_id":["39881"],"_wp_page_template":["default"],"_yoast_wpseo_wordproof_timestamp":[""],"cmplz_hide_cookiebanner":[""],"_uag_css_file_name":["uag-css-39864.css"],"_uag_page_assets":["a:9:{s:3:\"css\";s:263:\".uag-blocks-common-selector{z-index:var(--z-index-desktop) !important}@media (max-width: 976px){.uag-blocks-common-selector{z-index:var(--z-index-tablet) !important}}@media (max-width: 767px){.uag-blocks-common-selector{z-index:var(--z-index-mobile) !important}}\n\";s:2:\"js\";s:0:\"\";s:18:\"current_block_list\";a:12:{i:0;s:12:\"core\/heading\";i:1;s:12:\"core\/buttons\";i:2;s:11:\"core\/button\";i:3;s:14:\"core\/paragraph\";i:4;s:15:\"core\/media-text\";i:5;s:10:\"core\/quote\";i:6;s:10:\"core\/group\";i:7;s:9:\"core\/list\";i:8;s:14:\"core\/list-item\";i:9;s:10:\"core\/image\";i:10;s:12:\"core\/columns\";i:11;s:11:\"core\/column\";}s:8:\"uag_flag\";b:0;s:11:\"uag_version\";s:10:\"1776182148\";s:6:\"gfonts\";a:0:{}s:10:\"gfonts_url\";s:0:\"\";s:12:\"gfonts_files\";a:0:{}s:14:\"uag_faq_layout\";b:0;}"]},"uagb_featured_image_src":{"full":["https:\/\/matis.is\/wp-content\/uploads\/lifmassitaeki3.png",936,778,false],"thumbnail":["https:\/\/matis.is\/wp-content\/uploads\/lifmassitaeki3-150x150.png",150,150,true],"medium":["https:\/\/matis.is\/wp-content\/uploads\/lifmassitaeki3-300x249.png",300,249,true],"medium_large":["https:\/\/matis.is\/wp-content\/uploads\/lifmassitaeki3-768x638.png",768,638,true],"large":["https:\/\/matis.is\/wp-content\/uploads\/lifmassitaeki3.png",936,778,false],"1536x1536":["https:\/\/matis.is\/wp-content\/uploads\/lifmassitaeki3.png",936,778,false],"2048x2048":["https:\/\/matis.is\/wp-content\/uploads\/lifmassitaeki3.png",936,778,false],"trp-custom-language-flag":["https:\/\/matis.is\/wp-content\/uploads\/lifmassitaeki3-14x12.png",14,12,true]},"uagb_author_info":{"display_name":"admin","author_link":"https:\/\/matis.is\/en\/author\/thormodurmatis-is\/"},"uagb_comment_info":0,"uagb_excerpt":"L\u00edfmassi \u2013 Hli\u00f0arafur\u00f0ir \u00ed matv\u00e6lavinnslu \u00cd l\u00edfmassaveri Mat\u00eds m\u00e1 finna t\u00e6knilega fullkominn vinnslub\u00fana\u00f0 sem hentar vel vi\u00f0 \u00fer\u00f3un og framlei\u00f0slu [&hellip;]","_links":{"self":[{"href":"https:\/\/matis.is\/en\/wp-json\/wp\/v2\/pages\/39864","targetHints":{"allow":["GET"]}}],"collection":[{"href":"https:\/\/matis.is\/en\/wp-json\/wp\/v2\/pages"}],"about":[{"href":"https:\/\/matis.is\/en\/wp-json\/wp\/v2\/types\/page"}],"author":[{"embeddable":true,"href":"https:\/\/matis.is\/en\/wp-json\/wp\/v2\/users\/1"}],"replies":[{"embeddable":true,"href":"https:\/\/matis.is\/en\/wp-json\/wp\/v2\/comments?post=39864"}],"version-history":[{"count":41,"href":"https:\/\/matis.is\/en\/wp-json\/wp\/v2\/pages\/39864\/revisions"}],"predecessor-version":[{"id":55298,"href":"https:\/\/matis.is\/en\/wp-json\/wp\/v2\/pages\/39864\/revisions\/55298"}],"wp:featuredmedia":[{"embeddable":true,"href":"https:\/\/matis.is\/en\/wp-json\/wp\/v2\/media\/39881"}],"wp:attachment":[{"href":"https:\/\/matis.is\/en\/wp-json\/wp\/v2\/media?parent=39864"}],"curies":[{"name":"wp","href":"https:\/\/api.w.org\/{rel}","templated":true}]}}