{"id":45976,"date":"2022-04-07T15:54:37","date_gmt":"2022-04-07T15:54:37","guid":{"rendered":"https:\/\/matis.is\/?page_id=45976"},"modified":"2025-12-04T09:16:53","modified_gmt":"2025-12-04T09:16:53","slug":"jafnrettis-og-jafnlaunastefna","status":"publish","type":"page","link":"https:\/\/matis.is\/en\/stefnur\/jafnrettis-og-jafnlaunastefna\/","title":{"rendered":"Equality and equal pay policy"},"content":{"rendered":"<h2 class=\"wp-block-heading\" id=\"jafnrettisstefna\">Mat\u00eds&#039; equality policy<\/h2>\n\n\n\n<h4 class=\"wp-block-heading\">Introduction and goals<\/h4>\n\n\n\n<p>The goal of Mat\u00eds\u2018 gender equality policy is to ensure equal status for all sexes and to create a positive workplace culture that nurtures and encourages a diverse flora of employees. It is Mat\u00eds\u2018 goal that all employees enjoy the same respect and have equal opportunities for career advancement, regardless of gender, nationality, status, or circumstances. Mat\u00eds will strive to achieve the above goal by:<\/p>\n\n\n\n<ul class=\"wp-block-list\">\n<li>Ensure equality in all decision-making involving employees, including decisions on employment, pay and retraining.<\/li>\n\n\n\n<li>Enable employees to harmonize the requirements of work and family life as much as possible, e.g. with flexible working hours.<\/li>\n\n\n\n<li>Not tolerating bullying, gender-based violence or sexual harassment.<\/li>\n<\/ul>\n\n\n\n<h4 class=\"wp-block-heading\">Mat\u00eds&#039; equality policy<\/h4>\n\n\n\n<p>This equality policy covers all business activities of the company. Management is jointly responsible for the progress of gender equality in accordance with this plan, but the ultimate responsibility lies with the CEO.<\/p>\n\n\n\n<ul class=\"wp-block-list\">\n<li>Efforts shall be made to maintain an equal proportion of the genders in jobs and groups within Mat\u00eds.<\/li>\n\n\n\n<li>Equality shall be considered in the employment of employees and during job transfers. The most qualified person shall always be employed, and equality considerations shall be assessed equally with other considerations. Mat\u00eds will ensure that individuals are not discriminated against when projects are allocated or during job transfers on the basis of gender or other factors unrelated to their professional competence.<\/li>\n\n\n\n<li>All Mat\u00eds employees shall enjoy comparable terms and rights for equally valuable and comparable jobs. Decisions on salaries and other matters that affect terms shall be based on objective criteria, completely independent of gender or other factors unrelated to their professional competence.<\/li>\n\n\n\n<li>Efforts shall be made to create conditions for employees to harmonize the requirements of work and family responsibilities by, among other things, allowing flexible working hours. Mat\u00eds emphasizes mutual flexibility regarding work and the working environment where possible. Such flexibility is based on close co-operation and mutual trust between staff and managers. Care must be taken, however, that there is no disruption to the services or projects performed by the company.<\/li>\n\n\n\n<li>Individuals of all genders shall have equal access to training and vocational training.<\/li>\n\n\n\n<li>Gender-based violence, sexual harassment and gender-based harassment are not tolerated by Mat\u00eds. Gender-based violence is defined as violence which is gender-based and leads to or can lead to physical, sexual or psychological harm or suffering to the victim, as well as a threat of such, coercion or arbitrary deprivation of liberty, both in private and in public. Sexual harassment is a sexual behavior that is unfair and\/or offensive and in spite of the victim. Sexual harassment can be physical, verbal, or symbolic. Gender-based harassment is any kind of unfair and\/or abusive behavior that is related to the gender of the victim, is unwelcome and affects the self-esteem of the victim. The harassment can be physical, verbal, or symbolic. See more in the bullying action plan.<\/li>\n\n\n\n<li>Mat\u00eds emphasizes that the workplace culture is such that everyone feels comfortable in the workplace and that a diverse flora of employees can enjoy themselves.<\/li>\n<\/ul>\n\n\n\n<h4 class=\"wp-block-heading\">Special actions<\/h4>\n\n\n\n<p>The company\u2018s wage policy takes into account the education, experience, and responsibilities that come with each position, regardless of gender, when determining salaries and other terms of employees. Employees\u2018 wages are inspected annually in the light of the above and adjusted if necessary.<\/p>\n\n\n\n<ul class=\"wp-block-list\">\n<li>The aim is to maintain the equal pay certification.<\/li>\n\n\n\n<li>Annual summary of gender ratios in all job groups along with an overview of advertised jobs, applicants, and recruitment.<\/li>\n\n\n\n<li>The aim is to equalize the position of the sexes in management and influential positions.<\/li>\n\n\n\n<li>Regular education on bullying, gender-based violence, sexual and gender-based harassment for employees, as well as the preparation of work rules regarding responses to such cases.<\/li>\n\n\n\n<li>The general attitude of employees towards flexible working hours at Mat\u00eds is examined regularly through an opinion poll or in an employee interview.<\/li>\n\n\n\n<li>Targeted measures for continuous improvement and development of a positive workplace culture within Mat\u00eds.<\/li>\n<\/ul>\n\n\n\n<p>Detailed information on actions and time frames can be found in the Gender Equality Plan.<\/p>\n\n\n\n<p>Responsibility for the company\u2018s gender equality issues and their progress is in the hands of the CEO in consultation with the human resources manager.<\/p>\n\n\n\n<h2 class=\"wp-block-heading\" id=\"jafnlaunastefna\">Equal pay policy<\/h2>\n\n\n\n<p>It is mat\u00eds\u2018 policy to pay competitive salaries. When determining wages, responsibility and performance must be taken into account, and the principles of non-discrimination must always be observed.<\/p>\n\n\n\n<p>All staff must enjoy equal pay, and Mat\u00eds undertakes to follow relevant legal requirements and other requirements that equal pay must be paid for work of the same or equal value, regardless of gender.<\/p>\n\n\n\n<p>The CEO is responsible for Mat\u00eds\u2018 equal pay system. He is also responsible for the equal pay policies and for enforcing legal and other requirements related to the pay system.<\/p>\n\n\n\n<p>The human resources manager is appointed as a representative of the senior management regarding the equal pay system and is responsible for its implementation and maintenance in accordance with the \u00cdST 85 standard. In order to enforce the equal pay policy, Mat\u00eds commits to document, implement, maintain and continuously improve the management of the equal pay system in accordance with the requirements of the standard and to determine how its requirements will be met. Mat\u00eds has implemented procedures and defined criteria for determining wages, where everyone is paid for their work based on its value, regardless of gender, gender identity, or other irrelevant reason.<\/p>\n\n\n\n<p>Mat\u00eds\u2018 goal is to be a sought-after workplace and for all genders to have equal opportunities at work.<\/p>\n\n\n\n<p>In order to achieve that goal, Mat\u00eds will:<\/p>\n\n\n\n<ul class=\"wp-block-list\">\n<li>Maintain a certified equal pay system based on the equal pay standard \u00cdST 85.<\/li>\n\n\n\n<li>Carry out a wage analysis at least once a year, comparing jobs of equal value and checking whether there is a difference in wages between genders and present the main results to employees.<\/li>\n\n\n\n<li>React to unexplained wage differentials through continuous improvement and monitoring.<\/li>\n\n\n\n<li>Conduct internal audits and conduct annual management reviews.<\/li>\n\n\n\n<li>Comply with the relevant laws, rules and wage agreements in force at any given time and confirm at a meeting that the policy is in accordance with the law.<\/li>\n\n\n\n<li>Introduce the policy annually to Mat\u00eds staff. The policy shall also be accessible to the public on Mat\u00eds&#039; external website.<\/li>\n<\/ul>\n\n\n\n<div class=\"wp-block-columns has-background is-layout-flex wp-container-core-columns-is-layout-28f84493 wp-block-columns-is-layout-flex\" style=\"background-color:#ffffff\">\n<div class=\"wp-block-column is-layout-flow wp-block-column-is-layout-flow\"><\/div>\n\n\n\n<div class=\"wp-block-column is-layout-flow wp-block-column-is-layout-flow\"><\/div>\n\n\n\n<div class=\"wp-block-column is-layout-flow wp-block-column-is-layout-flow\">\n<figure class=\"wp-block-image size-full\"><img loading=\"lazy\" decoding=\"async\" width=\"304\" height=\"146\" src=\"https:\/\/matis.is\/wp-content\/uploads\/image002-1.png\" alt=\"\" class=\"wp-image-51717\" srcset=\"https:\/\/matis.is\/wp-content\/uploads\/image002-1.png 304w, https:\/\/matis.is\/wp-content\/uploads\/image002-1-300x144.png 300w, https:\/\/matis.is\/wp-content\/uploads\/image002-1-18x9.png 18w\" sizes=\"auto, (max-width: 304px) 100vw, 304px\" \/><\/figure>\n<\/div>\n<\/div>\n\n\n\n<p><a href=\"https:\/\/matis.is\/en\/stefnur\/jafnrettisaaetlun\/\"><strong>Mat\u00eds&#039; equality plan<\/strong><\/a><\/p>","protected":false},"excerpt":{"rendered":"<p>Jafnr\u00e9ttisstefna Mat\u00eds Inngangur og markmi\u00f0 Markmi\u00f0 jafnr\u00e9ttisstefnu Mat\u00eds er a\u00f0 tryggja jafna st\u00f6\u00f0u kynja og skapa j\u00e1kv\u00e6\u00f0a vinnusta\u00f0amenningu sem hl\u00fair [&hellip;]<\/p>\n","protected":false},"author":1,"featured_media":0,"parent":45973,"menu_order":0,"comment_status":"closed","ping_status":"closed","template":"","meta":{"_acf_changed":false,"_uag_custom_page_level_css":"","site-sidebar-layout":"default","site-content-layout":"","ast-site-content-layout":"default","site-content-style":"default","site-sidebar-style":"default","ast-global-header-display":"","ast-banner-title-visibility":"disabled","ast-main-header-display":"","ast-hfb-above-header-display":"","ast-hfb-below-header-display":"","ast-hfb-mobile-header-display":"","site-post-title":"","ast-breadcrumbs-content":"","ast-featured-img":"","footer-sml-layout":"","ast-disable-related-posts":"","theme-transparent-header-meta":"","adv-header-id-meta":"","stick-header-meta":"","header-above-stick-meta":"","header-main-stick-meta":"","header-below-stick-meta":"","astra-migrate-meta-layouts":"default","ast-page-background-enabled":"default","ast-page-background-meta":{"desktop":{"background-color":"var(--ast-global-color-5)","background-image":"","background-repeat":"repeat","background-position":"center center","background-size":"auto","background-attachment":"scroll","background-type":"","background-media":"","overlay-type":"","overlay-color":"","overlay-opacity":"","overlay-gradient":""},"tablet":{"background-color":"","background-image":"","background-repeat":"repeat","background-position":"center center","background-size":"auto","background-attachment":"scroll","background-type":"","background-media":"","overlay-type":"","overlay-color":"","overlay-opacity":"","overlay-gradient":""},"mobile":{"background-color":"","background-image":"","background-repeat":"repeat","background-position":"center center","background-size":"auto","background-attachment":"scroll","background-type":"","background-media":"","overlay-type":"","overlay-color":"","overlay-opacity":"","overlay-gradient":""}},"ast-content-background-meta":{"desktop":{"background-color":"var(--ast-global-color-4)","background-image":"","background-repeat":"repeat","background-position":"center center","background-size":"auto","background-attachment":"scroll","background-type":"","background-media":"","overlay-type":"","overlay-color":"","overlay-opacity":"","overlay-gradient":""},"tablet":{"background-color":"var(--ast-global-color-4)","background-image":"","background-repeat":"repeat","background-position":"center center","background-size":"auto","background-attachment":"scroll","background-type":"","background-media":"","overlay-type":"","overlay-color":"","overlay-opacity":"","overlay-gradient":""},"mobile":{"background-color":"var(--ast-global-color-4)","background-image":"","background-repeat":"repeat","background-position":"center center","background-size":"auto","background-attachment":"scroll","background-type":"","background-media":"","overlay-type":"","overlay-color":"","overlay-opacity":"","overlay-gradient":""}},"footnotes":""},"class_list":["post-45976","page","type-page","status-publish","hentry"],"acf":[],"yoast_head":"<!-- This site is optimized with the Yoast SEO plugin v27.2 - https:\/\/yoast.com\/product\/yoast-seo-wordpress\/ -->\n<title>Jafnr\u00e9ttis- og jafnlaunastefna - Mat\u00eds<\/title>\n<meta name=\"robots\" content=\"index, follow, max-snippet:-1, max-image-preview:large, max-video-preview:-1\" \/>\n<link rel=\"canonical\" href=\"https:\/\/matis.is\/en\/stefnur\/jafnrettis-og-jafnlaunastefna\/\" \/>\n<meta property=\"og:locale\" content=\"en_GB\" \/>\n<meta property=\"og:type\" content=\"article\" \/>\n<meta property=\"og:title\" content=\"Jafnr\u00e9ttis- og jafnlaunastefna - Mat\u00eds\" \/>\n<meta property=\"og:description\" content=\"Jafnr\u00e9ttisstefna Mat\u00eds Inngangur og markmi\u00f0 Markmi\u00f0 jafnr\u00e9ttisstefnu Mat\u00eds er a\u00f0 tryggja jafna st\u00f6\u00f0u kynja og skapa j\u00e1kv\u00e6\u00f0a vinnusta\u00f0amenningu sem hl\u00fair [&hellip;]\" \/>\n<meta property=\"og:url\" content=\"https:\/\/matis.is\/en\/stefnur\/jafnrettis-og-jafnlaunastefna\/\" \/>\n<meta property=\"og:site_name\" content=\"Mat\u00eds\" \/>\n<meta property=\"article:publisher\" content=\"https:\/\/www.facebook.com\/matisiceland\" \/>\n<meta property=\"article:modified_time\" content=\"2025-12-04T09:16:53+00:00\" \/>\n<meta property=\"og:image\" content=\"https:\/\/matis.is\/wp-content\/uploads\/image002-1.png\" \/>\n<meta name=\"twitter:card\" content=\"summary_large_image\" \/>\n<meta name=\"twitter:site\" content=\"@matisiceland\" \/>\n<meta name=\"twitter:label1\" content=\"Estimated reading time\" \/>\n\t<meta name=\"twitter:data1\" content=\"6 minutes\" \/>\n<script type=\"application\/ld+json\" class=\"yoast-schema-graph\">{\"@context\":\"https:\/\/schema.org\",\"@graph\":[{\"@type\":\"WebPage\",\"@id\":\"https:\/\/matis.is\/stefnur\/jafnrettis-og-jafnlaunastefna\/\",\"url\":\"https:\/\/matis.is\/stefnur\/jafnrettis-og-jafnlaunastefna\/\",\"name\":\"Jafnr\u00e9ttis- og jafnlaunastefna - Mat\u00eds\",\"isPartOf\":{\"@id\":\"https:\/\/matis.is\/#website\"},\"primaryImageOfPage\":{\"@id\":\"https:\/\/matis.is\/stefnur\/jafnrettis-og-jafnlaunastefna\/#primaryimage\"},\"image\":{\"@id\":\"https:\/\/matis.is\/stefnur\/jafnrettis-og-jafnlaunastefna\/#primaryimage\"},\"thumbnailUrl\":\"https:\/\/matis.is\/wp-content\/uploads\/image002-1.png\",\"datePublished\":\"2022-04-07T15:54:37+00:00\",\"dateModified\":\"2025-12-04T09:16:53+00:00\",\"breadcrumb\":{\"@id\":\"https:\/\/matis.is\/stefnur\/jafnrettis-og-jafnlaunastefna\/#breadcrumb\"},\"inLanguage\":\"en-GB\",\"potentialAction\":[{\"@type\":\"ReadAction\",\"target\":[\"https:\/\/matis.is\/stefnur\/jafnrettis-og-jafnlaunastefna\/\"]}]},{\"@type\":\"ImageObject\",\"inLanguage\":\"en-GB\",\"@id\":\"https:\/\/matis.is\/stefnur\/jafnrettis-og-jafnlaunastefna\/#primaryimage\",\"url\":\"https:\/\/matis.is\/wp-content\/uploads\/image002-1.png\",\"contentUrl\":\"https:\/\/matis.is\/wp-content\/uploads\/image002-1.png\"},{\"@type\":\"BreadcrumbList\",\"@id\":\"https:\/\/matis.is\/stefnur\/jafnrettis-og-jafnlaunastefna\/#breadcrumb\",\"itemListElement\":[{\"@type\":\"ListItem\",\"position\":1,\"name\":\"Home\",\"item\":\"https:\/\/matis.is\/\"},{\"@type\":\"ListItem\",\"position\":2,\"name\":\"Stefnur\",\"item\":\"https:\/\/matis.is\/stefnur\/\"},{\"@type\":\"ListItem\",\"position\":3,\"name\":\"Jafnr\u00e9ttis- og jafnlaunastefna\"}]},{\"@type\":\"WebSite\",\"@id\":\"https:\/\/matis.is\/#website\",\"url\":\"https:\/\/matis.is\/\",\"name\":\"Mat\u00eds\",\"description\":\"Ver\u00f0m\u00e6task\u00f6pun, matv\u00e6la\u00f6ryggi og l\u00fd\u00f0heilsa\",\"publisher\":{\"@id\":\"https:\/\/matis.is\/#organization\"},\"potentialAction\":[{\"@type\":\"SearchAction\",\"target\":{\"@type\":\"EntryPoint\",\"urlTemplate\":\"https:\/\/matis.is\/?s={search_term_string}\"},\"query-input\":{\"@type\":\"PropertyValueSpecification\",\"valueRequired\":true,\"valueName\":\"search_term_string\"}}],\"inLanguage\":\"en-GB\"},{\"@type\":\"Organization\",\"@id\":\"https:\/\/matis.is\/#organization\",\"name\":\"Mat\u00eds ohf.\",\"url\":\"https:\/\/matis.is\/\",\"logo\":{\"@type\":\"ImageObject\",\"inLanguage\":\"en-GB\",\"@id\":\"https:\/\/matis.is\/#\/schema\/logo\/image\/\",\"url\":\"https:\/\/matis.is\/wp-content\/uploads\/2021\/02\/matis_logo_blatthvitt.png\",\"contentUrl\":\"https:\/\/matis.is\/wp-content\/uploads\/2021\/02\/matis_logo_blatthvitt.png\",\"width\":1507,\"height\":1507,\"caption\":\"Mat\u00eds ohf.\"},\"image\":{\"@id\":\"https:\/\/matis.is\/#\/schema\/logo\/image\/\"},\"sameAs\":[\"https:\/\/www.facebook.com\/matisiceland\",\"https:\/\/x.com\/matisiceland\",\"https:\/\/www.instagram.com\/matisiceland\/\",\"https:\/\/www.linkedin.com\/matisiceland\/\",\"https:\/\/www.youtube.com\/channel\/UCY-frt3uTqgVZW-DLjoo5bA\"]}]}<\/script>\n<!-- \/ Yoast SEO plugin. -->","yoast_head_json":{"title":"Equality and equal pay policy - Mat\u00eds","robots":{"index":"index","follow":"follow","max-snippet":"max-snippet:-1","max-image-preview":"max-image-preview:large","max-video-preview":"max-video-preview:-1"},"canonical":"https:\/\/matis.is\/en\/stefnur\/jafnrettis-og-jafnlaunastefna\/","og_locale":"en_GB","og_type":"article","og_title":"Jafnr\u00e9ttis- og jafnlaunastefna - Mat\u00eds","og_description":"Jafnr\u00e9ttisstefna Mat\u00eds Inngangur og markmi\u00f0 Markmi\u00f0 jafnr\u00e9ttisstefnu Mat\u00eds er a\u00f0 tryggja jafna st\u00f6\u00f0u kynja og skapa j\u00e1kv\u00e6\u00f0a vinnusta\u00f0amenningu sem hl\u00fair [&hellip;]","og_url":"https:\/\/matis.is\/en\/stefnur\/jafnrettis-og-jafnlaunastefna\/","og_site_name":"Mat\u00eds","article_publisher":"https:\/\/www.facebook.com\/matisiceland","article_modified_time":"2025-12-04T09:16:53+00:00","og_image":[{"url":"https:\/\/matis.is\/wp-content\/uploads\/image002-1.png","type":"","width":"","height":""}],"twitter_card":"summary_large_image","twitter_site":"@matisiceland","twitter_misc":{"Estimated reading time":"6 minutes"},"schema":{"@context":"https:\/\/schema.org","@graph":[{"@type":"WebPage","@id":"https:\/\/matis.is\/stefnur\/jafnrettis-og-jafnlaunastefna\/","url":"https:\/\/matis.is\/stefnur\/jafnrettis-og-jafnlaunastefna\/","name":"Equality and equal pay policy - Mat\u00eds","isPartOf":{"@id":"https:\/\/matis.is\/#website"},"primaryImageOfPage":{"@id":"https:\/\/matis.is\/stefnur\/jafnrettis-og-jafnlaunastefna\/#primaryimage"},"image":{"@id":"https:\/\/matis.is\/stefnur\/jafnrettis-og-jafnlaunastefna\/#primaryimage"},"thumbnailUrl":"https:\/\/matis.is\/wp-content\/uploads\/image002-1.png","datePublished":"2022-04-07T15:54:37+00:00","dateModified":"2025-12-04T09:16:53+00:00","breadcrumb":{"@id":"https:\/\/matis.is\/stefnur\/jafnrettis-og-jafnlaunastefna\/#breadcrumb"},"inLanguage":"en-GB","potentialAction":[{"@type":"ReadAction","target":["https:\/\/matis.is\/stefnur\/jafnrettis-og-jafnlaunastefna\/"]}]},{"@type":"ImageObject","inLanguage":"en-GB","@id":"https:\/\/matis.is\/stefnur\/jafnrettis-og-jafnlaunastefna\/#primaryimage","url":"https:\/\/matis.is\/wp-content\/uploads\/image002-1.png","contentUrl":"https:\/\/matis.is\/wp-content\/uploads\/image002-1.png"},{"@type":"BreadcrumbList","@id":"https:\/\/matis.is\/stefnur\/jafnrettis-og-jafnlaunastefna\/#breadcrumb","itemListElement":[{"@type":"ListItem","position":1,"name":"Home","item":"https:\/\/matis.is\/"},{"@type":"ListItem","position":2,"name":"Stefnur","item":"https:\/\/matis.is\/stefnur\/"},{"@type":"ListItem","position":3,"name":"Jafnr\u00e9ttis- og jafnlaunastefna"}]},{"@type":"WebSite","@id":"https:\/\/matis.is\/#website","url":"https:\/\/matis.is\/","name":"Mat\u00eds","description":"Value creation, food security and public health","publisher":{"@id":"https:\/\/matis.is\/#organization"},"potentialAction":[{"@type":"SearchAction","target":{"@type":"EntryPoint","urlTemplate":"https:\/\/matis.is\/?s={search_term_string}"},"query-input":{"@type":"PropertyValueSpecification","valueRequired":true,"valueName":"search_term_string"}}],"inLanguage":"en-GB"},{"@type":"Organization","@id":"https:\/\/matis.is\/#organization","name":"Mat\u00eds ohf.","url":"https:\/\/matis.is\/","logo":{"@type":"ImageObject","inLanguage":"en-GB","@id":"https:\/\/matis.is\/#\/schema\/logo\/image\/","url":"https:\/\/matis.is\/wp-content\/uploads\/2021\/02\/matis_logo_blatthvitt.png","contentUrl":"https:\/\/matis.is\/wp-content\/uploads\/2021\/02\/matis_logo_blatthvitt.png","width":1507,"height":1507,"caption":"Mat\u00eds ohf."},"image":{"@id":"https:\/\/matis.is\/#\/schema\/logo\/image\/"},"sameAs":["https:\/\/www.facebook.com\/matisiceland","https:\/\/x.com\/matisiceland","https:\/\/www.instagram.com\/matisiceland\/","https:\/\/www.linkedin.com\/matisiceland\/","https:\/\/www.youtube.com\/channel\/UCY-frt3uTqgVZW-DLjoo5bA"]}]}},"spectra_custom_meta":{"_edit_lock":["1764839814:7"],"_edit_last":["7"],"_yoast_wpseo_content_score":["60"],"_yoast_wpseo_estimated-reading-time-minutes":["6"],"valmynd_a_undirsidu":["1"],"_valmynd_a_undirsidu":["field_5f9970348837c"],"undirvalmynd_a_parentsidu":["0"],"_undirvalmynd_a_parentsidu":["field_5f9addfe68a79"],"tengilidur":["44554"],"_tengilidur":["field_5ef905e0538b2"],"_wp_page_template":["default"],"_yoast_wpseo_wordproof_timestamp":[""],"_uag_custom_page_level_css":[""],"site-sidebar-layout":["default"],"site-content-layout":[""],"ast-site-content-layout":["default"],"site-content-style":["default"],"site-sidebar-style":["default"],"ast-global-header-display":[""],"ast-banner-title-visibility":["disabled"],"ast-main-header-display":[""],"ast-hfb-above-header-display":[""],"ast-hfb-below-header-display":[""],"ast-hfb-mobile-header-display":[""],"site-post-title":[""],"ast-breadcrumbs-content":[""],"ast-featured-img":[""],"footer-sml-layout":[""],"theme-transparent-header-meta":[""],"adv-header-id-meta":[""],"stick-header-meta":[""],"header-above-stick-meta":[""],"header-main-stick-meta":[""],"header-below-stick-meta":[""],"astra-migrate-meta-layouts":["default"],"ast-page-background-enabled":["default"],"ast-page-background-meta":["a:3:{s:7:\"desktop\";a:12:{s:16:\"background-color\";s:25:\"var(--ast-global-color-5)\";s:16:\"background-image\";s:0:\"\";s:17:\"background-repeat\";s:6:\"repeat\";s:19:\"background-position\";s:13:\"center center\";s:15:\"background-size\";s:4:\"auto\";s:21:\"background-attachment\";s:6:\"scroll\";s:15:\"background-type\";s:0:\"\";s:16:\"background-media\";s:0:\"\";s:12:\"overlay-type\";s:0:\"\";s:13:\"overlay-color\";s:0:\"\";s:15:\"overlay-opacity\";s:0:\"\";s:16:\"overlay-gradient\";s:0:\"\";}s:6:\"tablet\";a:12:{s:16:\"background-color\";s:0:\"\";s:16:\"background-image\";s:0:\"\";s:17:\"background-repeat\";s:6:\"repeat\";s:19:\"background-position\";s:13:\"center center\";s:15:\"background-size\";s:4:\"auto\";s:21:\"background-attachment\";s:6:\"scroll\";s:15:\"background-type\";s:0:\"\";s:16:\"background-media\";s:0:\"\";s:12:\"overlay-type\";s:0:\"\";s:13:\"overlay-color\";s:0:\"\";s:15:\"overlay-opacity\";s:0:\"\";s:16:\"overlay-gradient\";s:0:\"\";}s:6:\"mobile\";a:12:{s:16:\"background-color\";s:0:\"\";s:16:\"background-image\";s:0:\"\";s:17:\"background-repeat\";s:6:\"repeat\";s:19:\"background-position\";s:13:\"center center\";s:15:\"background-size\";s:4:\"auto\";s:21:\"background-attachment\";s:6:\"scroll\";s:15:\"background-type\";s:0:\"\";s:16:\"background-media\";s:0:\"\";s:12:\"overlay-type\";s:0:\"\";s:13:\"overlay-color\";s:0:\"\";s:15:\"overlay-opacity\";s:0:\"\";s:16:\"overlay-gradient\";s:0:\"\";}}"],"ast-content-background-meta":["a:3:{s:7:\"desktop\";a:12:{s:16:\"background-color\";s:25:\"var(--ast-global-color-4)\";s:16:\"background-image\";s:0:\"\";s:17:\"background-repeat\";s:6:\"repeat\";s:19:\"background-position\";s:13:\"center center\";s:15:\"background-size\";s:4:\"auto\";s:21:\"background-attachment\";s:6:\"scroll\";s:15:\"background-type\";s:0:\"\";s:16:\"background-media\";s:0:\"\";s:12:\"overlay-type\";s:0:\"\";s:13:\"overlay-color\";s:0:\"\";s:15:\"overlay-opacity\";s:0:\"\";s:16:\"overlay-gradient\";s:0:\"\";}s:6:\"tablet\";a:12:{s:16:\"background-color\";s:25:\"var(--ast-global-color-4)\";s:16:\"background-image\";s:0:\"\";s:17:\"background-repeat\";s:6:\"repeat\";s:19:\"background-position\";s:13:\"center center\";s:15:\"background-size\";s:4:\"auto\";s:21:\"background-attachment\";s:6:\"scroll\";s:15:\"background-type\";s:0:\"\";s:16:\"background-media\";s:0:\"\";s:12:\"overlay-type\";s:0:\"\";s:13:\"overlay-color\";s:0:\"\";s:15:\"overlay-opacity\";s:0:\"\";s:16:\"overlay-gradient\";s:0:\"\";}s:6:\"mobile\";a:12:{s:16:\"background-color\";s:25:\"var(--ast-global-color-4)\";s:16:\"background-image\";s:0:\"\";s:17:\"background-repeat\";s:6:\"repeat\";s:19:\"background-position\";s:13:\"center center\";s:15:\"background-size\";s:4:\"auto\";s:21:\"background-attachment\";s:6:\"scroll\";s:15:\"background-type\";s:0:\"\";s:16:\"background-media\";s:0:\"\";s:12:\"overlay-type\";s:0:\"\";s:13:\"overlay-color\";s:0:\"\";s:15:\"overlay-opacity\";s:0:\"\";s:16:\"overlay-gradient\";s:0:\"\";}}"],"footnotes":[""],"cmplz_hide_cookiebanner":[""],"_uag_css_file_name":["uag-css-45976.css"],"_uag_page_assets":["a:9:{s:3:\"css\";s:263:\".uag-blocks-common-selector{z-index:var(--z-index-desktop) !important}@media (max-width: 976px){.uag-blocks-common-selector{z-index:var(--z-index-tablet) !important}}@media (max-width: 767px){.uag-blocks-common-selector{z-index:var(--z-index-mobile) !important}}\n\";s:2:\"js\";s:0:\"\";s:18:\"current_block_list\";a:9:{i:0;s:12:\"core\/heading\";i:1;s:14:\"core\/paragraph\";i:2;s:9:\"core\/list\";i:3;s:14:\"core\/list-item\";i:4;s:12:\"core\/columns\";i:5;s:11:\"core\/column\";i:7;s:10:\"core\/image\";i:8;s:12:\"core\/buttons\";i:9;s:11:\"core\/button\";}s:8:\"uag_flag\";b:0;s:11:\"uag_version\";s:10:\"1775648310\";s:6:\"gfonts\";a:0:{}s:10:\"gfonts_url\";s:0:\"\";s:12:\"gfonts_files\";a:0:{}s:14:\"uag_faq_layout\";b:0;}"]},"uagb_featured_image_src":{"full":false,"thumbnail":false,"medium":false,"medium_large":false,"large":false,"1536x1536":false,"2048x2048":false,"trp-custom-language-flag":false},"uagb_author_info":{"display_name":"admin","author_link":"https:\/\/matis.is\/en\/author\/thormodurmatis-is\/"},"uagb_comment_info":0,"uagb_excerpt":"Jafnr\u00e9ttisstefna Mat\u00eds Inngangur og markmi\u00f0 Markmi\u00f0 jafnr\u00e9ttisstefnu Mat\u00eds er a\u00f0 tryggja jafna st\u00f6\u00f0u kynja og skapa j\u00e1kv\u00e6\u00f0a vinnusta\u00f0amenningu sem hl\u00fair [&hellip;]","_links":{"self":[{"href":"https:\/\/matis.is\/en\/wp-json\/wp\/v2\/pages\/45976","targetHints":{"allow":["GET"]}}],"collection":[{"href":"https:\/\/matis.is\/en\/wp-json\/wp\/v2\/pages"}],"about":[{"href":"https:\/\/matis.is\/en\/wp-json\/wp\/v2\/types\/page"}],"author":[{"embeddable":true,"href":"https:\/\/matis.is\/en\/wp-json\/wp\/v2\/users\/1"}],"replies":[{"embeddable":true,"href":"https:\/\/matis.is\/en\/wp-json\/wp\/v2\/comments?post=45976"}],"version-history":[{"count":9,"href":"https:\/\/matis.is\/en\/wp-json\/wp\/v2\/pages\/45976\/revisions"}],"predecessor-version":[{"id":55403,"href":"https:\/\/matis.is\/en\/wp-json\/wp\/v2\/pages\/45976\/revisions\/55403"}],"up":[{"embeddable":true,"href":"https:\/\/matis.is\/en\/wp-json\/wp\/v2\/pages\/45973"}],"wp:attachment":[{"href":"https:\/\/matis.is\/en\/wp-json\/wp\/v2\/media?parent=45976"}],"curies":[{"name":"wp","href":"https:\/\/api.w.org\/{rel}","templated":true}]}}