{"id":48654,"date":"2022-12-07T10:31:07","date_gmt":"2022-12-07T10:31:07","guid":{"rendered":"https:\/\/matis.is\/?page_id=48654"},"modified":"2022-12-07T10:31:57","modified_gmt":"2022-12-07T10:31:57","slug":"algengar-spurningar","status":"publish","type":"page","link":"https:\/\/matis.is\/en\/maelingar-og-thjonusta\/algengar-spurningar\/","title":{"rendered":"Frequently Asked Questions"},"content":{"rendered":"<h2 class=\"wp-block-heading\">Frequently Asked Questions<\/h2>\n\n\n\n<h5 class=\"wp-block-heading\">Is Mat\u00eds researching the health of drinking water?<\/h5>\n\n\n\n<p>J\u00e1! \u00d6rverudeild Mat\u00eds ohf rannsakar hvort <a href=\"https:\/\/matis.is\/en\/frettir\/samstarfssamningur-matis-og-als-i-svithjod\/\">neysluvatn<\/a> s\u00e9 heiln\u00e6mt.&nbsp; Yfirleitt er heildargerlafj\u00f6ldi k\u00f3l\u00edgerla og E.coli vi\u00f0 22\u00b0C rannsaka\u00f0ur.&nbsp; Einnig er m\u00f6guleiki a\u00f0 f\u00e1 e\u00f0lism\u00e6lingar \u00e1 vatninu eins og s\u00fdrustig og lei\u00f0ni.<\/p>\n\n\n\n<p><strong>Contact:<\/strong>&nbsp;<a href=\"https:\/\/matis.is\/en\/matis_staff\/hrolfur-sigurdsson\/\">Hr\u00f3lfur Sigur\u00f0sson<\/a><\/p>\n\n\n\n<h5 class=\"wp-block-heading\">How long does it take to have the health of drinking water tested?<\/h5>\n\n\n\n<p>It takes 3 days to study the health of drinking water.<\/p>\n\n\n\n<p><strong>Contact:<\/strong><a href=\"https:\/\/matis.is\/en\/matis_staff\/hrolfur-sigurdsson\/\">&nbsp;Hr\u00f3lfur Sigur\u00f0sson<\/a><\/p>\n\n\n\n<h5 class=\"wp-block-heading\">Do I need to take a sample of drinking water in a special sampling bottle?<\/h5>\n\n\n\n<p>Yes, it is necessary to take the sample in a sterile sampling tube. Such a bottle can be obtained from \u00d6rverudeild Mat\u00eds ohf or buy two sterile urine test bottles at the nearest pharmacy.<\/p>\n\n\n\n<p><strong>Contact:<\/strong>&nbsp;<a href=\"https:\/\/matis.is\/en\/matis_staff\/hrolfur-sigurdsson\/\">Hr\u00f3lfur Sigur\u00f0sson<\/a><\/p>\n\n\n\n<h5 class=\"wp-block-heading\">Do you perform autoclaves testing for beauty salons and dentists?<\/h5>\n\n\n\n<p>Yes, it is possible to order special bacterial spores that we send to customers. The customer puts these spores in his autoclave and then sends them back to us. We confirm whether their autoclave has managed to kill the spores in question.<\/p>\n\n\n\n<p><strong>Contact:<\/strong>&nbsp;<a href=\"https:\/\/matis.is\/en\/matis_staff\/pall-steinthorsson\/\">P\u00e1ll Stein\u00fe\u00f3rsson<\/a><\/p>\n\n\n\n<h5 class=\"wp-block-heading\">Does Mat\u00eds ohf sell prepared media in petri dishes for bacteria and mold?<\/h5>\n\n\n\n<p>Yes, we produce a variety of prepared media in petri dishes which can be ordered by our customers.<\/p>\n\n\n\n<p><strong>Contact:<\/strong><a href=\"https:\/\/matis.is\/en\/matis_staff\/pall-steinthorsson\/\">&nbsp;P\u00e1ll Stein\u00fe\u00f3rsson<\/a><\/p>","protected":false},"excerpt":{"rendered":"<p>Algengar spurningar Rannsakar Mat\u00eds heiln\u00e6mi neysluvatns? J\u00e1! \u00d6rverudeild Mat\u00eds ohf rannsakar hvort neysluvatn s\u00e9 heiln\u00e6mt.&nbsp; Yfirleitt er heildargerlafj\u00f6ldi k\u00f3l\u00edgerla og [&hellip;]<\/p>\n","protected":false},"author":1,"featured_media":0,"parent":61,"menu_order":5,"comment_status":"closed","ping_status":"closed","template":"plain-singular.php","meta":{"_acf_changed":false,"_uag_custom_page_level_css":"","site-sidebar-layout":"default","site-content-layout":"","ast-site-content-layout":"default","site-content-style":"default","site-sidebar-style":"default","ast-global-header-display":"","ast-banner-title-visibility":"","ast-main-header-display":"","ast-hfb-above-header-display":"","ast-hfb-below-header-display":"","ast-hfb-mobile-header-display":"","site-post-title":"","ast-breadcrumbs-content":"","ast-featured-img":"","footer-sml-layout":"","ast-disable-related-posts":"","theme-transparent-header-meta":"","adv-header-id-meta":"","stick-header-meta":"","header-above-stick-meta":"","header-main-stick-meta":"","header-below-stick-meta":"","astra-migrate-meta-layouts":"default","ast-page-background-enabled":"default","ast-page-background-meta":{"desktop":{"background-color":"var(--ast-global-color-5)","background-image":"","background-repeat":"repeat","background-position":"center center","background-size":"auto","background-attachment":"scroll","background-type":"","background-media":"","overlay-type":"","overlay-color":"","overlay-opacity":"","overlay-gradient":""},"tablet":{"background-color":"","background-image":"","background-repeat":"repeat","background-position":"center center","background-size":"auto","background-attachment":"scroll","background-type":"","background-media":"","overlay-type":"","overlay-color":"","overlay-opacity":"","overlay-gradient":""},"mobile":{"background-color":"","background-image":"","background-repeat":"repeat","background-position":"center center","background-size":"auto","background-attachment":"scroll","background-type":"","background-media":"","overlay-type":"","overlay-color":"","overlay-opacity":"","overlay-gradient":""}},"ast-content-background-meta":{"desktop":{"background-color":"var(--ast-global-color-4)","background-image":"","background-repeat":"repeat","background-position":"center center","background-size":"auto","background-attachment":"scroll","background-type":"","background-media":"","overlay-type":"","overlay-color":"","overlay-opacity":"","overlay-gradient":""},"tablet":{"background-color":"var(--ast-global-color-4)","background-image":"","background-repeat":"repeat","background-position":"center center","background-size":"auto","background-attachment":"scroll","background-type":"","background-media":"","overlay-type":"","overlay-color":"","overlay-opacity":"","overlay-gradient":""},"mobile":{"background-color":"var(--ast-global-color-4)","background-image":"","background-repeat":"repeat","background-position":"center center","background-size":"auto","background-attachment":"scroll","background-type":"","background-media":"","overlay-type":"","overlay-color":"","overlay-opacity":"","overlay-gradient":""}},"footnotes":""},"class_list":["post-48654","page","type-page","status-publish","hentry"],"acf":[],"yoast_head":"<!-- This site is optimized with the Yoast SEO plugin v27.4 - https:\/\/yoast.com\/product\/yoast-seo-wordpress\/ -->\n<title>Algengar spurningar - Mat\u00eds<\/title>\n<meta name=\"robots\" content=\"index, follow, max-snippet:-1, max-image-preview:large, max-video-preview:-1\" \/>\n<link rel=\"canonical\" href=\"https:\/\/matis.is\/en\/maelingar-og-thjonusta\/algengar-spurningar\/\" \/>\n<meta property=\"og:locale\" content=\"en_GB\" \/>\n<meta property=\"og:type\" content=\"article\" \/>\n<meta property=\"og:title\" content=\"Algengar spurningar - Mat\u00eds\" \/>\n<meta property=\"og:description\" content=\"Algengar spurningar Rannsakar Mat\u00eds heiln\u00e6mi neysluvatns? J\u00e1! \u00d6rverudeild Mat\u00eds ohf rannsakar hvort neysluvatn s\u00e9 heiln\u00e6mt.&nbsp; Yfirleitt er heildargerlafj\u00f6ldi k\u00f3l\u00edgerla og [&hellip;]\" \/>\n<meta property=\"og:url\" content=\"https:\/\/matis.is\/en\/maelingar-og-thjonusta\/algengar-spurningar\/\" \/>\n<meta property=\"og:site_name\" content=\"Mat\u00eds\" \/>\n<meta property=\"article:publisher\" content=\"https:\/\/www.facebook.com\/matisiceland\" \/>\n<meta property=\"article:modified_time\" content=\"2022-12-07T10:31:57+00:00\" \/>\n<meta name=\"twitter:card\" content=\"summary_large_image\" \/>\n<meta name=\"twitter:site\" content=\"@matisiceland\" \/>\n<meta name=\"twitter:label1\" content=\"Estimated reading time\" \/>\n\t<meta name=\"twitter:data1\" content=\"1 minute\" \/>\n<script type=\"application\/ld+json\" class=\"yoast-schema-graph\">{\"@context\":\"https:\\\/\\\/schema.org\",\"@graph\":[{\"@type\":\"WebPage\",\"@id\":\"https:\\\/\\\/matis.is\\\/maelingar-og-thjonusta\\\/algengar-spurningar\\\/\",\"url\":\"https:\\\/\\\/matis.is\\\/maelingar-og-thjonusta\\\/algengar-spurningar\\\/\",\"name\":\"Algengar spurningar - Mat\u00eds\",\"isPartOf\":{\"@id\":\"https:\\\/\\\/matis.is\\\/#website\"},\"datePublished\":\"2022-12-07T10:31:07+00:00\",\"dateModified\":\"2022-12-07T10:31:57+00:00\",\"breadcrumb\":{\"@id\":\"https:\\\/\\\/matis.is\\\/maelingar-og-thjonusta\\\/algengar-spurningar\\\/#breadcrumb\"},\"inLanguage\":\"en-GB\",\"potentialAction\":[{\"@type\":\"ReadAction\",\"target\":[\"https:\\\/\\\/matis.is\\\/maelingar-og-thjonusta\\\/algengar-spurningar\\\/\"]}]},{\"@type\":\"BreadcrumbList\",\"@id\":\"https:\\\/\\\/matis.is\\\/maelingar-og-thjonusta\\\/algengar-spurningar\\\/#breadcrumb\",\"itemListElement\":[{\"@type\":\"ListItem\",\"position\":1,\"name\":\"Home\",\"item\":\"https:\\\/\\\/matis.is\\\/\"},{\"@type\":\"ListItem\",\"position\":2,\"name\":\"M\u00e6lingar og \u00fej\u00f3nusta\",\"item\":\"https:\\\/\\\/matis.is\\\/maelingar-og-thjonusta\\\/\"},{\"@type\":\"ListItem\",\"position\":3,\"name\":\"Algengar spurningar\"}]},{\"@type\":\"WebSite\",\"@id\":\"https:\\\/\\\/matis.is\\\/#website\",\"url\":\"https:\\\/\\\/matis.is\\\/\",\"name\":\"Mat\u00eds\",\"description\":\"Ver\u00f0m\u00e6task\u00f6pun, matv\u00e6la\u00f6ryggi og l\u00fd\u00f0heilsa\",\"publisher\":{\"@id\":\"https:\\\/\\\/matis.is\\\/#organization\"},\"potentialAction\":[{\"@type\":\"SearchAction\",\"target\":{\"@type\":\"EntryPoint\",\"urlTemplate\":\"https:\\\/\\\/matis.is\\\/?s={search_term_string}\"},\"query-input\":{\"@type\":\"PropertyValueSpecification\",\"valueRequired\":true,\"valueName\":\"search_term_string\"}}],\"inLanguage\":\"en-GB\"},{\"@type\":\"Organization\",\"@id\":\"https:\\\/\\\/matis.is\\\/#organization\",\"name\":\"Mat\u00eds ohf.\",\"url\":\"https:\\\/\\\/matis.is\\\/\",\"logo\":{\"@type\":\"ImageObject\",\"inLanguage\":\"en-GB\",\"@id\":\"https:\\\/\\\/matis.is\\\/#\\\/schema\\\/logo\\\/image\\\/\",\"url\":\"https:\\\/\\\/matis.is\\\/wp-content\\\/uploads\\\/2021\\\/02\\\/matis_logo_blatthvitt.png\",\"contentUrl\":\"https:\\\/\\\/matis.is\\\/wp-content\\\/uploads\\\/2021\\\/02\\\/matis_logo_blatthvitt.png\",\"width\":1507,\"height\":1507,\"caption\":\"Mat\u00eds ohf.\"},\"image\":{\"@id\":\"https:\\\/\\\/matis.is\\\/#\\\/schema\\\/logo\\\/image\\\/\"},\"sameAs\":[\"https:\\\/\\\/www.facebook.com\\\/matisiceland\",\"https:\\\/\\\/x.com\\\/matisiceland\",\"https:\\\/\\\/www.instagram.com\\\/matisiceland\\\/\",\"https:\\\/\\\/www.linkedin.com\\\/matisiceland\\\/\",\"https:\\\/\\\/www.youtube.com\\\/channel\\\/UCY-frt3uTqgVZW-DLjoo5bA\"]}]}<\/script>\n<!-- \/ Yoast SEO plugin. -->","yoast_head_json":{"title":"Frequently asked questions - Mat\u00eds","robots":{"index":"index","follow":"follow","max-snippet":"max-snippet:-1","max-image-preview":"max-image-preview:large","max-video-preview":"max-video-preview:-1"},"canonical":"https:\/\/matis.is\/en\/maelingar-og-thjonusta\/algengar-spurningar\/","og_locale":"en_GB","og_type":"article","og_title":"Algengar spurningar - Mat\u00eds","og_description":"Algengar spurningar Rannsakar Mat\u00eds heiln\u00e6mi neysluvatns? J\u00e1! \u00d6rverudeild Mat\u00eds ohf rannsakar hvort neysluvatn s\u00e9 heiln\u00e6mt.&nbsp; Yfirleitt er heildargerlafj\u00f6ldi k\u00f3l\u00edgerla og [&hellip;]","og_url":"https:\/\/matis.is\/en\/maelingar-og-thjonusta\/algengar-spurningar\/","og_site_name":"Mat\u00eds","article_publisher":"https:\/\/www.facebook.com\/matisiceland","article_modified_time":"2022-12-07T10:31:57+00:00","twitter_card":"summary_large_image","twitter_site":"@matisiceland","twitter_misc":{"Estimated reading time":"1 minute"},"schema":{"@context":"https:\/\/schema.org","@graph":[{"@type":"WebPage","@id":"https:\/\/matis.is\/maelingar-og-thjonusta\/algengar-spurningar\/","url":"https:\/\/matis.is\/maelingar-og-thjonusta\/algengar-spurningar\/","name":"Frequently asked questions - Mat\u00eds","isPartOf":{"@id":"https:\/\/matis.is\/#website"},"datePublished":"2022-12-07T10:31:07+00:00","dateModified":"2022-12-07T10:31:57+00:00","breadcrumb":{"@id":"https:\/\/matis.is\/maelingar-og-thjonusta\/algengar-spurningar\/#breadcrumb"},"inLanguage":"en-GB","potentialAction":[{"@type":"ReadAction","target":["https:\/\/matis.is\/maelingar-og-thjonusta\/algengar-spurningar\/"]}]},{"@type":"BreadcrumbList","@id":"https:\/\/matis.is\/maelingar-og-thjonusta\/algengar-spurningar\/#breadcrumb","itemListElement":[{"@type":"ListItem","position":1,"name":"Home","item":"https:\/\/matis.is\/"},{"@type":"ListItem","position":2,"name":"M\u00e6lingar og \u00fej\u00f3nusta","item":"https:\/\/matis.is\/maelingar-og-thjonusta\/"},{"@type":"ListItem","position":3,"name":"Algengar spurningar"}]},{"@type":"WebSite","@id":"https:\/\/matis.is\/#website","url":"https:\/\/matis.is\/","name":"Mat\u00eds","description":"Value creation, food security and public health","publisher":{"@id":"https:\/\/matis.is\/#organization"},"potentialAction":[{"@type":"SearchAction","target":{"@type":"EntryPoint","urlTemplate":"https:\/\/matis.is\/?s={search_term_string}"},"query-input":{"@type":"PropertyValueSpecification","valueRequired":true,"valueName":"search_term_string"}}],"inLanguage":"en-GB"},{"@type":"Organization","@id":"https:\/\/matis.is\/#organization","name":"Mat\u00eds ohf.","url":"https:\/\/matis.is\/","logo":{"@type":"ImageObject","inLanguage":"en-GB","@id":"https:\/\/matis.is\/#\/schema\/logo\/image\/","url":"https:\/\/matis.is\/wp-content\/uploads\/2021\/02\/matis_logo_blatthvitt.png","contentUrl":"https:\/\/matis.is\/wp-content\/uploads\/2021\/02\/matis_logo_blatthvitt.png","width":1507,"height":1507,"caption":"Mat\u00eds ohf."},"image":{"@id":"https:\/\/matis.is\/#\/schema\/logo\/image\/"},"sameAs":["https:\/\/www.facebook.com\/matisiceland","https:\/\/x.com\/matisiceland","https:\/\/www.instagram.com\/matisiceland\/","https:\/\/www.linkedin.com\/matisiceland\/","https:\/\/www.youtube.com\/channel\/UCY-frt3uTqgVZW-DLjoo5bA"]}]}},"spectra_custom_meta":{"_edit_lock":["1670409118:1"],"_wp_page_template":["plain-singular.php"],"_edit_last":["1"],"_yoast_wpseo_content_score":["90"],"_yoast_wpseo_estimated-reading-time-minutes":["1"],"_yoast_wpseo_wordproof_timestamp":[""],"valmynd_a_undirsidu":["1"],"_valmynd_a_undirsidu":["field_5f9970348837c"],"undirvalmynd_a_parentsidu":["0"],"_undirvalmynd_a_parentsidu":["field_5f9addfe68a79"],"tengilidur":[""],"_tengilidur":["field_5ef905e0538b2"],"_uag_css_file_name":["uag-css-48654.css"],"_uag_page_assets":["a:9:{s:3:\"css\";s:263:\".uag-blocks-common-selector{z-index:var(--z-index-desktop) !important}@media (max-width: 976px){.uag-blocks-common-selector{z-index:var(--z-index-tablet) !important}}@media (max-width: 767px){.uag-blocks-common-selector{z-index:var(--z-index-mobile) !important}}\n\";s:2:\"js\";s:0:\"\";s:18:\"current_block_list\";a:6:{i:0;s:12:\"core\/heading\";i:1;s:14:\"core\/paragraph\";i:2;s:12:\"core\/buttons\";i:3;s:11:\"core\/button\";i:4;s:12:\"core\/columns\";i:5;s:11:\"core\/column\";}s:8:\"uag_flag\";b:0;s:11:\"uag_version\";s:10:\"1776774990\";s:6:\"gfonts\";a:0:{}s:10:\"gfonts_url\";s:0:\"\";s:12:\"gfonts_files\";a:0:{}s:14:\"uag_faq_layout\";b:0;}"]},"uagb_featured_image_src":{"full":false,"thumbnail":false,"medium":false,"medium_large":false,"large":false,"1536x1536":false,"2048x2048":false,"trp-custom-language-flag":false},"uagb_author_info":{"display_name":"admin","author_link":"https:\/\/matis.is\/en\/author\/thormodurmatis-is\/"},"uagb_comment_info":0,"uagb_excerpt":"Algengar spurningar Rannsakar Mat\u00eds heiln\u00e6mi neysluvatns? J\u00e1! \u00d6rverudeild Mat\u00eds ohf rannsakar hvort neysluvatn s\u00e9 heiln\u00e6mt.&nbsp; Yfirleitt er heildargerlafj\u00f6ldi k\u00f3l\u00edgerla og [&hellip;]","_links":{"self":[{"href":"https:\/\/matis.is\/en\/wp-json\/wp\/v2\/pages\/48654","targetHints":{"allow":["GET"]}}],"collection":[{"href":"https:\/\/matis.is\/en\/wp-json\/wp\/v2\/pages"}],"about":[{"href":"https:\/\/matis.is\/en\/wp-json\/wp\/v2\/types\/page"}],"author":[{"embeddable":true,"href":"https:\/\/matis.is\/en\/wp-json\/wp\/v2\/users\/1"}],"replies":[{"embeddable":true,"href":"https:\/\/matis.is\/en\/wp-json\/wp\/v2\/comments?post=48654"}],"version-history":[{"count":3,"href":"https:\/\/matis.is\/en\/wp-json\/wp\/v2\/pages\/48654\/revisions"}],"predecessor-version":[{"id":48657,"href":"https:\/\/matis.is\/en\/wp-json\/wp\/v2\/pages\/48654\/revisions\/48657"}],"up":[{"embeddable":true,"href":"https:\/\/matis.is\/en\/wp-json\/wp\/v2\/pages\/61"}],"wp:attachment":[{"href":"https:\/\/matis.is\/en\/wp-json\/wp\/v2\/media?parent=48654"}],"curies":[{"name":"wp","href":"https:\/\/api.w.org\/{rel}","templated":true}]}}