{"id":48699,"date":"2022-12-12T10:38:18","date_gmt":"2022-12-12T10:38:18","guid":{"rendered":"https:\/\/matis.is\/?page_id=48699"},"modified":"2022-12-12T10:42:07","modified_gmt":"2022-12-12T10:42:07","slug":"nordic-flatfish-presentations","status":"publish","type":"page","link":"https:\/\/matis.is\/en\/nordic-flatfish-presentations\/","title":{"rendered":"Nordic Flatfish \u2013 Presentations"},"content":{"rendered":"<h2 class=\"wp-block-heading\">The Nordic Flatfish Project \u2013 Presentations<\/h2>\n\n\n\n<div class=\"wp-block-file\"><a id=\"wp-block-file--media-f38d9108-fefa-4437-8b68-5e77330f9841\" href=\"https:\/\/matis.is\/wp-content\/uploads\/1.-The-Nordic-Flatfish_Agenda.pdf\" target=\"_blank\" rel=\"noreferrer noopener\">1. The Nordic Flatfish_Agenda<\/a><a href=\"https:\/\/matis.is\/wp-content\/uploads\/1.-The-Nordic-Flatfish_Agenda.pdf\" class=\"wp-block-file__button wp-element-button\" download aria-describedby=\"wp-block-file--media-f38d9108-fefa-4437-8b68-5e77330f9841\">Download<\/a><\/div>\n\n\n\n<div class=\"wp-block-file\"><a id=\"wp-block-file--media-f60c560a-1907-4f1f-8f77-e193daff2a73\" href=\"https:\/\/matis.is\/wp-content\/uploads\/2.-The-Nordic-Flatfish-project_Project-overview-and-aim-for-the-workshop.pdf\" target=\"_blank\" rel=\"noreferrer noopener\">2. The Nordic Flatfish project_Project overview and aim for the workshop<\/a><a href=\"https:\/\/matis.is\/wp-content\/uploads\/2.-The-Nordic-Flatfish-project_Project-overview-and-aim-for-the-workshop.pdf\" class=\"wp-block-file__button wp-element-button\" download aria-describedby=\"wp-block-file--media-f60c560a-1907-4f1f-8f77-e193daff2a73\">Download<\/a><\/div>\n\n\n\n<div class=\"wp-block-file\"><a id=\"wp-block-file--media-7044960a-2d0c-4073-8faf-3de7070e67f7\" href=\"https:\/\/matis.is\/wp-content\/uploads\/3.-The-Icelandic-Flatfish-sector.pdf\" target=\"_blank\" rel=\"noreferrer noopener\">3. The Icelandic Flatfish sector<\/a><a href=\"https:\/\/matis.is\/wp-content\/uploads\/3.-The-Icelandic-Flatfish-sector.pdf\" class=\"wp-block-file__button wp-element-button\" download aria-describedby=\"wp-block-file--media-7044960a-2d0c-4073-8faf-3de7070e67f7\">Download<\/a><\/div>\n\n\n\n<div class=\"wp-block-file\"><a id=\"wp-block-file--media-156d4671-fa15-42d1-86cb-23a7eff34f15\" href=\"https:\/\/matis.is\/wp-content\/uploads\/4.-The-Greenlandic-Flatfish-sector.pdf\" target=\"_blank\" rel=\"noreferrer noopener\">4. The Greenlandic Flatfish sector<\/a><a href=\"https:\/\/matis.is\/wp-content\/uploads\/4.-The-Greenlandic-Flatfish-sector.pdf\" class=\"wp-block-file__button wp-element-button\" download aria-describedby=\"wp-block-file--media-156d4671-fa15-42d1-86cb-23a7eff34f15\">Download<\/a><\/div>\n\n\n\n<div class=\"wp-block-file\"><a id=\"wp-block-file--media-2c2a2bf6-fef5-413c-8ee4-2f6557cd0bd9\" href=\"https:\/\/matis.is\/wp-content\/uploads\/5.-The-Danish-flaftfish-sector.pdf\" target=\"_blank\" rel=\"noreferrer noopener\">5. The Danish flatfish sector<\/a><a href=\"https:\/\/matis.is\/wp-content\/uploads\/5.-The-Danish-flaftfish-sector.pdf\" class=\"wp-block-file__button wp-element-button\" download aria-describedby=\"wp-block-file--media-2c2a2bf6-fef5-413c-8ee4-2f6557cd0bd9\">Download<\/a><\/div>\n\n\n\n<div class=\"wp-block-file\"><a id=\"wp-block-file--media-11ef6d15-88cb-41c8-a2ec-244a1115f538\" href=\"https:\/\/matis.is\/wp-content\/uploads\/6.-The-Faroese-flatfish-sector.pdf\" target=\"_blank\" rel=\"noreferrer noopener\">6. The Faroese flatfish sector<\/a><a href=\"https:\/\/matis.is\/wp-content\/uploads\/6.-The-Faroese-flatfish-sector.pdf\" class=\"wp-block-file__button wp-element-button\" download aria-describedby=\"wp-block-file--media-11ef6d15-88cb-41c8-a2ec-244a1115f538\">Download<\/a><\/div>\n\n\n\n<div class=\"wp-block-file\"><a id=\"wp-block-file--media-7482c50f-b65d-4f13-b2dc-1a3fcccb53fd\" href=\"https:\/\/matis.is\/wp-content\/uploads\/7.-The-Norwegian-flatfish-sector.pdf\" target=\"_blank\" rel=\"noreferrer noopener\">7. The Norwegian flatfish sector<\/a><a href=\"https:\/\/matis.is\/wp-content\/uploads\/7.-The-Norwegian-flatfish-sector.pdf\" class=\"wp-block-file__button wp-element-button\" download aria-describedby=\"wp-block-file--media-7482c50f-b65d-4f13-b2dc-1a3fcccb53fd\">Download<\/a><\/div>\n\n\n\n<div class=\"wp-block-file\"><a id=\"wp-block-file--media-e391709a-ae2d-4d88-bc7c-2f8f481a5674\" href=\"https:\/\/matis.is\/wp-content\/uploads\/8.-The-Dutch-flatfish-sector.pdf\" target=\"_blank\" rel=\"noreferrer noopener\">8. The Dutch flatfish sector<\/a><a href=\"https:\/\/matis.is\/wp-content\/uploads\/8.-The-Dutch-flatfish-sector.pdf\" class=\"wp-block-file__button wp-element-button\" download aria-describedby=\"wp-block-file--media-e391709a-ae2d-4d88-bc7c-2f8f481a5674\">Download<\/a><\/div>\n\n\n\n<div class=\"wp-block-file\"><a id=\"wp-block-file--media-f20c131c-bb2c-4f5d-9ac4-70379ffb2e3e\" href=\"https:\/\/matis.is\/wp-content\/uploads\/9.-The-UK-flatfish-sector.pdf\" target=\"_blank\" rel=\"noreferrer noopener\">9. The UK flatfish sector<\/a><a href=\"https:\/\/matis.is\/wp-content\/uploads\/9.-The-UK-flatfish-sector.pdf\" class=\"wp-block-file__button wp-element-button\" download aria-describedby=\"wp-block-file--media-f20c131c-bb2c-4f5d-9ac4-70379ffb2e3e\">Download<\/a><\/div>","protected":false},"excerpt":{"rendered":"<p>The Nordic Flatfish Project \u2013 Presentations<\/p>","protected":false},"author":1,"featured_media":0,"parent":0,"menu_order":0,"comment_status":"closed","ping_status":"closed","template":"plain-singular.php","meta":{"_acf_changed":false,"_uag_custom_page_level_css":"","site-sidebar-layout":"default","site-content-layout":"","ast-site-content-layout":"default","site-content-style":"default","site-sidebar-style":"default","ast-global-header-display":"","ast-banner-title-visibility":"","ast-main-header-display":"","ast-hfb-above-header-display":"","ast-hfb-below-header-display":"","ast-hfb-mobile-header-display":"","site-post-title":"","ast-breadcrumbs-content":"","ast-featured-img":"","footer-sml-layout":"","ast-disable-related-posts":"","theme-transparent-header-meta":"","adv-header-id-meta":"","stick-header-meta":"","header-above-stick-meta":"","header-main-stick-meta":"","header-below-stick-meta":"","astra-migrate-meta-layouts":"default","ast-page-background-enabled":"default","ast-page-background-meta":{"desktop":{"background-color":"var(--ast-global-color-5)","background-image":"","background-repeat":"repeat","background-position":"center center","background-size":"auto","background-attachment":"scroll","background-type":"","background-media":"","overlay-type":"","overlay-color":"","overlay-opacity":"","overlay-gradient":""},"tablet":{"background-color":"","background-image":"","background-repeat":"repeat","background-position":"center center","background-size":"auto","background-attachment":"scroll","background-type":"","background-media":"","overlay-type":"","overlay-color":"","overlay-opacity":"","overlay-gradient":""},"mobile":{"background-color":"","background-image":"","background-repeat":"repeat","background-position":"center center","background-size":"auto","background-attachment":"scroll","background-type":"","background-media":"","overlay-type":"","overlay-color":"","overlay-opacity":"","overlay-gradient":""}},"ast-content-background-meta":{"desktop":{"background-color":"var(--ast-global-color-4)","background-image":"","background-repeat":"repeat","background-position":"center center","background-size":"auto","background-attachment":"scroll","background-type":"","background-media":"","overlay-type":"","overlay-color":"","overlay-opacity":"","overlay-gradient":""},"tablet":{"background-color":"var(--ast-global-color-4)","background-image":"","background-repeat":"repeat","background-position":"center center","background-size":"auto","background-attachment":"scroll","background-type":"","background-media":"","overlay-type":"","overlay-color":"","overlay-opacity":"","overlay-gradient":""},"mobile":{"background-color":"var(--ast-global-color-4)","background-image":"","background-repeat":"repeat","background-position":"center center","background-size":"auto","background-attachment":"scroll","background-type":"","background-media":"","overlay-type":"","overlay-color":"","overlay-opacity":"","overlay-gradient":""}},"footnotes":""},"class_list":["post-48699","page","type-page","status-publish","hentry"],"acf":[],"yoast_head":"<!-- This site is optimized with the Yoast SEO plugin v27.4 - https:\/\/yoast.com\/product\/yoast-seo-wordpress\/ -->\n<title>Nordic Flatfish - Presentations - Mat\u00eds<\/title>\n<meta name=\"robots\" content=\"index, follow, max-snippet:-1, max-image-preview:large, max-video-preview:-1\" \/>\n<link rel=\"canonical\" href=\"https:\/\/matis.is\/en\/nordic-flatfish-presentations\/\" \/>\n<meta property=\"og:locale\" content=\"en_GB\" \/>\n<meta property=\"og:type\" content=\"article\" \/>\n<meta property=\"og:title\" content=\"Nordic Flatfish - Presentations - Mat\u00eds\" \/>\n<meta property=\"og:description\" content=\"The Nordic Flatfish Project &#8211; Presentations\" \/>\n<meta property=\"og:url\" content=\"https:\/\/matis.is\/en\/nordic-flatfish-presentations\/\" \/>\n<meta property=\"og:site_name\" content=\"Mat\u00eds\" \/>\n<meta property=\"article:publisher\" content=\"https:\/\/www.facebook.com\/matisiceland\" \/>\n<meta property=\"article:modified_time\" content=\"2022-12-12T10:42:07+00:00\" \/>\n<meta name=\"twitter:card\" content=\"summary_large_image\" \/>\n<meta name=\"twitter:site\" content=\"@matisiceland\" \/>\n<meta name=\"twitter:label1\" content=\"Estimated reading time\" \/>\n\t<meta name=\"twitter:data1\" content=\"1 minute\" \/>\n<script type=\"application\/ld+json\" class=\"yoast-schema-graph\">{\"@context\":\"https:\\\/\\\/schema.org\",\"@graph\":[{\"@type\":\"WebPage\",\"@id\":\"https:\\\/\\\/matis.is\\\/nordic-flatfish-presentations\\\/\",\"url\":\"https:\\\/\\\/matis.is\\\/nordic-flatfish-presentations\\\/\",\"name\":\"Nordic Flatfish - Presentations - Mat\u00eds\",\"isPartOf\":{\"@id\":\"https:\\\/\\\/matis.is\\\/#website\"},\"datePublished\":\"2022-12-12T10:38:18+00:00\",\"dateModified\":\"2022-12-12T10:42:07+00:00\",\"breadcrumb\":{\"@id\":\"https:\\\/\\\/matis.is\\\/nordic-flatfish-presentations\\\/#breadcrumb\"},\"inLanguage\":\"en-GB\",\"potentialAction\":[{\"@type\":\"ReadAction\",\"target\":[\"https:\\\/\\\/matis.is\\\/nordic-flatfish-presentations\\\/\"]}]},{\"@type\":\"BreadcrumbList\",\"@id\":\"https:\\\/\\\/matis.is\\\/nordic-flatfish-presentations\\\/#breadcrumb\",\"itemListElement\":[{\"@type\":\"ListItem\",\"position\":1,\"name\":\"Home\",\"item\":\"https:\\\/\\\/matis.is\\\/\"},{\"@type\":\"ListItem\",\"position\":2,\"name\":\"Nordic Flatfish &#8211; Presentations\"}]},{\"@type\":\"WebSite\",\"@id\":\"https:\\\/\\\/matis.is\\\/#website\",\"url\":\"https:\\\/\\\/matis.is\\\/\",\"name\":\"Mat\u00eds\",\"description\":\"Ver\u00f0m\u00e6task\u00f6pun, matv\u00e6la\u00f6ryggi og l\u00fd\u00f0heilsa\",\"publisher\":{\"@id\":\"https:\\\/\\\/matis.is\\\/#organization\"},\"potentialAction\":[{\"@type\":\"SearchAction\",\"target\":{\"@type\":\"EntryPoint\",\"urlTemplate\":\"https:\\\/\\\/matis.is\\\/?s={search_term_string}\"},\"query-input\":{\"@type\":\"PropertyValueSpecification\",\"valueRequired\":true,\"valueName\":\"search_term_string\"}}],\"inLanguage\":\"en-GB\"},{\"@type\":\"Organization\",\"@id\":\"https:\\\/\\\/matis.is\\\/#organization\",\"name\":\"Mat\u00eds ohf.\",\"url\":\"https:\\\/\\\/matis.is\\\/\",\"logo\":{\"@type\":\"ImageObject\",\"inLanguage\":\"en-GB\",\"@id\":\"https:\\\/\\\/matis.is\\\/#\\\/schema\\\/logo\\\/image\\\/\",\"url\":\"https:\\\/\\\/matis.is\\\/wp-content\\\/uploads\\\/2021\\\/02\\\/matis_logo_blatthvitt.png\",\"contentUrl\":\"https:\\\/\\\/matis.is\\\/wp-content\\\/uploads\\\/2021\\\/02\\\/matis_logo_blatthvitt.png\",\"width\":1507,\"height\":1507,\"caption\":\"Mat\u00eds ohf.\"},\"image\":{\"@id\":\"https:\\\/\\\/matis.is\\\/#\\\/schema\\\/logo\\\/image\\\/\"},\"sameAs\":[\"https:\\\/\\\/www.facebook.com\\\/matisiceland\",\"https:\\\/\\\/x.com\\\/matisiceland\",\"https:\\\/\\\/www.instagram.com\\\/matisiceland\\\/\",\"https:\\\/\\\/www.linkedin.com\\\/matisiceland\\\/\",\"https:\\\/\\\/www.youtube.com\\\/channel\\\/UCY-frt3uTqgVZW-DLjoo5bA\"]}]}<\/script>\n<!-- \/ Yoast SEO plugin. -->","yoast_head_json":{"title":"Nordic Flatfish - Presentations - Mat\u00eds","robots":{"index":"index","follow":"follow","max-snippet":"max-snippet:-1","max-image-preview":"max-image-preview:large","max-video-preview":"max-video-preview:-1"},"canonical":"https:\/\/matis.is\/en\/nordic-flatfish-presentations\/","og_locale":"en_GB","og_type":"article","og_title":"Nordic Flatfish - Presentations - Mat\u00eds","og_description":"The Nordic Flatfish Project &#8211; Presentations","og_url":"https:\/\/matis.is\/en\/nordic-flatfish-presentations\/","og_site_name":"Mat\u00eds","article_publisher":"https:\/\/www.facebook.com\/matisiceland","article_modified_time":"2022-12-12T10:42:07+00:00","twitter_card":"summary_large_image","twitter_site":"@matisiceland","twitter_misc":{"Estimated reading time":"1 minute"},"schema":{"@context":"https:\/\/schema.org","@graph":[{"@type":"WebPage","@id":"https:\/\/matis.is\/nordic-flatfish-presentations\/","url":"https:\/\/matis.is\/nordic-flatfish-presentations\/","name":"Nordic Flatfish - Presentations - Mat\u00eds","isPartOf":{"@id":"https:\/\/matis.is\/#website"},"datePublished":"2022-12-12T10:38:18+00:00","dateModified":"2022-12-12T10:42:07+00:00","breadcrumb":{"@id":"https:\/\/matis.is\/nordic-flatfish-presentations\/#breadcrumb"},"inLanguage":"en-GB","potentialAction":[{"@type":"ReadAction","target":["https:\/\/matis.is\/nordic-flatfish-presentations\/"]}]},{"@type":"BreadcrumbList","@id":"https:\/\/matis.is\/nordic-flatfish-presentations\/#breadcrumb","itemListElement":[{"@type":"ListItem","position":1,"name":"Home","item":"https:\/\/matis.is\/"},{"@type":"ListItem","position":2,"name":"Nordic Flatfish &#8211; Presentations"}]},{"@type":"WebSite","@id":"https:\/\/matis.is\/#website","url":"https:\/\/matis.is\/","name":"Mat\u00eds","description":"Value creation, food security and public health","publisher":{"@id":"https:\/\/matis.is\/#organization"},"potentialAction":[{"@type":"SearchAction","target":{"@type":"EntryPoint","urlTemplate":"https:\/\/matis.is\/?s={search_term_string}"},"query-input":{"@type":"PropertyValueSpecification","valueRequired":true,"valueName":"search_term_string"}}],"inLanguage":"en-GB"},{"@type":"Organization","@id":"https:\/\/matis.is\/#organization","name":"Mat\u00eds ohf.","url":"https:\/\/matis.is\/","logo":{"@type":"ImageObject","inLanguage":"en-GB","@id":"https:\/\/matis.is\/#\/schema\/logo\/image\/","url":"https:\/\/matis.is\/wp-content\/uploads\/2021\/02\/matis_logo_blatthvitt.png","contentUrl":"https:\/\/matis.is\/wp-content\/uploads\/2021\/02\/matis_logo_blatthvitt.png","width":1507,"height":1507,"caption":"Mat\u00eds ohf."},"image":{"@id":"https:\/\/matis.is\/#\/schema\/logo\/image\/"},"sameAs":["https:\/\/www.facebook.com\/matisiceland","https:\/\/x.com\/matisiceland","https:\/\/www.instagram.com\/matisiceland\/","https:\/\/www.linkedin.com\/matisiceland\/","https:\/\/www.youtube.com\/channel\/UCY-frt3uTqgVZW-DLjoo5bA"]}]}},"spectra_custom_meta":{"_edit_lock":["1670841729:1"],"_edit_last":["1"],"valmynd_a_undirsidu":["0"],"_valmynd_a_undirsidu":["field_5f9970348837c"],"undirvalmynd_a_parentsidu":["0"],"_undirvalmynd_a_parentsidu":["field_5f9addfe68a79"],"tengilidur":[""],"_tengilidur":["field_5ef905e0538b2"],"_yoast_wpseo_content_score":["90"],"_yoast_wpseo_estimated-reading-time-minutes":["1"],"_yoast_wpseo_wordproof_timestamp":[""],"_wp_page_template":["plain-singular.php"],"_uag_css_file_name":["uag-css-48699.css"],"_uag_page_assets":["a:9:{s:3:\"css\";s:263:\".uag-blocks-common-selector{z-index:var(--z-index-desktop) !important}@media (max-width: 976px){.uag-blocks-common-selector{z-index:var(--z-index-tablet) !important}}@media (max-width: 767px){.uag-blocks-common-selector{z-index:var(--z-index-mobile) !important}}\n\";s:2:\"js\";s:0:\"\";s:18:\"current_block_list\";a:7:{i:0;s:12:\"core\/heading\";i:1;s:9:\"core\/file\";i:2;s:12:\"core\/buttons\";i:3;s:11:\"core\/button\";i:4;s:12:\"core\/columns\";i:5;s:11:\"core\/column\";i:6;s:14:\"core\/paragraph\";}s:8:\"uag_flag\";b:0;s:11:\"uag_version\";s:10:\"1777477098\";s:6:\"gfonts\";a:0:{}s:10:\"gfonts_url\";s:0:\"\";s:12:\"gfonts_files\";a:0:{}s:14:\"uag_faq_layout\";b:0;}"]},"uagb_featured_image_src":{"full":false,"thumbnail":false,"medium":false,"medium_large":false,"large":false,"1536x1536":false,"2048x2048":false,"trp-custom-language-flag":false},"uagb_author_info":{"display_name":"admin","author_link":"https:\/\/matis.is\/en\/author\/thormodurmatis-is\/"},"uagb_comment_info":0,"uagb_excerpt":"The Nordic Flatfish Project &#8211; Presentations","_links":{"self":[{"href":"https:\/\/matis.is\/en\/wp-json\/wp\/v2\/pages\/48699","targetHints":{"allow":["GET"]}}],"collection":[{"href":"https:\/\/matis.is\/en\/wp-json\/wp\/v2\/pages"}],"about":[{"href":"https:\/\/matis.is\/en\/wp-json\/wp\/v2\/types\/page"}],"author":[{"embeddable":true,"href":"https:\/\/matis.is\/en\/wp-json\/wp\/v2\/users\/1"}],"replies":[{"embeddable":true,"href":"https:\/\/matis.is\/en\/wp-json\/wp\/v2\/comments?post=48699"}],"version-history":[{"count":4,"href":"https:\/\/matis.is\/en\/wp-json\/wp\/v2\/pages\/48699\/revisions"}],"predecessor-version":[{"id":48703,"href":"https:\/\/matis.is\/en\/wp-json\/wp\/v2\/pages\/48699\/revisions\/48703"}],"wp:attachment":[{"href":"https:\/\/matis.is\/en\/wp-json\/wp\/v2\/media?parent=48699"}],"curies":[{"name":"wp","href":"https:\/\/api.w.org\/{rel}","templated":true}]}}