{"id":49414,"date":"2023-02-17T09:37:11","date_gmt":"2023-02-17T09:37:11","guid":{"rendered":"https:\/\/matis.is\/?page_id=49414"},"modified":"2023-02-17T09:38:12","modified_gmt":"2023-02-17T09:38:12","slug":"basic-principles-of-matrix-assisted-laser-desorption-ionization-time-of-flight-mass-spectrometry","status":"publish","type":"page","link":"https:\/\/matis.is\/en\/basic-principles-of-matrix-assisted-laser-desorption-ionization-time-of-flight-mass-spectrometry\/","title":{"rendered":"<strong>Basic Principles of Matrix-assisted laser desorption-ionization time-of-flight mass spectrometry<\/strong>"},"content":{"rendered":"<h2 class=\"wp-block-heading\">Basic Principles of Matrix-assisted laser desorption-ionization time-of-flight mass spectrometry<\/h2>\n\n\n\n<h4 class=\"wp-block-heading\">In recent years matrix assisted laser desorption ionization-time of flight mass spectrometry (MALDI-TOF MS) has emerged as a tool for microbial identification and diagnosis. During the MALDI-TOF MS process, microbes are identified using either intact cells or cell extracts.<\/h4>\n\n\n\n<p>The identification of microorganisms using MALDI-TOF is a fast and efficient method that has proven its importance in clinical microbiology. Therefore, most of the entries of the already existing databases are human pathogens. To create the database, the MALDI Biotyper \u00ae (Bruker Daltonics, Billerica, MA) is used to measure the highly abundant ribosomal proteins and form the molecular fingerprint of the bacteria. The protein extract is deposited on a steel target and covered with a matrix solution HCCAportioned (\u03b1-cyano-4-hydroxycinnamic acid, Bruker Daltonik GmbH). The matrix is necessary for the &quot;soft ionization&quot;; it absorbs the ultraviolet light and converts it to heat energy. Each sample is irradiated by 240 brief pulses from an ultraviolet nitrogen laser (337 nm), desorbed from the plate into the gas phase and ionized. The cloud of ionized proteins is then funneled through a positively charged, electrostatic field which accelerates the molecules into the Time Of Flight (TOF) mass analyzer. The velocity at which individual ion flies through the TOF chamber is dependent on their mass-to-charge and time-to-impact of each ion and those properties are used to convert the time-to-impact into a mass-to-charge ratio and then into a mass spectrum. Once a database is ready, a strain of bacteria isolated from a sample can be quickly and efficiently analyzed in the same way, and compared to the database. The MALDI-TOF will give the sample a score, indicating how likely it is that the strain being analyzed is a match for the strain in the MALDI-TOF database.<\/p>","protected":false},"excerpt":{"rendered":"<p>Basic Principles of Matrix-assisted laser desorption-ionization time-of-flight mass spectrometry In recent years matrix assisted laser desorption ionization-time of flight mass [&hellip;]<\/p>\n","protected":false},"author":1,"featured_media":0,"parent":0,"menu_order":0,"comment_status":"closed","ping_status":"closed","template":"plain-singular.php","meta":{"_acf_changed":false,"_uag_custom_page_level_css":"","site-sidebar-layout":"default","site-content-layout":"","ast-site-content-layout":"default","site-content-style":"default","site-sidebar-style":"default","ast-global-header-display":"","ast-banner-title-visibility":"","ast-main-header-display":"","ast-hfb-above-header-display":"","ast-hfb-below-header-display":"","ast-hfb-mobile-header-display":"","site-post-title":"","ast-breadcrumbs-content":"","ast-featured-img":"","footer-sml-layout":"","ast-disable-related-posts":"","theme-transparent-header-meta":"","adv-header-id-meta":"","stick-header-meta":"","header-above-stick-meta":"","header-main-stick-meta":"","header-below-stick-meta":"","astra-migrate-meta-layouts":"default","ast-page-background-enabled":"default","ast-page-background-meta":{"desktop":{"background-color":"var(--ast-global-color-5)","background-image":"","background-repeat":"repeat","background-position":"center center","background-size":"auto","background-attachment":"scroll","background-type":"","background-media":"","overlay-type":"","overlay-color":"","overlay-opacity":"","overlay-gradient":""},"tablet":{"background-color":"","background-image":"","background-repeat":"repeat","background-position":"center center","background-size":"auto","background-attachment":"scroll","background-type":"","background-media":"","overlay-type":"","overlay-color":"","overlay-opacity":"","overlay-gradient":""},"mobile":{"background-color":"","background-image":"","background-repeat":"repeat","background-position":"center center","background-size":"auto","background-attachment":"scroll","background-type":"","background-media":"","overlay-type":"","overlay-color":"","overlay-opacity":"","overlay-gradient":""}},"ast-content-background-meta":{"desktop":{"background-color":"var(--ast-global-color-4)","background-image":"","background-repeat":"repeat","background-position":"center center","background-size":"auto","background-attachment":"scroll","background-type":"","background-media":"","overlay-type":"","overlay-color":"","overlay-opacity":"","overlay-gradient":""},"tablet":{"background-color":"var(--ast-global-color-4)","background-image":"","background-repeat":"repeat","background-position":"center center","background-size":"auto","background-attachment":"scroll","background-type":"","background-media":"","overlay-type":"","overlay-color":"","overlay-opacity":"","overlay-gradient":""},"mobile":{"background-color":"var(--ast-global-color-4)","background-image":"","background-repeat":"repeat","background-position":"center center","background-size":"auto","background-attachment":"scroll","background-type":"","background-media":"","overlay-type":"","overlay-color":"","overlay-opacity":"","overlay-gradient":""}},"footnotes":""},"class_list":["post-49414","page","type-page","status-publish","hentry"],"acf":[],"yoast_head":"<!-- This site is optimized with the Yoast SEO plugin v27.2 - https:\/\/yoast.com\/product\/yoast-seo-wordpress\/ -->\n<title>Basic Principles of Matrix-assisted laser desorption-ionization time-of-flight mass spectrometry - Mat\u00eds<\/title>\n<meta name=\"robots\" content=\"index, follow, max-snippet:-1, max-image-preview:large, max-video-preview:-1\" \/>\n<link rel=\"canonical\" href=\"https:\/\/matis.is\/en\/basic-principles-of-matrix-assisted-laser-desorption-ionization-time-of-flight-mass-spectrometry\/\" \/>\n<meta property=\"og:locale\" content=\"en_GB\" \/>\n<meta property=\"og:type\" content=\"article\" \/>\n<meta property=\"og:title\" content=\"Basic Principles of Matrix-assisted laser desorption-ionization time-of-flight mass spectrometry - Mat\u00eds\" \/>\n<meta property=\"og:description\" content=\"Basic Principles of Matrix-assisted laser desorption-ionization time-of-flight mass spectrometry In recent years matrix assisted laser desorption ionization-time of flight mass [&hellip;]\" \/>\n<meta property=\"og:url\" content=\"https:\/\/matis.is\/en\/basic-principles-of-matrix-assisted-laser-desorption-ionization-time-of-flight-mass-spectrometry\/\" \/>\n<meta property=\"og:site_name\" content=\"Mat\u00eds\" \/>\n<meta property=\"article:publisher\" content=\"https:\/\/www.facebook.com\/matisiceland\" \/>\n<meta property=\"article:modified_time\" content=\"2023-02-17T09:38:12+00:00\" \/>\n<meta name=\"twitter:card\" content=\"summary_large_image\" \/>\n<meta name=\"twitter:site\" content=\"@matisiceland\" \/>\n<meta name=\"twitter:label1\" content=\"Estimated reading time\" \/>\n\t<meta name=\"twitter:data1\" content=\"2 minutes\" \/>\n<script type=\"application\/ld+json\" class=\"yoast-schema-graph\">{\"@context\":\"https:\/\/schema.org\",\"@graph\":[{\"@type\":\"WebPage\",\"@id\":\"https:\/\/matis.is\/basic-principles-of-matrix-assisted-laser-desorption-ionization-time-of-flight-mass-spectrometry\/\",\"url\":\"https:\/\/matis.is\/basic-principles-of-matrix-assisted-laser-desorption-ionization-time-of-flight-mass-spectrometry\/\",\"name\":\"Basic Principles of Matrix-assisted laser desorption-ionization time-of-flight mass spectrometry - Mat\u00eds\",\"isPartOf\":{\"@id\":\"https:\/\/matis.is\/#website\"},\"datePublished\":\"2023-02-17T09:37:11+00:00\",\"dateModified\":\"2023-02-17T09:38:12+00:00\",\"breadcrumb\":{\"@id\":\"https:\/\/matis.is\/basic-principles-of-matrix-assisted-laser-desorption-ionization-time-of-flight-mass-spectrometry\/#breadcrumb\"},\"inLanguage\":\"en-GB\",\"potentialAction\":[{\"@type\":\"ReadAction\",\"target\":[\"https:\/\/matis.is\/basic-principles-of-matrix-assisted-laser-desorption-ionization-time-of-flight-mass-spectrometry\/\"]}]},{\"@type\":\"BreadcrumbList\",\"@id\":\"https:\/\/matis.is\/basic-principles-of-matrix-assisted-laser-desorption-ionization-time-of-flight-mass-spectrometry\/#breadcrumb\",\"itemListElement\":[{\"@type\":\"ListItem\",\"position\":1,\"name\":\"Home\",\"item\":\"https:\/\/matis.is\/\"},{\"@type\":\"ListItem\",\"position\":2,\"name\":\"Basic Principles of Matrix-assisted laser desorption-ionization time-of-flight mass spectrometry\"}]},{\"@type\":\"WebSite\",\"@id\":\"https:\/\/matis.is\/#website\",\"url\":\"https:\/\/matis.is\/\",\"name\":\"Mat\u00eds\",\"description\":\"Ver\u00f0m\u00e6task\u00f6pun, matv\u00e6la\u00f6ryggi og l\u00fd\u00f0heilsa\",\"publisher\":{\"@id\":\"https:\/\/matis.is\/#organization\"},\"potentialAction\":[{\"@type\":\"SearchAction\",\"target\":{\"@type\":\"EntryPoint\",\"urlTemplate\":\"https:\/\/matis.is\/?s={search_term_string}\"},\"query-input\":{\"@type\":\"PropertyValueSpecification\",\"valueRequired\":true,\"valueName\":\"search_term_string\"}}],\"inLanguage\":\"en-GB\"},{\"@type\":\"Organization\",\"@id\":\"https:\/\/matis.is\/#organization\",\"name\":\"Mat\u00eds ohf.\",\"url\":\"https:\/\/matis.is\/\",\"logo\":{\"@type\":\"ImageObject\",\"inLanguage\":\"en-GB\",\"@id\":\"https:\/\/matis.is\/#\/schema\/logo\/image\/\",\"url\":\"https:\/\/matis.is\/wp-content\/uploads\/2021\/02\/matis_logo_blatthvitt.png\",\"contentUrl\":\"https:\/\/matis.is\/wp-content\/uploads\/2021\/02\/matis_logo_blatthvitt.png\",\"width\":1507,\"height\":1507,\"caption\":\"Mat\u00eds ohf.\"},\"image\":{\"@id\":\"https:\/\/matis.is\/#\/schema\/logo\/image\/\"},\"sameAs\":[\"https:\/\/www.facebook.com\/matisiceland\",\"https:\/\/x.com\/matisiceland\",\"https:\/\/www.instagram.com\/matisiceland\/\",\"https:\/\/www.linkedin.com\/matisiceland\/\",\"https:\/\/www.youtube.com\/channel\/UCY-frt3uTqgVZW-DLjoo5bA\"]}]}<\/script>\n<!-- \/ Yoast SEO plugin. -->","yoast_head_json":{"title":"Basic Principles of Matrix-assisted laser desorption-ionization time-of-flight mass spectrometry - Mat\u00eds","robots":{"index":"index","follow":"follow","max-snippet":"max-snippet:-1","max-image-preview":"max-image-preview:large","max-video-preview":"max-video-preview:-1"},"canonical":"https:\/\/matis.is\/en\/basic-principles-of-matrix-assisted-laser-desorption-ionization-time-of-flight-mass-spectrometry\/","og_locale":"en_GB","og_type":"article","og_title":"Basic Principles of Matrix-assisted laser desorption-ionization time-of-flight mass spectrometry - Mat\u00eds","og_description":"Basic Principles of Matrix-assisted laser desorption-ionization time-of-flight mass spectrometry In recent years matrix assisted laser desorption ionization-time of flight mass [&hellip;]","og_url":"https:\/\/matis.is\/en\/basic-principles-of-matrix-assisted-laser-desorption-ionization-time-of-flight-mass-spectrometry\/","og_site_name":"Mat\u00eds","article_publisher":"https:\/\/www.facebook.com\/matisiceland","article_modified_time":"2023-02-17T09:38:12+00:00","twitter_card":"summary_large_image","twitter_site":"@matisiceland","twitter_misc":{"Estimated reading time":"2 minutes"},"schema":{"@context":"https:\/\/schema.org","@graph":[{"@type":"WebPage","@id":"https:\/\/matis.is\/basic-principles-of-matrix-assisted-laser-desorption-ionization-time-of-flight-mass-spectrometry\/","url":"https:\/\/matis.is\/basic-principles-of-matrix-assisted-laser-desorption-ionization-time-of-flight-mass-spectrometry\/","name":"Basic Principles of Matrix-assisted laser desorption-ionization time-of-flight mass spectrometry - Mat\u00eds","isPartOf":{"@id":"https:\/\/matis.is\/#website"},"datePublished":"2023-02-17T09:37:11+00:00","dateModified":"2023-02-17T09:38:12+00:00","breadcrumb":{"@id":"https:\/\/matis.is\/basic-principles-of-matrix-assisted-laser-desorption-ionization-time-of-flight-mass-spectrometry\/#breadcrumb"},"inLanguage":"en-GB","potentialAction":[{"@type":"ReadAction","target":["https:\/\/matis.is\/basic-principles-of-matrix-assisted-laser-desorption-ionization-time-of-flight-mass-spectrometry\/"]}]},{"@type":"BreadcrumbList","@id":"https:\/\/matis.is\/basic-principles-of-matrix-assisted-laser-desorption-ionization-time-of-flight-mass-spectrometry\/#breadcrumb","itemListElement":[{"@type":"ListItem","position":1,"name":"Home","item":"https:\/\/matis.is\/"},{"@type":"ListItem","position":2,"name":"Basic Principles of Matrix-assisted laser desorption-ionization time-of-flight mass spectrometry"}]},{"@type":"WebSite","@id":"https:\/\/matis.is\/#website","url":"https:\/\/matis.is\/","name":"Mat\u00eds","description":"Value creation, food security and public health","publisher":{"@id":"https:\/\/matis.is\/#organization"},"potentialAction":[{"@type":"SearchAction","target":{"@type":"EntryPoint","urlTemplate":"https:\/\/matis.is\/?s={search_term_string}"},"query-input":{"@type":"PropertyValueSpecification","valueRequired":true,"valueName":"search_term_string"}}],"inLanguage":"en-GB"},{"@type":"Organization","@id":"https:\/\/matis.is\/#organization","name":"Mat\u00eds ohf.","url":"https:\/\/matis.is\/","logo":{"@type":"ImageObject","inLanguage":"en-GB","@id":"https:\/\/matis.is\/#\/schema\/logo\/image\/","url":"https:\/\/matis.is\/wp-content\/uploads\/2021\/02\/matis_logo_blatthvitt.png","contentUrl":"https:\/\/matis.is\/wp-content\/uploads\/2021\/02\/matis_logo_blatthvitt.png","width":1507,"height":1507,"caption":"Mat\u00eds ohf."},"image":{"@id":"https:\/\/matis.is\/#\/schema\/logo\/image\/"},"sameAs":["https:\/\/www.facebook.com\/matisiceland","https:\/\/x.com\/matisiceland","https:\/\/www.instagram.com\/matisiceland\/","https:\/\/www.linkedin.com\/matisiceland\/","https:\/\/www.youtube.com\/channel\/UCY-frt3uTqgVZW-DLjoo5bA"]}]}},"spectra_custom_meta":{"_edit_lock":["1676626693:1"],"_wp_page_template":["plain-singular.php"],"_edit_last":["1"],"valmynd_a_undirsidu":["0"],"_valmynd_a_undirsidu":["field_5f9970348837c"],"undirvalmynd_a_parentsidu":["0"],"_undirvalmynd_a_parentsidu":["field_5f9addfe68a79"],"tengilidur":[""],"_tengilidur":["field_5ef905e0538b2"],"_yoast_wpseo_content_score":["30"],"_yoast_wpseo_estimated-reading-time-minutes":["2"],"_yoast_wpseo_wordproof_timestamp":[""],"_uag_css_file_name":["uag-css-49414.css"],"_uag_page_assets":["a:9:{s:3:\"css\";s:263:\".uag-blocks-common-selector{z-index:var(--z-index-desktop) !important}@media (max-width: 976px){.uag-blocks-common-selector{z-index:var(--z-index-tablet) !important}}@media (max-width: 767px){.uag-blocks-common-selector{z-index:var(--z-index-mobile) !important}}\n\";s:2:\"js\";s:0:\"\";s:18:\"current_block_list\";a:6:{i:0;s:12:\"core\/heading\";i:1;s:14:\"core\/paragraph\";i:2;s:12:\"core\/buttons\";i:3;s:11:\"core\/button\";i:4;s:12:\"core\/columns\";i:5;s:11:\"core\/column\";}s:8:\"uag_flag\";b:0;s:11:\"uag_version\";s:10:\"1774608973\";s:6:\"gfonts\";a:0:{}s:10:\"gfonts_url\";s:0:\"\";s:12:\"gfonts_files\";a:0:{}s:14:\"uag_faq_layout\";b:0;}"]},"uagb_featured_image_src":{"full":false,"thumbnail":false,"medium":false,"medium_large":false,"large":false,"1536x1536":false,"2048x2048":false,"trp-custom-language-flag":false},"uagb_author_info":{"display_name":"admin","author_link":"https:\/\/matis.is\/en\/author\/thormodurmatis-is\/"},"uagb_comment_info":0,"uagb_excerpt":"Basic Principles of Matrix-assisted laser desorption-ionization time-of-flight mass spectrometry In recent years matrix assisted laser desorption ionization-time of flight mass [&hellip;]","_links":{"self":[{"href":"https:\/\/matis.is\/en\/wp-json\/wp\/v2\/pages\/49414","targetHints":{"allow":["GET"]}}],"collection":[{"href":"https:\/\/matis.is\/en\/wp-json\/wp\/v2\/pages"}],"about":[{"href":"https:\/\/matis.is\/en\/wp-json\/wp\/v2\/types\/page"}],"author":[{"embeddable":true,"href":"https:\/\/matis.is\/en\/wp-json\/wp\/v2\/users\/1"}],"replies":[{"embeddable":true,"href":"https:\/\/matis.is\/en\/wp-json\/wp\/v2\/comments?post=49414"}],"version-history":[{"count":2,"href":"https:\/\/matis.is\/en\/wp-json\/wp\/v2\/pages\/49414\/revisions"}],"predecessor-version":[{"id":49416,"href":"https:\/\/matis.is\/en\/wp-json\/wp\/v2\/pages\/49414\/revisions\/49416"}],"wp:attachment":[{"href":"https:\/\/matis.is\/en\/wp-json\/wp\/v2\/media?parent=49414"}],"curies":[{"name":"wp","href":"https:\/\/api.w.org\/{rel}","templated":true}]}}