{"id":49444,"date":"2023-03-01T14:48:26","date_gmt":"2023-03-01T14:48:26","guid":{"rendered":"https:\/\/matis.is\/?page_id=49444"},"modified":"2026-03-05T14:54:49","modified_gmt":"2026-03-05T14:54:49","slug":"reikna-naeringargildi-ut-fra-uppskrift","status":"publish","type":"page","link":"https:\/\/matis.is\/en\/naeringargildi-matvaela-isgem\/reikna-naeringargildi-ut-fra-uppskrift\/","title":{"rendered":"Calculate nutrient content based on recipes"},"content":{"rendered":"<p class=\"has-text-color\" style=\"color:#000000;font-size:17px\">The web application was developed in the Food Fund project <em><a href=\"https:\/\/matis.is\/en\/matis_projects\/nyjar-lausnir-fyrir-vinnu-vid-merkingar-matvaela\/\">New solutions for food labeling<\/a><\/em>.<\/p>\n\n\n\n\n\n\n<div class=\"wp-block-buttons is-layout-flex wp-block-buttons-is-layout-flex\">\n<div class=\"wp-block-button\"><a class=\"wp-block-button__link wp-element-button\" href=\"https:\/\/matis.is\/en\/naeringargildi-matvaela-isgem\/reikna-naeringargildi-ut-fra-uppskrift\/naeringargildi-reiknad-ut-fra-uppskrift\/\" style=\"border-top-left-radius:5px;border-top-right-radius:5px;border-bottom-left-radius:5px;border-bottom-right-radius:5px;text-transform:none\">Web Application<\/a><\/div>\n<\/div>\n\n\n\n<p>Detailed instructions for using the software can be obtained <a href=\"https:\/\/matis.is\/wp-content\/uploads\/Merkingar-matvaela-og-notkun-a-vefforriti-Matis_Utgafa2_2023-04-11-1.pdf\" target=\"_blank\" rel=\"noreferrer noopener\">here<\/a>.<\/p>\n\n\n\n<p>The software delivers results in accordance with regulation 1294\/2014 on the dissemination of information about food to consumers. Actions must be followed to the end to finalize the results. Reliable results can only be obtained with good work practices. The results of calculations of the nutritional value of foods are always the responsibility of the person who publishes them on the food packaging or presents them in another way.<\/p>\n\n\n\n<p><a href=\"https:\/\/www.youtube.com\/watch?v=xeoMUaMipjI\"><strong>Presentation of Mat\u00eds web application for calculating nutritional values - approx<\/strong><\/a><a href=\"https:\/\/www.youtube.com\/watch?v=xeoMUaMipjI\" target=\"_blank\" rel=\"noreferrer noopener\"><strong>pptaka<\/strong><\/a><\/p>\n\n\n\n<p>For questions and comments please contact:\u00a0<a href=\"mailto:eydisylfa@matis.is\">eydisylfa@matis.is<\/a><\/p>","protected":false},"excerpt":{"rendered":"<p>Vefforriti\u00f0 var \u00fer\u00f3a\u00f0 \u00ed Matv\u00e6lasj\u00f3\u00f0sverkefninu N\u00fdjar lausnir fyrir merkingu matv\u00e6la. N\u00e1kv\u00e6mar lei\u00f0beiningar um notkun forritsins m\u00e1 n\u00e1lgast h\u00e9r. Forriti\u00f0 skilar [&hellip;]<\/p>\n","protected":false},"author":1,"featured_media":54750,"parent":34618,"menu_order":0,"comment_status":"closed","ping_status":"closed","template":"","meta":{"_acf_changed":false,"_uag_custom_page_level_css":"","site-sidebar-layout":"right-sidebar","site-content-layout":"","ast-site-content-layout":"default","site-content-style":"default","site-sidebar-style":"default","ast-global-header-display":"","ast-banner-title-visibility":"","ast-main-header-display":"","ast-hfb-above-header-display":"","ast-hfb-below-header-display":"","ast-hfb-mobile-header-display":"","site-post-title":"","ast-breadcrumbs-content":"","ast-featured-img":"","footer-sml-layout":"","ast-disable-related-posts":"","theme-transparent-header-meta":"","adv-header-id-meta":"","stick-header-meta":"","header-above-stick-meta":"","header-main-stick-meta":"","header-below-stick-meta":"","astra-migrate-meta-layouts":"default","ast-page-background-enabled":"default","ast-page-background-meta":{"desktop":{"background-color":"var(--ast-global-color-5)","background-image":"","background-repeat":"repeat","background-position":"center center","background-size":"auto","background-attachment":"scroll","background-type":"","background-media":"","overlay-type":"","overlay-color":"","overlay-opacity":"","overlay-gradient":""},"tablet":{"background-color":"","background-image":"","background-repeat":"repeat","background-position":"center center","background-size":"auto","background-attachment":"scroll","background-type":"","background-media":"","overlay-type":"","overlay-color":"","overlay-opacity":"","overlay-gradient":""},"mobile":{"background-color":"","background-image":"","background-repeat":"repeat","background-position":"center center","background-size":"auto","background-attachment":"scroll","background-type":"","background-media":"","overlay-type":"","overlay-color":"","overlay-opacity":"","overlay-gradient":""}},"ast-content-background-meta":{"desktop":{"background-color":"var(--ast-global-color-4)","background-image":"","background-repeat":"repeat","background-position":"center center","background-size":"auto","background-attachment":"scroll","background-type":"","background-media":"","overlay-type":"","overlay-color":"","overlay-opacity":"","overlay-gradient":""},"tablet":{"background-color":"var(--ast-global-color-4)","background-image":"","background-repeat":"repeat","background-position":"center center","background-size":"auto","background-attachment":"scroll","background-type":"","background-media":"","overlay-type":"","overlay-color":"","overlay-opacity":"","overlay-gradient":""},"mobile":{"background-color":"var(--ast-global-color-4)","background-image":"","background-repeat":"repeat","background-position":"center center","background-size":"auto","background-attachment":"scroll","background-type":"","background-media":"","overlay-type":"","overlay-color":"","overlay-opacity":"","overlay-gradient":""}},"footnotes":""},"class_list":["post-49444","page","type-page","status-publish","has-post-thumbnail","hentry"],"acf":[],"yoast_head":"<!-- This site is optimized with the Yoast SEO plugin v27.2 - https:\/\/yoast.com\/product\/yoast-seo-wordpress\/ -->\n<title>Reikna n\u00e6ringargildi \u00fat fr\u00e1 uppskrift - Mat\u00eds<\/title>\n<meta name=\"robots\" content=\"index, follow, max-snippet:-1, max-image-preview:large, max-video-preview:-1\" \/>\n<link rel=\"canonical\" href=\"https:\/\/matis.is\/en\/naeringargildi-matvaela-isgem\/reikna-naeringargildi-ut-fra-uppskrift\/\" \/>\n<meta property=\"og:locale\" content=\"en_GB\" \/>\n<meta property=\"og:type\" content=\"article\" \/>\n<meta property=\"og:title\" content=\"Reikna n\u00e6ringargildi \u00fat fr\u00e1 uppskrift - Mat\u00eds\" \/>\n<meta property=\"og:description\" content=\"Vefforriti\u00f0 var \u00fer\u00f3a\u00f0 \u00ed Matv\u00e6lasj\u00f3\u00f0sverkefninu N\u00fdjar lausnir fyrir merkingu matv\u00e6la. N\u00e1kv\u00e6mar lei\u00f0beiningar um notkun forritsins m\u00e1 n\u00e1lgast h\u00e9r. Forriti\u00f0 skilar [&hellip;]\" \/>\n<meta property=\"og:url\" content=\"https:\/\/matis.is\/en\/naeringargildi-matvaela-isgem\/reikna-naeringargildi-ut-fra-uppskrift\/\" \/>\n<meta property=\"og:site_name\" content=\"Mat\u00eds\" \/>\n<meta property=\"article:publisher\" content=\"https:\/\/www.facebook.com\/matisiceland\" \/>\n<meta property=\"article:modified_time\" content=\"2026-03-05T14:54:49+00:00\" \/>\n<meta property=\"og:image\" content=\"https:\/\/matis.is\/wp-content\/uploads\/Ny.png\" \/>\n\t<meta property=\"og:image:width\" content=\"537\" \/>\n\t<meta property=\"og:image:height\" content=\"504\" \/>\n\t<meta property=\"og:image:type\" content=\"image\/png\" \/>\n<meta name=\"twitter:card\" content=\"summary_large_image\" \/>\n<meta name=\"twitter:site\" content=\"@matisiceland\" \/>\n<meta name=\"twitter:label1\" content=\"Estimated reading time\" \/>\n\t<meta name=\"twitter:data1\" content=\"1 minute\" \/>\n<script type=\"application\/ld+json\" class=\"yoast-schema-graph\">{\"@context\":\"https:\/\/schema.org\",\"@graph\":[{\"@type\":\"WebPage\",\"@id\":\"https:\/\/matis.is\/naeringargildi-matvaela-isgem\/reikna-naeringargildi-ut-fra-uppskrift\/\",\"url\":\"https:\/\/matis.is\/naeringargildi-matvaela-isgem\/reikna-naeringargildi-ut-fra-uppskrift\/\",\"name\":\"Reikna n\u00e6ringargildi \u00fat fr\u00e1 uppskrift - Mat\u00eds\",\"isPartOf\":{\"@id\":\"https:\/\/matis.is\/#website\"},\"primaryImageOfPage\":{\"@id\":\"https:\/\/matis.is\/naeringargildi-matvaela-isgem\/reikna-naeringargildi-ut-fra-uppskrift\/#primaryimage\"},\"image\":{\"@id\":\"https:\/\/matis.is\/naeringargildi-matvaela-isgem\/reikna-naeringargildi-ut-fra-uppskrift\/#primaryimage\"},\"thumbnailUrl\":\"https:\/\/matis.is\/wp-content\/uploads\/Ny.png\",\"datePublished\":\"2023-03-01T14:48:26+00:00\",\"dateModified\":\"2026-03-05T14:54:49+00:00\",\"breadcrumb\":{\"@id\":\"https:\/\/matis.is\/naeringargildi-matvaela-isgem\/reikna-naeringargildi-ut-fra-uppskrift\/#breadcrumb\"},\"inLanguage\":\"en-GB\",\"potentialAction\":[{\"@type\":\"ReadAction\",\"target\":[\"https:\/\/matis.is\/naeringargildi-matvaela-isgem\/reikna-naeringargildi-ut-fra-uppskrift\/\"]}]},{\"@type\":\"ImageObject\",\"inLanguage\":\"en-GB\",\"@id\":\"https:\/\/matis.is\/naeringargildi-matvaela-isgem\/reikna-naeringargildi-ut-fra-uppskrift\/#primaryimage\",\"url\":\"https:\/\/matis.is\/wp-content\/uploads\/Ny.png\",\"contentUrl\":\"https:\/\/matis.is\/wp-content\/uploads\/Ny.png\",\"width\":537,\"height\":504},{\"@type\":\"BreadcrumbList\",\"@id\":\"https:\/\/matis.is\/naeringargildi-matvaela-isgem\/reikna-naeringargildi-ut-fra-uppskrift\/#breadcrumb\",\"itemListElement\":[{\"@type\":\"ListItem\",\"position\":1,\"name\":\"Home\",\"item\":\"https:\/\/matis.is\/\"},{\"@type\":\"ListItem\",\"position\":2,\"name\":\"\u00cdslenski gagnagrunnurinn um efnainnihald matv\u00e6la (\u00cdSGEM)\",\"item\":\"https:\/\/matis.is\/naeringargildi-matvaela-isgem\/\"},{\"@type\":\"ListItem\",\"position\":3,\"name\":\"Reikna n\u00e6ringargildi \u00fat fr\u00e1 uppskrift\"}]},{\"@type\":\"WebSite\",\"@id\":\"https:\/\/matis.is\/#website\",\"url\":\"https:\/\/matis.is\/\",\"name\":\"Mat\u00eds\",\"description\":\"Ver\u00f0m\u00e6task\u00f6pun, matv\u00e6la\u00f6ryggi og l\u00fd\u00f0heilsa\",\"publisher\":{\"@id\":\"https:\/\/matis.is\/#organization\"},\"potentialAction\":[{\"@type\":\"SearchAction\",\"target\":{\"@type\":\"EntryPoint\",\"urlTemplate\":\"https:\/\/matis.is\/?s={search_term_string}\"},\"query-input\":{\"@type\":\"PropertyValueSpecification\",\"valueRequired\":true,\"valueName\":\"search_term_string\"}}],\"inLanguage\":\"en-GB\"},{\"@type\":\"Organization\",\"@id\":\"https:\/\/matis.is\/#organization\",\"name\":\"Mat\u00eds ohf.\",\"url\":\"https:\/\/matis.is\/\",\"logo\":{\"@type\":\"ImageObject\",\"inLanguage\":\"en-GB\",\"@id\":\"https:\/\/matis.is\/#\/schema\/logo\/image\/\",\"url\":\"https:\/\/matis.is\/wp-content\/uploads\/2021\/02\/matis_logo_blatthvitt.png\",\"contentUrl\":\"https:\/\/matis.is\/wp-content\/uploads\/2021\/02\/matis_logo_blatthvitt.png\",\"width\":1507,\"height\":1507,\"caption\":\"Mat\u00eds ohf.\"},\"image\":{\"@id\":\"https:\/\/matis.is\/#\/schema\/logo\/image\/\"},\"sameAs\":[\"https:\/\/www.facebook.com\/matisiceland\",\"https:\/\/x.com\/matisiceland\",\"https:\/\/www.instagram.com\/matisiceland\/\",\"https:\/\/www.linkedin.com\/matisiceland\/\",\"https:\/\/www.youtube.com\/channel\/UCY-frt3uTqgVZW-DLjoo5bA\"]}]}<\/script>\n<!-- \/ Yoast SEO plugin. -->","yoast_head_json":{"title":"Calculate nutritional value based on a recipe - Mat\u00eds","robots":{"index":"index","follow":"follow","max-snippet":"max-snippet:-1","max-image-preview":"max-image-preview:large","max-video-preview":"max-video-preview:-1"},"canonical":"https:\/\/matis.is\/en\/naeringargildi-matvaela-isgem\/reikna-naeringargildi-ut-fra-uppskrift\/","og_locale":"en_GB","og_type":"article","og_title":"Reikna n\u00e6ringargildi \u00fat fr\u00e1 uppskrift - Mat\u00eds","og_description":"Vefforriti\u00f0 var \u00fer\u00f3a\u00f0 \u00ed Matv\u00e6lasj\u00f3\u00f0sverkefninu N\u00fdjar lausnir fyrir merkingu matv\u00e6la. N\u00e1kv\u00e6mar lei\u00f0beiningar um notkun forritsins m\u00e1 n\u00e1lgast h\u00e9r. Forriti\u00f0 skilar [&hellip;]","og_url":"https:\/\/matis.is\/en\/naeringargildi-matvaela-isgem\/reikna-naeringargildi-ut-fra-uppskrift\/","og_site_name":"Mat\u00eds","article_publisher":"https:\/\/www.facebook.com\/matisiceland","article_modified_time":"2026-03-05T14:54:49+00:00","og_image":[{"width":537,"height":504,"url":"https:\/\/matis.is\/wp-content\/uploads\/Ny.png","type":"image\/png"}],"twitter_card":"summary_large_image","twitter_site":"@matisiceland","twitter_misc":{"Estimated reading time":"1 minute"},"schema":{"@context":"https:\/\/schema.org","@graph":[{"@type":"WebPage","@id":"https:\/\/matis.is\/naeringargildi-matvaela-isgem\/reikna-naeringargildi-ut-fra-uppskrift\/","url":"https:\/\/matis.is\/naeringargildi-matvaela-isgem\/reikna-naeringargildi-ut-fra-uppskrift\/","name":"Calculate nutritional value based on a recipe - Mat\u00eds","isPartOf":{"@id":"https:\/\/matis.is\/#website"},"primaryImageOfPage":{"@id":"https:\/\/matis.is\/naeringargildi-matvaela-isgem\/reikna-naeringargildi-ut-fra-uppskrift\/#primaryimage"},"image":{"@id":"https:\/\/matis.is\/naeringargildi-matvaela-isgem\/reikna-naeringargildi-ut-fra-uppskrift\/#primaryimage"},"thumbnailUrl":"https:\/\/matis.is\/wp-content\/uploads\/Ny.png","datePublished":"2023-03-01T14:48:26+00:00","dateModified":"2026-03-05T14:54:49+00:00","breadcrumb":{"@id":"https:\/\/matis.is\/naeringargildi-matvaela-isgem\/reikna-naeringargildi-ut-fra-uppskrift\/#breadcrumb"},"inLanguage":"en-GB","potentialAction":[{"@type":"ReadAction","target":["https:\/\/matis.is\/naeringargildi-matvaela-isgem\/reikna-naeringargildi-ut-fra-uppskrift\/"]}]},{"@type":"ImageObject","inLanguage":"en-GB","@id":"https:\/\/matis.is\/naeringargildi-matvaela-isgem\/reikna-naeringargildi-ut-fra-uppskrift\/#primaryimage","url":"https:\/\/matis.is\/wp-content\/uploads\/Ny.png","contentUrl":"https:\/\/matis.is\/wp-content\/uploads\/Ny.png","width":537,"height":504},{"@type":"BreadcrumbList","@id":"https:\/\/matis.is\/naeringargildi-matvaela-isgem\/reikna-naeringargildi-ut-fra-uppskrift\/#breadcrumb","itemListElement":[{"@type":"ListItem","position":1,"name":"Home","item":"https:\/\/matis.is\/"},{"@type":"ListItem","position":2,"name":"\u00cdslenski gagnagrunnurinn um efnainnihald matv\u00e6la (\u00cdSGEM)","item":"https:\/\/matis.is\/naeringargildi-matvaela-isgem\/"},{"@type":"ListItem","position":3,"name":"Reikna n\u00e6ringargildi \u00fat fr\u00e1 uppskrift"}]},{"@type":"WebSite","@id":"https:\/\/matis.is\/#website","url":"https:\/\/matis.is\/","name":"Mat\u00eds","description":"Value creation, food security and public health","publisher":{"@id":"https:\/\/matis.is\/#organization"},"potentialAction":[{"@type":"SearchAction","target":{"@type":"EntryPoint","urlTemplate":"https:\/\/matis.is\/?s={search_term_string}"},"query-input":{"@type":"PropertyValueSpecification","valueRequired":true,"valueName":"search_term_string"}}],"inLanguage":"en-GB"},{"@type":"Organization","@id":"https:\/\/matis.is\/#organization","name":"Mat\u00eds ohf.","url":"https:\/\/matis.is\/","logo":{"@type":"ImageObject","inLanguage":"en-GB","@id":"https:\/\/matis.is\/#\/schema\/logo\/image\/","url":"https:\/\/matis.is\/wp-content\/uploads\/2021\/02\/matis_logo_blatthvitt.png","contentUrl":"https:\/\/matis.is\/wp-content\/uploads\/2021\/02\/matis_logo_blatthvitt.png","width":1507,"height":1507,"caption":"Mat\u00eds ohf."},"image":{"@id":"https:\/\/matis.is\/#\/schema\/logo\/image\/"},"sameAs":["https:\/\/www.facebook.com\/matisiceland","https:\/\/x.com\/matisiceland","https:\/\/www.instagram.com\/matisiceland\/","https:\/\/www.linkedin.com\/matisiceland\/","https:\/\/www.youtube.com\/channel\/UCY-frt3uTqgVZW-DLjoo5bA"]}]}},"spectra_custom_meta":{"_edit_lock":["1772728057:7"],"_edit_last":["7"],"_yoast_wpseo_content_score":["90"],"_yoast_wpseo_estimated-reading-time-minutes":["1"],"_yoast_wpseo_wordproof_timestamp":[""],"valmynd_a_undirsidu":["1"],"_valmynd_a_undirsidu":["field_5f9970348837c"],"undirvalmynd_a_parentsidu":["0"],"_undirvalmynd_a_parentsidu":["field_5f9addfe68a79"],"tengilidur":["39739"],"_tengilidur":["field_5ef905e0538b2"],"_wp_page_template":["default"],"cmplz_hide_cookiebanner":[""],"_uag_custom_page_level_css":[""],"site-sidebar-layout":["right-sidebar"],"site-content-layout":[""],"ast-site-content-layout":["default"],"site-content-style":["default"],"site-sidebar-style":["default"],"ast-global-header-display":[""],"ast-banner-title-visibility":[""],"ast-main-header-display":[""],"ast-hfb-above-header-display":[""],"ast-hfb-below-header-display":[""],"ast-hfb-mobile-header-display":[""],"site-post-title":[""],"ast-breadcrumbs-content":[""],"ast-featured-img":[""],"footer-sml-layout":[""],"theme-transparent-header-meta":[""],"adv-header-id-meta":[""],"stick-header-meta":[""],"header-above-stick-meta":[""],"header-main-stick-meta":[""],"header-below-stick-meta":[""],"astra-migrate-meta-layouts":["default"],"ast-page-background-enabled":["default"],"ast-page-background-meta":["a:3:{s:7:\"desktop\";a:12:{s:16:\"background-color\";s:25:\"var(--ast-global-color-5)\";s:16:\"background-image\";s:0:\"\";s:17:\"background-repeat\";s:6:\"repeat\";s:19:\"background-position\";s:13:\"center center\";s:15:\"background-size\";s:4:\"auto\";s:21:\"background-attachment\";s:6:\"scroll\";s:15:\"background-type\";s:0:\"\";s:16:\"background-media\";s:0:\"\";s:12:\"overlay-type\";s:0:\"\";s:13:\"overlay-color\";s:0:\"\";s:15:\"overlay-opacity\";s:0:\"\";s:16:\"overlay-gradient\";s:0:\"\";}s:6:\"tablet\";a:12:{s:16:\"background-color\";s:0:\"\";s:16:\"background-image\";s:0:\"\";s:17:\"background-repeat\";s:6:\"repeat\";s:19:\"background-position\";s:13:\"center center\";s:15:\"background-size\";s:4:\"auto\";s:21:\"background-attachment\";s:6:\"scroll\";s:15:\"background-type\";s:0:\"\";s:16:\"background-media\";s:0:\"\";s:12:\"overlay-type\";s:0:\"\";s:13:\"overlay-color\";s:0:\"\";s:15:\"overlay-opacity\";s:0:\"\";s:16:\"overlay-gradient\";s:0:\"\";}s:6:\"mobile\";a:12:{s:16:\"background-color\";s:0:\"\";s:16:\"background-image\";s:0:\"\";s:17:\"background-repeat\";s:6:\"repeat\";s:19:\"background-position\";s:13:\"center center\";s:15:\"background-size\";s:4:\"auto\";s:21:\"background-attachment\";s:6:\"scroll\";s:15:\"background-type\";s:0:\"\";s:16:\"background-media\";s:0:\"\";s:12:\"overlay-type\";s:0:\"\";s:13:\"overlay-color\";s:0:\"\";s:15:\"overlay-opacity\";s:0:\"\";s:16:\"overlay-gradient\";s:0:\"\";}}"],"ast-content-background-meta":["a:3:{s:7:\"desktop\";a:12:{s:16:\"background-color\";s:25:\"var(--ast-global-color-4)\";s:16:\"background-image\";s:0:\"\";s:17:\"background-repeat\";s:6:\"repeat\";s:19:\"background-position\";s:13:\"center center\";s:15:\"background-size\";s:4:\"auto\";s:21:\"background-attachment\";s:6:\"scroll\";s:15:\"background-type\";s:0:\"\";s:16:\"background-media\";s:0:\"\";s:12:\"overlay-type\";s:0:\"\";s:13:\"overlay-color\";s:0:\"\";s:15:\"overlay-opacity\";s:0:\"\";s:16:\"overlay-gradient\";s:0:\"\";}s:6:\"tablet\";a:12:{s:16:\"background-color\";s:25:\"var(--ast-global-color-4)\";s:16:\"background-image\";s:0:\"\";s:17:\"background-repeat\";s:6:\"repeat\";s:19:\"background-position\";s:13:\"center center\";s:15:\"background-size\";s:4:\"auto\";s:21:\"background-attachment\";s:6:\"scroll\";s:15:\"background-type\";s:0:\"\";s:16:\"background-media\";s:0:\"\";s:12:\"overlay-type\";s:0:\"\";s:13:\"overlay-color\";s:0:\"\";s:15:\"overlay-opacity\";s:0:\"\";s:16:\"overlay-gradient\";s:0:\"\";}s:6:\"mobile\";a:12:{s:16:\"background-color\";s:25:\"var(--ast-global-color-4)\";s:16:\"background-image\";s:0:\"\";s:17:\"background-repeat\";s:6:\"repeat\";s:19:\"background-position\";s:13:\"center center\";s:15:\"background-size\";s:4:\"auto\";s:21:\"background-attachment\";s:6:\"scroll\";s:15:\"background-type\";s:0:\"\";s:16:\"background-media\";s:0:\"\";s:12:\"overlay-type\";s:0:\"\";s:13:\"overlay-color\";s:0:\"\";s:15:\"overlay-opacity\";s:0:\"\";s:16:\"overlay-gradient\";s:0:\"\";}}"],"footnotes":[""],"_thumbnail_id":["54750"],"ast-disable-related-posts":[""],"ilj_blacklistdefinition":["a:0:{}"],"ilj_linkdefinition":["a:0:{}"],"_uag_css_file_name":["uag-css-49444.css"],"_uag_page_assets":["a:9:{s:3:\"css\";s:263:\".uag-blocks-common-selector{z-index:var(--z-index-desktop) !important}@media (max-width: 976px){.uag-blocks-common-selector{z-index:var(--z-index-tablet) !important}}@media (max-width: 767px){.uag-blocks-common-selector{z-index:var(--z-index-mobile) !important}}\n\";s:2:\"js\";s:0:\"\";s:18:\"current_block_list\";a:7:{i:0;s:14:\"core\/paragraph\";i:1;s:14:\"core\/shortcode\";i:2;s:12:\"core\/buttons\";i:3;s:11:\"core\/button\";i:4;s:12:\"core\/heading\";i:5;s:12:\"core\/columns\";i:6;s:11:\"core\/column\";}s:8:\"uag_flag\";b:0;s:11:\"uag_version\";s:10:\"1775648310\";s:6:\"gfonts\";a:0:{}s:10:\"gfonts_url\";s:0:\"\";s:12:\"gfonts_files\";a:0:{}s:14:\"uag_faq_layout\";b:0;}"]},"uagb_featured_image_src":{"full":["https:\/\/matis.is\/wp-content\/uploads\/Ny.png",537,504,false],"thumbnail":["https:\/\/matis.is\/wp-content\/uploads\/Ny-150x150.png",150,150,true],"medium":["https:\/\/matis.is\/wp-content\/uploads\/Ny-300x282.png",300,282,true],"medium_large":["https:\/\/matis.is\/wp-content\/uploads\/Ny.png",537,504,false],"large":["https:\/\/matis.is\/wp-content\/uploads\/Ny.png",537,504,false],"1536x1536":["https:\/\/matis.is\/wp-content\/uploads\/Ny.png",537,504,false],"2048x2048":["https:\/\/matis.is\/wp-content\/uploads\/Ny.png",537,504,false],"trp-custom-language-flag":["https:\/\/matis.is\/wp-content\/uploads\/Ny-13x12.png",13,12,true]},"uagb_author_info":{"display_name":"admin","author_link":"https:\/\/matis.is\/en\/author\/thormodurmatis-is\/"},"uagb_comment_info":0,"uagb_excerpt":"Vefforriti\u00f0 var \u00fer\u00f3a\u00f0 \u00ed Matv\u00e6lasj\u00f3\u00f0sverkefninu N\u00fdjar lausnir fyrir merkingu matv\u00e6la. N\u00e1kv\u00e6mar lei\u00f0beiningar um notkun forritsins m\u00e1 n\u00e1lgast h\u00e9r. Forriti\u00f0 skilar [&hellip;]","_links":{"self":[{"href":"https:\/\/matis.is\/en\/wp-json\/wp\/v2\/pages\/49444","targetHints":{"allow":["GET"]}}],"collection":[{"href":"https:\/\/matis.is\/en\/wp-json\/wp\/v2\/pages"}],"about":[{"href":"https:\/\/matis.is\/en\/wp-json\/wp\/v2\/types\/page"}],"author":[{"embeddable":true,"href":"https:\/\/matis.is\/en\/wp-json\/wp\/v2\/users\/1"}],"replies":[{"embeddable":true,"href":"https:\/\/matis.is\/en\/wp-json\/wp\/v2\/comments?post=49444"}],"version-history":[{"count":26,"href":"https:\/\/matis.is\/en\/wp-json\/wp\/v2\/pages\/49444\/revisions"}],"predecessor-version":[{"id":57078,"href":"https:\/\/matis.is\/en\/wp-json\/wp\/v2\/pages\/49444\/revisions\/57078"}],"up":[{"embeddable":true,"href":"https:\/\/matis.is\/en\/wp-json\/wp\/v2\/pages\/34618"}],"wp:featuredmedia":[{"embeddable":true,"href":"https:\/\/matis.is\/en\/wp-json\/wp\/v2\/media\/54750"}],"wp:attachment":[{"href":"https:\/\/matis.is\/en\/wp-json\/wp\/v2\/media?parent=49444"}],"curies":[{"name":"wp","href":"https:\/\/api.w.org\/{rel}","templated":true}]}}