{"id":49802,"date":"2023-05-22T12:11:33","date_gmt":"2023-05-22T12:11:33","guid":{"rendered":"https:\/\/matis.is\/?page_id=49802"},"modified":"2024-05-29T11:42:52","modified_gmt":"2024-05-29T11:42:52","slug":"framtidmatvaela","status":"publish","type":"page","link":"https:\/\/matis.is\/en\/framtidmatvaela\/","title":{"rendered":"What will be for dinner? \u2013 Mat\u00eds&#039; seminar on the future of food production"},"content":{"rendered":"<h4 class=\"wp-block-heading\"><strong>May 31, 2024, 9:00 a.m. \u2013 12:30 p.m<\/strong><strong> | Harpa&#039;s Northern Lights Hall<\/strong><\/h4>\n\n\n\n<div class=\"wp-block-columns is-layout-flex wp-container-core-columns-is-layout-28f84493 wp-block-columns-is-layout-flex\">\n<div class=\"wp-block-column is-layout-flow wp-block-column-is-layout-flow\" style=\"flex-basis:30%\">\n<div class=\"wp-block-buttons is-layout-flex wp-block-buttons-is-layout-flex\">\n<div class=\"wp-block-button has-custom-width wp-block-button__width-100\"><a class=\"wp-block-button__link has-background wp-element-button\" href=\"https:\/\/confirmsubscription.com\/h\/t\/9E624E423FF2CB05\" style=\"border-radius:0px;background-color:#0139fd\">Registration<\/a><\/div>\n<\/div>\n<\/div>\n\n\n\n<div class=\"wp-block-column is-layout-flow wp-block-column-is-layout-flow\" style=\"flex-basis:70%\">\n<div class=\"wp-block-buttons is-layout-flex wp-block-buttons-is-layout-flex\">\n<div class=\"wp-block-button has-custom-width wp-block-button__width-75\"><a class=\"wp-block-button__link wp-element-button\" href=\"https:\/\/fb.me\/e\/wWNk6m3MJ\" style=\"border-radius:0px\">The forum&#039;s Facebook page<\/a><\/div>\n<\/div>\n<\/div>\n<\/div>\n\n\n\n<p><strong>Keynote Speakers:<\/strong><\/p>\n\n\n\n<ul class=\"wp-block-list\">\n<li><strong>Dirk Carrez, Biobased Industries Consortium, Executive Director<\/strong><\/li>\n\n\n\n<li><strong>Bente E. Thorstensen, Nofima, CEO<\/strong><\/li>\n\n\n\n<li><strong>Olavur Gregersen, Ocean Rainforest, CEO<\/strong><\/li>\n<\/ul>\n\n\n\n<p><strong>Board of Directors<\/strong>: Bergur Ebbi<\/p>\n\n\n\n<h3 class=\"wp-block-heading\">Agenda<\/h3>\n\n\n\n<figure class=\"wp-block-table is-style-stripes\"><table><tbody><tr><td class=\"has-text-align-center\" data-align=\"center\">9:00<\/td><td>Presentation of the moderator \u2013 Bergur Ebbi<\/td><\/tr><tr><td class=\"has-text-align-center\" data-align=\"center\">9:05<\/td><td>Opening speech by the Minister of Food - Bjarkey Olsen Gunnarsd\u00f3ttir<\/td><\/tr><tr><td class=\"has-text-align-center\" data-align=\"center\">9:15<\/td><td>Address of CEO Mat\u00eds \u2013 Oddur M. Gunnarsson<\/td><\/tr><tr><td class=\"has-text-align-center\" data-align=\"center\">9:22<\/td><td><em>New protein and food security for the future<\/em> \u2013 Margr\u00e9t Geirsd\u00f3ttir, project manager at Mat\u00eds<\/td><\/tr><tr><td class=\"has-text-align-center\" data-align=\"center\">9:29<\/td><td><em>Genetic tests \u2013 <em>What importance do they have for value creation and food safety?<\/em>? &#8211; <\/em>S\u00e6mundur Sveinsson, professional manager at Mat\u00eds<\/td><\/tr><tr><td class=\"has-text-align-center\" data-align=\"center\">9:36<\/td><td><em>Collaboration in the kitchen <\/em>- \u00deorsteinn Sigur\u00f0sson, director of the Norwegian Maritime Research Institute<\/td><\/tr><tr><td class=\"has-text-align-center\" data-align=\"center\">9:43<\/td><td><em>Pelagic fish wanted!<\/em> \u2013 Hildur Inga Sveinsd\u00f3ttir, assistant professor at UI and project manager at Mat\u00eds<\/td><\/tr><tr><td class=\"has-text-align-center\" data-align=\"center\">9:50<\/td><td><em>Vegetable by-products<\/em> \u2013 Eva Margr\u00e9t J\u00f3nud\u00f3ttir, project manager at Mat\u00eds<\/td><\/tr><tr><td class=\"has-text-align-center\" data-align=\"center\">9:57<\/td><td><strong><em>Circular Food Systems: Challenges and Solutions<\/em><\/strong><strong> &#8211; <\/strong><strong>Bente E. Torstensen, NOFIMA<\/strong><\/td><\/tr><tr><td class=\"has-text-align-center\" data-align=\"center\">10:12<\/td><td><strong><em>Panel discussion<\/em><\/strong>: <em><strong>Value creation and full utilization of products \u2013 What can agriculture learn from the fishing industry?<\/strong><\/em><br>- Hrefna Karlsd\u00f3ttir, SFS<br>-Herd\u00eds Magna Gunnarsd\u00f3ttir, Farmers Association of Iceland<br>-Bente E. Torstensen, NOFIMA<\/td><\/tr><tr><td class=\"has-text-align-center\" data-align=\"center\">10:30<\/td><td><strong>Coffee break | Presentation of small producers<\/strong><\/td><\/tr><tr><td class=\"has-text-align-center\" data-align=\"center\">10:45<\/td><td><em>Towards a Sustainable City-Region Food System <\/em>\u2013 Ren\u00e9 Groben, project manager at Mat\u00eds<\/td><\/tr><tr><td class=\"has-text-align-center\" data-align=\"center\">10:52<\/td><td><em>Is there fish for dinner? \u2013 <\/em>Kolbr\u00fan Sveinsd\u00f3ttir, project manager at Mat\u00eds<\/td><\/tr><tr><td class=\"has-text-align-center\" data-align=\"center\">10:57<\/td><td><em>\u00cdSGEM for the public health of a nation <\/em>&nbsp;\u2013 H\u00f3lmfr\u00ed\u00f0ur \u00deorgeirsd\u00f3ttir, project manager of nutrition at the National Health Service<\/td><\/tr><tr><td class=\"has-text-align-center\" data-align=\"center\">11:04<\/td><td><em>Cooperation between UI and Mat\u00eds \u2013<\/em> Inga \u00de\u00f3rsd\u00f3ttir, professor at the Faculty of Food and Nutrition at the University of Helsinki<\/td><\/tr><tr><td class=\"has-text-align-center\" data-align=\"center\">11:11<\/td><td><em>BioProtect \u2013 Accelerating the protection and restoration of marine biodiversity<\/em> \u2013 Sophie Jensen, project manager at Mat\u00eds<\/td><\/tr><tr><td class=\"has-text-align-center\" data-align=\"center\">11:18<\/td><td><em>Quick and environmentally friendly measuring methods<\/em> \u2013 Mar\u00eda Gu\u00f0j\u00f3nsd\u00f3ttir, professor at the Faculty of Food and Nutrition at the University of Helsinki<\/td><\/tr><tr><td class=\"has-text-align-center\" data-align=\"center\">11:25<\/td><td><em>There&#039;s salmon for dinner! \u2013 <\/em>Sylv\u00eda Rakel Gu\u00f0j\u00f3nsd\u00f3ttir, First Water<\/td><\/tr><tr><td class=\"has-text-align-center\" data-align=\"center\">11:32<\/td><td><em>Do we want organic meat? \u2013 <\/em>Berglind R\u00e1n \u00d3lafsd\u00f3ttir, director of ORF Biotechnology<\/td><\/tr><tr><td class=\"has-text-align-center\" data-align=\"center\">11:39<\/td><td><strong><em>Olavur Gregersen \u2013 Ocean Rainforest<\/em><\/strong><\/td><\/tr><tr><td class=\"has-text-align-center\" data-align=\"center\">11:53<\/td><td><strong><em>The Importance of Partnerships for a Sustainable Industry <\/em><\/strong><strong>&#8211;<\/strong><strong> <\/strong><strong>Dirk Carrez \u2013 Biobased Industries Consortium<\/strong><\/td><\/tr><tr><td class=\"has-text-align-center\" data-align=\"center\">12:08<\/td><td><em><strong>Panel discussion<\/strong><\/em><strong><em>r<\/em>: Challenges and opportunities in food production - What is the role of research?<\/strong><br>- Da\u00f0i M\u00e1r Krist\u00f3fersson, Professor at the Department of Economics at the University of Helsinki<br>-Inga \u00de\u00f3rsd\u00f3ttir, Professor at the Department of Food and Nutrition at the University of Helsinki<br>-Bj\u00f6rn L\u00e1rus \u00d6rvar, scientific director of ORF Biotechnology<\/td><\/tr><\/tbody><\/table><\/figure>","protected":false},"excerpt":{"rendered":"<p>31 ma\u00ed, 2024, 9:00 &#8211; 12:30 | Nor\u00f0urlj\u00f3sasalur H\u00f6rpu A\u00f0alfyrirlesarar: Fundarstj\u00f3rn: Bergur Ebbi Dagskr\u00e1 9:00 Kynning fundarstj\u00f3ra &#8211; Bergur Ebbi [&hellip;]<\/p>\n","protected":false},"author":1,"featured_media":51300,"parent":0,"menu_order":0,"comment_status":"closed","ping_status":"closed","template":"templates\/template-cover.php","meta":{"_acf_changed":false,"_uag_custom_page_level_css":"","site-sidebar-layout":"default","site-content-layout":"","ast-site-content-layout":"default","site-content-style":"default","site-sidebar-style":"default","ast-global-header-display":"","ast-banner-title-visibility":"","ast-main-header-display":"","ast-hfb-above-header-display":"","ast-hfb-below-header-display":"","ast-hfb-mobile-header-display":"","site-post-title":"","ast-breadcrumbs-content":"","ast-featured-img":"","footer-sml-layout":"","ast-disable-related-posts":"","theme-transparent-header-meta":"","adv-header-id-meta":"","stick-header-meta":"","header-above-stick-meta":"","header-main-stick-meta":"","header-below-stick-meta":"","astra-migrate-meta-layouts":"default","ast-page-background-enabled":"default","ast-page-background-meta":{"desktop":{"background-color":"var(--ast-global-color-5)","background-image":"","background-repeat":"repeat","background-position":"center center","background-size":"auto","background-attachment":"scroll","background-type":"","background-media":"","overlay-type":"","overlay-color":"","overlay-opacity":"","overlay-gradient":""},"tablet":{"background-color":"","background-image":"","background-repeat":"repeat","background-position":"center center","background-size":"auto","background-attachment":"scroll","background-type":"","background-media":"","overlay-type":"","overlay-color":"","overlay-opacity":"","overlay-gradient":""},"mobile":{"background-color":"","background-image":"","background-repeat":"repeat","background-position":"center center","background-size":"auto","background-attachment":"scroll","background-type":"","background-media":"","overlay-type":"","overlay-color":"","overlay-opacity":"","overlay-gradient":""}},"ast-content-background-meta":{"desktop":{"background-color":"var(--ast-global-color-4)","background-image":"","background-repeat":"repeat","background-position":"center center","background-size":"auto","background-attachment":"scroll","background-type":"","background-media":"","overlay-type":"","overlay-color":"","overlay-opacity":"","overlay-gradient":""},"tablet":{"background-color":"var(--ast-global-color-4)","background-image":"","background-repeat":"repeat","background-position":"center center","background-size":"auto","background-attachment":"scroll","background-type":"","background-media":"","overlay-type":"","overlay-color":"","overlay-opacity":"","overlay-gradient":""},"mobile":{"background-color":"var(--ast-global-color-4)","background-image":"","background-repeat":"repeat","background-position":"center center","background-size":"auto","background-attachment":"scroll","background-type":"","background-media":"","overlay-type":"","overlay-color":"","overlay-opacity":"","overlay-gradient":""}},"footnotes":""},"class_list":["post-49802","page","type-page","status-publish","has-post-thumbnail","hentry"],"acf":[],"yoast_head":"<!-- This site is optimized with the Yoast SEO plugin v27.4 - https:\/\/yoast.com\/product\/yoast-seo-wordpress\/ -->\n<title>Hva\u00f0 ver\u00f0ur \u00ed matinn? - M\u00e1l\u00feing Mat\u00eds um framt\u00ed\u00f0 matv\u00e6laframlei\u00f0slu - Mat\u00eds<\/title>\n<meta name=\"robots\" content=\"index, follow, max-snippet:-1, max-image-preview:large, max-video-preview:-1\" \/>\n<link rel=\"canonical\" href=\"https:\/\/matis.is\/en\/framtidmatvaela\/\" \/>\n<meta property=\"og:locale\" content=\"en_GB\" \/>\n<meta property=\"og:type\" content=\"article\" \/>\n<meta property=\"og:title\" content=\"Hva\u00f0 ver\u00f0ur \u00ed matinn? - M\u00e1l\u00feing Mat\u00eds um framt\u00ed\u00f0 matv\u00e6laframlei\u00f0slu - Mat\u00eds\" \/>\n<meta property=\"og:description\" content=\"31 ma\u00ed, 2024, 9:00 &#8211; 12:30 | Nor\u00f0urlj\u00f3sasalur H\u00f6rpu A\u00f0alfyrirlesarar: Fundarstj\u00f3rn: Bergur Ebbi Dagskr\u00e1 9:00 Kynning fundarstj\u00f3ra &#8211; Bergur Ebbi [&hellip;]\" \/>\n<meta property=\"og:url\" content=\"https:\/\/matis.is\/en\/framtidmatvaela\/\" \/>\n<meta property=\"og:site_name\" content=\"Mat\u00eds\" \/>\n<meta property=\"article:publisher\" content=\"https:\/\/www.facebook.com\/matisiceland\" \/>\n<meta property=\"article:modified_time\" content=\"2024-05-29T11:42:52+00:00\" \/>\n<meta property=\"og:image\" content=\"https:\/\/matis.is\/wp-content\/uploads\/Bitmap.png\" \/>\n\t<meta property=\"og:image:width\" content=\"1920\" \/>\n\t<meta property=\"og:image:height\" content=\"1080\" \/>\n\t<meta property=\"og:image:type\" content=\"image\/png\" \/>\n<meta name=\"twitter:card\" content=\"summary_large_image\" \/>\n<meta name=\"twitter:site\" content=\"@matisiceland\" \/>\n<meta name=\"twitter:label1\" content=\"Estimated reading time\" \/>\n\t<meta name=\"twitter:data1\" content=\"2 minutes\" \/>\n<script type=\"application\/ld+json\" class=\"yoast-schema-graph\">{\"@context\":\"https:\\\/\\\/schema.org\",\"@graph\":[{\"@type\":\"WebPage\",\"@id\":\"https:\\\/\\\/matis.is\\\/framtidmatvaela\\\/\",\"url\":\"https:\\\/\\\/matis.is\\\/framtidmatvaela\\\/\",\"name\":\"Hva\u00f0 ver\u00f0ur \u00ed matinn? - M\u00e1l\u00feing Mat\u00eds um framt\u00ed\u00f0 matv\u00e6laframlei\u00f0slu - Mat\u00eds\",\"isPartOf\":{\"@id\":\"https:\\\/\\\/matis.is\\\/#website\"},\"primaryImageOfPage\":{\"@id\":\"https:\\\/\\\/matis.is\\\/framtidmatvaela\\\/#primaryimage\"},\"image\":{\"@id\":\"https:\\\/\\\/matis.is\\\/framtidmatvaela\\\/#primaryimage\"},\"thumbnailUrl\":\"https:\\\/\\\/matis.is\\\/wp-content\\\/uploads\\\/Bitmap.png\",\"datePublished\":\"2023-05-22T12:11:33+00:00\",\"dateModified\":\"2024-05-29T11:42:52+00:00\",\"breadcrumb\":{\"@id\":\"https:\\\/\\\/matis.is\\\/framtidmatvaela\\\/#breadcrumb\"},\"inLanguage\":\"en-GB\",\"potentialAction\":[{\"@type\":\"ReadAction\",\"target\":[\"https:\\\/\\\/matis.is\\\/framtidmatvaela\\\/\"]}]},{\"@type\":\"ImageObject\",\"inLanguage\":\"en-GB\",\"@id\":\"https:\\\/\\\/matis.is\\\/framtidmatvaela\\\/#primaryimage\",\"url\":\"https:\\\/\\\/matis.is\\\/wp-content\\\/uploads\\\/Bitmap.png\",\"contentUrl\":\"https:\\\/\\\/matis.is\\\/wp-content\\\/uploads\\\/Bitmap.png\",\"width\":1920,\"height\":1080},{\"@type\":\"BreadcrumbList\",\"@id\":\"https:\\\/\\\/matis.is\\\/framtidmatvaela\\\/#breadcrumb\",\"itemListElement\":[{\"@type\":\"ListItem\",\"position\":1,\"name\":\"Home\",\"item\":\"https:\\\/\\\/matis.is\\\/\"},{\"@type\":\"ListItem\",\"position\":2,\"name\":\"Hva\u00f0 ver\u00f0ur \u00ed matinn? &#8211; M\u00e1l\u00feing Mat\u00eds um framt\u00ed\u00f0 matv\u00e6laframlei\u00f0slu\"}]},{\"@type\":\"WebSite\",\"@id\":\"https:\\\/\\\/matis.is\\\/#website\",\"url\":\"https:\\\/\\\/matis.is\\\/\",\"name\":\"Mat\u00eds\",\"description\":\"Ver\u00f0m\u00e6task\u00f6pun, matv\u00e6la\u00f6ryggi og l\u00fd\u00f0heilsa\",\"publisher\":{\"@id\":\"https:\\\/\\\/matis.is\\\/#organization\"},\"potentialAction\":[{\"@type\":\"SearchAction\",\"target\":{\"@type\":\"EntryPoint\",\"urlTemplate\":\"https:\\\/\\\/matis.is\\\/?s={search_term_string}\"},\"query-input\":{\"@type\":\"PropertyValueSpecification\",\"valueRequired\":true,\"valueName\":\"search_term_string\"}}],\"inLanguage\":\"en-GB\"},{\"@type\":\"Organization\",\"@id\":\"https:\\\/\\\/matis.is\\\/#organization\",\"name\":\"Mat\u00eds ohf.\",\"url\":\"https:\\\/\\\/matis.is\\\/\",\"logo\":{\"@type\":\"ImageObject\",\"inLanguage\":\"en-GB\",\"@id\":\"https:\\\/\\\/matis.is\\\/#\\\/schema\\\/logo\\\/image\\\/\",\"url\":\"https:\\\/\\\/matis.is\\\/wp-content\\\/uploads\\\/2021\\\/02\\\/matis_logo_blatthvitt.png\",\"contentUrl\":\"https:\\\/\\\/matis.is\\\/wp-content\\\/uploads\\\/2021\\\/02\\\/matis_logo_blatthvitt.png\",\"width\":1507,\"height\":1507,\"caption\":\"Mat\u00eds ohf.\"},\"image\":{\"@id\":\"https:\\\/\\\/matis.is\\\/#\\\/schema\\\/logo\\\/image\\\/\"},\"sameAs\":[\"https:\\\/\\\/www.facebook.com\\\/matisiceland\",\"https:\\\/\\\/x.com\\\/matisiceland\",\"https:\\\/\\\/www.instagram.com\\\/matisiceland\\\/\",\"https:\\\/\\\/www.linkedin.com\\\/matisiceland\\\/\",\"https:\\\/\\\/www.youtube.com\\\/channel\\\/UCY-frt3uTqgVZW-DLjoo5bA\"]}]}<\/script>\n<!-- \/ Yoast SEO plugin. -->","yoast_head_json":{"title":"What will be for dinner? - Mat\u00eds&#039; seminar on the future of food production - Mat\u00eds","robots":{"index":"index","follow":"follow","max-snippet":"max-snippet:-1","max-image-preview":"max-image-preview:large","max-video-preview":"max-video-preview:-1"},"canonical":"https:\/\/matis.is\/en\/framtidmatvaela\/","og_locale":"en_GB","og_type":"article","og_title":"Hva\u00f0 ver\u00f0ur \u00ed matinn? - M\u00e1l\u00feing Mat\u00eds um framt\u00ed\u00f0 matv\u00e6laframlei\u00f0slu - Mat\u00eds","og_description":"31 ma\u00ed, 2024, 9:00 &#8211; 12:30 | Nor\u00f0urlj\u00f3sasalur H\u00f6rpu A\u00f0alfyrirlesarar: Fundarstj\u00f3rn: Bergur Ebbi Dagskr\u00e1 9:00 Kynning fundarstj\u00f3ra &#8211; Bergur Ebbi [&hellip;]","og_url":"https:\/\/matis.is\/en\/framtidmatvaela\/","og_site_name":"Mat\u00eds","article_publisher":"https:\/\/www.facebook.com\/matisiceland","article_modified_time":"2024-05-29T11:42:52+00:00","og_image":[{"width":1920,"height":1080,"url":"https:\/\/matis.is\/wp-content\/uploads\/Bitmap.png","type":"image\/png"}],"twitter_card":"summary_large_image","twitter_site":"@matisiceland","twitter_misc":{"Estimated reading time":"2 minutes"},"schema":{"@context":"https:\/\/schema.org","@graph":[{"@type":"WebPage","@id":"https:\/\/matis.is\/framtidmatvaela\/","url":"https:\/\/matis.is\/framtidmatvaela\/","name":"What will be for dinner? - Mat\u00eds&#039; seminar on the future of food production - Mat\u00eds","isPartOf":{"@id":"https:\/\/matis.is\/#website"},"primaryImageOfPage":{"@id":"https:\/\/matis.is\/framtidmatvaela\/#primaryimage"},"image":{"@id":"https:\/\/matis.is\/framtidmatvaela\/#primaryimage"},"thumbnailUrl":"https:\/\/matis.is\/wp-content\/uploads\/Bitmap.png","datePublished":"2023-05-22T12:11:33+00:00","dateModified":"2024-05-29T11:42:52+00:00","breadcrumb":{"@id":"https:\/\/matis.is\/framtidmatvaela\/#breadcrumb"},"inLanguage":"en-GB","potentialAction":[{"@type":"ReadAction","target":["https:\/\/matis.is\/framtidmatvaela\/"]}]},{"@type":"ImageObject","inLanguage":"en-GB","@id":"https:\/\/matis.is\/framtidmatvaela\/#primaryimage","url":"https:\/\/matis.is\/wp-content\/uploads\/Bitmap.png","contentUrl":"https:\/\/matis.is\/wp-content\/uploads\/Bitmap.png","width":1920,"height":1080},{"@type":"BreadcrumbList","@id":"https:\/\/matis.is\/framtidmatvaela\/#breadcrumb","itemListElement":[{"@type":"ListItem","position":1,"name":"Home","item":"https:\/\/matis.is\/"},{"@type":"ListItem","position":2,"name":"Hva\u00f0 ver\u00f0ur \u00ed matinn? &#8211; M\u00e1l\u00feing Mat\u00eds um framt\u00ed\u00f0 matv\u00e6laframlei\u00f0slu"}]},{"@type":"WebSite","@id":"https:\/\/matis.is\/#website","url":"https:\/\/matis.is\/","name":"Mat\u00eds","description":"Value creation, food security and public health","publisher":{"@id":"https:\/\/matis.is\/#organization"},"potentialAction":[{"@type":"SearchAction","target":{"@type":"EntryPoint","urlTemplate":"https:\/\/matis.is\/?s={search_term_string}"},"query-input":{"@type":"PropertyValueSpecification","valueRequired":true,"valueName":"search_term_string"}}],"inLanguage":"en-GB"},{"@type":"Organization","@id":"https:\/\/matis.is\/#organization","name":"Mat\u00eds ohf.","url":"https:\/\/matis.is\/","logo":{"@type":"ImageObject","inLanguage":"en-GB","@id":"https:\/\/matis.is\/#\/schema\/logo\/image\/","url":"https:\/\/matis.is\/wp-content\/uploads\/2021\/02\/matis_logo_blatthvitt.png","contentUrl":"https:\/\/matis.is\/wp-content\/uploads\/2021\/02\/matis_logo_blatthvitt.png","width":1507,"height":1507,"caption":"Mat\u00eds ohf."},"image":{"@id":"https:\/\/matis.is\/#\/schema\/logo\/image\/"},"sameAs":["https:\/\/www.facebook.com\/matisiceland","https:\/\/x.com\/matisiceland","https:\/\/www.instagram.com\/matisiceland\/","https:\/\/www.linkedin.com\/matisiceland\/","https:\/\/www.youtube.com\/channel\/UCY-frt3uTqgVZW-DLjoo5bA"]}]}},"spectra_custom_meta":{"_edit_lock":["1716982973:1"],"_wp_page_template":["templates\/template-cover.php"],"_edit_last":["1"],"valmynd_a_undirsidu":["0"],"_valmynd_a_undirsidu":["field_5f9970348837c"],"undirvalmynd_a_parentsidu":["0"],"_undirvalmynd_a_parentsidu":["field_5f9addfe68a79"],"tengilidur":[""],"_tengilidur":["field_5ef905e0538b2"],"_yoast_wpseo_content_score":["90"],"_yoast_wpseo_estimated-reading-time-minutes":["2"],"_yoast_wpseo_wordproof_timestamp":[""],"_thumbnail_id":["51300"],"_uag_css_file_name":["uag-css-49802.css"],"_uag_page_assets":["a:9:{s:3:\"css\";s:0:\"\";s:2:\"js\";s:0:\"\";s:18:\"current_block_list\";a:9:{i:0;s:12:\"core\/heading\";i:1;s:12:\"core\/columns\";i:2;s:11:\"core\/column\";i:3;s:12:\"core\/buttons\";i:4;s:11:\"core\/button\";i:5;s:14:\"core\/paragraph\";i:6;s:9:\"core\/list\";i:7;s:14:\"core\/list-item\";i:8;s:10:\"core\/table\";}s:8:\"uag_flag\";b:0;s:11:\"uag_version\";s:10:\"1777300790\";s:6:\"gfonts\";a:0:{}s:10:\"gfonts_url\";s:0:\"\";s:12:\"gfonts_files\";a:0:{}s:14:\"uag_faq_layout\";b:0;}"]},"uagb_featured_image_src":{"full":["https:\/\/matis.is\/wp-content\/uploads\/Bitmap.png",1920,1080,false],"thumbnail":["https:\/\/matis.is\/wp-content\/uploads\/Bitmap-150x150.png",150,150,true],"medium":["https:\/\/matis.is\/wp-content\/uploads\/Bitmap-300x169.png",300,169,true],"medium_large":["https:\/\/matis.is\/wp-content\/uploads\/Bitmap-768x432.png",768,432,true],"large":["https:\/\/matis.is\/wp-content\/uploads\/Bitmap-1024x576.png",1024,576,true],"1536x1536":["https:\/\/matis.is\/wp-content\/uploads\/Bitmap-1536x864.png",1536,864,true],"2048x2048":["https:\/\/matis.is\/wp-content\/uploads\/Bitmap.png",1920,1080,false],"trp-custom-language-flag":["https:\/\/matis.is\/wp-content\/uploads\/Bitmap-18x10.png",18,10,true]},"uagb_author_info":{"display_name":"admin","author_link":"https:\/\/matis.is\/en\/author\/thormodurmatis-is\/"},"uagb_comment_info":0,"uagb_excerpt":"31 ma\u00ed, 2024, 9:00 &#8211; 12:30 | Nor\u00f0urlj\u00f3sasalur H\u00f6rpu A\u00f0alfyrirlesarar: Fundarstj\u00f3rn: Bergur Ebbi Dagskr\u00e1 9:00 Kynning fundarstj\u00f3ra &#8211; Bergur Ebbi [&hellip;]","_links":{"self":[{"href":"https:\/\/matis.is\/en\/wp-json\/wp\/v2\/pages\/49802","targetHints":{"allow":["GET"]}}],"collection":[{"href":"https:\/\/matis.is\/en\/wp-json\/wp\/v2\/pages"}],"about":[{"href":"https:\/\/matis.is\/en\/wp-json\/wp\/v2\/types\/page"}],"author":[{"embeddable":true,"href":"https:\/\/matis.is\/en\/wp-json\/wp\/v2\/users\/1"}],"replies":[{"embeddable":true,"href":"https:\/\/matis.is\/en\/wp-json\/wp\/v2\/comments?post=49802"}],"version-history":[{"count":36,"href":"https:\/\/matis.is\/en\/wp-json\/wp\/v2\/pages\/49802\/revisions"}],"predecessor-version":[{"id":52738,"href":"https:\/\/matis.is\/en\/wp-json\/wp\/v2\/pages\/49802\/revisions\/52738"}],"wp:featuredmedia":[{"embeddable":true,"href":"https:\/\/matis.is\/en\/wp-json\/wp\/v2\/media\/51300"}],"wp:attachment":[{"href":"https:\/\/matis.is\/en\/wp-json\/wp\/v2\/media?parent=49802"}],"curies":[{"name":"wp","href":"https:\/\/api.w.org\/{rel}","templated":true}]}}