{"id":50867,"date":"2023-10-04T15:50:13","date_gmt":"2023-10-04T15:50:13","guid":{"rendered":"https:\/\/matis.is\/?page_id=50867"},"modified":"2026-02-03T10:18:39","modified_gmt":"2026-02-03T10:18:39","slug":"hvanneyri","status":"publish","type":"page","link":"https:\/\/matis.is\/en\/um-matis\/starfsstodvar\/hvanneyri\/","title":{"rendered":"Mat\u00eds in Hvanneyri"},"content":{"rendered":"<h4 class=\"wp-block-heading\">At Mat\u00eds&#039; location in the west, staff work on research and consultancy with a focus on diverse agriculture. <\/h4>\n\n\n\n<p>Mat\u00eds&#039; western branch is at Hvanneyrargatu 3 in Borgarfj\u00f6r\u00f0ur and there are two employees there. The research and consulting of staff in the West is not limited to the region, but a lot of work is done in teams with people and companies from all over the country as well as abroad. The main focus has been livestock products and other agricultural products, side streams, product development, internal control, quality issues and consumers, but in addition, staff in the West have taught part-time at both the University of Iceland and the Agricultural University of Iceland. <\/p>\n\n\n\n<p>The area has great future potential in food production, and underutilized opportunities drip like butter from every straw. Natural resources, knowledge, human resources and geographical location are important factors that support that claim.<\/p>\n\n\n\n<p><strong>Hvanneyrargata 3 <\/strong><br><strong>311 Borgarnes<\/strong><br><strong>Phone: 422 5140<\/strong><\/p>\n\n\n\t\t\t<div \n\t\t\tclass=\"wp-block-uagb-google-map uagb-google-map__wrap uagb-block-5ba21791\"\n\t\t\tstyle=\"\" >\n\t\t\t\t<embed\n\t\t\t\t\tclass=\"uagb-google-map__iframe\"\n\t\t\t\t\ttitle=\"Google Map for \"\n\t\t\t\t\tsrc=\"https:\/\/maps.google.com\/maps?q=Hvanneyrargata%203&#038;z=12&#038;hl=en&#038;t=m&#038;output=embed&#038;iwloc=near\"\n\t\t\t\t\twidth=\"640\"\n\t\t\t\t\theight=\"300\"\n\t\t\t\t\tloading=\"lazy\"\n\t\t\t\t><\/embed>\n\t\t\t<\/div>","protected":false},"excerpt":{"rendered":"<p>\u00c1 starfsst\u00f6\u00f0 Mat\u00eds \u00e1 vesturlandi f\u00e6st starfsf\u00f3lk vi\u00f0 ranns\u00f3knir og r\u00e1\u00f0gj\u00f6f me\u00f0 \u00e1herslu \u00e1 fj\u00f6lbreyttan landb\u00fana\u00f0. Vesturlands\u00fatib\u00fa Mat\u00eds er \u00e1 [&hellip;]<\/p>\n","protected":false},"author":1,"featured_media":51042,"parent":214,"menu_order":0,"comment_status":"closed","ping_status":"closed","template":"","meta":{"_acf_changed":false,"_uag_custom_page_level_css":"","site-sidebar-layout":"default","site-content-layout":"","ast-site-content-layout":"default","site-content-style":"default","site-sidebar-style":"default","ast-global-header-display":"","ast-banner-title-visibility":"","ast-main-header-display":"","ast-hfb-above-header-display":"","ast-hfb-below-header-display":"","ast-hfb-mobile-header-display":"","site-post-title":"","ast-breadcrumbs-content":"","ast-featured-img":"","footer-sml-layout":"","ast-disable-related-posts":"","theme-transparent-header-meta":"","adv-header-id-meta":"","stick-header-meta":"","header-above-stick-meta":"","header-main-stick-meta":"","header-below-stick-meta":"","astra-migrate-meta-layouts":"default","ast-page-background-enabled":"default","ast-page-background-meta":{"desktop":{"background-color":"var(--ast-global-color-5)","background-image":"","background-repeat":"repeat","background-position":"center center","background-size":"auto","background-attachment":"scroll","background-type":"","background-media":"","overlay-type":"","overlay-color":"","overlay-opacity":"","overlay-gradient":""},"tablet":{"background-color":"","background-image":"","background-repeat":"repeat","background-position":"center center","background-size":"auto","background-attachment":"scroll","background-type":"","background-media":"","overlay-type":"","overlay-color":"","overlay-opacity":"","overlay-gradient":""},"mobile":{"background-color":"","background-image":"","background-repeat":"repeat","background-position":"center center","background-size":"auto","background-attachment":"scroll","background-type":"","background-media":"","overlay-type":"","overlay-color":"","overlay-opacity":"","overlay-gradient":""}},"ast-content-background-meta":{"desktop":{"background-color":"var(--ast-global-color-4)","background-image":"","background-repeat":"repeat","background-position":"center center","background-size":"auto","background-attachment":"scroll","background-type":"","background-media":"","overlay-type":"","overlay-color":"","overlay-opacity":"","overlay-gradient":""},"tablet":{"background-color":"var(--ast-global-color-4)","background-image":"","background-repeat":"repeat","background-position":"center center","background-size":"auto","background-attachment":"scroll","background-type":"","background-media":"","overlay-type":"","overlay-color":"","overlay-opacity":"","overlay-gradient":""},"mobile":{"background-color":"var(--ast-global-color-4)","background-image":"","background-repeat":"repeat","background-position":"center center","background-size":"auto","background-attachment":"scroll","background-type":"","background-media":"","overlay-type":"","overlay-color":"","overlay-opacity":"","overlay-gradient":""}},"footnotes":""},"class_list":["post-50867","page","type-page","status-publish","has-post-thumbnail","hentry"],"acf":[],"yoast_head":"<!-- This site is optimized with the Yoast SEO plugin v27.4 - https:\/\/yoast.com\/product\/yoast-seo-wordpress\/ -->\n<title>Mat\u00eds \u00e1 Hvanneyri - Mat\u00eds<\/title>\n<meta name=\"robots\" content=\"index, follow, max-snippet:-1, max-image-preview:large, max-video-preview:-1\" \/>\n<link rel=\"canonical\" href=\"https:\/\/matis.is\/en\/um-matis\/starfsstodvar\/hvanneyri\/\" \/>\n<meta property=\"og:locale\" content=\"en_GB\" \/>\n<meta property=\"og:type\" content=\"article\" \/>\n<meta property=\"og:title\" content=\"Mat\u00eds \u00e1 Hvanneyri - Mat\u00eds\" \/>\n<meta property=\"og:description\" content=\"\u00c1 starfsst\u00f6\u00f0 Mat\u00eds \u00e1 vesturlandi f\u00e6st starfsf\u00f3lk vi\u00f0 ranns\u00f3knir og r\u00e1\u00f0gj\u00f6f me\u00f0 \u00e1herslu \u00e1 fj\u00f6lbreyttan landb\u00fana\u00f0. Vesturlands\u00fatib\u00fa Mat\u00eds er \u00e1 [&hellip;]\" \/>\n<meta property=\"og:url\" content=\"https:\/\/matis.is\/en\/um-matis\/starfsstodvar\/hvanneyri\/\" \/>\n<meta property=\"og:site_name\" content=\"Mat\u00eds\" \/>\n<meta property=\"article:publisher\" content=\"https:\/\/www.facebook.com\/matisiceland\" \/>\n<meta property=\"article:modified_time\" content=\"2026-02-03T10:18:39+00:00\" \/>\n<meta property=\"og:image\" content=\"https:\/\/matis.is\/wp-content\/uploads\/hvanneyri-starfsstodvefsida.jpg\" \/>\n\t<meta property=\"og:image:width\" content=\"2048\" \/>\n\t<meta property=\"og:image:height\" content=\"700\" \/>\n\t<meta property=\"og:image:type\" content=\"image\/jpeg\" \/>\n<meta name=\"twitter:card\" content=\"summary_large_image\" \/>\n<meta name=\"twitter:site\" content=\"@matisiceland\" \/>\n<meta name=\"twitter:label1\" content=\"Estimated reading time\" \/>\n\t<meta name=\"twitter:data1\" content=\"1 minute\" \/>\n<script type=\"application\/ld+json\" class=\"yoast-schema-graph\">{\"@context\":\"https:\\\/\\\/schema.org\",\"@graph\":[{\"@type\":\"WebPage\",\"@id\":\"https:\\\/\\\/matis.is\\\/en\\\/um-matis\\\/starfsstodvar\\\/hvanneyri\\\/\",\"url\":\"https:\\\/\\\/matis.is\\\/en\\\/um-matis\\\/starfsstodvar\\\/hvanneyri\\\/\",\"name\":\"Mat\u00eds \u00e1 Hvanneyri - Mat\u00eds\",\"isPartOf\":{\"@id\":\"https:\\\/\\\/matis.is\\\/#website\"},\"primaryImageOfPage\":{\"@id\":\"https:\\\/\\\/matis.is\\\/en\\\/um-matis\\\/starfsstodvar\\\/hvanneyri\\\/#primaryimage\"},\"image\":{\"@id\":\"https:\\\/\\\/matis.is\\\/en\\\/um-matis\\\/starfsstodvar\\\/hvanneyri\\\/#primaryimage\"},\"thumbnailUrl\":\"https:\\\/\\\/matis.is\\\/wp-content\\\/uploads\\\/hvanneyri-starfsstodvefsida.jpg\",\"datePublished\":\"2023-10-04T15:50:13+00:00\",\"dateModified\":\"2026-02-03T10:18:39+00:00\",\"breadcrumb\":{\"@id\":\"https:\\\/\\\/matis.is\\\/en\\\/um-matis\\\/starfsstodvar\\\/hvanneyri\\\/#breadcrumb\"},\"inLanguage\":\"en-GB\",\"potentialAction\":[{\"@type\":\"ReadAction\",\"target\":[\"https:\\\/\\\/matis.is\\\/en\\\/um-matis\\\/starfsstodvar\\\/hvanneyri\\\/\"]}]},{\"@type\":\"ImageObject\",\"inLanguage\":\"en-GB\",\"@id\":\"https:\\\/\\\/matis.is\\\/en\\\/um-matis\\\/starfsstodvar\\\/hvanneyri\\\/#primaryimage\",\"url\":\"https:\\\/\\\/matis.is\\\/wp-content\\\/uploads\\\/hvanneyri-starfsstodvefsida.jpg\",\"contentUrl\":\"https:\\\/\\\/matis.is\\\/wp-content\\\/uploads\\\/hvanneyri-starfsstodvefsida.jpg\",\"width\":2048,\"height\":700},{\"@type\":\"BreadcrumbList\",\"@id\":\"https:\\\/\\\/matis.is\\\/en\\\/um-matis\\\/starfsstodvar\\\/hvanneyri\\\/#breadcrumb\",\"itemListElement\":[{\"@type\":\"ListItem\",\"position\":1,\"name\":\"Home\",\"item\":\"https:\\\/\\\/matis.is\\\/\"},{\"@type\":\"ListItem\",\"position\":2,\"name\":\"Starfsemi Mat\u00eds\",\"item\":\"https:\\\/\\\/matis.is\\\/um-matis\\\/\"},{\"@type\":\"ListItem\",\"position\":3,\"name\":\"Starfsst\u00f6\u00f0var\",\"item\":\"https:\\\/\\\/matis.is\\\/um-matis\\\/starfsstodvar\\\/\"},{\"@type\":\"ListItem\",\"position\":4,\"name\":\"Mat\u00eds \u00e1 Hvanneyri\"}]},{\"@type\":\"WebSite\",\"@id\":\"https:\\\/\\\/matis.is\\\/#website\",\"url\":\"https:\\\/\\\/matis.is\\\/\",\"name\":\"Mat\u00eds\",\"description\":\"Ver\u00f0m\u00e6task\u00f6pun, matv\u00e6la\u00f6ryggi og l\u00fd\u00f0heilsa\",\"publisher\":{\"@id\":\"https:\\\/\\\/matis.is\\\/#organization\"},\"potentialAction\":[{\"@type\":\"SearchAction\",\"target\":{\"@type\":\"EntryPoint\",\"urlTemplate\":\"https:\\\/\\\/matis.is\\\/?s={search_term_string}\"},\"query-input\":{\"@type\":\"PropertyValueSpecification\",\"valueRequired\":true,\"valueName\":\"search_term_string\"}}],\"inLanguage\":\"en-GB\"},{\"@type\":\"Organization\",\"@id\":\"https:\\\/\\\/matis.is\\\/#organization\",\"name\":\"Mat\u00eds ohf.\",\"url\":\"https:\\\/\\\/matis.is\\\/\",\"logo\":{\"@type\":\"ImageObject\",\"inLanguage\":\"en-GB\",\"@id\":\"https:\\\/\\\/matis.is\\\/#\\\/schema\\\/logo\\\/image\\\/\",\"url\":\"https:\\\/\\\/matis.is\\\/wp-content\\\/uploads\\\/2021\\\/02\\\/matis_logo_blatthvitt.png\",\"contentUrl\":\"https:\\\/\\\/matis.is\\\/wp-content\\\/uploads\\\/2021\\\/02\\\/matis_logo_blatthvitt.png\",\"width\":1507,\"height\":1507,\"caption\":\"Mat\u00eds ohf.\"},\"image\":{\"@id\":\"https:\\\/\\\/matis.is\\\/#\\\/schema\\\/logo\\\/image\\\/\"},\"sameAs\":[\"https:\\\/\\\/www.facebook.com\\\/matisiceland\",\"https:\\\/\\\/x.com\\\/matisiceland\",\"https:\\\/\\\/www.instagram.com\\\/matisiceland\\\/\",\"https:\\\/\\\/www.linkedin.com\\\/matisiceland\\\/\",\"https:\\\/\\\/www.youtube.com\\\/channel\\\/UCY-frt3uTqgVZW-DLjoo5bA\"]}]}<\/script>\n<!-- \/ Yoast SEO plugin. -->","yoast_head_json":{"title":"Mat\u00eds \u00e1 Hvanneyri - Mat\u00eds","robots":{"index":"index","follow":"follow","max-snippet":"max-snippet:-1","max-image-preview":"max-image-preview:large","max-video-preview":"max-video-preview:-1"},"canonical":"https:\/\/matis.is\/en\/um-matis\/starfsstodvar\/hvanneyri\/","og_locale":"en_GB","og_type":"article","og_title":"Mat\u00eds \u00e1 Hvanneyri - Mat\u00eds","og_description":"\u00c1 starfsst\u00f6\u00f0 Mat\u00eds \u00e1 vesturlandi f\u00e6st starfsf\u00f3lk vi\u00f0 ranns\u00f3knir og r\u00e1\u00f0gj\u00f6f me\u00f0 \u00e1herslu \u00e1 fj\u00f6lbreyttan landb\u00fana\u00f0. Vesturlands\u00fatib\u00fa Mat\u00eds er \u00e1 [&hellip;]","og_url":"https:\/\/matis.is\/en\/um-matis\/starfsstodvar\/hvanneyri\/","og_site_name":"Mat\u00eds","article_publisher":"https:\/\/www.facebook.com\/matisiceland","article_modified_time":"2026-02-03T10:18:39+00:00","og_image":[{"width":2048,"height":700,"url":"https:\/\/matis.is\/wp-content\/uploads\/hvanneyri-starfsstodvefsida.jpg","type":"image\/jpeg"}],"twitter_card":"summary_large_image","twitter_site":"@matisiceland","twitter_misc":{"Estimated reading time":"1 minute"},"schema":{"@context":"https:\/\/schema.org","@graph":[{"@type":"WebPage","@id":"https:\/\/matis.is\/en\/um-matis\/starfsstodvar\/hvanneyri\/","url":"https:\/\/matis.is\/en\/um-matis\/starfsstodvar\/hvanneyri\/","name":"Mat\u00eds \u00e1 Hvanneyri - Mat\u00eds","isPartOf":{"@id":"https:\/\/matis.is\/#website"},"primaryImageOfPage":{"@id":"https:\/\/matis.is\/en\/um-matis\/starfsstodvar\/hvanneyri\/#primaryimage"},"image":{"@id":"https:\/\/matis.is\/en\/um-matis\/starfsstodvar\/hvanneyri\/#primaryimage"},"thumbnailUrl":"https:\/\/matis.is\/wp-content\/uploads\/hvanneyri-starfsstodvefsida.jpg","datePublished":"2023-10-04T15:50:13+00:00","dateModified":"2026-02-03T10:18:39+00:00","breadcrumb":{"@id":"https:\/\/matis.is\/en\/um-matis\/starfsstodvar\/hvanneyri\/#breadcrumb"},"inLanguage":"en-GB","potentialAction":[{"@type":"ReadAction","target":["https:\/\/matis.is\/en\/um-matis\/starfsstodvar\/hvanneyri\/"]}]},{"@type":"ImageObject","inLanguage":"en-GB","@id":"https:\/\/matis.is\/en\/um-matis\/starfsstodvar\/hvanneyri\/#primaryimage","url":"https:\/\/matis.is\/wp-content\/uploads\/hvanneyri-starfsstodvefsida.jpg","contentUrl":"https:\/\/matis.is\/wp-content\/uploads\/hvanneyri-starfsstodvefsida.jpg","width":2048,"height":700},{"@type":"BreadcrumbList","@id":"https:\/\/matis.is\/en\/um-matis\/starfsstodvar\/hvanneyri\/#breadcrumb","itemListElement":[{"@type":"ListItem","position":1,"name":"Home","item":"https:\/\/matis.is\/"},{"@type":"ListItem","position":2,"name":"Starfsemi Mat\u00eds","item":"https:\/\/matis.is\/um-matis\/"},{"@type":"ListItem","position":3,"name":"Starfsst\u00f6\u00f0var","item":"https:\/\/matis.is\/um-matis\/starfsstodvar\/"},{"@type":"ListItem","position":4,"name":"Mat\u00eds \u00e1 Hvanneyri"}]},{"@type":"WebSite","@id":"https:\/\/matis.is\/#website","url":"https:\/\/matis.is\/","name":"Mat\u00eds","description":"Value creation, food security and public health","publisher":{"@id":"https:\/\/matis.is\/#organization"},"potentialAction":[{"@type":"SearchAction","target":{"@type":"EntryPoint","urlTemplate":"https:\/\/matis.is\/?s={search_term_string}"},"query-input":{"@type":"PropertyValueSpecification","valueRequired":true,"valueName":"search_term_string"}}],"inLanguage":"en-GB"},{"@type":"Organization","@id":"https:\/\/matis.is\/#organization","name":"Mat\u00eds ohf.","url":"https:\/\/matis.is\/","logo":{"@type":"ImageObject","inLanguage":"en-GB","@id":"https:\/\/matis.is\/#\/schema\/logo\/image\/","url":"https:\/\/matis.is\/wp-content\/uploads\/2021\/02\/matis_logo_blatthvitt.png","contentUrl":"https:\/\/matis.is\/wp-content\/uploads\/2021\/02\/matis_logo_blatthvitt.png","width":1507,"height":1507,"caption":"Mat\u00eds ohf."},"image":{"@id":"https:\/\/matis.is\/#\/schema\/logo\/image\/"},"sameAs":["https:\/\/www.facebook.com\/matisiceland","https:\/\/x.com\/matisiceland","https:\/\/www.instagram.com\/matisiceland\/","https:\/\/www.linkedin.com\/matisiceland\/","https:\/\/www.youtube.com\/channel\/UCY-frt3uTqgVZW-DLjoo5bA"]}]}},"spectra_custom_meta":{"_edit_lock":["1770117922:7"],"_thumbnail_id":["51042"],"_wp_page_template":["default"],"_edit_last":["7"],"_yoast_wpseo_focuskw":["Mat\u00eds \u00e1 Hvanneyri"],"_yoast_wpseo_linkdex":["58"],"_yoast_wpseo_estimated-reading-time-minutes":["1"],"_yoast_wpseo_wordproof_timestamp":[""],"valmynd_a_undirsidu":["1"],"_valmynd_a_undirsidu":["field_5f9970348837c"],"undirvalmynd_a_parentsidu":["0"],"_undirvalmynd_a_parentsidu":["field_5f9addfe68a79"],"tengilidur":["28155"],"_tengilidur":["field_5ef905e0538b2"],"coordinates":["a:12:{s:7:\"address\";s:37:\"Hrafnafl\u00f6t 7, 311 Hvanneyri, \u00cdsland\";s:3:\"lat\";d:64.56255348880964;s:3:\"lng\";d:-21.770335682617198;s:4:\"zoom\";i:14;s:8:\"place_id\";s:27:\"ChIJ12e-tGnJ1UgRwo9bTiDD5EM\";s:13:\"street_number\";s:1:\"7\";s:11:\"street_name\";s:11:\"Hrafnafl\u00f6t\";s:4:\"city\";s:9:\"Hvanneyri\";s:5:\"state\";s:12:\"Borgarbygg\u00f0\";s:9:\"post_code\";s:3:\"311\";s:7:\"country\";s:7:\"\u00cdsland\";s:13:\"country_short\";s:2:\"IS\";}"],"_coordinates":["field_5fa1a4d735f77"],"_yoast_wpseo_content_score":["90"],"footnotes":[""],"cmplz_hide_cookiebanner":[""],"_uag_css_file_name":["uag-css-50867.css"],"_uag_page_assets":["a:9:{s:3:\"css\";s:417:\".uagb-google-map__wrap{display:flex}.uagb-google-map__wrap .uagb-google-map__iframe{width:100%;box-shadow:none;border:none;padding:0;margin:0}\n .uagb-block-5ba21791 .uagb-google-map__iframe{height: 300px;}@media only screen and (max-width: 976px) { .uagb-block-5ba21791 .uagb-google-map__iframe{height: 300px;}}@media only screen and (max-width: 767px) { .uagb-block-5ba21791 .uagb-google-map__iframe{height: 300px;}}\";s:2:\"js\";s:0:\"\";s:18:\"current_block_list\";a:7:{i:0;s:12:\"core\/heading\";i:1;s:14:\"core\/paragraph\";i:2;s:15:\"uagb\/google-map\";i:3;s:12:\"core\/buttons\";i:4;s:11:\"core\/button\";i:5;s:12:\"core\/columns\";i:6;s:11:\"core\/column\";}s:8:\"uag_flag\";b:1;s:11:\"uag_version\";s:10:\"1776432937\";s:6:\"gfonts\";a:0:{}s:10:\"gfonts_url\";s:0:\"\";s:12:\"gfonts_files\";a:0:{}s:14:\"uag_faq_layout\";b:0;}"]},"uagb_featured_image_src":{"full":["https:\/\/matis.is\/wp-content\/uploads\/hvanneyri-starfsstodvefsida.jpg",2048,700,false],"thumbnail":["https:\/\/matis.is\/wp-content\/uploads\/hvanneyri-starfsstodvefsida-150x150.jpg",150,150,true],"medium":["https:\/\/matis.is\/wp-content\/uploads\/hvanneyri-starfsstodvefsida-300x103.jpg",300,103,true],"medium_large":["https:\/\/matis.is\/wp-content\/uploads\/hvanneyri-starfsstodvefsida-768x263.jpg",768,263,true],"large":["https:\/\/matis.is\/wp-content\/uploads\/hvanneyri-starfsstodvefsida-1024x350.jpg",1024,350,true],"1536x1536":["https:\/\/matis.is\/wp-content\/uploads\/hvanneyri-starfsstodvefsida-1536x525.jpg",1536,525,true],"2048x2048":["https:\/\/matis.is\/wp-content\/uploads\/hvanneyri-starfsstodvefsida.jpg",2048,700,false],"trp-custom-language-flag":["https:\/\/matis.is\/wp-content\/uploads\/hvanneyri-starfsstodvefsida-18x6.jpg",18,6,true]},"uagb_author_info":{"display_name":"admin","author_link":"https:\/\/matis.is\/en\/author\/thormodurmatis-is\/"},"uagb_comment_info":0,"uagb_excerpt":"\u00c1 starfsst\u00f6\u00f0 Mat\u00eds \u00e1 vesturlandi f\u00e6st starfsf\u00f3lk vi\u00f0 ranns\u00f3knir og r\u00e1\u00f0gj\u00f6f me\u00f0 \u00e1herslu \u00e1 fj\u00f6lbreyttan landb\u00fana\u00f0. Vesturlands\u00fatib\u00fa Mat\u00eds er \u00e1 [&hellip;]","_links":{"self":[{"href":"https:\/\/matis.is\/en\/wp-json\/wp\/v2\/pages\/50867","targetHints":{"allow":["GET"]}}],"collection":[{"href":"https:\/\/matis.is\/en\/wp-json\/wp\/v2\/pages"}],"about":[{"href":"https:\/\/matis.is\/en\/wp-json\/wp\/v2\/types\/page"}],"author":[{"embeddable":true,"href":"https:\/\/matis.is\/en\/wp-json\/wp\/v2\/users\/1"}],"replies":[{"embeddable":true,"href":"https:\/\/matis.is\/en\/wp-json\/wp\/v2\/comments?post=50867"}],"version-history":[{"count":12,"href":"https:\/\/matis.is\/en\/wp-json\/wp\/v2\/pages\/50867\/revisions"}],"predecessor-version":[{"id":56646,"href":"https:\/\/matis.is\/en\/wp-json\/wp\/v2\/pages\/50867\/revisions\/56646"}],"up":[{"embeddable":true,"href":"https:\/\/matis.is\/en\/wp-json\/wp\/v2\/pages\/214"}],"wp:featuredmedia":[{"embeddable":true,"href":"https:\/\/matis.is\/en\/wp-json\/wp\/v2\/media\/51042"}],"wp:attachment":[{"href":"https:\/\/matis.is\/en\/wp-json\/wp\/v2\/media?parent=50867"}],"curies":[{"name":"wp","href":"https:\/\/api.w.org\/{rel}","templated":true}]}}