{"id":53811,"date":"2025-03-13T11:10:20","date_gmt":"2025-03-13T11:10:20","guid":{"rendered":"https:\/\/matis.is\/?page_id=53811"},"modified":"2025-10-03T09:09:24","modified_gmt":"2025-10-03T09:09:24","slug":"thjonustuskilmalar","status":"publish","type":"page","link":"https:\/\/matis.is\/en\/thjonustuskilmalar\/","title":{"rendered":"Terms of Service"},"content":{"rendered":"<h3 class=\"wp-block-heading\">MATIS\u2019 GENERAL TERMS AND CONDITIONS<\/h3>\n\n\n\n<ol class=\"wp-block-list\">\n<li><strong>SCOPE<\/strong><\/li>\n<\/ol>\n\n\n\n<p>These general terms shall apply to projects carried out by Matis. What is not specified in the agreement and its appendices where applicable, is outside the scope of this Agreement. The agreement and its appendices shall enter into force upon signature. These terms apply to all communication and tasks regarding the project and the incidents thereof.<\/p>\n\n\n\n<p>2. <strong>PROJECT MANAGEMENT AND OBLIGATIONS<\/strong><\/p>\n\n\n\n<p>The parties may specify a project management group\/project manager, if so decided, it is obliged to monitor progress of the project on a regular basis. The project owner or its representatives are obliged to advise Matis on the execution of the project and ensure that necessary equipment and information are available and at hand as needed to resolve the project. Matis commits to perform to the best of its ability and complete the project on time. Matis is obliged to request information from the project owner that Matis considers necessary to complete the project. Matis may subcontract the execution of the entire project or individual parts. However, Matis shall supervise the work and inform the project owner of its progress.<\/p>\n\n\n\n<p>3. <strong>DELAYS AND CHANGES<\/strong><\/p>\n\n\n\n<p>Work duration is based on the assumptions given in the schedule. If the project owner changes the specifications after the commencement of work and the work is delayed as a consequence, Matis is not to be held responsible for the delay. The project owner is entirely responsible for the delays resulting from an incorrect protocol.<\/p>\n\n\n\n<p>Similarly, if the protocol is inaccurate. Matis is not responsible for delays caused by unforeseen circumstances such as strikes, import restrictions, fires or other such events that cannot be anticipated. Delays occurring in the project, due to lack of information or tools and equipment\u2019s belonging to the project owner, or delays on decisions regarding work, are the responsibility of the project owner. In case of predicted delay on Matis work the project owner shall be informed as soon as possible.<\/p>\n\n\n\n<p>4. <strong>CONFIDENTIALITY<\/strong><\/p>\n\n\n\n<p>\u00cd tengslum vi\u00f0 samstarf a\u00f0ila kunna a\u00f0 ver\u00f0a afhentar uppl\u00fdsingar, g\u00f6gn e\u00f0a anna\u00f0, b\u00e6\u00f0i skriflega og munnlega, sem mikilv\u00e6gt er fyrir a\u00f0ila a\u00f0 nj\u00f3ti tr\u00fana\u00f0ar. A\u00f0ilar eru samm\u00e1la um \u00fea\u00f0 a\u00f0 \u00f6ll sl\u00edk g\u00f6gn\/uppl\u00fdsingar, sem a\u00f0ilar gefa til kynna me\u00f0 einum e\u00f0a \u00f6\u00f0rum h\u00e6tti skriflega, munnlega e\u00f0a rafr\u00e6nt, s\u00e9u tr\u00fana\u00f0arg\u00f6gn\/tr\u00fana\u00f0aruppl\u00fdsingar, sem og g\u00f6gn og uppl\u00fdsingar sem samkv\u00e6mt efni \u00feeirra er e\u00f0lilegt a\u00f0 fari leynt, skuli a\u00f0ilar halda leyndum eins og um eigin tr\u00fana\u00f0aruppl\u00fdsingar\/g\u00f6gn v\u00e6ri a\u00f0 r\u00e6\u00f0a. A\u00f0ilar skuldbinda sig jafnframt til a\u00f0 tryggja a\u00f0 allir starfsmenn sem a\u00f0 verkefninu koma \u00e1 \u00feeirra vegum s\u00e9u uppl\u00fdstir um \u00feessa tr\u00fana\u00f0arskyldu og a\u00f0 \u00feeir s\u00e9u jafnframt, \u00ed gegnum r\u00e1\u00f0ningarsamninga s\u00edna, bundnir fullum tr\u00fana\u00f0i \u00ed tengslum vi\u00f0 vinnu s\u00edna vi\u00f0 verkefni\u00f0. Tr\u00fana\u00f0arskylda \u00feessi skal gilda \u00ed 5 \u00e1r fr\u00e1 og me\u00f0 lokum verkefnisins.<\/p>\n\n\n\n<p>5. <strong>PAYMENTS<\/strong><\/p>\n\n\n\n<p>In general, all work performed by Matis will be accrued based on Matis tariffs unless otherwise agreed. Work performed by or for Matis by contractors is invoiced at the end of each month or by an agreed payment for accrued labour and other costs. The invoice due date is within 20 days of the date thereof, or otherwise Matis may demand penalty as they are determined by the Central Bank from time to time. Payments under this agreement shall be adjusted in accordance with changes in Matis tariffs. Matis is not required to report to the project owner on such changes.<\/p>\n\n\n\n<p>6. <strong>ARREARS\/ NON-PAYMENT<\/strong><\/p>\n\n\n\n<p>In case of non-payment by the project owner according to the clause on PAYMENTS above, Matis may, in addition to an admission of interest on arrears, stop work until full payment has been made and is not responsible for the delays that occur due to this reason. Furthermore, Matis can terminate this agreement and charge the cost incurred by lawsuit. Project results are Matis property until full payment has been made.<\/p>\n\n\n\n<p>7. <strong>LIMITATION OF LIABILITY<\/strong><\/p>\n\n\n\n<p>To the fullest extent permitted under Icelandic law, the total liability of Matis, including its directors, employees, and contractors, for any and all claims arising out of or in connection with the project, shall be limited to the total amount paid by the project owner for the project in the last 3 months before the event giving rise to the claim.\nIn no event shall Matis be liable for any indirect, incidental, special, or consequential damages, including but not limited to loss of profits, loss of data, or reputational harm. Nothing in this agreement shall exclude or limit liability for damages resulting from gross negligence, willful misconduct, or fraud on the part of Matis\u2019s employees.\nThe project owner acknowledges that services provided in relation to the project are for research and informational purposes only and do not constitute regulatory, legal, or nutritional advice. The project owner remains solely responsible for any decisions or actions taken based on the results or recommendations provided.\nMatis is not responsible for results of the project. The project owner is obliged to pay for Matis work regardless of the outcome of the project.<\/p>\n\n\n\n<p>Verkkaupi sam\u00feykkir a\u00f0 \u00fej\u00f3nusta Mat\u00eds s\u00e9 eing\u00f6ngu veitt \u00ed ranns\u00f3knar- og uppl\u00fdsingaskyni og feli ekki \u00ed s\u00e9r r\u00e1\u00f0gj\u00f6f um l\u00f6g og regluger\u00f0ir sem gilda um verkkaupa e\u00f0a n\u00e6ringarlei\u00f0beiningar. Verkkaupi ber einn \u00e1byrg\u00f0 \u00e1 \u00e1kv\u00f6r\u00f0unum e\u00f0a a\u00f0ger\u00f0um sem hann tekur \u00e1 grundvelli ni\u00f0ursta\u00f0na verkefnisins. Mat\u00eds ber ekki \u00e1byrg\u00f0 \u00e1 \u00e1kve\u00f0num ni\u00f0urst\u00f6\u00f0um verkefnisins. Verkkaupa ber a\u00f0 grei\u00f0a fyrir vinnu Mat\u00eds \u00f3h\u00e1\u00f0 \u00e1rangri af verkefninu.<\/p>\n\n\n\n<p>8. <strong>INTELLECTUAL PROPERTY RIGHTS<\/strong><\/p>\n\n\n\n<p>In this Agreement the parties may utilize various knowledge such as and not limited to copyrighted works, inventions, ideas, methods, trade secrets or other rights belonging to either party at the beginning of the project (prior knowledge). Both parties agree that any such rights existing at the beginning of the project shall remain the property of the relevant party. This will furthermore be the case although such prior knowledge will be used in the project, that is any use of such prior knowledge (whether protected or not) in the project, will have no effect on ownership of the said knowledge. If a new work to which copyright applies, an invention that will possibly be protected by a patent, an idea, a method, a trade secret or any other new knowledge that did not exist upon the initiation of the project is generated during the project, that knowledge, solution, invention or anything else that may be generated will become the property of the party that invented it in connection with its work in the project. If new knowledge, that is considered to be the joint property of the parties, is created, the parties are obliged to make a special contract between them in relation to that joint property and how it will be treated in addition to the rule set forth here after concerning possible application for protection of the new knowledge. In such a contract the parties, are obliged to determine each party\u2019s share of the property. In any case and if the intention is to apply for protection for the knowledge and\/or invention concerned, the parties should apply collaboratively and share the costs in proportion to each party\u2019s share in the property. If one party to the joint property is not interested in applying for protection for such invention\/new knowledge, it is obliged to assign its right to apply for protection to the other party. That party can then apply for a patent or other IP right for the invention\/new knowledge and consequently carry all costs. Scientific papers, reports and reporting project results will be published in the following order unless the authors agreed otherwise.<\/p>\n\n\n\n<p>9. <strong>DISPUTES<\/strong><\/p>\n\n\n\n<p>This Agreement is governed by Icelandic law. Should there be disagreement regarding the items to which this agreement applies to, the paties are obliged to do everything possible to settle such a disagreement by reconciliation. If not successful, any disbute, controversy or claim arisiong under, out of or relating to this ageeement and any subsequest amendments of this agreement, including, without limitation, its formation, validity, binding effect, interpretation, performance, breach or termination, as well as non-contractual claims, shall be submitted to the District Court of Reykjavik, Iceland, that shall have exclusive jurisdiction. &nbsp;<\/p>\n\n\n\n<p>10. <strong>TERMINATION<\/strong><\/p>\n\n\n\n<ol class=\"wp-block-list\"><\/ol>\n\n\n\n<p>Notwithstanding Article 2 TIME-DURATION, if either party commits any material breach of any of the terms of this Agreement and that breach (if capable of remedy) is not remedied within 30 days of notice being given requiring it to be remedied and where such breach is not capable of remedy, the terminating party shall be entitled to terminate the Agreement with immediate effect. This Agreement may not be amended except in writing and signed by both parties. All notices to be given hereunder shall be in writing or e-mail and may be served by registered letter with return of receipt requested to the addresses at the head of this Agreement or to such other addresses as either party may from time to time designate to other party by written notice. Neither party may assign or sub-contract its rights or obligations hereunder without the prior written consent of the other party.<\/p>","protected":false},"excerpt":{"rendered":"<p>ALMENNIR SKILM\u00c1LAR MAT\u00cdS OHF. Almennir skilm\u00e1lar \u00feessir gilda um verkefni unnin af Mat\u00eds samkv\u00e6mt verksamningi. \u00dea\u00f0 sem ekki er nefnt [&hellip;]<\/p>\n","protected":false},"author":3,"featured_media":0,"parent":0,"menu_order":0,"comment_status":"closed","ping_status":"closed","template":"plain-singular.php","meta":{"_acf_changed":false,"_uag_custom_page_level_css":"","site-sidebar-layout":"default","site-content-layout":"","ast-site-content-layout":"default","site-content-style":"default","site-sidebar-style":"default","ast-global-header-display":"","ast-banner-title-visibility":"","ast-main-header-display":"","ast-hfb-above-header-display":"","ast-hfb-below-header-display":"","ast-hfb-mobile-header-display":"","site-post-title":"","ast-breadcrumbs-content":"","ast-featured-img":"","footer-sml-layout":"","ast-disable-related-posts":"","theme-transparent-header-meta":"","adv-header-id-meta":"","stick-header-meta":"","header-above-stick-meta":"","header-main-stick-meta":"","header-below-stick-meta":"","astra-migrate-meta-layouts":"default","ast-page-background-enabled":"default","ast-page-background-meta":{"desktop":{"background-color":"var(--ast-global-color-5)","background-image":"","background-repeat":"repeat","background-position":"center center","background-size":"auto","background-attachment":"scroll","background-type":"","background-media":"","overlay-type":"","overlay-color":"","overlay-opacity":"","overlay-gradient":""},"tablet":{"background-color":"","background-image":"","background-repeat":"repeat","background-position":"center center","background-size":"auto","background-attachment":"scroll","background-type":"","background-media":"","overlay-type":"","overlay-color":"","overlay-opacity":"","overlay-gradient":""},"mobile":{"background-color":"","background-image":"","background-repeat":"repeat","background-position":"center center","background-size":"auto","background-attachment":"scroll","background-type":"","background-media":"","overlay-type":"","overlay-color":"","overlay-opacity":"","overlay-gradient":""}},"ast-content-background-meta":{"desktop":{"background-color":"var(--ast-global-color-4)","background-image":"","background-repeat":"repeat","background-position":"center center","background-size":"auto","background-attachment":"scroll","background-type":"","background-media":"","overlay-type":"","overlay-color":"","overlay-opacity":"","overlay-gradient":""},"tablet":{"background-color":"var(--ast-global-color-4)","background-image":"","background-repeat":"repeat","background-position":"center center","background-size":"auto","background-attachment":"scroll","background-type":"","background-media":"","overlay-type":"","overlay-color":"","overlay-opacity":"","overlay-gradient":""},"mobile":{"background-color":"var(--ast-global-color-4)","background-image":"","background-repeat":"repeat","background-position":"center center","background-size":"auto","background-attachment":"scroll","background-type":"","background-media":"","overlay-type":"","overlay-color":"","overlay-opacity":"","overlay-gradient":""}},"footnotes":""},"class_list":["post-53811","page","type-page","status-publish","hentry"],"acf":[],"yoast_head":"<!-- This site is optimized with the Yoast SEO plugin v27.4 - https:\/\/yoast.com\/product\/yoast-seo-wordpress\/ -->\n<title>\u00dej\u00f3nustuskilm\u00e1lar - Mat\u00eds<\/title>\n<meta name=\"robots\" content=\"index, follow, max-snippet:-1, max-image-preview:large, max-video-preview:-1\" \/>\n<link rel=\"canonical\" href=\"https:\/\/matis.is\/en\/thjonustuskilmalar\/\" \/>\n<meta property=\"og:locale\" content=\"en_GB\" \/>\n<meta property=\"og:type\" content=\"article\" \/>\n<meta property=\"og:title\" content=\"\u00dej\u00f3nustuskilm\u00e1lar - Mat\u00eds\" \/>\n<meta property=\"og:description\" content=\"ALMENNIR SKILM\u00c1LAR MAT\u00cdS OHF. Almennir skilm\u00e1lar \u00feessir gilda um verkefni unnin af Mat\u00eds samkv\u00e6mt verksamningi. \u00dea\u00f0 sem ekki er nefnt [&hellip;]\" \/>\n<meta property=\"og:url\" content=\"https:\/\/matis.is\/en\/thjonustuskilmalar\/\" \/>\n<meta property=\"og:site_name\" content=\"Mat\u00eds\" \/>\n<meta property=\"article:publisher\" content=\"https:\/\/www.facebook.com\/matisiceland\" \/>\n<meta property=\"article:modified_time\" content=\"2025-10-03T09:09:24+00:00\" \/>\n<meta name=\"twitter:card\" content=\"summary_large_image\" \/>\n<meta name=\"twitter:site\" content=\"@matisiceland\" \/>\n<meta name=\"twitter:label1\" content=\"Estimated reading time\" \/>\n\t<meta name=\"twitter:data1\" content=\"7 minutes\" \/>\n<script type=\"application\/ld+json\" class=\"yoast-schema-graph\">{\"@context\":\"https:\\\/\\\/schema.org\",\"@graph\":[{\"@type\":\"WebPage\",\"@id\":\"https:\\\/\\\/matis.is\\\/thjonustuskilmalar\\\/\",\"url\":\"https:\\\/\\\/matis.is\\\/thjonustuskilmalar\\\/\",\"name\":\"\u00dej\u00f3nustuskilm\u00e1lar - Mat\u00eds\",\"isPartOf\":{\"@id\":\"https:\\\/\\\/matis.is\\\/#website\"},\"datePublished\":\"2025-03-13T11:10:20+00:00\",\"dateModified\":\"2025-10-03T09:09:24+00:00\",\"breadcrumb\":{\"@id\":\"https:\\\/\\\/matis.is\\\/thjonustuskilmalar\\\/#breadcrumb\"},\"inLanguage\":\"en-GB\",\"potentialAction\":[{\"@type\":\"ReadAction\",\"target\":[\"https:\\\/\\\/matis.is\\\/thjonustuskilmalar\\\/\"]}]},{\"@type\":\"BreadcrumbList\",\"@id\":\"https:\\\/\\\/matis.is\\\/thjonustuskilmalar\\\/#breadcrumb\",\"itemListElement\":[{\"@type\":\"ListItem\",\"position\":1,\"name\":\"Home\",\"item\":\"https:\\\/\\\/matis.is\\\/\"},{\"@type\":\"ListItem\",\"position\":2,\"name\":\"\u00dej\u00f3nustuskilm\u00e1lar\"}]},{\"@type\":\"WebSite\",\"@id\":\"https:\\\/\\\/matis.is\\\/#website\",\"url\":\"https:\\\/\\\/matis.is\\\/\",\"name\":\"Mat\u00eds\",\"description\":\"Ver\u00f0m\u00e6task\u00f6pun, matv\u00e6la\u00f6ryggi og l\u00fd\u00f0heilsa\",\"publisher\":{\"@id\":\"https:\\\/\\\/matis.is\\\/#organization\"},\"potentialAction\":[{\"@type\":\"SearchAction\",\"target\":{\"@type\":\"EntryPoint\",\"urlTemplate\":\"https:\\\/\\\/matis.is\\\/?s={search_term_string}\"},\"query-input\":{\"@type\":\"PropertyValueSpecification\",\"valueRequired\":true,\"valueName\":\"search_term_string\"}}],\"inLanguage\":\"en-GB\"},{\"@type\":\"Organization\",\"@id\":\"https:\\\/\\\/matis.is\\\/#organization\",\"name\":\"Mat\u00eds ohf.\",\"url\":\"https:\\\/\\\/matis.is\\\/\",\"logo\":{\"@type\":\"ImageObject\",\"inLanguage\":\"en-GB\",\"@id\":\"https:\\\/\\\/matis.is\\\/#\\\/schema\\\/logo\\\/image\\\/\",\"url\":\"https:\\\/\\\/matis.is\\\/wp-content\\\/uploads\\\/2021\\\/02\\\/matis_logo_blatthvitt.png\",\"contentUrl\":\"https:\\\/\\\/matis.is\\\/wp-content\\\/uploads\\\/2021\\\/02\\\/matis_logo_blatthvitt.png\",\"width\":1507,\"height\":1507,\"caption\":\"Mat\u00eds ohf.\"},\"image\":{\"@id\":\"https:\\\/\\\/matis.is\\\/#\\\/schema\\\/logo\\\/image\\\/\"},\"sameAs\":[\"https:\\\/\\\/www.facebook.com\\\/matisiceland\",\"https:\\\/\\\/x.com\\\/matisiceland\",\"https:\\\/\\\/www.instagram.com\\\/matisiceland\\\/\",\"https:\\\/\\\/www.linkedin.com\\\/matisiceland\\\/\",\"https:\\\/\\\/www.youtube.com\\\/channel\\\/UCY-frt3uTqgVZW-DLjoo5bA\"]}]}<\/script>\n<!-- \/ Yoast SEO plugin. -->","yoast_head_json":{"title":"\u00dej\u00f3nustuskilm\u00e1lar - Mat\u00eds","robots":{"index":"index","follow":"follow","max-snippet":"max-snippet:-1","max-image-preview":"max-image-preview:large","max-video-preview":"max-video-preview:-1"},"canonical":"https:\/\/matis.is\/en\/thjonustuskilmalar\/","og_locale":"en_GB","og_type":"article","og_title":"\u00dej\u00f3nustuskilm\u00e1lar - Mat\u00eds","og_description":"ALMENNIR SKILM\u00c1LAR MAT\u00cdS OHF. Almennir skilm\u00e1lar \u00feessir gilda um verkefni unnin af Mat\u00eds samkv\u00e6mt verksamningi. \u00dea\u00f0 sem ekki er nefnt [&hellip;]","og_url":"https:\/\/matis.is\/en\/thjonustuskilmalar\/","og_site_name":"Mat\u00eds","article_publisher":"https:\/\/www.facebook.com\/matisiceland","article_modified_time":"2025-10-03T09:09:24+00:00","twitter_card":"summary_large_image","twitter_site":"@matisiceland","twitter_misc":{"Estimated reading time":"7 minutes"},"schema":{"@context":"https:\/\/schema.org","@graph":[{"@type":"WebPage","@id":"https:\/\/matis.is\/thjonustuskilmalar\/","url":"https:\/\/matis.is\/thjonustuskilmalar\/","name":"\u00dej\u00f3nustuskilm\u00e1lar - Mat\u00eds","isPartOf":{"@id":"https:\/\/matis.is\/#website"},"datePublished":"2025-03-13T11:10:20+00:00","dateModified":"2025-10-03T09:09:24+00:00","breadcrumb":{"@id":"https:\/\/matis.is\/thjonustuskilmalar\/#breadcrumb"},"inLanguage":"en-GB","potentialAction":[{"@type":"ReadAction","target":["https:\/\/matis.is\/thjonustuskilmalar\/"]}]},{"@type":"BreadcrumbList","@id":"https:\/\/matis.is\/thjonustuskilmalar\/#breadcrumb","itemListElement":[{"@type":"ListItem","position":1,"name":"Home","item":"https:\/\/matis.is\/"},{"@type":"ListItem","position":2,"name":"\u00dej\u00f3nustuskilm\u00e1lar"}]},{"@type":"WebSite","@id":"https:\/\/matis.is\/#website","url":"https:\/\/matis.is\/","name":"Mat\u00eds","description":"Value creation, food security and public health","publisher":{"@id":"https:\/\/matis.is\/#organization"},"potentialAction":[{"@type":"SearchAction","target":{"@type":"EntryPoint","urlTemplate":"https:\/\/matis.is\/?s={search_term_string}"},"query-input":{"@type":"PropertyValueSpecification","valueRequired":true,"valueName":"search_term_string"}}],"inLanguage":"en-GB"},{"@type":"Organization","@id":"https:\/\/matis.is\/#organization","name":"Mat\u00eds ohf.","url":"https:\/\/matis.is\/","logo":{"@type":"ImageObject","inLanguage":"en-GB","@id":"https:\/\/matis.is\/#\/schema\/logo\/image\/","url":"https:\/\/matis.is\/wp-content\/uploads\/2021\/02\/matis_logo_blatthvitt.png","contentUrl":"https:\/\/matis.is\/wp-content\/uploads\/2021\/02\/matis_logo_blatthvitt.png","width":1507,"height":1507,"caption":"Mat\u00eds ohf."},"image":{"@id":"https:\/\/matis.is\/#\/schema\/logo\/image\/"},"sameAs":["https:\/\/www.facebook.com\/matisiceland","https:\/\/x.com\/matisiceland","https:\/\/www.instagram.com\/matisiceland\/","https:\/\/www.linkedin.com\/matisiceland\/","https:\/\/www.youtube.com\/channel\/UCY-frt3uTqgVZW-DLjoo5bA"]}]}},"spectra_custom_meta":{"_edit_lock":["1759482564:3"],"_edit_last":["3"],"tengilidur":[""],"_tengilidur":["field_5ef905e0538b2"],"valmynd_a_undirsidu":["0"],"_valmynd_a_undirsidu":["field_5f9970348837c"],"undirvalmynd_a_parentsidu":["0"],"_undirvalmynd_a_parentsidu":["field_5f9addfe68a79"],"cmplz_hide_cookiebanner":[""],"_yoast_wpseo_content_score":["30"],"_yoast_wpseo_estimated-reading-time-minutes":["7"],"_wp_page_template":["plain-singular.php"],"_uag_css_file_name":["uag-css-53811.css"],"_uag_page_assets":["a:9:{s:3:\"css\";s:263:\".uag-blocks-common-selector{z-index:var(--z-index-desktop) !important}@media (max-width: 976px){.uag-blocks-common-selector{z-index:var(--z-index-tablet) !important}}@media (max-width: 767px){.uag-blocks-common-selector{z-index:var(--z-index-mobile) !important}}\n\";s:2:\"js\";s:0:\"\";s:18:\"current_block_list\";a:8:{i:0;s:12:\"core\/heading\";i:1;s:9:\"core\/list\";i:2;s:14:\"core\/list-item\";i:3;s:14:\"core\/paragraph\";i:4;s:12:\"core\/buttons\";i:5;s:11:\"core\/button\";i:6;s:12:\"core\/columns\";i:7;s:11:\"core\/column\";}s:8:\"uag_flag\";b:0;s:11:\"uag_version\";s:10:\"1777990982\";s:6:\"gfonts\";a:0:{}s:10:\"gfonts_url\";s:0:\"\";s:12:\"gfonts_files\";a:0:{}s:14:\"uag_faq_layout\";b:0;}"]},"uagb_featured_image_src":{"full":false,"thumbnail":false,"medium":false,"medium_large":false,"large":false,"1536x1536":false,"2048x2048":false,"trp-custom-language-flag":false},"uagb_author_info":{"display_name":"Krist\u00edn Edda Gylfad\u00f3ttir","author_link":"https:\/\/matis.is\/en\/author\/kristingmatis-is\/"},"uagb_comment_info":0,"uagb_excerpt":"ALMENNIR SKILM\u00c1LAR MAT\u00cdS OHF. Almennir skilm\u00e1lar \u00feessir gilda um verkefni unnin af Mat\u00eds samkv\u00e6mt verksamningi. \u00dea\u00f0 sem ekki er nefnt [&hellip;]","_links":{"self":[{"href":"https:\/\/matis.is\/en\/wp-json\/wp\/v2\/pages\/53811","targetHints":{"allow":["GET"]}}],"collection":[{"href":"https:\/\/matis.is\/en\/wp-json\/wp\/v2\/pages"}],"about":[{"href":"https:\/\/matis.is\/en\/wp-json\/wp\/v2\/types\/page"}],"author":[{"embeddable":true,"href":"https:\/\/matis.is\/en\/wp-json\/wp\/v2\/users\/3"}],"replies":[{"embeddable":true,"href":"https:\/\/matis.is\/en\/wp-json\/wp\/v2\/comments?post=53811"}],"version-history":[{"count":3,"href":"https:\/\/matis.is\/en\/wp-json\/wp\/v2\/pages\/53811\/revisions"}],"predecessor-version":[{"id":54598,"href":"https:\/\/matis.is\/en\/wp-json\/wp\/v2\/pages\/53811\/revisions\/54598"}],"wp:attachment":[{"href":"https:\/\/matis.is\/en\/wp-json\/wp\/v2\/media?parent=53811"}],"curies":[{"name":"wp","href":"https:\/\/api.w.org\/{rel}","templated":true}]}}