{"id":54334,"date":"2025-06-26T11:41:59","date_gmt":"2025-06-26T11:41:59","guid":{"rendered":"https:\/\/matis.is\/?page_id=54334"},"modified":"2025-12-04T09:07:53","modified_gmt":"2025-12-04T09:07:53","slug":"isreiknir","status":"publish","type":"page","link":"https:\/\/matis.is\/en\/isreiknir\/","title":{"rendered":"Ice calculator"},"content":{"rendered":"\n<h2 class=\"wp-block-heading\">\u00cdsreiknir<\/h2>\n\n\n\n<h4 class=\"wp-block-heading\">Reikniv\u00e9l til a\u00f0 meta hversu mikinn \u00eds \u00fearf til a\u00f0 k\u00e6la fisk ni\u00f0ur \u00ed 0\u00b0C og einnig til a\u00f0 vi\u00f0halda 0\u00b0C \u00ed fiski mi\u00f0a\u00f0 vi\u00f0 aflamagn, geymsluhitastig og fj\u00f6lda daga.<\/h4>\n\n\n<style>@media (max-width:480px){#cp_calculatedfieldsf_pform_1{min-height:662px;}}@media (max-width:768px){#cp_calculatedfieldsf_pform_1{min-height:689px;}}@media (max-width:1024px){#cp_calculatedfieldsf_pform_1{min-height:523px;}}@media (min-width:1024px){#cp_calculatedfieldsf_pform_1{min-height:544px;}}<\/style><form name=\"cp_calculatedfieldsf_pform_1\" id=\"cp_calculatedfieldsf_pform_1\" action=\"https:\/\/matis.is\/en\/isreiknir\/\" method=\"post\" enctype=\"multipart\/form-data\" onsubmit=\"return fbuilderjQuery.fbuilder.doValidate(this);\" class=\"cff-form no-prefetch  cff-form-3 cp_cff_13\"  dir=\"ltr\" data-nonce=\"29a0166035\">\n<input type=\"hidden\" name=\"cp_calculatedfieldsf_pform_psequence\" value=\"_1\" \/>\n<input type=\"hidden\" name=\"cp_calculatedfieldsf_id\" value=\"3\" \/>\n<input type=\"hidden\" name=\"cp_ref_page\" value=\"https:\/\/matis.is\" \/>\n<pre style=\"display:none !important;\"><script data-category=\"functional\" type=\"text\/javascript\">form_structure_1=[[{\"form_identifier\":\"\",\"name\":\"fieldname7\",\"fieldlayout\":\"default\",\"shortlabel\":\"\",\"index\":0,\"ftype\":\"fslider\",\"userhelp\":\"\",\"audiotutorial\":\"\",\"userhelpTooltip\":false,\"tooltipIcon\":false,\"csslayout\":\"\",\"hidefield\":false,\"advanced\":{\"css\":{\"container\":{\"label\":\"Field container div tag\",\"rules\":{}},\"label\":{\"label\":\"Field label\",\"rules\":{}},\"input\":{\"label\":\"Input tag\",\"rules\":{}},\"help\":{\"label\":\"Instructions for users\",\"rules\":{}},\"slider\":{\"label\":\"Slider\",\"rules\":{}},\"slider_handle\":{\"label\":\"Slider handle\",\"rules\":{}},\"slider_range\":{\"label\":\"Slider range\",\"rules\":{}},\"caption\":{\"label\":\"Caption\",\"rules\":{}},\"caption_left\":{\"label\":\"Left caption\",\"rules\":{}},\"caption_right\":{\"label\":\"Right caption\",\"rules\":{}}}},\"title\":\"Magn af fiski (kg)\",\"exclude\":false,\"readonly\":false,\"predefined\":\"\",\"predefinedMin\":\"\",\"predefinedMax\":\"\",\"predefinedClick\":false,\"size\":\"large\",\"thousandSeparator\":\",\",\"centSeparator\":\".\",\"typeValues\":false,\"min\":\"1\",\"max\":\"500\",\"step\":1,\"marks\":true,\"divisions\":5,\"range\":false,\"logarithmic\":false,\"caption\":\"{0}\",\"minCaption\":\"\",\"maxCaption\":\"\",\"fBuild\":{},\"parent\":\"\"},{\"form_identifier\":\"\",\"name\":\"fieldname10\",\"fieldlayout\":\"default\",\"shortlabel\":\"\",\"index\":1,\"ftype\":\"fslider\",\"userhelp\":\"\",\"audiotutorial\":\"\",\"userhelpTooltip\":false,\"tooltipIcon\":false,\"csslayout\":\"\",\"hidefield\":false,\"advanced\":{\"css\":{\"container\":{\"label\":\"Field container div tag\",\"rules\":{}},\"label\":{\"label\":\"Field label\",\"rules\":{}},\"input\":{\"label\":\"Input tag\",\"rules\":{}},\"help\":{\"label\":\"Instructions for users\",\"rules\":{}},\"slider\":{\"label\":\"Slider\",\"rules\":{}},\"slider_handle\":{\"label\":\"Slider handle\",\"rules\":{}},\"slider_range\":{\"label\":\"Slider range\",\"rules\":{}},\"caption\":{\"label\":\"Caption\",\"rules\":{}},\"caption_left\":{\"label\":\"Left caption\",\"rules\":{}},\"caption_right\":{\"label\":\"Right caption\",\"rules\":{}}}},\"title\":\"Dagar\",\"exclude\":false,\"readonly\":false,\"predefined\":\"\",\"predefinedMin\":\"\",\"predefinedMax\":\"\",\"predefinedClick\":false,\"size\":\"large\",\"thousandSeparator\":\",\",\"centSeparator\":\".\",\"typeValues\":false,\"min\":\"1\",\"max\":\"15\",\"step\":\"1\",\"marks\":false,\"divisions\":5,\"range\":false,\"logarithmic\":false,\"caption\":\"{0}\",\"minCaption\":\"\",\"maxCaption\":\"\",\"fBuild\":{},\"parent\":\"\"},{\"form_identifier\":\"\",\"name\":\"fieldname8\",\"fieldlayout\":\"default\",\"shortlabel\":\"\",\"index\":2,\"ftype\":\"fslider\",\"userhelp\":\"\",\"audiotutorial\":\"\",\"userhelpTooltip\":false,\"tooltipIcon\":false,\"csslayout\":\"\",\"hidefield\":false,\"advanced\":{\"css\":{\"container\":{\"label\":\"Field container div tag\",\"rules\":{}},\"label\":{\"label\":\"Field label\",\"rules\":{}},\"input\":{\"label\":\"Input tag\",\"rules\":{}},\"help\":{\"label\":\"Instructions for users\",\"rules\":{}},\"slider\":{\"label\":\"Slider\",\"rules\":{}},\"slider_handle\":{\"label\":\"Slider handle\",\"rules\":{}},\"slider_range\":{\"label\":\"Slider range\",\"rules\":{}},\"caption\":{\"label\":\"Caption\",\"rules\":{}},\"caption_left\":{\"label\":\"Left caption\",\"rules\":{}},\"caption_right\":{\"label\":\"Right caption\",\"rules\":{}}}},\"title\":\"Sj\\u00e1varhiti (\\u00b0C)\",\"exclude\":false,\"readonly\":false,\"predefined\":\"\",\"predefinedMin\":\"\",\"predefinedMax\":\"\",\"predefinedClick\":false,\"size\":\"large\",\"thousandSeparator\":\",\",\"centSeparator\":\".\",\"typeValues\":false,\"min\":\"0\",\"max\":\"20\",\"step\":1,\"marks\":true,\"divisions\":5,\"range\":false,\"logarithmic\":false,\"caption\":\"{0}\",\"minCaption\":\"\",\"maxCaption\":\"\",\"fBuild\":{},\"parent\":\"\"},{\"form_identifier\":\"\",\"name\":\"fieldname11\",\"fieldlayout\":\"default\",\"shortlabel\":\"\",\"index\":3,\"ftype\":\"fslider\",\"userhelp\":\"\",\"audiotutorial\":\"\",\"userhelpTooltip\":false,\"tooltipIcon\":false,\"csslayout\":\"\",\"hidefield\":false,\"advanced\":{\"css\":{\"container\":{\"label\":\"Field container div tag\",\"rules\":{}},\"label\":{\"label\":\"Field label\",\"rules\":{}},\"input\":{\"label\":\"Input tag\",\"rules\":{}},\"help\":{\"label\":\"Instructions for users\",\"rules\":{}},\"slider\":{\"label\":\"Slider\",\"rules\":{}},\"slider_handle\":{\"label\":\"Slider handle\",\"rules\":{}},\"slider_range\":{\"label\":\"Slider range\",\"rules\":{}},\"caption\":{\"label\":\"Caption\",\"rules\":{}},\"caption_left\":{\"label\":\"Left caption\",\"rules\":{}},\"caption_right\":{\"label\":\"Right caption\",\"rules\":{}}}},\"title\":\"Lofthiti (\\u00b0C)\",\"exclude\":false,\"readonly\":false,\"predefined\":\"\",\"predefinedMin\":\"\",\"predefinedMax\":\"\",\"predefinedClick\":false,\"size\":\"large\",\"thousandSeparator\":\",\",\"centSeparator\":\".\",\"typeValues\":false,\"min\":\"0\",\"max\":\"20\",\"step\":1,\"marks\":false,\"divisions\":5,\"range\":false,\"logarithmic\":false,\"caption\":\"{0}\",\"minCaption\":\"\",\"maxCaption\":\"\",\"fBuild\":{},\"parent\":\"\"},{\"dependencies\":[{\"rule\":\"\",\"complex\":false,\"fields\":[\"\"]}],\"form_identifier\":\"\",\"name\":\"fieldname9\",\"fieldlayout\":\"default\",\"shortlabel\":\"\",\"index\":4,\"ftype\":\"fCalculated\",\"userhelp\":\"\",\"audiotutorial\":\"\",\"userhelpTooltip\":false,\"tooltipIcon\":false,\"csslayout\":\"\",\"hidefield\":false,\"advanced\":{\"css\":{\"container\":{\"label\":\"Field container div tag\",\"rules\":{}},\"label\":{\"label\":\"Field label\",\"rules\":{\"font-size\":\"20px\"}},\"input\":{\"label\":\"Calculated field\",\"rules\":{\"font-weight\":\"bold\",\"font-size\":\"24px\"}},\"help\":{\"label\":\"Instructions for users\",\"rules\":{}}}},\"title\":\"\\u00cds\\u00fe\\u00f6rf\",\"_developerNotes\":\"\",\"predefined\":\"\",\"required\":false,\"exclude\":false,\"accept_html\":false,\"size\":\"small\",\"eq\":\"ROUND((fieldname7*0.0114*fieldname8) + (fieldname7*0.015*fieldname11*fieldname10))\",\"min\":\"\",\"max\":\"\",\"suffix\":\"\",\"prefix\":\"\",\"decimalsymbol\":\".\",\"groupingsymbol\":\"\",\"readonly\":true,\"currency\":false,\"noEvalIfManual\":true,\"formatDynamically\":false,\"dynamicEval\":true,\"validate\":false,\"fBuild\":{},\"parent\":\"\"}],{\"0\":{\"title\":\"\\u00cds\\u00fe\\u00f6rf mi\\u00f0a\\u00f0 vi\\u00f0 \\u00e1kve\\u00f0i\\u00f0 aflamagn\",\"titletag\":\"H3\",\"textalign\":\"default\",\"headertextcolor\":\"\",\"description\":\"\",\"formlayout\":\"top_aligned\",\"formtemplate\":\"cp_cff_13\",\"evalequations\":1,\"evalequations_delay\":0,\"evalequationsevent\":2,\"direction\":\"ltr\",\"loading_animation\":0,\"autocomplete\":1,\"persistence\":0,\"animate_form\":0,\"animation_effect\":\"fade\",\"customstyles\":\"\",\"advanced\":{\"css\":{\"title\":{\"label\":\"Form title\",\"rules\":{}},\"description\":{\"label\":\"Form description\",\"rules\":{}},\"form\":{\"label\":\"Form area\",\"rules\":{}},\"buttons\":{\"label\":\"Form context buttons (Next page, Previous page, Submit)\",\"rules\":{}},\"buttons_hover\":{\"label\":\"Form context buttons hover\",\"rules\":{}},\"error_bubble\":{\"label\":\"Error bubbles\",\"rules\":{}},\"error_bubble_arrow\":{\"label\":\"Error bubble arrow\",\"rules\":{\"border-bottom-color\":\"\"},\"restrict\":true},\"required_field_asterisk\":{\"label\":\"Asterisk for required fields\",\"rules\":{}}}}},\"formid\":\"cp_calculatedfieldsf_pform_1\"}];<\/script><\/pre>\n<div id=\"fbuilder\">\n\t\t<div id=\"fbuilder_1\">\n\t\t<div id=\"formheader_1\"><\/div>\n\t\t<div id=\"fieldlist_1\"><\/div>\n\t\t<div class=\"clearer\"><\/div>\n\t<\/div>\n<\/div>\n\t<div class=\"clearer\"><\/div>\n\t<input type=\"hidden\" id=\"_cpcff_public_nonce\" name=\"_cpcff_public_nonce\" value=\"483bec78ce\" \/><input type=\"hidden\" name=\"_wp_http_referer\" value=\"\/en\/wp-json\/wp\/v2\/pages\/54334\" \/><input type=\"hidden\" name=\"cff_form_start_time\" value=\"sIAs1l7Mu2SwmJYtZtjbbA==\"><\/form>\n\t\n","protected":false},"excerpt":{"rendered":"<p>\u00cdsreiknir Reikniv\u00e9l til a\u00f0 meta hversu mikinn \u00eds \u00fearf til a\u00f0 k\u00e6la fisk ni\u00f0ur \u00ed 0\u00b0C og einnig til a\u00f0 [&hellip;]<\/p>\n","protected":false},"author":7,"featured_media":0,"parent":0,"menu_order":0,"comment_status":"closed","ping_status":"closed","template":"","meta":{"_acf_changed":false,"_uag_custom_page_level_css":"","site-sidebar-layout":"default","site-content-layout":"","ast-site-content-layout":"default","site-content-style":"default","site-sidebar-style":"default","ast-global-header-display":"","ast-banner-title-visibility":"disabled","ast-main-header-display":"","ast-hfb-above-header-display":"","ast-hfb-below-header-display":"","ast-hfb-mobile-header-display":"","site-post-title":"","ast-breadcrumbs-content":"","ast-featured-img":"","footer-sml-layout":"","ast-disable-related-posts":"","theme-transparent-header-meta":"","adv-header-id-meta":"","stick-header-meta":"","header-above-stick-meta":"","header-main-stick-meta":"","header-below-stick-meta":"","astra-migrate-meta-layouts":"default","ast-page-background-enabled":"default","ast-page-background-meta":{"desktop":{"background-color":"var(--ast-global-color-5)","background-image":"","background-repeat":"repeat","background-position":"center center","background-size":"auto","background-attachment":"scroll","background-type":"","background-media":"","overlay-type":"","overlay-color":"","overlay-opacity":"","overlay-gradient":""},"tablet":{"background-color":"","background-image":"","background-repeat":"repeat","background-position":"center center","background-size":"auto","background-attachment":"scroll","background-type":"","background-media":"","overlay-type":"","overlay-color":"","overlay-opacity":"","overlay-gradient":""},"mobile":{"background-color":"","background-image":"","background-repeat":"repeat","background-position":"center center","background-size":"auto","background-attachment":"scroll","background-type":"","background-media":"","overlay-type":"","overlay-color":"","overlay-opacity":"","overlay-gradient":""}},"ast-content-background-meta":{"desktop":{"background-color":"var(--ast-global-color-4)","background-image":"","background-repeat":"repeat","background-position":"center center","background-size":"auto","background-attachment":"scroll","background-type":"","background-media":"","overlay-type":"","overlay-color":"","overlay-opacity":"","overlay-gradient":""},"tablet":{"background-color":"var(--ast-global-color-4)","background-image":"","background-repeat":"repeat","background-position":"center center","background-size":"auto","background-attachment":"scroll","background-type":"","background-media":"","overlay-type":"","overlay-color":"","overlay-opacity":"","overlay-gradient":""},"mobile":{"background-color":"var(--ast-global-color-4)","background-image":"","background-repeat":"repeat","background-position":"center center","background-size":"auto","background-attachment":"scroll","background-type":"","background-media":"","overlay-type":"","overlay-color":"","overlay-opacity":"","overlay-gradient":""}},"footnotes":""},"class_list":["post-54334","page","type-page","status-publish","hentry"],"acf":[],"yoast_head":"<!-- This site is optimized with the Yoast SEO plugin v27.2 - https:\/\/yoast.com\/product\/yoast-seo-wordpress\/ -->\n<title>\u00cdsreiknir - Mat\u00eds<\/title>\n<meta name=\"robots\" content=\"index, follow, max-snippet:-1, max-image-preview:large, max-video-preview:-1\" \/>\n<link rel=\"canonical\" href=\"https:\/\/matis.is\/en\/isreiknir\/\" \/>\n<meta property=\"og:locale\" content=\"en_GB\" \/>\n<meta property=\"og:type\" content=\"article\" \/>\n<meta property=\"og:title\" content=\"\u00cdsreiknir - Mat\u00eds\" \/>\n<meta property=\"og:description\" content=\"\u00cdsreiknir Reikniv\u00e9l til a\u00f0 meta hversu mikinn \u00eds \u00fearf til a\u00f0 k\u00e6la fisk ni\u00f0ur \u00ed 0\u00b0C og einnig til a\u00f0 [&hellip;]\" \/>\n<meta property=\"og:url\" content=\"https:\/\/matis.is\/en\/isreiknir\/\" \/>\n<meta property=\"og:site_name\" content=\"Mat\u00eds\" \/>\n<meta property=\"article:publisher\" content=\"https:\/\/www.facebook.com\/matisiceland\" \/>\n<meta property=\"article:modified_time\" content=\"2025-12-04T09:07:53+00:00\" \/>\n<meta name=\"twitter:card\" content=\"summary_large_image\" \/>\n<meta name=\"twitter:site\" content=\"@matisiceland\" \/>\n<meta name=\"twitter:label1\" content=\"Estimated reading time\" \/>\n\t<meta name=\"twitter:data1\" content=\"1 minute\" \/>\n<script type=\"application\/ld+json\" class=\"yoast-schema-graph\">{\"@context\":\"https:\/\/schema.org\",\"@graph\":[{\"@type\":\"WebPage\",\"@id\":\"https:\/\/matis.is\/isreiknir\/\",\"url\":\"https:\/\/matis.is\/isreiknir\/\",\"name\":\"\u00cdsreiknir - Mat\u00eds\",\"isPartOf\":{\"@id\":\"https:\/\/matis.is\/#website\"},\"datePublished\":\"2025-06-26T11:41:59+00:00\",\"dateModified\":\"2025-12-04T09:07:53+00:00\",\"breadcrumb\":{\"@id\":\"https:\/\/matis.is\/isreiknir\/#breadcrumb\"},\"inLanguage\":\"en-GB\",\"potentialAction\":[{\"@type\":\"ReadAction\",\"target\":[\"https:\/\/matis.is\/isreiknir\/\"]}]},{\"@type\":\"BreadcrumbList\",\"@id\":\"https:\/\/matis.is\/isreiknir\/#breadcrumb\",\"itemListElement\":[{\"@type\":\"ListItem\",\"position\":1,\"name\":\"Home\",\"item\":\"https:\/\/matis.is\/\"},{\"@type\":\"ListItem\",\"position\":2,\"name\":\"\u00cdsreiknir\"}]},{\"@type\":\"WebSite\",\"@id\":\"https:\/\/matis.is\/#website\",\"url\":\"https:\/\/matis.is\/\",\"name\":\"Mat\u00eds\",\"description\":\"Ver\u00f0m\u00e6task\u00f6pun, matv\u00e6la\u00f6ryggi og l\u00fd\u00f0heilsa\",\"publisher\":{\"@id\":\"https:\/\/matis.is\/#organization\"},\"potentialAction\":[{\"@type\":\"SearchAction\",\"target\":{\"@type\":\"EntryPoint\",\"urlTemplate\":\"https:\/\/matis.is\/?s={search_term_string}\"},\"query-input\":{\"@type\":\"PropertyValueSpecification\",\"valueRequired\":true,\"valueName\":\"search_term_string\"}}],\"inLanguage\":\"en-GB\"},{\"@type\":\"Organization\",\"@id\":\"https:\/\/matis.is\/#organization\",\"name\":\"Mat\u00eds ohf.\",\"url\":\"https:\/\/matis.is\/\",\"logo\":{\"@type\":\"ImageObject\",\"inLanguage\":\"en-GB\",\"@id\":\"https:\/\/matis.is\/#\/schema\/logo\/image\/\",\"url\":\"https:\/\/matis.is\/wp-content\/uploads\/2021\/02\/matis_logo_blatthvitt.png\",\"contentUrl\":\"https:\/\/matis.is\/wp-content\/uploads\/2021\/02\/matis_logo_blatthvitt.png\",\"width\":1507,\"height\":1507,\"caption\":\"Mat\u00eds ohf.\"},\"image\":{\"@id\":\"https:\/\/matis.is\/#\/schema\/logo\/image\/\"},\"sameAs\":[\"https:\/\/www.facebook.com\/matisiceland\",\"https:\/\/x.com\/matisiceland\",\"https:\/\/www.instagram.com\/matisiceland\/\",\"https:\/\/www.linkedin.com\/matisiceland\/\",\"https:\/\/www.youtube.com\/channel\/UCY-frt3uTqgVZW-DLjoo5bA\"]}]}<\/script>\n<!-- \/ Yoast SEO plugin. -->","yoast_head_json":{"title":"\u00cdsreiknir - Mat\u00eds","robots":{"index":"index","follow":"follow","max-snippet":"max-snippet:-1","max-image-preview":"max-image-preview:large","max-video-preview":"max-video-preview:-1"},"canonical":"https:\/\/matis.is\/en\/isreiknir\/","og_locale":"en_GB","og_type":"article","og_title":"\u00cdsreiknir - Mat\u00eds","og_description":"\u00cdsreiknir Reikniv\u00e9l til a\u00f0 meta hversu mikinn \u00eds \u00fearf til a\u00f0 k\u00e6la fisk ni\u00f0ur \u00ed 0\u00b0C og einnig til a\u00f0 [&hellip;]","og_url":"https:\/\/matis.is\/en\/isreiknir\/","og_site_name":"Mat\u00eds","article_publisher":"https:\/\/www.facebook.com\/matisiceland","article_modified_time":"2025-12-04T09:07:53+00:00","twitter_card":"summary_large_image","twitter_site":"@matisiceland","twitter_misc":{"Estimated reading time":"1 minute"},"schema":{"@context":"https:\/\/schema.org","@graph":[{"@type":"WebPage","@id":"https:\/\/matis.is\/isreiknir\/","url":"https:\/\/matis.is\/isreiknir\/","name":"\u00cdsreiknir - Mat\u00eds","isPartOf":{"@id":"https:\/\/matis.is\/#website"},"datePublished":"2025-06-26T11:41:59+00:00","dateModified":"2025-12-04T09:07:53+00:00","breadcrumb":{"@id":"https:\/\/matis.is\/isreiknir\/#breadcrumb"},"inLanguage":"en-GB","potentialAction":[{"@type":"ReadAction","target":["https:\/\/matis.is\/isreiknir\/"]}]},{"@type":"BreadcrumbList","@id":"https:\/\/matis.is\/isreiknir\/#breadcrumb","itemListElement":[{"@type":"ListItem","position":1,"name":"Home","item":"https:\/\/matis.is\/"},{"@type":"ListItem","position":2,"name":"\u00cdsreiknir"}]},{"@type":"WebSite","@id":"https:\/\/matis.is\/#website","url":"https:\/\/matis.is\/","name":"Mat\u00eds","description":"Value creation, food security and public health","publisher":{"@id":"https:\/\/matis.is\/#organization"},"potentialAction":[{"@type":"SearchAction","target":{"@type":"EntryPoint","urlTemplate":"https:\/\/matis.is\/?s={search_term_string}"},"query-input":{"@type":"PropertyValueSpecification","valueRequired":true,"valueName":"search_term_string"}}],"inLanguage":"en-GB"},{"@type":"Organization","@id":"https:\/\/matis.is\/#organization","name":"Mat\u00eds ohf.","url":"https:\/\/matis.is\/","logo":{"@type":"ImageObject","inLanguage":"en-GB","@id":"https:\/\/matis.is\/#\/schema\/logo\/image\/","url":"https:\/\/matis.is\/wp-content\/uploads\/2021\/02\/matis_logo_blatthvitt.png","contentUrl":"https:\/\/matis.is\/wp-content\/uploads\/2021\/02\/matis_logo_blatthvitt.png","width":1507,"height":1507,"caption":"Mat\u00eds ohf."},"image":{"@id":"https:\/\/matis.is\/#\/schema\/logo\/image\/"},"sameAs":["https:\/\/www.facebook.com\/matisiceland","https:\/\/x.com\/matisiceland","https:\/\/www.instagram.com\/matisiceland\/","https:\/\/www.linkedin.com\/matisiceland\/","https:\/\/www.youtube.com\/channel\/UCY-frt3uTqgVZW-DLjoo5bA"]}]}},"spectra_custom_meta":{"_edit_lock":["1764839281:7"],"_edit_last":["7"],"valmynd_a_undirsidu":["0"],"_valmynd_a_undirsidu":["field_5f9970348837c"],"undirvalmynd_a_parentsidu":["0"],"_undirvalmynd_a_parentsidu":["field_5f9addfe68a79"],"tengilidur":[""],"_tengilidur":["field_5ef905e0538b2"],"cmplz_hide_cookiebanner":[""],"_yoast_wpseo_content_score":["60"],"_yoast_wpseo_estimated-reading-time-minutes":["1"],"_wp_page_template":["default"],"_uag_custom_page_level_css":[""],"site-sidebar-layout":["default"],"site-content-layout":[""],"ast-site-content-layout":["default"],"site-content-style":["default"],"site-sidebar-style":["default"],"ast-global-header-display":[""],"ast-banner-title-visibility":["disabled"],"ast-main-header-display":[""],"ast-hfb-above-header-display":[""],"ast-hfb-below-header-display":[""],"ast-hfb-mobile-header-display":[""],"site-post-title":[""],"ast-breadcrumbs-content":[""],"ast-featured-img":[""],"footer-sml-layout":[""],"theme-transparent-header-meta":[""],"adv-header-id-meta":[""],"stick-header-meta":[""],"header-above-stick-meta":[""],"header-main-stick-meta":[""],"header-below-stick-meta":[""],"astra-migrate-meta-layouts":["default"],"ast-page-background-enabled":["default"],"ast-page-background-meta":["a:3:{s:7:\"desktop\";a:12:{s:16:\"background-color\";s:25:\"var(--ast-global-color-5)\";s:16:\"background-image\";s:0:\"\";s:17:\"background-repeat\";s:6:\"repeat\";s:19:\"background-position\";s:13:\"center center\";s:15:\"background-size\";s:4:\"auto\";s:21:\"background-attachment\";s:6:\"scroll\";s:15:\"background-type\";s:0:\"\";s:16:\"background-media\";s:0:\"\";s:12:\"overlay-type\";s:0:\"\";s:13:\"overlay-color\";s:0:\"\";s:15:\"overlay-opacity\";s:0:\"\";s:16:\"overlay-gradient\";s:0:\"\";}s:6:\"tablet\";a:12:{s:16:\"background-color\";s:0:\"\";s:16:\"background-image\";s:0:\"\";s:17:\"background-repeat\";s:6:\"repeat\";s:19:\"background-position\";s:13:\"center center\";s:15:\"background-size\";s:4:\"auto\";s:21:\"background-attachment\";s:6:\"scroll\";s:15:\"background-type\";s:0:\"\";s:16:\"background-media\";s:0:\"\";s:12:\"overlay-type\";s:0:\"\";s:13:\"overlay-color\";s:0:\"\";s:15:\"overlay-opacity\";s:0:\"\";s:16:\"overlay-gradient\";s:0:\"\";}s:6:\"mobile\";a:12:{s:16:\"background-color\";s:0:\"\";s:16:\"background-image\";s:0:\"\";s:17:\"background-repeat\";s:6:\"repeat\";s:19:\"background-position\";s:13:\"center center\";s:15:\"background-size\";s:4:\"auto\";s:21:\"background-attachment\";s:6:\"scroll\";s:15:\"background-type\";s:0:\"\";s:16:\"background-media\";s:0:\"\";s:12:\"overlay-type\";s:0:\"\";s:13:\"overlay-color\";s:0:\"\";s:15:\"overlay-opacity\";s:0:\"\";s:16:\"overlay-gradient\";s:0:\"\";}}"],"ast-content-background-meta":["a:3:{s:7:\"desktop\";a:12:{s:16:\"background-color\";s:25:\"var(--ast-global-color-4)\";s:16:\"background-image\";s:0:\"\";s:17:\"background-repeat\";s:6:\"repeat\";s:19:\"background-position\";s:13:\"center center\";s:15:\"background-size\";s:4:\"auto\";s:21:\"background-attachment\";s:6:\"scroll\";s:15:\"background-type\";s:0:\"\";s:16:\"background-media\";s:0:\"\";s:12:\"overlay-type\";s:0:\"\";s:13:\"overlay-color\";s:0:\"\";s:15:\"overlay-opacity\";s:0:\"\";s:16:\"overlay-gradient\";s:0:\"\";}s:6:\"tablet\";a:12:{s:16:\"background-color\";s:25:\"var(--ast-global-color-4)\";s:16:\"background-image\";s:0:\"\";s:17:\"background-repeat\";s:6:\"repeat\";s:19:\"background-position\";s:13:\"center center\";s:15:\"background-size\";s:4:\"auto\";s:21:\"background-attachment\";s:6:\"scroll\";s:15:\"background-type\";s:0:\"\";s:16:\"background-media\";s:0:\"\";s:12:\"overlay-type\";s:0:\"\";s:13:\"overlay-color\";s:0:\"\";s:15:\"overlay-opacity\";s:0:\"\";s:16:\"overlay-gradient\";s:0:\"\";}s:6:\"mobile\";a:12:{s:16:\"background-color\";s:25:\"var(--ast-global-color-4)\";s:16:\"background-image\";s:0:\"\";s:17:\"background-repeat\";s:6:\"repeat\";s:19:\"background-position\";s:13:\"center center\";s:15:\"background-size\";s:4:\"auto\";s:21:\"background-attachment\";s:6:\"scroll\";s:15:\"background-type\";s:0:\"\";s:16:\"background-media\";s:0:\"\";s:12:\"overlay-type\";s:0:\"\";s:13:\"overlay-color\";s:0:\"\";s:15:\"overlay-opacity\";s:0:\"\";s:16:\"overlay-gradient\";s:0:\"\";}}"],"footnotes":[""],"_uag_css_file_name":["uag-css-54334.css"],"_uag_page_assets":["a:9:{s:3:\"css\";s:263:\".uag-blocks-common-selector{z-index:var(--z-index-desktop) !important}@media (max-width: 976px){.uag-blocks-common-selector{z-index:var(--z-index-tablet) !important}}@media (max-width: 767px){.uag-blocks-common-selector{z-index:var(--z-index-mobile) !important}}\n\";s:2:\"js\";s:0:\"\";s:18:\"current_block_list\";a:7:{i:0;s:12:\"core\/heading\";i:1;s:14:\"core\/shortcode\";i:2;s:12:\"core\/buttons\";i:3;s:11:\"core\/button\";i:4;s:12:\"core\/columns\";i:5;s:11:\"core\/column\";i:6;s:14:\"core\/paragraph\";}s:8:\"uag_flag\";b:0;s:11:\"uag_version\";s:10:\"1775648310\";s:6:\"gfonts\";a:0:{}s:10:\"gfonts_url\";s:0:\"\";s:12:\"gfonts_files\";a:0:{}s:14:\"uag_faq_layout\";b:0;}"]},"uagb_featured_image_src":{"full":false,"thumbnail":false,"medium":false,"medium_large":false,"large":false,"1536x1536":false,"2048x2048":false,"trp-custom-language-flag":false},"uagb_author_info":{"display_name":"hilduryr@matis.is","author_link":"https:\/\/matis.is\/en\/author\/hilduryrmatis-is\/"},"uagb_comment_info":0,"uagb_excerpt":"\u00cdsreiknir Reikniv\u00e9l til a\u00f0 meta hversu mikinn \u00eds \u00fearf til a\u00f0 k\u00e6la fisk ni\u00f0ur \u00ed 0\u00b0C og einnig til a\u00f0 [&hellip;]","_links":{"self":[{"href":"https:\/\/matis.is\/en\/wp-json\/wp\/v2\/pages\/54334","targetHints":{"allow":["GET"]}}],"collection":[{"href":"https:\/\/matis.is\/en\/wp-json\/wp\/v2\/pages"}],"about":[{"href":"https:\/\/matis.is\/en\/wp-json\/wp\/v2\/types\/page"}],"author":[{"embeddable":true,"href":"https:\/\/matis.is\/en\/wp-json\/wp\/v2\/users\/7"}],"replies":[{"embeddable":true,"href":"https:\/\/matis.is\/en\/wp-json\/wp\/v2\/comments?post=54334"}],"version-history":[{"count":6,"href":"https:\/\/matis.is\/en\/wp-json\/wp\/v2\/pages\/54334\/revisions"}],"predecessor-version":[{"id":55399,"href":"https:\/\/matis.is\/en\/wp-json\/wp\/v2\/pages\/54334\/revisions\/55399"}],"wp:attachment":[{"href":"https:\/\/matis.is\/en\/wp-json\/wp\/v2\/media?parent=54334"}],"curies":[{"name":"wp","href":"https:\/\/api.w.org\/{rel}","templated":true}]}}