{"id":58,"date":"2020-10-26T09:29:18","date_gmt":"2020-10-26T09:29:18","guid":{"rendered":"https:\/\/matis.mareframe.eu\/?page_id=58"},"modified":"2021-09-01T13:26:30","modified_gmt":"2021-09-01T13:26:30","slug":"landbunadur","status":"publish","type":"page","link":"https:\/\/matis.is\/en\/lausnir-og-radgjof\/matvaelaframleidsla\/landbunadur\/","title":{"rendered":"Agriculture"},"content":{"rendered":"<h2 class=\"wp-block-heading\">The chemical composition of agricultural products is key<\/h2>\n\n\n\n<h4 class=\"wp-block-heading\">Icelandic agriculture has proved important to Icelanders, although its importance has diminished in a historical context in recent years and decades. Innovation in the production of agricultural products has been considerable, but there is still room for improvement.<\/h4>\n\n\n\n<p>The innovation took a certain leap, especially among smaller parties and entrepreneurs, following the project &quot;Meeting of designers and farmers&quot; but the project was a collaborative platform of the Iceland Academy of the Arts, Mat\u00eds, Erpsta\u00f0ir, L\u00f6ngum\u00fdri, Hala in Su\u00f0ursveit and M\u00f6\u00f0rudalur \u00e1 fj\u00f6llum, with grants from T\u00e6knij\u00f3\u00f0ur Rj\u00f3ni Landb\u00fana\u00f0arins and H\u00f6nnunarsj\u00f3\u00f0ur Aurora. The Designers &#039;and Farmers&#039; Meeting was an innovative project of the Academy of the Arts, where product designers and farmers competed with the aim of developing food products of the highest quality, starting in 2008 and ending in 2011.<\/p>\n\n\n\n<p>Mat\u00eds has contributed to Icelandic agriculture with expertise, research and innovation projects that have led to the production of excellent food that has found its way onto the market. In addition, Mat\u00eds has promoted innovation in agriculture through so-called Matarsmi\u00f0jar, which have been located in key locations throughout the country, often temporarily, which have given entrepreneurs the opportunity to develop their products in certified kitchens, well-equipped, and thus lay the foundation for better utilization of underutilized raw materials from the local environment and increased value creation of agriculture throughout the country.<\/p>\n\n\n\n<p>New opportunities lie ahead for Icelandic agriculture in the coming years. An increased flow of tourists offers marketing in Iceland of clean and unpolluted food produced from top quality raw materials to consumers who belong to a much larger market than here. A good reputation, where integrity is the guiding principle in all production and marketing, where scientific information is used in the right way to convey the key characteristics of Icelandic food, is the basis of all value creation. Consumers today not only want foods that taste good, contain quality ingredients and are produced in a sustainable way where nature is respected, but consumers also want the food to have a positive effect on physical activity and health, an effect that is confirmed by results scientific research.<\/p>\n\n\n\n<p>In this context, Icelandic food production is in a key position!<\/p>","protected":false},"excerpt":{"rendered":"<p>Efnasamsetning landb\u00fana\u00f0arafur\u00f0a er lykillinn \u00cdslenskur landb\u00fana\u00f0ur hefur reynst \u00cdslendingum mikilv\u00e6gur \u00fe\u00f3 mikilv\u00e6gi hans hafi minnka\u00f0 \u00ed s\u00f6gulegu samhengi undanfarin \u00e1r [&hellip;]<\/p>\n","protected":false},"author":1,"featured_media":33944,"parent":33254,"menu_order":0,"comment_status":"closed","ping_status":"closed","template":"templates\/template-cover.php","meta":{"_acf_changed":false,"_uag_custom_page_level_css":"","site-sidebar-layout":"default","site-content-layout":"","ast-site-content-layout":"default","site-content-style":"default","site-sidebar-style":"default","ast-global-header-display":"","ast-banner-title-visibility":"","ast-main-header-display":"","ast-hfb-above-header-display":"","ast-hfb-below-header-display":"","ast-hfb-mobile-header-display":"","site-post-title":"","ast-breadcrumbs-content":"","ast-featured-img":"","footer-sml-layout":"","ast-disable-related-posts":"","theme-transparent-header-meta":"","adv-header-id-meta":"","stick-header-meta":"","header-above-stick-meta":"","header-main-stick-meta":"","header-below-stick-meta":"","astra-migrate-meta-layouts":"default","ast-page-background-enabled":"default","ast-page-background-meta":{"desktop":{"background-color":"var(--ast-global-color-5)","background-image":"","background-repeat":"repeat","background-position":"center center","background-size":"auto","background-attachment":"scroll","background-type":"","background-media":"","overlay-type":"","overlay-color":"","overlay-opacity":"","overlay-gradient":""},"tablet":{"background-color":"","background-image":"","background-repeat":"repeat","background-position":"center center","background-size":"auto","background-attachment":"scroll","background-type":"","background-media":"","overlay-type":"","overlay-color":"","overlay-opacity":"","overlay-gradient":""},"mobile":{"background-color":"","background-image":"","background-repeat":"repeat","background-position":"center center","background-size":"auto","background-attachment":"scroll","background-type":"","background-media":"","overlay-type":"","overlay-color":"","overlay-opacity":"","overlay-gradient":""}},"ast-content-background-meta":{"desktop":{"background-color":"var(--ast-global-color-4)","background-image":"","background-repeat":"repeat","background-position":"center center","background-size":"auto","background-attachment":"scroll","background-type":"","background-media":"","overlay-type":"","overlay-color":"","overlay-opacity":"","overlay-gradient":""},"tablet":{"background-color":"var(--ast-global-color-4)","background-image":"","background-repeat":"repeat","background-position":"center center","background-size":"auto","background-attachment":"scroll","background-type":"","background-media":"","overlay-type":"","overlay-color":"","overlay-opacity":"","overlay-gradient":""},"mobile":{"background-color":"var(--ast-global-color-4)","background-image":"","background-repeat":"repeat","background-position":"center center","background-size":"auto","background-attachment":"scroll","background-type":"","background-media":"","overlay-type":"","overlay-color":"","overlay-opacity":"","overlay-gradient":""}},"footnotes":""},"class_list":["post-58","page","type-page","status-publish","has-post-thumbnail","hentry"],"acf":[],"yoast_head":"<!-- This site is optimized with the Yoast SEO plugin v27.2 - https:\/\/yoast.com\/product\/yoast-seo-wordpress\/ -->\n<title>Landb\u00fana\u00f0ur - Mat\u00eds<\/title>\n<meta name=\"description\" content=\"Mat\u00eds hefur lagt sitt af m\u00f6rkum til \u00edslensks landb\u00fana\u00f0ar me\u00f0 s\u00e9rfr\u00e6\u00f0i\u00feekkingu, ranns\u00f3knum og n\u00fdsk\u00f6punarverkefnum sem leitt hafa til framlei\u00f0slu \u00e1 \u00farvals matv\u00e6lum sem rata\u00f0 hafa \u00e1 marka\u00f0.\" \/>\n<meta name=\"robots\" content=\"index, follow, max-snippet:-1, max-image-preview:large, max-video-preview:-1\" \/>\n<link rel=\"canonical\" href=\"https:\/\/matis.is\/en\/solutions-and-advice-2\/matvaelaframleidsla\/landbunadur\/\" \/>\n<meta property=\"og:locale\" content=\"en_GB\" \/>\n<meta property=\"og:type\" content=\"article\" \/>\n<meta property=\"og:title\" content=\"Landb\u00fana\u00f0ur - Mat\u00eds\" \/>\n<meta property=\"og:description\" content=\"Mat\u00eds hefur lagt sitt af m\u00f6rkum til \u00edslensks landb\u00fana\u00f0ar me\u00f0 s\u00e9rfr\u00e6\u00f0i\u00feekkingu, ranns\u00f3knum og n\u00fdsk\u00f6punarverkefnum sem leitt hafa til framlei\u00f0slu \u00e1 \u00farvals matv\u00e6lum sem rata\u00f0 hafa \u00e1 marka\u00f0.\" \/>\n<meta property=\"og:url\" content=\"https:\/\/matis.is\/en\/solutions-and-advice-2\/matvaelaframleidsla\/landbunadur\/\" \/>\n<meta property=\"og:site_name\" content=\"Mat\u00eds\" \/>\n<meta property=\"article:publisher\" content=\"https:\/\/www.facebook.com\/matisiceland\" \/>\n<meta property=\"article:modified_time\" content=\"2021-09-01T13:26:30+00:00\" \/>\n<meta property=\"og:image\" content=\"https:\/\/matis.is\/wp-content\/uploads\/2021\/01\/heyrullur_a_tuni.jpg\" \/>\n\t<meta property=\"og:image:width\" content=\"2447\" \/>\n\t<meta property=\"og:image:height\" content=\"1634\" \/>\n\t<meta property=\"og:image:type\" content=\"image\/jpeg\" \/>\n<meta name=\"twitter:card\" content=\"summary_large_image\" \/>\n<meta name=\"twitter:site\" content=\"@matisiceland\" \/>\n<meta name=\"twitter:label1\" content=\"Estimated reading time\" \/>\n\t<meta name=\"twitter:data1\" content=\"2 minutes\" \/>\n<script type=\"application\/ld+json\" class=\"yoast-schema-graph\">{\"@context\":\"https:\/\/schema.org\",\"@graph\":[{\"@type\":\"WebPage\",\"@id\":\"https:\/\/matis.is\/en\/solutions-and-advice-2\/matvaelaframleidsla\/landbunadur\/\",\"url\":\"https:\/\/matis.is\/en\/solutions-and-advice-2\/matvaelaframleidsla\/landbunadur\/\",\"name\":\"Landb\u00fana\u00f0ur - Mat\u00eds\",\"isPartOf\":{\"@id\":\"https:\/\/matis.is\/#website\"},\"primaryImageOfPage\":{\"@id\":\"https:\/\/matis.is\/en\/solutions-and-advice-2\/matvaelaframleidsla\/landbunadur\/#primaryimage\"},\"image\":{\"@id\":\"https:\/\/matis.is\/en\/solutions-and-advice-2\/matvaelaframleidsla\/landbunadur\/#primaryimage\"},\"thumbnailUrl\":\"https:\/\/matis.is\/wp-content\/uploads\/2021\/01\/heyrullur_a_tuni.jpg\",\"datePublished\":\"2020-10-26T09:29:18+00:00\",\"dateModified\":\"2021-09-01T13:26:30+00:00\",\"description\":\"Mat\u00eds hefur lagt sitt af m\u00f6rkum til \u00edslensks landb\u00fana\u00f0ar me\u00f0 s\u00e9rfr\u00e6\u00f0i\u00feekkingu, ranns\u00f3knum og n\u00fdsk\u00f6punarverkefnum sem leitt hafa til framlei\u00f0slu \u00e1 \u00farvals matv\u00e6lum sem rata\u00f0 hafa \u00e1 marka\u00f0.\",\"breadcrumb\":{\"@id\":\"https:\/\/matis.is\/en\/solutions-and-advice-2\/matvaelaframleidsla\/landbunadur\/#breadcrumb\"},\"inLanguage\":\"en-GB\",\"potentialAction\":[{\"@type\":\"ReadAction\",\"target\":[\"https:\/\/matis.is\/en\/solutions-and-advice-2\/matvaelaframleidsla\/landbunadur\/\"]}]},{\"@type\":\"ImageObject\",\"inLanguage\":\"en-GB\",\"@id\":\"https:\/\/matis.is\/en\/solutions-and-advice-2\/matvaelaframleidsla\/landbunadur\/#primaryimage\",\"url\":\"https:\/\/matis.is\/wp-content\/uploads\/2021\/01\/heyrullur_a_tuni.jpg\",\"contentUrl\":\"https:\/\/matis.is\/wp-content\/uploads\/2021\/01\/heyrullur_a_tuni.jpg\",\"width\":2447,\"height\":1634},{\"@type\":\"BreadcrumbList\",\"@id\":\"https:\/\/matis.is\/en\/solutions-and-advice-2\/matvaelaframleidsla\/landbunadur\/#breadcrumb\",\"itemListElement\":[{\"@type\":\"ListItem\",\"position\":1,\"name\":\"Home\",\"item\":\"https:\/\/matis.is\/\"},{\"@type\":\"ListItem\",\"position\":2,\"name\":\"Lausnir og r\u00e1\u00f0gj\u00f6f\",\"item\":\"https:\/\/matis.is\/en\/solutions-and-advice-2\/\"},{\"@type\":\"ListItem\",\"position\":3,\"name\":\"Matv\u00e6laframlei\u00f0sla\",\"item\":\"https:\/\/matis.is\/en\/solutions-and-advice-2\/matvaelaframleidsla\/\"},{\"@type\":\"ListItem\",\"position\":4,\"name\":\"Landb\u00fana\u00f0ur\"}]},{\"@type\":\"WebSite\",\"@id\":\"https:\/\/matis.is\/#website\",\"url\":\"https:\/\/matis.is\/\",\"name\":\"Mat\u00eds\",\"description\":\"Ver\u00f0m\u00e6task\u00f6pun, matv\u00e6la\u00f6ryggi og l\u00fd\u00f0heilsa\",\"publisher\":{\"@id\":\"https:\/\/matis.is\/#organization\"},\"potentialAction\":[{\"@type\":\"SearchAction\",\"target\":{\"@type\":\"EntryPoint\",\"urlTemplate\":\"https:\/\/matis.is\/?s={search_term_string}\"},\"query-input\":{\"@type\":\"PropertyValueSpecification\",\"valueRequired\":true,\"valueName\":\"search_term_string\"}}],\"inLanguage\":\"en-GB\"},{\"@type\":\"Organization\",\"@id\":\"https:\/\/matis.is\/#organization\",\"name\":\"Mat\u00eds ohf.\",\"url\":\"https:\/\/matis.is\/\",\"logo\":{\"@type\":\"ImageObject\",\"inLanguage\":\"en-GB\",\"@id\":\"https:\/\/matis.is\/#\/schema\/logo\/image\/\",\"url\":\"https:\/\/matis.is\/wp-content\/uploads\/2021\/02\/matis_logo_blatthvitt.png\",\"contentUrl\":\"https:\/\/matis.is\/wp-content\/uploads\/2021\/02\/matis_logo_blatthvitt.png\",\"width\":1507,\"height\":1507,\"caption\":\"Mat\u00eds ohf.\"},\"image\":{\"@id\":\"https:\/\/matis.is\/#\/schema\/logo\/image\/\"},\"sameAs\":[\"https:\/\/www.facebook.com\/matisiceland\",\"https:\/\/x.com\/matisiceland\",\"https:\/\/www.instagram.com\/matisiceland\/\",\"https:\/\/www.linkedin.com\/matisiceland\/\",\"https:\/\/www.youtube.com\/channel\/UCY-frt3uTqgVZW-DLjoo5bA\"]}]}<\/script>\n<!-- \/ Yoast SEO plugin. -->","yoast_head_json":{"title":"Agriculture - Mat\u00eds","description":"Mat\u00eds has contributed to Icelandic agriculture with expertise, research and innovation projects that have led to the production of excellent food that has found its way onto the market.","robots":{"index":"index","follow":"follow","max-snippet":"max-snippet:-1","max-image-preview":"max-image-preview:large","max-video-preview":"max-video-preview:-1"},"canonical":"https:\/\/matis.is\/en\/solutions-and-advice-2\/matvaelaframleidsla\/landbunadur\/","og_locale":"en_GB","og_type":"article","og_title":"Landb\u00fana\u00f0ur - Mat\u00eds","og_description":"Mat\u00eds hefur lagt sitt af m\u00f6rkum til \u00edslensks landb\u00fana\u00f0ar me\u00f0 s\u00e9rfr\u00e6\u00f0i\u00feekkingu, ranns\u00f3knum og n\u00fdsk\u00f6punarverkefnum sem leitt hafa til framlei\u00f0slu \u00e1 \u00farvals matv\u00e6lum sem rata\u00f0 hafa \u00e1 marka\u00f0.","og_url":"https:\/\/matis.is\/en\/solutions-and-advice-2\/matvaelaframleidsla\/landbunadur\/","og_site_name":"Mat\u00eds","article_publisher":"https:\/\/www.facebook.com\/matisiceland","article_modified_time":"2021-09-01T13:26:30+00:00","og_image":[{"width":2447,"height":1634,"url":"https:\/\/matis.is\/wp-content\/uploads\/2021\/01\/heyrullur_a_tuni.jpg","type":"image\/jpeg"}],"twitter_card":"summary_large_image","twitter_site":"@matisiceland","twitter_misc":{"Estimated reading time":"2 minutes"},"schema":{"@context":"https:\/\/schema.org","@graph":[{"@type":"WebPage","@id":"https:\/\/matis.is\/en\/solutions-and-advice-2\/matvaelaframleidsla\/landbunadur\/","url":"https:\/\/matis.is\/en\/solutions-and-advice-2\/matvaelaframleidsla\/landbunadur\/","name":"Agriculture - Mat\u00eds","isPartOf":{"@id":"https:\/\/matis.is\/#website"},"primaryImageOfPage":{"@id":"https:\/\/matis.is\/en\/solutions-and-advice-2\/matvaelaframleidsla\/landbunadur\/#primaryimage"},"image":{"@id":"https:\/\/matis.is\/en\/solutions-and-advice-2\/matvaelaframleidsla\/landbunadur\/#primaryimage"},"thumbnailUrl":"https:\/\/matis.is\/wp-content\/uploads\/2021\/01\/heyrullur_a_tuni.jpg","datePublished":"2020-10-26T09:29:18+00:00","dateModified":"2021-09-01T13:26:30+00:00","description":"Mat\u00eds has contributed to Icelandic agriculture with expertise, research and innovation projects that have led to the production of excellent food that has found its way onto the market.","breadcrumb":{"@id":"https:\/\/matis.is\/en\/solutions-and-advice-2\/matvaelaframleidsla\/landbunadur\/#breadcrumb"},"inLanguage":"en-GB","potentialAction":[{"@type":"ReadAction","target":["https:\/\/matis.is\/en\/solutions-and-advice-2\/matvaelaframleidsla\/landbunadur\/"]}]},{"@type":"ImageObject","inLanguage":"en-GB","@id":"https:\/\/matis.is\/en\/solutions-and-advice-2\/matvaelaframleidsla\/landbunadur\/#primaryimage","url":"https:\/\/matis.is\/wp-content\/uploads\/2021\/01\/heyrullur_a_tuni.jpg","contentUrl":"https:\/\/matis.is\/wp-content\/uploads\/2021\/01\/heyrullur_a_tuni.jpg","width":2447,"height":1634},{"@type":"BreadcrumbList","@id":"https:\/\/matis.is\/en\/solutions-and-advice-2\/matvaelaframleidsla\/landbunadur\/#breadcrumb","itemListElement":[{"@type":"ListItem","position":1,"name":"Home","item":"https:\/\/matis.is\/"},{"@type":"ListItem","position":2,"name":"Lausnir og r\u00e1\u00f0gj\u00f6f","item":"https:\/\/matis.is\/en\/solutions-and-advice-2\/"},{"@type":"ListItem","position":3,"name":"Matv\u00e6laframlei\u00f0sla","item":"https:\/\/matis.is\/en\/solutions-and-advice-2\/matvaelaframleidsla\/"},{"@type":"ListItem","position":4,"name":"Landb\u00fana\u00f0ur"}]},{"@type":"WebSite","@id":"https:\/\/matis.is\/#website","url":"https:\/\/matis.is\/","name":"Mat\u00eds","description":"Value creation, food security and public health","publisher":{"@id":"https:\/\/matis.is\/#organization"},"potentialAction":[{"@type":"SearchAction","target":{"@type":"EntryPoint","urlTemplate":"https:\/\/matis.is\/?s={search_term_string}"},"query-input":{"@type":"PropertyValueSpecification","valueRequired":true,"valueName":"search_term_string"}}],"inLanguage":"en-GB"},{"@type":"Organization","@id":"https:\/\/matis.is\/#organization","name":"Mat\u00eds ohf.","url":"https:\/\/matis.is\/","logo":{"@type":"ImageObject","inLanguage":"en-GB","@id":"https:\/\/matis.is\/#\/schema\/logo\/image\/","url":"https:\/\/matis.is\/wp-content\/uploads\/2021\/02\/matis_logo_blatthvitt.png","contentUrl":"https:\/\/matis.is\/wp-content\/uploads\/2021\/02\/matis_logo_blatthvitt.png","width":1507,"height":1507,"caption":"Mat\u00eds ohf."},"image":{"@id":"https:\/\/matis.is\/#\/schema\/logo\/image\/"},"sameAs":["https:\/\/www.facebook.com\/matisiceland","https:\/\/x.com\/matisiceland","https:\/\/www.instagram.com\/matisiceland\/","https:\/\/www.linkedin.com\/matisiceland\/","https:\/\/www.youtube.com\/channel\/UCY-frt3uTqgVZW-DLjoo5bA"]}]}},"spectra_custom_meta":{"_customize_changeset_uuid":["6cfc4c10-d7f5-4c84-9f90-62feeade52e3"],"_edit_lock":["1665563634:7"],"_edit_last":["5"],"tengilidur":["28167"],"_tengilidur":["field_5ef905e0538b2"],"valmynd_a_undirsidu":["1"],"_valmynd_a_undirsidu":["field_5f9970348837c"],"_thumbnail_id":["33944"],"_wp_page_template":["templates\/template-cover.php"],"undirvalmynd_a_parentsidu":["0"],"_undirvalmynd_a_parentsidu":["field_5f9addfe68a79"],"_yoast_wpseo_content_score":["30"],"_yoast_wpseo_estimated-reading-time-minutes":["2"],"_yoast_wpseo_metadesc":["Mat\u00eds hefur lagt sitt af m\u00f6rkum til \u00edslensks landb\u00fana\u00f0ar me\u00f0 s\u00e9rfr\u00e6\u00f0i\u00feekkingu, ranns\u00f3knum og n\u00fdsk\u00f6punarverkefnum sem leitt hafa til framlei\u00f0slu \u00e1 \u00farvals matv\u00e6lum sem rata\u00f0 hafa \u00e1 marka\u00f0."],"_uag_css_file_name":["uag-css-58.css"],"_uag_page_assets":["a:9:{s:3:\"css\";s:0:\"\";s:2:\"js\";s:0:\"\";s:18:\"current_block_list\";a:6:{i:0;s:12:\"core\/heading\";i:1;s:14:\"core\/paragraph\";i:2;s:12:\"core\/buttons\";i:3;s:11:\"core\/button\";i:4;s:12:\"core\/columns\";i:5;s:11:\"core\/column\";}s:8:\"uag_flag\";b:0;s:11:\"uag_version\";s:10:\"1775648310\";s:6:\"gfonts\";a:0:{}s:10:\"gfonts_url\";s:0:\"\";s:12:\"gfonts_files\";a:0:{}s:14:\"uag_faq_layout\";b:0;}"]},"uagb_featured_image_src":{"full":["https:\/\/matis.is\/wp-content\/uploads\/2021\/01\/heyrullur_a_tuni.jpg",2447,1634,false],"thumbnail":["https:\/\/matis.is\/wp-content\/uploads\/2021\/01\/heyrullur_a_tuni-150x150.jpg",150,150,true],"medium":["https:\/\/matis.is\/wp-content\/uploads\/2021\/01\/heyrullur_a_tuni-300x200.jpg",300,200,true],"medium_large":["https:\/\/matis.is\/wp-content\/uploads\/2021\/01\/heyrullur_a_tuni-768x513.jpg",768,513,true],"large":["https:\/\/matis.is\/wp-content\/uploads\/2021\/01\/heyrullur_a_tuni-1024x684.jpg",1024,684,true],"1536x1536":["https:\/\/matis.is\/wp-content\/uploads\/2021\/01\/heyrullur_a_tuni-1536x1026.jpg",1536,1026,true],"2048x2048":["https:\/\/matis.is\/wp-content\/uploads\/2021\/01\/heyrullur_a_tuni-2048x1368.jpg",2048,1368,true],"trp-custom-language-flag":["https:\/\/matis.is\/wp-content\/uploads\/2021\/01\/heyrullur_a_tuni.jpg",18,12,false]},"uagb_author_info":{"display_name":"admin","author_link":"https:\/\/matis.is\/en\/author\/thormodurmatis-is\/"},"uagb_comment_info":0,"uagb_excerpt":"Efnasamsetning landb\u00fana\u00f0arafur\u00f0a er lykillinn \u00cdslenskur landb\u00fana\u00f0ur hefur reynst \u00cdslendingum mikilv\u00e6gur \u00fe\u00f3 mikilv\u00e6gi hans hafi minnka\u00f0 \u00ed s\u00f6gulegu samhengi undanfarin \u00e1r [&hellip;]","_links":{"self":[{"href":"https:\/\/matis.is\/en\/wp-json\/wp\/v2\/pages\/58","targetHints":{"allow":["GET"]}}],"collection":[{"href":"https:\/\/matis.is\/en\/wp-json\/wp\/v2\/pages"}],"about":[{"href":"https:\/\/matis.is\/en\/wp-json\/wp\/v2\/types\/page"}],"author":[{"embeddable":true,"href":"https:\/\/matis.is\/en\/wp-json\/wp\/v2\/users\/1"}],"replies":[{"embeddable":true,"href":"https:\/\/matis.is\/en\/wp-json\/wp\/v2\/comments?post=58"}],"version-history":[{"count":1,"href":"https:\/\/matis.is\/en\/wp-json\/wp\/v2\/pages\/58\/revisions"}],"predecessor-version":[{"id":37535,"href":"https:\/\/matis.is\/en\/wp-json\/wp\/v2\/pages\/58\/revisions\/37535"}],"up":[{"embeddable":true,"href":"https:\/\/matis.is\/en\/wp-json\/wp\/v2\/pages\/33254"}],"wp:featuredmedia":[{"embeddable":true,"href":"https:\/\/matis.is\/en\/wp-json\/wp\/v2\/media\/33944"}],"wp:attachment":[{"href":"https:\/\/matis.is\/en\/wp-json\/wp\/v2\/media?parent=58"}],"curies":[{"name":"wp","href":"https:\/\/api.w.org\/{rel}","templated":true}]}}