{"id":65,"date":"2020-10-26T09:29:18","date_gmt":"2020-10-26T09:29:18","guid":{"rendered":"https:\/\/matis.mareframe.eu\/?page_id=65"},"modified":"2023-09-26T16:06:13","modified_gmt":"2023-09-26T16:06:13","slug":"sjavarutvegur","status":"publish","type":"page","link":"https:\/\/matis.is\/en\/lausnir-og-radgjof\/matvaelaframleidsla\/sjavarutvegur\/","title":{"rendered":"Fisheries"},"content":{"rendered":"<h3 class=\"wp-block-heading\">Research and science are the future currency of the fishing industry<\/h3>\n\n\n\n<h4 class=\"wp-block-heading\">The fishing industry, like other industries, relies on research and product development. Experience has shown that increased value creation in the industry is based on ingenuity and Icelandic companies have done ambitious and remarkable work in that field. Mat\u00eds has often played a key role in this, being a kind of core of knowledge when it comes to the application of science in the fisheries sector and a bridge between educational institutions and the business community.<\/h4>\n\n\n\n<p>By law, Mat\u00eds&#039; role is to increase value in the food industry, improve food security and promote public health. Mat\u00eds is state-owned but operated as a public limited company and has a clear service role with the fishing industry and other food sectors, but also obligations towards the owner, the nation.<\/p>\n\n\n\n<figure class=\"wp-block-embed is-type-video is-provider-youtube wp-block-embed-youtube wp-embed-aspect-16-9 wp-has-aspect-ratio\"><div class=\"wp-block-embed__wrapper\">\n<iframe loading=\"lazy\" title=\"Value Creation in the Icelandic Fishing Industry\" width=\"500\" height=\"281\" src=\"https:\/\/www.youtube.com\/embed\/8gWo_rhOiWE?feature=oembed\" frameborder=\"0\" allow=\"accelerometer; autoplay; clipboard-write; encrypted-media; gyroscope; picture-in-picture; web-share\" referrerpolicy=\"strict-origin-when-cross-origin\" allowfullscreen><\/iframe>\n<\/div><\/figure>","protected":false},"excerpt":{"rendered":"<p>Ranns\u00f3knir og v\u00edsindi eru framt\u00ed\u00f0argjaldmi\u00f0ill sj\u00e1var\u00fatvegsins Sj\u00e1var\u00fatvegurinn, eins og a\u00f0rar atvinnugreinar, rei\u00f0ir sig \u00e1 ranns\u00f3knir og v\u00f6ru\u00fer\u00f3un. Reynslan hefur s\u00fdnt [&hellip;]<\/p>\n","protected":false},"author":1,"featured_media":46639,"parent":33254,"menu_order":0,"comment_status":"closed","ping_status":"closed","template":"templates\/template-cover.php","meta":{"_acf_changed":false,"_uag_custom_page_level_css":"","site-sidebar-layout":"default","site-content-layout":"","ast-site-content-layout":"default","site-content-style":"default","site-sidebar-style":"default","ast-global-header-display":"","ast-banner-title-visibility":"","ast-main-header-display":"","ast-hfb-above-header-display":"","ast-hfb-below-header-display":"","ast-hfb-mobile-header-display":"","site-post-title":"","ast-breadcrumbs-content":"","ast-featured-img":"","footer-sml-layout":"","ast-disable-related-posts":"","theme-transparent-header-meta":"","adv-header-id-meta":"","stick-header-meta":"","header-above-stick-meta":"","header-main-stick-meta":"","header-below-stick-meta":"","astra-migrate-meta-layouts":"default","ast-page-background-enabled":"default","ast-page-background-meta":{"desktop":{"background-color":"var(--ast-global-color-5)","background-image":"","background-repeat":"repeat","background-position":"center center","background-size":"auto","background-attachment":"scroll","background-type":"","background-media":"","overlay-type":"","overlay-color":"","overlay-opacity":"","overlay-gradient":""},"tablet":{"background-color":"","background-image":"","background-repeat":"repeat","background-position":"center center","background-size":"auto","background-attachment":"scroll","background-type":"","background-media":"","overlay-type":"","overlay-color":"","overlay-opacity":"","overlay-gradient":""},"mobile":{"background-color":"","background-image":"","background-repeat":"repeat","background-position":"center center","background-size":"auto","background-attachment":"scroll","background-type":"","background-media":"","overlay-type":"","overlay-color":"","overlay-opacity":"","overlay-gradient":""}},"ast-content-background-meta":{"desktop":{"background-color":"var(--ast-global-color-4)","background-image":"","background-repeat":"repeat","background-position":"center center","background-size":"auto","background-attachment":"scroll","background-type":"","background-media":"","overlay-type":"","overlay-color":"","overlay-opacity":"","overlay-gradient":""},"tablet":{"background-color":"var(--ast-global-color-4)","background-image":"","background-repeat":"repeat","background-position":"center center","background-size":"auto","background-attachment":"scroll","background-type":"","background-media":"","overlay-type":"","overlay-color":"","overlay-opacity":"","overlay-gradient":""},"mobile":{"background-color":"var(--ast-global-color-4)","background-image":"","background-repeat":"repeat","background-position":"center center","background-size":"auto","background-attachment":"scroll","background-type":"","background-media":"","overlay-type":"","overlay-color":"","overlay-opacity":"","overlay-gradient":""}},"footnotes":""},"class_list":["post-65","page","type-page","status-publish","has-post-thumbnail","hentry"],"acf":[],"yoast_head":"<!-- This site is optimized with the Yoast SEO plugin v27.4 - https:\/\/yoast.com\/product\/yoast-seo-wordpress\/ -->\n<title>Sj\u00e1var\u00fatvegur - Mat\u00eds<\/title>\n<meta name=\"description\" content=\"Ranns\u00f3knir og v\u00edsindi eru framt\u00ed\u00f0argjaldmi\u00f0ill sj\u00e1var\u00fatvegsins.\" \/>\n<meta name=\"robots\" content=\"index, follow, max-snippet:-1, max-image-preview:large, max-video-preview:-1\" \/>\n<link rel=\"canonical\" href=\"https:\/\/matis.is\/en\/solutions-and-advice-2\/matvaelaframleidsla\/sjavarutvegur\/\" \/>\n<meta property=\"og:locale\" content=\"en_GB\" \/>\n<meta property=\"og:type\" content=\"article\" \/>\n<meta property=\"og:title\" content=\"Sj\u00e1var\u00fatvegur - Mat\u00eds\" \/>\n<meta property=\"og:description\" content=\"Ranns\u00f3knir og v\u00edsindi eru framt\u00ed\u00f0argjaldmi\u00f0ill sj\u00e1var\u00fatvegsins.\" \/>\n<meta property=\"og:url\" content=\"https:\/\/matis.is\/en\/solutions-and-advice-2\/matvaelaframleidsla\/sjavarutvegur\/\" \/>\n<meta property=\"og:site_name\" content=\"Mat\u00eds\" \/>\n<meta property=\"article:publisher\" content=\"https:\/\/www.facebook.com\/matisiceland\" \/>\n<meta property=\"article:modified_time\" content=\"2023-09-26T16:06:13+00:00\" \/>\n<meta property=\"og:image\" content=\"https:\/\/matis.is\/wp-content\/uploads\/Island_sjor_fjoll_minni-e1654699615567.jpg\" \/>\n\t<meta property=\"og:image:width\" content=\"2508\" \/>\n\t<meta property=\"og:image:height\" content=\"1378\" \/>\n\t<meta property=\"og:image:type\" content=\"image\/jpeg\" \/>\n<meta name=\"twitter:card\" content=\"summary_large_image\" \/>\n<meta name=\"twitter:site\" content=\"@matisiceland\" \/>\n<meta name=\"twitter:label1\" content=\"Estimated reading time\" \/>\n\t<meta name=\"twitter:data1\" content=\"1 minute\" \/>\n<script type=\"application\/ld+json\" class=\"yoast-schema-graph\">{\"@context\":\"https:\\\/\\\/schema.org\",\"@graph\":[{\"@type\":\"WebPage\",\"@id\":\"https:\\\/\\\/matis.is\\\/lausnir-og-radgjof\\\/matvaelaframleidsla\\\/sjavarutvegur\\\/\",\"url\":\"https:\\\/\\\/matis.is\\\/lausnir-og-radgjof\\\/matvaelaframleidsla\\\/sjavarutvegur\\\/\",\"name\":\"Sj\u00e1var\u00fatvegur - Mat\u00eds\",\"isPartOf\":{\"@id\":\"https:\\\/\\\/matis.is\\\/#website\"},\"primaryImageOfPage\":{\"@id\":\"https:\\\/\\\/matis.is\\\/lausnir-og-radgjof\\\/matvaelaframleidsla\\\/sjavarutvegur\\\/#primaryimage\"},\"image\":{\"@id\":\"https:\\\/\\\/matis.is\\\/lausnir-og-radgjof\\\/matvaelaframleidsla\\\/sjavarutvegur\\\/#primaryimage\"},\"thumbnailUrl\":\"https:\\\/\\\/matis.is\\\/wp-content\\\/uploads\\\/Island_sjor_fjoll_minni-e1654699615567.jpg\",\"datePublished\":\"2020-10-26T09:29:18+00:00\",\"dateModified\":\"2023-09-26T16:06:13+00:00\",\"description\":\"Ranns\u00f3knir og v\u00edsindi eru framt\u00ed\u00f0argjaldmi\u00f0ill sj\u00e1var\u00fatvegsins.\",\"breadcrumb\":{\"@id\":\"https:\\\/\\\/matis.is\\\/lausnir-og-radgjof\\\/matvaelaframleidsla\\\/sjavarutvegur\\\/#breadcrumb\"},\"inLanguage\":\"en-GB\",\"potentialAction\":[{\"@type\":\"ReadAction\",\"target\":[\"https:\\\/\\\/matis.is\\\/lausnir-og-radgjof\\\/matvaelaframleidsla\\\/sjavarutvegur\\\/\"]}]},{\"@type\":\"ImageObject\",\"inLanguage\":\"en-GB\",\"@id\":\"https:\\\/\\\/matis.is\\\/lausnir-og-radgjof\\\/matvaelaframleidsla\\\/sjavarutvegur\\\/#primaryimage\",\"url\":\"https:\\\/\\\/matis.is\\\/wp-content\\\/uploads\\\/Island_sjor_fjoll_minni-e1654699615567.jpg\",\"contentUrl\":\"https:\\\/\\\/matis.is\\\/wp-content\\\/uploads\\\/Island_sjor_fjoll_minni-e1654699615567.jpg\",\"width\":2508,\"height\":1378},{\"@type\":\"BreadcrumbList\",\"@id\":\"https:\\\/\\\/matis.is\\\/lausnir-og-radgjof\\\/matvaelaframleidsla\\\/sjavarutvegur\\\/#breadcrumb\",\"itemListElement\":[{\"@type\":\"ListItem\",\"position\":1,\"name\":\"Home\",\"item\":\"https:\\\/\\\/matis.is\\\/\"},{\"@type\":\"ListItem\",\"position\":2,\"name\":\"Lausnir og r\u00e1\u00f0gj\u00f6f\",\"item\":\"https:\\\/\\\/matis.is\\\/en\\\/solutions-and-advice-2\\\/\"},{\"@type\":\"ListItem\",\"position\":3,\"name\":\"Matv\u00e6laframlei\u00f0sla\",\"item\":\"https:\\\/\\\/matis.is\\\/en\\\/solutions-and-advice-2\\\/matvaelaframleidsla\\\/\"},{\"@type\":\"ListItem\",\"position\":4,\"name\":\"Sj\u00e1var\u00fatvegur\"}]},{\"@type\":\"WebSite\",\"@id\":\"https:\\\/\\\/matis.is\\\/#website\",\"url\":\"https:\\\/\\\/matis.is\\\/\",\"name\":\"Mat\u00eds\",\"description\":\"Ver\u00f0m\u00e6task\u00f6pun, matv\u00e6la\u00f6ryggi og l\u00fd\u00f0heilsa\",\"publisher\":{\"@id\":\"https:\\\/\\\/matis.is\\\/#organization\"},\"potentialAction\":[{\"@type\":\"SearchAction\",\"target\":{\"@type\":\"EntryPoint\",\"urlTemplate\":\"https:\\\/\\\/matis.is\\\/?s={search_term_string}\"},\"query-input\":{\"@type\":\"PropertyValueSpecification\",\"valueRequired\":true,\"valueName\":\"search_term_string\"}}],\"inLanguage\":\"en-GB\"},{\"@type\":\"Organization\",\"@id\":\"https:\\\/\\\/matis.is\\\/#organization\",\"name\":\"Mat\u00eds ohf.\",\"url\":\"https:\\\/\\\/matis.is\\\/\",\"logo\":{\"@type\":\"ImageObject\",\"inLanguage\":\"en-GB\",\"@id\":\"https:\\\/\\\/matis.is\\\/#\\\/schema\\\/logo\\\/image\\\/\",\"url\":\"https:\\\/\\\/matis.is\\\/wp-content\\\/uploads\\\/2021\\\/02\\\/matis_logo_blatthvitt.png\",\"contentUrl\":\"https:\\\/\\\/matis.is\\\/wp-content\\\/uploads\\\/2021\\\/02\\\/matis_logo_blatthvitt.png\",\"width\":1507,\"height\":1507,\"caption\":\"Mat\u00eds ohf.\"},\"image\":{\"@id\":\"https:\\\/\\\/matis.is\\\/#\\\/schema\\\/logo\\\/image\\\/\"},\"sameAs\":[\"https:\\\/\\\/www.facebook.com\\\/matisiceland\",\"https:\\\/\\\/x.com\\\/matisiceland\",\"https:\\\/\\\/www.instagram.com\\\/matisiceland\\\/\",\"https:\\\/\\\/www.linkedin.com\\\/matisiceland\\\/\",\"https:\\\/\\\/www.youtube.com\\\/channel\\\/UCY-frt3uTqgVZW-DLjoo5bA\"]}]}<\/script>\n<!-- \/ Yoast SEO plugin. -->","yoast_head_json":{"title":"Fisheries - Mat\u00eds","description":"Research and science are the future currency of the fishing industry.","robots":{"index":"index","follow":"follow","max-snippet":"max-snippet:-1","max-image-preview":"max-image-preview:large","max-video-preview":"max-video-preview:-1"},"canonical":"https:\/\/matis.is\/en\/solutions-and-advice-2\/matvaelaframleidsla\/sjavarutvegur\/","og_locale":"en_GB","og_type":"article","og_title":"Sj\u00e1var\u00fatvegur - Mat\u00eds","og_description":"Ranns\u00f3knir og v\u00edsindi eru framt\u00ed\u00f0argjaldmi\u00f0ill sj\u00e1var\u00fatvegsins.","og_url":"https:\/\/matis.is\/en\/solutions-and-advice-2\/matvaelaframleidsla\/sjavarutvegur\/","og_site_name":"Mat\u00eds","article_publisher":"https:\/\/www.facebook.com\/matisiceland","article_modified_time":"2023-09-26T16:06:13+00:00","og_image":[{"width":2508,"height":1378,"url":"https:\/\/matis.is\/wp-content\/uploads\/Island_sjor_fjoll_minni-e1654699615567.jpg","type":"image\/jpeg"}],"twitter_card":"summary_large_image","twitter_site":"@matisiceland","twitter_misc":{"Estimated reading time":"1 minute"},"schema":{"@context":"https:\/\/schema.org","@graph":[{"@type":"WebPage","@id":"https:\/\/matis.is\/lausnir-og-radgjof\/matvaelaframleidsla\/sjavarutvegur\/","url":"https:\/\/matis.is\/lausnir-og-radgjof\/matvaelaframleidsla\/sjavarutvegur\/","name":"Fisheries - Mat\u00eds","isPartOf":{"@id":"https:\/\/matis.is\/#website"},"primaryImageOfPage":{"@id":"https:\/\/matis.is\/lausnir-og-radgjof\/matvaelaframleidsla\/sjavarutvegur\/#primaryimage"},"image":{"@id":"https:\/\/matis.is\/lausnir-og-radgjof\/matvaelaframleidsla\/sjavarutvegur\/#primaryimage"},"thumbnailUrl":"https:\/\/matis.is\/wp-content\/uploads\/Island_sjor_fjoll_minni-e1654699615567.jpg","datePublished":"2020-10-26T09:29:18+00:00","dateModified":"2023-09-26T16:06:13+00:00","description":"Research and science are the future currency of the fishing industry.","breadcrumb":{"@id":"https:\/\/matis.is\/lausnir-og-radgjof\/matvaelaframleidsla\/sjavarutvegur\/#breadcrumb"},"inLanguage":"en-GB","potentialAction":[{"@type":"ReadAction","target":["https:\/\/matis.is\/lausnir-og-radgjof\/matvaelaframleidsla\/sjavarutvegur\/"]}]},{"@type":"ImageObject","inLanguage":"en-GB","@id":"https:\/\/matis.is\/lausnir-og-radgjof\/matvaelaframleidsla\/sjavarutvegur\/#primaryimage","url":"https:\/\/matis.is\/wp-content\/uploads\/Island_sjor_fjoll_minni-e1654699615567.jpg","contentUrl":"https:\/\/matis.is\/wp-content\/uploads\/Island_sjor_fjoll_minni-e1654699615567.jpg","width":2508,"height":1378},{"@type":"BreadcrumbList","@id":"https:\/\/matis.is\/lausnir-og-radgjof\/matvaelaframleidsla\/sjavarutvegur\/#breadcrumb","itemListElement":[{"@type":"ListItem","position":1,"name":"Home","item":"https:\/\/matis.is\/"},{"@type":"ListItem","position":2,"name":"Lausnir og r\u00e1\u00f0gj\u00f6f","item":"https:\/\/matis.is\/en\/solutions-and-advice-2\/"},{"@type":"ListItem","position":3,"name":"Matv\u00e6laframlei\u00f0sla","item":"https:\/\/matis.is\/en\/solutions-and-advice-2\/matvaelaframleidsla\/"},{"@type":"ListItem","position":4,"name":"Sj\u00e1var\u00fatvegur"}]},{"@type":"WebSite","@id":"https:\/\/matis.is\/#website","url":"https:\/\/matis.is\/","name":"Mat\u00eds","description":"Value creation, food security and public health","publisher":{"@id":"https:\/\/matis.is\/#organization"},"potentialAction":[{"@type":"SearchAction","target":{"@type":"EntryPoint","urlTemplate":"https:\/\/matis.is\/?s={search_term_string}"},"query-input":{"@type":"PropertyValueSpecification","valueRequired":true,"valueName":"search_term_string"}}],"inLanguage":"en-GB"},{"@type":"Organization","@id":"https:\/\/matis.is\/#organization","name":"Mat\u00eds ohf.","url":"https:\/\/matis.is\/","logo":{"@type":"ImageObject","inLanguage":"en-GB","@id":"https:\/\/matis.is\/#\/schema\/logo\/image\/","url":"https:\/\/matis.is\/wp-content\/uploads\/2021\/02\/matis_logo_blatthvitt.png","contentUrl":"https:\/\/matis.is\/wp-content\/uploads\/2021\/02\/matis_logo_blatthvitt.png","width":1507,"height":1507,"caption":"Mat\u00eds ohf."},"image":{"@id":"https:\/\/matis.is\/#\/schema\/logo\/image\/"},"sameAs":["https:\/\/www.facebook.com\/matisiceland","https:\/\/x.com\/matisiceland","https:\/\/www.instagram.com\/matisiceland\/","https:\/\/www.linkedin.com\/matisiceland\/","https:\/\/www.youtube.com\/channel\/UCY-frt3uTqgVZW-DLjoo5bA"]}]}},"spectra_custom_meta":{"_customize_changeset_uuid":["6cfc4c10-d7f5-4c84-9f90-62feeade52e3"],"_edit_lock":["1695809149:1"],"_edit_last":["1"],"tengilidur":["28206"],"_tengilidur":["field_5ef905e0538b2"],"valmynd_a_undirsidu":["0"],"_valmynd_a_undirsidu":["field_5f9970348837c"],"_wp_page_template":["templates\/template-cover.php"],"_thumbnail_id":["46639"],"undirvalmynd_a_parentsidu":["1"],"_undirvalmynd_a_parentsidu":["field_5f9addfe68a79"],"_oembed_7c61d9b3717cd3a2bb0d324d06797f9e":["<iframe title=\"Value Creation in the Icelandic Fishing Industry\" width=\"580\" height=\"326\" src=\"https:\/\/www.youtube.com\/embed\/8gWo_rhOiWE?feature=oembed\" frameborder=\"0\" allow=\"accelerometer; autoplay; clipboard-write; encrypted-media; gyroscope; picture-in-picture; web-share\" allowfullscreen><\/iframe>"],"_oembed_time_7c61d9b3717cd3a2bb0d324d06797f9e":["1695744374"],"_yoast_wpseo_metadesc":["Ranns\u00f3knir og v\u00edsindi eru framt\u00ed\u00f0argjaldmi\u00f0ill sj\u00e1var\u00fatvegsins."],"_yoast_wpseo_content_score":["60"],"_yoast_wpseo_estimated-reading-time-minutes":["1"],"_yoast_wpseo_wordproof_timestamp":[""],"_oembed_f251848250ad86b3e94cef381e5a3d53":["<iframe title=\"Value Creation in the Icelandic Fishing Industry\" width=\"580\" height=\"326\" src=\"https:\/\/www.youtube.com\/embed\/8gWo_rhOiWE?feature=oembed\" frameborder=\"0\" allow=\"accelerometer; autoplay; clipboard-write; encrypted-media; gyroscope; picture-in-picture; web-share\" referrerpolicy=\"strict-origin-when-cross-origin\" allowfullscreen><\/iframe>"],"_oembed_time_f251848250ad86b3e94cef381e5a3d53":["1714159301"],"_oembed_e23903c50257f03ecde6865d5ad81cec":["<iframe title=\"Value Creation in the Icelandic Fishing Industry\" width=\"1200\" height=\"675\" src=\"https:\/\/www.youtube.com\/embed\/8gWo_rhOiWE?feature=oembed\" frameborder=\"0\" allow=\"accelerometer; autoplay; clipboard-write; encrypted-media; gyroscope; picture-in-picture; web-share\" referrerpolicy=\"strict-origin-when-cross-origin\" allowfullscreen><\/iframe>"],"_oembed_time_e23903c50257f03ecde6865d5ad81cec":["1770047914"],"_oembed_840dda036d4976998fbfef8ef32903b1":["<iframe title=\"Value Creation in the Icelandic Fishing Industry\" width=\"500\" height=\"281\" src=\"https:\/\/www.youtube.com\/embed\/8gWo_rhOiWE?feature=oembed\" frameborder=\"0\" allow=\"accelerometer; autoplay; clipboard-write; encrypted-media; gyroscope; picture-in-picture; web-share\" referrerpolicy=\"strict-origin-when-cross-origin\" allowfullscreen><\/iframe>"],"_oembed_time_840dda036d4976998fbfef8ef32903b1":["1770642398"],"_uag_css_file_name":["uag-css-65.css"],"_uag_page_assets":["a:9:{s:3:\"css\";s:263:\".uag-blocks-common-selector{z-index:var(--z-index-desktop) !important}@media (max-width: 976px){.uag-blocks-common-selector{z-index:var(--z-index-tablet) !important}}@media (max-width: 767px){.uag-blocks-common-selector{z-index:var(--z-index-mobile) !important}}\n\";s:2:\"js\";s:0:\"\";s:18:\"current_block_list\";a:7:{i:0;s:12:\"core\/heading\";i:1;s:14:\"core\/paragraph\";i:2;s:10:\"core\/embed\";i:3;s:12:\"core\/buttons\";i:4;s:11:\"core\/button\";i:5;s:12:\"core\/columns\";i:6;s:11:\"core\/column\";}s:8:\"uag_flag\";b:0;s:11:\"uag_version\";s:10:\"1776872002\";s:6:\"gfonts\";a:0:{}s:10:\"gfonts_url\";s:0:\"\";s:12:\"gfonts_files\";a:0:{}s:14:\"uag_faq_layout\";b:0;}"]},"uagb_featured_image_src":{"full":["https:\/\/matis.is\/wp-content\/uploads\/Island_sjor_fjoll_minni-e1654699615567.jpg",2508,1378,false],"thumbnail":["https:\/\/matis.is\/wp-content\/uploads\/Island_sjor_fjoll_minni-e1654699615567-150x150.jpg",150,150,true],"medium":["https:\/\/matis.is\/wp-content\/uploads\/Island_sjor_fjoll_minni-e1654699615567-300x165.jpg",300,165,true],"medium_large":["https:\/\/matis.is\/wp-content\/uploads\/Island_sjor_fjoll_minni-e1654699615567-768x422.jpg",768,422,true],"large":["https:\/\/matis.is\/wp-content\/uploads\/Island_sjor_fjoll_minni-e1654699615567-1024x563.jpg",1024,563,true],"1536x1536":["https:\/\/matis.is\/wp-content\/uploads\/Island_sjor_fjoll_minni-e1654699615567-1536x844.jpg",1536,844,true],"2048x2048":["https:\/\/matis.is\/wp-content\/uploads\/Island_sjor_fjoll_minni-e1654699615567-2048x1125.jpg",2048,1125,true],"trp-custom-language-flag":["https:\/\/matis.is\/wp-content\/uploads\/Island_sjor_fjoll_minni-e1654699615567-18x10.jpg",18,10,true]},"uagb_author_info":{"display_name":"admin","author_link":"https:\/\/matis.is\/en\/author\/thormodurmatis-is\/"},"uagb_comment_info":0,"uagb_excerpt":"Ranns\u00f3knir og v\u00edsindi eru framt\u00ed\u00f0argjaldmi\u00f0ill sj\u00e1var\u00fatvegsins Sj\u00e1var\u00fatvegurinn, eins og a\u00f0rar atvinnugreinar, rei\u00f0ir sig \u00e1 ranns\u00f3knir og v\u00f6ru\u00fer\u00f3un. Reynslan hefur s\u00fdnt [&hellip;]","_links":{"self":[{"href":"https:\/\/matis.is\/en\/wp-json\/wp\/v2\/pages\/65","targetHints":{"allow":["GET"]}}],"collection":[{"href":"https:\/\/matis.is\/en\/wp-json\/wp\/v2\/pages"}],"about":[{"href":"https:\/\/matis.is\/en\/wp-json\/wp\/v2\/types\/page"}],"author":[{"embeddable":true,"href":"https:\/\/matis.is\/en\/wp-json\/wp\/v2\/users\/1"}],"replies":[{"embeddable":true,"href":"https:\/\/matis.is\/en\/wp-json\/wp\/v2\/comments?post=65"}],"version-history":[{"count":2,"href":"https:\/\/matis.is\/en\/wp-json\/wp\/v2\/pages\/65\/revisions"}],"predecessor-version":[{"id":50772,"href":"https:\/\/matis.is\/en\/wp-json\/wp\/v2\/pages\/65\/revisions\/50772"}],"up":[{"embeddable":true,"href":"https:\/\/matis.is\/en\/wp-json\/wp\/v2\/pages\/33254"}],"wp:featuredmedia":[{"embeddable":true,"href":"https:\/\/matis.is\/en\/wp-json\/wp\/v2\/media\/46639"}],"wp:attachment":[{"href":"https:\/\/matis.is\/en\/wp-json\/wp\/v2\/media?parent=65"}],"curies":[{"name":"wp","href":"https:\/\/api.w.org\/{rel}","templated":true}]}}