{"id":69,"date":"2020-10-26T09:29:18","date_gmt":"2020-10-26T09:29:18","guid":{"rendered":"https:\/\/matis.mareframe.eu\/?page_id=69"},"modified":"2025-10-23T14:17:39","modified_gmt":"2025-10-23T14:17:39","slug":"tegunda-og-stofnagreiningar-nytjategunda-i-hafi","status":"publish","type":"page","link":"https:\/\/matis.is\/en\/maelingar-og-thjonusta\/erfdagreiningar\/tegunda-og-stofnagreiningar-nytjategunda-i-hafi\/","title":{"rendered":"Species and stock analysis of commercial marine species"},"content":{"rendered":"<p>Mat\u00eds performs species and stock analyzes on many commercial species found in Icelandic jurisdiction, such as cod, haddock, redfish and herring. Species of specific genetic markers are analyzed, results are compared with databases and in this way it is possible to confirm the type and in some cases the origin of fillets or other fish products.<\/p>","protected":false},"excerpt":{"rendered":"<p>Mat\u00eds framkv\u00e6mir tegunda- og stofnagreiningar \u00e1 m\u00f6rgum nytjategundum sem finnast \u00ed \u00edslenskri l\u00f6gs\u00f6gu, s.s. \u00feorski, \u00fdsu, karfa og s\u00edld. Tegunda [&hellip;]<\/p>\n","protected":false},"author":1,"featured_media":28819,"parent":68,"menu_order":0,"comment_status":"closed","ping_status":"closed","template":"templates\/template-cover.php","meta":{"_acf_changed":false,"_uag_custom_page_level_css":"","site-sidebar-layout":"default","site-content-layout":"","ast-site-content-layout":"default","site-content-style":"default","site-sidebar-style":"default","ast-global-header-display":"","ast-banner-title-visibility":"","ast-main-header-display":"","ast-hfb-above-header-display":"","ast-hfb-below-header-display":"","ast-hfb-mobile-header-display":"","site-post-title":"","ast-breadcrumbs-content":"","ast-featured-img":"","footer-sml-layout":"","ast-disable-related-posts":"","theme-transparent-header-meta":"","adv-header-id-meta":"","stick-header-meta":"","header-above-stick-meta":"","header-main-stick-meta":"","header-below-stick-meta":"","astra-migrate-meta-layouts":"default","ast-page-background-enabled":"default","ast-page-background-meta":{"desktop":{"background-color":"var(--ast-global-color-5)","background-image":"","background-repeat":"repeat","background-position":"center center","background-size":"auto","background-attachment":"scroll","background-type":"","background-media":"","overlay-type":"","overlay-color":"","overlay-opacity":"","overlay-gradient":""},"tablet":{"background-color":"","background-image":"","background-repeat":"repeat","background-position":"center center","background-size":"auto","background-attachment":"scroll","background-type":"","background-media":"","overlay-type":"","overlay-color":"","overlay-opacity":"","overlay-gradient":""},"mobile":{"background-color":"","background-image":"","background-repeat":"repeat","background-position":"center center","background-size":"auto","background-attachment":"scroll","background-type":"","background-media":"","overlay-type":"","overlay-color":"","overlay-opacity":"","overlay-gradient":""}},"ast-content-background-meta":{"desktop":{"background-color":"var(--ast-global-color-4)","background-image":"","background-repeat":"repeat","background-position":"center center","background-size":"auto","background-attachment":"scroll","background-type":"","background-media":"","overlay-type":"","overlay-color":"","overlay-opacity":"","overlay-gradient":""},"tablet":{"background-color":"var(--ast-global-color-4)","background-image":"","background-repeat":"repeat","background-position":"center center","background-size":"auto","background-attachment":"scroll","background-type":"","background-media":"","overlay-type":"","overlay-color":"","overlay-opacity":"","overlay-gradient":""},"mobile":{"background-color":"var(--ast-global-color-4)","background-image":"","background-repeat":"repeat","background-position":"center center","background-size":"auto","background-attachment":"scroll","background-type":"","background-media":"","overlay-type":"","overlay-color":"","overlay-opacity":"","overlay-gradient":""}},"footnotes":""},"class_list":["post-69","page","type-page","status-publish","has-post-thumbnail","hentry"],"acf":[],"yoast_head":"<!-- This site is optimized with the Yoast SEO plugin v27.4 - https:\/\/yoast.com\/product\/yoast-seo-wordpress\/ -->\n<title>Tegunda- og stofnagreiningar nytjategunda \u00ed hafi - Mat\u00eds<\/title>\n<meta name=\"description\" content=\"Mat\u00eds framkv\u00e6mir tegunda- og stofnagreiningar \u00e1 m\u00f6rgum nytjategundum sem finnast \u00ed \u00edslenskri l\u00f6gs\u00f6gu, s.s. \u00feorski, \u00fdsu, karfa og s\u00edld.\" \/>\n<meta name=\"robots\" content=\"index, follow, max-snippet:-1, max-image-preview:large, max-video-preview:-1\" \/>\n<link rel=\"canonical\" href=\"https:\/\/matis.is\/en\/maelingar-og-thjonusta\/erfdagreiningar\/tegunda-og-stofnagreiningar-nytjategunda-i-hafi\/\" \/>\n<meta property=\"og:locale\" content=\"en_GB\" \/>\n<meta property=\"og:type\" content=\"article\" \/>\n<meta property=\"og:title\" content=\"Tegunda- og stofnagreiningar nytjategunda \u00ed hafi - Mat\u00eds\" \/>\n<meta property=\"og:description\" content=\"Mat\u00eds framkv\u00e6mir tegunda- og stofnagreiningar \u00e1 m\u00f6rgum nytjategundum sem finnast \u00ed \u00edslenskri l\u00f6gs\u00f6gu, s.s. \u00feorski, \u00fdsu, karfa og s\u00edld.\" \/>\n<meta property=\"og:url\" content=\"https:\/\/matis.is\/en\/maelingar-og-thjonusta\/erfdagreiningar\/tegunda-og-stofnagreiningar-nytjategunda-i-hafi\/\" \/>\n<meta property=\"og:site_name\" content=\"Mat\u00eds\" \/>\n<meta property=\"article:publisher\" content=\"https:\/\/www.facebook.com\/matisiceland\" \/>\n<meta property=\"article:modified_time\" content=\"2025-10-23T14:17:39+00:00\" \/>\n<meta property=\"og:image\" content=\"https:\/\/matis.is\/wp-content\/uploads\/2020\/10\/Geothermal_area_Shutterstock_Steinarba_1500x630_web-1500x630-1.jpg\" \/>\n\t<meta property=\"og:image:width\" content=\"1500\" \/>\n\t<meta property=\"og:image:height\" content=\"630\" \/>\n\t<meta property=\"og:image:type\" content=\"image\/jpeg\" \/>\n<meta name=\"twitter:card\" content=\"summary_large_image\" \/>\n<meta name=\"twitter:site\" content=\"@matisiceland\" \/>\n<meta name=\"twitter:label1\" content=\"Estimated reading time\" \/>\n\t<meta name=\"twitter:data1\" content=\"1 minute\" \/>\n<script type=\"application\/ld+json\" class=\"yoast-schema-graph\">{\"@context\":\"https:\\\/\\\/schema.org\",\"@graph\":[{\"@type\":\"WebPage\",\"@id\":\"https:\\\/\\\/matis.is\\\/maelingar-og-thjonusta\\\/erfdagreiningar\\\/tegunda-og-stofnagreiningar-nytjategunda-i-hafi\\\/\",\"url\":\"https:\\\/\\\/matis.is\\\/maelingar-og-thjonusta\\\/erfdagreiningar\\\/tegunda-og-stofnagreiningar-nytjategunda-i-hafi\\\/\",\"name\":\"Tegunda- og stofnagreiningar nytjategunda \u00ed hafi - Mat\u00eds\",\"isPartOf\":{\"@id\":\"https:\\\/\\\/matis.is\\\/#website\"},\"primaryImageOfPage\":{\"@id\":\"https:\\\/\\\/matis.is\\\/maelingar-og-thjonusta\\\/erfdagreiningar\\\/tegunda-og-stofnagreiningar-nytjategunda-i-hafi\\\/#primaryimage\"},\"image\":{\"@id\":\"https:\\\/\\\/matis.is\\\/maelingar-og-thjonusta\\\/erfdagreiningar\\\/tegunda-og-stofnagreiningar-nytjategunda-i-hafi\\\/#primaryimage\"},\"thumbnailUrl\":\"https:\\\/\\\/matis.is\\\/wp-content\\\/uploads\\\/2020\\\/10\\\/Geothermal_area_Shutterstock_Steinarba_1500x630_web-1500x630-1.jpg\",\"datePublished\":\"2020-10-26T09:29:18+00:00\",\"dateModified\":\"2025-10-23T14:17:39+00:00\",\"description\":\"Mat\u00eds framkv\u00e6mir tegunda- og stofnagreiningar \u00e1 m\u00f6rgum nytjategundum sem finnast \u00ed \u00edslenskri l\u00f6gs\u00f6gu, s.s. \u00feorski, \u00fdsu, karfa og s\u00edld.\",\"breadcrumb\":{\"@id\":\"https:\\\/\\\/matis.is\\\/maelingar-og-thjonusta\\\/erfdagreiningar\\\/tegunda-og-stofnagreiningar-nytjategunda-i-hafi\\\/#breadcrumb\"},\"inLanguage\":\"en-GB\",\"potentialAction\":[{\"@type\":\"ReadAction\",\"target\":[\"https:\\\/\\\/matis.is\\\/maelingar-og-thjonusta\\\/erfdagreiningar\\\/tegunda-og-stofnagreiningar-nytjategunda-i-hafi\\\/\"]}]},{\"@type\":\"ImageObject\",\"inLanguage\":\"en-GB\",\"@id\":\"https:\\\/\\\/matis.is\\\/maelingar-og-thjonusta\\\/erfdagreiningar\\\/tegunda-og-stofnagreiningar-nytjategunda-i-hafi\\\/#primaryimage\",\"url\":\"https:\\\/\\\/matis.is\\\/wp-content\\\/uploads\\\/2020\\\/10\\\/Geothermal_area_Shutterstock_Steinarba_1500x630_web-1500x630-1.jpg\",\"contentUrl\":\"https:\\\/\\\/matis.is\\\/wp-content\\\/uploads\\\/2020\\\/10\\\/Geothermal_area_Shutterstock_Steinarba_1500x630_web-1500x630-1.jpg\",\"width\":1500,\"height\":630},{\"@type\":\"BreadcrumbList\",\"@id\":\"https:\\\/\\\/matis.is\\\/maelingar-og-thjonusta\\\/erfdagreiningar\\\/tegunda-og-stofnagreiningar-nytjategunda-i-hafi\\\/#breadcrumb\",\"itemListElement\":[{\"@type\":\"ListItem\",\"position\":1,\"name\":\"Home\",\"item\":\"https:\\\/\\\/matis.is\\\/\"},{\"@type\":\"ListItem\",\"position\":2,\"name\":\"M\u00e6lingar og \u00fej\u00f3nusta\",\"item\":\"https:\\\/\\\/matis.is\\\/maelingar-og-thjonusta\\\/\"},{\"@type\":\"ListItem\",\"position\":3,\"name\":\"Erf\u00f0agreiningar\",\"item\":\"https:\\\/\\\/matis.is\\\/maelingar-og-thjonusta\\\/erfdagreiningar\\\/\"},{\"@type\":\"ListItem\",\"position\":4,\"name\":\"Tegunda- og stofnagreiningar nytjategunda \u00ed hafi\"}]},{\"@type\":\"WebSite\",\"@id\":\"https:\\\/\\\/matis.is\\\/#website\",\"url\":\"https:\\\/\\\/matis.is\\\/\",\"name\":\"Mat\u00eds\",\"description\":\"Ver\u00f0m\u00e6task\u00f6pun, matv\u00e6la\u00f6ryggi og l\u00fd\u00f0heilsa\",\"publisher\":{\"@id\":\"https:\\\/\\\/matis.is\\\/#organization\"},\"potentialAction\":[{\"@type\":\"SearchAction\",\"target\":{\"@type\":\"EntryPoint\",\"urlTemplate\":\"https:\\\/\\\/matis.is\\\/?s={search_term_string}\"},\"query-input\":{\"@type\":\"PropertyValueSpecification\",\"valueRequired\":true,\"valueName\":\"search_term_string\"}}],\"inLanguage\":\"en-GB\"},{\"@type\":\"Organization\",\"@id\":\"https:\\\/\\\/matis.is\\\/#organization\",\"name\":\"Mat\u00eds ohf.\",\"url\":\"https:\\\/\\\/matis.is\\\/\",\"logo\":{\"@type\":\"ImageObject\",\"inLanguage\":\"en-GB\",\"@id\":\"https:\\\/\\\/matis.is\\\/#\\\/schema\\\/logo\\\/image\\\/\",\"url\":\"https:\\\/\\\/matis.is\\\/wp-content\\\/uploads\\\/2021\\\/02\\\/matis_logo_blatthvitt.png\",\"contentUrl\":\"https:\\\/\\\/matis.is\\\/wp-content\\\/uploads\\\/2021\\\/02\\\/matis_logo_blatthvitt.png\",\"width\":1507,\"height\":1507,\"caption\":\"Mat\u00eds ohf.\"},\"image\":{\"@id\":\"https:\\\/\\\/matis.is\\\/#\\\/schema\\\/logo\\\/image\\\/\"},\"sameAs\":[\"https:\\\/\\\/www.facebook.com\\\/matisiceland\",\"https:\\\/\\\/x.com\\\/matisiceland\",\"https:\\\/\\\/www.instagram.com\\\/matisiceland\\\/\",\"https:\\\/\\\/www.linkedin.com\\\/matisiceland\\\/\",\"https:\\\/\\\/www.youtube.com\\\/channel\\\/UCY-frt3uTqgVZW-DLjoo5bA\"]}]}<\/script>\n<!-- \/ Yoast SEO plugin. -->","yoast_head_json":{"title":"Species and population analysis of marine species - Mat\u00eds","description":"Mat\u00eds performs species and stock analyzes on many commercial species found in Icelandic jurisdiction, such as cod, haddock, redfish and herring.","robots":{"index":"index","follow":"follow","max-snippet":"max-snippet:-1","max-image-preview":"max-image-preview:large","max-video-preview":"max-video-preview:-1"},"canonical":"https:\/\/matis.is\/en\/maelingar-og-thjonusta\/erfdagreiningar\/tegunda-og-stofnagreiningar-nytjategunda-i-hafi\/","og_locale":"en_GB","og_type":"article","og_title":"Tegunda- og stofnagreiningar nytjategunda \u00ed hafi - Mat\u00eds","og_description":"Mat\u00eds framkv\u00e6mir tegunda- og stofnagreiningar \u00e1 m\u00f6rgum nytjategundum sem finnast \u00ed \u00edslenskri l\u00f6gs\u00f6gu, s.s. \u00feorski, \u00fdsu, karfa og s\u00edld.","og_url":"https:\/\/matis.is\/en\/maelingar-og-thjonusta\/erfdagreiningar\/tegunda-og-stofnagreiningar-nytjategunda-i-hafi\/","og_site_name":"Mat\u00eds","article_publisher":"https:\/\/www.facebook.com\/matisiceland","article_modified_time":"2025-10-23T14:17:39+00:00","og_image":[{"width":1500,"height":630,"url":"https:\/\/matis.is\/wp-content\/uploads\/2020\/10\/Geothermal_area_Shutterstock_Steinarba_1500x630_web-1500x630-1.jpg","type":"image\/jpeg"}],"twitter_card":"summary_large_image","twitter_site":"@matisiceland","twitter_misc":{"Estimated reading time":"1 minute"},"schema":{"@context":"https:\/\/schema.org","@graph":[{"@type":"WebPage","@id":"https:\/\/matis.is\/maelingar-og-thjonusta\/erfdagreiningar\/tegunda-og-stofnagreiningar-nytjategunda-i-hafi\/","url":"https:\/\/matis.is\/maelingar-og-thjonusta\/erfdagreiningar\/tegunda-og-stofnagreiningar-nytjategunda-i-hafi\/","name":"Species and population analysis of marine species - Mat\u00eds","isPartOf":{"@id":"https:\/\/matis.is\/#website"},"primaryImageOfPage":{"@id":"https:\/\/matis.is\/maelingar-og-thjonusta\/erfdagreiningar\/tegunda-og-stofnagreiningar-nytjategunda-i-hafi\/#primaryimage"},"image":{"@id":"https:\/\/matis.is\/maelingar-og-thjonusta\/erfdagreiningar\/tegunda-og-stofnagreiningar-nytjategunda-i-hafi\/#primaryimage"},"thumbnailUrl":"https:\/\/matis.is\/wp-content\/uploads\/2020\/10\/Geothermal_area_Shutterstock_Steinarba_1500x630_web-1500x630-1.jpg","datePublished":"2020-10-26T09:29:18+00:00","dateModified":"2025-10-23T14:17:39+00:00","description":"Mat\u00eds performs species and stock analyzes on many commercial species found in Icelandic jurisdiction, such as cod, haddock, redfish and herring.","breadcrumb":{"@id":"https:\/\/matis.is\/maelingar-og-thjonusta\/erfdagreiningar\/tegunda-og-stofnagreiningar-nytjategunda-i-hafi\/#breadcrumb"},"inLanguage":"en-GB","potentialAction":[{"@type":"ReadAction","target":["https:\/\/matis.is\/maelingar-og-thjonusta\/erfdagreiningar\/tegunda-og-stofnagreiningar-nytjategunda-i-hafi\/"]}]},{"@type":"ImageObject","inLanguage":"en-GB","@id":"https:\/\/matis.is\/maelingar-og-thjonusta\/erfdagreiningar\/tegunda-og-stofnagreiningar-nytjategunda-i-hafi\/#primaryimage","url":"https:\/\/matis.is\/wp-content\/uploads\/2020\/10\/Geothermal_area_Shutterstock_Steinarba_1500x630_web-1500x630-1.jpg","contentUrl":"https:\/\/matis.is\/wp-content\/uploads\/2020\/10\/Geothermal_area_Shutterstock_Steinarba_1500x630_web-1500x630-1.jpg","width":1500,"height":630},{"@type":"BreadcrumbList","@id":"https:\/\/matis.is\/maelingar-og-thjonusta\/erfdagreiningar\/tegunda-og-stofnagreiningar-nytjategunda-i-hafi\/#breadcrumb","itemListElement":[{"@type":"ListItem","position":1,"name":"Home","item":"https:\/\/matis.is\/"},{"@type":"ListItem","position":2,"name":"M\u00e6lingar og \u00fej\u00f3nusta","item":"https:\/\/matis.is\/maelingar-og-thjonusta\/"},{"@type":"ListItem","position":3,"name":"Erf\u00f0agreiningar","item":"https:\/\/matis.is\/maelingar-og-thjonusta\/erfdagreiningar\/"},{"@type":"ListItem","position":4,"name":"Tegunda- og stofnagreiningar nytjategunda \u00ed hafi"}]},{"@type":"WebSite","@id":"https:\/\/matis.is\/#website","url":"https:\/\/matis.is\/","name":"Mat\u00eds","description":"Value creation, food security and public health","publisher":{"@id":"https:\/\/matis.is\/#organization"},"potentialAction":[{"@type":"SearchAction","target":{"@type":"EntryPoint","urlTemplate":"https:\/\/matis.is\/?s={search_term_string}"},"query-input":{"@type":"PropertyValueSpecification","valueRequired":true,"valueName":"search_term_string"}}],"inLanguage":"en-GB"},{"@type":"Organization","@id":"https:\/\/matis.is\/#organization","name":"Mat\u00eds ohf.","url":"https:\/\/matis.is\/","logo":{"@type":"ImageObject","inLanguage":"en-GB","@id":"https:\/\/matis.is\/#\/schema\/logo\/image\/","url":"https:\/\/matis.is\/wp-content\/uploads\/2021\/02\/matis_logo_blatthvitt.png","contentUrl":"https:\/\/matis.is\/wp-content\/uploads\/2021\/02\/matis_logo_blatthvitt.png","width":1507,"height":1507,"caption":"Mat\u00eds ohf."},"image":{"@id":"https:\/\/matis.is\/#\/schema\/logo\/image\/"},"sameAs":["https:\/\/www.facebook.com\/matisiceland","https:\/\/x.com\/matisiceland","https:\/\/www.instagram.com\/matisiceland\/","https:\/\/www.linkedin.com\/matisiceland\/","https:\/\/www.youtube.com\/channel\/UCY-frt3uTqgVZW-DLjoo5bA"]}]}},"spectra_custom_meta":{"_customize_changeset_uuid":["6cfc4c10-d7f5-4c84-9f90-62feeade52e3"],"_edit_lock":["1761229059:7"],"_edit_last":["7"],"tengilidur":["28142"],"_tengilidur":["field_5ef905e0538b2"],"_thumbnail_id":["28819"],"_wp_page_template":["templates\/template-cover.php"],"valmynd_a_undirsidu":["1"],"_valmynd_a_undirsidu":["field_5f9970348837c"],"undirvalmynd_a_parentsidu":["0"],"_undirvalmynd_a_parentsidu":["field_5f9addfe68a79"],"_yoast_wpseo_content_score":["60"],"_yoast_wpseo_estimated-reading-time-minutes":["1"],"_yoast_wpseo_metadesc":["Mat\u00eds framkv\u00e6mir tegunda- og stofnagreiningar \u00e1 m\u00f6rgum nytjategundum sem finnast \u00ed \u00edslenskri l\u00f6gs\u00f6gu, s.s. \u00feorski, \u00fdsu, karfa og s\u00edld."],"footnotes":[""],"cmplz_hide_cookiebanner":[""],"_uag_css_file_name":["uag-css-69.css"],"_uag_page_assets":["a:9:{s:3:\"css\";s:263:\".uag-blocks-common-selector{z-index:var(--z-index-desktop) !important}@media (max-width: 976px){.uag-blocks-common-selector{z-index:var(--z-index-tablet) !important}}@media (max-width: 767px){.uag-blocks-common-selector{z-index:var(--z-index-mobile) !important}}\n\";s:2:\"js\";s:0:\"\";s:18:\"current_block_list\";a:6:{i:0;s:14:\"core\/paragraph\";i:1;s:12:\"core\/buttons\";i:2;s:11:\"core\/button\";i:3;s:12:\"core\/heading\";i:4;s:12:\"core\/columns\";i:5;s:11:\"core\/column\";}s:8:\"uag_flag\";b:0;s:11:\"uag_version\";s:10:\"1776701466\";s:6:\"gfonts\";a:0:{}s:10:\"gfonts_url\";s:0:\"\";s:12:\"gfonts_files\";a:0:{}s:14:\"uag_faq_layout\";b:0;}"]},"uagb_featured_image_src":{"full":["https:\/\/matis.is\/wp-content\/uploads\/2020\/10\/Geothermal_area_Shutterstock_Steinarba_1500x630_web-1500x630-1.jpg",1500,630,false],"thumbnail":["https:\/\/matis.is\/wp-content\/uploads\/2020\/10\/Geothermal_area_Shutterstock_Steinarba_1500x630_web-1500x630-1-150x150.jpg",150,150,true],"medium":["https:\/\/matis.is\/wp-content\/uploads\/2020\/10\/Geothermal_area_Shutterstock_Steinarba_1500x630_web-1500x630-1-300x126.jpg",300,126,true],"medium_large":["https:\/\/matis.is\/wp-content\/uploads\/2020\/10\/Geothermal_area_Shutterstock_Steinarba_1500x630_web-1500x630-1-768x323.jpg",768,323,true],"large":["https:\/\/matis.is\/wp-content\/uploads\/2020\/10\/Geothermal_area_Shutterstock_Steinarba_1500x630_web-1500x630-1-1024x430.jpg",1024,430,true],"1536x1536":["https:\/\/matis.is\/wp-content\/uploads\/2020\/10\/Geothermal_area_Shutterstock_Steinarba_1500x630_web-1500x630-1.jpg",1500,630,false],"2048x2048":["https:\/\/matis.is\/wp-content\/uploads\/2020\/10\/Geothermal_area_Shutterstock_Steinarba_1500x630_web-1500x630-1.jpg",1500,630,false],"trp-custom-language-flag":["https:\/\/matis.is\/wp-content\/uploads\/2020\/10\/Geothermal_area_Shutterstock_Steinarba_1500x630_web-1500x630-1.jpg",18,8,false]},"uagb_author_info":{"display_name":"admin","author_link":"https:\/\/matis.is\/en\/author\/thormodurmatis-is\/"},"uagb_comment_info":0,"uagb_excerpt":"Mat\u00eds framkv\u00e6mir tegunda- og stofnagreiningar \u00e1 m\u00f6rgum nytjategundum sem finnast \u00ed \u00edslenskri l\u00f6gs\u00f6gu, s.s. \u00feorski, \u00fdsu, karfa og s\u00edld. Tegunda [&hellip;]","_links":{"self":[{"href":"https:\/\/matis.is\/en\/wp-json\/wp\/v2\/pages\/69","targetHints":{"allow":["GET"]}}],"collection":[{"href":"https:\/\/matis.is\/en\/wp-json\/wp\/v2\/pages"}],"about":[{"href":"https:\/\/matis.is\/en\/wp-json\/wp\/v2\/types\/page"}],"author":[{"embeddable":true,"href":"https:\/\/matis.is\/en\/wp-json\/wp\/v2\/users\/1"}],"replies":[{"embeddable":true,"href":"https:\/\/matis.is\/en\/wp-json\/wp\/v2\/comments?post=69"}],"version-history":[{"count":2,"href":"https:\/\/matis.is\/en\/wp-json\/wp\/v2\/pages\/69\/revisions"}],"predecessor-version":[{"id":54633,"href":"https:\/\/matis.is\/en\/wp-json\/wp\/v2\/pages\/69\/revisions\/54633"}],"up":[{"embeddable":true,"href":"https:\/\/matis.is\/en\/wp-json\/wp\/v2\/pages\/68"}],"wp:featuredmedia":[{"embeddable":true,"href":"https:\/\/matis.is\/en\/wp-json\/wp\/v2\/media\/28819"}],"wp:attachment":[{"href":"https:\/\/matis.is\/en\/wp-json\/wp\/v2\/media?parent=69"}],"curies":[{"name":"wp","href":"https:\/\/api.w.org\/{rel}","templated":true}]}}